{"id":1558,"date":"2017-07-10T10:38:01","date_gmt":"2017-07-10T10:38:01","guid":{"rendered":"http:\/\/moverdb.com\/?page_id=1558"},"modified":"2026-01-08T15:20:30","modified_gmt":"2026-01-08T15:20:30","slug":"packimpex","status":"publish","type":"page","link":"https:\/\/moverdb.com\/it\/packimpex\/","title":{"rendered":"Packimpex - Trasferimento e trasloco internazionale Recensioni"},"content":{"rendered":"<p>Packimpex \u00e8 un'azienda di trasferimento e <a href=\"https:\/\/moverdb.com\/it\/international-removals\/\" data-internallinksmanager029f6b8e52c=\"27\" title=\"36 Migliori aziende di traslochi internazionali del Regno Unito\">societ\u00e0 di traslochi<\/a> con sede in <a href=\"https:\/\/moverdb.com\/it\/moving-to-bern\/\" data-internallinksmanager029f6b8e52c=\"262\" title=\"Trasferirsi a Berna? 2026 Costi della vita e consigli per il trasferimento\">Berna<\/a>, <a href=\"https:\/\/moverdb.com\/it\/moving-to-switzerland\/\" data-internallinksmanager029f6b8e52c=\"327\" title=\"Trasferirsi in Svizzera? 2026 Costi di vita e consigli per il trasferimento\">Svizzera<\/a>. Offre ai suoi clienti una gamma di servizi che sono elencati di seguito, insieme a un profilo aziendale e a recensioni.<\/p>\n<p><strong>Spostamenti internazionali<\/strong><\/p>\n<ul>\n<li> Responsabile del trasloco dedicato<\/li>\n<li> Servizio di imballaggio completo, parziale o fai da te<\/li>\n<li> Imballatori multilingue<\/li>\n<li> Imballaggi riutilizzabili e riciclabili dove possibile<\/li>\n<li> Trasporto aereo, stradale o marittimo<\/li>\n<li> Trasferimento di animali domestici<\/li>\n<li> <a href=\"https:\/\/moverdb.com\/it\/auto-trasporto-spedizione\/\">Auto<\/a><\/li>\n<li> Stoccaggio a lungo e breve termine<\/li>\n<li> Assistenza per lo sdoganamento e la documentazione<\/li>\n<li> Servizio di disimballaggio completo disponibile<\/li>\n<li> Assicurazione organizzata<\/li>\n<\/ul>\n<p><strong>Servizi di destinazione - Svizzera<\/strong><\/p>\n<ul>\n<li> Consulenza<\/li>\n<li> Servizi di immigrazione<\/li>\n<li> Giro di orientamento<\/li>\n<li> Servizio di arrivo<\/li>\n<li> Alloggio temporaneo organizzato<\/li>\n<li> Ricerca della casa<\/li>\n<li> Educazione e assistenza all'infanzia<\/li>\n<li> Servizi di ambientamento<\/li>\n<li> Programma di sostegno all'integrazione<\/li>\n<li> Auto - importare o comprare<\/li>\n<li> Spostamenti di gruppo<\/li>\n<li> Servizi di partenza<\/li>\n<\/ul>\n<p><strong>Servizi abitativi aziendali<\/strong><\/p>\n<ul>\n<li> Gestione delle prenotazioni<\/li>\n<li> Gestione degli appartamenti<\/li>\n<li> Gestione delle spese<\/li>\n<li> Sostegno al cambiamento dell'inquilino<\/li>\n<li> Pooling di appartamenti aziendali<\/li>\n<li> Noleggio di mobili<\/li>\n<li> Gestione dei mobili<\/li>\n<li> Appartamenti ammobiliati da Packimpex<\/li>\n<\/ul>\n<p><strong>Spostamenti locali<\/strong><\/p>\n<ul>\n<li> Porta a porta<\/li>\n<li> Servizio completo di trasloco<\/li>\n<li> Spostamento di servizio limitato<\/li>\n<li> Stoccaggio a lungo e breve termine<\/li>\n<li> Servizio di disimballaggio disponibile<\/li>\n<li> Assicurazione fornita<\/li>\n<li> Rimozione dei detriti<\/li>\n<\/ul>\n<h2>Profilo aziendale di Packimpex<\/h2>\n<p>Packimpex ha iniziato a concentrarsi sui traslochi internazionali nel 1977 e oggi \u00e8 il precursore nel settore dei traslochi internazionali e della delocalizzazione in Svizzera. L'azienda dispone di dieci uffici in diverse localit\u00e0 della Svizzera e di uno a <a href=\"https:\/\/moverdb.com\/it\/moving-to-germany\/\" data-internallinksmanager029f6b8e52c=\"321\" title=\"Trasferirsi in Germania? 2026 Costi di vita e consigli per il trasferimento\">Germania<\/a>. Packimpex impiega oltre 300 dipendenti, tutti esperti nel proprio settore. L'azienda dispone di una propria accademia di formazione per essere sempre al passo con le ultime innovazioni nel settore dei traslochi.<\/p>\n<p>Oltre 60% delle 100 maggiori aziende svizzere utilizzano Packimpex per i loro traslochi locali e di personale. Packimpex fa parte della rete UniGroup Relocation Network, che le d\u00e0 accesso a traslocatori in 63 paesi e 1200 localit\u00e0. L'azienda possiede anche 40 appartamenti ammobiliati nelle principali citt\u00e0 della Svizzera che vengono affittati alle aziende e al loro personale all'estero.<\/p>\n<p>Packimpex \u00e8 orgogliosa del suo modello di business ecologico e ricicla i suoi imballaggi dove possibile. Ha vari progetti di compensazione del carbonio in corso in ogni momento per ridurre l'impronta di carbonio dell'azienda.<\/p>\n<p>Packimpex ha i seguenti accreditamenti e affiliazioni:<\/p>\n<ul>\n<li> <a href=\"https:\/\/moverdb.com\/it\/fidi-faim\/\">FIDI<\/a><\/li>\n<li> <a href=\"https:\/\/moverdb.com\/it\/fidi-faim\/\" data-internallinksmanager029f6b8e52c=\"16\" title=\"FIDI e FAIM (FIDI Accredited International Mover) spiegati\">FAIM<\/a>-ISO<\/li>\n<li> Rete di trasferimento UniGroup<\/li>\n<li> OMNI<\/li>\n<li> <a href=\"https:\/\/moverdb.com\/it\/employee-relocation-council\/\">Consiglio per la ricollocazione del lavoro<\/a> (<a href=\"https:\/\/moverdb.com\/it\/employee-relocation-council\/\" data-internallinksmanager029f6b8e52c=\"83\" title=\"Spiegazione del Worldwide Employee Relocation Council (ERC)\">ERC<\/a>)<\/li>\n<li> <a href=\"https:\/\/moverdb.com\/it\/eura\/\">Associazione europea per la ricollocazione<\/a> (<a href=\"https:\/\/moverdb.com\/it\/eura\/\" data-internallinksmanager029f6b8e52c=\"13\" title=\"L&#039;Associazione europea per la ricollocazione (EuRA) spiegata\">EURA<\/a>)<\/li>\n<li> ISO 9001<\/li>\n<li> ISO 14001<\/li>\n<li> ISO 27001<\/li>\n<\/ul>\n<h2>Recensioni di Packimpex<\/h2>\n<p><strong>Positivo:<\/strong><\/p>\n<p><em>\"Questi ragazzi sono stati fantastici. Non ho idea del <a href=\"https:\/\/moverdb.com\/it\/costi-di-trasloco\/\" target=\"_blank\" rel=\"noopener\">costo<\/a> perch\u00e9 l'azienda si \u00e8 occupata di questo, ma la cura che hanno avuto nell'impacchettare la mia casa in <a href=\"https:\/\/moverdb.com\/it\/moving-to-london\/\" target=\"_blank\" rel=\"noopener\">Londra<\/a> e la cura con cui hanno rimontato tutto da questa parte \u00e8 stata grande\".<\/em> - tramite <a href=\"https:\/\/www.englishforum.ch\/housing-general\/131431-packimpex-review.html\" target=\"_blank\" rel=\"noopener\">Forum inglese Svizzera<\/a><\/p>\n<p><strong>Negativo: <\/strong><\/p>\n<p><em>\"Gestione estremamente povera degli accordi di partenza\"<\/em> - Anu via <a href=\"https:\/\/www.facebook.com\/pg\/packimpex\/reviews\/?ref=page_internal\" target=\"_blank\" rel=\"noopener\">Facebook<\/a><\/p>\n<div itemprop=\"review\" itemscope itemtype=\"http:\/\/schema.org\/Review\">\n<span itemprop=\"author\" itemscope=\"\" itemtype=\"http:\/\/schema.org\/Organization\"><span itemprop=\"name\">MoverDB.com<\/span><\/span> Recensione del sito web online per <span itemprop=\"itemreviewed\" itemscope=\"\" itemtype=\"http:\/\/schema.org\/Brand\"><span itemprop=\"name\">Packimpex<\/span><\/span>:<\/p>\n<ol>\n<li> Dettagli di contatto chiari sul sito web (compreso il numero di telefono): <strong>S\u00ec<\/strong><\/li>\n<li> Facile da ottenere <a href=\"https:\/\/moverdb.com\/it\/citazioni\/\">preventivi di trasloco internazionale<\/a>? (Modulo di richiesta di preventivo online): <strong>S\u00ec<\/strong><\/li>\n<li> Informazioni chiare sul sito web: <strong>S\u00ec,<\/strong> Il sito web espone chiaramente tutti i servizi che offrono.<\/li>\n<li> Appartenenza a organizzazioni internazionali riconosciute per il movimento: <strong>S\u00ec<\/strong>, (vedi sopra)<\/li>\n<li> Elenco di clienti e\/o testimonianze di clienti precedenti. <strong>No,<\/strong> ma la maggior parte delle recensioni online per l'azienda sembrano essere positive.<\/li>\n<\/ol>\n<div itemprop=\"reviewRating\" itemscope itemtype=\"http:\/\/schema.org\/Rating\"><meta itemprop=\"worstRating\" content = \"0\" \/><meta itemprop=\"bestRating\" content=\"5\" \/><meta itemprop=\"ratingValue\" content=\"4.5\"><\/div>\n<p><strong>Punteggio complessivo: 4,5\/5<\/strong><br \/>\n<strong>Data di revisione:<\/strong> <span itemprop=\"datePublished\" content=\"2017-07-10\">10\/07\/2017<\/span>\n<\/div>\n<p>Per saperne di pi\u00f9 <a href=\"https:\/\/moverdb.com\/it\/aziende-di-traslochi\/\">societ\u00e0 di traslochi internazionali<\/a> e il nostro <a href=\"https:\/\/moverdb.com\/it\/recensioni\/\">processo di revisione spiegato<\/a>.<\/p>\n<p><strong>Sito web:<\/strong> <a href=\"http:\/\/www.packimpex.ch\/\" target=\"_blank\" rel=\"noopener\">http:\/\/www.packimpex.ch\/<\/a><\/p>","protected":false},"excerpt":{"rendered":"<p>Packimpex is a relocation and removal company based in Bern, Switzerland. It offers its clients a range of services which are listed below, together with a company profile and reviews. International Moves Dedicated move manager Full packing service, partial packing or DIY packing Multilingual packers Reusable and recyclable packing where possible Air, road or sea [&hellip;]<\/p>\n","protected":false},"author":1,"featured_media":0,"parent":0,"menu_order":0,"comment_status":"closed","ping_status":"closed","template":"","meta":{"_genesis_hide_title":false,"_genesis_hide_breadcrumbs":false,"_genesis_hide_singular_image":false,"_genesis_hide_footer_widgets":false,"_genesis_custom_body_class":"","_genesis_custom_post_class":"","_genesis_layout":"","footnotes":""},"class_list":{"0":"post-1558","1":"page","2":"type-page","3":"status-publish","5":"entry"},"_links":{"self":[{"href":"https:\/\/moverdb.com\/it\/wp-json\/wp\/v2\/pages\/1558","targetHints":{"allow":["GET"]}}],"collection":[{"href":"https:\/\/moverdb.com\/it\/wp-json\/wp\/v2\/pages"}],"about":[{"href":"https:\/\/moverdb.com\/it\/wp-json\/wp\/v2\/types\/page"}],"author":[{"embeddable":true,"href":"https:\/\/moverdb.com\/it\/wp-json\/wp\/v2\/users\/1"}],"replies":[{"embeddable":true,"href":"https:\/\/moverdb.com\/it\/wp-json\/wp\/v2\/comments?post=1558"}],"version-history":[{"count":4,"href":"https:\/\/moverdb.com\/it\/wp-json\/wp\/v2\/pages\/1558\/revisions"}],"predecessor-version":[{"id":6228,"href":"https:\/\/moverdb.com\/it\/wp-json\/wp\/v2\/pages\/1558\/revisions\/6228"}],"wp:attachment":[{"href":"https:\/\/moverdb.com\/it\/wp-json\/wp\/v2\/media?parent=1558"}],"curies":[{"name":"wp","href":"https:\/\/api.w.org\/{rel}","templated":true}]}}