{"id":1548,"date":"2017-02-01T15:00:53","date_gmt":"2017-02-01T15:00:53","guid":{"rendered":"http:\/\/moverdb.com\/?page_id=1548"},"modified":"2026-01-08T15:20:43","modified_gmt":"2026-01-08T15:20:43","slug":"sirva","status":"publish","type":"page","link":"https:\/\/moverdb.com\/it\/sirva\/","title":{"rendered":"SIRVA - Trasloco internazionale Recensioni"},"content":{"rendered":"<p>SIRVA \u00e8 un'azienda di traslochi globale con sede centrale a <a href=\"https:\/\/moverdb.com\/it\/moving-to-the-united-states\/moving-to-illinois\/\" data-internallinksmanager029f6b8e52c=\"401\" title=\"Trasferirsi in Illinois? 2026 Costi della vita e consigli per il trasferimento\">Illinois<\/a>. Offre ai suoi clienti aziendali e individuali una variet\u00e0 di servizi di trasloco. Questi sono elencati di seguito insieme a un profilo aziendale e alle recensioni.<\/p>\n<p><strong>Trasloco internazionale<\/strong><\/p>\n<ul>\n<li> Rete mondiale di risorse in movimento<\/li>\n<li> Segua la sua spedizione 24\/7<\/li>\n<li> Sondaggio della casa per accertare i requisiti di imballaggio ecc.<\/li>\n<li> Assicurazione organizzata<\/li>\n<li> Il coordinatore personale assister\u00e0 con la documentazione richiesta<\/li>\n<li> Imballaggio e carico<\/li>\n<li> Sdoganamento<\/li>\n<li> Consegna e disimballaggio<\/li>\n<li> I capi dell'equipaggio che parlano inglese saranno disponibili per assisterti alla consegna<\/li>\n<li> Tutti gli articoli saranno accuratamente scaricati e controllati con la vostra lista d'inventario e saranno collocati nelle stanze corrette<\/li>\n<li> Articoli fragili, come vetro e <a href=\"https:\/\/moverdb.com\/it\/moving-to-china\/\" data-internallinksmanager029f6b8e52c=\"357\" title=\"Trasferirsi in Cina? 2026 Costi di vita e consigli per il trasferimento\">Cina<\/a>, saranno disimballati su superfici piane<\/li>\n<li> Tutti i materiali di imballaggio e i detriti saranno rapidamente rimossi dalla vostra casa<\/li>\n<\/ul>\n<p><strong>Servizi di trasferimento aziendale<\/strong><\/p>\n<ul>\n<li> Servizi di ambientamento<\/li>\n<li> Visti e permessi di lavoro<\/li>\n<li> Ricerca di scuole e case<\/li>\n<li> Informazioni culturali<\/li>\n<li> Assistenza al partner\/coniuge<\/li>\n<li> Imballaggio specializzato<\/li>\n<\/ul>\n<p><strong>Servizi di trasloco<\/strong><\/p>\n<ul>\n<li> Spostamento della casa<\/li>\n<li> Mossa aziendale<\/li>\n<li> Spostamento locale<\/li>\n<li> Spostamento interstatale<\/li>\n<li> Spostamento internazionale<\/li>\n<li> Piano di trasloco personale<\/li>\n<\/ul>\n<h2>Profilo dell'azienda SIRVA<\/h2>\n<p>Sirva Inc \u00e8 stata costituita nel 1997 ed \u00e8 un'azienda che fornisce servizi di trasloco e trasferimento ad aziende e privati. Opera in pi\u00f9 di 170 paesi in oltre 1.400 citt\u00e0 e i suoi marchi nordamericani includono <a href=\"https:\/\/moverdb.com\/it\/allied-van-lines\/\">Allied Van Lines<\/a> e <a href=\"https:\/\/moverdb.com\/it\/north-american-van-lines\/\">North American Van Lines<\/a>.<\/p>\n<p>Sirva esegue circa 385.000 trasferimenti all'anno in 43 paesi del mondo. Questi includono clienti aziendali e personale militare e governativo.<\/p>\n<p>Sirva ha i seguenti accreditamenti e affiliazioni:<\/p>\n<ul>\n<li> <a href=\"https:\/\/moverdb.com\/it\/sono\/\">Associazione internazionale dei traslocatori<\/a> (<a href=\"https:\/\/moverdb.com\/it\/iam\/\" data-internallinksmanager029f6b8e52c=\"23\" title=\"Spiegazione dell&#039;Associazione Internazionale dei Traslocatori (IAM)\">IAM<\/a>)<\/li>\n<\/ul>\n<h2>SIRVA Recensioni<\/h2>\n<p><strong>Positivo:<\/strong><\/p>\n<ul>\n<li> <em>\"Io e mio marito abbiamo avuto un'esperienza meravigliosa usando l'ipoteca Sirva per il nostro recente trasferimento\".<\/em> Karlee via <a href=\"https:\/\/www.reputada.com\/company\/sirva.com\" target=\"_blank\" rel=\"noopener\">Reputada<\/a>.\n<\/ul>\n<p><strong>Negativo:<\/strong><\/p>\n<ul>\n<li> <em>\"Tutti insieme, affinch\u00e9 la mia risposta non sia vista come una sorta di \"diffamazione\", cercher\u00f2 di fare del mio meglio per descrivere semplicemente ci\u00f2 che \u00e8 accaduto, cercando di usare un paio di parole entusiaste come ci si pu\u00f2 ragionevolmente aspettare\" <\/em> - Lilaora via <a href=\"https:\/\/www.trulia.com\/voices\/Home_Selling\/Has_anyone_dealt_with_a_relocation_firm_called_SIR-29232\" target=\"_blank\" rel=\"noopener\">Trulia<\/a>.\n<\/ul>\n<p>Per le marche SIRVA dovreste anche leggere <a href=\"https:\/\/moverdb.com\/it\/allied-van-lines\/\">Recensioni su Allied Van Lines<\/a> e <a href=\"https:\/\/moverdb.com\/it\/north-american-van-lines\/\">Recensioni su North American Van Lines<\/a>.<\/p>\n<div itemprop=\"review\" itemscope itemtype=\"http:\/\/schema.org\/Review\">\n<span itemprop=\"author\" itemscope=\"\" itemtype=\"http:\/\/schema.org\/Organization\"><span itemprop=\"name\">MoverDB.com<\/span><\/span> Recensione del sito web online per <span itemprop=\"itemreviewed\" itemscope=\"\" itemtype=\"http:\/\/schema.org\/Brand\"><span itemprop=\"name\">SIRVA<\/span><\/span>:<\/p>\n<ol>\n<li> Dettagli di contatto chiari sul sito web (compreso il numero di telefono): <strong>S\u00ec<\/strong><\/li>\n<li> Facile da ottenere <a href=\"https:\/\/moverdb.com\/it\/citazioni\/\">preventivi di trasloco internazionale<\/a>? (Modulo di richiesta di preventivo online): <strong>S\u00ec<\/strong><\/li>\n<li> Informazioni chiare sul sito web: <strong>S\u00ec,<\/strong> Il sito web espone chiaramente tutti i servizi che offrono.<\/li>\n<li> Appartenenza a organizzazioni internazionali riconosciute per il movimento: <strong>S\u00ec<\/strong>, (anche se solo IAM)<\/li>\n<li> Elenco di clienti e\/o testimonianze di clienti precedenti. <strong>S\u00ec,<\/strong> hanno una sezione di studi di casi sul loro sito web. Tuttavia, c'\u00e8 un numero limitato di recensioni da tutto il web e la maggior parte sono neutre o negative.<\/li>\n<\/ol>\n<div itemprop=\"reviewRating\" itemscope itemtype=\"http:\/\/schema.org\/Rating\"><meta itemprop=\"worstRating\" content = \"0\" \/><meta itemprop=\"bestRating\" content=\"5\" \/><meta itemprop=\"ratingValue\" content=\"4.5\"><\/div>\n<p><strong>Punteggio complessivo: 4,5\/5<\/strong><br \/>\n<strong>Data di revisione:<\/strong> <span itemprop=\"datePublished\" content=\"2016-02-01\">01\/02\/2017<\/span>\n<\/div>\n<p>Per saperne di pi\u00f9 <a href=\"https:\/\/moverdb.com\/it\/aziende-di-traslochi\/\">traslochi internazionali<\/a> e il nostro <a href=\"https:\/\/moverdb.com\/it\/recensioni\/\">processo di revisione<\/a>.<\/p>\n<p><strong>Sito web:<\/strong> <a href=\"https:\/\/www.sirva.com\/\" target=\"_blank\" rel=\"noopener\">https:\/\/www.sirva.com\/<\/a> <\/p>","protected":false},"excerpt":{"rendered":"<p>SIRVA is a global relocation company with its head office in Illinois. It offers its corporate and individual clients a variety of moving services. These are listed below together with a company profile and reviews. International Moving Worldwide network of moving resources Track your shipment 24\/7 House survey to ascertain packing requirements etc Insurance arranged [&hellip;]<\/p>\n","protected":false},"author":1,"featured_media":0,"parent":0,"menu_order":0,"comment_status":"closed","ping_status":"closed","template":"","meta":{"_genesis_hide_title":false,"_genesis_hide_breadcrumbs":false,"_genesis_hide_singular_image":false,"_genesis_hide_footer_widgets":false,"_genesis_custom_body_class":"","_genesis_custom_post_class":"","_genesis_layout":"","footnotes":""},"class_list":{"0":"post-1548","1":"page","2":"type-page","3":"status-publish","5":"entry"},"_links":{"self":[{"href":"https:\/\/moverdb.com\/it\/wp-json\/wp\/v2\/pages\/1548","targetHints":{"allow":["GET"]}}],"collection":[{"href":"https:\/\/moverdb.com\/it\/wp-json\/wp\/v2\/pages"}],"about":[{"href":"https:\/\/moverdb.com\/it\/wp-json\/wp\/v2\/types\/page"}],"author":[{"embeddable":true,"href":"https:\/\/moverdb.com\/it\/wp-json\/wp\/v2\/users\/1"}],"replies":[{"embeddable":true,"href":"https:\/\/moverdb.com\/it\/wp-json\/wp\/v2\/comments?post=1548"}],"version-history":[{"count":5,"href":"https:\/\/moverdb.com\/it\/wp-json\/wp\/v2\/pages\/1548\/revisions"}],"predecessor-version":[{"id":6239,"href":"https:\/\/moverdb.com\/it\/wp-json\/wp\/v2\/pages\/1548\/revisions\/6239"}],"wp:attachment":[{"href":"https:\/\/moverdb.com\/it\/wp-json\/wp\/v2\/media?parent=1548"}],"curies":[{"name":"wp","href":"https:\/\/api.w.org\/{rel}","templated":true}]}}