{"id":1542,"date":"2017-02-01T16:45:14","date_gmt":"2017-02-01T16:45:14","guid":{"rendered":"http:\/\/moverdb.com\/?page_id=1542"},"modified":"2026-01-08T15:30:38","modified_gmt":"2026-01-08T15:30:38","slug":"vip-trasporti","status":"publish","type":"page","link":"https:\/\/moverdb.com\/it\/vip-transport\/","title":{"rendered":"VIP Transport - Recensioni sul trasloco internazionale"},"content":{"rendered":"<p>La sede principale di VIP Transport \u00e8 a Corona, CA. L'azienda offre ai suoi clienti una variet\u00e0 di servizi di trasloco che sono elencati di seguito, insieme a un profilo aziendale e recensioni.<\/p>\n<p><strong>Spostamenti internazionali<\/strong><\/p>\n<p>Servizi pre-assegnazione<\/p>\n<ul>\n<li>Servizi di visto e immigrazione<\/li>\n<li>Anteprima del viaggio e orientamento della zona<\/li>\n<li>Informazioni sul paese e sulla cultura<\/li>\n<\/ul>\n<p>Servizi di trasloco<\/p>\n<ul>\n<li>Pianificazione pre-spostamento<\/li>\n<li>Trasporto di oggetti personali<\/li>\n<li>Gestire il trasloco<\/li>\n<li>Tracciamento della spedizione<\/li>\n<\/ul>\n<p>Servizi di destinazione internazionale<\/p>\n<ul>\n<li>Formazione culturale e linguistica<\/li>\n<li>Assistenza scolastica<\/li>\n<li>Sostegno del partner\/coniuge<\/li>\n<li>Inserimento nel servizio<\/li>\n<li>Assistenza alla partenza<\/li>\n<\/ul>\n<p>Servizi di protezione<\/p>\n<ul>\n<li>Moltiplicatore di peso<\/li>\n<li>Inventario di alto valore<\/li>\n<li>Inventario valutato per voci<\/li>\n<\/ul>\n<p>Assistenza abitativa<\/p>\n<ul>\n<li>Servizi di ricerca della casa<\/li>\n<li>Alloggio temporaneo<\/li>\n<li>Gestione della propriet\u00e0 e dell'affitto<\/li>\n<\/ul>\n<p><strong>Trasferimenti di casa<\/strong><\/p>\n<ul>\n<li>Traslochi locali, a lunga distanza e internazionali<\/li>\n<li>Stoccaggio e deposito a clima controllato<\/li>\n<li>Imballaggio personalizzato<\/li>\n<li>Servizi di imballaggio e disimballaggio<\/li>\n<li>Trasporto auto<\/li>\n<li>Collegamento alla rete, al PC e al teatro<\/li>\n<li>Servizi immobiliari<\/li>\n<li>Servizi in guanti bianchi<\/li>\n<\/ul>\n<p><strong>Trasferimento aziendale<\/strong><\/p>\n<ul>\n<li>Coordinatore personale<\/li>\n<li>Porta a porta<\/li>\n<li>Servizio completo di imballaggio e disimballaggio<\/li>\n<li>Stoccaggio a lungo e breve termine<\/li>\n<li>Rapporto completo e tracciamento delle spese<\/li>\n<li>Offerte di servizi a pi\u00f9 livelli<\/li>\n<li>Servizi flessibili per spese basate su indennit\u00e0<\/li>\n<li>Volantini di benvenuto personalizzati<\/li>\n<li>Monitoraggio online<\/li>\n<li>Account manager dedicato esclusivamente ai dipendenti<\/li>\n<li>Alloggio temporaneo<\/li>\n<\/ul>\n<p><strong>Servizi specializzati<\/strong><\/p>\n<ul>\n<li>Servizi di trasloco e spedizione del vino<\/li>\n<li>Imballaggio personalizzato<\/li>\n<li>Servizio in guanti bianchi<\/li>\n<li>Collezionismo di alto valore<\/li>\n<li>Trasporto di attrezzature mediche<\/li>\n<li>Elettronica e robotica<\/li>\n<li>Ospitalit\u00e0 e sanit\u00e0<\/li>\n<li>Musica e intrattenimento<\/li>\n<li>Logistica aerospaziale<\/li>\n<li>Trasferimento di atleti e squadre sportive<\/li>\n<li>Servizio alle isole Hawaii<\/li>\n<li>Laboratorio in movimento<\/li>\n<li>Belle arti e antiquariato<\/li>\n<li>Militare e GSA<\/li>\n<li>Trasferimenti universitari e accademici<\/li>\n<\/ul>\n<p><strong>Logistica<\/strong><\/p>\n<ul>\n<li>Logistica\/ LTL\/ Truckload<\/li>\n<li>Stoccaggio e distribuzione<\/li>\n<li>Capacit\u00e0 della flotta<\/li>\n<li>Servizi per le fiere<\/li>\n<li>Trasferimento commerciale<\/li>\n<li>Servizi flatbed<\/li>\n<li>Servizi di rigging<\/li>\n<li><a href=\"https:\/\/moverdb.com\/it\/container-shipping\/\" data-internallinksmanager029f6b8e52c=\"3\" title=\"Grafico delle tariffe di trasporto internazionale dei container: Aprile 2026\">Spedizione internazionale<\/a><\/li>\n<\/ul>\n<p><strong>Stoccaggio<\/strong><\/p>\n<ul>\n<li>Lungo e breve termine<\/li>\n<li>Clima controllato con un'illuminazione UV minima<\/li>\n<li>Deposito privato di vino<\/li>\n<li>Sicurezza 24 ore su 24<\/li>\n<li>Test rigorosi su fuoco, allarme e sicurezza<\/li>\n<li>Stanze private a clima controllato disponibili con sistemi di entrata con codice di sicurezza<\/li>\n<\/ul>\n<h2>Profilo dell'azienda VIP Transport<\/h2>\n<p>VIP Transport fa parte di UniGroup, che \u00e8 la societ\u00e0 madre di <a href=\"https:\/\/moverdb.com\/it\/mayflower-transit\/\">Mayflower Transit<\/a> e <a href=\"https:\/\/moverdb.com\/it\/united-van-lines\/\">United Van Lines<\/a>. La societ\u00e0, che ha iniziato nel 1982, trasporta persone e merci in tutto il mondo, attingendo alla rete di agenzie di UniGroup. <\/p>\n<p>Nel <a href=\"https:\/\/moverdb.com\/it\/moving-to-the-united-states\/\" data-internallinksmanager029f6b8e52c=\"94\" title=\"Trasferirsi negli Stati Uniti? 2026 Costi di vita e consigli per il trasferimento\">Stati Uniti<\/a> solo, ci sono 1.100 agenti a cui rivolgersi e, a livello internazionale, oltre 1.350 agenti. VIP Transport ha inoltre accesso a 46 milioni di metri quadrati di magazzini, di cui 7 milioni a clima controllato.<\/p>\n<p>VIP Transport gestisce una flotta specializzata di veicoli che includono rimorchi a clima controllato, furgoni da laboratorio alimentati da un generatore e letti piatti con capacit\u00e0 di carico speciali. L'azienda segue un rigoroso programma verde per ridurre al minimo l'impronta di carbonio.<br \/>\nVIP Transport ha i seguenti accreditamenti e affiliazioni:<\/p>\n<ul>\n<li> <a href=\"https:\/\/moverdb.com\/it\/amsa\/\">Associazione americana di trasloco e stoccaggio<\/a> (<a href=\"https:\/\/moverdb.com\/it\/amsa\/\" data-internallinksmanager029f6b8e52c=\"5\" title=\"L&#039;associazione americana di trasloco e stoccaggio (AMSA) spiegata\">AMSA<\/a>)<\/li>\n<li> <a href=\"https:\/\/moverdb.com\/it\/rim-promover\/\">ProMover<\/a><\/li>\n<li> Better Business Bureau (BBB) A+<\/li>\n<li> Certificato WBENC<\/li>\n<li> ISO 9001<\/li>\n<\/ul>\n<h2>Recensioni sul trasporto VIP<\/h2>\n<p><strong>Positivo:<\/strong><\/p>\n<ul>\n<li> <em>\"Il <a href=\"https:\/\/moverdb.com\/it\/moving-to-los-angeles\/\">Los Angeles<\/a> I Clippers e VIP Transport hanno avuto un rapporto meraviglioso nel corso degli anni. Sono sempre stati pronti ad assisterci nei trasferimenti di diversi giocatori chiave e lo hanno fatto senza una lamentela da parte di nessuno dei giocatori\".<\/em> - tramite <a href=\"http:\/\/www.viptransport.com\/testimonials\/\" target=\"_blank\" rel=\"noopener\">testimonial dell'azienda<\/a> pagina.<\/li>\n<li> <em>\"Questi ragazzi ricevono un 10 su 10.  Dal primo punto di contatto, a quando il lavoro \u00e8 stato completato, abbiamo ricevuto un servizio \"A-1\".  \"<\/em> - Robert via <a href=\"https:\/\/www.yelp.com\/biz\/vip-transport-corona-6?hrid=nuC3r_2wy6HRLOm4owqitg&#038;utm_campaign=www_review_share_popup&#038;utm_medium=copy_link&#038;utm_source=(direct)\" target=\"_blank\" rel=\"noopener\">Yelp<\/a><\/li>\n<li> <em>\"Ho avuto una grande esperienza con VIP!<\/em> - Michelle via <a href=\"https:\/\/www.mymovingreviews.com\/movers\/vip-transport-781#53376\" target=\"_blank\" rel=\"noopener\">MyMovingReviews<\/a><\/li>\n<\/ul>\n<p><strong>Negativo:<\/strong><\/p>\n<ul>\n<li><em>\"Vorrei poter dare loro zero stelle\".<\/em> - Nancy T via <a href=\"https:\/\/www.yelp.com\/biz\/vip-transport-corona-6?hrid=DvJSu2LKWnFvj2WuqZXtoQ&#038;utm_campaign=www_review_share_popup&#038;utm_medium=copy_link&#038;utm_source=(direct)\" target=\"_blank\" rel=\"noopener\">Yelp<\/a><\/li>\n<li> <em>\"Ho scelto Mayflower\/VIP Transport per il rappresentante che \u00e8 venuto a fare un preventivo in loco. Le sue spiegazioni erano le pi\u00f9 sensate per me rispetto alle altre stime. Tuttavia, la sua stima del peso era di 6.000 libbre in pi\u00f9 rispetto al mio peso reale\".<\/em> - Ruthie via <a href=\"https:\/\/www.mymovingreviews.com\/movers\/vip-transport-781#50382\" target=\"_blank\" rel=\"noopener\">MyMovingReviews<\/a><\/li>\n<\/ul>\n<div itemprop=\"review\" itemscope itemtype=\"http:\/\/schema.org\/Review\">\n<span itemprop=\"author\" itemscope=\"\" itemtype=\"http:\/\/schema.org\/Organization\"><span itemprop=\"name\">MoverDB.com<\/span><\/span> Recensione del sito web online per <span itemprop=\"itemreviewed\" itemscope=\"\" itemtype=\"http:\/\/schema.org\/Brand\"><span itemprop=\"name\">Trasporto VIP<\/span><\/span>:<\/p>\n<ol>\n<li> Dettagli di contatto chiari sul sito web (compreso il numero di telefono): <strong>S\u00ec<\/strong><\/li>\n<li> Facile da ottenere <a href=\"https:\/\/moverdb.com\/it\/citazioni\/\">preventivi di trasloco internazionale<\/a>? (Modulo di richiesta di preventivo online): <strong>S\u00ec<\/strong><\/li>\n<li> Informazioni chiare sul sito web: <strong>S\u00ec,<\/strong> il sito web contiene un sacco di informazioni dettagliate sul trasloco.<\/li>\n<li> Appartenenza a organizzazioni internazionali riconosciute per il movimento: <strong>S\u00ec<\/strong>, (vedi sopra)<\/li>\n<li> Elenco di clienti e\/o testimonianze di clienti precedenti. <strong>S\u00ec,<\/strong> molte testimonianze positive dei clienti possono essere trovate sul loro sito web e hanno per lo pi\u00f9 recensioni positive altrove sul web.<\/li>\n<\/ol>\n<div itemprop=\"reviewRating\" itemscope itemtype=\"http:\/\/schema.org\/Rating\"><meta itemprop=\"worstRating\" content = \"0\" \/><meta itemprop=\"bestRating\" content=\"5\" \/><meta itemprop=\"ratingValue\" content=\"5\"><\/div>\n<p><strong>Punteggio complessivo: 5\/5<\/strong><br \/>\n<strong>Data di revisione:<\/strong> <span itemprop=\"datePublished\" content=\"2017-02-01\">01\/02\/2017<\/span>\n<\/div>\n<p>Per saperne di pi\u00f9 <a href=\"https:\/\/moverdb.com\/it\/aziende-di-traslochi\/\">societ\u00e0 di traslochi internazionali<\/a> e il nostro <a href=\"https:\/\/moverdb.com\/it\/recensioni\/\">processo di revisione<\/a>.<\/p>\n<p><strong>Siti web:<\/strong> <a href=\"http:\/\/www.viptransport.com\/\" target=\"_blank\" rel=\"noopener\">http:\/\/www.viptransport.com\/<\/a><\/p>","protected":false},"excerpt":{"rendered":"<p>VIP Transport&#8217;s head office is in Corona, CA. The company offers its clients a variety of moving services which are listed below, together with a company profile and reviews. International Moves Pre-assignment Services Visa and immigration services Preview trip and area orientation Country and culture information Moving Services Pre-move planning Transportation of belongings Managing the [&hellip;]<\/p>\n","protected":false},"author":1,"featured_media":0,"parent":0,"menu_order":0,"comment_status":"closed","ping_status":"closed","template":"","meta":{"_genesis_hide_title":false,"_genesis_hide_breadcrumbs":false,"_genesis_hide_singular_image":false,"_genesis_hide_footer_widgets":false,"_genesis_custom_body_class":"","_genesis_custom_post_class":"","_genesis_layout":"","footnotes":""},"class_list":{"0":"post-1542","1":"page","2":"type-page","3":"status-publish","5":"entry"},"_links":{"self":[{"href":"https:\/\/moverdb.com\/it\/wp-json\/wp\/v2\/pages\/1542","targetHints":{"allow":["GET"]}}],"collection":[{"href":"https:\/\/moverdb.com\/it\/wp-json\/wp\/v2\/pages"}],"about":[{"href":"https:\/\/moverdb.com\/it\/wp-json\/wp\/v2\/types\/page"}],"author":[{"embeddable":true,"href":"https:\/\/moverdb.com\/it\/wp-json\/wp\/v2\/users\/1"}],"replies":[{"embeddable":true,"href":"https:\/\/moverdb.com\/it\/wp-json\/wp\/v2\/comments?post=1542"}],"version-history":[{"count":5,"href":"https:\/\/moverdb.com\/it\/wp-json\/wp\/v2\/pages\/1542\/revisions"}],"predecessor-version":[{"id":6250,"href":"https:\/\/moverdb.com\/it\/wp-json\/wp\/v2\/pages\/1542\/revisions\/6250"}],"wp:attachment":[{"href":"https:\/\/moverdb.com\/it\/wp-json\/wp\/v2\/media?parent=1542"}],"curies":[{"name":"wp","href":"https:\/\/api.w.org\/{rel}","templated":true}]}}