{"id":1538,"date":"2017-02-23T08:47:51","date_gmt":"2017-02-23T08:47:51","guid":{"rendered":"http:\/\/moverdb.com\/?page_id=1538"},"modified":"2026-01-08T15:20:39","modified_gmt":"2026-01-08T15:20:39","slug":"settelen","status":"publish","type":"page","link":"https:\/\/moverdb.com\/it\/settelen\/","title":{"rendered":"Settelen - Rimozioni e traslochi internazionali Recensioni"},"content":{"rendered":"<p>Settelen \u00e8 un'azienda svizzera con sede a <a href=\"https:\/\/moverdb.com\/it\/moving-to-basel\/\" data-internallinksmanager029f6b8e52c=\"263\" title=\"Trasferirsi a Basilea? 2026 Costi di vita e consigli per il trasferimento\">Basilea<\/a>. Offre ai suoi clienti una serie di servizi di trasloco che sono elencati di seguito, insieme al profilo aziendale e alle recensioni.<\/p>\n<p><strong>Traslochi e trasferimenti internazionali<\/strong><\/p>\n<ul>\n<li> Coordinatore di trasloco dedicato<\/li>\n<li> Porta a porta<\/li>\n<li> Servizio di imballaggio completo, solo oggetti fragili o imballaggio fai da te<\/li>\n<li> Smontaggio e rimontaggio di mobili ecc.<\/li>\n<li> Casse personalizzate<\/li>\n<li> Negozio di traslochi per le necessit\u00e0 di imballaggio<\/li>\n<li> Servizio di disimballaggio completo disponibile<\/li>\n<li> Assistenza con la dogana e la documentazione<\/li>\n<li> Assicurazione organizzata<\/li>\n<li> Stoccaggio a breve e lungo termine<\/li>\n<\/ul>\n<p><strong>Traslochi locali e a lunga distanza<\/strong><\/p>\n<ul>\n<li> Coordinatore di trasloco dedicato<\/li>\n<li> Porta a porta<\/li>\n<li> Servizio di imballaggio completo disponibile se necessario<\/li>\n<li> Smontaggio e rimontaggio di mobili ecc.<\/li>\n<li> Servizio di disimballaggio completo disponibile se necessario<\/li>\n<li> Assicurazione organizzata<\/li>\n<li> Disponibilit\u00e0 di stoccaggio a breve e lungo termine<\/li>\n<li> Negozio di traslochi completamente fornito per tutti gli articoli da imballaggio<\/li>\n<\/ul>\n<p><strong>Traslochi aziendali<\/strong><\/p>\n<ul>\n<li> Squadra di traslochi dedicata<\/li>\n<li> Porta a porta<\/li>\n<li> Muoversi fuori orario per salvare l'interruzione dell'attivit\u00e0<\/li>\n<li> Smontaggio e rimontaggio di mobili<\/li>\n<li> Rimozione e reinstallazione IT<\/li>\n<li> Servizio di imballaggio completo o parziale<\/li>\n<li> Assicurazione organizzata<\/li>\n<li> Disponibilit\u00e0 di stoccaggio a breve e lungo termine<\/li>\n<li> Imballaggio specializzato<\/li>\n<li> Traslochi di macchinari pesanti<\/li>\n<li> Ascensore esterno<\/li>\n<\/ul>\n<p><strong>Traslochi speciali<\/strong><\/p>\n<ul>\n<li> Fiere e mostre<\/li>\n<li> Arte e antiquariato<\/li>\n<li> Macchinario pesante<\/li>\n<li> Beni fragili<\/li>\n<li> Pianoforti e altri strumenti musicali<\/li>\n<li> Esportazione di merci<\/li>\n<\/ul>\n<p><strong>Trasporto speciale<\/strong><\/p>\n<ul>\n<li> Per oggetti e luoghi pesanti e insoliti<\/li>\n<li> Logistica e organizzazione<\/li>\n<li> Scelta del veicolo<\/li>\n<li> Mappatura di un percorso<\/li>\n<li> Ottenuto le licenze necessarie<\/li>\n<\/ul>\n<p><strong>Stoccaggio<\/strong><\/p>\n<ul>\n<li> Contenitori di legno<\/li>\n<li> Sicurezza 24\/7<\/li>\n<li> Controlli regolari dei contenitori<\/li>\n<li> Imballaggio e confezionamento speciali disponibili<\/li>\n<\/ul>\n<p><strong>Noleggio Auto Settelen<\/strong><\/p>\n<ul>\n<li> Veicoli passeggeri<\/li>\n<li> Furgoni e pick-up<\/li>\n<li> Mini bus<\/li>\n<li> Veicoli speciali<\/li>\n<\/ul>\n<h2>Profilo dell'azienda Settelen<\/h2>\n<p>Settelen AG ha sede a Basilea, <a href=\"https:\/\/moverdb.com\/it\/moving-to-switzerland\/\" data-internallinksmanager029f6b8e52c=\"327\" title=\"Trasferirsi in Svizzera? 2026 Costi di vita e consigli per il trasferimento\">Svizzera<\/a>. Questa societ\u00e0 privata \u00e8 stata fondata nel 1883. La sua attivit\u00e0 principale \u00e8 il trasporto e la logistica, con interessi sussidiari nel noleggio di veicoli, nei viaggi in pullman e nella manutenzione e riparazione di veicoli a motore.<\/p>\n<p>Settelen organizza traslochi internazionali, a lunga distanza e locali per privati e aziende.<\/p>\n<p>Settelen ha i seguenti accreditamenti e affiliazioni:<\/p>\n<ul>\n<li> <a href=\"https:\/\/moverdb.com\/it\/fidi-faim\/\">Federazione delle societ\u00e0 di traslochi internazionali<\/a> (<a href=\"https:\/\/moverdb.com\/it\/fidi-faim\/\" data-internallinksmanager029f6b8e52c=\"16\" title=\"FIDI e FAIM (FIDI Accredited International Mover) spiegati\">FIDI<\/a>)<\/li>\n<li> Associazione svizzera dei trasporti stradali (ASTAG)<\/li>\n<li> AGVS<\/li>\n<\/ul>\n<h2>Recensioni sulla societ\u00e0 Settelen<\/h2>\n<p>Non ci sono recensioni in inglese attualmente online per Settelen, anche se ottiene 4.1 stelle su Google Reviews.<\/p>\n<div itemprop=\"review\" itemscope itemtype=\"http:\/\/schema.org\/Review\">\n<span itemprop=\"author\" itemscope=\"\" itemtype=\"http:\/\/schema.org\/Organization\"><span itemprop=\"name\">MoverDB.com<\/span><\/span> Recensione del sito web online per <span itemprop=\"itemreviewed\" itemscope=\"\" itemtype=\"http:\/\/schema.org\/Brand\"><span itemprop=\"name\">Settelen<\/span><\/span>:<\/p>\n<ol>\n<li> Dettagli di contatto chiari sul sito web (compreso il numero di telefono): <strong>S\u00ec<\/strong><\/li>\n<li> Facile da ottenere <a href=\"https:\/\/moverdb.com\/it\/citazioni\/\">preventivi di trasloco internazionale<\/a>? (Modulo di richiesta di preventivo online): <strong>S\u00ec<\/strong><\/li>\n<li> Informazioni chiare sul sito web: <strong>Limitato<\/strong> il sito web elenca i servizi ma non offre molti dettagli oltre a questo.<\/li>\n<li> Appartenenza a organizzazioni internazionali riconosciute per il movimento: <strong>S\u00ec<\/strong>, (vedi sopra)<\/li>\n<li> Elenco di clienti e\/o testimonianze di clienti precedenti: <strong>No,<\/strong> e c'\u00e8 solo una quantit\u00e0 limitata di informazioni su di loro disponibili altrove.<\/li>\n<\/ol>\n<div itemprop=\"reviewRating\" itemscope itemtype=\"http:\/\/schema.org\/Rating\"><meta itemprop=\"worstRating\" content = \"0\" \/><meta itemprop=\"bestRating\" content=\"5\" \/><meta itemprop=\"ratingValue\" content=\"4\"><\/div>\n<p><strong>Punteggio complessivo: 4\/5<\/strong><br \/>\n<strong>Data di revisione:<\/strong> <span itemprop=\"datePublished\" content=\"2017-02-23\">23\/02\/2017<\/span>\n<\/div>\n<p>Per saperne di pi\u00f9 <a href=\"https:\/\/moverdb.com\/it\/aziende-di-traslochi\/\">societ\u00e0 di traslochi internazionali<\/a> e il nostro <a href=\"https:\/\/moverdb.com\/it\/recensioni\/\">processo di revisione<\/a>.<\/p>\n<p><strong>Siti web:<\/strong> <a href=\"http:\/\/www.settelen.ch\/\" target=\"_blank\" rel=\"noopener\">http:\/\/www.settelen.ch\/<\/a><\/p>","protected":false},"excerpt":{"rendered":"<p>Settelen is Swiss company based in Basel. It offers its customers a range of moving services which are listed below, together with a company profile and reviews. International Moving &#038; Removals Dedicated move coordinator Door to door Full packing service, fragile items only or DIY packing Disassembly and reassembly of furniture etc Customised crates Removal [&hellip;]<\/p>\n","protected":false},"author":1,"featured_media":0,"parent":0,"menu_order":0,"comment_status":"closed","ping_status":"closed","template":"","meta":{"_genesis_hide_title":false,"_genesis_hide_breadcrumbs":false,"_genesis_hide_singular_image":false,"_genesis_hide_footer_widgets":false,"_genesis_custom_body_class":"","_genesis_custom_post_class":"","_genesis_layout":"","footnotes":""},"class_list":{"0":"post-1538","1":"page","2":"type-page","3":"status-publish","5":"entry"},"_links":{"self":[{"href":"https:\/\/moverdb.com\/it\/wp-json\/wp\/v2\/pages\/1538","targetHints":{"allow":["GET"]}}],"collection":[{"href":"https:\/\/moverdb.com\/it\/wp-json\/wp\/v2\/pages"}],"about":[{"href":"https:\/\/moverdb.com\/it\/wp-json\/wp\/v2\/types\/page"}],"author":[{"embeddable":true,"href":"https:\/\/moverdb.com\/it\/wp-json\/wp\/v2\/users\/1"}],"replies":[{"embeddable":true,"href":"https:\/\/moverdb.com\/it\/wp-json\/wp\/v2\/comments?post=1538"}],"version-history":[{"count":3,"href":"https:\/\/moverdb.com\/it\/wp-json\/wp\/v2\/pages\/1538\/revisions"}],"predecessor-version":[{"id":6236,"href":"https:\/\/moverdb.com\/it\/wp-json\/wp\/v2\/pages\/1538\/revisions\/6236"}],"wp:attachment":[{"href":"https:\/\/moverdb.com\/it\/wp-json\/wp\/v2\/media?parent=1538"}],"curies":[{"name":"wp","href":"https:\/\/api.w.org\/{rel}","templated":true}]}}