{"id":1536,"date":"2017-07-10T10:48:14","date_gmt":"2017-07-10T10:48:14","guid":{"rendered":"http:\/\/moverdb.com\/?page_id=1536"},"modified":"2026-01-08T15:20:49","modified_gmt":"2026-01-08T15:20:49","slug":"teletrans","status":"publish","type":"page","link":"https:\/\/moverdb.com\/it\/teletrans\/","title":{"rendered":"Teletrans - Trasferimento e trasloco internazionale Recensioni"},"content":{"rendered":"<p>Teletrans si trova in Attica <a href=\"https:\/\/moverdb.com\/it\/moving-to-greece\/\" data-internallinksmanager029f6b8e52c=\"353\" title=\"Trasferirsi in Grecia? 2026 Costi di vita e consigli per il trasferimento\">Grecia<\/a>. \u00c8 un'azienda di traslochi e trasferimenti che offre ai suoi clienti un'ampia gamma di servizi. Questi sono elencati di seguito, insieme al profilo aziendale e alle recensioni.<\/p>\n<p><strong>Spostamenti internazionali<\/strong><\/p>\n<ul>\n<li> Responsabile del trasloco dedicato<\/li>\n<li> Imballaggio completo, parziale o fai da te<\/li>\n<li> Disponibilit\u00e0 di stoccaggio a breve e lungo termine<\/li>\n<li> Smontaggio e rimontaggio di mobili<\/li>\n<li> Trasferimento via terra, mare o aria<\/li>\n<li> Assistenza con la dogana e la documentazione<\/li>\n<li> Servizio di disimballaggio disponibile<\/li>\n<li> Rimozione dei detriti<\/li>\n<\/ul>\n<p><strong>Servizi di trasferimento<\/strong><\/p>\n<ul>\n<li> Programma del viaggio<\/li>\n<li> Prenotazione di biglietti e hotel<\/li>\n<li> Informazioni sulla procedura di rilascio di un visto per il paese di destinazione<\/li>\n<li> Informazioni sulle scuole<\/li>\n<li> Informazioni sugli alloggi<\/li>\n<li> Informazioni sul trasferimento di animali domestici<\/li>\n<li> Ritrovamento della residenza temporanea<\/li>\n<li> Corsi di lingua locale organizzati<\/li>\n<li> Suggerimenti per l'intrattenimento e per 'conoscere la zona' come visitare musei e visite turistiche, eventi culturali, escursioni ecc.<\/li>\n<li>Assistenza nei servizi di trasloco (elettricista, idraulico, servizi di pulizia, ecc.)<\/li>\n<\/ul>\n<p><strong>Trasferimento dell'azienda<\/strong><\/p>\n<ul>\n<li>Ispezione e pianificazione<\/li>\n<li>Imballaggio<\/li>\n<li>Stoccaggio<\/li>\n<li>Sdoganamento se richiesto<\/li>\n<li>Assicurazione<\/li>\n<li>Consegna e disimballaggio a destinazione<\/li>\n<\/ul>\n<p><strong>Mosse speciali<\/strong><\/p>\n<ul>\n<li>Attrezzature e veicoli militari<\/li>\n<li>Macchinario pesante<\/li>\n<li>Carico sovradimensionato e in eccesso<\/li>\n<li>Opere d'arte in casse fatte su misura<\/li>\n<li>Stabilimenti educativi<\/li>\n<li>Spa e palestre<\/li>\n<\/ul>\n<p><strong>Mostre<\/strong><\/p>\n<ul>\n<li>Imballaggio del materiale espositivo<\/li>\n<li>Preparazione della documentazione per l'esportazione<\/li>\n<li>Identificare il modo pi\u00f9 adatto per la spedizione<\/li>\n<li>Consegna<\/li>\n<li>Installazione del materiale espositivo<\/li>\n<li>Reimballaggio del materiale e spedizione al luogo d'origine<\/li>\n<\/ul>\n<p><strong>Stoccaggio<\/strong><\/p>\n<ul>\n<li>Lungo e breve termine<\/li>\n<li>Sorveglianza 24\/7<\/li>\n<li>Clima controllato disponibile<\/li>\n<\/ul>\n<h2>Profilo aziendale di Teletrans<\/h2>\n<p>Teletrans ha iniziato in Attica, Grecia, da Ria Stergiopoulou nel 1979 con l'obiettivo iniziale di spostare persone e merci in Grecia. Oggi, l'azienda \u00e8 uno dei leader greci nel trasferimento di persone, aziende e arte in tutto il mondo.<\/p>\n<p>Teletrans ha una propria flotta di veicoli, guidata da dipendenti della societ\u00e0. Ha anche un impianto di stoccaggio all'avanguardia in Attica che \u00e8 attrezzato per immagazzinare i carichi pi\u00f9 sensibili prima e dopo la spedizione. Teletrans ha una rete accuratamente scelta di agenti che la assistono nelle spedizioni da e per la Grecia.<\/p>\n<p>Teletrans desidera ridurre la sua impronta di carbonio e sceglie deliberatamente materiali di imballaggio riciclati. Utilizza anche l'energia solare dove possibile. L'azienda ha ora aperto un ufficio a Bruxelles che implementa anch'esso delle pratiche ecologiche.<\/p>\n<p>Teletrans ha i seguenti accreditamenti e affiliazioni:<\/p>\n<ul>\n<li>EN ISO 9001:2008<\/li>\n<li><a href=\"https:\/\/moverdb.com\/it\/sono\/\" target=\"_blank\" rel=\"noopener\">Associazione internazionale dei traslocatori<\/a> (<a href=\"https:\/\/moverdb.com\/it\/iam\/\" data-internallinksmanager029f6b8e52c=\"23\" title=\"Spiegazione dell&#039;Associazione Internazionale dei Traslocatori (IAM)\">IAM<\/a>)<\/li>\n<li><a href=\"https:\/\/moverdb.com\/it\/fedemac\/\" target=\"_blank\" rel=\"noopener\">Federazione dell'Associazione Europea dei Traslocatori<\/a> (<a href=\"https:\/\/moverdb.com\/it\/fedemac\/\" data-internallinksmanager029f6b8e52c=\"15\" title=\"Spiegazione della Federation of European Movers Association (FEDEMAC)\">FEDEMAC<\/a>)<\/li>\n<li>Associazione delle imprese di spedizioni e logistica della Grecia (SYNDDEL)<\/li>\n<\/ul>\n<h2>Recensioni di Teletrans<\/h2>\n<p>Al momento in cui scriviamo non abbiamo trovato online nessuna recensione positiva o negativa per Teletrans in inglese. <\/p>\n<div itemprop=\"review\" itemscope itemtype=\"http:\/\/schema.org\/Review\">\n<span itemprop=\"author\" itemscope=\"\" itemtype=\"http:\/\/schema.org\/Organization\"><span itemprop=\"name\">MoverDB.com<\/span><\/span> Recensione del sito web online per <span itemprop=\"itemreviewed\" itemscope=\"\" itemtype=\"http:\/\/schema.org\/Brand\"><span itemprop=\"name\">Teletrans<\/span><\/span>:<\/p>\n<ol>\n<li> Dettagli di contatto chiari sul sito web (compreso il numero di telefono): <strong>S\u00ec<\/strong><\/li>\n<li> Facile da ottenere <a href=\"https:\/\/moverdb.com\/it\/citazioni\/\">preventivi di trasloco internazionale<\/a>? (Modulo di richiesta di preventivo online): <strong>S\u00ec<\/strong><\/li>\n<li> Informazioni chiare sul sito web: <strong>S\u00ec,<\/strong> Il sito web \u00e8 ben strutturato e ragionevolmente informativo.<\/li>\n<li> Appartenenza a organizzazioni internazionali riconosciute per il movimento: <strong>S\u00ec<\/strong>, (vedi sopra)<\/li>\n<li> Elenco di clienti e\/o testimonianze di clienti precedenti. <strong>No,<\/strong>C'\u00e8 una lista di clienti, ma nessuna testimonianza o recensione dei clienti.<\/li>\n<\/ol>\n<div itemprop=\"reviewRating\" itemscope itemtype=\"http:\/\/schema.org\/Rating\"><meta itemprop=\"worstRating\" content = \"0\" \/><meta itemprop=\"bestRating\" content=\"5\" \/><meta itemprop=\"ratingValue\" content=\"4.5\"><\/div>\n<p><strong>Punteggio complessivo: 4,5\/5<\/strong><br \/>\n<strong>Data di revisione:<\/strong> <span itemprop=\"datePublished\" content=\"2017-07-10\">10\/07\/2017<\/span>\n<\/div>\n<p>Per saperne di pi\u00f9 <a href=\"https:\/\/moverdb.com\/it\/aziende-di-traslochi\/\">societ\u00e0 di traslochi internazionali<\/a> e il nostro <a href=\"https:\/\/moverdb.com\/it\/recensioni\/\">processo di revisione spiegato<\/a>.<\/p>\n<p><strong>Sito web:<\/strong> <a href=\"http:\/\/www.teletranseu.com\/\" target=\"_blank\" rel=\"noopener\">http:\/\/www.teletranseu.com\/<\/a><\/p>","protected":false},"excerpt":{"rendered":"<p>Teletrans is located in Attica Greece. It is a moving and relocation company that offers its clients a wide range of services. These are listed below, together with a company profile and reviews. International Moves Dedicated move manager Full service packing, partial packing or DIY packing Short and long term storage available Disassembly and reassembly [&hellip;]<\/p>\n","protected":false},"author":1,"featured_media":0,"parent":0,"menu_order":0,"comment_status":"closed","ping_status":"closed","template":"","meta":{"_genesis_hide_title":false,"_genesis_hide_breadcrumbs":false,"_genesis_hide_singular_image":false,"_genesis_hide_footer_widgets":false,"_genesis_custom_body_class":"","_genesis_custom_post_class":"","_genesis_layout":"","footnotes":""},"class_list":{"0":"post-1536","1":"page","2":"type-page","3":"status-publish","5":"entry"},"_links":{"self":[{"href":"https:\/\/moverdb.com\/it\/wp-json\/wp\/v2\/pages\/1536","targetHints":{"allow":["GET"]}}],"collection":[{"href":"https:\/\/moverdb.com\/it\/wp-json\/wp\/v2\/pages"}],"about":[{"href":"https:\/\/moverdb.com\/it\/wp-json\/wp\/v2\/types\/page"}],"author":[{"embeddable":true,"href":"https:\/\/moverdb.com\/it\/wp-json\/wp\/v2\/users\/1"}],"replies":[{"embeddable":true,"href":"https:\/\/moverdb.com\/it\/wp-json\/wp\/v2\/comments?post=1536"}],"version-history":[{"count":4,"href":"https:\/\/moverdb.com\/it\/wp-json\/wp\/v2\/pages\/1536\/revisions"}],"predecessor-version":[{"id":6244,"href":"https:\/\/moverdb.com\/it\/wp-json\/wp\/v2\/pages\/1536\/revisions\/6244"}],"wp:attachment":[{"href":"https:\/\/moverdb.com\/it\/wp-json\/wp\/v2\/media?parent=1536"}],"curies":[{"name":"wp","href":"https:\/\/api.w.org\/{rel}","templated":true}]}}