{"id":14226,"date":"2023-11-08T15:55:21","date_gmt":"2023-11-08T15:55:21","guid":{"rendered":"https:\/\/moverdb.com\/freight-forwarder\/freight-forwarding-uk\/leighton-buzzard-freight-forwarder\/"},"modified":"2026-01-08T14:51:57","modified_gmt":"2026-01-08T14:51:57","slug":"leighton-buzzard-freight-forwarder","status":"publish","type":"page","link":"https:\/\/moverdb.com\/it\/freight-forwarder\/freight-forwarding-uk\/leighton-buzzard-freight-forwarder\/","title":{"rendered":"1 Migliori Imprese di Spedizioni Leighton Buzzard (2024)"},"content":{"rendered":"<p>Qui di seguito esaminiamo i 1 <em>\"migliore\"<\/em> Imprese di spedizione merci a Leighton Buzzard su 1.<\/p>\n<p>Per saperne di pi\u00f9 su come abbiamo scelto i migliori, consultate la sezione FAQ alla fine.<\/p>\n<p><em>Si prega di notare che i seguenti elenchi non sono in ordine particolare e che non stiamo facendo raccomandazioni per nessuna azienda in particolare.<\/em><\/p>\n<h2>Distribuzione Master<\/h2>\n<p><img decoding=\"async\" src=\"https:\/\/moverdb.com\/wp-content\/uploads\/thumbnailpanoidnynD7cmgHFK3OFamRzv45wcb_clientsearch.gws-prod.gpsw408h240yaw334.jpg\" alt='Distribuzione Master' class=\"aligncenter\"><\/p>\n<p><strong>Descrizione dell'azienda: <\/strong>Siamo esperti di distribuzione in tutto il mondo per la spedizione di merci, la distribuzione e il trasferimento di aziende residenziali e professionali,<\/p>\n<p>Se state cercando una soluzione completa per lo sdoganamento, allora Master Distribution \u00e8 qui per voi! La nostra conoscenza delle procedure di sdoganamento non \u00e8 seconda a nessuno!<\/p>\n<p>In qualit\u00e0 di uno dei broker in pi\u00f9 rapida crescita nel Regno Unito per lo sdoganamento di merci importate ed esportate e per la conformit\u00e0 commerciale doganale, siamo desiderosi di lavorare con le aziende che necessitano della nostra esperienza nella gestione dei processi di importazione ed esportazione in tutto il mondo. <a href=\"https:\/\/moverdb.com\/it\/moving-to-the-uk\/\" data-internallinksmanager029f6b8e52c=\"93\" title=\"Trasferirsi nel Regno Unito? 2026 Costi di vita e consigli per il trasferimento\">REGNO UNITO<\/a>-Frontiera UE e compilazione delle dichiarazioni doganali per la circolazione delle merci.<\/p>\n<p><strong>Servizi aggiuntivi:<\/strong><\/p>\n<p>Nessuno elencato<\/p>\n<p><strong>Indirizzo:<\/strong> Youngs Industrial Est, Leighton Buzzard LU7 4QB<\/p>\n<p><a href=\"https:\/\/masterdistribution.co.uk\/\" target=\"_new\" rel=\"noopener\">Sito web di Master Distribution<\/a><\/p>\n<p><strong>Punteggio della recensione: <\/strong>5<br \/> <strong>Numero di recensioni:<\/strong> 1<br \/><a href=\"https:\/\/www.google.co.uk\/maps?cid=7397430477284567153&#038;hl=en&#038;gl=GB\" target=\"_new\" rel=\"noopener\">Leggi le recensioni<\/a><\/p>\n<h2>Come abbiamo scelto le migliori societ\u00e0 di spedizioni Leighton Buzzard<\/h2>\n<p>Siamo partiti da un set di dati di 1 societ\u00e0 di spedizioni di Leighton Buzzard che abbiamo trovato tramite Google Maps e abbiamo ristretto il campo alle 1 migliori.<\/p>\n<p>A tal fine abbiamo eliminato tutte le aziende che:<\/p>\n<ul>\n<li> Non aveva un sito web<\/li>\n<li> Non ha avuto recensioni<\/li>\n<li> Ha avuto un punteggio medio delle recensioni inferiore a 2,0<\/li>\n<\/ul>\n<p>A questo punto, se avevamo 17 o meno spedizionieri, li abbiamo elencati tutti.<\/p>\n<p>Per le citt\u00e0 in cui rimanevano pi\u00f9 di 17 spedizionieri, abbiamo effettuato ulteriori revisioni aumentando il punteggio delle recensioni richiesto (ad esempio, passando da un minimo di 2,0 a 4,0) e\/o aumentando il numero minimo di recensioni richieste (ad esempio, passando da almeno 1 recensione ad almeno 10).<\/p>\n<p>Si noti che abbiamo utilizzato solo i dati delle recensioni di Google Maps e non di altri siti web di terze parti.<\/p>\n<p>Altre citt\u00e0:<\/p>\n<p><a href=\"https:\/\/moverdb.com\/it\/spedizioniere\/freight-forwarding-uk\/stoke-on-trent-freight-forwarder\/\">Spedizioniere di Stoke-on-Trent<\/a><br \/><a href=\"https:\/\/moverdb.com\/it\/spedizioniere\/freight-forwarding-uk\/lewes-freight-forwarder\/\">Spedizioniere Lewes<\/a><br \/><a href=\"https:\/\/moverdb.com\/it\/spedizioniere\/freight-forwarding-uk\/swadlincote-freight-forwarder\/\">Spedizioniere Swadlincote<\/a><br \/><a href=\"https:\/\/moverdb.com\/it\/spedizioniere\/freight-forwarding-uk\/coggeshall,-essex-freight-forwarder\/\">Coggeshall, Essex Spedizioniere<\/a><br \/><a href=\"https:\/\/moverdb.com\/it\/spedizioniere\/freight-forwarding-uk\/tonbridge-freight-forwarder\/\">Spedizioniere Tonbridge<\/a><\/p>","protected":false},"excerpt":{"rendered":"<p>Below we look at the 1 &#8220;best&#8221; Freight Forwarding companies in Leighton Buzzard out of 1. To learn more about how we chose the best please consult our FAQ section at the end. Please not the following listings are in no particular order and we are not making any recommendations for any particular company. Master [&hellip;]<\/p>\n","protected":false},"author":1,"featured_media":0,"parent":13427,"menu_order":0,"comment_status":"open","ping_status":"open","template":"","meta":{"_genesis_hide_title":false,"_genesis_hide_breadcrumbs":false,"_genesis_hide_singular_image":false,"_genesis_hide_footer_widgets":false,"_genesis_custom_body_class":"","_genesis_custom_post_class":"","_genesis_layout":"","footnotes":""},"class_list":{"0":"post-14226","1":"page","2":"type-page","3":"status-publish","5":"entry"},"_links":{"self":[{"href":"https:\/\/moverdb.com\/it\/wp-json\/wp\/v2\/pages\/14226","targetHints":{"allow":["GET"]}}],"collection":[{"href":"https:\/\/moverdb.com\/it\/wp-json\/wp\/v2\/pages"}],"about":[{"href":"https:\/\/moverdb.com\/it\/wp-json\/wp\/v2\/types\/page"}],"author":[{"embeddable":true,"href":"https:\/\/moverdb.com\/it\/wp-json\/wp\/v2\/users\/1"}],"replies":[{"embeddable":true,"href":"https:\/\/moverdb.com\/it\/wp-json\/wp\/v2\/comments?post=14226"}],"version-history":[{"count":1,"href":"https:\/\/moverdb.com\/it\/wp-json\/wp\/v2\/pages\/14226\/revisions"}],"predecessor-version":[{"id":15598,"href":"https:\/\/moverdb.com\/it\/wp-json\/wp\/v2\/pages\/14226\/revisions\/15598"}],"up":[{"embeddable":true,"href":"https:\/\/moverdb.com\/it\/wp-json\/wp\/v2\/pages\/13427"}],"wp:attachment":[{"href":"https:\/\/moverdb.com\/it\/wp-json\/wp\/v2\/media?parent=14226"}],"curies":[{"name":"wp","href":"https:\/\/api.w.org\/{rel}","templated":true}]}}