{"id":14174,"date":"2023-11-08T15:55:01","date_gmt":"2023-11-08T15:55:01","guid":{"rendered":"https:\/\/moverdb.com\/freight-forwarder\/freight-forwarding-uk\/sale-freight-forwarder\/"},"modified":"2026-01-08T14:58:29","modified_gmt":"2026-01-08T14:58:29","slug":"sale-freight-forwarder","status":"publish","type":"page","link":"https:\/\/moverdb.com\/it\/freight-forwarder\/freight-forwarding-uk\/sale-freight-forwarder\/","title":{"rendered":"2 Migliori societ\u00e0 di spedizione merci in vendita (2024)"},"content":{"rendered":"<p>Di seguito vengono analizzati i 2 <em>\"migliore\"<\/em> Imprese di spedizione merci a Sale su 3.<\/p>\n<p>Per saperne di pi\u00f9 su come abbiamo scelto i migliori, consultate la sezione FAQ alla fine.<\/p>\n<p><em>Si prega di notare che i seguenti elenchi non sono in ordine particolare e che non stiamo facendo raccomandazioni per nessuna azienda in particolare.<\/em><\/p>\n<h2>LK Shipping UK LTD<\/h2>\n<p><img decoding=\"async\" src=\"https:\/\/moverdb.com\/wp-content\/uploads\/AF1QipN4q5M3f3YnnvKiRsukiMsuTiRp0w4PT4AVyWGMw602-h240-k-no.jpg\" alt='LK Shipping UK LTD' class=\"aligncenter\"><\/p>\n<p><strong>Descrizione dell'azienda: <\/strong>Spedizione LK <a href=\"https:\/\/moverdb.com\/it\/moving-to-the-uk\/\" data-internallinksmanager029f6b8e52c=\"93\" title=\"Trasferirsi nel Regno Unito? 2026 Costi di vita e consigli per il trasferimento\">REGNO UNITO<\/a> LTD \u00e8 una societ\u00e0 di spedizioni che fornisce servizi di trasporto dal Regno Unito allo Sri Lanka.<\/p>\n<p> Il nostro obiettivo primario \u00e8 fornire un servizio eccellente, professionale ed efficiente ai nostri stimati clienti.<\/p>\n<p> La nostra attivit\u00e0 si estende alla nostra comunit\u00e0 srilankese che vive all'estremit\u00e0 di Aberdeen in Scozia fino a Point Pedro a Jaffna in Sri Lanka.<\/p>\n<p> Siamo orgogliosi di dire che anche durante il periodo di blocco del mondo il nostro team ha fatto del suo meglio per gestire senza intoppi l'operazione.<\/p>\n<p> Nonostante le varie difficolt\u00e0 che affrontiamo ogni giorno in relazione alla nostra attivit\u00e0, prendiamo il nostro lavoro molto seriamente e lo trattiamo come un servizio che svolgiamo per i nostri stimati clienti, poich\u00e9 \u00e8 la VOSTRA CONSEGNA, LA NOSTRA PASSIONE.<\/p>\n<p>.<\/p>\n<p>.<\/p>\n<p><strong>Servizi aggiuntivi:<\/strong><\/p>\n<p>Nessuno elencato<\/p>\n<p><strong>Indirizzo:<\/strong> 289 Norris Rd, Sale M33 2UN<\/p>\n<p><a href=\"https:\/\/www.lkshipping.co.uk\/\" target=\"_new\" rel=\"noopener\">Sito web di LK Shipping UK LTD<\/a><\/p>\n<p><strong>Punteggio della recensione: <\/strong>4.7<br \/> <strong>Numero di recensioni:<\/strong> 86<br \/><a href=\"https:\/\/www.google.co.uk\/maps?cid=14364698465914922896&#038;hl=en&#038;gl=GB\" target=\"_new\" rel=\"noopener\">Leggi le recensioni<\/a><\/p>\n<h2>M &amp; W Freight Ltd<\/h2>\n<p><img decoding=\"async\" src=\"https:\/\/moverdb.com\/wp-content\/uploads\/thumbnailpanoidOqvFBOtvNBt6aiATYCnIyAcb_clientsearch.gws-prod.gpsw408h240yaw41.jpg\" alt='M &amp; W Freight Ltd' class=\"aligncenter\"><\/p>\n<p><strong>Descrizione dell'azienda: <\/strong>Nessuno fornito<\/p>\n<p><strong>Servizi aggiuntivi:<\/strong><\/p>\n<p>Nessuno elencato<\/p>\n<p><strong>Indirizzo:<\/strong> Casa Mirwell, Carrington Ln., Sale M33 5NL<\/p>\n<p><a href=\"http:\/\/www.mwfreight.co.uk\/\" target=\"_new\" rel=\"noopener\">Sito web di M &amp; W Freight Ltd<\/a><\/p>\n<p><strong>Punteggio della recensione: <\/strong>5<br \/> <strong>Numero di recensioni:<\/strong> 2<br \/><a href=\"https:\/\/www.google.co.uk\/maps?cid=4026578439507615308&#038;hl=en&#038;gl=GB\" target=\"_new\" rel=\"noopener\">Leggi le recensioni<\/a><\/p>\n<h2>Come abbiamo scelto le migliori aziende di spedizione di merci in vendita<\/h2>\n<p>Siamo partiti da un set di dati di 3 societ\u00e0 di spedizioni Sale che abbiamo trovato tramite Google Maps e abbiamo ristretto il campo alle 2 migliori.<\/p>\n<p>A tal fine abbiamo eliminato tutte le aziende che:<\/p>\n<ul>\n<li> Non aveva un sito web<\/li>\n<li> Non ha avuto recensioni<\/li>\n<li> Ha avuto un punteggio medio delle recensioni inferiore a 2,0<\/li>\n<\/ul>\n<p>A questo punto, se avevamo 17 o meno spedizionieri, li abbiamo elencati tutti.<\/p>\n<p>Per le citt\u00e0 in cui rimanevano pi\u00f9 di 17 spedizionieri, abbiamo effettuato ulteriori revisioni aumentando il punteggio delle recensioni richiesto (ad esempio, passando da un minimo di 2,0 a 4,0) e\/o aumentando il numero minimo di recensioni richieste (ad esempio, passando da almeno 1 recensione ad almeno 10).<\/p>\n<p>Si noti che abbiamo utilizzato solo i dati delle recensioni di Google Maps e non di altri siti web di terze parti.<\/p>\n<p>Altre citt\u00e0:<\/p>\n<p><a href=\"https:\/\/moverdb.com\/it\/spedizioniere\/freight-forwarding-uk\/salford-freight-forwarder\/\">Spedizioniere di Salford<\/a><br \/><a href=\"https:\/\/moverdb.com\/it\/spedizioniere\/freight-forwarding-uk\/lichfield-freight-forwarder\/\">Spedizioniere di Lichfield<\/a><br \/><a href=\"https:\/\/moverdb.com\/it\/spedizioniere\/freight-forwarding-uk\/castlederg-freight-forwarder\/\">Spedizioniere di Castlederg<\/a><br \/><a href=\"https:\/\/moverdb.com\/it\/spedizioniere\/freight-forwarding-uk\/great-blakenham-freight-forwarder\/\">Spedizioniere a Great Blakenham<\/a><br \/><a href=\"https:\/\/moverdb.com\/it\/spedizioniere\/freight-forwarding-uk\/bexleyheath-freight-forwarder\/\">Spedizioniere Bexleyheath<\/a><\/p>","protected":false},"excerpt":{"rendered":"<p>Below we look at the 2 &#8220;best&#8221; Freight Forwarding companies in Sale out of 3. To learn more about how we chose the best please consult our FAQ section at the end. Please not the following listings are in no particular order and we are not making any recommendations for any particular company. LK Shipping [&hellip;]<\/p>\n","protected":false},"author":1,"featured_media":0,"parent":13427,"menu_order":0,"comment_status":"open","ping_status":"open","template":"","meta":{"_genesis_hide_title":false,"_genesis_hide_breadcrumbs":false,"_genesis_hide_singular_image":false,"_genesis_hide_footer_widgets":false,"_genesis_custom_body_class":"","_genesis_custom_post_class":"","_genesis_layout":"","footnotes":""},"class_list":{"0":"post-14174","1":"page","2":"type-page","3":"status-publish","5":"entry"},"_links":{"self":[{"href":"https:\/\/moverdb.com\/it\/wp-json\/wp\/v2\/pages\/14174","targetHints":{"allow":["GET"]}}],"collection":[{"href":"https:\/\/moverdb.com\/it\/wp-json\/wp\/v2\/pages"}],"about":[{"href":"https:\/\/moverdb.com\/it\/wp-json\/wp\/v2\/types\/page"}],"author":[{"embeddable":true,"href":"https:\/\/moverdb.com\/it\/wp-json\/wp\/v2\/users\/1"}],"replies":[{"embeddable":true,"href":"https:\/\/moverdb.com\/it\/wp-json\/wp\/v2\/comments?post=14174"}],"version-history":[{"count":1,"href":"https:\/\/moverdb.com\/it\/wp-json\/wp\/v2\/pages\/14174\/revisions"}],"predecessor-version":[{"id":15743,"href":"https:\/\/moverdb.com\/it\/wp-json\/wp\/v2\/pages\/14174\/revisions\/15743"}],"up":[{"embeddable":true,"href":"https:\/\/moverdb.com\/it\/wp-json\/wp\/v2\/pages\/13427"}],"wp:attachment":[{"href":"https:\/\/moverdb.com\/it\/wp-json\/wp\/v2\/media?parent=14174"}],"curies":[{"name":"wp","href":"https:\/\/api.w.org\/{rel}","templated":true}]}}