{"id":13821,"date":"2023-11-08T15:52:42","date_gmt":"2023-11-08T15:52:42","guid":{"rendered":"https:\/\/moverdb.com\/freight-forwarder\/freight-forwarding-uk\/sunbury-on-thames-freight-forwarder\/"},"modified":"2026-01-08T13:18:10","modified_gmt":"2026-01-08T13:18:10","slug":"sunbury-on-thames-freight-forwarder","status":"publish","type":"page","link":"https:\/\/moverdb.com\/it\/freight-forwarder\/freight-forwarding-uk\/sunbury-on-thames-freight-forwarder\/","title":{"rendered":"7 Migliori imprese di spedizione Sunbury-on-Thames (2024)"},"content":{"rendered":"<p>Di seguito vengono analizzati i 7 <em>\"migliore\"<\/em> Imprese di spedizione merci a Sunbury-on-Thames su 10.<\/p>\n<p>Per saperne di pi\u00f9 su come abbiamo scelto i migliori, consultate la sezione FAQ alla fine.<\/p>\n<p><em>Si prega di notare che i seguenti elenchi non sono in ordine particolare e che non stiamo facendo raccomandazioni per nessuna azienda in particolare.<\/em><\/p>\n<div id=\"ez-toc-container\" class=\"ez-toc-v2_0_82_2 ez-toc-wrap-left counter-hierarchy ez-toc-counter ez-toc-transparent ez-toc-container-direction\">\n<div class=\"ez-toc-title-container\">\n<p class=\"ez-toc-title\" style=\"cursor:inherit\">Sezioni<\/p>\n<span class=\"ez-toc-title-toggle\"><a href=\"#\" class=\"ez-toc-pull-right ez-toc-btn ez-toc-btn-xs ez-toc-btn-default ez-toc-toggle\" aria-label=\"Allinea la tabella dei contenuti\"><span class=\"ez-toc-js-icon-con\"><span class=\"\"><span class=\"eztoc-hide\" style=\"display:none;\">Toggle<\/span><span class=\"ez-toc-icon-toggle-span\"><svg style=\"fill: #999;color:#999\" xmlns=\"http:\/\/www.w3.org\/2000\/svg\" class=\"list-377408\" width=\"20px\" height=\"20px\" viewbox=\"0 0 24 24\" fill=\"none\"><path d=\"M6 6H4v2h2V6zm14 0H8v2h12V6zM4 11h2v2H4v-2zm16 0H8v2h12v-2zM4 16h2v2H4v-2zm16 0H8v2h12v-2z\" fill=\"currentColor\"><\/path><\/svg><svg style=\"fill: #999;color:#999\" class=\"arrow-unsorted-368013\" xmlns=\"http:\/\/www.w3.org\/2000\/svg\" width=\"10px\" height=\"10px\" viewbox=\"0 0 24 24\" version=\"1.2\" baseprofile=\"tiny\"><path d=\"M18.2 9.3l-6.2-6.3-6.2 6.3c-.2.2-.3.4-.3.7s.1.5.3.7c.2.2.4.3.7.3h11c.3 0 .5-.1.7-.3.2-.2.3-.5.3-.7s-.1-.5-.3-.7zM5.8 14.7l6.2 6.3 6.2-6.3c.2-.2.3-.5.3-.7s-.1-.5-.3-.7c-.2-.2-.4-.3-.7-.3h-11c-.3 0-.5.1-.7.3-.2.2-.3.5-.3.7s.1.5.3.7z\"\/><\/svg><\/span><\/span><\/span><\/a><\/span><\/div>\n<nav><ul class='ez-toc-list ez-toc-list-level-1 eztoc-toggle-hide-by-default' ><li class='ez-toc-page-1 ez-toc-heading-level-2'><a class=\"ez-toc-link ez-toc-heading-1\" href=\"https:\/\/moverdb.com\/it\/freight-forwarder\/freight-forwarding-uk\/sunbury-on-thames-freight-forwarder\/#deugro_UK_Limited\" >deugro (UK) Limited<\/a><\/li><li class='ez-toc-page-1 ez-toc-heading-level-2'><a class=\"ez-toc-link ez-toc-heading-2\" href=\"https:\/\/moverdb.com\/it\/freight-forwarder\/freight-forwarding-uk\/sunbury-on-thames-freight-forwarder\/#LP_Customs_Clearance_Ltd\" >LP Sdoganamento Ltd<\/a><\/li><li class='ez-toc-page-1 ez-toc-heading-level-2'><a class=\"ez-toc-link ez-toc-heading-3\" href=\"https:\/\/moverdb.com\/it\/freight-forwarder\/freight-forwarding-uk\/sunbury-on-thames-freight-forwarder\/#Angel_Freight_Ltd\" >Angel Freight Ltd<\/a><\/li><li class='ez-toc-page-1 ez-toc-heading-level-2'><a class=\"ez-toc-link ez-toc-heading-4\" href=\"https:\/\/moverdb.com\/it\/freight-forwarder\/freight-forwarding-uk\/sunbury-on-thames-freight-forwarder\/#U-Freight_UK_Limited\" >U-Freight (UK) Limited<\/a><\/li><li class='ez-toc-page-1 ez-toc-heading-level-2'><a class=\"ez-toc-link ez-toc-heading-5\" href=\"https:\/\/moverdb.com\/it\/freight-forwarder\/freight-forwarding-uk\/sunbury-on-thames-freight-forwarder\/#World_Express_Freight_Ltd\" >World Express Freight Ltd<\/a><\/li><li class='ez-toc-page-1 ez-toc-heading-level-2'><a class=\"ez-toc-link ez-toc-heading-6\" href=\"https:\/\/moverdb.com\/it\/freight-forwarder\/freight-forwarding-uk\/sunbury-on-thames-freight-forwarder\/#RIF_Group\" >Gruppo RIF<\/a><\/li><li class='ez-toc-page-1 ez-toc-heading-level-2'><a class=\"ez-toc-link ez-toc-heading-7\" href=\"https:\/\/moverdb.com\/it\/freight-forwarder\/freight-forwarding-uk\/sunbury-on-thames-freight-forwarder\/#JD_Freight\" >JD Freight<\/a><\/li><li class='ez-toc-page-1 ez-toc-heading-level-2'><a class=\"ez-toc-link ez-toc-heading-8\" href=\"https:\/\/moverdb.com\/it\/freight-forwarder\/freight-forwarding-uk\/sunbury-on-thames-freight-forwarder\/#How_we_picked_the_best_Sunbury-on-Thames_Freight_Forwarding_Companies\" >Come abbiamo scelto le migliori imprese di spedizioni Sunbury-on-Thames<\/a><\/li><\/ul><\/nav><\/div>\n<h2><span class=\"ez-toc-section\" id=\"deugro_UK_Limited\"><\/span>deugro (UK) Limited<span class=\"ez-toc-section-end\"><\/span><\/h2>\n<p><img decoding=\"async\" src=\"https:\/\/moverdb.com\/wp-content\/uploads\/thumbnailpanoideO8VqVn8oAVZe1TLpD0D5Qcb_clientsearch.gws-prod.gpsw408h240yaw193.jpg\" alt='deugro (UK) Limited' class=\"aligncenter\"><\/p>\n<p><strong>Descrizione dell'azienda: <\/strong>Nessuno fornito<\/p>\n<p><strong>Servizi aggiuntivi:<\/strong><\/p>\n<p>Nessuno elencato<\/p>\n<p><strong>Indirizzo:<\/strong> Unit\u00e0 8, Windmill Business Village, Brooklands Cl, Sunbury-on-Thames TW16 7DY<\/p>\n<p><a href=\"https:\/\/deugro.com\/contact\/uk\/\" target=\"_new\" rel=\"noopener\">Sito web di deugro (UK) Limited<\/a><\/p>\n<p><strong>Punteggio della recensione: <\/strong>4.7<br \/> <strong>Numero di recensioni:<\/strong> 3<br \/><a href=\"https:\/\/www.google.co.uk\/maps?cid=5530544321020453157&#038;hl=en&#038;gl=GB\" target=\"_new\" rel=\"noopener\">Leggi le recensioni<\/a><\/p>\n<h2><span class=\"ez-toc-section\" id=\"LP_Customs_Clearance_Ltd\"><\/span>LP Sdoganamento Ltd<span class=\"ez-toc-section-end\"><\/span><\/h2>\n<p><img decoding=\"async\" src=\"https:\/\/moverdb.com\/wp-content\/uploads\/AF1QipNXhpvxiGx9qqQQqMFVhqESzTOyCgFWPfOoUO4Tw408-h544-k-no.jpg\" alt='LP Sdoganamento Ltd' class=\"aligncenter\"><\/p>\n<p><strong>Descrizione dell'azienda: <\/strong>LP Customs Clearance Ltd \u00e8 qui per aiutarvi con tutte le modalit\u00e0 di importazione o esportazione senza problemi con il nostro team veloce, efficiente ed esperto che vi offre tutte le opzioni per il modo migliore per elaborare le vostre spedizioni sia per via aerea, stradale o marittima siamo qui per voi.<\/p>\n<p><strong>Servizi aggiuntivi:<\/strong><\/p>\n<p>Intermediario doganale<\/p>\n<p>Magazzino doganale<\/p>\n<p>Societ\u00e0 di importazione ed esportazione<\/p>\n<p><strong>Indirizzo:<\/strong> POSTERIORE DI, 33 Hanworth Rd, Sunbury-on-Thames TW16 5DA<\/p>\n<p><a href=\"https:\/\/www.lpclearance.co.uk\/\" target=\"_new\" rel=\"noopener\">Sito web di LP Customs Clearance Ltd<\/a><\/p>\n<p><strong>Punteggio della recensione: <\/strong>4<br \/> <strong>Numero di recensioni:<\/strong> 8<br \/><a href=\"https:\/\/www.google.co.uk\/maps?cid=5729067304931526576&#038;hl=en&#038;gl=GB\" target=\"_new\" rel=\"noopener\">Leggi le recensioni<\/a><\/p>\n<h2><span class=\"ez-toc-section\" id=\"Angel_Freight_Ltd\"><\/span>Angel Freight Ltd<span class=\"ez-toc-section-end\"><\/span><\/h2>\n<p><img decoding=\"async\" src=\"https:\/\/moverdb.com\/wp-content\/uploads\/thumbnailpanoidzytGCIn19VXWUyErQXTjxgcb_clientsearch.gws-prod.gpsw408h240yaw109.jpg\" alt='Angel Freight Ltd' class=\"aligncenter\"><\/p>\n<p><strong>Descrizione dell'azienda: <\/strong>Siamo un'azienda di spedizioni multimodale con oltre 25 anni di esperienza nel settore delle spedizioni e con una rappresentanza in tutte le principali citt\u00e0 o <a href=\"https:\/\/moverdb.com\/it\/top-49-container-ports\/\" data-internallinksmanager029f6b8e52c=\"80\" title=\"I 49 porti container pi\u00f9 grandi e trafficati nel 2025\">porto<\/a> in tutto il mondo.<\/p>\n<p>Il nostro obiettivo \u00e8 quello di offrirvi i pi\u00f9 alti standard di servizio al cliente e di movimentare le vostre spedizioni ai prezzi pi\u00f9 competitivi del settore.<\/p>\n<p><strong>Servizi aggiuntivi:<\/strong><\/p>\n<p>Nessuno elencato<\/p>\n<p><strong>Indirizzo:<\/strong> 69-71 Windmill Rd, Sunbury-on-Thames TW16 7DT<\/p>\n<p><a href=\"https:\/\/angelfreight.co.uk\/\" target=\"_new\" rel=\"noopener\">Sito web di Angel Freight Ltd<\/a><\/p>\n<p><strong>Punteggio della recensione: <\/strong>2.1<br \/> <strong>Numero di recensioni:<\/strong> 7<br \/><a href=\"https:\/\/www.google.co.uk\/maps?cid=5208495247117539929&#038;hl=en&#038;gl=GB\" target=\"_new\" rel=\"noopener\">Leggi le recensioni<\/a><\/p>\n<h2><span class=\"ez-toc-section\" id=\"U-Freight_UK_Limited\"><\/span>U-Freight (UK) Limited<span class=\"ez-toc-section-end\"><\/span><\/h2>\n<p><img decoding=\"async\" src=\"https:\/\/moverdb.com\/wp-content\/uploads\/thumbnailpanoidTDBQ3DbFrWPvwkZLAhr0jAcb_clientsearch.gws-prod.gpsw408h240yaw1.jpg\" alt='U-Freight (UK) Limited' class=\"aligncenter\"><\/p>\n<p><strong>Descrizione dell'azienda: <\/strong>Nessuno fornito<\/p>\n<p><strong>Servizi aggiuntivi:<\/strong><\/p>\n<p>Nessuno elencato<\/p>\n<p><strong>Indirizzo:<\/strong> Unit\u00e0 8, 9 Brooklands Cl, Sunbury-on-Thames TW16 7DX<\/p>\n<p><a href=\"http:\/\/www.ufreight.com\/\" target=\"_new\" rel=\"noopener\">Sito web di U-Freight (UK) Limited<\/a><\/p>\n<p><strong>Punteggio della recensione: <\/strong>5<br \/> <strong>Numero di recensioni:<\/strong> 4<br \/><a href=\"https:\/\/www.google.co.uk\/maps?cid=8872454568932163827&#038;hl=en&#038;gl=GB\" target=\"_new\" rel=\"noopener\">Leggi le recensioni<\/a><\/p>\n<h2><span class=\"ez-toc-section\" id=\"World_Express_Freight_Ltd\"><\/span>World Express Freight Ltd<span class=\"ez-toc-section-end\"><\/span><\/h2>\n<p><img decoding=\"async\" src=\"https:\/\/moverdb.com\/wp-content\/uploads\/thumbnailpanoidG8fONxJ41BzMowIUb37DOAcb_clientsearch.gws-prod.gpsw408h240yaw103.jpg\" alt='World Express Freight Ltd' class=\"aligncenter\"><\/p>\n<p><strong>Descrizione dell'azienda: <\/strong>Nessuno fornito<\/p>\n<p><strong>Servizi aggiuntivi:<\/strong><\/p>\n<p>Nessuno elencato<\/p>\n<p><strong>Indirizzo:<\/strong> Dolphin Estate, Windmill Rd W, Sunbury-on-Thames TW16 7HE<\/p>\n<p><a href=\"https:\/\/wefl.co.uk\/\" target=\"_new\" rel=\"noopener\">Sito web di World Express Freight Ltd<\/a><\/p>\n<p><strong>Punteggio della recensione: <\/strong>5<br \/> <strong>Numero di recensioni:<\/strong> 2<br \/><a href=\"https:\/\/www.google.co.uk\/maps?cid=12996291089348836165&#038;hl=en&#038;gl=GB\" target=\"_new\" rel=\"noopener\">Leggi le recensioni<\/a><\/p>\n<h2><span class=\"ez-toc-section\" id=\"RIF_Group\"><\/span>Gruppo RIF<span class=\"ez-toc-section-end\"><\/span><\/h2>\n<p><img decoding=\"async\" src=\"https:\/\/moverdb.com\/wp-content\/uploads\/AF1QipOwyn1ufhBwjXId9BPx5kBCR3Nj_LepuvbG-75Aw408-h270-k-no.jpg\" alt='Gruppo RIF' class=\"aligncenter\"><\/p>\n<p><strong>Descrizione dell'azienda: <\/strong>RIF Worldwide Plc \u00e8 una delle aziende in pi\u00f9 rapida crescita nel mondo. <a href=\"https:\/\/moverdb.com\/it\/moving-to-the-uk\/\" data-internallinksmanager029f6b8e52c=\"93\" title=\"Trasferirsi nel Regno Unito? 2026 Costi di vita e consigli per il trasferimento\">REGNO UNITO<\/a>con un servizio pluripremiato e un'ampia gamma di prodotti e funzioni progettati per semplificare e sviluppare il commercio internazionale per i nostri clienti.<\/p>\n<p>Siamo specializzati nella fornitura di servizi di trasporto internazionale, da e verso tutti i punti del mondo, per via aerea, marittima e stradale.<\/p>\n<p><strong>Servizi aggiuntivi:<\/strong><\/p>\n<p>Nessuno elencato<\/p>\n<p><strong>Indirizzo:<\/strong> Piano 1, Brooklands Cl, Sunbury-on-Thames TW16 7DX<\/p>\n<p><a href=\"https:\/\/www.rifgroup.co.uk\/\" target=\"_new\" rel=\"noopener\">Sito web del Gruppo RIF<\/a><\/p>\n<p><strong>Punteggio della recensione: <\/strong>4.2<br \/> <strong>Numero di recensioni:<\/strong> 19<br \/><a href=\"https:\/\/www.google.co.uk\/maps?cid=5297496747632796655&#038;hl=en&#038;gl=GB\" target=\"_new\" rel=\"noopener\">Leggi le recensioni<\/a><\/p>\n<h2><span class=\"ez-toc-section\" id=\"JD_Freight\"><\/span>JD Freight<span class=\"ez-toc-section-end\"><\/span><\/h2>\n<p><img decoding=\"async\" src=\"https:\/\/moverdb.com\/wp-content\/uploads\/thumbnailpanoidq21kdBjsFEz8LAGbOE9H3gcb_clientsearch.gws-prod.gpsw408h240yaw314.jpg\" alt='JD Freight' class=\"aligncenter\"><\/p>\n<p><strong>Descrizione dell'azienda: <\/strong>Nessuno fornito<\/p>\n<p><strong>Servizi aggiuntivi:<\/strong><\/p>\n<p>Nessuno elencato<\/p>\n<p><strong>Indirizzo:<\/strong> Unit\u00e0 2, zona industriale Trade City, Sunbury-on-Thames TW16 7FD<\/p>\n<p><a href=\"http:\/\/www.jdfreight.co.uk\/\" target=\"_new\" rel=\"noopener\">Sito web di JD Freight<\/a><\/p>\n<p><strong>Punteggio della recensione: <\/strong>4.6<br \/> <strong>Numero di recensioni:<\/strong> 7<br \/><a href=\"https:\/\/www.google.co.uk\/maps?cid=17493338994248367708&#038;hl=en&#038;gl=GB\" target=\"_new\" rel=\"noopener\">Leggi le recensioni<\/a><\/p>\n<h2><span class=\"ez-toc-section\" id=\"How_we_picked_the_best_Sunbury-on-Thames_Freight_Forwarding_Companies\"><\/span>Come abbiamo scelto le migliori imprese di spedizioni Sunbury-on-Thames<span class=\"ez-toc-section-end\"><\/span><\/h2>\n<p>Siamo partiti da un set di 10 aziende di spedizioni Sunbury-on-Thames che abbiamo trovato tramite Google Maps e abbiamo ristretto il campo alle 7 migliori.<\/p>\n<p>A tal fine abbiamo eliminato tutte le aziende che:<\/p>\n<ul>\n<li> Non aveva un sito web<\/li>\n<li> Non ha avuto recensioni<\/li>\n<li> Ha avuto un punteggio medio delle recensioni inferiore a 2,0<\/li>\n<\/ul>\n<p>A questo punto, se avevamo 17 o meno spedizionieri, li abbiamo elencati tutti.<\/p>\n<p>Per le citt\u00e0 in cui rimanevano pi\u00f9 di 17 spedizionieri, abbiamo effettuato ulteriori revisioni aumentando il punteggio delle recensioni richiesto (ad esempio, passando da un minimo di 2,0 a 4,0) e\/o aumentando il numero minimo di recensioni richieste (ad esempio, passando da almeno 1 recensione ad almeno 10).<\/p>\n<p>Si noti che abbiamo utilizzato solo i dati delle recensioni di Google Maps e non di altri siti web di terze parti.<\/p>\n<p>Altre citt\u00e0:<\/p>\n<p><a href=\"https:\/\/moverdb.com\/it\/spedizioniere\/freight-forwarding-uk\/hull-freight-forwarder\/\">Spedizioniere Hull<\/a><br \/><a href=\"https:\/\/moverdb.com\/it\/spedizioniere\/freight-forwarding-uk\/witham-freight-forwarder\/\">Spedizioniere Witham<\/a><br \/><a href=\"https:\/\/moverdb.com\/it\/spedizioniere\/freight-forwarding-uk\/paisley-freight-forwarder\/\">Spedizioniere Paisley<\/a><br \/><a href=\"https:\/\/moverdb.com\/it\/spedizioniere\/freight-forwarding-uk\/tamworth-freight-forwarder\/\">Spedizioniere Tamworth<\/a><br \/><a href=\"https:\/\/moverdb.com\/it\/spedizioniere\/freight-forwarding-uk\/exeter-freight-forwarder\/\">Spedizioniere di Exeter<\/a><\/p>","protected":false},"excerpt":{"rendered":"<p>Below we look at the 7 &#8220;best&#8221; Freight Forwarding companies in Sunbury-on-Thames out of 10. To learn more about how we chose the best please consult our FAQ section at the end. Please not the following listings are in no particular order and we are not making any recommendations for any particular company. deugro (UK) [&hellip;]<\/p>\n","protected":false},"author":1,"featured_media":0,"parent":13427,"menu_order":0,"comment_status":"open","ping_status":"open","template":"","meta":{"_genesis_hide_title":false,"_genesis_hide_breadcrumbs":false,"_genesis_hide_singular_image":false,"_genesis_hide_footer_widgets":false,"_genesis_custom_body_class":"","_genesis_custom_post_class":"","_genesis_layout":"","footnotes":""},"class_list":{"0":"post-13821","1":"page","2":"type-page","3":"status-publish","5":"entry"},"_links":{"self":[{"href":"https:\/\/moverdb.com\/it\/wp-json\/wp\/v2\/pages\/13821","targetHints":{"allow":["GET"]}}],"collection":[{"href":"https:\/\/moverdb.com\/it\/wp-json\/wp\/v2\/pages"}],"about":[{"href":"https:\/\/moverdb.com\/it\/wp-json\/wp\/v2\/types\/page"}],"author":[{"embeddable":true,"href":"https:\/\/moverdb.com\/it\/wp-json\/wp\/v2\/users\/1"}],"replies":[{"embeddable":true,"href":"https:\/\/moverdb.com\/it\/wp-json\/wp\/v2\/comments?post=13821"}],"version-history":[{"count":1,"href":"https:\/\/moverdb.com\/it\/wp-json\/wp\/v2\/pages\/13821\/revisions"}],"predecessor-version":[{"id":15800,"href":"https:\/\/moverdb.com\/it\/wp-json\/wp\/v2\/pages\/13821\/revisions\/15800"}],"up":[{"embeddable":true,"href":"https:\/\/moverdb.com\/it\/wp-json\/wp\/v2\/pages\/13427"}],"wp:attachment":[{"href":"https:\/\/moverdb.com\/it\/wp-json\/wp\/v2\/media?parent=13821"}],"curies":[{"name":"wp","href":"https:\/\/api.w.org\/{rel}","templated":true}]}}