{"id":13796,"date":"2023-11-08T15:52:42","date_gmt":"2023-11-08T15:52:42","guid":{"rendered":"https:\/\/moverdb.com\/freight-forwarder\/freight-forwarding-uk\/leicester-freight-forwarder\/"},"modified":"2026-01-08T13:18:15","modified_gmt":"2026-01-08T13:18:15","slug":"leicester-freight-forwarder","status":"publish","type":"page","link":"https:\/\/moverdb.com\/it\/freight-forwarder\/freight-forwarding-uk\/leicester-freight-forwarder\/","title":{"rendered":"8 Migliori imprese di spedizione di Leicester (2024)"},"content":{"rendered":"<p>Di seguito vengono analizzati gli 8 <em>\"migliore\"<\/em> Imprese di spedizione merci a Leicester su 21.<\/p>\n<p>Per saperne di pi\u00f9 su come abbiamo scelto i migliori, consultate la sezione FAQ alla fine.<\/p>\n<p><em>Si prega di notare che i seguenti elenchi non sono in ordine particolare e che non stiamo facendo raccomandazioni per nessuna azienda in particolare.<\/em><\/p>\n<div id=\"ez-toc-container\" class=\"ez-toc-v2_0_82_2 ez-toc-wrap-left counter-hierarchy ez-toc-counter ez-toc-transparent ez-toc-container-direction\">\n<div class=\"ez-toc-title-container\">\n<p class=\"ez-toc-title\" style=\"cursor:inherit\">Sezioni<\/p>\n<span class=\"ez-toc-title-toggle\"><a href=\"#\" class=\"ez-toc-pull-right ez-toc-btn ez-toc-btn-xs ez-toc-btn-default ez-toc-toggle\" aria-label=\"Allinea la tabella dei contenuti\"><span class=\"ez-toc-js-icon-con\"><span class=\"\"><span class=\"eztoc-hide\" style=\"display:none;\">Toggle<\/span><span class=\"ez-toc-icon-toggle-span\"><svg style=\"fill: #999;color:#999\" xmlns=\"http:\/\/www.w3.org\/2000\/svg\" class=\"list-377408\" width=\"20px\" height=\"20px\" viewbox=\"0 0 24 24\" fill=\"none\"><path d=\"M6 6H4v2h2V6zm14 0H8v2h12V6zM4 11h2v2H4v-2zm16 0H8v2h12v-2zM4 16h2v2H4v-2zm16 0H8v2h12v-2z\" fill=\"currentColor\"><\/path><\/svg><svg style=\"fill: #999;color:#999\" class=\"arrow-unsorted-368013\" xmlns=\"http:\/\/www.w3.org\/2000\/svg\" width=\"10px\" height=\"10px\" viewbox=\"0 0 24 24\" version=\"1.2\" baseprofile=\"tiny\"><path d=\"M18.2 9.3l-6.2-6.3-6.2 6.3c-.2.2-.3.4-.3.7s.1.5.3.7c.2.2.4.3.7.3h11c.3 0 .5-.1.7-.3.2-.2.3-.5.3-.7s-.1-.5-.3-.7zM5.8 14.7l6.2 6.3 6.2-6.3c.2-.2.3-.5.3-.7s-.1-.5-.3-.7c-.2-.2-.4-.3-.7-.3h-11c-.3 0-.5.1-.7.3-.2.2-.3.5-.3.7s.1.5.3.7z\"\/><\/svg><\/span><\/span><\/span><\/a><\/span><\/div>\n<nav><ul class='ez-toc-list ez-toc-list-level-1 eztoc-toggle-hide-by-default' ><li class='ez-toc-page-1 ez-toc-heading-level-2'><a class=\"ez-toc-link ez-toc-heading-1\" href=\"https:\/\/moverdb.com\/it\/freight-forwarder\/freight-forwarding-uk\/leicester-freight-forwarder\/#United_Pallet_Network\" >United Pallet Network<\/a><\/li><li class='ez-toc-page-1 ez-toc-heading-level-2'><a class=\"ez-toc-link ez-toc-heading-2\" href=\"https:\/\/moverdb.com\/it\/freight-forwarder\/freight-forwarding-uk\/leicester-freight-forwarder\/#Pinnacle_International_Freight_Ltd\" >Pinnacle International Freight Ltd<\/a><\/li><li class='ez-toc-page-1 ez-toc-heading-level-2'><a class=\"ez-toc-link ez-toc-heading-3\" href=\"https:\/\/moverdb.com\/it\/freight-forwarder\/freight-forwarding-uk\/leicester-freight-forwarder\/#Coedma_Freight_International_Ltd\" >Coedma Freight International Ltd<\/a><\/li><li class='ez-toc-page-1 ez-toc-heading-level-2'><a class=\"ez-toc-link ez-toc-heading-4\" href=\"https:\/\/moverdb.com\/it\/freight-forwarder\/freight-forwarding-uk\/leicester-freight-forwarder\/#Al-Noor_Logistics_Ltd\" >Al-Noor Logistics Ltd<\/a><\/li><li class='ez-toc-page-1 ez-toc-heading-level-2'><a class=\"ez-toc-link ez-toc-heading-5\" href=\"https:\/\/moverdb.com\/it\/freight-forwarder\/freight-forwarding-uk\/leicester-freight-forwarder\/#DTDC_Courier_Cargo_Ltd\" >DTDC Courier &amp; Cargo Ltd<\/a><\/li><li class='ez-toc-page-1 ez-toc-heading-level-2'><a class=\"ez-toc-link ez-toc-heading-6\" href=\"https:\/\/moverdb.com\/it\/freight-forwarder\/freight-forwarding-uk\/leicester-freight-forwarder\/#Apex_Cargo_Office\" >Ufficio Apex Cargo<\/a><\/li><li class='ez-toc-page-1 ez-toc-heading-level-2'><a class=\"ez-toc-link ez-toc-heading-7\" href=\"https:\/\/moverdb.com\/it\/freight-forwarder\/freight-forwarding-uk\/leicester-freight-forwarder\/#Apex_Cargo_Warehouse\" >Magazzino Apex Cargo<\/a><\/li><li class='ez-toc-page-1 ez-toc-heading-level-2'><a class=\"ez-toc-link ez-toc-heading-8\" href=\"https:\/\/moverdb.com\/it\/freight-forwarder\/freight-forwarding-uk\/leicester-freight-forwarder\/#CLA_UK_Ltd\" >CLA UK Ltd<\/a><\/li><li class='ez-toc-page-1 ez-toc-heading-level-2'><a class=\"ez-toc-link ez-toc-heading-9\" href=\"https:\/\/moverdb.com\/it\/freight-forwarder\/freight-forwarding-uk\/leicester-freight-forwarder\/#How_we_picked_the_best_Leicester_Freight_Forwarding_Companies\" >Come abbiamo scelto le migliori societ\u00e0 di spedizioni Leicester<\/a><\/li><\/ul><\/nav><\/div>\n<h2><span class=\"ez-toc-section\" id=\"United_Pallet_Network\"><\/span>United Pallet Network<span class=\"ez-toc-section-end\"><\/span><\/h2>\n<p><img decoding=\"async\" src=\"https:\/\/moverdb.com\/wp-content\/uploads\/thumbnailpanoidHUForZabvUoKg1en1qa_cgcb_clientsearch.gws-prod.gpsw408h240yaw147.jpg\" alt='United Pallet Network' class=\"aligncenter\"><\/p>\n<p><strong>Descrizione dell'azienda: <\/strong>Nessuno fornito<\/p>\n<p><strong>Servizi aggiuntivi:<\/strong><\/p>\n<p>Nessuno elencato<\/p>\n<p><strong>Indirizzo:<\/strong> Vantage Business Park, 8 High View Cl, Leicester LE4 9LJ<\/p>\n<p><a href=\"https:\/\/www.upn.co.uk\/\" target=\"_new\" rel=\"noopener\">Sito web di United Pallet Network<\/a><\/p>\n<p><strong>Punteggio della recensione: <\/strong>5<br \/> <strong>Numero di recensioni:<\/strong> 1<br \/><a href=\"https:\/\/www.google.co.uk\/maps?cid=3603698490243004051&#038;hl=en&#038;gl=GB\" target=\"_new\" rel=\"noopener\">Leggi le recensioni<\/a><\/p>\n<h2><span class=\"ez-toc-section\" id=\"Pinnacle_International_Freight_Ltd\"><\/span>Pinnacle International Freight Ltd<span class=\"ez-toc-section-end\"><\/span><\/h2>\n<p><img decoding=\"async\" src=\"https:\/\/lh5.googleusercontent.com\/p\/AF1QipO-3htqxL83v2kb1oQf5MWZib2Hyc9zXU3hHXlX=w408-h297-k-no\" alt=\"Pinnacle International Freight Ltd\" class=\"aligncenter\"><\/p>\n<p><strong>Descrizione dell'azienda: <\/strong>Di propriet\u00e0 privata dal 1972, Pinnacle \u00e8 un'azienda di spedizioni di qualit\u00e0 con uffici e magazzini nel Regno Unito. <a href=\"https:\/\/moverdb.com\/it\/moving-to-the-uk\/\" data-internallinksmanager029f6b8e52c=\"93\" title=\"Trasferirsi nel Regno Unito? 2026 Costi di vita e consigli per il trasferimento\">REGNO UNITO<\/a> e <a href=\"https:\/\/moverdb.com\/it\/moving-to-the-united-states\/\" data-internallinksmanager029f6b8e52c=\"94\" title=\"Trasferirsi negli Stati Uniti? 2026 Costi di vita e consigli per il trasferimento\">USA<\/a>.<\/p>\n<p> Pinnacle supporta le imprese nelle attivit\u00e0 di importazione, esportazione, commercio incrociato, stoccaggio e distribuzione.<\/p>\n<p>Offriamo servizi di trasporto merci per una variet\u00e0 di carichi, compresi quelli fuori sagoma e gli articoli pesanti.<\/p>\n<p> Forniamo anche un servizio interno di imballaggio per l'esportazione di alta qualit\u00e0 e siamo in grado di gestire merci pericolose, compresi i carichi radioattivi.<\/p>\n<p>I nostri servizi principali:<br \/>\nTrasporto aereo<br \/>\nTrasporto marittimo<br \/>\nMagazzino (stoccaggio, adempimento, eCommerce, integrazione di sistemi)<br \/>\nImballaggio per l'esportazione<br \/>\nTrasporto marittimo transatlantico<br \/>\nImballaggio e spedizione di merci pericolose<br \/>\nLogistica della difesa e dell'aerospazio<br \/>\nProgetti speciali<\/p>\n<p>Contattate il nostro team per maggiori informazioni.<\/p>\n<p><strong>Servizi aggiuntivi:<\/strong><\/p>\n<p>Servizio di e-commerce<\/p>\n<p>Societ\u00e0 di importazione ed esportazione<\/p>\n<p>Macchinari per l'imballaggio<\/p>\n<p>Magazzino<\/p>\n<p><strong>Indirizzo:<\/strong> 1 Swannington Rd, Cottage Lane Industrial Estate, Leicester LE9 6TU<\/p>\n<p><a href=\"https:\/\/www.pinnaclefreight.com\/\" target=\"_new\" rel=\"noopener\">Sito web di Pinnacle International Freight Ltd<\/a><\/p>\n<p><strong>Punteggio della recensione: <\/strong>4.4<br \/> <strong>Numero di recensioni:<\/strong> 22<br \/><a href=\"https:\/\/www.google.co.uk\/maps?cid=10859720116746224536&#038;hl=en&#038;gl=GB\" target=\"_new\" rel=\"noopener\">Leggi le recensioni<\/a><\/p>\n<h2><span class=\"ez-toc-section\" id=\"Coedma_Freight_International_Ltd\"><\/span>Coedma Freight International Ltd<span class=\"ez-toc-section-end\"><\/span><\/h2>\n<p><img decoding=\"async\" src=\"https:\/\/moverdb.com\/wp-content\/uploads\/AF1QipP8WGcbuB23ZdwnwbtBnjObo9c4oryvSdFaMR4_w408-h306-k-no.jpg\" alt='Coedma Freight International Ltd' class=\"aligncenter\"><\/p>\n<p><strong>Descrizione dell'azienda: <\/strong>Nessuno fornito<\/p>\n<p><strong>Servizi aggiuntivi:<\/strong><\/p>\n<p>Nessuno elencato<\/p>\n<p><strong>Indirizzo:<\/strong> 8 Eldon St, Leicester LE1 3QL<\/p>\n<p><a href=\"http:\/\/www.coedmafreight.com\/\" target=\"_new\" rel=\"noopener\">Sito web di Coedma Freight International Ltd<\/a><\/p>\n<p><strong>Punteggio della recensione: <\/strong>4.2<br \/> <strong>Numero di recensioni:<\/strong> 63<br \/><a href=\"https:\/\/www.google.co.uk\/maps?cid=2698514720895051628&#038;hl=en&#038;gl=GB\" target=\"_new\" rel=\"noopener\">Leggi le recensioni<\/a><\/p>\n<h2><span class=\"ez-toc-section\" id=\"Al-Noor_Logistics_Ltd\"><\/span>Al-Noor Logistics Ltd<span class=\"ez-toc-section-end\"><\/span><\/h2>\n<p><img decoding=\"async\" src=\"https:\/\/moverdb.com\/wp-content\/uploads\/AF1QipMtAEadfQ9Va3ZQAb5JymQKmlITShC_bpHp6BAbw408-h544-k-no.jpg\" alt='Al-Noor Logistics Ltd' class=\"aligncenter\"><\/p>\n<p><strong>Descrizione dell'azienda: <\/strong>Al-Noor Logistics Ltd offre servizi di trasporto marittimo, corriere, autotrasporto e spedizione verso il Gambia e all'interno del Regno Unito e dell'UE su cui potete sempre contare.<\/p>\n<p> Avere un team affidabile permette alla nostra azienda di gestire ogni cliente e carico con pazienza e attenzione.<\/p>\n<p> Al-Noor Logistics Ltd offre anche servizi personalizzati per ogni cliente.<\/p>\n<p> Questo assicura che le informazioni e i servizi siano forniti in modo tempestivo.<\/p>\n<p><strong>Servizi aggiuntivi:<\/strong><\/p>\n<p>Servizio di corriere<\/p>\n<p>Servizio traslochi<\/p>\n<p><strong>Indirizzo:<\/strong> 12A Navigation St, Leicester LE1 3UR<\/p>\n<p><a href=\"https:\/\/www.al-noorlogistics.com\/\" target=\"_new\" rel=\"noopener\">Sito web di Al-Noor Logistics Ltd<\/a><\/p>\n<p><strong>Punteggio della recensione: <\/strong>5<br \/> <strong>Numero di recensioni:<\/strong> 1<br \/><a href=\"https:\/\/www.google.co.uk\/maps?cid=13842802265785484999&#038;hl=en&#038;gl=GB\" target=\"_new\" rel=\"noopener\">Leggi le recensioni<\/a><\/p>\n<h2><span class=\"ez-toc-section\" id=\"DTDC_Courier_Cargo_Ltd\"><\/span>DTDC Courier &amp; Cargo Ltd<span class=\"ez-toc-section-end\"><\/span><\/h2>\n<p><img decoding=\"async\" src=\"https:\/\/moverdb.com\/wp-content\/uploads\/thumbnailpanoidvZ8q_uBB_32CgH8HAuWo9gcb_clientsearch.gws-prod.gpsw408h240yaw286.jpg\" alt='DTDC Courier &amp; Cargo Ltd' class=\"aligncenter\"><\/p>\n<p><strong>Descrizione dell'azienda: <\/strong>Inviare un pacco \/ Inviare un cargo aereo \/ Inviare un corriere \/ Inviare documenti \/ Spedire un cargo \/ Inviare un cargo marittimo \/ Inviare documenti urgenti \/ Inviare una busta \/ Inviare una lettera in formato A4 a <a href=\"https:\/\/moverdb.com\/it\/moving-to-india\/\" data-internallinksmanager029f6b8e52c=\"356\" title=\"Trasferirsi in India? 2026 Costi di vita e consigli per il trasferimento\">India<\/a>, Pakistan, <a href=\"https:\/\/moverdb.com\/it\/moving-to-dubai\/\" data-internallinksmanager029f6b8e52c=\"246\" title=\"Trasferirsi a Dubai? 2026 Costi di vita e consigli per il trasferimento\">Dubai<\/a>, Srilanka, <a href=\"https:\/\/moverdb.com\/it\/moving-companies\/moving-companies-kenya\/\" data-internallinksmanager029f6b8e52c=\"305\" title=\"Le 4 migliori aziende di traslochi internazionali in Kenya\">Kenya<\/a>, Tanzania, Zambia, USA, <a href=\"https:\/\/moverdb.com\/it\/moving-to-canada\/\" data-internallinksmanager029f6b8e52c=\"265\" title=\"Trasferirsi in Canada? 2026 Costi di vita e consigli per il trasferimento\">Canada<\/a>, <a href=\"https:\/\/moverdb.com\/it\/moving-to-australia\/living-in-australia\/\" data-internallinksmanager029f6b8e52c=\"240\" title=\"21 segreti su come vivere in Australia da conoscere prima di trasferirsi\">Australia<\/a>, <a href=\"https:\/\/moverdb.com\/it\/moving-to-new-zealand\/\" data-internallinksmanager029f6b8e52c=\"324\" title=\"Trasferirsi in Nuova Zelanda? 2026 Costi di vita e consigli per il trasferimento\">Nuova Zelanda<\/a>, <a href=\"https:\/\/moverdb.com\/it\/moving-to-germany\/\" data-internallinksmanager029f6b8e52c=\"321\" title=\"Trasferirsi in Germania? 2026 Costi di vita e consigli per il trasferimento\">Germania<\/a>, <a href=\"https:\/\/moverdb.com\/it\/moving-to-switzerland\/\" data-internallinksmanager029f6b8e52c=\"327\" title=\"Trasferirsi in Svizzera? 2026 Costi di vita e consigli per il trasferimento\">Svizzera<\/a>, <a href=\"https:\/\/moverdb.com\/it\/moving-to-italy\/\" data-internallinksmanager029f6b8e52c=\"346\" title=\"Trasferirsi in Italia? 2026 Costi di vita e consigli per il trasferimento\">Italia<\/a>, <a href=\"https:\/\/moverdb.com\/it\/moving-to-spain\/\" data-internallinksmanager029f6b8e52c=\"266\" title=\"Trasferirsi in Spagna? 2026 Costi di vita e consigli per il trasferimento\">Spagna<\/a>, <a href=\"https:\/\/moverdb.com\/it\/moving-companies\/moving-companies-nigeria\/\" data-internallinksmanager029f6b8e52c=\"280\" title=\"Le 10 migliori aziende di traslochi internazionali in Nigeria\">Nigeria<\/a>, <a href=\"https:\/\/moverdb.com\/it\/moving-companies\/moving-companies-ghana\/\" data-internallinksmanager029f6b8e52c=\"228\" title=\"2 Migliori imprese di traslochi internazionali in Ghana\">Ghana<\/a>, <a href=\"https:\/\/moverdb.com\/it\/moving-to-portugal\/\" data-internallinksmanager029f6b8e52c=\"316\" title=\"Trasferirsi in Portogallo? 2026 Costi di vita e consigli per il trasferimento\">Portogallo<\/a>, Romania, <a href=\"https:\/\/moverdb.com\/it\/moving-to-norway\/\" data-internallinksmanager029f6b8e52c=\"325\" title=\"Trasferirsi in Norvegia? 2026 Costi di vita e consigli per il trasferimento\">Norvegia<\/a>, <a href=\"https:\/\/moverdb.com\/it\/moving-to-bulgaria\/\" data-internallinksmanager029f6b8e52c=\"322\" title=\"Trasferirsi in Bulgaria? 2026 Costi di vita e consigli per il trasferimento\">Bulgaria<\/a>, <a href=\"https:\/\/moverdb.com\/it\/moving-to-belgium\/\" data-internallinksmanager029f6b8e52c=\"323\" title=\"Trasferirsi in Belgio? 2026 Costi di vita e consigli per il trasferimento\">Belgio<\/a>, <a href=\"https:\/\/moverdb.com\/it\/moving-to-the-netherlands\/\" data-internallinksmanager029f6b8e52c=\"328\" title=\"Trasferirsi nei Paesi Bassi? 2026 Costi di vita e consigli per il trasferimento\">Paesi Bassi<\/a>, <a href=\"https:\/\/moverdb.com\/it\/moving-to-ireland\/\" data-internallinksmanager029f6b8e52c=\"320\" title=\"Trasferirsi in Irlanda? 2026 Costi di vita e consigli per il trasferimento\">Irlanda<\/a>, <a href=\"https:\/\/moverdb.com\/it\/moving-to-hong-kong\/\" data-internallinksmanager029f6b8e52c=\"350\" title=\"Trasferirsi a Hong Kong? 2026 Costi di vita e consigli per il trasferimento\">Hong Kong<\/a>.<\/p>\n<p>facciamo tutto questo a prezzi competitivi e con un eccellente servizio di consegna.<\/p>\n<p>Servizio di consegna pacchi espresso in tutto il mondo.<\/p>\n<p>Sdoganamento delle importazioni.<\/p>\n<p>Bagaglio in eccesso.<\/p>\n<p>Trasporto aereo Export Traslochi internazionali.<\/p>\n<p>Trasporto stradale europeo.<\/p>\n<p>Servizio pacchi specializzato per India e Stati Uniti, <a href=\"https:\/\/moverdb.com\/it\/moving-to-china\/\" data-internallinksmanager029f6b8e52c=\"357\" title=\"Trasferirsi in Cina? 2026 Costi di vita e consigli per il trasferimento\">Cina<\/a>, Hong Kong, Kenya, Tanzania, Sri Lanka, Dubai, <a href=\"https:\/\/moverdb.com\/it\/moving-to-the-uae\/\" data-internallinksmanager029f6b8e52c=\"329\" title=\"Trasferirsi negli Emirati Arabi Uniti (EAU)? 2026 Costi di vita e consigli per il trasferimento\">UAE<\/a>, Pakistan, <a href=\"https:\/\/moverdb.com\/it\/moving-companies\/moving-companies-nepal\/\" data-internallinksmanager029f6b8e52c=\"283\" title=\"Le migliori aziende di traslochi internazionali in Nepal\">Nepal<\/a> e in tutto il mondo.<\/p>\n<p><strong>Servizi aggiuntivi:<\/strong><\/p>\n<p>Servizio di corriere<\/p>\n<p>Servizio logistico<\/p>\n<p>Societ\u00e0 di consegna<\/p>\n<p><strong>Indirizzo:<\/strong> Accanto a Domino Pizza, 30c Melton Rd, Leicester LE4 5EA<\/p>\n<p><a href=\"http:\/\/dtdexpress.co.uk\/\" target=\"_new\" rel=\"noopener\">Sito web di DTDC Courier &amp; Cargo Ltd<\/a><\/p>\n<p><strong>Punteggio della recensione: <\/strong>4.1<br \/> <strong>Numero di recensioni:<\/strong> 23<br \/><a href=\"https:\/\/www.google.co.uk\/maps?cid=76148574372916641&#038;hl=en&#038;gl=GB\" target=\"_new\" rel=\"noopener\">Leggi le recensioni<\/a><\/p>\n<h2><span class=\"ez-toc-section\" id=\"Apex_Cargo_Office\"><\/span>Ufficio Apex Cargo<span class=\"ez-toc-section-end\"><\/span><\/h2>\n<p><img decoding=\"async\" src=\"https:\/\/moverdb.com\/wp-content\/uploads\/AF1QipM8vh-2Tw_s8sO4CitLdq-oeZwgV31Jl1JTVMcyw648-h240-k-no.jpg\" alt='Ufficio Apex Cargo' class=\"aligncenter\"><\/p>\n<p><strong>Descrizione dell'azienda: <\/strong>Agenti di spedizione commerciale e personale con sede a Leicester, Regno Unito.<\/p>\n<p> Siamo qui per tutte le vostre esigenze di trasporto aereo, marittimo, corriere, RORO e imballaggio!<\/p>\n<p><strong>Servizi aggiuntivi:<\/strong><\/p>\n<p>Nessuno elencato<\/p>\n<p><strong>Indirizzo:<\/strong> 93 Evington Rd, Leicester LE2 1QH<\/p>\n<p><a href=\"http:\/\/www.apexcargo.co.uk\/\" target=\"_new\" rel=\"noopener\">Sito web di Apex Cargo Office<\/a><\/p>\n<p><strong>Punteggio della recensione: <\/strong>4.7<br \/> <strong>Numero di recensioni:<\/strong> 143<br \/><a href=\"https:\/\/www.google.co.uk\/maps?cid=5683667821203236023&#038;hl=en&#038;gl=GB\" target=\"_new\" rel=\"noopener\">Leggi le recensioni<\/a><\/p>\n<h2><span class=\"ez-toc-section\" id=\"Apex_Cargo_Warehouse\"><\/span>Magazzino Apex Cargo<span class=\"ez-toc-section-end\"><\/span><\/h2>\n<p><img decoding=\"async\" src=\"https:\/\/moverdb.com\/wp-content\/uploads\/AF1QipN5VJnTa3s9DusD7tnTtF1LdkY-oD6z8kqOS0ZGw408-h327-k-no.jpg\" alt='Magazzino Apex Cargo' class=\"aligncenter\"><\/p>\n<p><strong>Descrizione dell'azienda: <\/strong>Agenti marittimi commerciali e personali con sede a Leicester, Regno Unito.<\/p>\n<p> Siamo qui per tutte le vostre esigenze di trasporto aereo, marittimo, corriere, RORO e imballaggio!<\/p>\n<p><strong>Servizi aggiuntivi:<\/strong><\/p>\n<p>Nessuno elencato<\/p>\n<p><strong>Indirizzo:<\/strong> Unit\u00e0 3 Wheat St, Leicester LE1 2AG<\/p>\n<p><a href=\"https:\/\/apexcargo.co.uk\/\" target=\"_new\" rel=\"noopener\">Sito web di Apex Cargo Warehouse<\/a><\/p>\n<p><strong>Punteggio della recensione: <\/strong>5<br \/> <strong>Numero di recensioni:<\/strong> 6<br \/><a href=\"https:\/\/www.google.co.uk\/maps?cid=13453460755086086291&#038;hl=en&#038;gl=GB\" target=\"_new\" rel=\"noopener\">Leggi le recensioni<\/a><\/p>\n<h2><span class=\"ez-toc-section\" id=\"CLA_UK_Ltd\"><\/span>CLA UK Ltd<span class=\"ez-toc-section-end\"><\/span><\/h2>\n<p><img decoding=\"async\" src=\"https:\/\/moverdb.com\/wp-content\/uploads\/AF1QipPYmWVhQ4mONrV_yzKPziNFhOGqzBVZFoyv7yr_w408-h408-k-no.jpg\" alt='CLA UK Ltd' class=\"aligncenter\"><\/p>\n<p><strong>Descrizione dell'azienda: <\/strong>Servizi di trasporto specializzati nella logistica paneuropea<\/p>\n<p><strong>Servizi aggiuntivi:<\/strong><\/p>\n<p>Nessuno elencato<\/p>\n<p><strong>Indirizzo:<\/strong> 15 Nursery Ct, Kibworth Harcourt, Leicester LE8 0EX<\/p>\n<p><a href=\"http:\/\/www.cla-uk.com\/\" target=\"_new\" rel=\"noopener\">Sito web di CLA UK Ltd<\/a><\/p>\n<p><strong>Punteggio della recensione: <\/strong>5<br \/> <strong>Numero di recensioni:<\/strong> 1<br \/><a href=\"https:\/\/www.google.co.uk\/maps?cid=12756722996247192377&#038;hl=en&#038;gl=GB\" target=\"_new\" rel=\"noopener\">Leggi le recensioni<\/a><\/p>\n<h2><span class=\"ez-toc-section\" id=\"How_we_picked_the_best_Leicester_Freight_Forwarding_Companies\"><\/span>Come abbiamo scelto le migliori societ\u00e0 di spedizioni Leicester<span class=\"ez-toc-section-end\"><\/span><\/h2>\n<p>Siamo partiti da un set di dati di 21 societ\u00e0 di spedizioni di Leicester che abbiamo trovato tramite Google Maps e abbiamo ristretto il campo alle 8 migliori.<\/p>\n<p>A tal fine abbiamo eliminato tutte le aziende che:<\/p>\n<ul>\n<li> Non aveva un sito web<\/li>\n<li> Non ha avuto recensioni<\/li>\n<li> Ha avuto un punteggio medio delle recensioni inferiore a 2,0<\/li>\n<\/ul>\n<p>A questo punto, se avevamo 17 o meno spedizionieri, li abbiamo elencati tutti.<\/p>\n<p>Per le citt\u00e0 in cui rimanevano pi\u00f9 di 17 spedizionieri, abbiamo effettuato ulteriori revisioni aumentando il punteggio delle recensioni richiesto (ad esempio, passando da un minimo di 2,0 a 4,0) e\/o aumentando il numero minimo di recensioni richieste (ad esempio, passando da almeno 1 recensione ad almeno 10).<\/p>\n<p>Si noti che abbiamo utilizzato solo i dati delle recensioni di Google Maps e non di altri siti web di terze parti.<\/p>\n<p>Altre citt\u00e0:<\/p>\n<p><a href=\"https:\/\/moverdb.com\/it\/spedizioniere\/freight-forwarding-uk\/dartford-freight-forwarder\/\">Spedizioniere di Dartford<\/a><br \/><a href=\"https:\/\/moverdb.com\/it\/spedizioniere\/freight-forwarding-uk\/grays-freight-forwarder\/\">Spedizioniere Grays<\/a><br \/><a href=\"https:\/\/moverdb.com\/it\/spedizioniere\/freight-forwarding-uk\/sunbury-on-thames-freight-forwarder\/\">Spedizioniere di Sunbury-on-Thames<\/a><br \/><a href=\"https:\/\/moverdb.com\/it\/spedizioniere\/freight-forwarding-uk\/hull-freight-forwarder\/\">Spedizioniere Hull<\/a><br \/><a href=\"https:\/\/moverdb.com\/it\/spedizioniere\/freight-forwarding-uk\/witham-freight-forwarder\/\">Spedizioniere Witham<\/a><\/p>","protected":false},"excerpt":{"rendered":"<p>Below we look at the 8 &#8220;best&#8221; Freight Forwarding companies in Leicester out of 21. To learn more about how we chose the best please consult our FAQ section at the end. Please not the following listings are in no particular order and we are not making any recommendations for any particular company. United Pallet [&hellip;]<\/p>\n","protected":false},"author":1,"featured_media":0,"parent":13427,"menu_order":0,"comment_status":"open","ping_status":"open","template":"","meta":{"_genesis_hide_title":false,"_genesis_hide_breadcrumbs":false,"_genesis_hide_singular_image":false,"_genesis_hide_footer_widgets":false,"_genesis_custom_body_class":"","_genesis_custom_post_class":"","_genesis_layout":"","footnotes":""},"class_list":{"0":"post-13796","1":"page","2":"type-page","3":"status-publish","5":"entry"},"_links":{"self":[{"href":"https:\/\/moverdb.com\/it\/wp-json\/wp\/v2\/pages\/13796","targetHints":{"allow":["GET"]}}],"collection":[{"href":"https:\/\/moverdb.com\/it\/wp-json\/wp\/v2\/pages"}],"about":[{"href":"https:\/\/moverdb.com\/it\/wp-json\/wp\/v2\/types\/page"}],"author":[{"embeddable":true,"href":"https:\/\/moverdb.com\/it\/wp-json\/wp\/v2\/users\/1"}],"replies":[{"embeddable":true,"href":"https:\/\/moverdb.com\/it\/wp-json\/wp\/v2\/comments?post=13796"}],"version-history":[{"count":1,"href":"https:\/\/moverdb.com\/it\/wp-json\/wp\/v2\/pages\/13796\/revisions"}],"predecessor-version":[{"id":15805,"href":"https:\/\/moverdb.com\/it\/wp-json\/wp\/v2\/pages\/13796\/revisions\/15805"}],"up":[{"embeddable":true,"href":"https:\/\/moverdb.com\/it\/wp-json\/wp\/v2\/pages\/13427"}],"wp:attachment":[{"href":"https:\/\/moverdb.com\/it\/wp-json\/wp\/v2\/media?parent=13796"}],"curies":[{"name":"wp","href":"https:\/\/api.w.org\/{rel}","templated":true}]}}