{"id":13713,"date":"2023-11-08T15:51:25","date_gmt":"2023-11-08T15:51:25","guid":{"rendered":"https:\/\/moverdb.com\/freight-forwarder\/freight-forwarding-uk\/hayes-freight-forwarder\/"},"modified":"2026-01-08T14:55:30","modified_gmt":"2026-01-08T14:55:30","slug":"hayes-freight-forwarder","status":"publish","type":"page","link":"https:\/\/moverdb.com\/it\/freight-forwarder\/freight-forwarding-uk\/hayes-freight-forwarder\/","title":{"rendered":"11 Migliori societ\u00e0 di spedizioni Hayes (2024)"},"content":{"rendered":"<p>Di seguito vengono analizzati gli 11 <em>\"migliore\"<\/em> Imprese di spedizione merci a Hayes su 27.<\/p>\n<p>Per saperne di pi\u00f9 su come abbiamo scelto i migliori, consultate la sezione FAQ alla fine.<\/p>\n<p><em>Si prega di notare che i seguenti elenchi non sono in ordine particolare e che non stiamo facendo raccomandazioni per nessuna azienda in particolare.<\/em><\/p>\n<div id=\"ez-toc-container\" class=\"ez-toc-v2_0_82_2 ez-toc-wrap-left counter-hierarchy ez-toc-counter ez-toc-transparent ez-toc-container-direction\">\n<div class=\"ez-toc-title-container\">\n<p class=\"ez-toc-title\" style=\"cursor:inherit\">Sezioni<\/p>\n<span class=\"ez-toc-title-toggle\"><a href=\"#\" class=\"ez-toc-pull-right ez-toc-btn ez-toc-btn-xs ez-toc-btn-default ez-toc-toggle\" aria-label=\"Allinea la tabella dei contenuti\"><span class=\"ez-toc-js-icon-con\"><span class=\"\"><span class=\"eztoc-hide\" style=\"display:none;\">Toggle<\/span><span class=\"ez-toc-icon-toggle-span\"><svg style=\"fill: #999;color:#999\" xmlns=\"http:\/\/www.w3.org\/2000\/svg\" class=\"list-377408\" width=\"20px\" height=\"20px\" viewbox=\"0 0 24 24\" fill=\"none\"><path d=\"M6 6H4v2h2V6zm14 0H8v2h12V6zM4 11h2v2H4v-2zm16 0H8v2h12v-2zM4 16h2v2H4v-2zm16 0H8v2h12v-2z\" fill=\"currentColor\"><\/path><\/svg><svg style=\"fill: #999;color:#999\" class=\"arrow-unsorted-368013\" xmlns=\"http:\/\/www.w3.org\/2000\/svg\" width=\"10px\" height=\"10px\" viewbox=\"0 0 24 24\" version=\"1.2\" baseprofile=\"tiny\"><path d=\"M18.2 9.3l-6.2-6.3-6.2 6.3c-.2.2-.3.4-.3.7s.1.5.3.7c.2.2.4.3.7.3h11c.3 0 .5-.1.7-.3.2-.2.3-.5.3-.7s-.1-.5-.3-.7zM5.8 14.7l6.2 6.3 6.2-6.3c.2-.2.3-.5.3-.7s-.1-.5-.3-.7c-.2-.2-.4-.3-.7-.3h-11c-.3 0-.5.1-.7.3-.2.2-.3.5-.3.7s.1.5.3.7z\"\/><\/svg><\/span><\/span><\/span><\/a><\/span><\/div>\n<nav><ul class='ez-toc-list ez-toc-list-level-1 eztoc-toggle-hide-by-default' ><li class='ez-toc-page-1 ez-toc-heading-level-2'><a class=\"ez-toc-link ez-toc-heading-1\" href=\"https:\/\/moverdb.com\/it\/freight-forwarder\/freight-forwarding-uk\/hayes-freight-forwarder\/#Rolling_Cargo_United_Kingdom\" >Rolling Cargo Regno Unito<\/a><\/li><li class='ez-toc-page-1 ez-toc-heading-level-2'><a class=\"ez-toc-link ez-toc-heading-2\" href=\"https:\/\/moverdb.com\/it\/freight-forwarder\/freight-forwarding-uk\/hayes-freight-forwarder\/#Safina_International\" >Safina International<\/a><\/li><li class='ez-toc-page-1 ez-toc-heading-level-2'><a class=\"ez-toc-link ez-toc-heading-3\" href=\"https:\/\/moverdb.com\/it\/freight-forwarder\/freight-forwarding-uk\/hayes-freight-forwarder\/#Simba_Freight_Limited\" >Simba Freight Limited<\/a><\/li><li class='ez-toc-page-1 ez-toc-heading-level-2'><a class=\"ez-toc-link ez-toc-heading-4\" href=\"https:\/\/moverdb.com\/it\/freight-forwarder\/freight-forwarding-uk\/hayes-freight-forwarder\/#Goran_Transport_UK_Ltd\" >Goran Transport UK Ltd<\/a><\/li><li class='ez-toc-page-1 ez-toc-heading-level-2'><a class=\"ez-toc-link ez-toc-heading-5\" href=\"https:\/\/moverdb.com\/it\/freight-forwarder\/freight-forwarding-uk\/hayes-freight-forwarder\/#African_Salihiya_Cargo_and_Clearing\" >African Salihiya Cargo e Clearing<\/a><\/li><li class='ez-toc-page-1 ez-toc-heading-level-2'><a class=\"ez-toc-link ez-toc-heading-6\" href=\"https:\/\/moverdb.com\/it\/freight-forwarder\/freight-forwarding-uk\/hayes-freight-forwarder\/#Global_Forwarding_Ltd\" >Spedizione globale Ltd<\/a><\/li><li class='ez-toc-page-1 ez-toc-heading-level-2'><a class=\"ez-toc-link ez-toc-heading-7\" href=\"https:\/\/moverdb.com\/it\/freight-forwarder\/freight-forwarding-uk\/hayes-freight-forwarder\/#Zumm_Cargo_Services_Ltd\" >Zumm Cargo Services Ltd<\/a><\/li><li class='ez-toc-page-1 ez-toc-heading-level-2'><a class=\"ez-toc-link ez-toc-heading-8\" href=\"https:\/\/moverdb.com\/it\/freight-forwarder\/freight-forwarding-uk\/hayes-freight-forwarder\/#Bonito_Logistics_UK_Ltd\" >Bonito Logistics UK Ltd<\/a><\/li><li class='ez-toc-page-1 ez-toc-heading-level-2'><a class=\"ez-toc-link ez-toc-heading-9\" href=\"https:\/\/moverdb.com\/it\/freight-forwarder\/freight-forwarding-uk\/hayes-freight-forwarder\/#Jambo_Cargo_LTD\" >Jambo Cargo LTD<\/a><\/li><li class='ez-toc-page-1 ez-toc-heading-level-2'><a class=\"ez-toc-link ez-toc-heading-10\" href=\"https:\/\/moverdb.com\/it\/freight-forwarder\/freight-forwarding-uk\/hayes-freight-forwarder\/#Global_Motion\" >Movimento globale<\/a><\/li><li class='ez-toc-page-1 ez-toc-heading-level-2'><a class=\"ez-toc-link ez-toc-heading-11\" href=\"https:\/\/moverdb.com\/it\/freight-forwarder\/freight-forwarding-uk\/hayes-freight-forwarder\/#Kam_Freight_Services_Ltd\" >Kam Freight Services Ltd<\/a><\/li><li class='ez-toc-page-1 ez-toc-heading-level-2'><a class=\"ez-toc-link ez-toc-heading-12\" href=\"https:\/\/moverdb.com\/it\/freight-forwarder\/freight-forwarding-uk\/hayes-freight-forwarder\/#How_we_picked_the_best_Hayes_Freight_Forwarding_Companies\" >Come abbiamo scelto le migliori societ\u00e0 di spedizioni Hayes<\/a><\/li><\/ul><\/nav><\/div>\n<h2><span class=\"ez-toc-section\" id=\"Rolling_Cargo_United_Kingdom\"><\/span>Rolling Cargo Regno Unito<span class=\"ez-toc-section-end\"><\/span><\/h2>\n<p><img decoding=\"async\" src=\"https:\/\/moverdb.com\/wp-content\/uploads\/AF1QipMDUa5jXhskvGnSpkrFZWvKMU9Sjv3FTvqQVU09w408-h544-k-no.jpg\" alt='Rolling Cargo Regno Unito' class=\"aligncenter\"><\/p>\n<p><strong>Descrizione dell'azienda: <\/strong>Nessuno fornito<\/p>\n<p><strong>Servizi aggiuntivi:<\/strong><\/p>\n<p>Nessuno elencato<\/p>\n<p><strong>Indirizzo:<\/strong> Unit\u00e0 3, Alpha Estate, Clayton Rd, Hayes UB3 1BB<\/p>\n<p><a href=\"http:\/\/www.rollingcargo.co.ke\/\" target=\"_new\" rel=\"noopener\">Sito web di Rolling Cargo Regno Unito<\/a><\/p>\n<p><strong>Punteggio della recensione: <\/strong>4.9<br \/> <strong>Numero di recensioni:<\/strong> 8<br \/><a href=\"https:\/\/www.google.co.uk\/maps?cid=657233200873828662&#038;hl=en&#038;gl=GB\" target=\"_new\" rel=\"noopener\">Leggi le recensioni<\/a><\/p>\n<h2><span class=\"ez-toc-section\" id=\"Safina_International\"><\/span>Safina International<span class=\"ez-toc-section-end\"><\/span><\/h2>\n<p><img decoding=\"async\" src=\"https:\/\/moverdb.com\/wp-content\/uploads\/thumbnailpanoidogeblsbIiBD5uBA1J9X38Acb_clientsearch.gws-prod.gpsw408h240yaw18.jpg\" alt='Safina International' class=\"aligncenter\"><\/p>\n<p><strong>Descrizione dell'azienda: <\/strong>Nessuno fornito<\/p>\n<p><strong>Servizi aggiuntivi:<\/strong><\/p>\n<p>Ufficio doganale<\/p>\n<p>Appaltatori e servizi di imballaggio<\/p>\n<p>Societ\u00e0 di consegna<\/p>\n<p><strong>Indirizzo:<\/strong> 10 Pump Ln, Hayes UB3 3NP<\/p>\n<p><a href=\"http:\/\/www.safina.co.uk\/\" target=\"_new\" rel=\"noopener\">Sito web di Safina International<\/a><\/p>\n<p><strong>Punteggio della recensione: <\/strong>3.7<br \/> <strong>Numero di recensioni:<\/strong> 6<br \/><a href=\"https:\/\/www.google.co.uk\/maps?cid=36397636264476976&#038;hl=en&#038;gl=GB\" target=\"_new\" rel=\"noopener\">Leggi le recensioni<\/a><\/p>\n<h2><span class=\"ez-toc-section\" id=\"Simba_Freight_Limited\"><\/span>Simba Freight Limited<span class=\"ez-toc-section-end\"><\/span><\/h2>\n<p><img decoding=\"async\" src=\"https:\/\/moverdb.com\/wp-content\/uploads\/thumbnailpanoidLZj8pUUxIwZmaBavJ-VnsQcb_clientsearch.gws-prod.gpsw408h240yaw355.jpg\" alt='Simba Freight Limited' class=\"aligncenter\"><\/p>\n<p><strong>Descrizione dell'azienda: <\/strong>Siamo specialisti nelle spedizioni di merci che operano da <a href=\"https:\/\/moverdb.com\/it\/moving-to-the-uk\/\" data-internallinksmanager029f6b8e52c=\"93\" title=\"Trasferirsi nel Regno Unito? 2026 Costi di vita e consigli per il trasferimento\">REGNO UNITO<\/a> all'intera regione dell'Africa orientale.<\/p>\n<p>La nostra societ\u00e0 \u00e8 stata costituita per gestire e facilitare il crescente volume di affari tra il Regno Unito e l'Africa orientale.<\/p>\n<p> Siamo specializzati nel trasporto aereo da porta a porta e da aeroporto ad aeroporto per tutti i tipi di merci, comprese quelle pericolose, dal Regno Unito verso <a href=\"https:\/\/moverdb.com\/it\/moving-companies\/moving-companies-kenya\/\" data-internallinksmanager029f6b8e52c=\"305\" title=\"Le 4 migliori aziende di traslochi internazionali in Kenya\">Kenya<\/a>, Tanzania, Uganda e il resto del mondo.<\/p>\n<p><strong>Servizi aggiuntivi:<\/strong><\/p>\n<p>Nessuno elencato<\/p>\n<p><strong>Indirizzo:<\/strong> Unit\u00e0 7, zona industriale Adler, Betam Rd, Hayes UB3 1ST<\/p>\n<p><a href=\"http:\/\/www.simbafreight.com\/\" target=\"_new\" rel=\"noopener\">Sito web di Simba Freight Limited<\/a><\/p>\n<p><strong>Punteggio della recensione: <\/strong>5<br \/> <strong>Numero di recensioni:<\/strong> 1<br \/><a href=\"https:\/\/www.google.co.uk\/maps?cid=10274383187957710415&#038;hl=en&#038;gl=GB\" target=\"_new\" rel=\"noopener\">Leggi le recensioni<\/a><\/p>\n<h2><span class=\"ez-toc-section\" id=\"Goran_Transport_UK_Ltd\"><\/span>Goran Transport UK Ltd<span class=\"ez-toc-section-end\"><\/span><\/h2>\n<p><img decoding=\"async\" src=\"https:\/\/moverdb.com\/wp-content\/uploads\/AF1QipOX_6kF8HEoYuN5vJRhrkymU1UUoGwfZr-sl-3tw408-h544-k-no.jpg\" alt='Goran Transport UK Ltd' class=\"aligncenter\"><\/p>\n<p><strong>Descrizione dell'azienda: <\/strong>Nessuno fornito<\/p>\n<p><strong>Servizi aggiuntivi:<\/strong><\/p>\n<p>Nessuno elencato<\/p>\n<p><strong>Indirizzo:<\/strong> Unit\u00e0 5, Regent Business Centre, Pump Ln, Hayes UB3 3NP<\/p>\n<p><a href=\"https:\/\/www.gorantransport.nl\/english.htm\" target=\"_new\" rel=\"noopener\">Sito web di Goran Transport UK Ltd<\/a><\/p>\n<p><strong>Punteggio della recensione: <\/strong>4.1<br \/> <strong>Numero di recensioni:<\/strong> 25<br \/><a href=\"https:\/\/www.google.co.uk\/maps?cid=3019162477136920695&#038;hl=en&#038;gl=GB\" target=\"_new\" rel=\"noopener\">Leggi le recensioni<\/a><\/p>\n<h2><span class=\"ez-toc-section\" id=\"African_Salihiya_Cargo_and_Clearing\"><\/span>African Salihiya Cargo e Clearing<span class=\"ez-toc-section-end\"><\/span><\/h2>\n<p><img decoding=\"async\" src=\"https:\/\/moverdb.com\/wp-content\/uploads\/thumbnailpanoidmLbWvSXZRZ9FblJKYp0myQcb_clientsearch.gws-prod.gpsw408h240yaw217.jpg\" alt='African Salihiya Cargo e Clearing' class=\"aligncenter\"><\/p>\n<p><strong>Descrizione dell'azienda: <\/strong>Nessuno fornito<\/p>\n<p><strong>Servizi aggiuntivi:<\/strong><\/p>\n<p>Servizio di spedizione<\/p>\n<p><strong>Indirizzo:<\/strong> 134 Clayton Rd, Hayes UB3 1BL<\/p>\n<p><a href=\"http:\/\/www.africansalihiya.com\/\" target=\"_new\" rel=\"noopener\">Sito web africano di Salihiya Cargo e Clearing<\/a><\/p>\n<p><strong>Punteggio della recensione: <\/strong>4<br \/> <strong>Numero di recensioni:<\/strong> 12<br \/><a href=\"https:\/\/www.google.co.uk\/maps?cid=15574283774093380149&#038;hl=en&#038;gl=GB\" target=\"_new\" rel=\"noopener\">Leggi le recensioni<\/a><\/p>\n<h2><span class=\"ez-toc-section\" id=\"Global_Forwarding_Ltd\"><\/span>Spedizione globale Ltd<span class=\"ez-toc-section-end\"><\/span><\/h2>\n<p><img decoding=\"async\" src=\"https:\/\/moverdb.com\/wp-content\/uploads\/AF1QipOXj5XgSdjoRlytWUMDeDVZPOit8bnQQYrJ-u0jw532-h240-k-no.jpg\" alt='Spedizione globale Ltd' class=\"aligncenter\"><\/p>\n<p><strong>Descrizione dell'azienda: <\/strong>Fondata nel 1993, Global Forwarding opera da centri di spedizione nel Regno Unito, <a href=\"https:\/\/moverdb.com\/it\/moving-to-ireland\/\" data-internallinksmanager029f6b8e52c=\"320\" title=\"Trasferirsi in Irlanda? 2026 Costi di vita e consigli per il trasferimento\">Irlanda<\/a>, e il <a href=\"https:\/\/moverdb.com\/it\/moving-to-the-united-states\/\" data-internallinksmanager029f6b8e52c=\"94\" title=\"Trasferirsi negli Stati Uniti? 2026 Costi di vita e consigli per il trasferimento\">Stati Uniti<\/a> e da 10 anni fa parte del Gruppo Hecny, uno dei maggiori spedizionieri asiatici.<\/p>\n<p>Orgogliosa della sua cultura indipendente e boutique, Global Forwarding si impegna a fornire i pi\u00f9 alti livelli di servizio ai clienti ed \u00e8 specializzata in soluzioni multimodali su misura per il trasporto, la logistica e la supply chain per tutti i tipi di merci.<\/p>\n<p><strong>Servizi aggiuntivi:<\/strong><\/p>\n<p>Nessuno elencato<\/p>\n<p><strong>Indirizzo:<\/strong> Unit\u00e0 B, Crosspoint Distribution Park, Hayes UB3 1DQ<\/p>\n<p><a href=\"http:\/\/www.globalf.com\/\" target=\"_new\" rel=\"noopener\">Sito web di Global Forwarding Ltd<\/a><\/p>\n<p><strong>Punteggio della recensione: <\/strong>4.3<br \/> <strong>Numero di recensioni:<\/strong> 6<br \/><a href=\"https:\/\/www.google.co.uk\/maps?cid=567301662248238344&#038;hl=en&#038;gl=GB\" target=\"_new\" rel=\"noopener\">Leggi le recensioni<\/a><\/p>\n<h2><span class=\"ez-toc-section\" id=\"Zumm_Cargo_Services_Ltd\"><\/span>Zumm Cargo Services Ltd<span class=\"ez-toc-section-end\"><\/span><\/h2>\n<p><img decoding=\"async\" src=\"https:\/\/moverdb.com\/wp-content\/uploads\/thumbnailpanoidmLbWvSXZRZ9FblJKYp0myQcb_clientsearch.gws-prod.gpsw408h240yaw225.jpg\" alt='Zumm Cargo Services Ltd' class=\"aligncenter\"><\/p>\n<p><strong>Descrizione dell'azienda: <\/strong>Nessuno fornito<\/p>\n<p><strong>Servizi aggiuntivi:<\/strong><\/p>\n<p>Nessuno elencato<\/p>\n<p><strong>Indirizzo:<\/strong> 12, Crown Trading Centre, 203 Clayton Rd, Hayes UB3 1DU<\/p>\n<p><a href=\"https:\/\/www.zummcargo.co.uk\/\" target=\"_new\" rel=\"noopener\">Sito web di Zumm Cargo Services Ltd<\/a><\/p>\n<p><strong>Punteggio della recensione: <\/strong>5<br \/> <strong>Numero di recensioni:<\/strong> 1<br \/><a href=\"https:\/\/www.google.co.uk\/maps?cid=16072533922684399173&#038;hl=en&#038;gl=GB\" target=\"_new\" rel=\"noopener\">Leggi le recensioni<\/a><\/p>\n<h2><span class=\"ez-toc-section\" id=\"Bonito_Logistics_UK_Ltd\"><\/span>Bonito Logistics UK Ltd<span class=\"ez-toc-section-end\"><\/span><\/h2>\n<p><img decoding=\"async\" src=\"https:\/\/moverdb.com\/wp-content\/uploads\/thumbnailpanoiduqFlQnn0vH2DUMJE9cnLJQcb_clientsearch.gws-prod.gpsw408h240yaw274.jpg\" alt='Bonito Logistics UK Ltd' class=\"aligncenter\"><\/p>\n<p><strong>Descrizione dell'azienda: <\/strong>Bonito Logistics UK Ltd \u00e8 una <a href=\"https:\/\/moverdb.com\/it\/freight-forwarder\/\" data-internallinksmanager029f6b8e52c=\"17\" title=\"Spedizioniere e NVOCC Guida ai costi e alle societ\u00e0 internazionali\">spedizioniere<\/a> con sede a Londra, forniamo servizi logistici in base alle vostre esigenze.<\/p>\n<p> La nostra esperienza, le nostre capacit\u00e0 professionali e la nostra rete globale ci permettono di gestire efficacemente le vostre spedizioni.<\/p>\n<p> I nostri servizi sono progettati per garantire che ogni fase delle vostre esigenze logistiche sia accuratamente coordinata e gestita.<\/p>\n<p> La rete di agenti e partner logistici di Bonito in tutto il mondo \u00e8 in grado di supportare le richieste di logistica in qualsiasi parte del mondo.<\/p>\n<p> Bonito lavora a stretto contatto con i propri clienti per comprendere meglio le loro esigenze e aspettative specifiche e, insieme a voi, il team svilupper\u00e0, applicher\u00e0 e sosterr\u00e0 modalit\u00e0 operative standard adatte alle vostre esigenze aziendali.<\/p>\n<p><strong>Servizi aggiuntivi:<\/strong><\/p>\n<p>Nessuno elencato<\/p>\n<p><strong>Indirizzo:<\/strong> 47 Botwell Cres, Hayes UB3 2BD<\/p>\n<p><a href=\"http:\/\/www.bonitologistics-uk.com\/\" target=\"_new\" rel=\"noopener\">Sito web di Bonito Logistics UK Ltd<\/a><\/p>\n<p><strong>Punteggio della recensione: <\/strong>5<br \/> <strong>Numero di recensioni:<\/strong> 3<br \/><a href=\"https:\/\/www.google.co.uk\/maps?cid=14489321507001253818&#038;hl=en&#038;gl=GB\" target=\"_new\" rel=\"noopener\">Leggi le recensioni<\/a><\/p>\n<h2><span class=\"ez-toc-section\" id=\"Jambo_Cargo_LTD\"><\/span>Jambo Cargo LTD<span class=\"ez-toc-section-end\"><\/span><\/h2>\n<p><img decoding=\"async\" src=\"https:\/\/moverdb.com\/wp-content\/uploads\/AF1QipNWYXRLILA8RMfCaES13iG_LBSVfQZcdhsxawHUw408-h544-k-no.jpg\" alt='Jambo Cargo LTD' class=\"aligncenter\"><\/p>\n<p><strong>Descrizione dell'azienda: <\/strong>Siamo specializzati nella spedizione di merci in Kenya \u00f0\u0178\u2021\u00b0\u00f0\u0178\u2021\u00aa<br \/>\nNessun carico \u00e8 troppo piccolo o troppo grande, possiamo spedire da un documento a un veicolo.<\/p>\n<p>Offriamo inoltre tariffe competitive per tutte le destinazioni del mondo.<\/p>\n<p>Contattateci per maggiori informazioni<br \/>\nVendite@jambocargo.<\/p>\n<p>com<br \/>\n020 8004 8661<\/p>\n<p><strong>Servizi aggiuntivi:<\/strong><\/p>\n<p>Servizio di trasporto<\/p>\n<p><strong>Indirizzo:<\/strong> ACCESS HOUSE, 1 Nestles Ave, Hayes UB3 4UZ<\/p>\n<p><a href=\"http:\/\/jambocargo.com\/\" target=\"_new\" rel=\"noopener\">Sito web di Jambo Cargo LTD<\/a><\/p>\n<p><strong>Punteggio della recensione: <\/strong>4.5<br \/> <strong>Numero di recensioni:<\/strong> 20<br \/><a href=\"https:\/\/www.google.co.uk\/maps?cid=6610410855194137063&#038;hl=en&#038;gl=GB\" target=\"_new\" rel=\"noopener\">Leggi le recensioni<\/a><\/p>\n<h2><span class=\"ez-toc-section\" id=\"Global_Motion\"><\/span>Movimento globale<span class=\"ez-toc-section-end\"><\/span><\/h2>\n<p><img decoding=\"async\" src=\"https:\/\/moverdb.com\/wp-content\/uploads\/AF1QipNkw2TZ8kSPrCuv0IG0MoYP7PgyvXFAFuuBmQKbw408-h272-k-no.jpg\" alt='Movimento globale' class=\"aligncenter\"><\/p>\n<p><strong>Descrizione dell'azienda: <\/strong>Nessuno fornito<\/p>\n<p><strong>Servizi aggiuntivi:<\/strong><\/p>\n<p>Impianto di stoccaggio<\/p>\n<p><strong>Indirizzo:<\/strong> Unit\u00e0 4 Vinyl Pl, Hayes UB3 1DA<\/p>\n<p><a href=\"http:\/\/www.globalmotion.com\/\" target=\"_new\" rel=\"noopener\">Sito web di Global Motion<\/a><\/p>\n<p><strong>Punteggio della recensione: <\/strong>4.7<br \/> <strong>Numero di recensioni:<\/strong> 11<br \/><a href=\"https:\/\/www.google.co.uk\/maps?cid=10255561171020697373&#038;hl=en&#038;gl=GB\" target=\"_new\" rel=\"noopener\">Leggi le recensioni<\/a><\/p>\n<h2><span class=\"ez-toc-section\" id=\"Kam_Freight_Services_Ltd\"><\/span>Kam Freight Services Ltd<span class=\"ez-toc-section-end\"><\/span><\/h2>\n<p><img decoding=\"async\" src=\"https:\/\/moverdb.com\/wp-content\/uploads\/AF1QipP3Z8TnlgNCqSIFMm2vAcibV9If0l3Vz3DpB8SAw647-h240-k-no.jpg\" alt='Kam Freight Services Ltd' class=\"aligncenter\"><\/p>\n<p><strong>Descrizione dell'azienda: <\/strong>Nessuno fornito<\/p>\n<p><strong>Servizi aggiuntivi:<\/strong><\/p>\n<p>Servizio di corriere<\/p>\n<p>Servizio logistico<\/p>\n<p>Societ\u00e0 di consegna<\/p>\n<p>Servizio di spedizione<\/p>\n<p><a href=\"https:\/\/moverdb.com\/it\/car-transport-shipping\/\" data-internallinksmanager029f6b8e52c=\"2\" title=\"2026 Preventivi per il trasporto internazionale di auto e veicoli\">Spedizione di veicoli<\/a> agente<\/p>\n<p><strong>Indirizzo:<\/strong> 1 Swallowfield Way, Hayes UB3 1DQ<\/p>\n<p><a href=\"http:\/\/www.kamfreightservices.com\/\" target=\"_new\" rel=\"noopener\">Sito web di Kam Freight Services Ltd<\/a><\/p>\n<p><strong>Punteggio della recensione: <\/strong>4.1<br \/> <strong>Numero di recensioni:<\/strong> 15<br \/><a href=\"https:\/\/www.google.co.uk\/maps?cid=6964296461833857074&#038;hl=en&#038;gl=GB\" target=\"_new\" rel=\"noopener\">Leggi le recensioni<\/a><\/p>\n<h2><span class=\"ez-toc-section\" id=\"How_we_picked_the_best_Hayes_Freight_Forwarding_Companies\"><\/span>Come abbiamo scelto le migliori societ\u00e0 di spedizioni Hayes<span class=\"ez-toc-section-end\"><\/span><\/h2>\n<p>Siamo partiti da un set di dati di 27 societ\u00e0 di spedizione Hayes che abbiamo trovato tramite Google Maps e abbiamo ristretto il campo alle 11 migliori.<\/p>\n<p>A tal fine abbiamo eliminato tutte le aziende che:<\/p>\n<ul>\n<li> Non aveva un sito web<\/li>\n<li> Non ha avuto recensioni<\/li>\n<li> Ha avuto un punteggio medio delle recensioni inferiore a 2,0<\/li>\n<\/ul>\n<p>A questo punto, se avevamo 17 o meno spedizionieri, li abbiamo elencati tutti.<\/p>\n<p>Per le citt\u00e0 in cui rimanevano pi\u00f9 di 17 spedizionieri, abbiamo effettuato ulteriori revisioni aumentando il punteggio delle recensioni richiesto (ad esempio, passando da un minimo di 2,0 a 4,0) e\/o aumentando il numero minimo di recensioni richieste (ad esempio, passando da almeno 1 recensione ad almeno 10).<\/p>\n<p>Si noti che abbiamo utilizzato solo i dati delle recensioni di Google Maps e non di altri siti web di terze parti.<\/p>\n<p>Altre citt\u00e0:<\/p>\n<p><a href=\"https:\/\/moverdb.com\/it\/spedizioniere\/freight-forwarding-uk\/bradford-freight-forwarder\/\">Spedizioniere Bradford<\/a><br \/><a href=\"https:\/\/moverdb.com\/it\/spedizioniere\/freight-forwarding-uk\/derby-freight-forwarder\/\">Spedizioniere di Derby<\/a><br \/><a href=\"https:\/\/moverdb.com\/it\/spedizioniere\/freight-forwarding-uk\/southall-freight-forwarder\/\">Spedizioniere Southall<\/a><br \/><a href=\"https:\/\/moverdb.com\/it\/spedizioniere\/freight-forwarding-uk\/coventry-freight-forwarder\/\">Spedizioniere di Coventry<\/a><br \/><a href=\"https:\/\/moverdb.com\/it\/spedizioniere\/freight-forwarding-uk\/west-drayton-freight-forwarder\/\">Spedizioniere West Drayton<\/a><\/p>","protected":false},"excerpt":{"rendered":"<p>Below we look at the 11 &#8220;best&#8221; Freight Forwarding companies in Hayes out of 27. To learn more about how we chose the best please consult our FAQ section at the end. Please not the following listings are in no particular order and we are not making any recommendations for any particular company. Rolling Cargo [&hellip;]<\/p>\n","protected":false},"author":1,"featured_media":0,"parent":13427,"menu_order":0,"comment_status":"open","ping_status":"open","template":"","meta":{"_genesis_hide_title":false,"_genesis_hide_breadcrumbs":false,"_genesis_hide_singular_image":false,"_genesis_hide_footer_widgets":false,"_genesis_custom_body_class":"","_genesis_custom_post_class":"","_genesis_layout":"","footnotes":""},"class_list":{"0":"post-13713","1":"page","2":"type-page","3":"status-publish","5":"entry"},"_links":{"self":[{"href":"https:\/\/moverdb.com\/it\/wp-json\/wp\/v2\/pages\/13713","targetHints":{"allow":["GET"]}}],"collection":[{"href":"https:\/\/moverdb.com\/it\/wp-json\/wp\/v2\/pages"}],"about":[{"href":"https:\/\/moverdb.com\/it\/wp-json\/wp\/v2\/types\/page"}],"author":[{"embeddable":true,"href":"https:\/\/moverdb.com\/it\/wp-json\/wp\/v2\/users\/1"}],"replies":[{"embeddable":true,"href":"https:\/\/moverdb.com\/it\/wp-json\/wp\/v2\/comments?post=13713"}],"version-history":[{"count":1,"href":"https:\/\/moverdb.com\/it\/wp-json\/wp\/v2\/pages\/13713\/revisions"}],"predecessor-version":[{"id":15683,"href":"https:\/\/moverdb.com\/it\/wp-json\/wp\/v2\/pages\/13713\/revisions\/15683"}],"up":[{"embeddable":true,"href":"https:\/\/moverdb.com\/it\/wp-json\/wp\/v2\/pages\/13427"}],"wp:attachment":[{"href":"https:\/\/moverdb.com\/it\/wp-json\/wp\/v2\/media?parent=13713"}],"curies":[{"name":"wp","href":"https:\/\/api.w.org\/{rel}","templated":true}]}}