{"id":13640,"date":"2023-11-08T15:51:25","date_gmt":"2023-11-08T15:51:25","guid":{"rendered":"https:\/\/moverdb.com\/freight-forwarder\/freight-forwarding-uk\/sheffield-freight-forwarder\/"},"modified":"2026-01-08T14:55:34","modified_gmt":"2026-01-08T14:55:34","slug":"sheffield-freight-forwarder","status":"publish","type":"page","link":"https:\/\/moverdb.com\/it\/freight-forwarder\/freight-forwarding-uk\/sheffield-freight-forwarder\/","title":{"rendered":"12 Migliori societ\u00e0 di spedizioni di Sheffield (2024)"},"content":{"rendered":"<p>Di seguito vengono analizzati i 12 <em>\"migliore\"<\/em> Imprese di spedizione merci in <a href=\"\" data-internallinksmanager029f6b8e52c=\"66\" title=\"Sheffield\">Sheffield<\/a> su 17.<\/p>\n<p>Per saperne di pi\u00f9 su come abbiamo scelto i migliori, consultate la sezione FAQ alla fine.<\/p>\n<p><em>Si prega di notare che i seguenti elenchi non sono in ordine particolare e che non stiamo facendo raccomandazioni per nessuna azienda in particolare.<\/em><\/p>\n<div id=\"ez-toc-container\" class=\"ez-toc-v2_0_82_2 ez-toc-wrap-left counter-hierarchy ez-toc-counter ez-toc-transparent ez-toc-container-direction\">\n<div class=\"ez-toc-title-container\">\n<p class=\"ez-toc-title\" style=\"cursor:inherit\">Sezioni<\/p>\n<span class=\"ez-toc-title-toggle\"><a href=\"#\" class=\"ez-toc-pull-right ez-toc-btn ez-toc-btn-xs ez-toc-btn-default ez-toc-toggle\" aria-label=\"Allinea la tabella dei contenuti\"><span class=\"ez-toc-js-icon-con\"><span class=\"\"><span class=\"eztoc-hide\" style=\"display:none;\">Toggle<\/span><span class=\"ez-toc-icon-toggle-span\"><svg style=\"fill: #999;color:#999\" xmlns=\"http:\/\/www.w3.org\/2000\/svg\" class=\"list-377408\" width=\"20px\" height=\"20px\" viewbox=\"0 0 24 24\" fill=\"none\"><path d=\"M6 6H4v2h2V6zm14 0H8v2h12V6zM4 11h2v2H4v-2zm16 0H8v2h12v-2zM4 16h2v2H4v-2zm16 0H8v2h12v-2z\" fill=\"currentColor\"><\/path><\/svg><svg style=\"fill: #999;color:#999\" class=\"arrow-unsorted-368013\" xmlns=\"http:\/\/www.w3.org\/2000\/svg\" width=\"10px\" height=\"10px\" viewbox=\"0 0 24 24\" version=\"1.2\" baseprofile=\"tiny\"><path d=\"M18.2 9.3l-6.2-6.3-6.2 6.3c-.2.2-.3.4-.3.7s.1.5.3.7c.2.2.4.3.7.3h11c.3 0 .5-.1.7-.3.2-.2.3-.5.3-.7s-.1-.5-.3-.7zM5.8 14.7l6.2 6.3 6.2-6.3c.2-.2.3-.5.3-.7s-.1-.5-.3-.7c-.2-.2-.4-.3-.7-.3h-11c-.3 0-.5.1-.7.3-.2.2-.3.5-.3.7s.1.5.3.7z\"\/><\/svg><\/span><\/span><\/span><\/a><\/span><\/div>\n<nav><ul class='ez-toc-list ez-toc-list-level-1 eztoc-toggle-hide-by-default' ><li class='ez-toc-page-1 ez-toc-heading-level-2'><a class=\"ez-toc-link ez-toc-heading-1\" href=\"https:\/\/moverdb.com\/it\/freight-forwarder\/freight-forwarding-uk\/sheffield-freight-forwarder\/#NINE56_Ltd\" >NINE56 Ltd.<\/a><\/li><li class='ez-toc-page-1 ez-toc-heading-level-2'><a class=\"ez-toc-link ez-toc-heading-2\" href=\"https:\/\/moverdb.com\/it\/freight-forwarder\/freight-forwarding-uk\/sheffield-freight-forwarder\/#Logillistics\" >Logistica<\/a><\/li><li class='ez-toc-page-1 ez-toc-heading-level-2'><a class=\"ez-toc-link ez-toc-heading-3\" href=\"https:\/\/moverdb.com\/it\/freight-forwarder\/freight-forwarding-uk\/sheffield-freight-forwarder\/#Unity_Logistics\" >Logistica Unity<\/a><\/li><li class='ez-toc-page-1 ez-toc-heading-level-2'><a class=\"ez-toc-link ez-toc-heading-4\" href=\"https:\/\/moverdb.com\/it\/freight-forwarder\/freight-forwarding-uk\/sheffield-freight-forwarder\/#Quality_Freight_Services_Ltd\" >Servizi di trasporto di qualit\u00e0 Ltd<\/a><\/li><li class='ez-toc-page-1 ez-toc-heading-level-2'><a class=\"ez-toc-link ez-toc-heading-5\" href=\"https:\/\/moverdb.com\/it\/freight-forwarder\/freight-forwarding-uk\/sheffield-freight-forwarder\/#ATWS_Logistics_Consultancy_Ltd\" >ATWS Logistics Consultancy Ltd<\/a><\/li><li class='ez-toc-page-1 ez-toc-heading-level-2'><a class=\"ez-toc-link ez-toc-heading-6\" href=\"https:\/\/moverdb.com\/it\/freight-forwarder\/freight-forwarding-uk\/sheffield-freight-forwarder\/#Metoni_Logistics\" >Metoni Logistica<\/a><\/li><li class='ez-toc-page-1 ez-toc-heading-level-2'><a class=\"ez-toc-link ez-toc-heading-7\" href=\"https:\/\/moverdb.com\/it\/freight-forwarder\/freight-forwarding-uk\/sheffield-freight-forwarder\/#Freight_Despatch_Worldwide\" >Spedizione merci in tutto il mondo<\/a><\/li><li class='ez-toc-page-1 ez-toc-heading-level-2'><a class=\"ez-toc-link ez-toc-heading-8\" href=\"https:\/\/moverdb.com\/it\/freight-forwarder\/freight-forwarding-uk\/sheffield-freight-forwarder\/#MBL_Worldwide\" >MBL in tutto il mondo<\/a><\/li><li class='ez-toc-page-1 ez-toc-heading-level-2'><a class=\"ez-toc-link ez-toc-heading-9\" href=\"https:\/\/moverdb.com\/it\/freight-forwarder\/freight-forwarding-uk\/sheffield-freight-forwarder\/#Dolphin_Freight_Services_Ltd\" >Servizi di trasporto Dolphin Ltd<\/a><\/li><li class='ez-toc-page-1 ez-toc-heading-level-2'><a class=\"ez-toc-link ez-toc-heading-10\" href=\"https:\/\/moverdb.com\/it\/freight-forwarder\/freight-forwarding-uk\/sheffield-freight-forwarder\/#BSC-Essex_Freight\" >Trasporto BSC-Essex<\/a><\/li><li class='ez-toc-page-1 ez-toc-heading-level-2'><a class=\"ez-toc-link ez-toc-heading-11\" href=\"https:\/\/moverdb.com\/it\/freight-forwarder\/freight-forwarding-uk\/sheffield-freight-forwarder\/#International_Freight_Solutions_Ltd\" >Soluzioni di trasporto internazionale Ltd<\/a><\/li><li class='ez-toc-page-1 ez-toc-heading-level-2'><a class=\"ez-toc-link ez-toc-heading-12\" href=\"https:\/\/moverdb.com\/it\/freight-forwarder\/freight-forwarding-uk\/sheffield-freight-forwarder\/#Worldwide_Logisitcs_Group_UK\" >Gruppo Worldwide Logisitcs Regno Unito<\/a><\/li><li class='ez-toc-page-1 ez-toc-heading-level-2'><a class=\"ez-toc-link ez-toc-heading-13\" href=\"https:\/\/moverdb.com\/it\/freight-forwarder\/freight-forwarding-uk\/sheffield-freight-forwarder\/#How_we_picked_the_best_Sheffield_Freight_Forwarding_Companies\" >Come abbiamo scelto le migliori aziende di spedizione merci di Sheffield<\/a><\/li><\/ul><\/nav><\/div>\n<h2><span class=\"ez-toc-section\" id=\"NINE56_Ltd\"><\/span>NINE56 Ltd.<span class=\"ez-toc-section-end\"><\/span><\/h2>\n<p><img decoding=\"async\" src=\"https:\/\/moverdb.com\/wp-content\/uploads\/thumbnailpanoid7L5RtXsa0l2EVG_O5xd6cAcb_clientsearch.gws-prod.gpsw408h240yaw137.jpg\" alt='NINE56 Ltd.' class=\"aligncenter\"><\/p>\n<p><strong>Descrizione dell'azienda: <\/strong>Nessuno fornito<\/p>\n<p><strong>Servizi aggiuntivi:<\/strong><\/p>\n<p>Nessuno elencato<\/p>\n<p><strong>Indirizzo:<\/strong> 492 Grimesthorpe Rd, Sheffield S4 8LE<\/p>\n<p><a href=\"http:\/\/racingphotographic.co.uk\/\" target=\"_new\" rel=\"noopener\">Sito web di NINE56 Ltd.<\/a><\/p>\n<p><strong>Punteggio della recensione: <\/strong>2.5<br \/> <strong>Numero di recensioni:<\/strong> 2<br \/><a href=\"https:\/\/www.google.co.uk\/maps?cid=14583819038765427320&#038;hl=en&#038;gl=GB\" target=\"_new\" rel=\"noopener\">Leggi le recensioni<\/a><\/p>\n<h2><span class=\"ez-toc-section\" id=\"Logillistics\"><\/span>Logistica<span class=\"ez-toc-section-end\"><\/span><\/h2>\n<p><img decoding=\"async\" src=\"https:\/\/moverdb.com\/wp-content\/uploads\/AF1QipOozHrdIDSafLAGaGa0d0eNczvAdrRqaFBW7OeVw408-h306-k-no.jpg\" alt='Logistica' class=\"aligncenter\"><\/p>\n<p><strong>Descrizione dell'azienda: <\/strong>Logillistics \u00e8 un'azienda logistica regionale in espansione con un forte impegno verso l'innovazione, la tecnologia e l'eccellenza del servizio, che fornisce soluzioni logistiche integrate tra cui logistica di progetto, trasporto aereo, trasporto marittimo, trasporto terrestre, sdoganamento, stoccaggio e gestione della distribuzione.<\/p>\n<p><strong>Servizi aggiuntivi:<\/strong><\/p>\n<p>Nessuno elencato<\/p>\n<p><strong>Indirizzo:<\/strong> Park House Lane Sher-inghs House, Sheffield S9 1XA<\/p>\n<p><a href=\"http:\/\/www.logillistics.co.uk\/\" target=\"_new\" rel=\"noopener\">Sito web della logistica<\/a><\/p>\n<p><strong>Punteggio della recensione: <\/strong>5<br \/> <strong>Numero di recensioni:<\/strong> 1<br \/><a href=\"https:\/\/www.google.co.uk\/maps?cid=5774184684835865063&#038;hl=en&#038;gl=GB\" target=\"_new\" rel=\"noopener\">Leggi le recensioni<\/a><\/p>\n<h2><span class=\"ez-toc-section\" id=\"Unity_Logistics\"><\/span>Logistica Unity<span class=\"ez-toc-section-end\"><\/span><\/h2>\n<p><img decoding=\"async\" src=\"https:\/\/moverdb.com\/wp-content\/uploads\/thumbnailpanoid90F28Hm5DQOoPjdwg5fxfwcb_clientsearch.gws-prod.gpsw408h240yaw318.jpg\" alt='Logistica Unity' class=\"aligncenter\"><\/p>\n<p><strong>Descrizione dell'azienda: <\/strong><a href=\"https:\/\/moverdb.com\/it\/moving-to-the-uk\/\" data-internallinksmanager029f6b8e52c=\"93\" title=\"Trasferirsi nel Regno Unito? 2026 Costi di vita e consigli per il trasferimento\">REGNO UNITO<\/a> e servizi di spedizione e trasporto internazionale.<\/p>\n<p> Siamo in grado di fornire preventivi per la spedizione di merci in tutto il mondo via strada, mare, aria e corriere e di fornire servizi associati per portare le vostre merci da A a B.<\/p>\n<p><strong>Servizi aggiuntivi:<\/strong><\/p>\n<p>Nessuno elencato<\/p>\n<p><strong>Indirizzo:<\/strong> Eckington Business Centre, 1 62 Market St, Eckington, Sheffield S21 4JH<\/p>\n<p><a href=\"http:\/\/www.unitylogistics.co.uk\/\" target=\"_new\" rel=\"noopener\">Sito web di Unity Logistics<\/a><\/p>\n<p><strong>Punteggio della recensione: <\/strong>5<br \/> <strong>Numero di recensioni:<\/strong> 4<br \/><a href=\"https:\/\/www.google.co.uk\/maps?cid=11473436603787998523&#038;hl=en&#038;gl=GB\" target=\"_new\" rel=\"noopener\">Leggi le recensioni<\/a><\/p>\n<h2><span class=\"ez-toc-section\" id=\"Quality_Freight_Services_Ltd\"><\/span>Servizi di trasporto di qualit\u00e0 Ltd<span class=\"ez-toc-section-end\"><\/span><\/h2>\n<p><img decoding=\"async\" src=\"\" alt=\"Servizi di trasporto di qualit\u00e0 Ltd\" class=\"aligncenter\"><\/p>\n<p><strong>Descrizione dell'azienda: <\/strong>Nessuno fornito<\/p>\n<p><strong>Servizi aggiuntivi:<\/strong><\/p>\n<p>Nessuno elencato<\/p>\n<p><strong>Indirizzo:<\/strong> Unit\u00e0 C Piano terra, Centenary Works, 150 Little London Rd, Sheffield S8 0UJ<\/p>\n<p><a href=\"http:\/\/www.qualityfreight.co.uk\/\" target=\"_new\" rel=\"noopener\">Sito web di Quality Freight Services Ltd<\/a><\/p>\n<p><strong>Punteggio della recensione: <\/strong>5<br \/> <strong>Numero di recensioni:<\/strong> 4<br \/><a href=\"https:\/\/www.google.co.uk\/maps?cid=9317226809595756605&#038;hl=en&#038;gl=GB\" target=\"_new\" rel=\"noopener\">Leggi le recensioni<\/a><\/p>\n<h2><span class=\"ez-toc-section\" id=\"ATWS_Logistics_Consultancy_Ltd\"><\/span>ATWS Logistics Consultancy Ltd<span class=\"ez-toc-section-end\"><\/span><\/h2>\n<p><img decoding=\"async\" src=\"https:\/\/moverdb.com\/wp-content\/uploads\/thumbnailpanoidLdZLeayCoUw-bOuhWIH0uQcb_clientsearch.gws-prod.gpsw408h240yaw307.jpg\" alt='ATWS Logistics Consultancy Ltd' class=\"aligncenter\"><\/p>\n<p><strong>Descrizione dell'azienda: <\/strong>ATWS Logistics si occupa di tutte le vostre esigenze di trasporto; con quasi 20 anni di conoscenza del settore, possiamo consigliarvi il modo migliore o pi\u00f9 economico per trasportare le vostre merci.<\/p>\n<p>Il modo in cui la nostra azienda avvantaggia il cliente \u00e8 dovuto all'acquisto in blocco dai vettori, il che significa che possiamo offrirvi ottimi risparmi rispetto alle loro tariffe di listino online.<\/p>\n<p> Spedite con fiducia con DHL, UPS, TNT, FedEx, DPD e altri per i vostri servizi di corriere internazionali e del Regno Unito.<\/p>\n<p> Approfittate del nostro accesso a tariffe aeree consolidate per movimentare le vostre merci.<\/p>\n<p><strong>Servizi aggiuntivi:<\/strong><\/p>\n<p>Servizio di corriere<\/p>\n<p>Servizio di consegna<\/p>\n<p>Esportatore<\/p>\n<p>Societ\u00e0 di importazione ed esportazione<\/p>\n<p>Servizio logistico<\/p>\n<p>Servizio di trasporto<\/p>\n<p><strong>Indirizzo:<\/strong> 39 Alison Cres, Sheffield S2 1AS<\/p>\n<p><a href=\"https:\/\/atwslogistics.co.uk\/\" target=\"_new\" rel=\"noopener\">Sito web di ATWS Logistics Consultancy Ltd<\/a><\/p>\n<p><strong>Punteggio della recensione: <\/strong>5<br \/> <strong>Numero di recensioni:<\/strong> 9<br \/><a href=\"https:\/\/www.google.co.uk\/maps?cid=16625878453004844754&#038;hl=en&#038;gl=GB\" target=\"_new\" rel=\"noopener\">Leggi le recensioni<\/a><\/p>\n<h2><span class=\"ez-toc-section\" id=\"Metoni_Logistics\"><\/span>Metoni Logistica<span class=\"ez-toc-section-end\"><\/span><\/h2>\n<p><img decoding=\"async\" src=\"https:\/\/moverdb.com\/wp-content\/uploads\/AF1QipMXpn3Z6-pul8TChflorww8t0DmUOlMeeh7M-r5w408-h532-k-no.jpg\" alt='Metoni Logistica' class=\"aligncenter\"><\/p>\n<p><strong>Descrizione dell'azienda: <\/strong>Metoni Logistics fornisce una gamma di servizi di spedizione globale, tra cui trasporto nazionale, sdoganamento, corriere, importazione, esportazione ed evasione ordini\/magazzino.<\/p>\n<p> Contattate l'azienda per discutere le vostre esigenze, ad hoc o su base contrattuale.<\/p>\n<p> L'orario di apertura dell'ufficio \u00e8 luned\u00ec venerd\u00ec alle 08:30 e alle 17:30, tuttavia l'azienda pu\u00f2 rispondere alle richieste di informazioni al di fuori di questo orario via e-mail.<\/p>\n<p><strong>Servizi aggiuntivi:<\/strong><\/p>\n<p>Nessuno elencato<\/p>\n<p><strong>Indirizzo:<\/strong> Unit\u00e0 2 e 3A Redwall Cl, Dinnington, Sheffield S25 3QA<\/p>\n<p><a href=\"https:\/\/www.metonilogistics.co.uk\/\" target=\"_new\" rel=\"noopener\">Sito web di Metoni Logistics<\/a><\/p>\n<p><strong>Punteggio della recensione: <\/strong>4.8<br \/> <strong>Numero di recensioni:<\/strong> 22<br \/><a href=\"https:\/\/www.google.co.uk\/maps?cid=17438250919113913033&#038;hl=en&#038;gl=GB\" target=\"_new\" rel=\"noopener\">Leggi le recensioni<\/a><\/p>\n<h2><span class=\"ez-toc-section\" id=\"Freight_Despatch_Worldwide\"><\/span>Spedizione merci in tutto il mondo<span class=\"ez-toc-section-end\"><\/span><\/h2>\n<p><img decoding=\"async\" src=\"https:\/\/moverdb.com\/wp-content\/uploads\/thumbnailpanoidLdZLeayCoUw-bOuhWIH0uQcb_clientsearch.gws-prod.gpsw408h240yaw309.jpg\" alt='Spedizione merci in tutto il mondo' class=\"aligncenter\"><\/p>\n<p><strong>Descrizione dell'azienda: <\/strong>Nessuno fornito<\/p>\n<p><strong>Servizi aggiuntivi:<\/strong><\/p>\n<p>Nessuno elencato<\/p>\n<p><strong>Indirizzo:<\/strong> 39 Alison Cres, Sheffield S2 1AS<\/p>\n<p><a href=\"https:\/\/www.freightdespatch.com\/\" target=\"_new\" rel=\"noopener\">Sito web di Freight Despatch Worldwide<\/a><\/p>\n<p><strong>Punteggio della recensione: <\/strong>5<br \/> <strong>Numero di recensioni:<\/strong> 3<br \/><a href=\"https:\/\/www.google.co.uk\/maps?cid=3385489010189936138&#038;hl=en&#038;gl=GB\" target=\"_new\" rel=\"noopener\">Leggi le recensioni<\/a><\/p>\n<h2><span class=\"ez-toc-section\" id=\"MBL_Worldwide\"><\/span>MBL in tutto il mondo<span class=\"ez-toc-section-end\"><\/span><\/h2>\n<p><img decoding=\"async\" src=\"https:\/\/moverdb.com\/wp-content\/uploads\/AF1QipNeFZSxaoJjKTIys9kl9cMV4Ch2oFqrYgLMgBNLw408-h281-k-no.jpg\" alt='MBL in tutto il mondo' class=\"aligncenter\"><\/p>\n<p><strong>Descrizione dell'azienda: <\/strong>Con oltre 30 anni di esperienza nel settore dei trasporti e della logistica, MBL Worldwide offre a voi e alla vostra azienda la sicurezza di sapere che le vostre merci sono in mani sicure, dal ritiro fino alla consegna.<\/p>\n<p> Che si tratti di una busta di documenti da consegnare in tempo o di un carico fuori sagoma all'altro capo del mondo, possiamo farvelo avere.<\/p>\n<p> Noi di MBL Worldwide siamo specializzati in tutte le modalit\u00e0 di trasporto, da e verso ogni punto del globo, grazie ai nostri numerosi contatti e agenti in tutto il mondo.<\/p>\n<p><strong>Servizi aggiuntivi:<\/strong><\/p>\n<p>Nessuno elencato<\/p>\n<p><strong>Indirizzo:<\/strong> 19C Orgreave Cl, Sheffield S13 9NP<\/p>\n<p><a href=\"http:\/\/www.mblworldwide.co.uk\/\" target=\"_new\" rel=\"noopener\">Sito web di MBL Worldwide<\/a><\/p>\n<p><strong>Punteggio della recensione: <\/strong>3.7<br \/> <strong>Numero di recensioni:<\/strong> 3<br \/><a href=\"https:\/\/www.google.co.uk\/maps?cid=11945059701134203149&#038;hl=en&#038;gl=GB\" target=\"_new\" rel=\"noopener\">Leggi le recensioni<\/a><\/p>\n<h2><span class=\"ez-toc-section\" id=\"Dolphin_Freight_Services_Ltd\"><\/span>Servizi di trasporto Dolphin Ltd<span class=\"ez-toc-section-end\"><\/span><\/h2>\n<p><img decoding=\"async\" src=\"https:\/\/moverdb.com\/wp-content\/uploads\/thumbnailpanoidgRBR3ZxUVJAEj4FOLLM_Sgcb_clientsearch.gws-prod.gpsw408h240yaw343.jpg\" alt='Servizi di trasporto Dolphin Ltd' class=\"aligncenter\"><\/p>\n<p><strong>Descrizione dell'azienda: <\/strong>Nessuno fornito<\/p>\n<p><strong>Servizi aggiuntivi:<\/strong><\/p>\n<p>Nessuno elencato<\/p>\n<p><strong>Indirizzo:<\/strong> Unit\u00e0 3 Ranskill Ct, Tinsley, Sheffield S9 5FZ<\/p>\n<p><a href=\"http:\/\/www.dolphinfreight.co.uk\/\" target=\"_new\" rel=\"noopener\">Sito web di Dolphin Freight Services Ltd<\/a><\/p>\n<p><strong>Punteggio della recensione: <\/strong>4.3<br \/> <strong>Numero di recensioni:<\/strong> 6<br \/><a href=\"https:\/\/www.google.co.uk\/maps?cid=841248966975053739&#038;hl=en&#038;gl=GB\" target=\"_new\" rel=\"noopener\">Leggi le recensioni<\/a><\/p>\n<h2><span class=\"ez-toc-section\" id=\"BSC-Essex_Freight\"><\/span>Trasporto BSC-Essex<span class=\"ez-toc-section-end\"><\/span><\/h2>\n<p><img decoding=\"async\" src=\"https:\/\/moverdb.com\/wp-content\/uploads\/AF1QipPx-HgBMJYfK_9QwTemIMhc9_BCG0spx3Azcvy6w493-h240-k-no.jpg\" alt='Trasporto BSC-Essex' class=\"aligncenter\"><\/p>\n<p><strong>Descrizione dell'azienda: <\/strong>Nessuno fornito<\/p>\n<p><strong>Servizi aggiuntivi:<\/strong><\/p>\n<p>Nessuno elencato<\/p>\n<p><strong>Indirizzo:<\/strong> Business Park, 58 Newhall Rd, Sheffield S9 2QD<\/p>\n<p><a href=\"http:\/\/www.bscessexfreight.com\/\" target=\"_new\" rel=\"noopener\">Sito web BSC-Essex Freight<\/a><\/p>\n<p><strong>Punteggio della recensione: <\/strong>4.5<br \/> <strong>Numero di recensioni:<\/strong> 31<br \/><a href=\"https:\/\/www.google.co.uk\/maps?cid=12739898572885287252&#038;hl=en&#038;gl=GB\" target=\"_new\" rel=\"noopener\">Leggi le recensioni<\/a><\/p>\n<h2><span class=\"ez-toc-section\" id=\"International_Freight_Solutions_Ltd\"><\/span>Soluzioni di trasporto internazionale Ltd<span class=\"ez-toc-section-end\"><\/span><\/h2>\n<p><img decoding=\"async\" src=\"https:\/\/moverdb.com\/wp-content\/uploads\/AF1QipOR7M0BTISXAFrqYQB-aeeiKaPPLRn56p1E2gBew408-h306-k-no.jpg\" alt='Soluzioni di trasporto internazionale Ltd' class=\"aligncenter\"><\/p>\n<p><strong>Descrizione dell'azienda: <\/strong>International Freight Solutions (IFS) offre un'ampia gamma di servizi di trasporto in tutto il mondo sia per l'esportazione che per l'importazione.<\/p>\n<p> Lavorando a stretto contatto con voi, troviamo le soluzioni migliori per soddisfare le vostre esigenze logistiche.<\/p>\n<p>Esportazioni: Importazioni: Europeo: Mondiale: Trasporto marittimo: Trasporto aereo: Trasporto su strada: Trasporto ferroviario: Servizi di corriere internazionale: Servizi di corriere espresso dedicato in tutto il Regno Unito e in Europa.<\/p>\n<p><strong>Servizi aggiuntivi:<\/strong><\/p>\n<p>Nessuno elencato<\/p>\n<p><strong>Indirizzo:<\/strong> Hydra Business Park, Ufficio 10 Hydra House, Nether Ln, Sheffield S35 9ZX<\/p>\n<p><a href=\"http:\/\/www.intfreight.co.uk\/\" target=\"_new\" rel=\"noopener\">Sito web di International Freight Solutions Ltd<\/a><\/p>\n<p><strong>Punteggio della recensione: <\/strong>4.9<br \/> <strong>Numero di recensioni:<\/strong> 32<br \/><a href=\"https:\/\/www.google.co.uk\/maps?cid=3898802828460418149&#038;hl=en&#038;gl=GB\" target=\"_new\" rel=\"noopener\">Leggi le recensioni<\/a><\/p>\n<h2><span class=\"ez-toc-section\" id=\"Worldwide_Logisitcs_Group_UK\"><\/span>Gruppo Worldwide Logisitcs Regno Unito<span class=\"ez-toc-section-end\"><\/span><\/h2>\n<p><img decoding=\"async\" src=\"https:\/\/moverdb.com\/wp-content\/uploads\/thumbnailpanoidj1AsC82rJB-PLDb-Ra5t8wcb_clientsearch.gws-prod.gpsw408h240yaw211.jpg\" alt='Gruppo Worldwide Logisitcs Regno Unito' class=\"aligncenter\"><\/p>\n<p><strong>Descrizione dell'azienda: <\/strong>Nessuno fornito<\/p>\n<p><strong>Servizi aggiuntivi:<\/strong><\/p>\n<p>Nessuno elencato<\/p>\n<p><strong>Indirizzo:<\/strong> Mulino di Aizlewoods, Nursery St, Sheffield S3 8GG<\/p>\n<p><a href=\"https:\/\/worldwidelogisticsltd.com\/uk\/\" target=\"_new\" rel=\"noopener\">Sito web di Worldwide Logisitcs Group UK<\/a><\/p>\n<p><strong>Punteggio della recensione: <\/strong>5<br \/> <strong>Numero di recensioni:<\/strong> 1<br \/><a href=\"https:\/\/www.google.co.uk\/maps?cid=12524890210797566915&#038;hl=en&#038;gl=GB\" target=\"_new\" rel=\"noopener\">Leggi le recensioni<\/a><\/p>\n<h2><span class=\"ez-toc-section\" id=\"How_we_picked_the_best_Sheffield_Freight_Forwarding_Companies\"><\/span>Come abbiamo scelto le migliori aziende di spedizione merci di Sheffield<span class=\"ez-toc-section-end\"><\/span><\/h2>\n<p>Siamo partiti da un set di 17 societ\u00e0 di spedizioni di Sheffield che abbiamo trovato tramite Google Maps e abbiamo ristretto il campo alle 12 migliori.<\/p>\n<p>A tal fine abbiamo eliminato tutte le aziende che:<\/p>\n<ul>\n<li> Non aveva un sito web<\/li>\n<li> Non ha avuto recensioni<\/li>\n<li> Ha avuto un punteggio medio delle recensioni inferiore a 2,0<\/li>\n<\/ul>\n<p>A questo punto, se avevamo 17 o meno spedizionieri, li abbiamo elencati tutti.<\/p>\n<p>Per le citt\u00e0 in cui rimanevano pi\u00f9 di 17 spedizionieri, abbiamo effettuato ulteriori revisioni aumentando il punteggio delle recensioni richiesto (ad esempio, passando da un minimo di 2,0 a 4,0) e\/o aumentando il numero minimo di recensioni richieste (ad esempio, passando da almeno 1 recensione ad almeno 10).<\/p>\n<p>Si noti che abbiamo utilizzato solo i dati delle recensioni di Google Maps e non di altri siti web di terze parti.<\/p>\n<p>Altre citt\u00e0:<\/p>\n<p><a href=\"https:\/\/moverdb.com\/it\/spedizioniere\/freight-forwarding-uk\/dover-freight-forwarder\/\">Spedizioniere di Dover<\/a><br \/><a href=\"https:\/\/moverdb.com\/it\/spedizioniere\/freight-forwarding-uk\/ashford-freight-forwarder\/\">Spedizioniere di Ashford<\/a><br \/><a href=\"https:\/\/moverdb.com\/it\/spedizioniere\/freight-forwarding-uk\/egham-freight-forwarder\/\">Spedizioniere di Egham<\/a><br \/><a href=\"https:\/\/moverdb.com\/it\/spedizioniere\/freight-forwarding-uk\/leeds-freight-forwarder\/\">Spedizioniere di Leeds<\/a><br \/><a href=\"https:\/\/moverdb.com\/it\/spedizioniere\/freight-forwarding-uk\/belfast-freight-forwarder\/\">Spedizioniere di Belfast<\/a><\/p>","protected":false},"excerpt":{"rendered":"<p>Below we look at the 12 &#8220;best&#8221; Freight Forwarding companies in Sheffield out of 17. To learn more about how we chose the best please consult our FAQ section at the end. Please not the following listings are in no particular order and we are not making any recommendations for any particular company. NINE56 Ltd. [&hellip;]<\/p>\n","protected":false},"author":1,"featured_media":0,"parent":13427,"menu_order":0,"comment_status":"open","ping_status":"open","template":"","meta":{"_genesis_hide_title":false,"_genesis_hide_breadcrumbs":false,"_genesis_hide_singular_image":false,"_genesis_hide_footer_widgets":false,"_genesis_custom_body_class":"","_genesis_custom_post_class":"","_genesis_layout":"","footnotes":""},"class_list":{"0":"post-13640","1":"page","2":"type-page","3":"status-publish","5":"entry"},"_links":{"self":[{"href":"https:\/\/moverdb.com\/it\/wp-json\/wp\/v2\/pages\/13640","targetHints":{"allow":["GET"]}}],"collection":[{"href":"https:\/\/moverdb.com\/it\/wp-json\/wp\/v2\/pages"}],"about":[{"href":"https:\/\/moverdb.com\/it\/wp-json\/wp\/v2\/types\/page"}],"author":[{"embeddable":true,"href":"https:\/\/moverdb.com\/it\/wp-json\/wp\/v2\/users\/1"}],"replies":[{"embeddable":true,"href":"https:\/\/moverdb.com\/it\/wp-json\/wp\/v2\/comments?post=13640"}],"version-history":[{"count":1,"href":"https:\/\/moverdb.com\/it\/wp-json\/wp\/v2\/pages\/13640\/revisions"}],"predecessor-version":[{"id":15687,"href":"https:\/\/moverdb.com\/it\/wp-json\/wp\/v2\/pages\/13640\/revisions\/15687"}],"up":[{"embeddable":true,"href":"https:\/\/moverdb.com\/it\/wp-json\/wp\/v2\/pages\/13427"}],"wp:attachment":[{"href":"https:\/\/moverdb.com\/it\/wp-json\/wp\/v2\/media?parent=13640"}],"curies":[{"name":"wp","href":"https:\/\/api.w.org\/{rel}","templated":true}]}}