{"id":11661,"date":"2023-11-29T10:50:19","date_gmt":"2023-11-29T10:50:19","guid":{"rendered":"https:\/\/moverdb.com\/?page_id=11661"},"modified":"2026-01-08T15:29:26","modified_gmt":"2026-01-08T15:29:26","slug":"moving-companies-us-sterling","status":"publish","type":"page","link":"https:\/\/moverdb.com\/it\/moving-companies\/moving-companies-us-sterling\/","title":{"rendered":"6 Migliori Imprese di Traslochi Internazionali a Sterling"},"content":{"rendered":"<p>Il trasloco pu\u00f2 essere un momento impegnativo, per cui un aiuto pu\u00f2 davvero alleggerire il carico. \u00c8 possibile ingaggiare un <a href=\"https:\/\/moverdb.com\/it\/moving-companies\/\" data-internallinksmanager029f6b8e52c=\"79\" title=\"Le 25 migliori aziende di traslochi internazionali online\">azienda di traslochi<\/a> per aiutarvi a svolgere una serie di attivit\u00e0 di trasloco, tra cui la pianificazione del trasloco, l'imballaggio dei vostri oggetti, l'organizzazione del trasporto e la gestione della documentazione doganale. Di seguito abbiamo stilato un elenco di agenzie di trasloco con sede a Sterling. <a href=\"https:\/\/moverdb.com\/it\/international-removals\/\" data-internallinksmanager029f6b8e52c=\"27\" title=\"36 Migliori aziende di traslochi internazionali del Regno Unito\">aziende di trasloco<\/a> che sono membri dell'associazione <a href=\"https:\/\/moverdb.com\/it\/iam\/\" data-internallinksmanager029f6b8e52c=\"23\" title=\"Spiegazione dell&#039;Associazione Internazionale dei Traslocatori (IAM)\">Associazione internazionale dei traslocatori<\/a> (IAM) e\/o <a href=\"https:\/\/moverdb.com\/it\/fidi-faim\/\" data-internallinksmanager029f6b8e52c=\"16\" title=\"FIDI e FAIM (FIDI Accredited International Mover) spiegati\">FIDI<\/a> Traslocatori internazionali accreditati (FAIM) che possono assistervi nel vostro trasloco.<\/p>\n<div id=\"ez-toc-container\" class=\"ez-toc-v2_0_82_2 ez-toc-wrap-left counter-hierarchy ez-toc-counter ez-toc-transparent ez-toc-container-direction\">\n<div class=\"ez-toc-title-container\">\n<p class=\"ez-toc-title\" style=\"cursor:inherit\">Sezioni<\/p>\n<span class=\"ez-toc-title-toggle\"><a href=\"#\" class=\"ez-toc-pull-right ez-toc-btn ez-toc-btn-xs ez-toc-btn-default ez-toc-toggle\" aria-label=\"Allinea la tabella dei contenuti\"><span class=\"ez-toc-js-icon-con\"><span class=\"\"><span class=\"eztoc-hide\" style=\"display:none;\">Toggle<\/span><span class=\"ez-toc-icon-toggle-span\"><svg style=\"fill: #999;color:#999\" xmlns=\"http:\/\/www.w3.org\/2000\/svg\" class=\"list-377408\" width=\"20px\" height=\"20px\" viewbox=\"0 0 24 24\" fill=\"none\"><path d=\"M6 6H4v2h2V6zm14 0H8v2h12V6zM4 11h2v2H4v-2zm16 0H8v2h12v-2zM4 16h2v2H4v-2zm16 0H8v2h12v-2z\" fill=\"currentColor\"><\/path><\/svg><svg style=\"fill: #999;color:#999\" class=\"arrow-unsorted-368013\" xmlns=\"http:\/\/www.w3.org\/2000\/svg\" width=\"10px\" height=\"10px\" viewbox=\"0 0 24 24\" version=\"1.2\" baseprofile=\"tiny\"><path d=\"M18.2 9.3l-6.2-6.3-6.2 6.3c-.2.2-.3.4-.3.7s.1.5.3.7c.2.2.4.3.7.3h11c.3 0 .5-.1.7-.3.2-.2.3-.5.3-.7s-.1-.5-.3-.7zM5.8 14.7l6.2 6.3 6.2-6.3c.2-.2.3-.5.3-.7s-.1-.5-.3-.7c-.2-.2-.4-.3-.7-.3h-11c-.3 0-.5.1-.7.3-.2.2-.3.5-.3.7s.1.5.3.7z\"\/><\/svg><\/span><\/span><\/span><\/a><\/span><\/div>\n<nav><ul class='ez-toc-list ez-toc-list-level-1 eztoc-toggle-hide-by-default' ><li class='ez-toc-page-1 ez-toc-heading-level-2'><a class=\"ez-toc-link ez-toc-heading-1\" href=\"https:\/\/moverdb.com\/it\/moving-companies\/moving-companies-us-sterling\/#1_Brauns_International\" >1. Brauns International<\/a><\/li><li class='ez-toc-page-1 ez-toc-heading-level-2'><a class=\"ez-toc-link ez-toc-heading-2\" href=\"https:\/\/moverdb.com\/it\/moving-companies\/moving-companies-us-sterling\/#2_DN_Van_Lines\" >2. DN Van Lines<\/a><\/li><li class='ez-toc-page-1 ez-toc-heading-level-2'><a class=\"ez-toc-link ez-toc-heading-3\" href=\"https:\/\/moverdb.com\/it\/moving-companies\/moving-companies-us-sterling\/#3_JK_Moving_Services\" >3. Servizi di trasloco JK<\/a><\/li><li class='ez-toc-page-1 ez-toc-heading-level-2'><a class=\"ez-toc-link ez-toc-heading-4\" href=\"https:\/\/moverdb.com\/it\/moving-companies\/moving-companies-us-sterling\/#4_Laing_International\" >4. Laing International<\/a><\/li><li class='ez-toc-page-1 ez-toc-heading-level-2'><a class=\"ez-toc-link ez-toc-heading-5\" href=\"https:\/\/moverdb.com\/it\/moving-companies\/moving-companies-us-sterling\/#5_RelogistiX\" >5. RelogistiX<\/a><\/li><li class='ez-toc-page-1 ez-toc-heading-level-2'><a class=\"ez-toc-link ez-toc-heading-6\" href=\"https:\/\/moverdb.com\/it\/moving-companies\/moving-companies-us-sterling\/#6_Star_Moving_Solutions\" >6. Soluzioni di trasloco Star<\/a><\/li><\/ul><\/nav><\/div>\n<h2><span class=\"ez-toc-section\" id=\"1_Brauns_International\"><\/span><strong>1. Brauns International<\/strong><span class=\"ez-toc-section-end\"><\/span><\/h2>\n<p><img loading=\"lazy\" decoding=\"async\" class=\"alignnone size-full wp-image-7421\" src=\"https:\/\/moverdb.com\/wp-content\/uploads\/Brauns-International-moving-company.png\" alt=\"Azienda di traslochi Brauns International\" width=\"1440\" height=\"683\" data-wp-pid=\"7421\" srcset=\"https:\/\/moverdb.com\/wp-content\/uploads\/Brauns-International-moving-company.png 1440w, https:\/\/moverdb.com\/wp-content\/uploads\/Brauns-International-moving-company-300x142.png 300w, https:\/\/moverdb.com\/wp-content\/uploads\/Brauns-International-moving-company-1024x486.png 1024w, https:\/\/moverdb.com\/wp-content\/uploads\/Brauns-International-moving-company-18x9.png 18w, https:\/\/moverdb.com\/wp-content\/uploads\/Brauns-International-moving-company-600x285.png 600w\" sizes=\"auto, (max-width: 1440px) 100vw, 1440px\" \/><\/p>\n<ul>\n<li>Traslochi locali e nazionali<\/li>\n<li>Spostamenti internazionali<\/li>\n<li>Traslochi domestici<\/li>\n<li>Movimenti aziendali<\/li>\n<li>Consulente personale per il trasloco<\/li>\n<li>Servizio di imballaggio<\/li>\n<li>Trasporto via camion, aereo e marittimo<\/li>\n<li>Preparazione del documento<\/li>\n<li>Assicurazione<\/li>\n<li>Servizi di stoccaggio<\/li>\n<\/ul>\n<p>Brauns International \u00e8 un'azienda di traslochi e magazzinaggio internazionale fondata nel 1992 a <a href=\"https:\/\/moverdb.com\/it\/moving-to-the-united-states\/moving-to-virginia\/\" data-internallinksmanager029f6b8e52c=\"442\" title=\"Trasferirsi in Virginia? 2026 Costi della vita e consigli per il trasferimento\">Virginia<\/a>e opera da Sterling. Dispone di una rete di agenti partner in tutto il mondo con cui collabora per fornire servizi di trasloco a livello internazionale. \u00c8 membro di IAM con 31 anni di esperienza.<\/p>\n<p>Brauns International offre un servizio di trasloco su misura con un consulente personale che coordiner\u00e0 tutti gli aspetti del vostro trasloco. Offre un servizio di imballaggio di altissima qualit\u00e0 per proteggere i vostri beni. Organizzeranno e seguiranno il trasporto dei vostri beni e completeranno e compileranno tutte le pratiche e la documentazione per lo sdoganamento.<\/p>\n<p>Sito web: <a href=\"https:\/\/www.braunsusa.com\/\" target=\"_blank\" rel=\"noopener\">https:\/\/www.braunsusa.com\/<\/a><\/p>\n<h2><span class=\"ez-toc-section\" id=\"2_DN_Van_Lines\"><\/span><strong>2. DN Van Lines<\/strong><span class=\"ez-toc-section-end\"><\/span><\/h2>\n<p><img loading=\"lazy\" decoding=\"async\" class=\"alignnone size-full wp-image-11307\" src=\"https:\/\/moverdb.com\/wp-content\/uploads\/DN-Van-Lines-international-moving-company.png\" alt=\"DN Van Lines, azienda di traslochi internazionali\" width=\"1440\" height=\"670\" data-wp-pid=\"11307\" srcset=\"https:\/\/moverdb.com\/wp-content\/uploads\/DN-Van-Lines-international-moving-company.png 1440w, https:\/\/moverdb.com\/wp-content\/uploads\/DN-Van-Lines-international-moving-company-300x140.png 300w, https:\/\/moverdb.com\/wp-content\/uploads\/DN-Van-Lines-international-moving-company-1024x476.png 1024w, https:\/\/moverdb.com\/wp-content\/uploads\/DN-Van-Lines-international-moving-company-18x8.png 18w, https:\/\/moverdb.com\/wp-content\/uploads\/DN-Van-Lines-international-moving-company-600x279.png 600w\" sizes=\"auto, (max-width: 1440px) 100vw, 1440px\" \/><\/p>\n<ul>\n<li>Traslochi locali e interstatali<\/li>\n<li>Spostamenti a lunga distanza<\/li>\n<li>Spostamenti residenziali<\/li>\n<li>Traslochi di uffici e attivit\u00e0 commerciali<\/li>\n<li>Coordinatore del trasloco dedicato<\/li>\n<li>Servizio di imballaggio<\/li>\n<li>Gestione dettagliata dell'inventario<\/li>\n<li>Organizzazione del trasporto<\/li>\n<li>Tracciamento della spedizione<\/li>\n<li>Stoccaggio sicuro a breve e lungo termine<\/li>\n<\/ul>\n<p>DN Van Lines \u00e8 un'azienda di traslochi e magazzini fondata nel 2001 con sedi a Sterling, <a href=\"https:\/\/moverdb.com\/it\/moving-to-the-united-states\/moving-to-florida\/\" data-internallinksmanager029f6b8e52c=\"331\" title=\"Trasferirsi in Florida? 2026 Costi di vita e consigli per il trasferimento\">Florida<\/a> e <a href=\"https:\/\/moverdb.com\/it\/moving-to-the-united-states\/moving-to-massachusetts\/\" data-internallinksmanager029f6b8e52c=\"412\" title=\"Trasferirsi in Massachusetts? 2026 Costi di vita e consigli per il trasferimento\">Massachusetts<\/a>. Sono membri della IAM con 20 anni di esperienza e hanno accesso a una rete internazionale di agenti di trasloco.<\/p>\n<p>DN Van Lines offre un sopralluogo a domicilio o virtuale per stimare il volume del vostro trasloco e mette a disposizione un coordinatore del trasloco dedicato. Fornisce un servizio di imballaggio che si avvale di personale qualificato per imballare in modo sicuro i vostri oggetti e produrre un inventario dettagliato che sar\u00e0 archiviato in modo sicuro sul loro sistema. Organizzano il trasporto degli oggetti a destinazione e le spedizioni sono tracciate tramite GPS.<\/p>\n<p>Sito web: <a href=\"https:\/\/dnvanlines.com\/\" target=\"_blank\" rel=\"noopener\">https:\/\/dnvanlines.com\/<\/a><\/p>\n<h2><span class=\"ez-toc-section\" id=\"3_JK_Moving_Services\"><\/span><strong>3. Servizi di trasloco JK<\/strong><span class=\"ez-toc-section-end\"><\/span><\/h2>\n<p><img loading=\"lazy\" decoding=\"async\" class=\"alignnone size-full wp-image-11662\" src=\"https:\/\/moverdb.com\/wp-content\/uploads\/JK-Moving-Services-international-moving-company.png\" alt=\"JK Moving Services - Societ\u00e0 di traslochi internazionali\" width=\"1440\" height=\"678\" data-wp-pid=\"11662\" srcset=\"https:\/\/moverdb.com\/wp-content\/uploads\/JK-Moving-Services-international-moving-company.png 1440w, https:\/\/moverdb.com\/wp-content\/uploads\/JK-Moving-Services-international-moving-company-300x141.png 300w, https:\/\/moverdb.com\/wp-content\/uploads\/JK-Moving-Services-international-moving-company-1024x482.png 1024w, https:\/\/moverdb.com\/wp-content\/uploads\/JK-Moving-Services-international-moving-company-18x8.png 18w, https:\/\/moverdb.com\/wp-content\/uploads\/JK-Moving-Services-international-moving-company-600x283.png 600w\" sizes=\"auto, (max-width: 1440px) 100vw, 1440px\" \/><\/p>\n<ul>\n<li>Traslochi locali e a lunga distanza<\/li>\n<li>Spostamenti internazionali<\/li>\n<li>Spostamenti residenziali<\/li>\n<li>Traslochi commerciali<\/li>\n<li>Servizio porta a porta<\/li>\n<li>Responsabile del trasloco dedicato<\/li>\n<li>Servizio di imballaggio<\/li>\n<li>Trasporto via camion, ferrovia, mare e aereo<\/li>\n<li>Sdoganamento<\/li>\n<li>Stoccaggio sicuro<\/li>\n<\/ul>\n<p>JK Moving Services \u00e8 un'azienda di traslochi e logistica che opera da oltre 40 anni e ha sedi a Sterling, <a href=\"https:\/\/moverdb.com\/it\/moving-to-the-united-states\/moving-to-maryland\/\" data-internallinksmanager029f6b8e52c=\"467\" title=\"Trasferirsi nel Maryland? 2026 Costi di vita e consigli per il trasferimento\">Maryland<\/a> e Washington. Dispongono di una rete globale di traslochi che li supporta nella fornitura di servizi internazionali. Sono membri di IAM con 44 anni di esperienza e sono accreditati da FIDI.<\/p>\n<p>JK Moving Services offre servizi di trasloco porta a porta per clienti residenziali e commerciali, con un responsabile del trasloco dedicato che coordina tutta la logistica. Mette a disposizione traslocatori professionisti e addestrati che imballano e caricano i vostri oggetti in modo sicuro e che, al momento della consegna, li scaricano e li disimballano.<\/p>\n<p>Sito web: <a href=\"https:\/\/www.jkmoving.com\/\" target=\"_blank\" rel=\"noopener\">https:\/\/www.jkmoving.com\/<\/a><\/p>\n<h2><span class=\"ez-toc-section\" id=\"4_Laing_International\"><\/span><strong>4. Laing International<\/strong><span class=\"ez-toc-section-end\"><\/span><\/h2>\n<p><img loading=\"lazy\" decoding=\"async\" class=\"alignnone size-full wp-image-11361\" src=\"https:\/\/moverdb.com\/wp-content\/uploads\/Laing-International-moving-company.png\" alt=\"Azienda di traslochi Laing International\" width=\"1440\" height=\"681\" data-wp-pid=\"11361\" srcset=\"https:\/\/moverdb.com\/wp-content\/uploads\/Laing-International-moving-company.png 1440w, https:\/\/moverdb.com\/wp-content\/uploads\/Laing-International-moving-company-300x142.png 300w, https:\/\/moverdb.com\/wp-content\/uploads\/Laing-International-moving-company-1024x484.png 1024w, https:\/\/moverdb.com\/wp-content\/uploads\/Laing-International-moving-company-18x9.png 18w, https:\/\/moverdb.com\/wp-content\/uploads\/Laing-International-moving-company-600x284.png 600w\" sizes=\"auto, (max-width: 1440px) 100vw, 1440px\" \/><\/p>\n<ul>\n<li>Servizi di trasporto locale<\/li>\n<li>Trasporto internazionale<\/li>\n<li>Beni individuali<\/li>\n<li>Prodotti commerciali<\/li>\n<li>Gestione delle spedizioni<\/li>\n<li>Servizio di imballaggio<\/li>\n<li>Imballaggio<\/li>\n<li>Organizzazione del trasporto<\/li>\n<li>Sdoganamento<\/li>\n<li>Assicurazione<\/li>\n<\/ul>\n<p>Laing International \u00e8 un intermediario doganale e <a href=\"https:\/\/moverdb.com\/it\/freight-forwarder\/\" data-internallinksmanager029f6b8e52c=\"17\" title=\"Spedizioniere e NVOCC Guida ai costi e alle societ\u00e0 internazionali\">spedizioniere<\/a> con sede a Sterling e nel Maryland, fondata nel 1979. L'azienda \u00e8 membro di IAM e vanta 44 anni di esperienza che le consentono di disporre di una rete internazionale di aziende che la supportano nella fornitura dei propri servizi in tutto il mondo.<\/p>\n<p>Laing International \u00e8 un'azienda specializzata nel brokeraggio doganale e nella spedizione di merci che mira a ridurre i ritardi e a farvi risparmiare sulla movimentazione delle vostre merci a livello locale o internazionale. Fornisce servizi di trasporto locale e servizi di spedizione aerea che comprendono l'imballaggio e l'inscatolamento sicuro dei vostri articoli con assicurazione inclusa. Si occuper\u00e0 anche dello sdoganamento per il trasferimento delle vostre merci da un Paese all'altro.<\/p>\n<p>Sito web: <a href=\"http:\/\/www.lainginternational.com\/\" target=\"_blank\" rel=\"noopener\">http:\/\/www.lainginternational.com\/<\/a><\/p>\n<h2><span class=\"ez-toc-section\" id=\"5_RelogistiX\"><\/span><strong>5. RelogistiX<\/strong><span class=\"ez-toc-section-end\"><\/span><\/h2>\n<p><img loading=\"lazy\" decoding=\"async\" class=\"alignnone size-full wp-image-11663\" src=\"https:\/\/moverdb.com\/wp-content\/uploads\/Relogistix-international-moving-company.png\" alt=\"Azienda di traslochi internazionali Relogistix\" width=\"1440\" height=\"680\" data-wp-pid=\"11663\" srcset=\"https:\/\/moverdb.com\/wp-content\/uploads\/Relogistix-international-moving-company.png 1440w, https:\/\/moverdb.com\/wp-content\/uploads\/Relogistix-international-moving-company-300x142.png 300w, https:\/\/moverdb.com\/wp-content\/uploads\/Relogistix-international-moving-company-1024x484.png 1024w, https:\/\/moverdb.com\/wp-content\/uploads\/Relogistix-international-moving-company-18x9.png 18w, https:\/\/moverdb.com\/wp-content\/uploads\/Relogistix-international-moving-company-600x283.png 600w\" sizes=\"auto, (max-width: 1440px) 100vw, 1440px\" \/><\/p>\n<ul>\n<li>Trasferimenti internazionali<\/li>\n<li>Traslochi domestici<\/li>\n<li>Servizio porta a porta<\/li>\n<li>Coordinatore dedicato<\/li>\n<li>Sondaggio a domicilio<\/li>\n<li>Servizio di imballaggio<\/li>\n<li>Materiali di imballaggio di alta qualit\u00e0<\/li>\n<li>Trasporto terrestre, aereo e marittimo<\/li>\n<li>Sdoganamento<\/li>\n<li>Disimballaggio e rimozione dei detriti<\/li>\n<\/ul>\n<p>RelogistiX \u00e8 un'azienda di traslochi e logistica con sedi a Sterling e Alexandria. \u00c8 membro di IAM con 36 anni di esperienza e ha accesso a una rete internazionale di agenti di trasloco che la supportano.<\/p>\n<p>RelogistiX offre una consulenza gratuita prima del trasloco per discutere le vostre esigenze e completer\u00e0 un sopralluogo e un preventivo. Forniranno un coordinatore designato che sar\u00e0 il vostro contatto principale per tutta la durata del trasloco. Utilizzano i migliori materiali di imballaggio conformi agli standard internazionali e casse personalizzate per proteggere i vostri oggetti. All'arrivo, scaricheranno e scarteranno i vostri oggetti e rimuoveranno tutti i detriti.<\/p>\n<p>Sito web: <a href=\"https:\/\/www.relogistix.net\/\" target=\"_blank\" rel=\"noopener\">https:\/\/www.relogistix.net\/<\/a><\/p>\n<h2><span class=\"ez-toc-section\" id=\"6_Star_Moving_Solutions\"><\/span><strong>6. Soluzioni di trasloco Star<\/strong><span class=\"ez-toc-section-end\"><\/span><\/h2>\n<p><img loading=\"lazy\" decoding=\"async\" class=\"alignnone size-full wp-image-5207\" src=\"https:\/\/moverdb.com\/wp-content\/uploads\/Star-Moving-international-moving-company.png\" alt=\"Star Moving, azienda di traslochi internazionali\" width=\"1440\" height=\"683\" data-wp-pid=\"5207\" srcset=\"https:\/\/moverdb.com\/wp-content\/uploads\/Star-Moving-international-moving-company.png 1440w, https:\/\/moverdb.com\/wp-content\/uploads\/Star-Moving-international-moving-company-300x142.png 300w, https:\/\/moverdb.com\/wp-content\/uploads\/Star-Moving-international-moving-company-1024x486.png 1024w, https:\/\/moverdb.com\/wp-content\/uploads\/Star-Moving-international-moving-company-18x9.png 18w, https:\/\/moverdb.com\/wp-content\/uploads\/Star-Moving-international-moving-company-600x285.png 600w\" sizes=\"auto, (max-width: 1440px) 100vw, 1440px\" \/><\/p>\n<ul>\n<li>Movimenti nazionali<\/li>\n<li>Spostamenti internazionali<\/li>\n<li>Traslochi domestici<\/li>\n<li>Trasferimenti aziendali<\/li>\n<li>Servizio porta a porta<\/li>\n<li>Servizi di imballaggio<\/li>\n<li>Organizzazione del trasporto<\/li>\n<li>Supporto doganale<\/li>\n<li>Sistemi di tracciamento<\/li>\n<li>Soluzioni di stoccaggio<\/li>\n<\/ul>\n<p>Star Moving Solutions \u00e8 un'azienda di traslochi nazionali e internazionali fondata nel 1998. \u00c8 membro di Van Line con un'ampia rete mondiale di aziende di traslochi che la supportano con servizi internazionali in oltre 160 paesi. \u00c8 membro di IAM con 25 anni di esperienza.<\/p>\n<p>Star Moving Solutions offre un sopralluogo per stabilire i volumi di trasloco e fornire un preventivo. Forniscono un unico punto di contatto per assistervi durante tutto il trasloco e dispongono di un sistema di tracciamento per monitorare i progressi. Offre servizi di imballaggio e confezionamento specializzati per i traslochi all'estero e fornisce assistenza per lo sdoganamento.<\/p>\n<p>Sito web: <a href=\"https:\/\/starint.com\/\" target=\"_blank\" rel=\"noopener\">https:\/\/starint.com\/<\/a><\/p>","protected":false},"excerpt":{"rendered":"<p>Moving can be a busy time so getting some help can really lighten the load. You can engage a moving company to help with a range of moving tasks including planning your move, packing your items, arranging transport and handling any customs documentation. Below we have compiled a list of Sterling based removal companies that [&hellip;]<\/p>\n","protected":false},"author":4,"featured_media":7421,"parent":190,"menu_order":0,"comment_status":"closed","ping_status":"closed","template":"","meta":{"_genesis_hide_title":false,"_genesis_hide_breadcrumbs":false,"_genesis_hide_singular_image":false,"_genesis_hide_footer_widgets":false,"_genesis_custom_body_class":"","_genesis_custom_post_class":"","_genesis_layout":"","footnotes":""},"class_list":{"0":"post-11661","1":"page","2":"type-page","3":"status-publish","4":"has-post-thumbnail","6":"entry"},"_links":{"self":[{"href":"https:\/\/moverdb.com\/it\/wp-json\/wp\/v2\/pages\/11661","targetHints":{"allow":["GET"]}}],"collection":[{"href":"https:\/\/moverdb.com\/it\/wp-json\/wp\/v2\/pages"}],"about":[{"href":"https:\/\/moverdb.com\/it\/wp-json\/wp\/v2\/types\/page"}],"author":[{"embeddable":true,"href":"https:\/\/moverdb.com\/it\/wp-json\/wp\/v2\/users\/4"}],"replies":[{"embeddable":true,"href":"https:\/\/moverdb.com\/it\/wp-json\/wp\/v2\/comments?post=11661"}],"version-history":[{"count":2,"href":"https:\/\/moverdb.com\/it\/wp-json\/wp\/v2\/pages\/11661\/revisions"}],"predecessor-version":[{"id":11665,"href":"https:\/\/moverdb.com\/it\/wp-json\/wp\/v2\/pages\/11661\/revisions\/11665"}],"up":[{"embeddable":true,"href":"https:\/\/moverdb.com\/it\/wp-json\/wp\/v2\/pages\/190"}],"wp:featuredmedia":[{"embeddable":true,"href":"https:\/\/moverdb.com\/it\/wp-json\/wp\/v2\/media\/7421"}],"wp:attachment":[{"href":"https:\/\/moverdb.com\/it\/wp-json\/wp\/v2\/media?parent=11661"}],"curies":[{"name":"wp","href":"https:\/\/api.w.org\/{rel}","templated":true}]}}