{"id":11648,"date":"2023-11-29T10:50:54","date_gmt":"2023-11-29T10:50:54","guid":{"rendered":"https:\/\/moverdb.com\/?page_id=11648"},"modified":"2026-01-08T15:29:25","modified_gmt":"2026-01-08T15:29:25","slug":"moving-companies-us-ohio","status":"publish","type":"page","link":"https:\/\/moverdb.com\/it\/moving-companies\/moving-companies-us-ohio\/","title":{"rendered":"6 Migliori imprese di traslochi internazionali in Ohio"},"content":{"rendered":"<p>State progettando un trasloco? Allora potreste voler coinvolgere i servizi di un <a href=\"https:\/\/moverdb.com\/it\/moving-companies\/\" data-internallinksmanager029f6b8e52c=\"79\" title=\"Le 25 migliori aziende di traslochi internazionali online\">azienda di traslochi<\/a> per ridurre il carico di lavoro e la pressione del trasloco. Sono in grado di organizzare, imballare e trasportare i vostri effetti personali, nonch\u00e9 di occuparsi della dogana in caso di trasloco. Di seguito abbiamo stilato un elenco di <a href=\"https:\/\/moverdb.com\/it\/moving-to-the-united-states\/moving-to-ohio\/\" data-internallinksmanager029f6b8e52c=\"409\" title=\"Trasferirsi in Ohio? 2026 Costi di vita e consigli per il trasferimento\">Ohio<\/a> basato su <a href=\"https:\/\/moverdb.com\/it\/international-removals\/\" data-internallinksmanager029f6b8e52c=\"27\" title=\"36 Migliori aziende di traslochi internazionali del Regno Unito\">aziende di trasloco<\/a> che sono membri dell'associazione <a href=\"https:\/\/moverdb.com\/it\/iam\/\" data-internallinksmanager029f6b8e52c=\"23\" title=\"Spiegazione dell&#039;Associazione Internazionale dei Traslocatori (IAM)\">Associazione internazionale dei traslocatori<\/a> (IAM) e\/o <a href=\"https:\/\/moverdb.com\/it\/fidi-faim\/\" data-internallinksmanager029f6b8e52c=\"16\" title=\"FIDI e FAIM (FIDI Accredited International Mover) spiegati\">FIDI<\/a> Traslocatore internazionale accreditato (FAIM) che pu\u00f2 aiutarvi con il vostro trasloco.<\/p>\n<div id=\"ez-toc-container\" class=\"ez-toc-v2_0_82_2 ez-toc-wrap-left counter-hierarchy ez-toc-counter ez-toc-transparent ez-toc-container-direction\">\n<div class=\"ez-toc-title-container\">\n<p class=\"ez-toc-title\" style=\"cursor:inherit\">Sezioni<\/p>\n<span class=\"ez-toc-title-toggle\"><a href=\"#\" class=\"ez-toc-pull-right ez-toc-btn ez-toc-btn-xs ez-toc-btn-default ez-toc-toggle\" aria-label=\"Allinea la tabella dei contenuti\"><span class=\"ez-toc-js-icon-con\"><span class=\"\"><span class=\"eztoc-hide\" style=\"display:none;\">Toggle<\/span><span class=\"ez-toc-icon-toggle-span\"><svg style=\"fill: #999;color:#999\" xmlns=\"http:\/\/www.w3.org\/2000\/svg\" class=\"list-377408\" width=\"20px\" height=\"20px\" viewbox=\"0 0 24 24\" fill=\"none\"><path d=\"M6 6H4v2h2V6zm14 0H8v2h12V6zM4 11h2v2H4v-2zm16 0H8v2h12v-2zM4 16h2v2H4v-2zm16 0H8v2h12v-2z\" fill=\"currentColor\"><\/path><\/svg><svg style=\"fill: #999;color:#999\" class=\"arrow-unsorted-368013\" xmlns=\"http:\/\/www.w3.org\/2000\/svg\" width=\"10px\" height=\"10px\" viewbox=\"0 0 24 24\" version=\"1.2\" baseprofile=\"tiny\"><path d=\"M18.2 9.3l-6.2-6.3-6.2 6.3c-.2.2-.3.4-.3.7s.1.5.3.7c.2.2.4.3.7.3h11c.3 0 .5-.1.7-.3.2-.2.3-.5.3-.7s-.1-.5-.3-.7zM5.8 14.7l6.2 6.3 6.2-6.3c.2-.2.3-.5.3-.7s-.1-.5-.3-.7c-.2-.2-.4-.3-.7-.3h-11c-.3 0-.5.1-.7.3-.2.2-.3.5-.3.7s.1.5.3.7z\"\/><\/svg><\/span><\/span><\/span><\/a><\/span><\/div>\n<nav><ul class='ez-toc-list ez-toc-list-level-1 eztoc-toggle-hide-by-default' ><li class='ez-toc-page-1 ez-toc-heading-level-2'><a class=\"ez-toc-link ez-toc-heading-1\" href=\"https:\/\/moverdb.com\/it\/moving-companies\/moving-companies-us-ohio\/#1_Andrews_Moving_Storage\" >1. Andrews Moving &amp; Storage<\/a><\/li><li class='ez-toc-page-1 ez-toc-heading-level-2'><a class=\"ez-toc-link ez-toc-heading-2\" href=\"https:\/\/moverdb.com\/it\/moving-companies\/moving-companies-us-ohio\/#2_Corrigan_Moving_Systems\" >2. Sistemi di trasloco Corrigan<\/a><\/li><li class='ez-toc-page-1 ez-toc-heading-level-2'><a class=\"ez-toc-link ez-toc-heading-3\" href=\"https:\/\/moverdb.com\/it\/moving-companies\/moving-companies-us-ohio\/#3_CSNS_Relocation_Services\" >3. Servizi di trasferimento CSNS<\/a><\/li><li class='ez-toc-page-1 ez-toc-heading-level-2'><a class=\"ez-toc-link ez-toc-heading-4\" href=\"https:\/\/moverdb.com\/it\/moving-companies\/moving-companies-us-ohio\/#4_Letz_Get_Moving\" >4. Muoviamoci<\/a><\/li><li class='ez-toc-page-1 ez-toc-heading-level-2'><a class=\"ez-toc-link ez-toc-heading-5\" href=\"https:\/\/moverdb.com\/it\/moving-companies\/moving-companies-us-ohio\/#5_Moving_Ahead_Services\" >5. Servizi Moving Ahead<\/a><\/li><li class='ez-toc-page-1 ez-toc-heading-level-2'><a class=\"ez-toc-link ez-toc-heading-6\" href=\"https:\/\/moverdb.com\/it\/moving-companies\/moving-companies-us-ohio\/#6_Planes_Moving_Storage\" >6. Planes Moving &amp; Storage<\/a><\/li><\/ul><\/nav><\/div>\n<h2><span class=\"ez-toc-section\" id=\"1_Andrews_Moving_Storage\"><\/span><strong>1. Andrews Moving &amp; Storage<\/strong><span class=\"ez-toc-section-end\"><\/span><\/h2>\n<p><img loading=\"lazy\" decoding=\"async\" class=\"alignnone size-full wp-image-11255\" src=\"https:\/\/moverdb.com\/wp-content\/uploads\/Andrews-Moving-Storage-international-moving-company.png\" alt=\"Andrews Moving &amp; Storage societ\u00e0 di traslochi internazionali\" width=\"1440\" height=\"679\" data-wp-pid=\"11255\" srcset=\"https:\/\/moverdb.com\/wp-content\/uploads\/Andrews-Moving-Storage-international-moving-company.png 1440w, https:\/\/moverdb.com\/wp-content\/uploads\/Andrews-Moving-Storage-international-moving-company-300x141.png 300w, https:\/\/moverdb.com\/wp-content\/uploads\/Andrews-Moving-Storage-international-moving-company-1024x483.png 1024w, https:\/\/moverdb.com\/wp-content\/uploads\/Andrews-Moving-Storage-international-moving-company-18x8.png 18w, https:\/\/moverdb.com\/wp-content\/uploads\/Andrews-Moving-Storage-international-moving-company-600x283.png 600w\" sizes=\"auto, (max-width: 1440px) 100vw, 1440px\" \/><\/p>\n<ul>\n<li>Traslochi locali e a lunga distanza<\/li>\n<li>Spostamenti internazionali<\/li>\n<li>Spostamenti residenziali<\/li>\n<li>Traslochi commerciali e di uffici<\/li>\n<li>Trasferimenti di dipendenti<\/li>\n<li>Servizio di imballaggio<\/li>\n<li>Organizzazione del trasporto<\/li>\n<li>Supporto doganale<\/li>\n<li>Tracciamento della spedizione<\/li>\n<li>Stoccaggio a breve e lungo termine<\/li>\n<\/ul>\n<p>Andrews Moving &amp; Storage \u00e8 un'azienda di traslochi a conduzione familiare fondata nel 1908 con sede a Streetsboro. \u00c8 un agente di United Van Lines, che dispone di una rete mondiale di agenti di trasloco che operano secondo standard elevati. \u00c8 membro della IAM.<\/p>\n<p>Andrews Moving &amp; Storage offre servizi di trasloco personalizzati che gestiscono l'intero trasloco. Fornisce un servizio di imballaggio completo per proteggere i vostri beni durante il trasporto, avvalendosi di squadre di imballaggio qualificate. All'arrivo a destinazione, provvederanno anche a disimballare i vostri beni. Organizzer\u00e0 il trasporto dei vostri beni con assistenza doganale e fornir\u00e0 la tracciabilit\u00e0 online.<\/p>\n<p>Sito web: <a href=\"http:\/\/www.andrewsmoving.com\" target=\"_blank\" rel=\"noopener\">http:\/\/www.andrewsmoving.com<\/a><\/p>\n<h2><span class=\"ez-toc-section\" id=\"2_Corrigan_Moving_Systems\"><\/span><strong>2. Sistemi di trasloco Corrigan<\/strong><span class=\"ez-toc-section-end\"><\/span><\/h2>\n<p><img loading=\"lazy\" decoding=\"async\" class=\"alignnone size-full wp-image-11297\" src=\"https:\/\/moverdb.com\/wp-content\/uploads\/Corrigan-Moving-Systems-international-moving-company.png\" alt=\"Corrigan Moving Systems azienda di traslochi internazionali\" width=\"1440\" height=\"675\" data-wp-pid=\"11297\" srcset=\"https:\/\/moverdb.com\/wp-content\/uploads\/Corrigan-Moving-Systems-international-moving-company.png 1440w, https:\/\/moverdb.com\/wp-content\/uploads\/Corrigan-Moving-Systems-international-moving-company-300x141.png 300w, https:\/\/moverdb.com\/wp-content\/uploads\/Corrigan-Moving-Systems-international-moving-company-1024x480.png 1024w, https:\/\/moverdb.com\/wp-content\/uploads\/Corrigan-Moving-Systems-international-moving-company-18x8.png 18w, https:\/\/moverdb.com\/wp-content\/uploads\/Corrigan-Moving-Systems-international-moving-company-600x281.png 600w\" sizes=\"auto, (max-width: 1440px) 100vw, 1440px\" \/><\/p>\n<ul>\n<li>Traslochi locali e a lunga distanza<\/li>\n<li>Spostamenti internazionali<\/li>\n<li>Spostamenti residenziali<\/li>\n<li>Traslochi commerciali<\/li>\n<li>Trasferimenti aziendali<\/li>\n<li>Servizio porta a porta<\/li>\n<li>Servizio di imballaggio<\/li>\n<li>Supporto doganale<\/li>\n<li><a href=\"https:\/\/moverdb.com\/it\/car-transport-shipping\/\" data-internallinksmanager029f6b8e52c=\"2\" title=\"2026 Preventivi per il trasporto internazionale di auto e veicoli\">Spedizione di veicoli<\/a><\/li>\n<li>Servizi di stoccaggio<\/li>\n<\/ul>\n<p>Corrigan Moving Systems \u00e8 un'azienda di traslochi e logistica a servizio completo fondata nel 1929 con 13 sedi in Ohio, <a href=\"https:\/\/moverdb.com\/it\/moving-to-the-united-states\/moving-to-michigan\/\" data-internallinksmanager029f6b8e52c=\"414\" title=\"Trasferirsi in Michigan? 2026 Costi di vita e consigli per il trasferimento\">Michigan<\/a>, <a href=\"https:\/\/moverdb.com\/it\/moving-to-the-united-states\/moving-to-new-york\/\" data-internallinksmanager029f6b8e52c=\"332\" title=\"Trasferirsi a New York (Stato)? 2026 Costi di vita e consigli per il trasferimento\">New York<\/a> e <a href=\"https:\/\/moverdb.com\/it\/moving-to-the-united-states\/moving-to-pennsylvania\/\" data-internallinksmanager029f6b8e52c=\"404\" title=\"Trasferirsi in Pennsylvania? 2026 Costi di vita e consigli per il trasferimento\">Pennsylvania<\/a>. Le loro sedi in Ohio sono a Cleveland e Toledo. Fanno parte di United Van Lines, che mette a disposizione una rete di agenti di trasloco con cui lavorare. Sono membri della IAM con 75 anni di esperienza e sono accreditati dalla FIDI.<\/p>\n<p>Corrigan Moving Systems offre servizi di trasloco porta a porta per clienti residenziali e commerciali. Offrono pacchetti di trasloco personalizzati e il coordinatore dei traslochi personalizzer\u00e0 la strategia di trasloco in base alla vostra situazione. Il tutto inizia con un preventivo gratuito e un sopralluogo in loco o virtuale.<\/p>\n<p>Sito web: <a href=\"https:\/\/www.corriganmoving.com\/\" target=\"_blank\" rel=\"noopener\">https:\/\/www.corriganmoving.com\/<\/a><\/p>\n<h2><span class=\"ez-toc-section\" id=\"3_CSNS_Relocation_Services\"><\/span><strong>3. Servizi di trasferimento CSNS<\/strong><span class=\"ez-toc-section-end\"><\/span><\/h2>\n<p><img loading=\"lazy\" decoding=\"async\" class=\"alignnone size-full wp-image-11301\" src=\"https:\/\/moverdb.com\/wp-content\/uploads\/CSNS-Relocation-Services-international-moving-company.png\" alt=\"CSNS Relocation Services societ\u00e0 di traslochi internazionali\" width=\"1440\" height=\"680\" data-wp-pid=\"11301\" srcset=\"https:\/\/moverdb.com\/wp-content\/uploads\/CSNS-Relocation-Services-international-moving-company.png 1440w, https:\/\/moverdb.com\/wp-content\/uploads\/CSNS-Relocation-Services-international-moving-company-300x142.png 300w, https:\/\/moverdb.com\/wp-content\/uploads\/CSNS-Relocation-Services-international-moving-company-1024x484.png 1024w, https:\/\/moverdb.com\/wp-content\/uploads\/CSNS-Relocation-Services-international-moving-company-18x9.png 18w, https:\/\/moverdb.com\/wp-content\/uploads\/CSNS-Relocation-Services-international-moving-company-600x283.png 600w\" sizes=\"auto, (max-width: 1440px) 100vw, 1440px\" \/><\/p>\n<ul>\n<li>Servizi di trasferimento nazionali<\/li>\n<li>Servizi di trasferimento della famiglia<\/li>\n<li>Servizi di origine<\/li>\n<li>Servizi di destinazione<\/li>\n<li>Imballaggio professionale<\/li>\n<li>Smontaggio e montaggio di mobili<\/li>\n<li>Servizi di installazione<\/li>\n<li>Servizio di pulizia<\/li>\n<li>Rimozione di detriti<\/li>\n<\/ul>\n<p>CSNS Relocation Services \u00e8 un'azienda nazionale di servizi di trasferimento fondata nel 2002 a <a href=\"https:\/\/moverdb.com\/it\/moving-to-dublin\/\" data-internallinksmanager029f6b8e52c=\"260\" title=\"Trasferirsi a Dublino? 2026 Costi di vita e consigli per il trasferimento\">Dublino<\/a>. Dispone di un'ampia rete di aziende di traslochi con cui collabora per fornire i propri servizi. Sono membri di IAM con 21 anni di esperienza.<\/p>\n<p>CSNS Relocation Services offre servizi di trasloco a terzi per aiutarvi sia all'origine che a destinazione all'interno del Paese. <a href=\"https:\/\/moverdb.com\/it\/moving-to-the-united-states\/\" data-internallinksmanager029f6b8e52c=\"94\" title=\"Trasferirsi negli Stati Uniti? 2026 Costi di vita e consigli per il trasferimento\">US<\/a>. Offrono un'ampia gamma di servizi che spesso le ditte di traslochi non forniscono per aiutarvi a prepararvi al trasloco o ad ambientarvi nella nuova casa, come l'installazione di elettrodomestici, l'allestimento di apparecchiature audiovisive, l'installazione di infissi e servizi di pulizia.<\/p>\n<p>Sito web: <a href=\"http:\/\/www.csnsrelo.com\" target=\"_blank\" rel=\"noopener\">http:\/\/www.csnsrelo.com<\/a><\/p>\n<h2><span class=\"ez-toc-section\" id=\"4_Letz_Get_Moving\"><\/span><strong>4. Muoviamoci<\/strong><span class=\"ez-toc-section-end\"><\/span><\/h2>\n<p><img loading=\"lazy\" decoding=\"async\" class=\"alignnone size-full wp-image-11364\" src=\"https:\/\/moverdb.com\/wp-content\/uploads\/Letz-Get-Moving-international-moving-company.png\" alt=\"Letz Get Moving azienda di traslochi internazionali\" width=\"1440\" height=\"674\" data-wp-pid=\"11364\" srcset=\"https:\/\/moverdb.com\/wp-content\/uploads\/Letz-Get-Moving-international-moving-company.png 1440w, https:\/\/moverdb.com\/wp-content\/uploads\/Letz-Get-Moving-international-moving-company-300x140.png 300w, https:\/\/moverdb.com\/wp-content\/uploads\/Letz-Get-Moving-international-moving-company-1024x479.png 1024w, https:\/\/moverdb.com\/wp-content\/uploads\/Letz-Get-Moving-international-moving-company-18x8.png 18w, https:\/\/moverdb.com\/wp-content\/uploads\/Letz-Get-Moving-international-moving-company-600x281.png 600w\" sizes=\"auto, (max-width: 1440px) 100vw, 1440px\" \/><\/p>\n<ul>\n<li>Trasferimenti nazionali<\/li>\n<li>Trasferimenti internazionali<\/li>\n<li>Trasferimenti di famiglie<\/li>\n<li>Servizio porta a porta<\/li>\n<li>Servizio di imballaggio<\/li>\n<li>Trasporto<\/li>\n<li>Scelta di opzioni per i contenitori<\/li>\n<li>Sdoganamento<\/li>\n<li>Trasporto di veicoli<\/li>\n<li>Stoccaggio sicuro<\/li>\n<\/ul>\n<p>Letz Get Moving \u00e8 un'azienda di traslochi interurbani e internazionali con 10 anni di esperienza e con sedi a Twinsburg, Baltimora e <a href=\"https:\/\/moverdb.com\/it\/moving-to-los-angeles\/\" data-internallinksmanager029f6b8e52c=\"51\" title=\"Trasferirsi a Los Angeles? 2026 Costi di vita e consigli per il trasferimento a Los Angeles\">Los Angeles<\/a>. Sono membri di IAM con sei anni di esperienza.<\/p>\n<p>Letz Get Moving offre servizi di trasloco completi che gestiscono il vostro trasferimento dall'inizio alla fine. Forniscono un punto di contatto principale che coordiner\u00e0 e pianificher\u00e0 il vostro trasloco. Imballano professionalmente i vostri beni e offrono servizi di imballaggio personalizzati. Etichetteranno i vostri beni e creeranno un elenco di inventario. All'arrivo, disimballano e montano i mobili e rimuovono i detriti.<\/p>\n<p>Sito web: <a href=\"http:\/\/www.letzgetmoving.com\" target=\"_blank\" rel=\"noopener\">http:\/\/www.letzgetmoving.com<\/a><\/p>\n<h2><span class=\"ez-toc-section\" id=\"5_Moving_Ahead_Services\"><\/span><strong>5. Servizi Moving Ahead<\/strong><span class=\"ez-toc-section-end\"><\/span><\/h2>\n<p><img loading=\"lazy\" decoding=\"async\" class=\"alignnone size-full wp-image-11387\" src=\"https:\/\/moverdb.com\/wp-content\/uploads\/Moving-Ahead-Services-international-moving-company.png\" alt=\"Moving Ahead Services societ\u00e0 di traslochi internazionali\" width=\"1440\" height=\"672\" data-wp-pid=\"11387\" srcset=\"https:\/\/moverdb.com\/wp-content\/uploads\/Moving-Ahead-Services-international-moving-company.png 1440w, https:\/\/moverdb.com\/wp-content\/uploads\/Moving-Ahead-Services-international-moving-company-300x140.png 300w, https:\/\/moverdb.com\/wp-content\/uploads\/Moving-Ahead-Services-international-moving-company-1024x478.png 1024w, https:\/\/moverdb.com\/wp-content\/uploads\/Moving-Ahead-Services-international-moving-company-18x8.png 18w, https:\/\/moverdb.com\/wp-content\/uploads\/Moving-Ahead-Services-international-moving-company-600x280.png 600w\" sizes=\"auto, (max-width: 1440px) 100vw, 1440px\" \/><\/p>\n<ul>\n<li>Traslochi locali e traslochi a lunga distanza<\/li>\n<li>Spostamenti internazionali<\/li>\n<li>Traslochi domestici<\/li>\n<li>Traslochi commerciali<\/li>\n<li>Trasferimenti aziendali<\/li>\n<li>Piano di trasloco personalizzato<\/li>\n<li>Scelta di opzioni a servizio completo o di sola manodopera<\/li>\n<li>Servizi di imballaggio<\/li>\n<li>Organizzazione del trasporto<\/li>\n<li>Strutture di stoccaggio<\/li>\n<\/ul>\n<p>Moving Ahead Services \u00e8 un'azienda di traslochi con sedi a Cleveland, Columbus, Cincinnati, Charlotte e Pittsburgh. \u00c8 membro di IAM con 18 anni di esperienza e ha accesso a una rete di agenti di trasloco con cui lavorare.<\/p>\n<p>Moving Ahead Services completer\u00e0 un questionario online o per telefono. <a href=\"https:\/\/moverdb.com\/it\/quotes\/\" data-internallinksmanager029f6b8e52c=\"26\" title=\"Preventivi di trasloco internazionale: 12 domande da porre al tuo traslocatore\">preventivo di trasloco<\/a>. Creeranno un piano di trasloco personalizzato che risponda alle vostre esigenze. Offrono servizi completi e opzioni di sola manodopera per l'imballaggio e lo stoccaggio e una scelta di servizi aggiuntivi. Il rappresentante del servizio clienti dedicato vi guider\u00e0 attraverso il trasloco e le opzioni.<\/p>\n<p>Sito web: <a href=\"https:\/\/movingaheadservices.com\/\" target=\"_blank\" rel=\"noopener\">https:\/\/movingaheadservices.com\/<\/a><\/p>\n<h2><span class=\"ez-toc-section\" id=\"6_Planes_Moving_Storage\"><\/span><strong>6. Planes Moving &amp; Storage<\/strong><span class=\"ez-toc-section-end\"><\/span><\/h2>\n<p><img loading=\"lazy\" decoding=\"async\" class=\"alignnone size-full wp-image-11410\" src=\"https:\/\/moverdb.com\/wp-content\/uploads\/Planes-Moving-Storage-international-moving-company.png\" alt=\"Planes Moving &amp; Storage societ\u00e0 di traslochi internazionali\" width=\"1440\" height=\"660\" data-wp-pid=\"11410\" srcset=\"https:\/\/moverdb.com\/wp-content\/uploads\/Planes-Moving-Storage-international-moving-company.png 1440w, https:\/\/moverdb.com\/wp-content\/uploads\/Planes-Moving-Storage-international-moving-company-300x138.png 300w, https:\/\/moverdb.com\/wp-content\/uploads\/Planes-Moving-Storage-international-moving-company-1024x469.png 1024w, https:\/\/moverdb.com\/wp-content\/uploads\/Planes-Moving-Storage-international-moving-company-18x8.png 18w, https:\/\/moverdb.com\/wp-content\/uploads\/Planes-Moving-Storage-international-moving-company-600x275.png 600w\" sizes=\"auto, (max-width: 1440px) 100vw, 1440px\" \/><\/p>\n<ul>\n<li>Traslochi locali e a lunga distanza<\/li>\n<li>Spostamenti internazionali<\/li>\n<li>Spostamento della casa<\/li>\n<li>Spostamenti d'affari<\/li>\n<li>Gestione degli spostamenti<\/li>\n<li>Servizio di imballaggio<\/li>\n<li>Spedizione per via aerea, marittima e ferroviaria<\/li>\n<li>Supporto alla documentazione<\/li>\n<li>Trasporto di veicoli<\/li>\n<li>Strutture di stoccaggio<\/li>\n<\/ul>\n<p>Planes Moving &amp; Storage \u00e8 un'azienda di traslochi fondata nel 1921 con sedi a Cincinnati, Dayton e Columbus nell'Ohio, oltre che a Indianapolis e a <a href=\"https:\/\/moverdb.com\/it\/moving-to-chicago\/\" data-internallinksmanager029f6b8e52c=\"39\" title=\"Trasferirsi a Chicago? 2026 Costi della vita e suggerimenti per il trasferimento\">Chicago<\/a>.  Sono partner di United Van Lines e dispongono di una solida catena di partner per fornire i loro servizi a livello internazionale. Sono membri della IAM con 103 anni di esperienza e sono accreditati dalla FIDI.<\/p>\n<p>Planes Moving &amp; Storage mette a disposizione un coordinatore di traslochi esperto per lavorare con voi e sviluppare un piano di trasloco personalizzato per soddisfare le vostre esigenze. Offrono un servizio di imballaggio completo con squadre di imballaggio addestrate e proteggono gli oggetti fragili e di valore elevato.<\/p>\n<p>Sito web: <a href=\"http:\/\/www.planescompanies.com\/\" target=\"_blank\" rel=\"noopener\">http:\/\/www.planescompanies.com\/<\/a><\/p>","protected":false},"excerpt":{"rendered":"<p>Are you planning a move? Then you may want to engage the services of a moving company to reduce the workload and pressure of moving. They can organise, pack and transport your belongings as well as handle customs if you are moving country. Below we have compiled a list of Ohio based removal companies that [&hellip;]<\/p>\n","protected":false},"author":4,"featured_media":11255,"parent":190,"menu_order":0,"comment_status":"closed","ping_status":"closed","template":"","meta":{"_genesis_hide_title":false,"_genesis_hide_breadcrumbs":false,"_genesis_hide_singular_image":false,"_genesis_hide_footer_widgets":false,"_genesis_custom_body_class":"","_genesis_custom_post_class":"","_genesis_layout":"","footnotes":""},"class_list":{"0":"post-11648","1":"page","2":"type-page","3":"status-publish","4":"has-post-thumbnail","6":"entry"},"_links":{"self":[{"href":"https:\/\/moverdb.com\/it\/wp-json\/wp\/v2\/pages\/11648","targetHints":{"allow":["GET"]}}],"collection":[{"href":"https:\/\/moverdb.com\/it\/wp-json\/wp\/v2\/pages"}],"about":[{"href":"https:\/\/moverdb.com\/it\/wp-json\/wp\/v2\/types\/page"}],"author":[{"embeddable":true,"href":"https:\/\/moverdb.com\/it\/wp-json\/wp\/v2\/users\/4"}],"replies":[{"embeddable":true,"href":"https:\/\/moverdb.com\/it\/wp-json\/wp\/v2\/comments?post=11648"}],"version-history":[{"count":2,"href":"https:\/\/moverdb.com\/it\/wp-json\/wp\/v2\/pages\/11648\/revisions"}],"predecessor-version":[{"id":11650,"href":"https:\/\/moverdb.com\/it\/wp-json\/wp\/v2\/pages\/11648\/revisions\/11650"}],"up":[{"embeddable":true,"href":"https:\/\/moverdb.com\/it\/wp-json\/wp\/v2\/pages\/190"}],"wp:featuredmedia":[{"embeddable":true,"href":"https:\/\/moverdb.com\/it\/wp-json\/wp\/v2\/media\/11255"}],"wp:attachment":[{"href":"https:\/\/moverdb.com\/it\/wp-json\/wp\/v2\/media?parent=11648"}],"curies":[{"name":"wp","href":"https:\/\/api.w.org\/{rel}","templated":true}]}}