{"id":11624,"date":"2023-11-22T15:50:03","date_gmt":"2023-11-22T15:50:03","guid":{"rendered":"https:\/\/moverdb.com\/?page_id=11624"},"modified":"2026-01-08T15:30:12","modified_gmt":"2026-01-08T15:30:12","slug":"moving-companies-nevada","status":"publish","type":"page","link":"https:\/\/moverdb.com\/it\/moving-companies\/moving-companies-nevada\/","title":{"rendered":"Le migliori aziende di traslochi internazionali in Nevada"},"content":{"rendered":"<p>Il trasloco pu\u00f2 essere uno dei momenti pi\u00f9 stressanti della vita, quindi perch\u00e9 cercare di fare tutto da soli? A <a href=\"https:\/\/moverdb.com\/it\/moving-companies\/\" data-internallinksmanager029f6b8e52c=\"79\" title=\"Le 25 migliori aziende di traslochi internazionali online\">azienda di traslochi<\/a> possono occuparsi di molti compiti, come l'organizzazione del trasloco, l'organizzazione del trasporto, l'imballaggio e la compilazione delle pratiche burocratiche. Di seguito abbiamo stilato un elenco di <a href=\"https:\/\/moverdb.com\/it\/moving-to-the-united-states\/moving-to-nevada\/\" data-internallinksmanager029f6b8e52c=\"457\" title=\"Trasferirsi in Nevada? 2026 Costi della vita e consigli per il trasferimento\">Nevada<\/a> basato su <a href=\"https:\/\/moverdb.com\/it\/international-removals\/\" data-internallinksmanager029f6b8e52c=\"27\" title=\"36 Migliori aziende di traslochi internazionali del Regno Unito\">aziende di trasloco<\/a> che sono membri dell'associazione <a href=\"https:\/\/moverdb.com\/it\/iam\/\" data-internallinksmanager029f6b8e52c=\"23\" title=\"Spiegazione dell&#039;Associazione Internazionale dei Traslocatori (IAM)\">Associazione internazionale dei traslocatori<\/a> (IAM) e\/o <a href=\"https:\/\/moverdb.com\/it\/fidi-faim\/\" data-internallinksmanager029f6b8e52c=\"16\" title=\"FIDI e FAIM (FIDI Accredited International Mover) spiegati\">FIDI<\/a> Traslocatore internazionale accreditato (FAIM) che pu\u00f2 aiutarvi con il vostro trasloco.<\/p>\n<h2><strong>RenoRelo<\/strong><\/h2>\n<p><img loading=\"lazy\" decoding=\"async\" class=\"alignnone size-full wp-image-11423\" src=\"https:\/\/moverdb.com\/wp-content\/uploads\/RenoRelo-international-moving-company.png\" alt=\"Azienda di traslochi internazionali RenoRelo\" width=\"1440\" height=\"679\" data-wp-pid=\"11423\" srcset=\"https:\/\/moverdb.com\/wp-content\/uploads\/RenoRelo-international-moving-company.png 1440w, https:\/\/moverdb.com\/wp-content\/uploads\/RenoRelo-international-moving-company-300x141.png 300w, https:\/\/moverdb.com\/wp-content\/uploads\/RenoRelo-international-moving-company-1024x483.png 1024w, https:\/\/moverdb.com\/wp-content\/uploads\/RenoRelo-international-moving-company-18x8.png 18w, https:\/\/moverdb.com\/wp-content\/uploads\/RenoRelo-international-moving-company-600x283.png 600w\" sizes=\"auto, (max-width: 1440px) 100vw, 1440px\" \/><\/p>\n<ul>\n<li>Traslochi locali e nazionali<\/li>\n<li>Spostamenti in tutto il mondo<\/li>\n<li>Spostamenti residenziali<\/li>\n<li>Traslochi commerciali e di uffici<\/li>\n<li>Trasferimenti aziendali<\/li>\n<li>Soluzioni a servizio completo<\/li>\n<li>Servizio di imballaggio<\/li>\n<li>Imballaggio<\/li>\n<li>Organizzazione del trasporto<\/li>\n<li>Strutture di stoccaggio<\/li>\n<\/ul>\n<p>RenoRelo \u00e8 un'azienda di traslochi a servizio completo con sedi a Reno, Spokane e Boise. \u00c8 un agente di United Van Lines, che le offre una rete di aziende di traslochi con cui collaborare per fornire i propri servizi al di fuori delle proprie aree operative. \u00c8 membro di IAM con cinque anni di esperienza.<\/p>\n<p>RenoRelo offre soluzioni di trasloco complete per traslochi residenziali, commerciali, d'ufficio e aziendali all'interno dell'Unione Europea. <a href=\"https:\/\/moverdb.com\/it\/moving-to-the-united-states\/\" data-internallinksmanager029f6b8e52c=\"94\" title=\"Trasferirsi negli Stati Uniti? 2026 Costi di vita e consigli per il trasferimento\">US<\/a> e a livello internazionale. Fornisce servizi di imballaggio e di imballaggio per proteggere i vostri beni durante il trasporto. Organizzano il trasporto dei vostri beni e si coordinano con eventuali terzi per la loro consegna a destinazione.<\/p>\n<p>Sito web: <a href=\"http:\/\/renoreloww.com\" target=\"_blank\" rel=\"noopener\">http:\/\/renoreloww.com<\/a><\/p>\n<h2>Altre guide utili sugli Stati Uniti<\/h2>\n<ul>\n<li> <a href=\"https:\/\/moverdb.com\/it\/trasferirsi-negli-stati-uniti-2022-costi-di-vita-consigli-per-il-trasferimento\/moving-to-las-vegas\/\">Trasferirsi a Las Vegas? 2026 Costi di vita e consigli per il trasferimento<\/a><\/li>\n<li> <a href=\"https:\/\/moverdb.com\/it\/trasferirsi-negli-stati-uniti-2022-costi-di-vita-consigli-per-il-trasferimento\/moving-to-nevada\/\">Trasferirsi in Nevada? 2026 Costi della vita e consigli per il trasferimento<\/a><\/li>\n<li> <a href=\"https:\/\/moverdb.com\/it\/trasferirsi-negli-stati-uniti-2022-costi-di-vita-consigli-per-il-trasferimento\/movers-cost\/\">Quanto costa noleggiare un traslocatore? Guida al risparmio USA 2024<\/a><\/li>\n<li> <a href=\"https:\/\/moverdb.com\/it\/trasferirsi-negli-stati-uniti-2022-costi-di-vita-consigli-per-il-trasferimento\/\">Trasferirsi negli Stati Uniti? 2026 Costi di vita e consigli per il trasferimento<\/a><\/li>\n<li> <a href=\"https:\/\/moverdb.com\/it\/trasferirsi-negli-stati-uniti-2022-costi-di-vita-consigli-per-il-trasferimento\/places-to-live-in-the-us\/\">I 13 migliori posti in cui vivere negli Stati Uniti<\/a><\/li>\n<li> <a href=\"https:\/\/moverdb.com\/it\/trasferirsi-negli-stati-uniti-2022-costi-di-vita-consigli-per-il-trasferimento\/vivere\/\">21 segreti sulla vita negli Stati Uniti da conoscere prima di trasferirsi<\/a><\/li>\n<\/ul>","protected":false},"excerpt":{"rendered":"<p>Moving can be one of the most stressful times in your life so why try to do it all by yourself? A moving company can take on many of the tasks such as organising the move, arranging transport, packing and completing paperwork. Below we have compiled a list of Nevada based removal companies that are [&hellip;]<\/p>\n","protected":false},"author":4,"featured_media":11423,"parent":190,"menu_order":0,"comment_status":"closed","ping_status":"closed","template":"","meta":{"_genesis_hide_title":false,"_genesis_hide_breadcrumbs":false,"_genesis_hide_singular_image":false,"_genesis_hide_footer_widgets":false,"_genesis_custom_body_class":"","_genesis_custom_post_class":"","_genesis_layout":"","footnotes":""},"class_list":{"0":"post-11624","1":"page","2":"type-page","3":"status-publish","4":"has-post-thumbnail","6":"entry"},"_links":{"self":[{"href":"https:\/\/moverdb.com\/it\/wp-json\/wp\/v2\/pages\/11624","targetHints":{"allow":["GET"]}}],"collection":[{"href":"https:\/\/moverdb.com\/it\/wp-json\/wp\/v2\/pages"}],"about":[{"href":"https:\/\/moverdb.com\/it\/wp-json\/wp\/v2\/types\/page"}],"author":[{"embeddable":true,"href":"https:\/\/moverdb.com\/it\/wp-json\/wp\/v2\/users\/4"}],"replies":[{"embeddable":true,"href":"https:\/\/moverdb.com\/it\/wp-json\/wp\/v2\/comments?post=11624"}],"version-history":[{"count":4,"href":"https:\/\/moverdb.com\/it\/wp-json\/wp\/v2\/pages\/11624\/revisions"}],"predecessor-version":[{"id":17660,"href":"https:\/\/moverdb.com\/it\/wp-json\/wp\/v2\/pages\/11624\/revisions\/17660"}],"up":[{"embeddable":true,"href":"https:\/\/moverdb.com\/it\/wp-json\/wp\/v2\/pages\/190"}],"wp:featuredmedia":[{"embeddable":true,"href":"https:\/\/moverdb.com\/it\/wp-json\/wp\/v2\/media\/11423"}],"wp:attachment":[{"href":"https:\/\/moverdb.com\/it\/wp-json\/wp\/v2\/media?parent=11624"}],"curies":[{"name":"wp","href":"https:\/\/api.w.org\/{rel}","templated":true}]}}