{"id":11617,"date":"2023-11-29T10:32:37","date_gmt":"2023-11-29T10:32:37","guid":{"rendered":"https:\/\/moverdb.com\/?page_id=11617"},"modified":"2026-01-08T15:24:23","modified_gmt":"2026-01-08T15:24:23","slug":"moving-companies-us-minnesota","status":"publish","type":"page","link":"https:\/\/moverdb.com\/it\/moving-companies\/moving-companies-us-minnesota\/","title":{"rendered":"3 Migliori imprese di traslochi internazionali in Minnesota"},"content":{"rendered":"<p>Il trasloco pu\u00f2 essere un grande sconvolgimento e ci sono molte cose da organizzare, quindi perch\u00e9 non togliere un po' di pressione lasciando che un <a href=\"https:\/\/moverdb.com\/it\/moving-companies\/\" data-internallinksmanager029f6b8e52c=\"79\" title=\"Le 25 migliori aziende di traslochi internazionali online\">azienda di traslochi<\/a> gestire i vostri effetti personali? Possono organizzare la logistica del trasloco, l'imballaggio e le pratiche doganali, se necessario. Di seguito abbiamo stilato un elenco di <a href=\"https:\/\/moverdb.com\/it\/moving-to-the-united-states\/moving-to-minnesota\/\" data-internallinksmanager029f6b8e52c=\"443\" title=\"Trasferirsi in Minnesota? 2026 Costi di vita e consigli per il trasferimento\">Minnesota<\/a> basato su <a href=\"https:\/\/moverdb.com\/it\/international-removals\/\" data-internallinksmanager029f6b8e52c=\"27\" title=\"36 Migliori aziende di traslochi internazionali del Regno Unito\">aziende di trasloco<\/a> che sono membri dell'associazione <a href=\"https:\/\/moverdb.com\/it\/iam\/\" data-internallinksmanager029f6b8e52c=\"23\" title=\"Spiegazione dell&#039;Associazione Internazionale dei Traslocatori (IAM)\">Associazione internazionale dei traslocatori<\/a> (IAM) e\/o <a href=\"https:\/\/moverdb.com\/it\/fidi-faim\/\" data-internallinksmanager029f6b8e52c=\"16\" title=\"FIDI e FAIM (FIDI Accredited International Mover) spiegati\">FIDI<\/a> Traslocatori internazionali accreditati (FAIM) che possono assistervi nel vostro trasloco.<\/p>\n<h2><strong>1. Servizi di trasloco Action<\/strong><\/h2>\n<p><img loading=\"lazy\" decoding=\"async\" class=\"alignnone size-full wp-image-11242\" src=\"https:\/\/moverdb.com\/wp-content\/uploads\/Action-Moving-Services-international-moving-company.png\" alt=\"Action Moving Services, azienda di traslochi internazionali\" width=\"1440\" height=\"678\" data-wp-pid=\"11242\" srcset=\"https:\/\/moverdb.com\/wp-content\/uploads\/Action-Moving-Services-international-moving-company.png 1440w, https:\/\/moverdb.com\/wp-content\/uploads\/Action-Moving-Services-international-moving-company-300x141.png 300w, https:\/\/moverdb.com\/wp-content\/uploads\/Action-Moving-Services-international-moving-company-1024x482.png 1024w, https:\/\/moverdb.com\/wp-content\/uploads\/Action-Moving-Services-international-moving-company-18x8.png 18w, https:\/\/moverdb.com\/wp-content\/uploads\/Action-Moving-Services-international-moving-company-600x283.png 600w\" sizes=\"auto, (max-width: 1440px) 100vw, 1440px\" \/><\/p>\n<ul>\n<li>Traslochi locali e a lunga distanza<\/li>\n<li>Spostamenti internazionali<\/li>\n<li>Traslochi domestici<\/li>\n<li>Traslochi di uffici e industriali<\/li>\n<li>Trasferimenti aziendali<\/li>\n<li>Soluzioni end-to-end<\/li>\n<li>Servizio di imballaggio<\/li>\n<li>Supporto doganale<\/li>\n<li>Gestione delle opere d'arte<\/li>\n<li>Servizi di stoccaggio<\/li>\n<\/ul>\n<p>Action Moving Services \u00e8 un'azienda di traslochi locali e internazionali con sede a South Burnsville. \u00c8 un agente interstatale di Atlas Van Lines che le fornisce una rete nazionale e internazionale di agenti di trasloco con cui lavorare. \u00c8 membro della IAM e vanta 42 anni di esperienza.<\/p>\n<p>Action Moving Services offre servizi di trasloco e trasferimento end-to-end che si occuperanno di tutti gli aspetti del vostro trasloco. I loro servizi comprendono l'imballaggio sicuro dei vostri beni per il trasporto e il disimballaggio all'arrivo a destinazione. Organizzeranno il trasporto dei vostri beni e vi forniranno assistenza per le pratiche doganali.<\/p>\n<p>Sito web: <a href=\"http:\/\/actionmoving.com\/\" target=\"_blank\" rel=\"noopener\">http:\/\/actionmoving.com\/<\/a><\/p>\n<h2><strong>2. Beltmann Moving &amp; Storage<\/strong><\/h2>\n<p><img loading=\"lazy\" decoding=\"async\" class=\"alignnone size-full wp-image-11269\" src=\"https:\/\/moverdb.com\/wp-content\/uploads\/Beltmann-Relocation-Group-international-moving-company.png\" alt=\"Beltmann Relocation Group, azienda di traslochi internazionali\" width=\"1440\" height=\"682\" data-wp-pid=\"11269\" srcset=\"https:\/\/moverdb.com\/wp-content\/uploads\/Beltmann-Relocation-Group-international-moving-company.png 1440w, https:\/\/moverdb.com\/wp-content\/uploads\/Beltmann-Relocation-Group-international-moving-company-300x142.png 300w, https:\/\/moverdb.com\/wp-content\/uploads\/Beltmann-Relocation-Group-international-moving-company-1024x485.png 1024w, https:\/\/moverdb.com\/wp-content\/uploads\/Beltmann-Relocation-Group-international-moving-company-18x9.png 18w, https:\/\/moverdb.com\/wp-content\/uploads\/Beltmann-Relocation-Group-international-moving-company-600x284.png 600w\" sizes=\"auto, (max-width: 1440px) 100vw, 1440px\" \/><\/p>\n<ul>\n<li>Traslochi locali e nazionali<\/li>\n<li>Spostamenti internazionali<\/li>\n<li>Spostamenti residenziali<\/li>\n<li>Traslochi d'ufficio<\/li>\n<li>Trasferimenti aziendali<\/li>\n<li>Coordinatore del movimento<\/li>\n<li>Servizio di imballaggio<\/li>\n<li>Organizzazione del trasporto<\/li>\n<li>Gestione della dogana<\/li>\n<li>Stoccaggio sicuro a breve e lungo termine<\/li>\n<\/ul>\n<p>Beltmann Moving &amp; Storage \u00e8 un'azienda di traslochi attiva dal 1923 con 11 sedi in tutto il mondo. <a href=\"https:\/\/moverdb.com\/it\/moving-to-the-united-states\/\" data-internallinksmanager029f6b8e52c=\"94\" title=\"Trasferirsi negli Stati Uniti? 2026 Costi di vita e consigli per il trasferimento\">US<\/a> compresa Roseville. \u00c8 un agente di North American Van Lines, che gli consente di accedere a una rete globale di aziende di traslochi e magazzinaggio. Sono membri della IAM con 25 anni di esperienza.<\/p>\n<p>Beltmann Moving &amp; Storage vi aiuter\u00e0 a semplificare il vostro trasloco, a partire dalla programmazione di un preventivo gratuito. Mettono a disposizione un coordinatore del trasloco per assistervi e personalizzano i loro servizi per soddisfare le vostre esigenze. Forniscono un servizio di imballaggio che comprende lo smontaggio e il montaggio dei mobili e il disimballaggio all'arrivo.<\/p>\n<p>Sito web: <a href=\"http:\/\/www.beltmann.com\" target=\"_blank\" rel=\"noopener\">http:\/\/www.beltmann.com<\/a><\/p>\n<h2><strong>3. Berger Moving &amp; Storage<\/strong><\/h2>\n<p><img loading=\"lazy\" decoding=\"async\" class=\"alignnone size-full wp-image-11270\" src=\"https:\/\/moverdb.com\/wp-content\/uploads\/Berger-Moving-Storage-international-moving-company.png\" alt=\"Berger Moving &amp; Storage azienda di traslochi internazionali\" width=\"1440\" height=\"677\" data-wp-pid=\"11270\" srcset=\"https:\/\/moverdb.com\/wp-content\/uploads\/Berger-Moving-Storage-international-moving-company.png 1440w, https:\/\/moverdb.com\/wp-content\/uploads\/Berger-Moving-Storage-international-moving-company-300x141.png 300w, https:\/\/moverdb.com\/wp-content\/uploads\/Berger-Moving-Storage-international-moving-company-1024x481.png 1024w, https:\/\/moverdb.com\/wp-content\/uploads\/Berger-Moving-Storage-international-moving-company-18x8.png 18w, https:\/\/moverdb.com\/wp-content\/uploads\/Berger-Moving-Storage-international-moving-company-600x282.png 600w\" sizes=\"auto, (max-width: 1440px) 100vw, 1440px\" \/><\/p>\n<ul>\n<li>Traslochi locali e a lunga distanza<\/li>\n<li>Spostamenti internazionali<\/li>\n<li>Traslochi domestici<\/li>\n<li>Traslochi commerciali<\/li>\n<li>Coordinatore del trasferimento<\/li>\n<li>Servizio di imballaggio<\/li>\n<li>Inventario degli articoli<\/li>\n<li>Organizzazione del trasporto<\/li>\n<li>Sdoganamento<\/li>\n<li>Stoccaggio a breve termine<\/li>\n<\/ul>\n<p>Berger Moving &amp; Storage \u00e8 un'azienda di servizi di trasporto nata nel 1910 con sede a Saint Paul e una rete di 16 sedi a livello nazionale. \u00c8 un agente di Allied Van Lines, una rete internazionale di agenti di trasloco. \u00c8 membro della IAM con 113 anni di esperienza.<\/p>\n<p>Berger Moving &amp; Storage offre un preventivo di trasloco gratuito a domicilio o virtuale con un consulente di trasloco internazionale. Un coordinatore di trasloco vi guider\u00e0 attraverso il processo e identificher\u00e0 i documenti necessari. Il loro servizio di imballaggio utilizza metodi e materiali di imballaggio internazionali per proteggere i vostri oggetti e creer\u00e0 un inventario.<\/p>\n<p>Sito web: <a href=\"https:\/\/www.bergerallied.com\" target=\"_blank\" rel=\"noopener\">https:\/\/www.bergerallied.com<\/a><\/p>","protected":false},"excerpt":{"rendered":"<p>Moving can be a big upheaval and there is a lot to arrange, so why not take some of the pressure off by letting a moving company handle your belongings? They can organise the logistics of your move as well as packing and deal with customs if needed. Below we have compiled a list of [&hellip;]<\/p>\n","protected":false},"author":4,"featured_media":11242,"parent":190,"menu_order":0,"comment_status":"closed","ping_status":"closed","template":"","meta":{"_genesis_hide_title":false,"_genesis_hide_breadcrumbs":false,"_genesis_hide_singular_image":false,"_genesis_hide_footer_widgets":false,"_genesis_custom_body_class":"","_genesis_custom_post_class":"","_genesis_layout":"","footnotes":""},"class_list":{"0":"post-11617","1":"page","2":"type-page","3":"status-publish","4":"has-post-thumbnail","6":"entry"},"_links":{"self":[{"href":"https:\/\/moverdb.com\/it\/wp-json\/wp\/v2\/pages\/11617","targetHints":{"allow":["GET"]}}],"collection":[{"href":"https:\/\/moverdb.com\/it\/wp-json\/wp\/v2\/pages"}],"about":[{"href":"https:\/\/moverdb.com\/it\/wp-json\/wp\/v2\/types\/page"}],"author":[{"embeddable":true,"href":"https:\/\/moverdb.com\/it\/wp-json\/wp\/v2\/users\/4"}],"replies":[{"embeddable":true,"href":"https:\/\/moverdb.com\/it\/wp-json\/wp\/v2\/comments?post=11617"}],"version-history":[{"count":1,"href":"https:\/\/moverdb.com\/it\/wp-json\/wp\/v2\/pages\/11617\/revisions"}],"predecessor-version":[{"id":11618,"href":"https:\/\/moverdb.com\/it\/wp-json\/wp\/v2\/pages\/11617\/revisions\/11618"}],"up":[{"embeddable":true,"href":"https:\/\/moverdb.com\/it\/wp-json\/wp\/v2\/pages\/190"}],"wp:featuredmedia":[{"embeddable":true,"href":"https:\/\/moverdb.com\/it\/wp-json\/wp\/v2\/media\/11242"}],"wp:attachment":[{"href":"https:\/\/moverdb.com\/it\/wp-json\/wp\/v2\/media?parent=11617"}],"curies":[{"name":"wp","href":"https:\/\/api.w.org\/{rel}","templated":true}]}}