{"id":11564,"date":"2023-11-29T10:35:03","date_gmt":"2023-11-29T10:35:03","guid":{"rendered":"https:\/\/moverdb.com\/?page_id=11564"},"modified":"2026-01-08T15:24:15","modified_gmt":"2026-01-08T15:24:15","slug":"moving-companies-us-gaithersburg","status":"publish","type":"page","link":"https:\/\/moverdb.com\/it\/moving-companies\/moving-companies-us-gaithersburg\/","title":{"rendered":"3 Migliori Imprese di Traslochi Internazionali a Gaithersburg"},"content":{"rendered":"<p>Quando si effettua un trasloco di casa o di un'attivit\u00e0 commerciale, le cose da fare sono molte, per cui \u00e8 necessario ricorrere ai servizi di un <a href=\"https:\/\/moverdb.com\/it\/moving-companies\/\" data-internallinksmanager029f6b8e52c=\"79\" title=\"Le 25 migliori aziende di traslochi internazionali online\">azienda di traslochi<\/a> pu\u00f2 aiutarvi a ridurre il carico di lavoro in modo che possiate concentrarvi su altri aspetti del vostro trasloco. Ci\u00f2 pu\u00f2 includere l'imballaggio, l'organizzazione del trasporto e la gestione della dogana per i traslochi internazionali. Di seguito abbiamo stilato un elenco di aziende con sede a Gaithersburg <a href=\"https:\/\/moverdb.com\/it\/international-removals\/\" data-internallinksmanager029f6b8e52c=\"27\" title=\"36 Migliori aziende di traslochi internazionali del Regno Unito\">aziende di trasloco<\/a> che sono membri dell'associazione <a href=\"https:\/\/moverdb.com\/it\/iam\/\" data-internallinksmanager029f6b8e52c=\"23\" title=\"Spiegazione dell&#039;Associazione Internazionale dei Traslocatori (IAM)\">Associazione internazionale dei traslocatori<\/a> (IAM) e\/o <a href=\"https:\/\/moverdb.com\/it\/fidi-faim\/\" data-internallinksmanager029f6b8e52c=\"16\" title=\"FIDI e FAIM (FIDI Accredited International Mover) spiegati\">FIDI<\/a> Traslocatore internazionale accreditato (FAIM) che pu\u00f2 aiutarvi con il vostro trasloco.<\/p>\n<h2><strong>1. Soluzioni di spedizione in tutto il mondo<\/strong><\/h2>\n<p><img loading=\"lazy\" decoding=\"async\" class=\"alignnone size-full wp-image-11442\" src=\"https:\/\/moverdb.com\/wp-content\/uploads\/Shipping-Solutions-Worldwide-international-moving-company.png\" alt=\"Soluzioni di spedizione Societ\u00e0 di traslochi internazionali in tutto il mondo\" width=\"1440\" height=\"680\" data-wp-pid=\"11442\" srcset=\"https:\/\/moverdb.com\/wp-content\/uploads\/Shipping-Solutions-Worldwide-international-moving-company.png 1440w, https:\/\/moverdb.com\/wp-content\/uploads\/Shipping-Solutions-Worldwide-international-moving-company-300x142.png 300w, https:\/\/moverdb.com\/wp-content\/uploads\/Shipping-Solutions-Worldwide-international-moving-company-1024x484.png 1024w, https:\/\/moverdb.com\/wp-content\/uploads\/Shipping-Solutions-Worldwide-international-moving-company-18x9.png 18w, https:\/\/moverdb.com\/wp-content\/uploads\/Shipping-Solutions-Worldwide-international-moving-company-600x283.png 600w\" sizes=\"auto, (max-width: 1440px) 100vw, 1440px\" \/><\/p>\n<ul>\n<li>Traslochi locali e nazionali<\/li>\n<li>Spostamenti internazionali<\/li>\n<li>Spostamenti residenziali<\/li>\n<li>Traslochi commerciali e di uffici<\/li>\n<li>Servizio personalizzato<\/li>\n<li>Servizio di imballaggio<\/li>\n<li>Trasporto terrestre, aereo e marittimo<\/li>\n<li>Supporto alla documentazione<\/li>\n<li><a href=\"https:\/\/moverdb.com\/it\/car-transport-shipping\/\" data-internallinksmanager029f6b8e52c=\"2\" title=\"2026 Preventivi per il trasporto internazionale di auto e veicoli\">Spedizione di veicoli<\/a><\/li>\n<li>Tracciamento della spedizione<\/li>\n<\/ul>\n<p>Shipping Solutions Worldwide \u00e8 un'azienda di traslochi di tutto il mondo che vanta oltre 30 anni di esperienza e ha sede a Gaithersburg. Collabora con una rete di aziende di traslochi globali per fornire servizi in tutto il mondo. \u00c8 membro di IAM.<\/p>\n<p>Shipping Solutions Worldwide offre un servizio di trasloco personalizzato in base alle vostre esigenze. Forniscono un servizio di imballaggio che assicura che i vostri oggetti viaggino in modo sicuro per le condizioni di spedizione con un inventario completo. Organizzano il trasporto via terra, via aerea o via mare, elaborano tutta la documentazione necessaria per il trasporto e tracciano la spedizione.<\/p>\n<p>Sito web: <a href=\"https:\/\/shippingsolutionsworldwide.com\/\" target=\"_blank\" rel=\"noopener\">https:\/\/shippingsolutionsworldwide.com\/<\/a><\/p>\n<h2><strong>2. Town &amp; Country Movers<\/strong><\/h2>\n<p><img loading=\"lazy\" decoding=\"async\" class=\"alignnone size-full wp-image-11458\" src=\"https:\/\/moverdb.com\/wp-content\/uploads\/Town-Country-Movers-international-moving-company.png\" alt=\"Town &amp; Country Movers, azienda di traslochi internazionali\" width=\"1440\" height=\"681\" data-wp-pid=\"11458\" srcset=\"https:\/\/moverdb.com\/wp-content\/uploads\/Town-Country-Movers-international-moving-company.png 1440w, https:\/\/moverdb.com\/wp-content\/uploads\/Town-Country-Movers-international-moving-company-300x142.png 300w, https:\/\/moverdb.com\/wp-content\/uploads\/Town-Country-Movers-international-moving-company-1024x484.png 1024w, https:\/\/moverdb.com\/wp-content\/uploads\/Town-Country-Movers-international-moving-company-18x9.png 18w, https:\/\/moverdb.com\/wp-content\/uploads\/Town-Country-Movers-international-moving-company-600x284.png 600w\" sizes=\"auto, (max-width: 1440px) 100vw, 1440px\" \/><\/p>\n<ul>\n<li>Traslochi locali e nazionali<\/li>\n<li>Spostamenti internazionali<\/li>\n<li>Traslochi domestici<\/li>\n<li>Spostamenti d'affari<\/li>\n<li>Porta a porta e porta a porta<a href=\"https:\/\/moverdb.com\/it\/top-49-container-ports\/\" data-internallinksmanager029f6b8e52c=\"80\" title=\"I 49 porti container pi\u00f9 grandi e trafficati nel 2025\">porto<\/a> opzioni<\/li>\n<li>Servizio di imballaggio<\/li>\n<li>Organizzazione del trasporto<\/li>\n<li>Sdoganamento<\/li>\n<li>Trasporto di veicoli<\/li>\n<li>Stoccaggio sicuro a breve e lungo termine<\/li>\n<\/ul>\n<p>Town &amp; Country Movers \u00e8 un'azienda di traslochi e magazzini fondata nel 1977 con sede a Gaithersburg e serve <a href=\"https:\/\/moverdb.com\/it\/moving-to-the-united-states\/moving-to-maryland\/\" data-internallinksmanager029f6b8e52c=\"467\" title=\"Trasferirsi nel Maryland? 2026 Costi di vita e consigli per il trasferimento\">Maryland<\/a> e <a href=\"https:\/\/moverdb.com\/it\/moving-to-the-united-states\/moving-to-virginia\/\" data-internallinksmanager029f6b8e52c=\"442\" title=\"Trasferirsi in Virginia? 2026 Costi della vita e consigli per il trasferimento\">Virginia<\/a> con traslochi locali, nazionali e internazionali. Collaborano con spedizionieri internazionali di fiducia per fornire i loro servizi in tutto il mondo. \u00c8 membro dell'IAM e vanta 46 anni di esperienza.<\/p>\n<p>Town &amp; Country Movers offre un preventivo gratuito a domicilio per il vostro trasloco e personalizzer\u00e0 il servizio per soddisfare le vostre esigenze. Vi aiuteranno a trovare le migliori opzioni di trasporto per le vostre esigenze e il vostro budget. Forniscono un servizio di imballaggio professionale per proteggere i vostri oggetti, che pu\u00f2 includere una cassa personalizzata.<\/p>\n<p>Sito web: <a href=\"https:\/\/townandcountrymovers.com\/\" target=\"_blank\" rel=\"noopener\">https:\/\/townandcountrymovers.com\/<\/a><\/p>\n<h2><strong>3. Trasferimenti universali<\/strong><\/h2>\n<p><img loading=\"lazy\" decoding=\"async\" class=\"alignnone size-full wp-image-11469\" src=\"https:\/\/moverdb.com\/wp-content\/uploads\/Universal-Relocations-international-moving-company-1.png\" alt=\"Azienda di traslochi internazionali Universal Relocations\" width=\"1440\" height=\"680\" data-wp-pid=\"11469\" srcset=\"https:\/\/moverdb.com\/wp-content\/uploads\/Universal-Relocations-international-moving-company-1.png 1440w, https:\/\/moverdb.com\/wp-content\/uploads\/Universal-Relocations-international-moving-company-1-300x142.png 300w, https:\/\/moverdb.com\/wp-content\/uploads\/Universal-Relocations-international-moving-company-1-1024x484.png 1024w, https:\/\/moverdb.com\/wp-content\/uploads\/Universal-Relocations-international-moving-company-1-18x9.png 18w, https:\/\/moverdb.com\/wp-content\/uploads\/Universal-Relocations-international-moving-company-1-600x283.png 600w\" sizes=\"auto, (max-width: 1440px) 100vw, 1440px\" \/><\/p>\n<ul>\n<li>Trasferimenti nazionali<\/li>\n<li>Trasferimenti internazionali<\/li>\n<li>Trasferimenti di famiglie<\/li>\n<li>Trasferimenti di attivit\u00e0<\/li>\n<li>Servizio porta a porta<\/li>\n<li>Servizio di imballaggio<\/li>\n<li>Brokeraggio doganale<\/li>\n<li>Trasporto di animali domestici e automobili<\/li>\n<li>Assistenza nella ricerca della casa<\/li>\n<li>Strutture di stoccaggio<\/li>\n<\/ul>\n<p>Universal Relocations \u00e8 un'azienda di traslochi e trasferimenti internazionali fondata in <a href=\"https:\/\/moverdb.com\/it\/moving-to-india\/\" data-internallinksmanager029f6b8e52c=\"356\" title=\"Trasferirsi in India? 2026 Costi di vita e consigli per il trasferimento\">India<\/a> nel 1998 che ha uffici anche nel <a href=\"https:\/\/moverdb.com\/it\/moving-to-the-united-states\/\" data-internallinksmanager029f6b8e52c=\"94\" title=\"Trasferirsi negli Stati Uniti? 2026 Costi di vita e consigli per il trasferimento\">US<\/a> a Gaithersburg, <a href=\"https:\/\/moverdb.com\/it\/moving-to-the-united-states\/moving-to-new-jersey\/\" data-internallinksmanager029f6b8e52c=\"417\" title=\"Trasferirsi nel New Jersey? 2026 Costi di vita e consigli per il trasferimento\">New Jersey<\/a>, <a href=\"https:\/\/moverdb.com\/it\/moving-to-the-united-states\/moving-to-california\/\" data-internallinksmanager029f6b8e52c=\"330\" title=\"Trasferirsi in California? 2026 Costi di vita e consigli per il trasferimento\">California<\/a>, <a href=\"https:\/\/moverdb.com\/it\/moving-to-the-united-states\/moving-to-texas\/\" data-internallinksmanager029f6b8e52c=\"397\" title=\"Trasferirsi in Texas? 2026 Costi di vita e consigli per il trasferimento\">Texas<\/a> e <a href=\"https:\/\/moverdb.com\/it\/moving-to-the-united-states\/moving-to-georgia\/\" data-internallinksmanager029f6b8e52c=\"402\" title=\"Trasferirsi in Georgia? 2026 Costi della vita e consigli per il trasferimento\">Georgia<\/a>. Dispongono di una rete globale di 160 agenti partner che li supportano con servizi internazionali. Sono membri di IAM con sette anni di esperienza.<\/p>\n<p>Universal Relocations offre un servizio di trasloco porta a porta per famiglie e aziende. Fornisce un servizio di imballaggio sicuro per proteggere i vostri beni durante il trasporto e pu\u00f2 anche trasportare animali domestici e veicoli. Offre inoltre servizi aggiuntivi che includono assistenza nella ricerca di una casa, strutture di stoccaggio e assicurazione.<\/p>\n<p>Sito web: <a href=\"https:\/\/universalrelocations.com\/\" target=\"_blank\" rel=\"noopener\">https:\/\/universalrelocations.com\/<\/a><\/p>","protected":false},"excerpt":{"rendered":"<p>When you are moving home or your business there is a lot to do so engaging the services of a moving company can assist you in reducing the workload so you can focus on other aspects of your move. This can include packing, arranging transport and handling customs for international moves. Below we have compiled [&hellip;]<\/p>\n","protected":false},"author":4,"featured_media":11442,"parent":190,"menu_order":0,"comment_status":"closed","ping_status":"closed","template":"","meta":{"_genesis_hide_title":false,"_genesis_hide_breadcrumbs":false,"_genesis_hide_singular_image":false,"_genesis_hide_footer_widgets":false,"_genesis_custom_body_class":"","_genesis_custom_post_class":"","_genesis_layout":"","footnotes":""},"class_list":{"0":"post-11564","1":"page","2":"type-page","3":"status-publish","4":"has-post-thumbnail","6":"entry"},"_links":{"self":[{"href":"https:\/\/moverdb.com\/it\/wp-json\/wp\/v2\/pages\/11564","targetHints":{"allow":["GET"]}}],"collection":[{"href":"https:\/\/moverdb.com\/it\/wp-json\/wp\/v2\/pages"}],"about":[{"href":"https:\/\/moverdb.com\/it\/wp-json\/wp\/v2\/types\/page"}],"author":[{"embeddable":true,"href":"https:\/\/moverdb.com\/it\/wp-json\/wp\/v2\/users\/4"}],"replies":[{"embeddable":true,"href":"https:\/\/moverdb.com\/it\/wp-json\/wp\/v2\/comments?post=11564"}],"version-history":[{"count":1,"href":"https:\/\/moverdb.com\/it\/wp-json\/wp\/v2\/pages\/11564\/revisions"}],"predecessor-version":[{"id":11565,"href":"https:\/\/moverdb.com\/it\/wp-json\/wp\/v2\/pages\/11564\/revisions\/11565"}],"up":[{"embeddable":true,"href":"https:\/\/moverdb.com\/it\/wp-json\/wp\/v2\/pages\/190"}],"wp:featuredmedia":[{"embeddable":true,"href":"https:\/\/moverdb.com\/it\/wp-json\/wp\/v2\/media\/11442"}],"wp:attachment":[{"href":"https:\/\/moverdb.com\/it\/wp-json\/wp\/v2\/media?parent=11564"}],"curies":[{"name":"wp","href":"https:\/\/api.w.org\/{rel}","templated":true}]}}