{"id":11560,"date":"2023-11-29T10:28:15","date_gmt":"2023-11-29T10:28:15","guid":{"rendered":"https:\/\/moverdb.com\/?page_id=11560"},"modified":"2026-01-08T15:24:13","modified_gmt":"2026-01-08T15:24:13","slug":"moving-companies-in-el-paso-usa","status":"publish","type":"page","link":"https:\/\/moverdb.com\/it\/moving-companies\/moving-companies-in-el-paso-usa\/","title":{"rendered":"3 Migliori Imprese di Traslochi Internazionali a El Paso"},"content":{"rendered":"<p>Avete in programma un trasloco all'interno, verso o da El Paso? Allora rivolgetevi a un'agenzia di <a href=\"https:\/\/moverdb.com\/it\/moving-companies\/\" data-internallinksmanager029f6b8e52c=\"79\" title=\"Le 25 migliori aziende di traslochi internazionali online\">azienda di traslochi<\/a> per imballare, organizzare il trasporto e gestire la dogana per i traslochi internazionali pu\u00f2 ridurre lo stress. Di seguito abbiamo stilato un elenco di aziende con sede a El Paso <a href=\"https:\/\/moverdb.com\/it\/international-removals\/\" data-internallinksmanager029f6b8e52c=\"27\" title=\"36 Migliori aziende di traslochi internazionali del Regno Unito\">aziende di trasloco<\/a> che sono membri dell'associazione <a href=\"https:\/\/moverdb.com\/it\/iam\/\" data-internallinksmanager029f6b8e52c=\"23\" title=\"Spiegazione dell&#039;Associazione Internazionale dei Traslocatori (IAM)\">Associazione internazionale dei traslocatori<\/a> (IAM) e\/o <a href=\"https:\/\/moverdb.com\/it\/fidi-faim\/\" data-internallinksmanager029f6b8e52c=\"16\" title=\"FIDI e FAIM (FIDI Accredited International Mover) spiegati\">FIDI<\/a> Traslocatori internazionali accreditati (FAIM) che possono assistervi nel vostro trasloco.<\/p>\n<h2><strong>1. Spedizioni internazionali Deseret<\/strong><\/h2>\n<p><img loading=\"lazy\" decoding=\"async\" class=\"alignnone size-full wp-image-11305\" src=\"https:\/\/moverdb.com\/wp-content\/uploads\/Deseret-International-Forwarding-moving-company.png\" alt=\"Azienda di traslochi Deseret International Forwarding\" width=\"1440\" height=\"676\" data-wp-pid=\"11305\" srcset=\"https:\/\/moverdb.com\/wp-content\/uploads\/Deseret-International-Forwarding-moving-company.png 1440w, https:\/\/moverdb.com\/wp-content\/uploads\/Deseret-International-Forwarding-moving-company-300x141.png 300w, https:\/\/moverdb.com\/wp-content\/uploads\/Deseret-International-Forwarding-moving-company-1024x481.png 1024w, https:\/\/moverdb.com\/wp-content\/uploads\/Deseret-International-Forwarding-moving-company-18x8.png 18w, https:\/\/moverdb.com\/wp-content\/uploads\/Deseret-International-Forwarding-moving-company-600x282.png 600w\" sizes=\"auto, (max-width: 1440px) 100vw, 1440px\" \/><\/p>\n<ul>\n<li>Spostamenti internazionali<\/li>\n<li>Traslochi domestici<\/li>\n<li>Movimenti aziendali<\/li>\n<li>Porta a porta o <a href=\"https:\/\/moverdb.com\/it\/top-49-container-ports\/\" data-internallinksmanager029f6b8e52c=\"80\" title=\"I 49 porti container pi\u00f9 grandi e trafficati nel 2025\">porto<\/a>-Servizio porta a porta<\/li>\n<li>Coordinatore personale dei traslochi<\/li>\n<li>Servizio di imballaggio<\/li>\n<li>Trasporto aereo, marittimo e terrestre<\/li>\n<li>Tracciamento della spedizione online<\/li>\n<li>Assicurazione all-risk<\/li>\n<li>Stoccaggio sicuro<\/li>\n<\/ul>\n<p>Deseret International Forwarding si occupa di spedizioni internazionali di beni per la casa e ha sede a El Paso. Dispone di una rete affidabile di relazioni globali con altri agenti di trasloco per offrire servizi di trasloco internazionali. \u00c8 membro della IAM con 31 anni di esperienza.<\/p>\n<p>I coordinatori personali di Deseret International Forwarding vi assisteranno durante tutto il trasloco e vi aiuteranno a scegliere il modo migliore per trasferirvi nella vostra nuova casa. Offrono un servizio door-to-door o port-to-door che pu\u00f2 includere l'imballaggio dei vostri beni. Organizzeranno il trasporto sicuro dei vostri beni per via aerea, marittima o terrestre.<\/p>\n<p>Sito web: <a href=\"http:\/\/www.deseret-intl.com\/\" target=\"_blank\" rel=\"noopener\">http:\/\/www.deseret-intl.com\/<\/a><\/p>\n<h2><strong>2. ITO<\/strong><\/h2>\n<p><img loading=\"lazy\" decoding=\"async\" class=\"alignnone size-full wp-image-11355\" src=\"https:\/\/moverdb.com\/wp-content\/uploads\/ITO-El-Paso-international-moving-company.png\" alt=\"Azienda di traslochi internazionali ITO El Paso\" width=\"1440\" height=\"683\" data-wp-pid=\"11355\" srcset=\"https:\/\/moverdb.com\/wp-content\/uploads\/ITO-El-Paso-international-moving-company.png 1440w, https:\/\/moverdb.com\/wp-content\/uploads\/ITO-El-Paso-international-moving-company-300x142.png 300w, https:\/\/moverdb.com\/wp-content\/uploads\/ITO-El-Paso-international-moving-company-1024x486.png 1024w, https:\/\/moverdb.com\/wp-content\/uploads\/ITO-El-Paso-international-moving-company-18x9.png 18w, https:\/\/moverdb.com\/wp-content\/uploads\/ITO-El-Paso-international-moving-company-600x285.png 600w\" sizes=\"auto, (max-width: 1440px) 100vw, 1440px\" \/><\/p>\n<ul>\n<li>Movimenti nazionali<\/li>\n<li>Spostamenti internazionali<\/li>\n<li>Trasferimenti di famiglie<\/li>\n<li>Trasferimento di uffici<\/li>\n<li>Consultazione iniziale<\/li>\n<li>Servizio di imballaggio<\/li>\n<li>Organizzazione del trasporto<\/li>\n<li>Sdoganamento<\/li>\n<li>Servizi artigianali<\/li>\n<li>Stoccaggio sicuro<\/li>\n<\/ul>\n<p>ITO \u00e8 un'azienda di traslochi internazionali con filiali nei Paesi Bassi. <a href=\"https:\/\/moverdb.com\/it\/moving-to-the-united-states\/\" data-internallinksmanager029f6b8e52c=\"94\" title=\"Trasferirsi negli Stati Uniti? 2026 Costi di vita e consigli per il trasferimento\">USA<\/a>, <a href=\"https:\/\/moverdb.com\/it\/moving-to-germany\/\" data-internallinksmanager029f6b8e52c=\"321\" title=\"Trasferirsi in Germania? 2026 Costi di vita e consigli per il trasferimento\">Germania<\/a> e Africa. Gli uffici statunitensi sono a El Paso, Wichita Falls e Norfolk. Lavorano a livello internazionale utilizzando le proprie filiali e la rete di partner internazionali. \u00c8 membro della IAM con 47 anni di esperienza.<\/p>\n<p>ITO offre una consulenza iniziale per prepararvi al meglio. Fornisce imballaggi standard e specializzati per proteggere i vostri beni, oltre a smontare e montare i mobili. Se necessario, possono anche offrire servizi artigianali. Offrono una serie di opzioni di trasporto, tra cui i container collettivi per alcune regioni.<\/p>\n<p>Sito web: <a href=\"https:\/\/www.ito-movers.de\/?lang=en\" target=\"_blank\" rel=\"noopener\">https:\/\/www.ito-movers.de\/?lang=en<\/a><\/p>\n<h2><strong>3. TIS in tutto il mondo<\/strong><\/h2>\n<p><img loading=\"lazy\" decoding=\"async\" class=\"alignnone size-full wp-image-11456\" src=\"https:\/\/moverdb.com\/wp-content\/uploads\/TIS-Worldwide-international-moving-company.png\" alt=\"TIS Worldwide societ\u00e0 di traslochi internazionali\" width=\"1440\" height=\"682\" data-wp-pid=\"11456\" srcset=\"https:\/\/moverdb.com\/wp-content\/uploads\/TIS-Worldwide-international-moving-company.png 1440w, https:\/\/moverdb.com\/wp-content\/uploads\/TIS-Worldwide-international-moving-company-300x142.png 300w, https:\/\/moverdb.com\/wp-content\/uploads\/TIS-Worldwide-international-moving-company-1024x485.png 1024w, https:\/\/moverdb.com\/wp-content\/uploads\/TIS-Worldwide-international-moving-company-18x9.png 18w, https:\/\/moverdb.com\/wp-content\/uploads\/TIS-Worldwide-international-moving-company-600x284.png 600w\" sizes=\"auto, (max-width: 1440px) 100vw, 1440px\" \/><\/p>\n<ul>\n<li>Servizi di spedizione merci<\/li>\n<li>Trasporto internazionale<\/li>\n<li>Logistica gestita<\/li>\n<li>Servizio su misura<\/li>\n<li>Servizio porta a porta<\/li>\n<li>Servizio da porto a porto<\/li>\n<li>Trasporto su camion, ferrovia, strada e mare<\/li>\n<li>Carichi pieni e meno pieni<\/li>\n<li>Tracciabilit\u00e0 del carico<\/li>\n<li>Strutture di stoccaggio<\/li>\n<\/ul>\n<p>TIS Worldwide \u00e8 un fornitore di servizi logistici di alto livello costituito nel 1976 con sede a El Paso. Dispone di una rete mondiale di agenti nella maggior parte dei paesi del mondo che la aiutano a fornire servizi internazionali. \u00c8 membro dell'IAM e vanta 47 anni di esperienza.<\/p>\n<p>TIS Worldwide offre un servizio personalizzato e cercher\u00e0 le migliori opzioni di trasporto per la vostra spedizione per ottenere i costi pi\u00f9 competitivi e un servizio di qualit\u00e0. Offre una gamma di opzioni di trasporto, tra cui servizi door-to-door e port-to-port per carichi completi e meno completi di container, nonch\u00e9 per carichi di progetto.<\/p>\n<p>Sito web: <a href=\"https:\/\/www.tis-shipping.com\/\" target=\"_blank\" rel=\"noopener\">https:\/\/www.tis-shipping.com\/<\/a><\/p>","protected":false},"excerpt":{"rendered":"<p>Are you planning on moving within, to or from El Paso? Then enlisting the help of a moving company to pack, arrange transport and handle customs for international moves can reduce the stress. Below we have compiled a list of El Paso based removal companies that are members of the International Association of Movers (IAM) [&hellip;]<\/p>\n","protected":false},"author":4,"featured_media":11305,"parent":190,"menu_order":0,"comment_status":"closed","ping_status":"closed","template":"","meta":{"_genesis_hide_title":false,"_genesis_hide_breadcrumbs":false,"_genesis_hide_singular_image":false,"_genesis_hide_footer_widgets":false,"_genesis_custom_body_class":"","_genesis_custom_post_class":"","_genesis_layout":"","footnotes":""},"class_list":{"0":"post-11560","1":"page","2":"type-page","3":"status-publish","4":"has-post-thumbnail","6":"entry"},"_links":{"self":[{"href":"https:\/\/moverdb.com\/it\/wp-json\/wp\/v2\/pages\/11560","targetHints":{"allow":["GET"]}}],"collection":[{"href":"https:\/\/moverdb.com\/it\/wp-json\/wp\/v2\/pages"}],"about":[{"href":"https:\/\/moverdb.com\/it\/wp-json\/wp\/v2\/types\/page"}],"author":[{"embeddable":true,"href":"https:\/\/moverdb.com\/it\/wp-json\/wp\/v2\/users\/4"}],"replies":[{"embeddable":true,"href":"https:\/\/moverdb.com\/it\/wp-json\/wp\/v2\/comments?post=11560"}],"version-history":[{"count":1,"href":"https:\/\/moverdb.com\/it\/wp-json\/wp\/v2\/pages\/11560\/revisions"}],"predecessor-version":[{"id":11561,"href":"https:\/\/moverdb.com\/it\/wp-json\/wp\/v2\/pages\/11560\/revisions\/11561"}],"up":[{"embeddable":true,"href":"https:\/\/moverdb.com\/it\/wp-json\/wp\/v2\/pages\/190"}],"wp:featuredmedia":[{"embeddable":true,"href":"https:\/\/moverdb.com\/it\/wp-json\/wp\/v2\/media\/11305"}],"wp:attachment":[{"href":"https:\/\/moverdb.com\/it\/wp-json\/wp\/v2\/media?parent=11560"}],"curies":[{"name":"wp","href":"https:\/\/api.w.org\/{rel}","templated":true}]}}