{"id":11556,"date":"2023-11-29T10:30:30","date_gmt":"2023-11-29T10:30:30","guid":{"rendered":"https:\/\/moverdb.com\/?page_id=11556"},"modified":"2026-01-08T15:24:11","modified_gmt":"2026-01-08T15:24:11","slug":"moving-companies-us-connecticut","status":"publish","type":"page","link":"https:\/\/moverdb.com\/it\/moving-companies\/moving-companies-us-connecticut\/","title":{"rendered":"3 Migliori imprese di traslochi internazionali in Connecticut"},"content":{"rendered":"<p>Se state traslocando, potreste voler impiegare i servizi di un <a href=\"https:\/\/moverdb.com\/it\/moving-companies\/\" data-internallinksmanager029f6b8e52c=\"79\" title=\"Le 25 migliori aziende di traslochi internazionali online\">azienda di traslochi<\/a> per sostenere e alleggerire il carico. Possono aiutarvi nella pianificazione del trasloco, nell'imballaggio dei vostri beni, nell'organizzazione del trasporto e nella gestione della dogana per i traslochi internazionali. Di seguito abbiamo stilato un elenco di <a href=\"https:\/\/moverdb.com\/it\/moving-to-the-united-states\/moving-to-connecticut\/\" data-internallinksmanager029f6b8e52c=\"444\" title=\"Trasferirsi nel Connecticut? 2026 Costi di vita e consigli per il trasferimento\">Connecticut<\/a> basato su <a href=\"https:\/\/moverdb.com\/it\/international-removals\/\" data-internallinksmanager029f6b8e52c=\"27\" title=\"36 Migliori aziende di traslochi internazionali del Regno Unito\">aziende di trasloco<\/a> che sono membri dell'associazione <a href=\"https:\/\/moverdb.com\/it\/iam\/\" data-internallinksmanager029f6b8e52c=\"23\" title=\"Spiegazione dell&#039;Associazione Internazionale dei Traslocatori (IAM)\">Associazione internazionale dei traslocatori<\/a> (IAM) e\/o <a href=\"https:\/\/moverdb.com\/it\/fidi-faim\/\" data-internallinksmanager029f6b8e52c=\"16\" title=\"FIDI e FAIM (FIDI Accredited International Mover) spiegati\">FIDI<\/a> Traslocatori internazionali accreditati (FAIM) che possono assistervi nel vostro trasloco.<\/p>\n<h2><strong>1. Trasferimento Brimar<\/strong><\/h2>\n<p><img loading=\"lazy\" decoding=\"async\" class=\"alignnone size-full wp-image-11277\" src=\"https:\/\/moverdb.com\/wp-content\/uploads\/Brimar-Relocations-international-moving-company.png\" alt=\"Azienda di traslochi internazionali Brimar Relocations\" width=\"1440\" height=\"679\" data-wp-pid=\"11277\" srcset=\"https:\/\/moverdb.com\/wp-content\/uploads\/Brimar-Relocations-international-moving-company.png 1440w, https:\/\/moverdb.com\/wp-content\/uploads\/Brimar-Relocations-international-moving-company-300x141.png 300w, https:\/\/moverdb.com\/wp-content\/uploads\/Brimar-Relocations-international-moving-company-1024x483.png 1024w, https:\/\/moverdb.com\/wp-content\/uploads\/Brimar-Relocations-international-moving-company-18x8.png 18w, https:\/\/moverdb.com\/wp-content\/uploads\/Brimar-Relocations-international-moving-company-600x283.png 600w\" sizes=\"auto, (max-width: 1440px) 100vw, 1440px\" \/><\/p>\n<ul>\n<li>Movimenti nazionali<\/li>\n<li>Spostamenti internazionali<\/li>\n<li>Traslochi domestici<\/li>\n<li>Trasferimenti aziendali<\/li>\n<li>Servizio porta a porta<\/li>\n<li>Organizzazione del trasporto<\/li>\n<li>Supporto doganale<\/li>\n<li>Manipolazione di opere d'arte<\/li>\n<li>Assicurazione<\/li>\n<li>Strutture di stoccaggio<\/li>\n<\/ul>\n<p>Brimar Relocations \u00e8 un'azienda di traslochi internazionali fondata nel 2007 con sede a Stamford e con un ufficio a <a href=\"https:\/\/moverdb.com\/it\/moving-to-france\/moving-to-paris\/\" data-internallinksmanager029f6b8e52c=\"407\" title=\"Trasferirsi a Parigi? 2026 Costi di vita e consigli per il trasferimento\">Parigi<\/a>. Hanno una rete sviluppata di agenti in tutto il mondo che li assistono nell'esecuzione di traslochi internazionali. Sono membri della IAM con 14 anni di esperienza.<\/p>\n<p>Brimar Relocation offre servizi di trasloco nazionali e internazionali, \u00e8 specializzata in traslochi aziendali e pu\u00f2 gestire opere d'arte. Fornisce servizi di trasloco da porta a porta e si occupa di organizzare il trasporto dei vostri beni a destinazione, che pu\u00f2 includere l'imballaggio e lo stoccaggio, nonch\u00e9 la copertura assicurativa di base.<\/p>\n<p>Sito web: <a href=\"http:\/\/www.brimarrelo.com\" target=\"_blank\" rel=\"noopener\">http:\/\/www.brimarrelo.com<\/a><\/p>\n<h2><strong>2. Meyer<\/strong><\/h2>\n<p><img loading=\"lazy\" decoding=\"async\" class=\"alignnone size-full wp-image-11376\" src=\"https:\/\/moverdb.com\/wp-content\/uploads\/Meyer-international-moving-company.png\" alt=\"Azienda di traslochi internazionali Meyer\" width=\"1440\" height=\"680\" data-wp-pid=\"11376\" srcset=\"https:\/\/moverdb.com\/wp-content\/uploads\/Meyer-international-moving-company.png 1440w, https:\/\/moverdb.com\/wp-content\/uploads\/Meyer-international-moving-company-300x142.png 300w, https:\/\/moverdb.com\/wp-content\/uploads\/Meyer-international-moving-company-1024x484.png 1024w, https:\/\/moverdb.com\/wp-content\/uploads\/Meyer-international-moving-company-18x9.png 18w, https:\/\/moverdb.com\/wp-content\/uploads\/Meyer-international-moving-company-600x283.png 600w\" sizes=\"auto, (max-width: 1440px) 100vw, 1440px\" \/><\/p>\n<ul>\n<li>Traslochi locali e a lunga distanza<\/li>\n<li>Trasferimenti internazionali<\/li>\n<li>Trasferimenti residenziali<\/li>\n<li>Trasferimento di uffici<\/li>\n<li>Trasferimenti aziendali<\/li>\n<li>Servizio porta a porta<\/li>\n<li>Coordinatore di trasloco dedicato<\/li>\n<li>Opzioni di imballaggio<\/li>\n<li><a href=\"https:\/\/moverdb.com\/it\/car-transport-shipping\/\" data-internallinksmanager029f6b8e52c=\"2\" title=\"2026 Preventivi per il trasporto internazionale di auto e veicoli\">Spedizione di veicoli<\/a><\/li>\n<li>Soluzioni di stoccaggio<\/li>\n<\/ul>\n<p>Meyer \u00e8 un'azienda di logistica, traslochi e soluzioni di stoccaggio fondata nel 1915 con sede a Stratford. Fa parte della rete United Van Lines, che le consente di accedere a societ\u00e0 di traslochi che la supportano nella fornitura dei propri servizi. \u00c8 membro della IAM e vanta 108 anni di esperienza.<\/p>\n<p>Meyer offre una consulenza per valutare le esigenze e il volume del vostro trasloco. Fornisce un coordinatore di trasloco dedicato come unico punto di contatto che gestir\u00e0 tutti gli aspetti del vostro trasloco. Il coordinatore cercher\u00e0 la soluzione di trasloco migliore per le vostre esigenze e fornir\u00e0 un servizio porta a porta con l'opzione di un servizio di imballaggio completo o di un imballaggio autonomo.<\/p>\n<p>Sito web: <a href=\"http:\/\/www.williambmeyer.com\" target=\"_blank\" rel=\"noopener\">http:\/\/www.williambmeyer.com<\/a><\/p>\n<h2><strong>3. WorldCare Trasporto animali domestici<\/strong><\/h2>\n<p><img loading=\"lazy\" decoding=\"async\" class=\"alignnone size-full wp-image-11481\" src=\"https:\/\/moverdb.com\/wp-content\/uploads\/WorldCare-Pet-Transport-international-moving-company.png\" alt=\"WorldCare Pet Transport, azienda di traslochi internazionali\" width=\"1440\" height=\"683\" data-wp-pid=\"11481\" srcset=\"https:\/\/moverdb.com\/wp-content\/uploads\/WorldCare-Pet-Transport-international-moving-company.png 1440w, https:\/\/moverdb.com\/wp-content\/uploads\/WorldCare-Pet-Transport-international-moving-company-300x142.png 300w, https:\/\/moverdb.com\/wp-content\/uploads\/WorldCare-Pet-Transport-international-moving-company-1024x486.png 1024w, https:\/\/moverdb.com\/wp-content\/uploads\/WorldCare-Pet-Transport-international-moving-company-18x9.png 18w, https:\/\/moverdb.com\/wp-content\/uploads\/WorldCare-Pet-Transport-international-moving-company-600x285.png 600w\" sizes=\"auto, (max-width: 1440px) 100vw, 1440px\" \/><\/p>\n<ul>\n<li>Servizio su tutto il territorio nazionale<\/li>\n<li>Servizio internazionale<\/li>\n<li>Traslochi privati di animali domestici<\/li>\n<li>Trasferimenti aziendali di animali domestici<\/li>\n<li>Servizio completo<\/li>\n<li>Servizio porta a porta<\/li>\n<li>Si rivolge a tutti i tipi di animali domestici<\/li>\n<li>Organizzazione di un trasporto efficiente<\/li>\n<li>Vettori di volo<\/li>\n<li>Servizi veterinari<\/li>\n<\/ul>\n<p>WorldCare Pet Transport \u00e8 un'azienda di trasporto internazionale di animali domestici che opera da oltre 10 anni. Collabora con traslocatori di beni per la casa, societ\u00e0 di gestione del trasferimento e responsabili delle risorse umane. Sono registrati presso l'USDA come operatori di trasporto immediato. \u00c8 membro dell'IAM con 22 anni di esperienza.<\/p>\n<p>WorldCare Pet Transport offre un servizio completo di trasferimento degli animali domestici, prelevandoli e consegnandoli ovunque nel mondo. Completano l'organizzazione del viaggio assicurando i voli pi\u00f9 diretti e convenienti e fornendo vettori approvati di tutte le dimensioni. Organizzano servizi veterinari, tra cui esami sanitari, campioni di sangue, certificati e microchip.<\/p>\n<p>Sito web: <a href=\"http:\/\/www.WorldCarePet.com\" target=\"_blank\" rel=\"noopener\">http:\/\/www.WorldCarePet.com<\/a><\/p>","protected":false},"excerpt":{"rendered":"<p>If you are moving, you may want to employ the services of a moving company to support and lessen the load. They can help with planning the move, packing your belongings, arranging transport and handling customs for international moves. Below we have compiled a list of Connecticut based removal companies that are members of the [&hellip;]<\/p>\n","protected":false},"author":4,"featured_media":11277,"parent":190,"menu_order":0,"comment_status":"closed","ping_status":"closed","template":"","meta":{"_genesis_hide_title":false,"_genesis_hide_breadcrumbs":false,"_genesis_hide_singular_image":false,"_genesis_hide_footer_widgets":false,"_genesis_custom_body_class":"","_genesis_custom_post_class":"","_genesis_layout":"","footnotes":""},"class_list":{"0":"post-11556","1":"page","2":"type-page","3":"status-publish","4":"has-post-thumbnail","6":"entry"},"_links":{"self":[{"href":"https:\/\/moverdb.com\/it\/wp-json\/wp\/v2\/pages\/11556","targetHints":{"allow":["GET"]}}],"collection":[{"href":"https:\/\/moverdb.com\/it\/wp-json\/wp\/v2\/pages"}],"about":[{"href":"https:\/\/moverdb.com\/it\/wp-json\/wp\/v2\/types\/page"}],"author":[{"embeddable":true,"href":"https:\/\/moverdb.com\/it\/wp-json\/wp\/v2\/users\/4"}],"replies":[{"embeddable":true,"href":"https:\/\/moverdb.com\/it\/wp-json\/wp\/v2\/comments?post=11556"}],"version-history":[{"count":1,"href":"https:\/\/moverdb.com\/it\/wp-json\/wp\/v2\/pages\/11556\/revisions"}],"predecessor-version":[{"id":11557,"href":"https:\/\/moverdb.com\/it\/wp-json\/wp\/v2\/pages\/11556\/revisions\/11557"}],"up":[{"embeddable":true,"href":"https:\/\/moverdb.com\/it\/wp-json\/wp\/v2\/pages\/190"}],"wp:featuredmedia":[{"embeddable":true,"href":"https:\/\/moverdb.com\/it\/wp-json\/wp\/v2\/media\/11277"}],"wp:attachment":[{"href":"https:\/\/moverdb.com\/it\/wp-json\/wp\/v2\/media?parent=11556"}],"curies":[{"name":"wp","href":"https:\/\/api.w.org\/{rel}","templated":true}]}}