{"id":1075,"date":"2016-08-04T14:25:42","date_gmt":"2016-08-04T14:25:42","guid":{"rendered":"http:\/\/moverdb.com\/?page_id=1075"},"modified":"2026-01-08T15:20:29","modified_gmt":"2026-01-08T15:20:29","slug":"north-american-van-lines","status":"publish","type":"page","link":"https:\/\/moverdb.com\/it\/north-american-van-lines\/","title":{"rendered":"North American Van Lines: Recensioni sul trasloco internazionale"},"content":{"rendered":"<p>La North American Van Lines offre ai suoi clienti servizi per traslochi internazionali, aziendali e nazionali. Segue una lista di questi servizi, insieme a un profilo aziendale e alle recensioni.<\/p>\n<p><strong>Trasloco internazionale per privati e aziende<\/strong><\/p>\n<ul>\n<li> Servizio porta a porta<\/li>\n<li> Imballaggio, imbottitura e protezione delle cose<\/li>\n<li> Smontare i mobili<\/li>\n<li> <a href=\"https:\/\/moverdb.com\/it\/container-shipping\/\">Contenitori navali<\/a> per ogni applicazione<\/li>\n<li> Consigli su cosa mettere in valigia e cosa vendere per avere un buon rapporto costi-benefici<\/li>\n<li> Aiuto per lo sdoganamento<\/li>\n<li> Consegna e rimontaggio dei mobili<\/li>\n<li> Monitoraggio della spedizione online 24\/7<\/li>\n<li> Programma di protezione della valutazione<\/li>\n<li> Deposito a breve e lungo termine organizzato<\/li>\n<\/ul>\n<p><strong>Servizi speciali di trasferimento<\/strong><\/p>\n<ul>\n<li> Acquisto di case e assistenza abitativa temporanea<\/li>\n<li> Assistenza finanziaria e assicurativa<\/li>\n<li> Formazione interculturale<\/li>\n<li> Formazione linguistica<\/li>\n<li> Referenze per l'assistenza all'infanzia e alla scuola<\/li>\n<li> Cure mediche e prescrizioni sostitutive<\/li>\n<li> Acquisto di automobili e servizi<\/li>\n<li> Lezioni di guida<\/li>\n<\/ul>\n<p><strong>Spostamenti aziendali<\/strong><\/p>\n<ul>\n<li> Imballaggio e imballaggio<\/li>\n<li> Stoccaggio<\/li>\n<li> Spedizione<\/li>\n<li> Coordinatore personale di trasferimento<\/li>\n<li> Assistenza alla vendita e all'acquisto di case<\/li>\n<li> Orientamento dell'area<\/li>\n<li> Assistenza coniugale<\/li>\n<li> Servizi ipotecari<\/li>\n<li> Servizi di ambientamento<\/li>\n<\/ul>\n<p><strong>Servizi di trasloco<\/strong><\/p>\n<ul>\n<li> Imballaggio e disimballaggio - fai da te, solo oggetti fragili o imballaggio completo<\/li>\n<li> Grande selezione di materiali da imballaggio<\/li>\n<li> Smontaggio e rimontaggio di mobili<\/li>\n<li> Scarico<\/li>\n<li> Disimballaggio se necessario<\/li>\n<li> Smaltimento dei detriti<\/li>\n<li> Stoccaggio a lungo e a breve termine<\/li>\n<li> Trasloco della casa<\/li>\n<li> Trasloco locale<\/li>\n<li> Trasloco a lunga distanza<\/li>\n<li> Trasloco militare<\/li>\n<li> Trasloco attraverso il paese<\/li>\n<li> Trasloco interstatale<\/li>\n<li> Piccola spedizione espressa<\/li>\n<li> Traslochi nazionali<\/li>\n<\/ul>\n<p><strong>Spostamenti specializzati<\/strong><\/p>\n<ul>\n<li> Pianoforti<\/li>\n<li> Arte e antiquariato<\/li>\n<li> Barche<\/li>\n<li> <a href=\"https:\/\/moverdb.com\/it\/auto-trasporto-spedizione\/\">Veicoli<\/a><\/li>\n<li> Contenitori<\/li>\n<\/ul>\n<h2>Profilo dell'azienda North American Van Lines<\/h2>\n<p>La North American Van Lines inizi\u00f2 le sue attivit\u00e0 di trasporto nel 1933 con 12 agenti. Cinque anni dopo aveva pi\u00f9 di 120 agenti. L'azienda si occupa di traslochi di case e uffici, sia a livello locale che nazionale e internazionale. North American Van Lines \u00e8 diventata una filiale di SIRVA Inc. nel 1998. <\/p>\n<p>L'azienda ha quasi 8.000 dipendenti e opera <strong>1.694 camion<\/strong>. Si stima che i loro veicoli abbiano viaggiato <strong>37.256.707 miglia<\/strong>.<\/p>\n<p>North American Van Lines ha pi\u00f9 di 500 agenti nel Nord America. Hanno la localizzazione satellitare per localizzare tutte le spedizioni in ogni momento. Usano anche furgoni con gru che permettono loro di caricare e scaricare oggetti di grandi dimensioni senza una banchina di carico. <\/p>\n<p>L'azienda ha implementato un programma di qualit\u00e0 per la formazione di tutti i dipendenti e agenti al pi\u00f9 alto standard possibile.<\/p>\n<p>Accreditamenti e affiliazioni della North American Van Lines:<\/p>\n<ul>\n<li> Partenariato doganale-commerciale contro il terrorismo conforme (C-TPAT)<\/li>\n<li> <a href=\"https:\/\/moverdb.com\/it\/amsa\/\">Associazione americana di trasloco e stoccaggio<\/a> (<a href=\"https:\/\/moverdb.com\/it\/amsa\/\" data-internallinksmanager029f6b8e52c=\"5\" title=\"L&#039;associazione americana di trasloco e stoccaggio (AMSA) spiegata\">AMSA<\/a>) - <a href=\"https:\/\/moverdb.com\/it\/rim-promover\/\">ProMover<\/a><\/li>\n<li> BBB Accreditato Business<\/li>\n<li> <a href=\"https:\/\/moverdb.com\/it\/canadian-association-of-movers\/\">Associazione canadese dei traslocatori<\/a> (<a href=\"https:\/\/moverdb.com\/it\/canadian-association-of-movers\/\" data-internallinksmanager029f6b8e52c=\"11\" title=\"Associazione canadese dei traslocatori (CAM) spiegata\">CAM<\/a>)<\/li>\n<\/ul>\n<h2>Recensioni su North American Van Lines<\/h2>\n<p><strong>Positivo:<\/strong><\/p>\n<ul>\n<li>  <em>\"Ci trasferiamo sempre e questo \u00e8 stato il miglior trasloco che abbiamo mai fatto. Non abbiamo mai avuto un trasloco in cui le cose fossero andate cos\u00ec bene. \u00c8 stato tutto meraviglioso\".<\/em> - Cliente Justin P <a href=\"https:\/\/www.northamerican.com\/\" target=\"_blank\" rel=\"noopener\">testimonial dal loro sito web<\/a>.<\/li>\n<li> <em>\"Sempre puntuali, efficienti, personalizzabili e davvero disponibili. Siamo rimasti piacevolmente sorpresi dal fatto che dopo che i nostri gommoni sono stati caricati e pesati ci hanno fatto pagare meno dell'importo indicato! Li raccomanderei sicuramente!<\/em>\" - Candace via <a href=\"http:\/\/www.bbb.org\/northernindiana\/business-reviews\/movers\/north-american-van-lines-in-fort-wayne-in-90077877\/customer-reviews\" target=\"_blank\" rel=\"noopener\">BBB<\/a><\/li>\n<li> <em>\"Traslocare da una casa con un vialetto lungo, ventoso e stretto a un'altra a centinaia di chilometri di distanza non \u00e8 stato un compito facile per nessun traslocatore. Ma la North American Van Lines ha fornito una meravigliosa esperienza che ha reso il trasloco meno stressante... e oserei dire divertente?<\/em> - Phyllis via <a href=\"https:\/\/www.facebook.com\/northAmericanVL\/reviews#\" target=\"_blank\" rel=\"noopener\">Facebook<\/a><\/li>\n<\/ul>\n<p><strong>Negativo:<\/strong><\/p>\n<ul>\n<li> <em>\"Pessima esperienza con questa azienda. Li ho usati per trasferirmi da Baltimora a <a href=\"https:\/\/moverdb.com\/it\/moving-to-san-francisco\/\">San Francisco<\/a>.  Usano il locale <a href=\"https:\/\/moverdb.com\/it\/moving-companies\/\" data-internallinksmanager029f6b8e52c=\"79\" title=\"Le 25 migliori aziende di traslochi internazionali online\">aziende di traslochi<\/a> contratta con North American per ritirare e consegnare le tue cose\".<\/em> - Nick via <a href=\"http:\/\/www.mymovingreviews.com\/movers\/north-american-van-lines-287#33438\" target=\"_blank\" rel=\"noopener\">MyMovingReviews<\/a><\/li>\n<li> <em>\"Passando da <a href=\"https:\/\/moverdb.com\/it\/moving-companies\/moving-companies-peru\/\" data-internallinksmanager029f6b8e52c=\"273\" title=\"9 Migliori imprese di traslochi internazionali in Per\u00f9\">Per\u00f9<\/a> a <a href=\"https:\/\/moverdb.com\/it\/moving-to-the-united-states\/moving-to-iowa\/\" data-internallinksmanager029f6b8e52c=\"463\" title=\"Trasferirsi in Iowa? 2026 Costi di vita e consigli per il trasferimento\">Iowa<\/a> \u00e8 stato un incubo. La cosa peggiore \u00e8 stata far scaricare il camion da \"professionisti\" della North American Van Lines\".<\/em> - Art\u00f9 via <a href=\"https:\/\/www.consumeraffairs.com\/movers\/north_american.htm\" target=\"_blank\" rel=\"noopener\">Affari dei consumatori<\/a><\/li>\n<li> <em>\"Sono passati 10 giorni da quando le mie cose sono state ritirate da <a href=\"https:\/\/moverdb.com\/it\/moving-to-the-united-states\/moving-to-oklahoma\/\" data-internallinksmanager029f6b8e52c=\"453\" title=\"Trasferirsi in Oklahoma? 2026 Costi di vita e consigli per il trasferimento\">Oklahoma<\/a>.mancano solo 2 giorni lavorativi alla consegna e hanno appena scoperto che l'autista non \u00e8 mai andato a prendere la mia roba\".<\/em> - tramite <a href=\"http:\/\/north-american-van-lines.pissedconsumer.com\/left-my-stuff-behind-20160401821464.html\" target=\"_blank\" rel=\"noopener\">Consumatore incazzato<\/a><\/li>\n<\/ul>\n<div itemprop=\"review\" itemscope itemtype=\"http:\/\/schema.org\/Review\">\n<span itemprop=\"author\" itemscope=\"\" itemtype=\"http:\/\/schema.org\/Organization\"><span itemprop=\"name\">MoverDB.com<\/span><\/span> Recensione del sito web online per <span itemprop=\"itemreviewed\" itemscope=\"\" itemtype=\"http:\/\/schema.org\/Brand\"><span itemprop=\"name\">North American Van Lines<\/span><\/span>:<\/p>\n<ol>\n<li> Dettagli di contatto chiari sul sito web (compreso il numero di telefono): <strong>S\u00ec<\/strong><\/li>\n<li> Facile da ottenere <a href=\"https:\/\/moverdb.com\/it\/citazioni\/\">preventivi di trasloco internazionale<\/a>? (Modulo di richiesta di preventivo online): <strong>S\u00ec<\/strong><\/li>\n<li> Informazioni chiare sul sito web: <strong>S\u00ec<\/strong>, un sacco di informazioni per le mosse nazionali e internazionali.<\/li>\n<li> Appartenenza a organizzazioni internazionali riconosciute per il movimento: <strong>S\u00ec<\/strong>, vedi sopra<\/li>\n<li> Elenco di clienti e\/o testimonianze di clienti precedenti. <strong>S\u00ec,<\/strong> ci sono molte testimonianze sulla pagina, ma la maggior parte sono piuttosto brevi.<\/li>\n<\/ol>\n<div itemprop=\"reviewRating\" itemscope itemtype=\"http:\/\/schema.org\/Rating\"><meta itemprop=\"worstRating\" content = \"0\" \/><meta itemprop=\"bestRating\" content=\"4.5\" \/><meta itemprop=\"ratingValue\" content=\"5\"><\/div>\n<p><strong>Punteggio complessivo: 4,5\/5<\/strong><br \/>\n<strong>Data di revisione:<\/strong> <span itemprop=\"datePublished\" content=\"2016-08-24\">04\/08\/2016<\/span>\n<\/div>\n<p>Per saperne di pi\u00f9 <a href=\"https:\/\/moverdb.com\/it\/aziende-di-traslochi\/\">traslochi internazionali<\/a>, <a href=\"https:\/\/moverdb.com\/it\/us-canada-movers\/\">Traslocatori canadesi e statunitensi<\/a> e il nostro <a href=\"https:\/\/moverdb.com\/it\/recensioni\/\">processo di revisione in movimento<\/a>.<\/p>\n<p><strong>Siti web:<\/strong><br \/>\n<a href=\"https:\/\/moverdb.com\/it\/moving-to-the-united-states\/\" data-internallinksmanager029f6b8e52c=\"94\" title=\"Trasferirsi negli Stati Uniti? 2026 Costi di vita e consigli per il trasferimento\">US<\/a>: <a href=\"https:\/\/www.northamerican.com\/\" target=\"_blank\" rel=\"noopener\">https:\/\/www.northamerican.com\/<\/a><br \/>\n<a href=\"https:\/\/moverdb.com\/it\/moving-to-canada\/\" data-internallinksmanager029f6b8e52c=\"265\" title=\"Trasferirsi in Canada? 2026 Costi di vita e consigli per il trasferimento\">Canada<\/a>: <a href=\"http:\/\/www.northamericanvanlines.ca\/\" target=\"_blank\" rel=\"noopener\">http:\/\/www.northamericanvanlines.ca\/<\/a><\/p>","protected":false},"excerpt":{"rendered":"<p>North American Van Lines offer their customers services for international, corporate and domestic moves. A list of these services follows, together with a company profile and reviews. International Moving for Individuals and Companies Door to door service Packing, padding and protecting belongings Disassembling furniture Ship containers for every application Advice on what to pack and [&hellip;]<\/p>\n","protected":false},"author":1,"featured_media":0,"parent":0,"menu_order":0,"comment_status":"closed","ping_status":"closed","template":"","meta":{"_genesis_hide_title":false,"_genesis_hide_breadcrumbs":false,"_genesis_hide_singular_image":false,"_genesis_hide_footer_widgets":false,"_genesis_custom_body_class":"","_genesis_custom_post_class":"","_genesis_layout":"","footnotes":""},"class_list":{"0":"post-1075","1":"page","2":"type-page","3":"status-publish","5":"entry"},"_links":{"self":[{"href":"https:\/\/moverdb.com\/it\/wp-json\/wp\/v2\/pages\/1075","targetHints":{"allow":["GET"]}}],"collection":[{"href":"https:\/\/moverdb.com\/it\/wp-json\/wp\/v2\/pages"}],"about":[{"href":"https:\/\/moverdb.com\/it\/wp-json\/wp\/v2\/types\/page"}],"author":[{"embeddable":true,"href":"https:\/\/moverdb.com\/it\/wp-json\/wp\/v2\/users\/1"}],"replies":[{"embeddable":true,"href":"https:\/\/moverdb.com\/it\/wp-json\/wp\/v2\/comments?post=1075"}],"version-history":[{"count":11,"href":"https:\/\/moverdb.com\/it\/wp-json\/wp\/v2\/pages\/1075\/revisions"}],"predecessor-version":[{"id":6227,"href":"https:\/\/moverdb.com\/it\/wp-json\/wp\/v2\/pages\/1075\/revisions\/6227"}],"wp:attachment":[{"href":"https:\/\/moverdb.com\/it\/wp-json\/wp\/v2\/media?parent=1075"}],"curies":[{"name":"wp","href":"https:\/\/api.w.org\/{rel}","templated":true}]}}