{"id":1042,"date":"2016-10-24T05:23:18","date_gmt":"2016-10-24T05:23:18","guid":{"rendered":"http:\/\/moverdb.com\/?page_id=1042"},"modified":"2026-01-08T14:48:06","modified_gmt":"2026-01-08T14:48:06","slug":"covan-world-wide","status":"publish","type":"page","link":"https:\/\/moverdb.com\/it\/covan-world-wide\/","title":{"rendered":"Covan Worldwide Moving: Recensioni sul trasloco internazionale"},"content":{"rendered":"<p>Covan Worldwide Moving offre ai suoi clienti una vasta gamma di servizi. Questi sono elencati di seguito, insieme a un profilo aziendale e alle recensioni.<\/p>\n<p><strong>Traslochi internazionali<\/strong><\/p>\n<ul>\n<li> Preventivo gratuito a domicilio<\/li>\n<li> Servizio completo di imballaggio o imballaggio solo per fragili<\/li>\n<li> Imballaggio personalizzato<\/li>\n<li> <a href=\"https:\/\/moverdb.com\/it\/auto-trasporto-spedizione\/\">Spedizione di veicoli<\/a> (come parte di un trasloco familiare e\/o indipendentemente da esso)<\/li>\n<li> Spedizione di pianoforte (come parte di un trasloco domestico e\/o indipendentemente da esso)<\/li>\n<li> Stretch-Wrapping gratuito di mobili; protezione di porte e pavimenti<\/li>\n<li> Trasporto aereo<\/li>\n<li> Sdoganamento<\/li>\n<li> Servizi di destinazione (smontaggio\/rimontaggio, ecc.)<\/li>\n<li> Tracciamento della spedizione online<\/li>\n<li> Opzioni di assicurazione di valutazione<\/li>\n<li> Servizi di stoccaggio a lungo o a breve termine<\/li>\n<\/ul>\n<p><strong>Trasferimento aziendale<\/strong><\/p>\n<ul>\n<li> Stime gratuite a domicilio<\/li>\n<li> Sondaggio pre-spostamento<\/li>\n<li> Contatto unico<\/li>\n<li> Imballaggio completo o parziale<\/li>\n<li> Imballaggio personalizzato<\/li>\n<li> Disimballaggio\/disimballaggio<\/li>\n<li> Servizi di smontaggio\/rimontaggio di elettrodomestici - orologi a pendolo, attrezzature per il fitness, ecc.<\/li>\n<li> Spostamento di pianoforte (Nota: questo pu\u00f2 anche essere eseguito indipendentemente da un trasloco di casa)<\/li>\n<li> Spostamento di veicoli (Nota: questo pu\u00f2 anche essere eseguito indipendentemente da un trasloco di casa)<\/li>\n<li> Opzioni di stoccaggio a lungo o a breve termine<\/li>\n<li> Tracciamento della spedizione online<\/li>\n<li> Gestione degli spostamenti<\/li>\n<li> Opzioni di assicurazione di valutazione<\/li>\n<li> Aiuto per lo sdoganamento per i traslochi all'estero<\/li>\n<li> Servizi di destinazione<\/li>\n<\/ul>\n<p><strong>Governo e militari<\/strong><\/p>\n<ul>\n<li> Preventivo gratuito a domicilio<\/li>\n<li> Servizio completo di imballaggio<\/li>\n<li> Vendita di materiale da imballaggio<\/li>\n<li> <a href=\"https:\/\/moverdb.com\/it\/car-transport-shipping\/\" data-internallinksmanager029f6b8e52c=\"2\" title=\"2026 Preventivi per il trasporto internazionale di auto e veicoli\">Spedizione di veicoli<\/a><\/li>\n<li> Spedizione di pianoforti<\/li>\n<li> Servizi di stoccaggio a lungo o a breve termine<\/li>\n<li> Servizi di terzi (eseguiamo tutti i tipi di montaggio\/smontaggio - lavastoviglie, frigorifero, luci, TV, stereo, quadri, letti, armadi ecc.)<\/li>\n<li> Tracciamento della spedizione online per i traslochi a lunga distanza<\/li>\n<li> Opzioni di assicurazione di valutazione<\/li>\n<\/ul>\n<p><strong>Traslochi commerciali<\/strong><\/p>\n<ul>\n<li> Spostamento industriale<\/li>\n<li> Spostamento di uffici<\/li>\n<li> Governo in movimento<\/li>\n<li> Computer\/Elettronica in movimento<\/li>\n<li> Trasferimento aziendale - servizio completo<\/li>\n<\/ul>\n<p><strong>Traslochi nazionali<\/strong><\/p>\n<ul>\n<li> Preventivo e piano di pre-spostamento<\/li>\n<li> Imballaggio - servizio completo, oggetti fragili o self-packing<\/li>\n<li> Scaricare, disimballare e sistemare le cose<\/li>\n<li> Spostare qualsiasi oggetto - pianoforte, auto, barca e altro<\/li>\n<\/ul>\n<h2>Profilo dell'azienda Covan Worldwide Moving<\/h2>\n<p>Covan Worldwide Moving ha iniziato nel 1914 a Hutchinson, KS con il nome di Merchants Transfer and Storage. J.M. Coleman, il fondatore dell'azienda, inizi\u00f2 con quattro vagoni e otto cavalli. Oggi ci sono 50 uffici e oltre 400 agenti in tutto il mondo. <\/p>\n<p>Covan ha pi\u00f9 di 200 unit\u00e0 operative interstatali e 600 per i movimenti locali. La sua missione \u00e8 quella di essere il leader nei servizi di trasporto internazionale e di raggiungere la soddisfazione del cliente 100%.<\/p>\n<p>Covan World-Wide Moving ha le seguenti affiliazioni e accreditamenti:<\/p>\n<ul>\n<li> <a href=\"https:\/\/moverdb.com\/it\/amsa\/\">Associazione americana di trasloco e stoccaggio<\/a> (<a href=\"https:\/\/moverdb.com\/it\/amsa\/\" data-internallinksmanager029f6b8e52c=\"5\" title=\"L&#039;associazione americana di trasloco e stoccaggio (AMSA) spiegata\">AMSA<\/a>)<\/li>\n<li> <a href=\"https:\/\/moverdb.com\/it\/rim-promover\/\">ProMover<\/a><\/li>\n<li> <a href=\"https:\/\/moverdb.com\/it\/sono\/\">Associazione internazionale dei traslocatori<\/a> (<a href=\"https:\/\/moverdb.com\/it\/iam\/\" data-internallinksmanager029f6b8e52c=\"23\" title=\"Spiegazione dell&#039;Associazione Internazionale dei Traslocatori (IAM)\">IAM<\/a>)<\/li>\n<li> <a href=\"https:\/\/moverdb.com\/it\/rim-promover\/\">Traslocatore internazionale registrato<\/a> (<a href=\"https:\/\/moverdb.com\/it\/rim-promover\/\" data-internallinksmanager029f6b8e52c=\"76\" title=\"La certificazione internazionale ProMover di RIM spiegata\">RIM<\/a>)<\/li>\n<li> Accreditato BBB<\/li>\n<\/ul>\n<p><strong>Covan Worldwide Moving Recensioni<\/strong><\/p>\n<p><strong>Positivo:<\/strong><\/p>\n<ul>\n<li> <em>\"Abbiamo chiesto a Covan di imballare i nostri oggetti a Norfolk VA per essere spediti dall'altra parte del mondo a Guam. Avevo sentito storie orribili di traslocatori che imballano gli oggetti e li fanno arrivare rotti e\/o mancanti. Tutti i nostri oggetti erano presenti e in ottime condizioni, NULLA era rotto o deformato in alcun modo!<\/em> - David S <a href=\"http:\/\/www.covan.com\/moving-reviews\/alabama-2519665061024629999\/\" target=\"_blank\" rel=\"noopener\">testimonianza del cliente<\/a><\/li>\n<li> <em>\"Non posso credere che lo sto facendo solo ora, ma volevo solo condividere alcune osservazioni positive sul <a href=\"https:\/\/moverdb.com\/it\/moving-companies\/\" data-internallinksmanager029f6b8e52c=\"79\" title=\"Le 25 migliori aziende di traslochi internazionali online\">azienda di traslochi<\/a> Covan Worldwide Moving. Sono stati molto rispettosi e hanno reso il processo di imballaggio fluido e persino divertente!<\/em> - Emily S via <a href=\"https:\/\/www.yelp.com\/biz\/covan-world-wide-moving-kapolei?hrid=ehsMVfnz3q1xKBP5KHJCxg&#038;utm_campaign=www_review_share_popup&#038;utm_medium=copy_link&#038;utm_source=(direct)\" target=\"_blank\" rel=\"noopener\">Yelp<\/a><\/li>\n<\/ul>\n<p><strong>Negativo:<\/strong><\/p>\n<ul>\n<li> <em>\"Se fosse possibile non dare nessuna stella, lo farei. Non ho mai lasciato una recensione negativa per nessuno perch\u00e9 non sono una che si lamenta, ma questo \u00e8 di gran lunga il peggior trasloco PCS che abbia mai sperimentato. Da dove comincio?\"<\/em> - Lillian H. via <a href=\"https:\/\/www.yelp.com\/biz\/covan-world-wide-moving-kapolei?hrid=rRlVAPr2uu0AYHtD7q-oBw&#038;utm_campaign=www_review_share_popup&#038;utm_medium=copy_link&#038;utm_source=(direct)\" target=\"_blank\" rel=\"noopener\">Yelp<\/a>.\n<\/ul>\n<div itemprop=\"review\" itemscope itemtype=\"http:\/\/schema.org\/Review\">\n<span itemprop=\"author\" itemscope=\"\" itemtype=\"http:\/\/schema.org\/Organization\"><span itemprop=\"name\">MoverDB.com<\/span><\/span> Recensione del sito web online per <span itemprop=\"itemreviewed\" itemscope=\"\" itemtype=\"http:\/\/schema.org\/Brand\"><span itemprop=\"name\">Covan Worldwide Moving<\/span><\/span>:<\/p>\n<ol>\n<li> Dettagli di contatto chiari sul sito web (compreso il numero di telefono): <strong>S\u00ec<\/strong><\/li>\n<li> Facile da ottenere <a href=\"https:\/\/moverdb.com\/it\/citazioni\/\">preventivi di trasloco internazionale<\/a>? (Modulo di richiesta di preventivo online): <strong>S\u00ec<\/strong><\/li>\n<li> Informazioni chiare sul sito web: <strong>S\u00ec<\/strong>Il sito web d\u00e0 ai clienti una buona idea di cosa aspettarsi dall'azienda.<\/li>\n<li> Appartenenza a organizzazioni internazionali riconosciute per il movimento: <strong>S\u00ec<\/strong>, vedi sopra<\/li>\n<li> Elenco di clienti e\/o testimonianze di clienti precedenti: <strong>S\u00ec<\/strong>Ci sono molte testimonianze positive dei clienti sul sito, ma le recensioni sul resto del web sembrano per lo pi\u00f9 negative.<\/li>\n<\/ol>\n<div itemprop=\"reviewRating\" itemscope itemtype=\"http:\/\/schema.org\/Rating\"><meta itemprop=\"worstRating\" content = \"0\" \/><meta itemprop=\"bestRating\" content=\"5\" \/><meta itemprop=\"ratingValue\" content=\"4\"><\/div>\n<p><strong>Punteggio complessivo: 4\/5<\/strong><br \/>\n<strong>Data di revisione:<\/strong> <span itemprop=\"datePublished\" content=\"2016-10-24\">24\/10\/2016<\/span>\n<\/div>\n<p>Per saperne di pi\u00f9 <a href=\"https:\/\/moverdb.com\/it\/aziende-di-traslochi\/\">societ\u00e0 di traslochi internazionali<\/a>, <a href=\"https:\/\/moverdb.com\/it\/us-canada-movers\/\">Traslocatori americani<\/a> e il nostro <a href=\"https:\/\/moverdb.com\/it\/recensioni\/\">processo di revisione<\/a>.<\/p>\n<p><strong>Sito web:<\/strong> <a href=\"http:\/\/www.covan.com\" target=\"_blank\" rel=\"noopener\">http:\/\/www.covan.com<\/a><\/p>","protected":false},"excerpt":{"rendered":"<p>Covan Worldwide Moving offers its clients a wide range of services. These are listed below, together with a company profile and reviews. International Movers Free In-Home Estimate Full-Service Packing OR Fragile-Only Packing Custom Crating Vehicle Shipping (as part of a household move and\/or independently of one) Piano Shipping (as part of a household move and\/or [&hellip;]<\/p>\n","protected":false},"author":1,"featured_media":0,"parent":0,"menu_order":0,"comment_status":"closed","ping_status":"closed","template":"","meta":{"_genesis_hide_title":false,"_genesis_hide_breadcrumbs":false,"_genesis_hide_singular_image":false,"_genesis_hide_footer_widgets":false,"_genesis_custom_body_class":"","_genesis_custom_post_class":"","_genesis_layout":"","footnotes":""},"class_list":{"0":"post-1042","1":"page","2":"type-page","3":"status-publish","5":"entry"},"_links":{"self":[{"href":"https:\/\/moverdb.com\/it\/wp-json\/wp\/v2\/pages\/1042","targetHints":{"allow":["GET"]}}],"collection":[{"href":"https:\/\/moverdb.com\/it\/wp-json\/wp\/v2\/pages"}],"about":[{"href":"https:\/\/moverdb.com\/it\/wp-json\/wp\/v2\/types\/page"}],"author":[{"embeddable":true,"href":"https:\/\/moverdb.com\/it\/wp-json\/wp\/v2\/users\/1"}],"replies":[{"embeddable":true,"href":"https:\/\/moverdb.com\/it\/wp-json\/wp\/v2\/comments?post=1042"}],"version-history":[{"count":5,"href":"https:\/\/moverdb.com\/it\/wp-json\/wp\/v2\/pages\/1042\/revisions"}],"predecessor-version":[{"id":6197,"href":"https:\/\/moverdb.com\/it\/wp-json\/wp\/v2\/pages\/1042\/revisions\/6197"}],"wp:attachment":[{"href":"https:\/\/moverdb.com\/it\/wp-json\/wp\/v2\/media?parent=1042"}],"curies":[{"name":"wp","href":"https:\/\/api.w.org\/{rel}","templated":true}]}}