{"id":1041,"date":"2016-10-25T05:39:31","date_gmt":"2016-10-25T05:39:31","guid":{"rendered":"http:\/\/moverdb.com\/?page_id=1041"},"modified":"2026-01-08T14:47:33","modified_gmt":"2026-01-08T14:47:33","slug":"armstrong-relocation","status":"publish","type":"page","link":"https:\/\/moverdb.com\/it\/armstrong-relocation\/","title":{"rendered":"Trasloco Armstrong: Recensioni sul trasloco internazionale"},"content":{"rendered":"<p>Armstrong Relocation ha un'abbondanza di servizi di trasloco che offre ai suoi clienti. Questi sono elencati di seguito insieme a un profilo aziendale e alle recensioni.<\/p>\n<p><strong>Servizi di trasloco internazionale<\/strong><\/p>\n<ul>\n<li> Pianificazione pre-spostamento<\/li>\n<li> Gestione personale del trasloco e pianificazione personalizzata del trasloco<\/li>\n<li> Pacchetto gratuito di preparazione al trasloco<\/li>\n<li> Imballaggio\/disimballaggio completo o parziale<\/li>\n<li> Imballaggio e imballaggio speciale<\/li>\n<li> Protezione della propriet\u00e0<\/li>\n<li> Trasporto aereo, marittimo e\/o terrestre<\/li>\n<li> Documentazione di esportazione o importazione<\/li>\n<li> <a href=\"https:\/\/moverdb.com\/it\/spedizioniere\/\">Spedizione merci<\/a><\/li>\n<li> Sdoganamento<\/li>\n<li> Servizi di destinazione<\/li>\n<li> Monitoraggio dei movimenti online<\/li>\n<li> Copertura della valutazione<\/li>\n<li> Gestione dei reclami<\/li>\n<li> Stoccaggio a breve e lungo termine<\/li>\n<li> Rimozione dei detriti<\/li>\n<\/ul>\n<p><strong>Servizi di destinazione internazionale<\/strong><\/p>\n<ul>\n<li> Orientamento<\/li>\n<li> Consultazione pre-decisione<\/li>\n<li> Assistenza per la sicurezza sociale e la patente di guida<\/li>\n<li> Assistenza alla firma del contratto di locazione<\/li>\n<li> Assistenza per l'ispezione di trasloco<\/li>\n<li> Programma di anteprima\/viaggio di familiarizzazione<\/li>\n<li> Assistenza per l'acquisto della casa<\/li>\n<li> Servizio completo di ricerca della casa<\/li>\n<li> Noleggio con scorta<\/li>\n<li> Analisi del costo della vita (COLA)<\/li>\n<li> Assistenza scolastica<\/li>\n<li> Assistenza per l'insediamento<\/li>\n<li> Servizi di partenza<\/li>\n<\/ul>\n<p><strong>Spostamenti aziendali<\/strong><\/p>\n<ul>\n<li> Consulenza e sviluppo delle politiche<\/li>\n<li> Gestione del trasloco di merci per la casa<\/li>\n<li> Gruppo in movimento<\/li>\n<li> Somma forfettaria<\/li>\n<li> Movimentazione di beni domestici<\/li>\n<li> <a href=\"https:\/\/moverdb.com\/it\/container-shipping\/\">Servizio completo di spedizione di container<\/a><\/li>\n<li> Rapporti personalizzati<\/li>\n<li> Monitoraggio dei movimenti online<\/li>\n<li> Copertura della valutazione<\/li>\n<li> Gestione dei reclami<\/li>\n<li> Stoccaggio a breve e lungo termine<\/li>\n<li> Imballaggio e imballaggio speciale<\/li>\n<li> Servizi di concierge di livello esecutivo<\/li>\n<li> Declutter, allestimento e organizzazione<\/li>\n<li> Servizi di connessione alle utenze<\/li>\n<li> Selezione dell'agente immobiliare e piano di marketing della casa<\/li>\n<li> Rimborso in contanti sulla vendita e l'acquisto di una casa<\/li>\n<li> Pacchetto informativo gratuito sulla destinazione<\/li>\n<li> Soggiorno temporaneo<\/li>\n<li> Assistenza ipotecaria<\/li>\n<\/ul>\n<p><strong>Traslochi residenziali<\/strong><\/p>\n<ul>\n<li> Preventivo gratuito<\/li>\n<li> Gestione e pianificazione dello spostamento<\/li>\n<li> Coordinatore di trasloco dedicato<\/li>\n<li> Imballaggio\/disimballaggio completo o parziale<\/li>\n<li> Protezione della propriet\u00e0<\/li>\n<li> Materiali d'imballaggio<\/li>\n<li> Movimentazione di beni domestici<\/li>\n<li> Copertura assicurativa<\/li>\n<li> Stoccaggio a breve\/lungo termine<\/li>\n<li> Servizi di imballaggio<\/li>\n<li> Opzione di trasloco a servizio completo<\/li>\n<li> Servizio di connessione alle utenze<\/li>\n<li> Piani di vendita\/acquisto di case in contanti<\/li>\n<li> Allestimento e organizzazione<\/li>\n<\/ul>\n<p><strong>Spostamenti di strutture<\/strong><\/p>\n<ul>\n<li> Ufficio<\/li>\n<li> Industriale<\/li>\n<li> Sanit\u00e0<\/li>\n<li> Governo<\/li>\n<\/ul>\n<h2>Profilo dell'azienda Armstrong Relocation<\/h2>\n<p>Armstrong Transfer and Storage \u00e8 stata fondata nel 1922 e nel 1957 \u00e8 stata acquistata dai cognati Clyde Springer e Jim Watson, che hanno avviato le attivit\u00e0 a Memphis, <a href=\"https:\/\/moverdb.com\/it\/moving-to-the-united-states\/moving-to-tennessee\/\" data-internallinksmanager029f6b8e52c=\"406\" title=\"Trasferirsi in Tennessee? 2026 Costi della vita e consigli per il trasferimento\">Tennessee<\/a> e chiamarono l'azienda Armstrong Relocation. Oggi \u00e8 ancora gestita a livello familiare dalla terza generazione di questi due signori. <\/p>\n<p>Armstrong Relocation \u00e8 oggi il pi\u00f9 grande agente di merci per <a href=\"https:\/\/moverdb.com\/it\/united-van-lines\/\">United Van Lines<\/a> e ha 22 uffici nel <a href=\"https:\/\/moverdb.com\/it\/moving-to-the-united-states\/\" data-internallinksmanager029f6b8e52c=\"94\" title=\"Trasferirsi negli Stati Uniti? 2026 Costi di vita e consigli per il trasferimento\">US<\/a>e una catena di agenti in tutto il mondo per gestire i clienti internazionali. La missione di Armstrong Relocation consiste nel garantire l'eccellenza della qualit\u00e0 e la soddisfazione del cliente.<\/p>\n<p>Armstrong Relocation ha le seguenti affiliazioni e accreditamenti:<\/p>\n<ul>\n<li> <a href=\"https:\/\/moverdb.com\/it\/british-association-of-removers\/\">Associazione britannica dei traslocatori<\/a> (<a href=\"https:\/\/moverdb.com\/it\/british-association-of-removers\/\" data-internallinksmanager029f6b8e52c=\"9\" title=\"La British Association of Removers (BAR) spiegata\">BAR<\/a>)<\/li>\n<li> <a href=\"https:\/\/moverdb.com\/it\/fidi-faim\/\">Federazione delle societ\u00e0 di traslochi internazionali<\/a> (<a href=\"https:\/\/moverdb.com\/it\/fidi-faim\/\" data-internallinksmanager029f6b8e52c=\"16\" title=\"FIDI e FAIM (FIDI Accredited International Mover) spiegati\">FIDI<\/a>)<\/li>\n<li> Forum per la gestione degli espatriati<\/li>\n<li> Vettore aereo indiretto<\/li>\n<li> <a href=\"https:\/\/moverdb.com\/it\/iata\/\">Associazione internazionale del trasporto aereo<\/a> (<a href=\"https:\/\/moverdb.com\/it\/iata\/\" data-internallinksmanager029f6b8e52c=\"22\" title=\"Spiegazione dell&#039;Associazione Internazionale del Trasporto Aereo (IATA)\">IATA<\/a>)<\/li>\n<li> <a href=\"https:\/\/moverdb.com\/it\/sono\/\">Associazione internazionale dei traslocatori<\/a> (<a href=\"https:\/\/moverdb.com\/it\/iam\/\" data-internallinksmanager029f6b8e52c=\"23\" title=\"Spiegazione dell&#039;Associazione Internazionale dei Traslocatori (IAM)\">IAM<\/a>)<\/li>\n<li> Associazione internazionale di gestione delle strutture<\/li>\n<li> Organizzazione internazionale per la standardizzazione<\/li>\n<li> <a href=\"https:\/\/moverdb.com\/it\/lacma\/\">Associazione dei Traslocatori Internazionali dell'America Latina e dei Caraibi<\/a> (<a href=\"https:\/\/moverdb.com\/it\/lacma\/\" data-internallinksmanager029f6b8e52c=\"28\" title=\"Associazione dei Traslocatori Internazionali dell&#039;America Latina e dei Caraibi (LACMA)\">LACMA<\/a>)<\/li>\n<li> Overseas Moving Network International (OMNI)<\/li>\n<li> Associazione degli spedizionieri d'oltremare (OSA) - Membro fondatore<\/li>\n<li> Societ\u00e0 per la gestione delle risorse umane<\/li>\n<li> U.S. Customs and Border Protection<\/li>\n<li> <a href=\"https:\/\/moverdb.com\/it\/employee-relocation-council\/\">Consiglio mondiale per la ricollocazione dei dipendenti<\/a><\/li>\n<li> Smartway<\/li>\n<li> <a href=\"https:\/\/moverdb.com\/it\/united-van-lines\/\">United Van Lines<\/a><\/li>\n<\/ul>\n<h2>Armstrong Relocation Recensioni<\/h2>\n<p><strong>Positivo:<\/strong><\/p>\n<ul>\n<li> <em>\"La squadra Armstrong ha davvero reso il trasloco un'esperienza piacevole!<\/em> Kay T via <a href=\"https:\/\/www.yelp.com\/biz\/armstrong-relocation-carrollton-4?hrid=LJyHKGw95UdYmBHHZwyr5Q&#038;utm_campaign=www_review_share_popup&#038;utm_medium=copy_link&#038;utm_source=(direct)\" target=\"_blank\" rel=\"noopener\">Yelp<\/a><\/li>\n<li> <em>\"Non posso credere a quanto sia stato facile il mio trasferimento. \u00c8 stato facile e non mi sono stressato. Erin si \u00e8 assicurata che avessi tutte le informazioni di cui avevo bisogno in ogni momento e mi ha chiamato spesso per controllare. Se mai dovessi trovarmi di nuovo nella situazione di dover traslocare, user\u00f2 certamente Armstrong Relation per farlo!\"<\/em> - Bfunte via <a href=\"http:\/\/www.mymovingreviews.com\/movers\/armstrong-relocation-2671#50688\" target=\"_blank\" rel=\"noopener\">MyMovingReviews.com<\/a> <\/li>\n<li> <em>\"Il nostro team Armstrong \u00e8 stato eccezionale! Hanno fornito un servizio clienti eccezionale e sono stati cordiali, disponibili, ben organizzati, efficienti e professionali. Sono stati il miglior team di traslochi che abbiamo mai avuto!\".<\/em> - Testimonianza del cliente M.M dal sito web Armstrong<\/li>\n<\/ul>\n<p><strong>Negativo:<\/strong><\/p>\n<ul>\n<li> \"<em>Vorrei poter dare loro zero stelle. \u00c8 stata la peggiore esperienza della mia vita\".<\/em> Natalie M via <a href=\"https:\/\/www.yelp.com\/biz\/armstrong-relocation-carrollton-4?hrid=caooXxcr-ZmkltnMtL6R_g&#038;utm_campaign=www_review_share_popup&#038;utm_medium=copy_link&#038;utm_source=(direct)\" target=\"_blank\" rel=\"noopener\">Yelp<\/a><\/li>\n<li> <em>\"Penso che, per un trasloco locale, Armstrong possa essere una scelta ragionevole. Tuttavia, per i traslochi pi\u00f9 lunghi, devono fare un lavoro migliore nella stima della finestra di consegna e nella comunicazione con l'agente per la consegna\".<\/em> - tramite <a href=\"http:\/\/www.bbb.org\/chicago\/business-reviews\/movers\/armstrong-relocation-co-in-glendale-hts-il-12008868\/customer-reviews\" target=\"_blank\" rel=\"noopener\">BBB<\/a><\/li>\n<li> <em>\"Sono cos\u00ec arrabbiata con loro. Hanno spacchettato tutta la mia roba che avevo in soffitta. Il che va bene perch\u00e9 non voglio che si rompa. Ma era tutto mischiato\".<\/em> - Mistie via <a href=\"https:\/\/www.facebook.com\/ArmstrongRelocationDallas\/reviews\/\" target=\"_blank\" rel=\"noopener\">Facebook<\/a><\/li>\n<\/ul>\n<div itemprop=\"review\" itemscope itemtype=\"http:\/\/schema.org\/Review\">\n<span itemprop=\"author\" itemscope=\"\" itemtype=\"http:\/\/schema.org\/Organization\"><span itemprop=\"name\">MoverDB.com<\/span><\/span> Recensione del sito web online per <span itemprop=\"itemreviewed\" itemscope=\"\" itemtype=\"http:\/\/schema.org\/Brand\"><span itemprop=\"name\">Trasferimento Armstrong<\/span><\/span>:<\/p>\n<ol>\n<li> Dettagli di contatto chiari sul sito web (compreso il numero di telefono): <strong>S\u00ec<\/strong><\/li>\n<li> Facile da ottenere <a href=\"https:\/\/moverdb.com\/it\/citazioni\/\">preventivi di trasloco internazionale<\/a>? (Modulo di richiesta di preventivo online): <strong>S\u00ec<\/strong><\/li>\n<li> Informazioni chiare sul sito web: <strong>S\u00ec<\/strong>Il sito web d\u00e0 ai clienti una buona idea di cosa aspettarsi dall'azienda.<\/li>\n<li> Appartenenza a organizzazioni internazionali riconosciute per il movimento: <strong>S\u00ec<\/strong>, molti, vedi sopra<\/li>\n<li> Elenco di clienti e\/o testimonianze di clienti precedenti: <strong>S\u00ec<\/strong>ma questi si trovano sparsi per il sito e non su una landing page dedicata. Inoltre, le loro recensioni da tutto il web sono un po' miste.<\/li>\n<\/ol>\n<div itemprop=\"reviewRating\" itemscope itemtype=\"http:\/\/schema.org\/Rating\"><meta itemprop=\"worstRating\" content = \"0\" \/><meta itemprop=\"bestRating\" content=\"5\" \/><meta itemprop=\"ratingValue\" content=\"4\"><\/div>\n<p><strong>Punteggio complessivo: 4\/5<\/strong><br \/>\n<strong>Data di revisione:<\/strong> <span itemprop=\"datePublished\" content=\"2016-10-25\">25\/10\/2016<\/span>\n<\/div>\n<p>Per saperne di pi\u00f9 <a href=\"https:\/\/moverdb.com\/it\/aziende-di-traslochi\/\">societ\u00e0 di traslochi internazionali<\/a>, <a href=\"https:\/\/moverdb.com\/it\/us-canada-movers\/\">Traslochi a lunga distanza e interstatali<\/a> e il nostro <a href=\"https:\/\/moverdb.com\/it\/recensioni\/\">processo di revisione<\/a>.<\/p>\n<p><strong>Sito web:<\/strong> <a href=\"http:\/\/www.armstrongrelocation.com\" target=\"_blank\" rel=\"noopener\">http:\/\/www.armstrongrelocation.com<\/a><\/p>","protected":false},"excerpt":{"rendered":"<p>Armstrong Relocation has an abundance of moving services which it offers its customers. These are listed below together with a company profile and reviews. International Moving Services Pre-move planning Personal move management and custom-designed move planning Free move preparation packet Full or partial packing\/unpacking Crating and specialty packing Property protection Air, ocean and\/or land transportation [&hellip;]<\/p>\n","protected":false},"author":1,"featured_media":0,"parent":0,"menu_order":0,"comment_status":"closed","ping_status":"closed","template":"","meta":{"_genesis_hide_title":false,"_genesis_hide_breadcrumbs":false,"_genesis_hide_singular_image":false,"_genesis_hide_footer_widgets":false,"_genesis_custom_body_class":"","_genesis_custom_post_class":"","_genesis_layout":"","footnotes":""},"class_list":{"0":"post-1041","1":"page","2":"type-page","3":"status-publish","5":"entry"},"_links":{"self":[{"href":"https:\/\/moverdb.com\/it\/wp-json\/wp\/v2\/pages\/1041","targetHints":{"allow":["GET"]}}],"collection":[{"href":"https:\/\/moverdb.com\/it\/wp-json\/wp\/v2\/pages"}],"about":[{"href":"https:\/\/moverdb.com\/it\/wp-json\/wp\/v2\/types\/page"}],"author":[{"embeddable":true,"href":"https:\/\/moverdb.com\/it\/wp-json\/wp\/v2\/users\/1"}],"replies":[{"embeddable":true,"href":"https:\/\/moverdb.com\/it\/wp-json\/wp\/v2\/comments?post=1041"}],"version-history":[{"count":3,"href":"https:\/\/moverdb.com\/it\/wp-json\/wp\/v2\/pages\/1041\/revisions"}],"predecessor-version":[{"id":6174,"href":"https:\/\/moverdb.com\/it\/wp-json\/wp\/v2\/pages\/1041\/revisions\/6174"}],"wp:attachment":[{"href":"https:\/\/moverdb.com\/it\/wp-json\/wp\/v2\/media?parent=1041"}],"curies":[{"name":"wp","href":"https:\/\/api.w.org\/{rel}","templated":true}]}}