{"id":1040,"date":"2016-11-21T22:14:01","date_gmt":"2016-11-21T22:14:01","guid":{"rendered":"http:\/\/moverdb.com\/?page_id=1040"},"modified":"2026-01-08T14:40:11","modified_gmt":"2026-01-08T14:40:11","slug":"mccollisters-moving","status":"publish","type":"page","link":"https:\/\/moverdb.com\/it\/mccollisters-moving\/","title":{"rendered":"Gruppo di trasporto McCollister: Recensioni sul trasloco internazionale"},"content":{"rendered":"<p>McCollister's Transportation Group \u00e8 un agente di UniGroup. L'azienda offre ai suoi clienti molti servizi di trasloco che sono elencati di seguito, insieme a un profilo aziendale e alle recensioni.<\/p>\n<p><strong>Spostamenti internazionali<\/strong><\/p>\n<ul>\n<li> Coordinatore logistico dedicato<\/li>\n<li> Servizio porta a porta<\/li>\n<li> Servizio completo<\/li>\n<li> Servizio furgone Air Ride<\/li>\n<li> Trasporto aereo e marittimo<\/li>\n<li> Stoccaggio a breve e lungo termine<\/li>\n<\/ul>\n<p><strong>Spostamenti commerciali<\/strong><\/p>\n<ul>\n<li> Trasferimento di uffici\/strutture<\/li>\n<li> Trasferimento di data center e servizi IT<\/li>\n<li> Operazioni nello spazio interno<\/li>\n<li> Mobili del sistema<\/li>\n<li> Magazzino commerciale<\/li>\n<li> Stoccaggio a breve e lungo termine<\/li>\n<\/ul>\n<p><strong>Traslochi per la casa<\/strong><\/p>\n<ul>\n<li> Spostamenti residenziali<\/li>\n<li> Mosse militari<\/li>\n<li> Mosse fai da te<\/li>\n<li> UPASS per gli studenti<\/li>\n<li> Trasferimenti aziendali<\/li>\n<li> Servizio completo<\/li>\n<li> Porta a porta<\/li>\n<li> Stoccaggio a breve e lungo termine<\/li>\n<\/ul>\n<p><strong>Specialit\u00e0 di trasporto<\/strong><\/p>\n<ul>\n<li> Trasferimento di attrezzature mediche<\/li>\n<li> Trasporto congelato\/criogenico<\/li>\n<li> Arte e antiquariato<\/li>\n<li> Fiere commerciali<\/li>\n<li> Industria solare<\/li>\n<li> Guanto bianco\/furgone imbottito<\/li>\n<li> Clima controllato<\/li>\n<li> Trasporto militare<\/li>\n<li> Trasporto auto<\/li>\n<li> Spettacolo<\/li>\n<\/ul>\n<h2>Profilo dell'azienda McCollister's Transportation Group<\/h2>\n<p>McCollister's Transportation Group \u00e8 stato fondato nel 1945 da H. Daniel McCollister. McCollister's \u00e8 una societ\u00e0 privata ed \u00e8 un agente di UniGroup Inc. che comprende <a href=\"https:\/\/moverdb.com\/it\/united-van-lines\/\">United Van Lines<\/a> e <a href=\"https:\/\/moverdb.com\/it\/mayflower-transit\/\">Mayflower Transit<\/a>. <\/p>\n<p>Con sede a Burlington, <a href=\"https:\/\/moverdb.com\/it\/moving-to-the-united-states\/moving-to-new-jersey\/\" data-internallinksmanager029f6b8e52c=\"417\" title=\"Trasferirsi nel New Jersey? 2026 Costi di vita e consigli per il trasferimento\">New Jersey<\/a>L'azienda conta oltre 1.000 dipendenti a tempo pieno e gestisce pi\u00f9 di 1.000 veicoli e attrezzature per la movimentazione.<\/p>\n<p>McCollister's ha tre divisioni principali: trasferimento dei dipendenti, servizi commerciali e logistica dei prodotti di alto valore. L'azienda afferma che il suo successo \u00e8 dovuto a <em>\"Soluzioni flessibili, servizio di qualit\u00e0, sicurezza, efficienza e velocit\u00e0\".<\/em> <\/p>\n<p>McCollister's Transportation Group ha i seguenti accreditamenti e affiliazioni:<\/p>\n<ul>\n<li> <a href=\"https:\/\/moverdb.com\/it\/sono\/\">Associazione internazionale dei traslocatori<\/a> (<a href=\"https:\/\/moverdb.com\/it\/iam\/\" data-internallinksmanager029f6b8e52c=\"23\" title=\"Spiegazione dell&#039;Associazione Internazionale dei Traslocatori (IAM)\">IAM<\/a>)<\/li>\n<li> <a href=\"https:\/\/moverdb.com\/it\/amsa\/\">AMSA<\/a><\/li>\n<li> Vettore certificato C-TPAT<\/li>\n<li> <a href=\"https:\/\/moverdb.com\/it\/rim-promover\/\">Certificato ProMover<\/a><\/li>\n<li> <a href=\"https:\/\/moverdb.com\/it\/employee-relocation-council\/\">Consiglio per il trasferimento dei dipendenti<\/a><\/li>\n<li> <a href=\"https:\/\/moverdb.com\/it\/moving-to-the-united-states\/\" data-internallinksmanager029f6b8e52c=\"94\" title=\"Trasferirsi negli Stati Uniti? 2026 Costi di vita e consigli per il trasferimento\">US<\/a> Agenzia per la protezione dell'ambiente - SmartWay<\/li>\n<li> Associazione Magazzinieri e Traslocatori del New Jersey<\/li>\n<li> Better Business Bureau (BBB)<\/li>\n<\/ul>\n<h2>McCollister's Transportation Group Recensioni<\/h2>\n<p><strong>Positivo:<\/strong><\/p>\n<ul>\n<li> <em>\"Nel complesso sono stato molto contento dell'esperienza, anche con i piccoli intoppi, il modo in cui i problemi sono stati risolti dimostra che sono un'azienda davvero professionale\".<\/em> - Sherif via <a href=\"https:\/\/www.yelp.com\/biz\/mccollisters-transportation-group-burlington?hrid=DrSyWKiICkF8QIFDonWtLQ&#038;utm_campaign=www_review_share_popup&#038;utm_medium=copy_link&#038;utm_source=(direct)\" target=\"_blank\" rel=\"noopener\">Yelp<\/a>.<\/li>\n<li> <em>\"Ottima esperienza dalla prima telefonata fino all'ultima scatola tolta dal camion. Lo consiglio vivamente!\"<\/em> - Sharon via <a href=\"https:\/\/www.facebook.com\/pg\/McCollisters\/reviews\/\" target=\"_blank\" rel=\"noopener\">Facebook<\/a><\/li>\n<\/ul>\n<p><strong>Negativo:<\/strong><\/p>\n<ul>\n<li> <em>\"Questa recensione sarebbe stata di 5 stelle, ma per il fatto che qualcuno della loro squadra ha rubato a me e alla mia famiglia\".<\/em> - Mike via <a href=\"https:\/\/www.bbb.org\/new-jersey\/business-reviews\/movers\/mccollister-s-transportation-in-burlington-nj-80001208\/reviews-and-complaints\" target=\"_blank\" rel=\"noopener\">BBB<\/a><\/li>\n<li> <em>\"Di solito non scrivo su questo sito ma ho avuto un'esperienza ORRIBILE con questa compagnia\".<\/em> - BK via <a href=\"http:\/\/www.mymovingreviews.com\/movers\/mccollister-s-5188#48089\" target=\"_blank\" rel=\"noopener\">MyMovingReviews<\/a><\/li>\n<\/ul>\n<div itemprop=\"review\" itemscope itemtype=\"http:\/\/schema.org\/Review\">\n<span itemprop=\"author\" itemscope=\"\" itemtype=\"http:\/\/schema.org\/Organization\"><span itemprop=\"name\">MoverDB.com<\/span><\/span> Recensione del sito web online per <span itemprop=\"itemreviewed\" itemscope=\"\" itemtype=\"http:\/\/schema.org\/Brand\"><span itemprop=\"name\">Gruppo di trasporto McCollister<\/span><\/span>:<\/p>\n<ol>\n<li> Dettagli di contatto chiari sul sito web (compreso il numero di telefono): <strong>S\u00ec<\/strong><\/li>\n<li> Facile da ottenere <a href=\"https:\/\/moverdb.com\/it\/citazioni\/\">preventivi di trasloco internazionale<\/a>? (Modulo di richiesta di preventivo online): <strong>S\u00ec<\/strong><\/li>\n<li> Informazioni chiare sul sito web: <strong>Alcuni<\/strong> Il sito web non contiene molte informazioni dettagliate.<\/li>\n<li> Appartenenza a organizzazioni internazionali riconosciute per il movimento: <strong>S\u00ec<\/strong>, vedi sopra.<\/li>\n<li> Elenco di clienti e\/o testimonianze di clienti precedenti: <strong>No<\/strong>, anche se hanno una pagina Facebook con alcune recensioni. Le recensioni dal resto del web sono un po' miste, ma pi\u00f9 positive che negative.<\/li>\n<\/ol>\n<div itemprop=\"reviewRating\" itemscope itemtype=\"http:\/\/schema.org\/Rating\"><meta itemprop=\"worstRating\" content = \"0\" \/><meta itemprop=\"bestRating\" content=\"5\" \/><meta itemprop=\"ratingValue\" content=\"3.5\"><\/div>\n<p><strong>Punteggio complessivo: 3,5\/5<\/strong><br \/>\n<strong>Data di revisione:<\/strong> <span itemprop=\"datePublished\" content=\"2016-11-21\">21\/11\/2016<\/span>\n<\/div>\n<p>Per saperne di pi\u00f9 <a href=\"https:\/\/moverdb.com\/it\/aziende-di-traslochi\/\">migliori aziende di traslochi internazionali<\/a>, <a href=\"https:\/\/moverdb.com\/it\/us-canada-movers\/\">Traslocatori USA<\/a> e il nostro <a href=\"https:\/\/moverdb.com\/it\/recensioni\/\">processo di revisione<\/a>.<\/p>\n<p><strong>Sito web:<\/strong> <a href=\"https:\/\/www.mccollisters.com\/\" target=\"_blank\" rel=\"noopener\">https:\/\/www.mccollisters.com\/<\/a><\/p>","protected":false},"excerpt":{"rendered":"<p>McCollister&#8217;s Transportation Group is an agent of the UniGroup. The company offers its clients many moving services which are listed below, together with a company profile and reviews. International Moves Dedicated logistics coordinator Door-to-door service Full service Air ride van service Air and sea freight Short and long term storage Commercial Moves Office\/facility relocation Data [&hellip;]<\/p>\n","protected":false},"author":1,"featured_media":0,"parent":0,"menu_order":0,"comment_status":"closed","ping_status":"closed","template":"","meta":{"_genesis_hide_title":false,"_genesis_hide_breadcrumbs":false,"_genesis_hide_singular_image":false,"_genesis_hide_footer_widgets":false,"_genesis_custom_body_class":"","_genesis_custom_post_class":"","_genesis_layout":"","footnotes":""},"class_list":{"0":"post-1040","1":"page","2":"type-page","3":"status-publish","5":"entry"},"_links":{"self":[{"href":"https:\/\/moverdb.com\/it\/wp-json\/wp\/v2\/pages\/1040","targetHints":{"allow":["GET"]}}],"collection":[{"href":"https:\/\/moverdb.com\/it\/wp-json\/wp\/v2\/pages"}],"about":[{"href":"https:\/\/moverdb.com\/it\/wp-json\/wp\/v2\/types\/page"}],"author":[{"embeddable":true,"href":"https:\/\/moverdb.com\/it\/wp-json\/wp\/v2\/users\/1"}],"replies":[{"embeddable":true,"href":"https:\/\/moverdb.com\/it\/wp-json\/wp\/v2\/comments?post=1040"}],"version-history":[{"count":7,"href":"https:\/\/moverdb.com\/it\/wp-json\/wp\/v2\/pages\/1040\/revisions"}],"predecessor-version":[{"id":13175,"href":"https:\/\/moverdb.com\/it\/wp-json\/wp\/v2\/pages\/1040\/revisions\/13175"}],"wp:attachment":[{"href":"https:\/\/moverdb.com\/it\/wp-json\/wp\/v2\/media?parent=1040"}],"curies":[{"name":"wp","href":"https:\/\/api.w.org\/{rel}","templated":true}]}}