{"id":1039,"date":"2016-10-26T05:36:32","date_gmt":"2016-10-26T05:36:32","guid":{"rendered":"http:\/\/moverdb.com\/?page_id=1039"},"modified":"2026-01-08T15:30:40","modified_gmt":"2026-01-08T15:30:40","slug":"williams-moving-storage","status":"publish","type":"page","link":"https:\/\/moverdb.com\/it\/williams-moving-storage\/","title":{"rendered":"Williams Moving &amp; Storage: Recensioni sul trasloco internazionale"},"content":{"rendered":"<p>Williams Moving &amp; Storage Ltd si trova a Lethbridge, <a href=\"https:\/\/moverdb.com\/it\/moving-to-canada\/\" data-internallinksmanager029f6b8e52c=\"265\" title=\"Trasferirsi in Canada? 2026 Costi di vita e consigli per il trasferimento\">Canada<\/a>. L'azienda offre ai suoi clienti una serie di servizi di trasloco che sono elencati di seguito, insieme al profilo aziendale e alle recensioni.<\/p>\n<p><strong>Spostamenti internazionali<\/strong><\/p>\n<ul>\n<li> Muoversi per ferrovia, nave o aereo<\/li>\n<li> Responsabile del trasloco assegnato<\/li>\n<li> Servizio porta a porta in tutto il mondo<\/li>\n<li> Imballaggio - servizio completo, oggetti fragili o self-packing<\/li>\n<li> Forniture per l'imballaggio<\/li>\n<li> Sdoganamento<\/li>\n<li> Disimballaggio - servizio completo, oggetti fragili o disimballaggio autonomo<\/li>\n<li> Stoccaggio a lungo e breve termine<\/li>\n<\/ul>\n<p><strong>Traslochi aziendali e commerciali<\/strong><\/p>\n<ul>\n<li> Porta a porta<\/li>\n<li> Responsabile del trasloco assegnato<\/li>\n<li> Equipaggio designato per i materiali sensibili<\/li>\n<li> Equipaggio di installazione designato<\/li>\n<\/ul>\n<p><strong>Traslochi residenziali<\/strong><\/p>\n<ul>\n<li> Servizio completo disponibile<\/li>\n<li> Responsabile del trasloco assegnato<\/li>\n<li> Materiale d'imballaggio fornito<\/li>\n<li> Imballaggio - servizio completo, oggetti fragili o fai-da-te<\/li>\n<li> Disimballaggio - servizio completo, oggetti fragili o fai-da-te<\/li>\n<\/ul>\n<p><strong>Traslochi fai-da-te<\/strong><\/p>\n<ul>\n<li> Camion e materiali d'imballaggio forniti<\/li>\n<li> 8 ore per imballare e caricare<\/li>\n<li> Spostato nel deposito<\/li>\n<li> A destinazione - 8 ore per scaricare<\/li>\n<\/ul>\n<h2>Profilo dell'azienda Williams Moving &amp; Storage<\/h2>\n<p><em><strong>Si prega di notare<\/strong> che il Williams Moving &amp; Storage <a href=\"http:\/\/globalnews.ca\/news\/1787201\/after-86-years-williams-moving-and-storage-files-for-bankruptcy\/\" target=\"_blank\" rel=\"noopener\">ha presentato istanza di fallimento nel 2015<\/a>. Tuttavia, Williams Moving &amp; Storage (Cranbrook) Ltd. \u00e8 ancora in attivit\u00e0 ed \u00e8 profilato qui sotto.<\/em><\/p>\n<p>Williams Moving and Storage \u00e8 stata fondata nel 1929. Sposta individui e aziende sia a livello locale che internazionale. L'azienda \u00e8 specializzata in traslochi aziendali e commerciali, residenziali e <a href=\"https:\/\/moverdb.com\/it\/container-shipping\/\">mosse internazionali<\/a>. <\/p>\n<p>Uno dei suoi servizi innovativi \u00e8 il trasloco fai-da-te, ideale per i clienti con un budget limitato. <\/p>\n<p>Williams Moving &amp; Storage dispone di attrezzature da trasloco altamente specializzate che garantiscono di spostare i vostri beni con facilit\u00e0, velocit\u00e0 e senza danneggiarli.<\/p>\n<p>Williams Moving &amp; Storage ha i seguenti accreditamenti e affiliazioni:<\/p>\n<ul>\n<li> <a href=\"https:\/\/moverdb.com\/it\/fidi-faim\/\">Federazione dei Traslocatori Internazionali<\/a> (<a href=\"https:\/\/moverdb.com\/it\/fidi-faim\/\" data-internallinksmanager029f6b8e52c=\"16\" title=\"FIDI e FAIM (FIDI Accredited International Mover) spiegati\">FIDI<\/a>)<\/li>\n<li> <a href=\"https:\/\/moverdb.com\/it\/fidi-faim\/\">Traslocatori internazionali accreditati FIDI<\/a> (FAIM)<\/li>\n<li> <a href=\"https:\/\/moverdb.com\/it\/sono\/\">Associazione internazionale dei traslocatori<\/a> (<a href=\"https:\/\/moverdb.com\/it\/iam\/\" data-internallinksmanager029f6b8e52c=\"23\" title=\"Spiegazione dell&#039;Associazione Internazionale dei Traslocatori (IAM)\">IAM<\/a>)<\/li>\n<li> Overseas Moving Network International (OMNI)<\/li>\n<li> La rete dell'industria dell'ospitalit\u00e0 (NEWH)<\/li>\n<li> Rete di trasferimento commerciale (CRN)<\/li>\n<li> <a href=\"https:\/\/moverdb.com\/it\/united-van-lines\/\">United Van Lines<\/a> (Canada)<\/li>\n<\/ul>\n<h2>Williams Moving &amp; Storage Recensioni<\/h2>\n<p><strong>Positivo:<\/strong><\/p>\n<ul>\n<li> \"<em>\u00c8 stata un'ottima azienda con cui trattare, dall'inizio alla fine. Il preventivista \u00e8 stato molto professionale ed \u00e8 stato molto paziente nel rispondere a tutte le mie domande. Il giorno del trasloco \u00e8 andato tutto liscio. I traslocatori sono stati efficienti e molto attenti alle mie cose\".<\/em> - Shairoz via <a href=\"https:\/\/homestars.com\/companies\/229930-williams-moving-and-storage\/reviews\/61856\" target=\"_blank\" rel=\"noopener\">HomeStars<\/a> <\/li>\n<\/ul>\n<p><strong>Negativo:<\/strong><\/p>\n<ul>\n<li> <em>\"Williams Moving and Storage dovrebbe vergognarsi. Si presentano con operai occasionali che non potrebbero preoccuparsi meno della vostra tranquillit\u00e0 e non hanno voglia di lavorare\".<\/em> - Julie B. via <a href=\"http:\/\/www.bbb.org\/calgary\/business-reviews\/movers\/williams-moving-and-storage-lethbridge-in-lethbridge-ab-36707\/customer-reviews\" target=\"_blank\" rel=\"noopener\">BBB<\/a><\/li>\n<\/ul>\n<div itemprop=\"review\" itemscope itemtype=\"http:\/\/schema.org\/Review\">\n<span itemprop=\"author\" itemscope=\"\" itemtype=\"http:\/\/schema.org\/Organization\"><span itemprop=\"name\">MoverDB.com<\/span><\/span> Recensione del sito web online per <span itemprop=\"itemreviewed\" itemscope=\"\" itemtype=\"http:\/\/schema.org\/Brand\"><span itemprop=\"name\">Williams Moving &amp; Storage<\/span><\/span>:<\/p>\n<ol>\n<li> Dettagli di contatto chiari sul sito web (compreso il numero di telefono): <strong>S\u00ec<\/strong><\/li>\n<li> Facile da ottenere <a href=\"https:\/\/moverdb.com\/it\/citazioni\/\">preventivi di trasloco internazionale<\/a>? (Modulo di richiesta di preventivo online): <strong>S\u00ec<\/strong><\/li>\n<li> Informazioni chiare sul sito web: <strong>No<\/strong>Il sito web ti dice molto poco sull'azienda o sui servizi offerti.<\/li>\n<li> Appartenenza a organizzazioni internazionali riconosciute per il movimento: <strong>S\u00ec<\/strong>, molti, vedi sopra<\/li>\n<li> Elenco di clienti e\/o testimonianze di clienti precedenti: <strong>No,<\/strong> e le recensioni da tutto il web sono piuttosto contrastanti.<\/li>\n<\/ol>\n<div itemprop=\"reviewRating\" itemscope itemtype=\"http:\/\/schema.org\/Rating\"><meta itemprop=\"worstRating\" content = \"0\" \/><meta itemprop=\"bestRating\" content=\"5\" \/><meta itemprop=\"ratingValue\" content=\"3\"><\/div>\n<p><strong>Punteggio complessivo: 3\/5<\/strong><br \/>\n<strong>Data di revisione:<\/strong> <span itemprop=\"datePublished\" content=\"2016-10-26\">21\/08\/2016<\/span>\n<\/div>\n<p>Per saperne di pi\u00f9 <a href=\"https:\/\/moverdb.com\/it\/aziende-di-traslochi\/\">Le migliori aziende di traslochi<\/a>, <a href=\"https:\/\/moverdb.com\/it\/us-canada-movers\/\">Imprese di traslochi canadesi<\/a> e il nostro <a href=\"https:\/\/moverdb.com\/it\/recensioni\/\">processo di revisione<\/a>.<\/p>\n<p><strong>Sito web:<\/strong> <a href=\"http:\/\/williamsmovingltd.com\/\" target=\"_blank\" rel=\"noopener\">http:\/\/williamsmovingltd.com\/<\/a><\/p>","protected":false},"excerpt":{"rendered":"<p>Williams Moving &#038; Storage Ltd is located in Lethbridge, Canada. The company offers its customers a range of moving services which are listed below, together with a company profile and reviews. International Moves Move by rail, ship or air Assigned move manager Door-to-door service worldwide Packing &#8211; full service, fragile items or self-pack Packing supplies [&hellip;]<\/p>\n","protected":false},"author":1,"featured_media":0,"parent":0,"menu_order":0,"comment_status":"closed","ping_status":"closed","template":"","meta":{"_genesis_hide_title":false,"_genesis_hide_breadcrumbs":false,"_genesis_hide_singular_image":false,"_genesis_hide_footer_widgets":false,"_genesis_custom_body_class":"","_genesis_custom_post_class":"","_genesis_layout":"","footnotes":""},"class_list":{"0":"post-1039","1":"page","2":"type-page","3":"status-publish","5":"entry"},"_links":{"self":[{"href":"https:\/\/moverdb.com\/it\/wp-json\/wp\/v2\/pages\/1039","targetHints":{"allow":["GET"]}}],"collection":[{"href":"https:\/\/moverdb.com\/it\/wp-json\/wp\/v2\/pages"}],"about":[{"href":"https:\/\/moverdb.com\/it\/wp-json\/wp\/v2\/types\/page"}],"author":[{"embeddable":true,"href":"https:\/\/moverdb.com\/it\/wp-json\/wp\/v2\/users\/1"}],"replies":[{"embeddable":true,"href":"https:\/\/moverdb.com\/it\/wp-json\/wp\/v2\/comments?post=1039"}],"version-history":[{"count":4,"href":"https:\/\/moverdb.com\/it\/wp-json\/wp\/v2\/pages\/1039\/revisions"}],"predecessor-version":[{"id":6252,"href":"https:\/\/moverdb.com\/it\/wp-json\/wp\/v2\/pages\/1039\/revisions\/6252"}],"wp:attachment":[{"href":"https:\/\/moverdb.com\/it\/wp-json\/wp\/v2\/media?parent=1039"}],"curies":[{"name":"wp","href":"https:\/\/api.w.org\/{rel}","templated":true}]}}