{"id":1038,"date":"2016-11-05T17:02:13","date_gmt":"2016-11-05T17:02:13","guid":{"rendered":"http:\/\/moverdb.com\/?page_id=1038"},"modified":"2026-01-08T15:20:27","modified_gmt":"2026-01-08T15:20:27","slug":"national-van-lines","status":"publish","type":"page","link":"https:\/\/moverdb.com\/it\/national-van-lines\/","title":{"rendered":"National Van Lines: Recensioni sul trasloco internazionale"},"content":{"rendered":"<p>National Van Lines offre ai suoi clienti una vasta gamma di servizi di trasloco. Questi sono elencati di seguito insieme a un profilo aziendale e alle recensioni.<\/p>\n<p><strong>Spostamenti internazionali<\/strong><\/p>\n<ul>\n<li> Individuale e aziendale<\/li>\n<li> Coordinatore di trasloco dedicato<\/li>\n<li> Consulenza su tutti gli aspetti del processo di trasloco<\/li>\n<li> Guida ai requisiti di documentazione<\/li>\n<li> <a href=\"https:\/\/moverdb.com\/it\/citazioni\/\">Stime dei costi porta a porta<\/a> per <a href=\"https:\/\/moverdb.com\/it\/container-shipping\/\">spedizione via mare o via aerea<\/a><\/li>\n<li> Tracciamento per garantire che la spedizione arrivi sana e salva<\/li>\n<li> Coordinamento di ogni fase del trasloco<\/li>\n<li> Assistenza nell'improbabile caso di un sinistro<\/li>\n<\/ul>\n<p><strong>Movimenti di specialit\u00e0<\/strong><\/p>\n<ul>\n<li> Negozio di infissi<\/li>\n<li> Elettronica<\/li>\n<li> Fiere commerciali<\/li>\n<li> Attrezzatura da gioco<\/li>\n<li> Slot machine<\/li>\n<li> Trasporto auto<\/li>\n<li> Spostamento di pianoforte<\/li>\n<li> Arte in movimento<\/li>\n<li> Traslocatori di orologi a pendolo e antichit\u00e0<\/li>\n<li> Traslocatori di tavoli da biliardo<\/li>\n<\/ul>\n<p><strong>Trasferimento aziendale<\/strong><\/p>\n<ul>\n<li> Internazionale e locale<\/li>\n<li> Un dipendente o un intero ufficio<\/li>\n<li> Traslocatori di computer ed elettronica<\/li>\n<li> Traslocatori di laboratorio e attrezzature mediche<\/li>\n<\/ul>\n<p><strong>Traslochi per la casa<\/strong><\/p>\n<ul>\n<li> Spostamenti locali<\/li>\n<li> Spostamenti a lunga distanza<\/li>\n<li> Paese di croce<\/li>\n<li> Interstate<\/li>\n<li> Intrastate<\/li>\n<li> Nazionale<\/li>\n<li> Porta a porta<\/li>\n<li> Servizio completo offerto<\/li>\n<\/ul>\n<p><strong>Stoccaggio<\/strong><\/p>\n<ul>\n<li> Lungo e breve termine<\/li>\n<li> Clima controllato<\/li>\n<li> Sicurezza 24\/7<\/li>\n<\/ul>\n<h2>Profilo dell'azienda National Van Lines<\/h2>\n<p>L'attuale CEO di National Van Lines, Maureen Beal, \u00e8 la nipote del suo fondatore, F. J. McKee. McKee ha iniziato l'attivit\u00e0 in <a href=\"https:\/\/moverdb.com\/it\/moving-to-chicago\/\">Chicago<\/a> nel 1901 con un carro e un pony per consegnare ghiaccio e carbone. <\/p>\n<p>L'azienda ha prosperato da allora e ora sposta persone, aziende e personale militare a livello locale e mondiale. Ha pi\u00f9 di 400 agenti per assistere in questo processo.<\/p>\n<p>Il motto dell'azienda \u00e8 \"Moving Your Memories\", che ricorda sia al personale che al cliente che gli effetti personali sono preziosi e saranno sempre trattati con cura.<\/p>\n<p>National Van Lines ha i seguenti accreditamenti e affiliazioni:<\/p>\n<ul>\n<li> <a href=\"https:\/\/moverdb.com\/it\/rim-promover\/\">Certificato ProMover<\/a><\/li>\n<li> Accreditato dal Better Business Bureau (BBB)<\/li>\n<li> Movers.com Verified Mover<\/li>\n<li> <a href=\"https:\/\/moverdb.com\/it\/fidi-faim\/\">FIDI<\/a><\/li>\n<\/ul>\n<h2>Recensioni su National Van Lines<\/h2>\n<p><strong>Positivo:<\/strong><\/p>\n<ul>\n<li> <em>\"Sono stato molto soddisfatto del ritiro e della consegna dei miei mobili. Dave \u00e8 stato anche molto professionale e mi ha fornito un preventivo equo\".<\/em> - Bari tramite la pagina dei testimonial dell'azienda<\/li>\n<li> <em>\"National Van Lines ha ritirato in tempo, ha consegnato in tempo e nulla \u00e8 andato perso o rotto\".<\/em> - Gail via <a href=\"https:\/\/www.yelp.co.uk\/biz\/national-van-lines-broadview?hrid=xrO9qdjtpdZ-DKkGynhkBw&#038;utm_campaign=www_review_share_popup&#038;utm_medium=copy_link&#038;utm_source=(direct)\" target=\"_blank\" rel=\"noopener\">Yelp<\/a><\/li>\n<li> <em>\"Ho solo una parola da dire. FANTASTICO!\"<\/em> - Lori via <a href=\"http:\/\/www.mymovingreviews.com\/movers\/national-van-lines-256#59528\" target=\"_blank\" rel=\"noopener\">MyMovingReviews.com<\/a><\/li>\n<\/ul>\n<p><strong>Negativo:<\/strong><\/p>\n<ul>\n<li> <em>\"Negli ultimi 8 anni, ho traslocato 5-6 volte e non ho mai avuto un'esperienza come questa\".<\/em> - Cindy via <a href=\"https:\/\/www.consumeraffairs.com\/movers\/national.htm\" target=\"_blank\" rel=\"noopener\">Affari dei consumatori<\/a><\/li>\n<li> <em>\"National Van Lines non ha consegnato le mie masserizie nella data che mi era stata comunicata dall'autista. Mi hanno detto che la mia fattura mi dava la data, ma il problema \u00e8 che non ho mai ricevuto una fattura. Alla consegna mancava pi\u00f9 della met\u00e0 dei miei oggetti\".<\/em> - Franchon via <a href=\"http:\/\/www.bbb.org\/chicago\/business-reviews\/movers\/national-van-lines-inc-in-broadview-il-5114\/customer-reviews\" target=\"_blank\" rel=\"noopener\">BBB<\/a><\/li>\n<li> <em>\"La nostra esperienza con National Van Lines \u00e8 stata un incubo. Il rappresentante che ha firmato <a href=\"https:\/\/moverdb.com\/it\/moving-to-the-united-states\/\" data-internallinksmanager029f6b8e52c=\"94\" title=\"Trasferirsi negli Stati Uniti? 2026 Costi di vita e consigli per il trasferimento\">noi<\/a> Quando l'abbiamo incontrata ci \u00e8 sembrata cos\u00ec professionale ed efficiente. Non avremmo mai immaginato di trovarci in un guaio terribile\".<\/em> - tramite <a href=\"http:\/\/moving-companies.credio.com\/l\/21\/National-Van-Lines\" target=\"_blank\" rel=\"noopener\">Credio<\/a><\/li>\n<\/ul>\n<div itemprop=\"review\" itemscope itemtype=\"http:\/\/schema.org\/Review\">\n<span itemprop=\"author\" itemscope=\"\" itemtype=\"http:\/\/schema.org\/Organization\"><span itemprop=\"name\">MoverDB.com<\/span><\/span> Recensione del sito web online per <span itemprop=\"itemreviewed\" itemscope=\"\" itemtype=\"http:\/\/schema.org\/Brand\"><span itemprop=\"name\">Linee di furgoni nazionali<\/span><\/span>:<\/p>\n<ol>\n<li> Dettagli di contatto chiari sul sito web (compreso il numero di telefono): <strong>S\u00ec<\/strong><\/li>\n<li> Facile da ottenere <a href=\"https:\/\/moverdb.com\/it\/citazioni\/\">preventivi di trasloco internazionale<\/a>? (Modulo di richiesta di preventivo online): <strong>S\u00ec<\/strong><\/li>\n<li> Informazioni chiare sul sito web: <strong>S\u00ec<\/strong> il sito web delinea i loro servizi e offre anche guide utili.<\/li>\n<li> Appartenenza a organizzazioni internazionali riconosciute per il movimento: <strong>S\u00ec<\/strong><\/li>\n<li> Elenco di clienti e\/o testimonianze di clienti precedenti: <strong>S\u00ec<\/strong> Ci sono testimonianze positive di clienti sul sito, ma alcune negative sul resto di internet.<\/li>\n<\/ol>\n<div itemprop=\"reviewRating\" itemscope itemtype=\"http:\/\/schema.org\/Rating\"><meta itemprop=\"worstRating\" content = \"0\" \/><meta itemprop=\"bestRating\" content=\"5\" \/><meta itemprop=\"ratingValue\" content=\"4.5\"><\/div>\n<p><strong>Punteggio complessivo: 4,5\/5<\/strong><br \/>\n<strong>Data di revisione:<\/strong> <span itemprop=\"datePublished\" content=\"2016-11-05\">05\/11\/2016<\/span>\n<\/div>\n<p>Per saperne di pi\u00f9 <a href=\"https:\/\/moverdb.com\/it\/aziende-di-traslochi\/\">migliori aziende di traslochi internazionali<\/a>, <a href=\"https:\/\/moverdb.com\/it\/us-canada-movers\/\">Traslocatori USA<\/a> e il nostro <a href=\"https:\/\/moverdb.com\/it\/recensioni\/\">processo di revisione<\/a>.<\/p>\n<p><strong>Sito web:<\/strong> <a href=\"http:\/\/www.nationalvanlines.com\/\" target=\"_blank\" rel=\"noopener\">http:\/\/www.nationalvanlines.com\/<\/a><\/p>","protected":false},"excerpt":{"rendered":"<p>National Van Lines offers its customers a wide range of moving services. These are listed below together with a company profile and reviews. International Moves Individual and corporate Dedicated move coordinator Counselling on all aspects of the moving process Guidance on documentation requirements Door-to-door cost estimates for shipping by ocean or air Tracking to ensure [&hellip;]<\/p>\n","protected":false},"author":1,"featured_media":0,"parent":0,"menu_order":0,"comment_status":"closed","ping_status":"closed","template":"","meta":{"_genesis_hide_title":false,"_genesis_hide_breadcrumbs":false,"_genesis_hide_singular_image":false,"_genesis_hide_footer_widgets":false,"_genesis_custom_body_class":"","_genesis_custom_post_class":"","_genesis_layout":"","footnotes":""},"class_list":{"0":"post-1038","1":"page","2":"type-page","3":"status-publish","5":"entry"},"_links":{"self":[{"href":"https:\/\/moverdb.com\/it\/wp-json\/wp\/v2\/pages\/1038","targetHints":{"allow":["GET"]}}],"collection":[{"href":"https:\/\/moverdb.com\/it\/wp-json\/wp\/v2\/pages"}],"about":[{"href":"https:\/\/moverdb.com\/it\/wp-json\/wp\/v2\/types\/page"}],"author":[{"embeddable":true,"href":"https:\/\/moverdb.com\/it\/wp-json\/wp\/v2\/users\/1"}],"replies":[{"embeddable":true,"href":"https:\/\/moverdb.com\/it\/wp-json\/wp\/v2\/comments?post=1038"}],"version-history":[{"count":6,"href":"https:\/\/moverdb.com\/it\/wp-json\/wp\/v2\/pages\/1038\/revisions"}],"predecessor-version":[{"id":6225,"href":"https:\/\/moverdb.com\/it\/wp-json\/wp\/v2\/pages\/1038\/revisions\/6225"}],"wp:attachment":[{"href":"https:\/\/moverdb.com\/it\/wp-json\/wp\/v2\/media?parent=1038"}],"curies":[{"name":"wp","href":"https:\/\/api.w.org\/{rel}","templated":true}]}}