{"id":1036,"date":"2016-11-05T16:39:46","date_gmt":"2016-11-05T16:39:46","guid":{"rendered":"http:\/\/moverdb.com\/?page_id=1036"},"modified":"2026-01-08T14:47:46","modified_gmt":"2026-01-08T14:47:46","slug":"beltmann-relocation","status":"publish","type":"page","link":"https:\/\/moverdb.com\/it\/beltmann-relocation\/","title":{"rendered":"Gruppo Beltmann Relocation: Recensioni sul trasloco internazionale"},"content":{"rendered":"<p>Il Beltmann Relocation Group offre ai suoi clienti una variet\u00e0 di servizi di trasloco a livello internazionale e locale. Questi servizi sono elencati di seguito insieme a un profilo aziendale e alle recensioni.<\/p>\n<p><strong>Spostamenti internazionali<\/strong><\/p>\n<ul>\n<li> Spostamenti aziendali internazionali<\/li>\n<li> Mosse individuali<\/li>\n<li> Nazioni Unite<\/li>\n<li> Assistenza e guida con la dogana e l'immigrazione<\/li>\n<li> Assistenza per il trasferimento dell'animale domestico<\/li>\n<li> Porta a porta<\/li>\n<li> Responsabile dello spostamento assegnato<\/li>\n<li> Servizio completo disponibile<\/li>\n<li> Assicurazione organizzata<\/li>\n<\/ul>\n<p><strong>Traslochi di uffici e industrie<\/strong><\/p>\n<ul>\n<li> Trasferimento d'ufficio locale e a lunga distanza<\/li>\n<li> Spostamento interdipartimentale<\/li>\n<li> Spostamento di computer ed elettronica<\/li>\n<li> Pianificazione e progettazione dello spazio<\/li>\n<li> Incontri di pianificazione pre-spostamento<\/li>\n<li> Supervisione in loco<\/li>\n<li> Servizi post trasloco<\/li>\n<li> Assistenza al trasloco industriale<\/li>\n<li> Spostamento di alta sicurezza<\/li>\n<li> Spostamento di informazioni sensibili<\/li>\n<li> Assicurazione organizzata<\/li>\n<\/ul>\n<p><strong>Trasferimento aziendale<\/strong><\/p>\n<ul>\n<li> Servizi di trasferimento esecutivo per dirigenti di alto livello<\/li>\n<li> Muovi il manager <\/li>\n<li> Porta a porta<\/li>\n<li> Imballaggio e disimballaggio<\/li>\n<li> Tracciamento della spedizione<\/li>\n<li> Assicurazione organizzata<\/li>\n<\/ul>\n<p><strong>Traslochi per la casa<\/strong><\/p>\n<ul>\n<li> Spostamenti locali<\/li>\n<li> Spostamenti a lunga distanza<\/li>\n<li> Porta a porta<\/li>\n<li> Imballaggio e disimballaggio<\/li>\n<li> Assicurazione organizzata<\/li>\n<\/ul>\n<p><strong>Stoccaggio<\/strong><\/p>\n<ul>\n<li> A lungo o a breve termine<\/li>\n<li> Magazzino riscaldato <\/li>\n<li> Conservato in un caveau sigillato<\/li>\n<li> CCTV<\/li>\n<li> Protezione dal fuoco e dai parassiti<\/li>\n<\/ul>\n<h2>Profilo dell'azienda Beltmann Relocation<\/h2>\n<p>Il Beltmann Group \u00e8 stato fondato dalla famiglia Battina nel 1955 ed \u00e8 ancora a conduzione familiare. \u00c8 uno dei pi\u00f9 grandi e pi\u00f9 antichi agenti per <a href=\"https:\/\/moverdb.com\/it\/north-american-van-lines\/\">North American Van Lines<\/a> e la sua sede centrale si trova a <a href=\"https:\/\/moverdb.com\/it\/moving-to-minneapolis\/\">Minneapolis<\/a>. <\/p>\n<p>Il Beltmann Group \u00e8 l'orgoglioso proprietario di una flotta di oltre 700 veicoli in movimento di varie descrizioni e ha 14 filiali.<\/p>\n<p>La promessa della Beltmann \u00e8 \"Sii il cliente\". Ogni dipendente \u00e8 incoraggiato a mettersi nei panni del cliente e a trattarlo come vorrebbe essere trattato. L'azienda \u00e8 un orgoglioso sostenitore di Habitat for Humanity.<\/p>\n<p>Beltmann Relocation ha le seguenti affiliazioni e accreditamenti:<\/p>\n<ul>\n<li> <a href=\"https:\/\/moverdb.com\/it\/rim-promover\/\">Traslocatore internazionale registrato<\/a> (<a href=\"https:\/\/moverdb.com\/it\/rim-promover\/\" data-internallinksmanager029f6b8e52c=\"76\" title=\"La certificazione internazionale ProMover di RIM spiegata\">RIM<\/a>)<\/li>\n<li> <a href=\"https:\/\/moverdb.com\/it\/rim-promover\/\">ProMover<\/a><\/li>\n<li> <a href=\"https:\/\/moverdb.com\/it\/amsa\/\">Associazione americana di trasloco e stoccaggio<\/a> (<a href=\"https:\/\/moverdb.com\/it\/amsa\/\" data-internallinksmanager029f6b8e52c=\"5\" title=\"L&#039;associazione americana di trasloco e stoccaggio (AMSA) spiegata\">AMSA<\/a>)<\/li>\n<li> Vincitore del premio qualit\u00e0 nordamericano<\/li>\n<li> Accreditato dal Better Business Bureau (BBB)<\/li>\n<\/ul>\n<p><strong>Beltmann Relocation Recensioni<\/strong><\/p>\n<p><strong>Positivo:<\/strong><\/p>\n<ul>\n<li> <em>\"Tutto \u00e8 andato alla grande con il nostro trasloco. L'autista e l'equipaggio di entrambe le parti hanno lavorato bene\".<\/em> - Craig tramite la pagina dei testimonial Beltmann<\/li>\n<li> <em>\"Abbiamo traslocato diverse volte nel corso degli anni e devo dire che Beltman \u00e8 stato di gran lunga il migliore. La cura con cui hanno imballato e caricato le nostre cose fino alla consegna \u00e8 stata notevole\".<\/em> - Abby via <a href=\"https:\/\/www.facebook.com\/pg\/BeltmannRelocation\/reviews\/\" target=\"_blank\" rel=\"noopener\">Facebook<\/a><\/li>\n<\/ul>\n<p><strong>Negativo:<\/strong><\/p>\n<ul>\n<li> <em>\"Non siamo nemmeno a 1\/3 della strada per disimballare e abbiamo gi\u00e0 una lista di almeno 15 oggetti danneggiati o rotti. Alcune scatole hanno cose appena buttate dentro, non incartate o assicurate\".<\/em> Amy via <a href=\"https:\/\/www.facebook.com\/pg\/BeltmannRelocation\/reviews\/\" target=\"_blank\" rel=\"noopener\">Facebook<\/a><\/li>\n<li> <em>\"Fate un favore a voi stessi. Non usate questa compagnia. Cancellate il loro numero, bloccate le loro chiamate. La parte di citazione del processo (sai dove stanno cercando di vincere il tuo business) \u00e8 stata grande. Ritiro della merce- pollice su.Consegna della roba- grande pollice gi\u00f9\".<\/em> - Kim via <a href=\"https:\/\/www.yelp.com\/biz\/beltmann-relocation-group-glendale-heights?hrid=tJAoAv--s6WetooAeYOQew&#038;utm_campaign=www_review_share_popup&#038;utm_medium=copy_link&#038;utm_source=(direct)\" target=\"_blank\" rel=\"noopener\">Yelp<\/a><\/li>\n<\/ul>\n<div itemprop=\"review\" itemscope itemtype=\"http:\/\/schema.org\/Review\">\n<span itemprop=\"author\" itemscope=\"\" itemtype=\"http:\/\/schema.org\/Organization\"><span itemprop=\"name\">MoverDB.com<\/span><\/span> Recensione del sito web online per <span itemprop=\"itemreviewed\" itemscope=\"\" itemtype=\"http:\/\/schema.org\/Brand\"><span itemprop=\"name\">Gruppo Beltmann Relocation<\/span><\/span>:<\/p>\n<ol>\n<li> Dettagli di contatto chiari sul sito web (compreso il numero di telefono): <strong>S\u00ec<\/strong><\/li>\n<li> Facile da ottenere <a href=\"https:\/\/moverdb.com\/it\/citazioni\/\">preventivi di trasloco internazionale<\/a>? (Modulo di richiesta di preventivo online): <strong>S\u00ec<\/strong><\/li>\n<li> Informazioni chiare sul sito web: <strong>S\u00ec<\/strong>Il sito web ha risorse utili per i traslochi, tra cui FAQ e consigli.<\/li>\n<li> Appartenenza a organizzazioni internazionali riconosciute per il movimento: <strong>S\u00ec<\/strong>, molti, vedi sopra<\/li>\n<li> Elenco di clienti e\/o testimonianze di clienti precedenti: <strong>S\u00ec,<\/strong> ci sono testimonianze positive sul sito web, ma le recensioni da tutto il web sono un po' pi\u00f9 miste.<\/li>\n<\/ol>\n<div itemprop=\"reviewRating\" itemscope itemtype=\"http:\/\/schema.org\/Rating\"><meta itemprop=\"worstRating\" content = \"0\" \/><meta itemprop=\"bestRating\" content=\"5\" \/><meta itemprop=\"ratingValue\" content=\"4.5\"><\/div>\n<p><strong>Punteggio complessivo: 4,5\/5<\/strong><br \/>\n<strong>Data di revisione:<\/strong> <span itemprop=\"datePublished\" content=\"2016-11-05\">05\/11\/2016<\/span>\n<\/div>\n<p>Per saperne di pi\u00f9 <a href=\"https:\/\/moverdb.com\/it\/aziende-di-traslochi\/\">traslochi internazionali<\/a>, <a href=\"https:\/\/moverdb.com\/it\/us-canada-movers\/\">Traslocatori nazionali USA<\/a> e il nostro <a href=\"https:\/\/moverdb.com\/it\/recensioni\/\">processo di revisione<\/a>.<\/p>\n<p><strong>Sito web:<\/strong> <a href=\"http:\/\/www.beltmann.com\/\" target=\"_blank\" rel=\"noopener\">http:\/\/www.beltmann.com\/<\/a><\/p>","protected":false},"excerpt":{"rendered":"<p>The Beltmann Relocation Group offers its customers a variety of moving services internationally and locally. These services are listed below together with a company profile and reviews. International Moves International corporate moves Individual moves United Nations Assistance and guidance with customs and immigration Assistance with pet relocation Door-to-door Move manager allocated Full service available Insurance [&hellip;]<\/p>\n","protected":false},"author":1,"featured_media":0,"parent":0,"menu_order":0,"comment_status":"closed","ping_status":"closed","template":"","meta":{"_genesis_hide_title":false,"_genesis_hide_breadcrumbs":false,"_genesis_hide_singular_image":false,"_genesis_hide_footer_widgets":false,"_genesis_custom_body_class":"","_genesis_custom_post_class":"","_genesis_layout":"","footnotes":""},"class_list":{"0":"post-1036","1":"page","2":"type-page","3":"status-publish","5":"entry"},"_links":{"self":[{"href":"https:\/\/moverdb.com\/it\/wp-json\/wp\/v2\/pages\/1036","targetHints":{"allow":["GET"]}}],"collection":[{"href":"https:\/\/moverdb.com\/it\/wp-json\/wp\/v2\/pages"}],"about":[{"href":"https:\/\/moverdb.com\/it\/wp-json\/wp\/v2\/types\/page"}],"author":[{"embeddable":true,"href":"https:\/\/moverdb.com\/it\/wp-json\/wp\/v2\/users\/1"}],"replies":[{"embeddable":true,"href":"https:\/\/moverdb.com\/it\/wp-json\/wp\/v2\/comments?post=1036"}],"version-history":[{"count":6,"href":"https:\/\/moverdb.com\/it\/wp-json\/wp\/v2\/pages\/1036\/revisions"}],"predecessor-version":[{"id":6182,"href":"https:\/\/moverdb.com\/it\/wp-json\/wp\/v2\/pages\/1036\/revisions\/6182"}],"wp:attachment":[{"href":"https:\/\/moverdb.com\/it\/wp-json\/wp\/v2\/media?parent=1036"}],"curies":[{"name":"wp","href":"https:\/\/api.w.org\/{rel}","templated":true}]}}