{"id":1034,"date":"2017-01-10T06:29:27","date_gmt":"2017-01-10T06:29:27","guid":{"rendered":"http:\/\/moverdb.com\/?page_id=1034"},"modified":"2026-01-08T13:18:31","modified_gmt":"2026-01-08T13:18:31","slug":"hilldrup-moving-storage","status":"publish","type":"page","link":"https:\/\/moverdb.com\/it\/hilldrup-moving-storage\/","title":{"rendered":"Hilldrup Moving &amp; Storage: Recensioni sul trasloco internazionale"},"content":{"rendered":"<p>Hilldrup Moving and Storage ha sede a Stafford VA. L'azienda offre ai suoi clienti una variet\u00e0 di servizi che sono elencati di seguito, insieme a un profilo aziendale e alle recensioni.<\/p>\n<p><strong>Servizi di trasloco internazionale<\/strong><\/p>\n<p>Assistenza al trasferimento<\/p>\n<ul>\n<li> Consulenza sulle risorse umane e pianificazione strategica<\/li>\n<li> Assistenza marketing<\/li>\n<li> Programma di vendita della casa<\/li>\n<li> Amministrazione delle spese<\/li>\n<li> Sistemazione abitativa temporanea<\/li>\n<li> Servizi di assegnazione internazionale<\/li>\n<li> Servizi di destinazione e di insediamento<\/li>\n<li> Programmi di gestione degli spostamenti<\/li>\n<li> Compensazione, tasse e considerazioni sul libro paga<\/li>\n<li> Rapporti personalizzati<\/li>\n<li> Amministrazione forfettaria<\/li>\n<\/ul>\n<p>Gestione degli spostamenti<\/p>\n<ul>\n<li> Consulente dedicato al trasloco internazionale<\/li>\n<li> Gestire tutti i trasporti interni ed oceanici\/aerei<\/li>\n<li> Assistenza con passaporto, visti, dogana<\/li>\n<\/ul>\n<p>Capacit\u00e0 di stoccaggio<\/p>\n<ul>\n<li> Stoccaggio a lungo e a breve termine<\/li>\n<li> Accesso illimitato ai magazzini di stoccaggio in tutto il mondo<\/li>\n<li> Sicurezza 24\/7<\/li>\n<li> Sprinkler e sistemi di soppressione del fuoco<\/li>\n<li> Certificato DOD<\/li>\n<li> 200.000 piedi quadrati di magazzino a clima controllato disponibili<\/li>\n<li> Automobili, barche e camper<\/li>\n<li> Manutenzione dei veicoli in deposito a lungo termine.<\/li>\n<\/ul>\n<p><strong>Trasloco aziendale - Internazionale e locale<\/strong><\/p>\n<p>Servizi di partenza<\/p>\n<ul>\n<li> Assistenza marketing per la casa<\/li>\n<li> Gestione della propriet\u00e0<\/li>\n<li> Spedizione di beni di casa<\/li>\n<li> Assistenza di viaggio<\/li>\n<\/ul>\n<p>Servizi di destinazione<\/p>\n<ul>\n<li> Orientamento alla destinazione<\/li>\n<li> Assistenza nella ricerca della casa<\/li>\n<li> Assistenza ipotecaria<\/li>\n<li> Alloggi temporanei<\/li>\n<li> Assistenza per l'affitto<\/li>\n<li> Assistenza alla transizione della famiglia<\/li>\n<\/ul>\n<p>Assegnazione globale<\/p>\n<ul>\n<li> Orientamento dell'area<\/li>\n<li> Soggiorno temporaneo<\/li>\n<li> Formazione linguistica<\/li>\n<li> Servizi di Visto e Immigrazione<\/li>\n<li> Gestione degli affitti<\/li>\n<li> Proiezioni dei costi<\/li>\n<li> Ricerca della casa<\/li>\n<li> Insediamento nei servizi<\/li>\n<li> Formazione interculturale<\/li>\n<li> Assistenza nella ricerca della scuola e dell'educazione<\/li>\n<li> Programmi di sostegno per il coniuge\/partner<\/li>\n<\/ul>\n<p><strong>Governo e militari<\/strong><\/p>\n<ul>\n<li> CHAMP<\/li>\n<li> DOD trasloco della casa<\/li>\n<li> Programma federale di fornitura per il trasferimento completo<\/li>\n<li> Programma di fornitura federale per il trasferimento dell'ufficio<\/li>\n<\/ul>\n<p><strong>Servizi di trasloco residenziale<\/strong><\/p>\n<ul>\n<li> Porta a porta<\/li>\n<li> Servizio completo disponibile<\/li>\n<li> Deposito a lungo e a breve termine disponibile<\/li>\n<li> Imballaggio e disimballaggio<\/li>\n<li> Assicurazione organizzata<\/li>\n<li> Trasporto automobilistico<\/li>\n<\/ul>\n<p><strong>Servizi di trasloco commerciale<\/strong><\/p>\n<ul>\n<li> Gestione dei trasferimenti in tutto il mondo<\/li>\n<li> Trasferimenti di uffici a livello nazionale<\/li>\n<li> Impostazioni del campus<\/li>\n<li> Bilancio\/analisi dei costi<\/li>\n<li> Installazione<\/li>\n<li> Riconfigurazione<\/li>\n<li> Gestione delle risorse<\/li>\n<li> Stoccaggio<\/li>\n<li> Scollegamento\/ricollegamento IT<\/li>\n<li> Analisi dei bisogni di progettazione personalizzata per l'IT<\/li>\n<li> Liquidazione via web<\/li>\n<\/ul>\n<h2>Profilo dell'azienda Hilldrup Moving &amp; Storage<\/h2>\n<p>Il signor R G Hilldrup inizi\u00f2 l'azienda che ora \u00e8 la Hilldrup Moving and Storage Company nel 1903. Nel 1940 l'azienda fu venduta a uno dei suoi dipendenti - il signor C B McDaniel. Nel 1964, Hilldrup si associ\u00f2 con <a href=\"https:\/\/moverdb.com\/it\/united-van-lines\/\">United Van Lines<\/a> che ha permesso all'azienda di espandere considerevolmente i suoi servizi. L'azienda ora offre traslochi locali, nazionali e internazionali a clienti privati e aziendali, oltre a vaste strutture di stoccaggio. <\/p>\n<p>Hilldrup \u00e8 ora gestito dalla terza generazione di McDaniel e l'azienda crede fortemente nella forza della famiglia. \u00c8 questo ethos che trasmettono ai loro clienti. Alla Hilldrup piace restituire e sostiene molti enti di beneficenza all'interno delle loro comunit\u00e0.<\/p>\n<p>Hilldrup Moving and Storage ha i seguenti accreditamenti e affiliazioni:<\/p>\n<ul>\n<li> <a href=\"https:\/\/moverdb.com\/it\/amsa\/\">Associazione americana di trasloco e stoccaggio<\/a> (<a href=\"https:\/\/moverdb.com\/it\/amsa\/\" data-internallinksmanager029f6b8e52c=\"5\" title=\"L&#039;associazione americana di trasloco e stoccaggio (AMSA) spiegata\">AMSA<\/a>)<\/li>\n<li> <a href=\"https:\/\/moverdb.com\/it\/rim-promover\/\">Certificazione AMSA's Registered International Mover (RIM)<\/a><\/li>\n<li> Associazione Americana dei Camionisti (ATA)<\/li>\n<li> Better Business Bureau per tutte le filiali<\/li>\n<li> Centro per la gestione degli incarichi internazionali (CIAM)<\/li>\n<li> Programma di gestione centralizzata del traffico delle merci domestiche (CHAMP)<\/li>\n<li> Designazioni CRP (Certified Relocation Professional)<\/li>\n<li> CoreNet globale<\/li>\n<li> <a href=\"https:\/\/moverdb.com\/it\/employee-relocation-council\/\">Consiglio per il trasferimento dei dipendenti<\/a> (<a href=\"https:\/\/moverdb.com\/it\/employee-relocation-council\/\" data-internallinksmanager029f6b8e52c=\"83\" title=\"Spiegazione del Worldwide Employee Relocation Council (ERC)\">ERC<\/a>)<\/li>\n<li> Commissione marittima federale<\/li>\n<li> <a href=\"https:\/\/moverdb.com\/it\/fidi-faim\/\">F\u00e9d\u00e9ration Internationale des D\u00e9m\u00e9nageurs Internationaux \/ Federation of International Moving Companies<\/a> (<a href=\"https:\/\/moverdb.com\/it\/fidi-faim\/\" data-internallinksmanager029f6b8e52c=\"16\" title=\"FIDI e FAIM (FIDI Accredited International Mover) spiegati\">FIDI<\/a>)<\/li>\n<li> Certificazione FIDI FAIM\/ISO<\/li>\n<li> Designazioni di specialista della mobilit\u00e0 globale (GMS)<\/li>\n<li> <a href=\"https:\/\/moverdb.com\/it\/hgfaa\/\">Associazione degli spedizionieri di merci per la casa<\/a> (HHGFA)<\/li>\n<li> <a href=\"https:\/\/moverdb.com\/it\/iata\/\">Associazione internazionale del trasporto aereo<\/a> (<a href=\"https:\/\/moverdb.com\/it\/iata\/\" data-internallinksmanager029f6b8e52c=\"22\" title=\"Spiegazione dell&#039;Associazione Internazionale del Trasporto Aereo (IATA)\">IATA<\/a>)<\/li>\n<li> <a href=\"https:\/\/moverdb.com\/it\/sono\/\">Associazione internazionale dei traslocatori<\/a> (<a href=\"https:\/\/moverdb.com\/it\/iam\/\" data-internallinksmanager029f6b8e52c=\"23\" title=\"Spiegazione dell&#039;Associazione Internazionale dei Traslocatori (IAM)\">IAM<\/a>)<\/li>\n<li> Associazione internazionale di gestione delle strutture (IFMA)<\/li>\n<li> Certificazione ISO 9001:2000<\/li>\n<li> <a href=\"https:\/\/moverdb.com\/it\/lacma\/\">Associazione dei Traslocatori dell'America Latina e dei Caraibi<\/a> (<a href=\"https:\/\/moverdb.com\/it\/lacma\/\" data-internallinksmanager029f6b8e52c=\"28\" title=\"Associazione dei Traslocatori Internazionali dell&#039;America Latina e dei Caraibi (LACMA)\">LACMA<\/a>)<\/li>\n<li> Professional Employee Relocation Council International (PERC International)<\/li>\n<li> <a href=\"https:\/\/moverdb.com\/it\/rim-promover\/\">ProMover<\/a><\/li>\n<li> Spedizioniere internazionale certificato UniGroup Worldwide<\/li>\n<li> UniGroup Worldwide UTS Agent Forwarder<\/li>\n<\/ul>\n<h2>Recensioni su Hilldrup Moving &amp; Storage<\/h2>\n<p><strong>Positivo:<\/strong><\/p>\n<ul>\n<li> <em>\"Hanno spostato tutto e hanno fatto un ottimo lavoro.  Anche il back office \u00e8 stato meraviglioso rispondendo alle domande e assicurandosi che sapessimo tutto sul trasloco\".<\/em> - Michael S. via <a href=\"https:\/\/www.yelp.co.uk\/biz\/hilldrup-moving-and-storage-stafford?hrid=hESxKCc7GvTBdlp-kN4udw&#038;utm_campaign=www_review_share_popup&#038;utm_medium=copy_link&#038;utm_source=(direct)\" target=\"_blank\" rel=\"noopener\">Yelp<\/a>.<\/li>\n<li> <em>\"Non avremmo potuto essere pi\u00f9 felici con questa azienda, dal preventivo alla consegna finale sono stati puntuali, professionali, cortesi e molto amichevoli\".<\/em> - Gli Yarbs via <a href=\"https:\/\/www.bbb.org\/richmond\/business-reviews\/movers\/hilldrup-moving-storage-in-stafford-va-37026248\/reviews-and-complaints\" target=\"_blank\" rel=\"noopener\">BBB<\/a><\/li>\n<\/ul>\n<p><strong>Negativo:<\/strong><\/p>\n<ul>\n<li> <em>\"Questi ragazzi sono terribili. So che quando prendi dei traslocatori professionisti ti aspetti che alcune cose siano rotte, \u00e8 solo parte del processo. Il problema \u00e8 che abbiamo trovato cose rotte a causa di errori davvero stupidi\".<\/em> - Nick T. via <a href=\"https:\/\/www.yelp.co.uk\/biz\/hilldrup-moving-and-storage-stafford?hrid=tgu5ZfofrNJ6h_HXaIX9PQ&#038;utm_campaign=www_review_share_popup&#038;utm_medium=copy_link&#038;utm_source=(direct)\" target=\"_blank\" rel=\"noopener\">Yelp<\/a><\/li>\n<li> <em>\"Cos\u00ec l'autista che \u00e8 venuto da Hilldrup non aveva nessuna esperienza di scarico e porta la roba ai grattacieli. Questo \u00e8 molto brutto e cos\u00ec poco professionale\".<\/em> - Sharad via <a href=\"https:\/\/www.mymovingreviews.com\/movers\/hilldrup-3657\" target=\"_blank\" rel=\"noopener\">MyMoingReviews.com<\/a><\/li>\n<\/ul>\n<div itemprop=\"review\" itemscope itemtype=\"http:\/\/schema.org\/Review\">\n<span itemprop=\"author\" itemscope=\"\" itemtype=\"http:\/\/schema.org\/Organization\"><span itemprop=\"name\">MoverDB.com<\/span><\/span> Recensione del sito web online per <span itemprop=\"itemreviewed\" itemscope=\"\" itemtype=\"http:\/\/schema.org\/Brand\"><span itemprop=\"name\">Hilldrup Moving &amp; Storage<\/span><\/span>:<\/p>\n<ol>\n<li> Dettagli di contatto chiari sul sito web (compreso il numero di telefono): <strong>S\u00ec<\/strong><\/li>\n<li> Facile da ottenere <a href=\"https:\/\/moverdb.com\/it\/citazioni\/\">preventivi di trasloco internazionale<\/a>? (Modulo di richiesta di preventivo online): <strong>S\u00ec<\/strong><\/li>\n<li> Informazioni chiare sul sito web: <strong>S\u00ec,<\/strong> Il sito web \u00e8 ben progettato e delinea chiaramente i prodotti e i servizi offerti.<\/li>\n<li> Appartenenza a organizzazioni internazionali riconosciute per il movimento: <strong>S\u00ec<\/strong>, molti, vedi sopra<\/li>\n<li> Elenco di clienti e\/o testimonianze di clienti precedenti. <strong>S\u00ec,<\/strong> Mentre elencano i loro premi e affiliazioni sul loro sito web, non siamo riusciti a trovare un elenco di testimonianze dei clienti. Tuttavia, hanno generalmente postie recensioni da tutto il web.<\/li>\n<\/ol>\n<div itemprop=\"reviewRating\" itemscope itemtype=\"http:\/\/schema.org\/Rating\"><meta itemprop=\"worstRating\" content = \"0\" \/><meta itemprop=\"bestRating\" content=\"5\" \/><meta itemprop=\"ratingValue\" content=\"4.5\"><\/div>\n<p><strong>Punteggio complessivo: 4,5\/5<\/strong><br \/>\n<strong>Data di revisione:<\/strong> <span itemprop=\"datePublished\" content=\"2017-01-10\">10\/01\/2017<\/span>\n<\/div>\n<p>Per saperne di pi\u00f9 <a href=\"https:\/\/moverdb.com\/it\/aziende-di-traslochi\/\">societ\u00e0 di traslochi internazionali<\/a>, <a href=\"https:\/\/moverdb.com\/it\/us-canada-movers\/\">aziende di traslochi nazionali<\/a> e il nostro <a href=\"https:\/\/moverdb.com\/it\/recensioni\/\">processo di revisione spiegato<\/a>.<\/p>\n<p><strong>Sito web:<\/strong> <a href=\"https:\/\/www.hilldrup.com\/\" target=\"_blank\" rel=\"noopener\">https:\/\/www.hilldrup.com\/<\/a><\/p>","protected":false},"excerpt":{"rendered":"<p>Hilldrup Moving and Storage is based in Stafford VA. The company offers its client a variety of services which are listed below, together with a company profile and reviews. International Moving Services Relocation Assistance Human Resource Consulting and Strategic Planning Marketing Assistance Home Sales Program Expense Administration Temporary Living Arrangement International Assignment Services Destination and [&hellip;]<\/p>\n","protected":false},"author":1,"featured_media":0,"parent":0,"menu_order":0,"comment_status":"closed","ping_status":"closed","template":"","meta":{"_genesis_hide_title":false,"_genesis_hide_breadcrumbs":false,"_genesis_hide_singular_image":false,"_genesis_hide_footer_widgets":false,"_genesis_custom_body_class":"","_genesis_custom_post_class":"","_genesis_layout":"","footnotes":""},"class_list":{"0":"post-1034","1":"page","2":"type-page","3":"status-publish","5":"entry"},"_links":{"self":[{"href":"https:\/\/moverdb.com\/it\/wp-json\/wp\/v2\/pages\/1034","targetHints":{"allow":["GET"]}}],"collection":[{"href":"https:\/\/moverdb.com\/it\/wp-json\/wp\/v2\/pages"}],"about":[{"href":"https:\/\/moverdb.com\/it\/wp-json\/wp\/v2\/types\/page"}],"author":[{"embeddable":true,"href":"https:\/\/moverdb.com\/it\/wp-json\/wp\/v2\/users\/1"}],"replies":[{"embeddable":true,"href":"https:\/\/moverdb.com\/it\/wp-json\/wp\/v2\/comments?post=1034"}],"version-history":[{"count":3,"href":"https:\/\/moverdb.com\/it\/wp-json\/wp\/v2\/pages\/1034\/revisions"}],"predecessor-version":[{"id":6220,"href":"https:\/\/moverdb.com\/it\/wp-json\/wp\/v2\/pages\/1034\/revisions\/6220"}],"wp:attachment":[{"href":"https:\/\/moverdb.com\/it\/wp-json\/wp\/v2\/media?parent=1034"}],"curies":[{"name":"wp","href":"https:\/\/api.w.org\/{rel}","templated":true}]}}