{"id":10260,"date":"2023-06-22T15:32:42","date_gmt":"2023-06-22T15:32:42","guid":{"rendered":"https:\/\/moverdb.com\/?page_id=10260"},"modified":"2026-01-08T15:30:25","modified_gmt":"2026-01-08T15:30:25","slug":"moving-companies-zambia","status":"publish","type":"page","link":"https:\/\/moverdb.com\/it\/moving-companies\/moving-companies-zambia\/","title":{"rendered":"Le migliori aziende di traslochi internazionali in Zambia"},"content":{"rendered":"<p>Il trasloco pu\u00f2 essere una delle cose pi\u00f9 stressanti che si fanno, per questo \u00e8 necessario rivolgersi a un'agenzia di <a href=\"https:\/\/moverdb.com\/it\/moving-companies\/\" data-internallinksmanager029f6b8e52c=\"79\" title=\"Le 25 migliori aziende di traslochi internazionali online\">azienda di traslochi<\/a> possono ridurre la pressione e semplificare il trasloco. Qui di seguito abbiamo compilato un elenco di siti di Zambia <a href=\"https:\/\/moverdb.com\/it\/international-removals\/\" data-internallinksmanager029f6b8e52c=\"27\" title=\"36 Migliori aziende di traslochi internazionali del Regno Unito\">aziende di trasloco<\/a> che sono membri dell'associazione <a href=\"https:\/\/moverdb.com\/it\/iam\/\" data-internallinksmanager029f6b8e52c=\"23\" title=\"Spiegazione dell&#039;Associazione Internazionale dei Traslocatori (IAM)\">Associazione internazionale dei traslocatori<\/a> (IAM) e\/o <a href=\"https:\/\/moverdb.com\/it\/fidi-faim\/\" data-internallinksmanager029f6b8e52c=\"16\" title=\"FIDI e FAIM (FIDI Accredited International Mover) spiegati\">FIDI<\/a> Traslocatori internazionali accreditati (FAIM) che possono assistervi nel vostro trasloco.<\/p>\n<h2><strong>Traslochi Stuttafords <\/strong><\/h2>\n<p><img loading=\"lazy\" decoding=\"async\" class=\"alignnone size-full wp-image-10261\" src=\"https:\/\/moverdb.com\/wp-content\/uploads\/Stuttafords-Removals-Zambia-international-moving-company.png\" alt=\"Stuttafords Removals Zambia societ\u00e0 di traslochi internazionali\" width=\"1440\" height=\"708\" data-wp-pid=\"10261\" srcset=\"https:\/\/moverdb.com\/wp-content\/uploads\/Stuttafords-Removals-Zambia-international-moving-company.png 1440w, https:\/\/moverdb.com\/wp-content\/uploads\/Stuttafords-Removals-Zambia-international-moving-company-300x148.png 300w, https:\/\/moverdb.com\/wp-content\/uploads\/Stuttafords-Removals-Zambia-international-moving-company-1024x503.png 1024w, https:\/\/moverdb.com\/wp-content\/uploads\/Stuttafords-Removals-Zambia-international-moving-company-18x9.png 18w, https:\/\/moverdb.com\/wp-content\/uploads\/Stuttafords-Removals-Zambia-international-moving-company-600x295.png 600w\" sizes=\"auto, (max-width: 1440px) 100vw, 1440px\" \/><\/p>\n<ul>\n<li>Spostamenti locali<\/li>\n<li>Spostamenti internazionali<\/li>\n<li>Traslochi domestici<\/li>\n<li>Traslochi commerciali<\/li>\n<li>Porta a porta e porta a porta<a href=\"https:\/\/moverdb.com\/it\/top-49-container-ports\/\" data-internallinksmanager029f6b8e52c=\"80\" title=\"I 49 porti container pi\u00f9 grandi e trafficati nel 2025\">porto<\/a> servizio<\/li>\n<li>Servizio di imballaggio<\/li>\n<li>Trasporto aereo e marittimo<\/li>\n<li>Sdoganamento<\/li>\n<li>Trasporto di veicoli<\/li>\n<li>Stoccaggio a breve e lungo termine<\/li>\n<\/ul>\n<p>Stuttafords Removals \u00e8 un'azienda indipendente di traslochi internazionali fondata nel 1993 con sede a Lusaka. Fa parte del Gruppo SGI, che ha filiali in tutta l'Africa. Dispone di una rete di agenzie di trasloco, partnership industriali e affiliazioni in tutto il mondo per fornire i propri servizi. \u00c8 membro della IAM con 30 anni di esperienza ed \u00e8 accreditata dalla FIDI.<\/p>\n<p>Stuttafords Removals offre servizi di trasloco porta a porta e porta a porta che iniziano con una consulenza e un preventivo gratuiti in loco. Forniscono un servizio di imballaggio conforme agli standard internazionali, che comprende l'avvolgimento e l'inscatolamento degli oggetti. I vostri effetti personali, compresi i veicoli, saranno spediti con sdoganamento gestito.<\/p>\n<p>Sito web: <a href=\"http:\/\/www.stuttafordsremovalszambia.com\" target=\"_blank\" rel=\"noopener\">http:\/\/www.stuttafordsremovalszambia.com<\/a><\/p>","protected":false},"excerpt":{"rendered":"<p>Moving can be one of the most stressful things you do so enlisting the services of a moving company can reduce the pressure and make moving simpler. Below we have compiled a list of Zambia based removal companies that are members of the International Association of Movers (IAM) and\/or FIDI Accredited International Mover (FAIM) who [&hellip;]<\/p>\n","protected":false},"author":4,"featured_media":10261,"parent":190,"menu_order":0,"comment_status":"closed","ping_status":"closed","template":"","meta":{"_genesis_hide_title":false,"_genesis_hide_breadcrumbs":false,"_genesis_hide_singular_image":false,"_genesis_hide_footer_widgets":false,"_genesis_custom_body_class":"","_genesis_custom_post_class":"","_genesis_layout":"","footnotes":""},"class_list":{"0":"post-10260","1":"page","2":"type-page","3":"status-publish","4":"has-post-thumbnail","6":"entry"},"_links":{"self":[{"href":"https:\/\/moverdb.com\/it\/wp-json\/wp\/v2\/pages\/10260","targetHints":{"allow":["GET"]}}],"collection":[{"href":"https:\/\/moverdb.com\/it\/wp-json\/wp\/v2\/pages"}],"about":[{"href":"https:\/\/moverdb.com\/it\/wp-json\/wp\/v2\/types\/page"}],"author":[{"embeddable":true,"href":"https:\/\/moverdb.com\/it\/wp-json\/wp\/v2\/users\/4"}],"replies":[{"embeddable":true,"href":"https:\/\/moverdb.com\/it\/wp-json\/wp\/v2\/comments?post=10260"}],"version-history":[{"count":1,"href":"https:\/\/moverdb.com\/it\/wp-json\/wp\/v2\/pages\/10260\/revisions"}],"predecessor-version":[{"id":10262,"href":"https:\/\/moverdb.com\/it\/wp-json\/wp\/v2\/pages\/10260\/revisions\/10262"}],"up":[{"embeddable":true,"href":"https:\/\/moverdb.com\/it\/wp-json\/wp\/v2\/pages\/190"}],"wp:featuredmedia":[{"embeddable":true,"href":"https:\/\/moverdb.com\/it\/wp-json\/wp\/v2\/media\/10261"}],"wp:attachment":[{"href":"https:\/\/moverdb.com\/it\/wp-json\/wp\/v2\/media?parent=10260"}],"curies":[{"name":"wp","href":"https:\/\/api.w.org\/{rel}","templated":true}]}}