{"id":10255,"date":"2023-11-22T15:17:48","date_gmt":"2023-11-22T15:17:48","guid":{"rendered":"https:\/\/moverdb.com\/?page_id=10255"},"modified":"2026-01-08T15:29:27","modified_gmt":"2026-01-08T15:29:27","slug":"moving-companies-venezuela","status":"publish","type":"page","link":"https:\/\/moverdb.com\/it\/moving-companies\/moving-companies-venezuela\/","title":{"rendered":"Le 6 migliori imprese di traslochi internazionali in Venezuela"},"content":{"rendered":"<p>Un trasloco pu\u00f2 essere complesso, soprattutto se si tratta di un trasferimento nazionale. Se avete intenzione di trasferirvi all'interno del Venezuela, verso il Venezuela o da esso, allora potreste voler ingaggiare un <a href=\"https:\/\/moverdb.com\/it\/moving-companies\/\" data-internallinksmanager029f6b8e52c=\"79\" title=\"Le 25 migliori aziende di traslochi internazionali online\">azienda di traslochi<\/a> per assistervi nel vostro trasferimento. Di seguito abbiamo compilato un elenco di aziende con sede in Venezuela <a href=\"https:\/\/moverdb.com\/it\/international-removals\/\" data-internallinksmanager029f6b8e52c=\"27\" title=\"36 Migliori aziende di traslochi internazionali del Regno Unito\">aziende di trasloco<\/a> che sono membri dell'associazione <a href=\"https:\/\/moverdb.com\/it\/iam\/\" data-internallinksmanager029f6b8e52c=\"23\" title=\"Spiegazione dell&#039;Associazione Internazionale dei Traslocatori (IAM)\">Associazione internazionale dei traslocatori<\/a> (IAM) e\/o <a href=\"https:\/\/moverdb.com\/it\/fidi-faim\/\" data-internallinksmanager029f6b8e52c=\"16\" title=\"FIDI e FAIM (FIDI Accredited International Mover) spiegati\">FIDI<\/a> Traslocatore internazionale accreditato (FAIM) che pu\u00f2 aiutarvi con il vostro trasloco.<\/p>\n<div id=\"ez-toc-container\" class=\"ez-toc-v2_0_82_2 ez-toc-wrap-left counter-hierarchy ez-toc-counter ez-toc-transparent ez-toc-container-direction\">\n<div class=\"ez-toc-title-container\">\n<p class=\"ez-toc-title\" style=\"cursor:inherit\">Sezioni<\/p>\n<span class=\"ez-toc-title-toggle\"><a href=\"#\" class=\"ez-toc-pull-right ez-toc-btn ez-toc-btn-xs ez-toc-btn-default ez-toc-toggle\" aria-label=\"Allinea la tabella dei contenuti\"><span class=\"ez-toc-js-icon-con\"><span class=\"\"><span class=\"eztoc-hide\" style=\"display:none;\">Toggle<\/span><span class=\"ez-toc-icon-toggle-span\"><svg style=\"fill: #999;color:#999\" xmlns=\"http:\/\/www.w3.org\/2000\/svg\" class=\"list-377408\" width=\"20px\" height=\"20px\" viewbox=\"0 0 24 24\" fill=\"none\"><path d=\"M6 6H4v2h2V6zm14 0H8v2h12V6zM4 11h2v2H4v-2zm16 0H8v2h12v-2zM4 16h2v2H4v-2zm16 0H8v2h12v-2z\" fill=\"currentColor\"><\/path><\/svg><svg style=\"fill: #999;color:#999\" class=\"arrow-unsorted-368013\" xmlns=\"http:\/\/www.w3.org\/2000\/svg\" width=\"10px\" height=\"10px\" viewbox=\"0 0 24 24\" version=\"1.2\" baseprofile=\"tiny\"><path d=\"M18.2 9.3l-6.2-6.3-6.2 6.3c-.2.2-.3.4-.3.7s.1.5.3.7c.2.2.4.3.7.3h11c.3 0 .5-.1.7-.3.2-.2.3-.5.3-.7s-.1-.5-.3-.7zM5.8 14.7l6.2 6.3 6.2-6.3c.2-.2.3-.5.3-.7s-.1-.5-.3-.7c-.2-.2-.4-.3-.7-.3h-11c-.3 0-.5.1-.7.3-.2.2-.3.5-.3.7s.1.5.3.7z\"\/><\/svg><\/span><\/span><\/span><\/a><\/span><\/div>\n<nav><ul class='ez-toc-list ez-toc-list-level-1 eztoc-toggle-hide-by-default' ><li class='ez-toc-page-1 ez-toc-heading-level-2'><a class=\"ez-toc-link ez-toc-heading-1\" href=\"https:\/\/moverdb.com\/it\/moving-companies\/moving-companies-venezuela\/#1_AMP_Movers_International\" >1. AMP Movers International<\/a><\/li><li class='ez-toc-page-1 ez-toc-heading-level-2'><a class=\"ez-toc-link ez-toc-heading-2\" href=\"https:\/\/moverdb.com\/it\/moving-companies\/moving-companies-venezuela\/#2_Clover_International\" >2. Trifoglio Internazionale<\/a><\/li><li class='ez-toc-page-1 ez-toc-heading-level-2'><a class=\"ez-toc-link ez-toc-heading-3\" href=\"https:\/\/moverdb.com\/it\/moving-companies\/moving-companies-venezuela\/#3_Equixpress\" >3. Equixpress<\/a><\/li><li class='ez-toc-page-1 ez-toc-heading-level-2'><a class=\"ez-toc-link ez-toc-heading-4\" href=\"https:\/\/moverdb.com\/it\/moving-companies\/moving-companies-venezuela\/#4_JJ_Mari_International_Movers\" >4. JJ Mari Traslochi internazionali<\/a><\/li><li class='ez-toc-page-1 ez-toc-heading-level-2'><a class=\"ez-toc-link ez-toc-heading-5\" href=\"https:\/\/moverdb.com\/it\/moving-companies\/moving-companies-venezuela\/#5_Moving_Life\" >5. La vita in movimento<\/a><\/li><li class='ez-toc-page-1 ez-toc-heading-level-2'><a class=\"ez-toc-link ez-toc-heading-6\" href=\"https:\/\/moverdb.com\/it\/moving-companies\/moving-companies-venezuela\/#6_Mudanzas_Internacionales_Global\" >6. Mudanzas Internacionales Global<\/a><\/li><\/ul><\/nav><\/div>\n<h2><span class=\"ez-toc-section\" id=\"1_AMP_Movers_International\"><\/span><strong>1. AMP Movers International<\/strong><span class=\"ez-toc-section-end\"><\/span><\/h2>\n<p><img loading=\"lazy\" decoding=\"async\" class=\"alignnone size-full wp-image-10077\" src=\"https:\/\/moverdb.com\/wp-content\/uploads\/AMP-Movers-International-moving-company.png\" alt=\"AMP Movers, azienda di traslochi internazionali\" width=\"1440\" height=\"680\" data-wp-pid=\"10077\" srcset=\"https:\/\/moverdb.com\/wp-content\/uploads\/AMP-Movers-International-moving-company.png 1440w, https:\/\/moverdb.com\/wp-content\/uploads\/AMP-Movers-International-moving-company-300x142.png 300w, https:\/\/moverdb.com\/wp-content\/uploads\/AMP-Movers-International-moving-company-1024x484.png 1024w, https:\/\/moverdb.com\/wp-content\/uploads\/AMP-Movers-International-moving-company-18x9.png 18w, https:\/\/moverdb.com\/wp-content\/uploads\/AMP-Movers-International-moving-company-600x283.png 600w\" sizes=\"auto, (max-width: 1440px) 100vw, 1440px\" \/><\/p>\n<ul>\n<li>Movimenti nazionali<\/li>\n<li>Spostamenti internazionali<\/li>\n<li>Traslochi domestici<\/li>\n<li>Servizio di imballaggio<\/li>\n<li>Organizzazione del trasporto<\/li>\n<li>Procedure doganali<\/li>\n<li>Manipolazione delle opere d'arte<\/li>\n<li>Trasporto di veicoli<\/li>\n<li>Assicurazione<\/li>\n<li>Strutture di stoccaggio<\/li>\n<\/ul>\n<p>AMP Movers International \u00e8 un'azienda di traslochi nazionali e internazionali con oltre 10 anni di esperienza e sede a Caracas. Dispone di una rete di agenti di trasloco in tutto il mondo che la supportano nella fornitura di servizi a livello internazionale. \u00c8 membro di IAM.<\/p>\n<p>AMP Movers International offre un'assistenza personalizzata per i traslochi che inizia con un sopralluogo e un preventivo prima del trasloco. Fornisce un servizio di imballaggio professionale che utilizza materiali di imballaggio speciali progettati per il contenuto, compresa una protezione extra per gli oggetti fragili. All'arrivo, il personale assiste nel disimballaggio, nella sistemazione dei mobili e nella rimozione dei materiali. Offrono anche servizi di gestione di opere d'arte e oggetti d'antiquariato, trasferimenti di veicoli e deposito.<\/p>\n<p>Sito web: <a href=\"http:\/\/www.ampmovers.com\" target=\"_blank\" rel=\"noopener\">http:\/\/www.ampmovers.com<\/a><\/p>\n<h2><span class=\"ez-toc-section\" id=\"2_Clover_International\"><\/span><strong>2. Trifoglio Internazionale<\/strong><span class=\"ez-toc-section-end\"><\/span><\/h2>\n<p><img loading=\"lazy\" decoding=\"async\" class=\"alignnone size-full wp-image-10094\" src=\"https:\/\/moverdb.com\/wp-content\/uploads\/Clover-International-moving-company.png\" alt=\"Azienda di traslochi Clover International\" width=\"1440\" height=\"684\" data-wp-pid=\"10094\" srcset=\"https:\/\/moverdb.com\/wp-content\/uploads\/Clover-International-moving-company.png 1440w, https:\/\/moverdb.com\/wp-content\/uploads\/Clover-International-moving-company-300x143.png 300w, https:\/\/moverdb.com\/wp-content\/uploads\/Clover-International-moving-company-1024x486.png 1024w, https:\/\/moverdb.com\/wp-content\/uploads\/Clover-International-moving-company-18x9.png 18w, https:\/\/moverdb.com\/wp-content\/uploads\/Clover-International-moving-company-600x285.png 600w\" sizes=\"auto, (max-width: 1440px) 100vw, 1440px\" \/><\/p>\n<ul>\n<li>Movimenti nazionali<\/li>\n<li>Spostamenti internazionali<\/li>\n<li>Spostamenti residenziali<\/li>\n<li>Traslochi aziendali e di uffici<\/li>\n<li>Servizio di imballaggio<\/li>\n<li>Gestione delle dogane<\/li>\n<li>Trasporto di animali e veicoli<\/li>\n<li>Servizi di pulizia<\/li>\n<li>Assicurazione<\/li>\n<li>Strutture di stoccaggio<\/li>\n<\/ul>\n<p>Clover International \u00e8 un'azienda di logistica e traslochi con quasi 60 anni di esperienza e sede a Caracas. \u00c8 membro dell'IAM con 59 anni di esperienza ed \u00e8 accreditata FIDI, il che significa che lavora secondo standard elevati e ha una rete di agenti di trasloco che operano anch'essi a questo livello con cui lavorare.<\/p>\n<p>Clover International offre servizi di trasloco specializzati per oggetti domestici e aziendali, animali domestici e veicoli all'interno, da e verso il Venezuela. Organizza il trasporto e la gestione doganale dei vostri oggetti fino a destinazione, con tanto di assicurazione. Utilizza materiali di alta qualit\u00e0 e standard di sicurezza per proteggere i vostri oggetti.<\/p>\n<p>Sito web: <a href=\"https:\/\/www.cloverve.com\/\" target=\"_blank\" rel=\"noopener\">https:\/\/www.cloverve.com\/<\/a><\/p>\n<h2><span class=\"ez-toc-section\" id=\"3_Equixpress\"><\/span><strong>3. Equixpress<\/strong><span class=\"ez-toc-section-end\"><\/span><\/h2>\n<p><img loading=\"lazy\" decoding=\"async\" class=\"alignnone size-full wp-image-10112\" src=\"https:\/\/moverdb.com\/wp-content\/uploads\/Equixpress-international-moving-company.png\" alt=\"Azienda di traslochi internazionali Equixpress\" width=\"1440\" height=\"680\" data-wp-pid=\"10112\" srcset=\"https:\/\/moverdb.com\/wp-content\/uploads\/Equixpress-international-moving-company.png 1440w, https:\/\/moverdb.com\/wp-content\/uploads\/Equixpress-international-moving-company-300x142.png 300w, https:\/\/moverdb.com\/wp-content\/uploads\/Equixpress-international-moving-company-1024x484.png 1024w, https:\/\/moverdb.com\/wp-content\/uploads\/Equixpress-international-moving-company-18x9.png 18w, https:\/\/moverdb.com\/wp-content\/uploads\/Equixpress-international-moving-company-600x283.png 600w\" sizes=\"auto, (max-width: 1440px) 100vw, 1440px\" \/><\/p>\n<ul>\n<li>Movimenti nazionali<\/li>\n<li>Spostamenti internazionali<\/li>\n<li>Traslochi domestici<\/li>\n<li>Logistica commerciale<\/li>\n<li>Servizio di imballaggio<\/li>\n<li>Trasporto aereo, marittimo e terrestre<\/li>\n<li>Brokeraggio doganale<\/li>\n<li><a href=\"https:\/\/moverdb.com\/it\/car-transport-shipping\/\" data-internallinksmanager029f6b8e52c=\"2\" title=\"2026 Preventivi per il trasporto internazionale di auto e veicoli\">Spedizione di veicoli<\/a><\/li>\n<li>Assicurazione contro tutti i rischi<\/li>\n<li>Strutture di stoccaggio<\/li>\n<\/ul>\n<p>Equixpress \u00e8 un'azienda di traslochi internazionali fondata nel 1963 con sede a Caracas. \u00c8 membro della IAM e vanta 60 anni di esperienza che le consentono di accedere a una rete internazionale di agenti di trasloco per fornire servizi ovunque nel mondo.<\/p>\n<p>Equixpress offre un servizio di trasloco personalizzato che gestisce tutti gli aspetti del processo di trasloco. Imballano i vostri effetti personali in modo sicuro e organizzano il trasporto per via aerea, marittima o stradale fino a destinazione, con la gestione delle pratiche doganali e l'assicurazione contro tutti i rischi. Utilizza materiali di imballaggio e scatole della migliore qualit\u00e0 e presta particolare attenzione agli oggetti fragili, realizzando anche casse di legno su misura.<\/p>\n<p>Sito web: <a href=\"http:\/\/www.equixpress.com\" target=\"_blank\" rel=\"noopener\">http:\/\/www.equixpress.com<\/a><\/p>\n<h2><span class=\"ez-toc-section\" id=\"4_JJ_Mari_International_Movers\"><\/span><strong>4. JJ Mari Traslochi internazionali<\/strong><span class=\"ez-toc-section-end\"><\/span><\/h2>\n<p><img loading=\"lazy\" decoding=\"async\" class=\"alignnone size-full wp-image-10142\" src=\"https:\/\/moverdb.com\/wp-content\/uploads\/JJ-Mari-International-Movers-moving-company.png\" alt=\"Azienda di traslochi JJ Mari International Movers\" width=\"1440\" height=\"680\" data-wp-pid=\"10142\" srcset=\"https:\/\/moverdb.com\/wp-content\/uploads\/JJ-Mari-International-Movers-moving-company.png 1440w, https:\/\/moverdb.com\/wp-content\/uploads\/JJ-Mari-International-Movers-moving-company-300x142.png 300w, https:\/\/moverdb.com\/wp-content\/uploads\/JJ-Mari-International-Movers-moving-company-1024x484.png 1024w, https:\/\/moverdb.com\/wp-content\/uploads\/JJ-Mari-International-Movers-moving-company-18x9.png 18w, https:\/\/moverdb.com\/wp-content\/uploads\/JJ-Mari-International-Movers-moving-company-600x283.png 600w\" sizes=\"auto, (max-width: 1440px) 100vw, 1440px\" \/><\/p>\n<ul>\n<li>Traslochi locali<\/li>\n<li>Spostamenti internazionali<\/li>\n<li>Traslochi domestici<\/li>\n<li>Traslochi aziendali<\/li>\n<li>Servizio di imballaggio<\/li>\n<li>Carico aereo e marittimo<\/li>\n<li>Brokeraggio doganale<\/li>\n<li>Manipolazione delle opere d'arte<\/li>\n<li>Trasferimenti di veicoli<\/li>\n<li>Strutture di stoccaggio<\/li>\n<\/ul>\n<p>JJ Mari International Movers \u00e8 un'azienda di logistica e trasporti internazionali con oltre 35 anni di esperienza e sede a Caracas. \u00c8 membro della IAM con 23 anni di esperienza ed \u00e8 accreditata dalla FIDI, che le d\u00e0 accesso a reti internazionali di agenti di trasloco che operano secondo standard elevati.<\/p>\n<p>JJ Mari International Movers offre servizi di trasloco porta a porta per famiglie, aziende e diplomatici. Mette a disposizione personale altamente qualificato per imballare e disimballare i vostri beni e prester\u00e0 particolare attenzione agli oggetti fragili, compresi quelli d'arte e d'antiquariato. Organizzano il trasporto internazionale per via aerea o marittima con intermediazione doganale, che pu\u00f2 includere anche il trasferimento dei veicoli.<\/p>\n<p>Sito web: <a href=\"http:\/\/www.jjmarimovers.net\" target=\"_blank\" rel=\"noopener\">http:\/\/www.jjmarimovers.net<\/a><\/p>\n<h2><span class=\"ez-toc-section\" id=\"5_Moving_Life\"><\/span><strong>5. La vita in movimento<\/strong><span class=\"ez-toc-section-end\"><\/span><\/h2>\n<p><img loading=\"lazy\" decoding=\"async\" class=\"alignnone size-full wp-image-10160\" src=\"https:\/\/moverdb.com\/wp-content\/uploads\/Moving-Life-international-moving-company.png\" alt=\"Traslochi internazionali Moving Life\" width=\"1440\" height=\"679\" data-wp-pid=\"10160\" srcset=\"https:\/\/moverdb.com\/wp-content\/uploads\/Moving-Life-international-moving-company.png 1440w, https:\/\/moverdb.com\/wp-content\/uploads\/Moving-Life-international-moving-company-300x141.png 300w, https:\/\/moverdb.com\/wp-content\/uploads\/Moving-Life-international-moving-company-1024x483.png 1024w, https:\/\/moverdb.com\/wp-content\/uploads\/Moving-Life-international-moving-company-18x8.png 18w, https:\/\/moverdb.com\/wp-content\/uploads\/Moving-Life-international-moving-company-600x283.png 600w\" sizes=\"auto, (max-width: 1440px) 100vw, 1440px\" \/><\/p>\n<ul>\n<li>Traslochi locali e nazionali<\/li>\n<li>Spostamenti internazionali<\/li>\n<li>Traslochi domestici<\/li>\n<li>Traslochi d'ufficio<\/li>\n<li>Servizio porta a porta<\/li>\n<li>Servizio di imballaggio<\/li>\n<li>Trasporto aereo e marittimo<\/li>\n<li>Procedure doganali<\/li>\n<li>Manipolazione dell'arte<\/li>\n<li>Trasferimenti di veicoli<\/li>\n<\/ul>\n<p>Moving Life \u00e8 un'azienda di traslochi internazionali con oltre 19 anni di esperienza e sede a Caracas. \u00c8 supportata da una rete di oltre 2.000 membri che coprono 170 Paesi per fornire servizi in tutto il mondo. \u00c8 membro di IAM con otto anni di esperienza.<\/p>\n<p>Moving Life offre servizi di trasloco porta a porta che iniziano con una visita pre-movimento per stabilire le vostre esigenze di trasloco. Imballeranno i vostri beni utilizzando tecniche professionali riconosciute dagli standard internazionali e creeranno un inventario. Caricheranno i vostri oggetti imballati in furgoni di legno su misura per il trasporto aereo o in container metallici per la spedizione via mare e completeranno le procedure doganali.<\/p>\n<p>Sito web: <a href=\"http:\/\/www.movinglife.com.ve\" target=\"_blank\" rel=\"noopener\">http:\/\/www.movinglife.com.ve<\/a><\/p>\n<h2><span class=\"ez-toc-section\" id=\"6_Mudanzas_Internacionales_Global\"><\/span><strong>6. Mudanzas Internacionales Global<\/strong><span class=\"ez-toc-section-end\"><\/span><\/h2>\n<p><img loading=\"lazy\" decoding=\"async\" class=\"alignnone size-full wp-image-10162\" src=\"https:\/\/moverdb.com\/wp-content\/uploads\/Mudanzas-Internacionales-Global-moving-company.png\" alt=\"Mudanzas Internacionales Societ\u00e0 di traslochi globali\" width=\"1440\" height=\"682\" data-wp-pid=\"10162\" srcset=\"https:\/\/moverdb.com\/wp-content\/uploads\/Mudanzas-Internacionales-Global-moving-company.png 1440w, https:\/\/moverdb.com\/wp-content\/uploads\/Mudanzas-Internacionales-Global-moving-company-300x142.png 300w, https:\/\/moverdb.com\/wp-content\/uploads\/Mudanzas-Internacionales-Global-moving-company-1024x485.png 1024w, https:\/\/moverdb.com\/wp-content\/uploads\/Mudanzas-Internacionales-Global-moving-company-18x9.png 18w, https:\/\/moverdb.com\/wp-content\/uploads\/Mudanzas-Internacionales-Global-moving-company-600x284.png 600w\" sizes=\"auto, (max-width: 1440px) 100vw, 1440px\" \/><\/p>\n<ul>\n<li>Traslochi locali e nazionali<\/li>\n<li>Spostamenti internazionali<\/li>\n<li>Spostamenti residenziali<\/li>\n<li>Sondaggio pre-spostamento<\/li>\n<li>Servizio di imballaggio<\/li>\n<li>Modalit\u00e0 di trasporto<\/li>\n<li>Supporto doganale<\/li>\n<li>Tracciamento dei movimenti<\/li>\n<li>Soddisfare gli standard internazionali<\/li>\n<li>Stoccaggio temporaneo<\/li>\n<\/ul>\n<p>Mudanzas Internacionales Global \u00e8 un'azienda di traslochi fondata nel 1988 con sede a Caracas. \u00c8 membro della IAM con 35 anni di esperienza ed \u00e8 accreditata dalla FIDI. Queste appartenenze le consentono di lavorare con una rete di aziende di traslochi internazionali che le supportano nei traslochi in tutto il mondo.<\/p>\n<p>Mudanzas Internacionales Global offre un servizio di trasloco personalizzato e conforme agli standard internazionali. Offre un sopralluogo preliminare per valutare le vostre esigenze di trasloco e consigliare le migliori opzioni di trasloco. I loro esperti imballatori utilizzeranno materiali di imballaggio della migliore qualit\u00e0, conformi alle normative internazionali, per proteggere i vostri oggetti.<\/p>\n<p>Sito web: <a href=\"http:\/\/www.miglobal.com\" target=\"_blank\" rel=\"noopener\">http:\/\/www.miglobal.com<\/a><\/p>","protected":false},"excerpt":{"rendered":"<p>Moving can be complex especially if you are moving country. So, if you are planning on moving within, to or from Venezuela, then you may want to engage a moving company to assist you with your move. Below we have compiled a list of Venezuela based removal companies that are members of the International Association [&hellip;]<\/p>\n","protected":false},"author":4,"featured_media":10077,"parent":190,"menu_order":0,"comment_status":"closed","ping_status":"closed","template":"","meta":{"_genesis_hide_title":false,"_genesis_hide_breadcrumbs":false,"_genesis_hide_singular_image":false,"_genesis_hide_footer_widgets":false,"_genesis_custom_body_class":"","_genesis_custom_post_class":"","_genesis_layout":"","footnotes":""},"class_list":{"0":"post-10255","1":"page","2":"type-page","3":"status-publish","4":"has-post-thumbnail","6":"entry"},"_links":{"self":[{"href":"https:\/\/moverdb.com\/it\/wp-json\/wp\/v2\/pages\/10255","targetHints":{"allow":["GET"]}}],"collection":[{"href":"https:\/\/moverdb.com\/it\/wp-json\/wp\/v2\/pages"}],"about":[{"href":"https:\/\/moverdb.com\/it\/wp-json\/wp\/v2\/types\/page"}],"author":[{"embeddable":true,"href":"https:\/\/moverdb.com\/it\/wp-json\/wp\/v2\/users\/4"}],"replies":[{"embeddable":true,"href":"https:\/\/moverdb.com\/it\/wp-json\/wp\/v2\/comments?post=10255"}],"version-history":[{"count":1,"href":"https:\/\/moverdb.com\/it\/wp-json\/wp\/v2\/pages\/10255\/revisions"}],"predecessor-version":[{"id":10256,"href":"https:\/\/moverdb.com\/it\/wp-json\/wp\/v2\/pages\/10255\/revisions\/10256"}],"up":[{"embeddable":true,"href":"https:\/\/moverdb.com\/it\/wp-json\/wp\/v2\/pages\/190"}],"wp:featuredmedia":[{"embeddable":true,"href":"https:\/\/moverdb.com\/it\/wp-json\/wp\/v2\/media\/10077"}],"wp:attachment":[{"href":"https:\/\/moverdb.com\/it\/wp-json\/wp\/v2\/media?parent=10255"}],"curies":[{"name":"wp","href":"https:\/\/api.w.org\/{rel}","templated":true}]}}