{"id":10253,"date":"2023-06-22T15:36:35","date_gmt":"2023-06-22T15:36:35","guid":{"rendered":"https:\/\/moverdb.com\/?page_id=10253"},"modified":"2026-01-08T15:23:53","modified_gmt":"2026-01-08T15:23:53","slug":"moving-companies-uzbekistan","status":"publish","type":"page","link":"https:\/\/moverdb.com\/it\/moving-companies\/moving-companies-uzbekistan\/","title":{"rendered":"2 Migliori imprese di traslochi internazionali in Uzbekistan"},"content":{"rendered":"<p>Avete intenzione di trasferirvi all'interno dell'Uzbekistan, a destinazione o in provenienza da esso? Allora rivolgetevi a un <a href=\"https:\/\/moverdb.com\/it\/moving-companies\/\" data-internallinksmanager029f6b8e52c=\"79\" title=\"Le 25 migliori aziende di traslochi internazionali online\">azienda di traslochi<\/a> che possono assistervi nell'imballaggio, nell'organizzazione del trasporto e nel disbrigo delle pratiche doganali per i traslochi internazionali pu\u00f2 davvero facilitare il vostro trasferimento. Di seguito abbiamo stilato un elenco di agenzie di traslochi con sede in Uzbekistan. <a href=\"https:\/\/moverdb.com\/it\/international-removals\/\" data-internallinksmanager029f6b8e52c=\"27\" title=\"36 Migliori aziende di traslochi internazionali del Regno Unito\">aziende di trasloco<\/a> che sono membri dell'associazione <a href=\"https:\/\/moverdb.com\/it\/iam\/\" data-internallinksmanager029f6b8e52c=\"23\" title=\"Spiegazione dell&#039;Associazione Internazionale dei Traslocatori (IAM)\">Associazione internazionale dei traslocatori<\/a> (IAM) e\/o <a href=\"https:\/\/moverdb.com\/it\/fidi-faim\/\" data-internallinksmanager029f6b8e52c=\"16\" title=\"FIDI e FAIM (FIDI Accredited International Mover) spiegati\">FIDI<\/a> Traslocatore internazionale accreditato (FAIM) che pu\u00f2 aiutarvi con il vostro trasloco.<\/p>\n<h2><strong>1. Muoversi uno<\/strong><\/h2>\n<p><img loading=\"lazy\" decoding=\"async\" class=\"alignnone size-full wp-image-10159\" src=\"https:\/\/moverdb.com\/wp-content\/uploads\/Move-One-international-moving-company-1.png\" alt=\"Azienda di traslochi internazionali Move One\" width=\"1440\" height=\"676\" data-wp-pid=\"10159\" srcset=\"https:\/\/moverdb.com\/wp-content\/uploads\/Move-One-international-moving-company-1.png 1440w, https:\/\/moverdb.com\/wp-content\/uploads\/Move-One-international-moving-company-1-300x141.png 300w, https:\/\/moverdb.com\/wp-content\/uploads\/Move-One-international-moving-company-1-1024x481.png 1024w, https:\/\/moverdb.com\/wp-content\/uploads\/Move-One-international-moving-company-1-18x8.png 18w, https:\/\/moverdb.com\/wp-content\/uploads\/Move-One-international-moving-company-1-600x282.png 600w\" sizes=\"auto, (max-width: 1440px) 100vw, 1440px\" \/><\/p>\n<ul>\n<li>Movimenti nazionali<\/li>\n<li>Spostamenti internazionali<\/li>\n<li>Traslochi domestici<\/li>\n<li>Logistica commerciale<\/li>\n<li>Servizi di trasferimento<\/li>\n<li>Servizio di imballaggio<\/li>\n<li>Organizzazione del trasporto<\/li>\n<li>Supporto doganale<\/li>\n<li>Trasporto di animali e veicoli<\/li>\n<li>Strutture di stoccaggio<\/li>\n<\/ul>\n<p>Move One \u00e8 una societ\u00e0 di logistica, traslochi e soluzioni di mobilit\u00e0 globale fondata nel 1992 con oltre 80 uffici in Europa orientale, Africa, Medio Oriente, Balcani e CSI. L'ufficio in Uzbekistan si trova a Tashkent. Dispone di una rete di uffici e agenti per fornire servizi internazionali. \u00c8 membro dello IAM con sette anni di servizio.<\/p>\n<p>Move One coordiner\u00e0 il vostro trasloco assicurandosi che si svolga senza intoppi, fornendo un servizio di imballaggio, organizzazione del trasporto e assistenza doganale. Offre servizi aggiuntivi come permessi e visti, spedizione di animali, spedizione di auto, bagagli in eccesso e deposito. I servizi di trasloco comprendono la ricerca di una casa e di una scuola, la sistemazione temporanea, l'orientamento e il supporto all'ambientamento.<\/p>\n<p>Sito web: <a href=\"https:\/\/www.moveoneinc.com\" target=\"_blank\" rel=\"noopener\">https:\/\/www.moveoneinc.com<\/a><\/p>\n<h2><strong>2. Gosselin<\/strong><\/h2>\n<p><img loading=\"lazy\" decoding=\"async\" class=\"alignnone size-full wp-image-10132\" src=\"https:\/\/moverdb.com\/wp-content\/uploads\/Gosselin-Uzbekistan-international-moving-company.png\" alt=\"Azienda di traslochi internazionali Gosselin Uzbekistan\" width=\"1440\" height=\"680\" data-wp-pid=\"10132\" srcset=\"https:\/\/moverdb.com\/wp-content\/uploads\/Gosselin-Uzbekistan-international-moving-company.png 1440w, https:\/\/moverdb.com\/wp-content\/uploads\/Gosselin-Uzbekistan-international-moving-company-300x142.png 300w, https:\/\/moverdb.com\/wp-content\/uploads\/Gosselin-Uzbekistan-international-moving-company-1024x484.png 1024w, https:\/\/moverdb.com\/wp-content\/uploads\/Gosselin-Uzbekistan-international-moving-company-18x9.png 18w, https:\/\/moverdb.com\/wp-content\/uploads\/Gosselin-Uzbekistan-international-moving-company-600x283.png 600w\" sizes=\"auto, (max-width: 1440px) 100vw, 1440px\" \/><\/p>\n<ul>\n<li>Movimenti nazionali<\/li>\n<li>Spostamenti internazionali<\/li>\n<li>Traslochi domestici<\/li>\n<li>Traslochi d'ufficio<\/li>\n<li>Servizio porta a porta<\/li>\n<li>Servizio di imballaggio<\/li>\n<li>Modalit\u00e0 di trasporto<\/li>\n<li>Le mosse d'arte<\/li>\n<li>Traslochi di auto e animali domestici<\/li>\n<li>Soluzioni di stoccaggio<\/li>\n<\/ul>\n<p>Gosselin \u00e8 un'azienda di traslochi internazionali fondata nel 1930 con uffici in 34 paesi in Europa, Caucaso e Asia centrale, tra cui Tashkent in Uzbekistan. Utilizza i propri uffici e una rete di partner di trasloco in tutto il mondo per fornire servizi internazionali. \u00c8 membro della IAM.<\/p>\n<p>Gosselin offre un servizio di trasloco porta a porta con traslocatori professionisti per aiutarvi a traslocare ovunque nel mondo. Imballano in modo sicuro i vostri effetti personali, smontano e montano i mobili e li disfano all'arrivo. Utilizzano materiali di imballaggio ecologici e includono un'assicurazione sul trasporto. Offrono servizi aggiuntivi, tra cui la gestione delle opere d'arte, <a href=\"https:\/\/moverdb.com\/it\/car-transport-shipping\/\" data-internallinksmanager029f6b8e52c=\"2\" title=\"2026 Preventivi per il trasporto internazionale di auto e veicoli\">spedizione di auto<\/a>Soluzioni per il trasloco e l'immagazzinamento di animali domestici.<\/p>\n<p>Sito web: <a href=\"https:\/\/gosselin-moving.com\/uzbekistan\" target=\"_blank\" rel=\"noopener\">https:\/\/gosselin-moving.com\/uzbekistan<\/a><\/p>","protected":false},"excerpt":{"rendered":"<p>Are you planning on moving within, to or from Uzbekistan? Then engaging a moving company who can assist you with packing, arranging transport and handling customs for international moves can really ease your move. Below we have compiled a list of Uzbekistan based removal companies that are members of the International Association of Movers (IAM) [&hellip;]<\/p>\n","protected":false},"author":4,"featured_media":10159,"parent":190,"menu_order":0,"comment_status":"closed","ping_status":"closed","template":"","meta":{"_genesis_hide_title":false,"_genesis_hide_breadcrumbs":false,"_genesis_hide_singular_image":false,"_genesis_hide_footer_widgets":false,"_genesis_custom_body_class":"","_genesis_custom_post_class":"","_genesis_layout":"","footnotes":""},"class_list":{"0":"post-10253","1":"page","2":"type-page","3":"status-publish","4":"has-post-thumbnail","6":"entry"},"_links":{"self":[{"href":"https:\/\/moverdb.com\/it\/wp-json\/wp\/v2\/pages\/10253","targetHints":{"allow":["GET"]}}],"collection":[{"href":"https:\/\/moverdb.com\/it\/wp-json\/wp\/v2\/pages"}],"about":[{"href":"https:\/\/moverdb.com\/it\/wp-json\/wp\/v2\/types\/page"}],"author":[{"embeddable":true,"href":"https:\/\/moverdb.com\/it\/wp-json\/wp\/v2\/users\/4"}],"replies":[{"embeddable":true,"href":"https:\/\/moverdb.com\/it\/wp-json\/wp\/v2\/comments?post=10253"}],"version-history":[{"count":1,"href":"https:\/\/moverdb.com\/it\/wp-json\/wp\/v2\/pages\/10253\/revisions"}],"predecessor-version":[{"id":10254,"href":"https:\/\/moverdb.com\/it\/wp-json\/wp\/v2\/pages\/10253\/revisions\/10254"}],"up":[{"embeddable":true,"href":"https:\/\/moverdb.com\/it\/wp-json\/wp\/v2\/pages\/190"}],"wp:featuredmedia":[{"embeddable":true,"href":"https:\/\/moverdb.com\/it\/wp-json\/wp\/v2\/media\/10159"}],"wp:attachment":[{"href":"https:\/\/moverdb.com\/it\/wp-json\/wp\/v2\/media?parent=10253"}],"curies":[{"name":"wp","href":"https:\/\/api.w.org\/{rel}","templated":true}]}}