{"id":10249,"date":"2023-06-22T15:38:39","date_gmt":"2023-06-22T15:38:39","guid":{"rendered":"https:\/\/moverdb.com\/?page_id=10249"},"modified":"2026-01-08T15:24:29","modified_gmt":"2026-01-08T15:24:29","slug":"moving-companies-uruguay","status":"publish","type":"page","link":"https:\/\/moverdb.com\/it\/moving-companies\/moving-companies-uruguay\/","title":{"rendered":"Le 3 migliori imprese di traslochi internazionali in Uruguay"},"content":{"rendered":"<p>Il trasloco di casa o dell'azienda pu\u00f2 essere un momento frenetico e stressante, con molte cose da fare e da organizzare. \u00c8 qui che un <a href=\"https:\/\/moverdb.com\/it\/moving-companies\/\" data-internallinksmanager029f6b8e52c=\"79\" title=\"Le 25 migliori aziende di traslochi internazionali online\">azienda di traslochi<\/a> pu\u00f2 aiutarvi assumendo molti compiti come l'imballaggio, l'organizzazione del trasporto e la gestione delle pratiche doganali per i traslochi tra paesi. Di seguito abbiamo stilato un elenco di agenzie di trasloco con sede in Uruguay. <a href=\"https:\/\/moverdb.com\/it\/international-removals\/\" data-internallinksmanager029f6b8e52c=\"27\" title=\"36 Migliori aziende di traslochi internazionali del Regno Unito\">aziende di trasloco<\/a> che sono membri dell'associazione <a href=\"https:\/\/moverdb.com\/it\/iam\/\" data-internallinksmanager029f6b8e52c=\"23\" title=\"Spiegazione dell&#039;Associazione Internazionale dei Traslocatori (IAM)\">Associazione internazionale dei traslocatori<\/a> (IAM) e\/o <a href=\"https:\/\/moverdb.com\/it\/fidi-faim\/\" data-internallinksmanager029f6b8e52c=\"16\" title=\"FIDI e FAIM (FIDI Accredited International Mover) spiegati\">FIDI<\/a> Traslocatori internazionali accreditati (FAIM) che possono assistervi nel vostro trasloco.<\/p>\n<h2><strong>1. AB Spostamento<\/strong><\/h2>\n<p><img loading=\"lazy\" decoding=\"async\" class=\"alignnone size-full wp-image-10064\" src=\"https:\/\/moverdb.com\/wp-content\/uploads\/AB-Moving-international-moving-company.png\" alt=\"AB Moving, azienda di traslochi internazionali\" width=\"1440\" height=\"679\" data-wp-pid=\"10064\" srcset=\"https:\/\/moverdb.com\/wp-content\/uploads\/AB-Moving-international-moving-company.png 1440w, https:\/\/moverdb.com\/wp-content\/uploads\/AB-Moving-international-moving-company-300x141.png 300w, https:\/\/moverdb.com\/wp-content\/uploads\/AB-Moving-international-moving-company-1024x483.png 1024w, https:\/\/moverdb.com\/wp-content\/uploads\/AB-Moving-international-moving-company-18x8.png 18w, https:\/\/moverdb.com\/wp-content\/uploads\/AB-Moving-international-moving-company-600x283.png 600w\" sizes=\"auto, (max-width: 1440px) 100vw, 1440px\" \/><\/p>\n<ul>\n<li>Movimenti nazionali<\/li>\n<li>Spostamenti internazionali<\/li>\n<li>Traslochi domestici<\/li>\n<li>Spostamenti d'affari<\/li>\n<li>Servizi di trasferimento<\/li>\n<li>Imballaggio professionale<\/li>\n<li>Trasporto aereo, marittimo e terrestre<\/li>\n<li>Manipolazione dell'arte<\/li>\n<li>Trasferimenti di animali domestici<\/li>\n<li>Stoccaggio sicuro<\/li>\n<\/ul>\n<p>AB Moving \u00e8 un'azienda di traslochi internazionali con oltre 25 anni di esperienza e sede a Montevideo. Dispone di una rete di agenti in tutto il mondo che le consente di effettuare traslochi ovunque. \u00c8 membro di IAM con 15 anni di servizio.<\/p>\n<p>AB Moving fornisce servizi personalizzati e su misura per le vostre esigenze e offre un servizio porta a porta. Fornisce un servizio di imballaggio professionale che utilizza materiali di alta qualit\u00e0 e scheletri di legno su misura per proteggere i vostri oggetti. Organizzano il trasporto per via aerea, marittima o stradale con tutta la documentazione richiesta.<\/p>\n<p>Sito web: <a href=\"http:\/\/www.ab.com.uy\" target=\"_blank\" rel=\"noopener\">http:\/\/www.ab.com.uy<\/a><\/p>\n<h2><strong>2. Autogiro<\/strong><\/h2>\n<p><img loading=\"lazy\" decoding=\"async\" class=\"alignnone size-full wp-image-10085\" src=\"https:\/\/moverdb.com\/wp-content\/uploads\/Autogiro-international-moving-company.png\" alt=\"Azienda di traslochi internazionali Autogiro\" width=\"1440\" height=\"682\" data-wp-pid=\"10085\" srcset=\"https:\/\/moverdb.com\/wp-content\/uploads\/Autogiro-international-moving-company.png 1440w, https:\/\/moverdb.com\/wp-content\/uploads\/Autogiro-international-moving-company-300x142.png 300w, https:\/\/moverdb.com\/wp-content\/uploads\/Autogiro-international-moving-company-1024x485.png 1024w, https:\/\/moverdb.com\/wp-content\/uploads\/Autogiro-international-moving-company-18x9.png 18w, https:\/\/moverdb.com\/wp-content\/uploads\/Autogiro-international-moving-company-600x284.png 600w\" sizes=\"auto, (max-width: 1440px) 100vw, 1440px\" \/><\/p>\n<ul>\n<li>Movimenti nazionali<\/li>\n<li>Spostamenti internazionali<\/li>\n<li>Spostamenti residenziali<\/li>\n<li>Traslochi aziendali<\/li>\n<li>Servizi di trasferimento<\/li>\n<li>Servizio di imballaggio<\/li>\n<li>Organizzazione del trasporto<\/li>\n<li>Gestione delle opere d'arte<\/li>\n<li>Trasporto di animali domestici<\/li>\n<li>Stoccaggio sicuro<\/li>\n<\/ul>\n<p>Autogiro \u00e8 una societ\u00e0 di traslochi e trasporto merci fondata nel 1925 con sede a Montevideo. Ha creato legami con agenti in tutto il mondo che forniscono standard elevati per assisterli nella fornitura di servizi internazionali. \u00c8 membro della IAM con 98 anni di servizio ed \u00e8 accreditata dalla FIDI.<\/p>\n<p>Autogiro valuter\u00e0 innanzitutto il volume del vostro trasloco e fornir\u00e0 un preventivo per un trasloco porta a porta con consulenza doganale. Imballer\u00e0 i vostri effetti personali e li protegger\u00e0 in cassetti in MDF, rispettando gli standard internazionali per gli oggetti fragili. Caricheranno il tutto in un container o in casse di legno e lo trasporteranno a destinazione fornendo un inventario.<\/p>\n<p>Sito web: <a href=\"http:\/\/www.autogiro.com.uy\" target=\"_blank\" rel=\"noopener\">http:\/\/www.autogiro.com.uy<\/a><\/p>\n<h2><strong>3. Uruvan<\/strong><\/h2>\n<p><img loading=\"lazy\" decoding=\"async\" class=\"alignnone size-full wp-image-10251\" src=\"https:\/\/moverdb.com\/wp-content\/uploads\/Uruvan-international-moving-company-1.png\" alt=\"Azienda di traslochi internazionali Uruvan\" width=\"1440\" height=\"709\" data-wp-pid=\"10251\" srcset=\"https:\/\/moverdb.com\/wp-content\/uploads\/Uruvan-international-moving-company-1.png 1440w, https:\/\/moverdb.com\/wp-content\/uploads\/Uruvan-international-moving-company-1-300x148.png 300w, https:\/\/moverdb.com\/wp-content\/uploads\/Uruvan-international-moving-company-1-1024x504.png 1024w, https:\/\/moverdb.com\/wp-content\/uploads\/Uruvan-international-moving-company-1-18x9.png 18w, https:\/\/moverdb.com\/wp-content\/uploads\/Uruvan-international-moving-company-1-600x295.png 600w\" sizes=\"auto, (max-width: 1440px) 100vw, 1440px\" \/><\/p>\n<ul>\n<li>Traslochi nazionali<\/li>\n<li>Traslochi internazionali<\/li>\n<li>Traslochi domestici<\/li>\n<li>Traslochi aziendali<\/li>\n<li>Servizi di trasferimento<\/li>\n<li>Servizio di imballaggio<\/li>\n<li>Sdoganamento<\/li>\n<li>Trasporto d'arte<\/li>\n<li>Trasporto di animali domestici<\/li>\n<li>Strutture di stoccaggio<\/li>\n<\/ul>\n<p>Uruvan \u00e8 un'azienda di traslochi nazionali e internazionali che offre servizi di spedizione e stoccaggio, fondata nel 1982 e con sede a Montevideo e un ufficio a Punta del Etse. Collabora con agenzie di tutto il mondo per fornire servizi in Uruguay e a livello internazionale. \u00c8 membro della IAM con 41 anni di servizio ed \u00e8 accreditata dalla FIDI.<\/p>\n<p>Uruvan offre servizi di trasloco porta a porta che iniziano con un sopralluogo per valutare le vostre esigenze e fornire un preventivo. Coordiner\u00e0 il vostro trasloco e organizzer\u00e0 il trasporto, l'imballaggio e lo sdoganamento. Il team di traslocatori professionisti imballer\u00e0 i vostri effetti personali con materiali di imballaggio appropriati per proteggerli durante il trasporto verso la vostra nuova casa.<\/p>\n<p>Sito web: <a href=\"http:\/\/www.uruvan.com.uy\" target=\"_blank\" rel=\"noopener\">http:\/\/www.uruvan.com.uy<\/a><\/p>","protected":false},"excerpt":{"rendered":"<p>Moving home or your business can be a hectic and stressful time with a lot to do and arrange. This is where a moving company can help you by taking on many of the tasks such as packing, arranging transportation and handling customs arrangements for inter-country moves. Below we have compiled a list of Uruguay [&hellip;]<\/p>\n","protected":false},"author":4,"featured_media":10064,"parent":190,"menu_order":0,"comment_status":"closed","ping_status":"closed","template":"","meta":{"_genesis_hide_title":false,"_genesis_hide_breadcrumbs":false,"_genesis_hide_singular_image":false,"_genesis_hide_footer_widgets":false,"_genesis_custom_body_class":"","_genesis_custom_post_class":"","_genesis_layout":"","footnotes":""},"class_list":{"0":"post-10249","1":"page","2":"type-page","3":"status-publish","4":"has-post-thumbnail","6":"entry"},"_links":{"self":[{"href":"https:\/\/moverdb.com\/it\/wp-json\/wp\/v2\/pages\/10249","targetHints":{"allow":["GET"]}}],"collection":[{"href":"https:\/\/moverdb.com\/it\/wp-json\/wp\/v2\/pages"}],"about":[{"href":"https:\/\/moverdb.com\/it\/wp-json\/wp\/v2\/types\/page"}],"author":[{"embeddable":true,"href":"https:\/\/moverdb.com\/it\/wp-json\/wp\/v2\/users\/4"}],"replies":[{"embeddable":true,"href":"https:\/\/moverdb.com\/it\/wp-json\/wp\/v2\/comments?post=10249"}],"version-history":[{"count":1,"href":"https:\/\/moverdb.com\/it\/wp-json\/wp\/v2\/pages\/10249\/revisions"}],"predecessor-version":[{"id":10252,"href":"https:\/\/moverdb.com\/it\/wp-json\/wp\/v2\/pages\/10249\/revisions\/10252"}],"up":[{"embeddable":true,"href":"https:\/\/moverdb.com\/it\/wp-json\/wp\/v2\/pages\/190"}],"wp:featuredmedia":[{"embeddable":true,"href":"https:\/\/moverdb.com\/it\/wp-json\/wp\/v2\/media\/10064"}],"wp:attachment":[{"href":"https:\/\/moverdb.com\/it\/wp-json\/wp\/v2\/media?parent=10249"}],"curies":[{"name":"wp","href":"https:\/\/api.w.org\/{rel}","templated":true}]}}