{"id":10242,"date":"2023-06-22T15:43:24","date_gmt":"2023-06-22T15:43:24","guid":{"rendered":"https:\/\/moverdb.com\/?page_id=10242"},"modified":"2026-01-08T15:24:54","modified_gmt":"2026-01-08T15:24:54","slug":"moving-companies-uganda","status":"publish","type":"page","link":"https:\/\/moverdb.com\/it\/moving-companies\/moving-companies-uganda\/","title":{"rendered":"Le 4 migliori aziende di traslochi internazionali in Uganda"},"content":{"rendered":"<p>Traslocare la propria casa o la propria azienda all'interno dell'Uganda, da e verso l'Uganda, pu\u00f2 essere complicato. <a href=\"https:\/\/moverdb.com\/it\/moving-companies\/\" data-internallinksmanager029f6b8e52c=\"79\" title=\"Le 25 migliori aziende di traslochi internazionali online\">azienda di traslochi<\/a> possono fare una grande differenza. Possono assistere nell'imballaggio, nell'organizzazione del trasporto e nella gestione dell'import\/export. Di seguito abbiamo stilato un elenco di aziende con sede in Uganda <a href=\"https:\/\/moverdb.com\/it\/international-removals\/\" data-internallinksmanager029f6b8e52c=\"27\" title=\"36 Migliori aziende di traslochi internazionali del Regno Unito\">aziende di trasloco<\/a> che sono membri dell'associazione <a href=\"https:\/\/moverdb.com\/it\/iam\/\" data-internallinksmanager029f6b8e52c=\"23\" title=\"Spiegazione dell&#039;Associazione Internazionale dei Traslocatori (IAM)\">Associazione internazionale dei traslocatori<\/a> (IAM) e\/o <a href=\"https:\/\/moverdb.com\/it\/fidi-faim\/\" data-internallinksmanager029f6b8e52c=\"16\" title=\"FIDI e FAIM (FIDI Accredited International Mover) spiegati\">FIDI<\/a> Traslocatore internazionale accreditato (FAIM) che pu\u00f2 aiutarvi con il vostro trasloco.<\/p>\n<div id=\"ez-toc-container\" class=\"ez-toc-v2_0_82_2 ez-toc-wrap-left counter-hierarchy ez-toc-counter ez-toc-transparent ez-toc-container-direction\">\n<div class=\"ez-toc-title-container\">\n<p class=\"ez-toc-title\" style=\"cursor:inherit\">Sezioni<\/p>\n<span class=\"ez-toc-title-toggle\"><a href=\"#\" class=\"ez-toc-pull-right ez-toc-btn ez-toc-btn-xs ez-toc-btn-default ez-toc-toggle\" aria-label=\"Allinea la tabella dei contenuti\"><span class=\"ez-toc-js-icon-con\"><span class=\"\"><span class=\"eztoc-hide\" style=\"display:none;\">Toggle<\/span><span class=\"ez-toc-icon-toggle-span\"><svg style=\"fill: #999;color:#999\" xmlns=\"http:\/\/www.w3.org\/2000\/svg\" class=\"list-377408\" width=\"20px\" height=\"20px\" viewbox=\"0 0 24 24\" fill=\"none\"><path d=\"M6 6H4v2h2V6zm14 0H8v2h12V6zM4 11h2v2H4v-2zm16 0H8v2h12v-2zM4 16h2v2H4v-2zm16 0H8v2h12v-2z\" fill=\"currentColor\"><\/path><\/svg><svg style=\"fill: #999;color:#999\" class=\"arrow-unsorted-368013\" xmlns=\"http:\/\/www.w3.org\/2000\/svg\" width=\"10px\" height=\"10px\" viewbox=\"0 0 24 24\" version=\"1.2\" baseprofile=\"tiny\"><path d=\"M18.2 9.3l-6.2-6.3-6.2 6.3c-.2.2-.3.4-.3.7s.1.5.3.7c.2.2.4.3.7.3h11c.3 0 .5-.1.7-.3.2-.2.3-.5.3-.7s-.1-.5-.3-.7zM5.8 14.7l6.2 6.3 6.2-6.3c.2-.2.3-.5.3-.7s-.1-.5-.3-.7c-.2-.2-.4-.3-.7-.3h-11c-.3 0-.5.1-.7.3-.2.2-.3.5-.3.7s.1.5.3.7z\"\/><\/svg><\/span><\/span><\/span><\/a><\/span><\/div>\n<nav><ul class='ez-toc-list ez-toc-list-level-1 eztoc-toggle-hide-by-default' ><li class='ez-toc-page-1 ez-toc-heading-level-2'><a class=\"ez-toc-link ez-toc-heading-1\" href=\"https:\/\/moverdb.com\/it\/moving-companies\/moving-companies-uganda\/#1_JVK\" >1. JVK<\/a><\/li><li class='ez-toc-page-1 ez-toc-heading-level-2'><a class=\"ez-toc-link ez-toc-heading-2\" href=\"https:\/\/moverdb.com\/it\/moving-companies\/moving-companies-uganda\/#2_Nellions\" >2. Nellioni<\/a><\/li><li class='ez-toc-page-1 ez-toc-heading-level-2'><a class=\"ez-toc-link ez-toc-heading-3\" href=\"https:\/\/moverdb.com\/it\/moving-companies\/moving-companies-uganda\/#3_Uni_Movers\" >3. Uni Movers<\/a><\/li><li class='ez-toc-page-1 ez-toc-heading-level-2'><a class=\"ez-toc-link ez-toc-heading-4\" href=\"https:\/\/moverdb.com\/it\/moving-companies\/moving-companies-uganda\/#4_Worldwide_Movers_Africa\" >4. Traslochi in tutto il mondo Africa<\/a><\/li><\/ul><\/nav><\/div>\n<h2><span class=\"ez-toc-section\" id=\"1_JVK\"><\/span><strong>1. JVK<\/strong><span class=\"ez-toc-section-end\"><\/span><\/h2>\n<p><img loading=\"lazy\" decoding=\"async\" class=\"alignnone size-full wp-image-10144\" src=\"https:\/\/moverdb.com\/wp-content\/uploads\/JVK-Uganda-international-moving-company.png\" alt=\"JVK Uganda societ\u00e0 di traslochi internazionali\" width=\"1440\" height=\"680\" data-wp-pid=\"10144\" srcset=\"https:\/\/moverdb.com\/wp-content\/uploads\/JVK-Uganda-international-moving-company.png 1440w, https:\/\/moverdb.com\/wp-content\/uploads\/JVK-Uganda-international-moving-company-300x142.png 300w, https:\/\/moverdb.com\/wp-content\/uploads\/JVK-Uganda-international-moving-company-1024x484.png 1024w, https:\/\/moverdb.com\/wp-content\/uploads\/JVK-Uganda-international-moving-company-18x9.png 18w, https:\/\/moverdb.com\/wp-content\/uploads\/JVK-Uganda-international-moving-company-600x283.png 600w\" sizes=\"auto, (max-width: 1440px) 100vw, 1440px\" \/><\/p>\n<ul>\n<li>Movimenti nazionali<\/li>\n<li>Spostamenti internazionali<\/li>\n<li>Traslochi domestici<\/li>\n<li>Traslochi d'ufficio<\/li>\n<li>Servizio di imballaggio<\/li>\n<li>Spedizione stradale, marittima e aerea<\/li>\n<li>Supporto alla documentazione<\/li>\n<li><a href=\"https:\/\/moverdb.com\/it\/car-transport-shipping\/\" data-internallinksmanager029f6b8e52c=\"2\" title=\"2026 Preventivi per il trasporto internazionale di auto e veicoli\">Spedizione di veicoli<\/a><\/li>\n<li>Assicurazione all-risk<\/li>\n<li>Stoccaggio sicuro<\/li>\n<\/ul>\n<p>JVK \u00e8 un'azienda di traslochi internazionale fondata nel 1979 a Bangkok con oltre 50 uffici in Africa, Asia e Pacifico, tra cui Kampala in Uganda. Ha uffici di collegamento e partner di trasloco preferenziali in aree in cui non opera. \u00c8 membro di IAM.<\/p>\n<p>JVK offre un sopralluogo prima del trasloco per valutare le vostre esigenze di imballaggio e creare una proposta di trasloco porta a porta. Imballeranno e imballeranno i vostri beni per un trasporto sicuro, utilizzando materiali di imballaggio di alta qualit\u00e0 e casse speciali per gli oggetti fragili. Organizzeranno il trasporto via terra, mare o aria fino a destinazione e saranno coperti da un'assicurazione contro tutti i rischi e sar\u00e0 fornita assistenza doganale.<\/p>\n<p>Sito web: <a href=\"https:\/\/jvkafrica.com\/country\/uganda\/\" target=\"_blank\" rel=\"noopener\">https:\/\/jvkafrica.com\/country\/uganda\/<\/a><\/p>\n<h2><span class=\"ez-toc-section\" id=\"2_Nellions\"><\/span><strong>2. Nellioni<\/strong><span class=\"ez-toc-section-end\"><\/span><\/h2>\n<p><img loading=\"lazy\" decoding=\"async\" class=\"alignnone size-full wp-image-10164\" src=\"https:\/\/moverdb.com\/wp-content\/uploads\/Nellions-Uganda-international-moving-company.png\" alt=\"Nellions Uganda azienda di traslochi internazionali\" width=\"1440\" height=\"681\" data-wp-pid=\"10164\" srcset=\"https:\/\/moverdb.com\/wp-content\/uploads\/Nellions-Uganda-international-moving-company.png 1440w, https:\/\/moverdb.com\/wp-content\/uploads\/Nellions-Uganda-international-moving-company-300x142.png 300w, https:\/\/moverdb.com\/wp-content\/uploads\/Nellions-Uganda-international-moving-company-1024x484.png 1024w, https:\/\/moverdb.com\/wp-content\/uploads\/Nellions-Uganda-international-moving-company-18x9.png 18w, https:\/\/moverdb.com\/wp-content\/uploads\/Nellions-Uganda-international-moving-company-600x284.png 600w\" sizes=\"auto, (max-width: 1440px) 100vw, 1440px\" \/><\/p>\n<ul>\n<li>Traslochi locali e nazionali<\/li>\n<li>Trasferimenti internazionali<\/li>\n<li>Traslochi domestici<\/li>\n<li>Traslochi d'ufficio<\/li>\n<li>Servizio personalizzato<\/li>\n<li>Servizio porta a porta<\/li>\n<li>Trasporto aereo, marittimo e stradale<\/li>\n<li>Supporto doganale<\/li>\n<li>Trasferimento del veicolo<\/li>\n<li>Servizi di stoccaggio<\/li>\n<\/ul>\n<p>Nellions \u00e8 un'azienda di traslochi e traslochi che ha uffici in <a href=\"https:\/\/moverdb.com\/it\/moving-companies\/moving-companies-kenya\/\" data-internallinksmanager029f6b8e52c=\"305\" title=\"Le 4 migliori aziende di traslochi internazionali in Kenya\">Kenya<\/a> e in Uganda. L'ufficio in Uganda si trova a Kampala ed \u00e8 stato fondato nel 2015. Lavorano con partner credibili che sono stati controllati per fornire servizi al di fuori dell'Uganda. Sono membri dello IAM con quattro anni di servizio.<\/p>\n<p>Nellions offre un servizio di trasloco personalizzato con consulenti di trasloco che vi assistono durante tutto il trasloco, a partire da una valutazione pre-movimento di persona o virtualmente. Forniscono servizi di trasloco porta a porta, porta a<a href=\"https:\/\/moverdb.com\/it\/top-49-container-ports\/\" data-internallinksmanager029f6b8e52c=\"80\" title=\"I 49 porti container pi\u00f9 grandi e trafficati nel 2025\">porto<\/a> e opzioni port-to-door con spedizioni via aerea, via mare e su strada con supporto doganale. Offrono carichi completi e meno completi di container e opzioni di spedizione groupage.<\/p>\n<p>Sito web: <a href=\"https:\/\/nellions.co.ug\/\" target=\"_blank\" rel=\"noopener\">https:\/\/nellions.co.ug\/<\/a><\/p>\n<h2><span class=\"ez-toc-section\" id=\"3_Uni_Movers\"><\/span><strong>3. Uni Movers<\/strong><span class=\"ez-toc-section-end\"><\/span><\/h2>\n<p><img loading=\"lazy\" decoding=\"async\" class=\"alignnone size-full wp-image-10199\" src=\"https:\/\/moverdb.com\/wp-content\/uploads\/Uni-Movers-international-moving-company.png\" alt=\"Uni Movers - azienda di traslochi internazionali\" width=\"1440\" height=\"670\" data-wp-pid=\"10199\" srcset=\"https:\/\/moverdb.com\/wp-content\/uploads\/Uni-Movers-international-moving-company.png 1440w, https:\/\/moverdb.com\/wp-content\/uploads\/Uni-Movers-international-moving-company-300x140.png 300w, https:\/\/moverdb.com\/wp-content\/uploads\/Uni-Movers-international-moving-company-1024x476.png 1024w, https:\/\/moverdb.com\/wp-content\/uploads\/Uni-Movers-international-moving-company-18x8.png 18w, https:\/\/moverdb.com\/wp-content\/uploads\/Uni-Movers-international-moving-company-600x279.png 600w\" sizes=\"auto, (max-width: 1440px) 100vw, 1440px\" \/><\/p>\n<ul>\n<li>Traslochi nazionali<\/li>\n<li>Trasferimenti internazionali<\/li>\n<li>Traslochi residenziali<\/li>\n<li>Traslochi aziendali<\/li>\n<li>Servizio di imballaggio<\/li>\n<li>Trasporto su strada, via mare e via aerea<\/li>\n<li>Sdoganamento<\/li>\n<li>Trasferimento del veicolo<\/li>\n<li>Assicurazione<\/li>\n<li>Stoccaggio a breve e lungo termine<\/li>\n<\/ul>\n<p>Uni Movers \u00e8 un'azienda di imballaggio e trasloco che offre traslochi nazionali e internazionali, con sede a Kampala. \u00c8 membro della IAM con 16 anni di servizio, il che le d\u00e0 accesso a una rete internazionale di aziende di traslochi.<\/p>\n<p>Uni Movers offre servizi di trasloco per abitazioni e aziende che possono includere il trasporto dei veicoli. Vi assisteranno in tutti gli aspetti del trasloco, tra cui l'imballaggio sicuro degli oggetti, l'organizzazione del trasporto e lo sdoganamento. Offrono servizi aggiuntivi che includono servizi di pubblica utilit\u00e0, servizi elettrici e idraulici, ricerca della casa, fumigazione, servizi di pulizia, assicurazione e stoccaggio.<\/p>\n<p>Sito web: <a href=\"https:\/\/www.unimoversug.com\/\" target=\"_blank\" rel=\"noopener\">https:\/\/www.unimoversug.com\/<\/a><\/p>\n<h2><span class=\"ez-toc-section\" id=\"4_Worldwide_Movers_Africa\"><\/span><strong>4. Traslochi in tutto il mondo Africa<\/strong><span class=\"ez-toc-section-end\"><\/span><\/h2>\n<p><img loading=\"lazy\" decoding=\"async\" class=\"alignnone size-full wp-image-10208\" src=\"https:\/\/moverdb.com\/wp-content\/uploads\/Worldwide-Movers-Africa-Uganda-international-moving-company.png\" alt=\"Worldwide Movers Africa Uganda societ\u00e0 di traslochi internazionali\" width=\"1440\" height=\"682\" data-wp-pid=\"10208\" srcset=\"https:\/\/moverdb.com\/wp-content\/uploads\/Worldwide-Movers-Africa-Uganda-international-moving-company.png 1440w, https:\/\/moverdb.com\/wp-content\/uploads\/Worldwide-Movers-Africa-Uganda-international-moving-company-300x142.png 300w, https:\/\/moverdb.com\/wp-content\/uploads\/Worldwide-Movers-Africa-Uganda-international-moving-company-1024x485.png 1024w, https:\/\/moverdb.com\/wp-content\/uploads\/Worldwide-Movers-Africa-Uganda-international-moving-company-18x9.png 18w, https:\/\/moverdb.com\/wp-content\/uploads\/Worldwide-Movers-Africa-Uganda-international-moving-company-600x284.png 600w\" sizes=\"auto, (max-width: 1440px) 100vw, 1440px\" \/><\/p>\n<ul>\n<li>Traslochi locali e nazionali<\/li>\n<li>Spostamenti internazionali<\/li>\n<li>Traslochi domestici<\/li>\n<li>Traslochi d'ufficio<\/li>\n<li>Servizio di imballaggio<\/li>\n<li>Trasporto stradale, marittimo e aereo<\/li>\n<li>Sdoganamento<\/li>\n<li>Trasferimento di animali domestici<\/li>\n<li>Assicurazione<\/li>\n<li>Strutture di stoccaggio<\/li>\n<\/ul>\n<p>Worldwide Movers Africa \u00e8 un'azienda di traslochi internazionali fondata in Tanzania nel 1993 con uffici in 16 Paesi africani, tra cui Kampala in Uganda, aperto nel 1997. Dispone di una rete di agenzie partner che la supportano nei traslochi internazionali. \u00c8 membro della IAM con 26 anni di servizio ed \u00e8 accreditata dalla FIDI.<\/p>\n<p>Worldwide Movers Africa offre servizi di trasloco porta a porta con imballatori professionalmente preparati che utilizzano materiali di imballaggio di alta qualit\u00e0 per proteggere i vostri beni. Organizzano il trasporto sicuro dei vostri beni su strada, via mare o via aerea con sdoganamento e assicurazione. Forniscono inoltre assistenza per il trasferimento degli animali domestici, la ricerca di alloggi e scuole e l'orientamento.<\/p>\n<p>Sito web: <a href=\"https:\/\/www.worldwidemoversafrica.com\/\" target=\"_blank\" rel=\"noopener\">https:\/\/www.worldwidemoversafrica.com\/<\/a><\/p>","protected":false},"excerpt":{"rendered":"<p>Moving your home or company within, to and from Uganda can be complicated so enlisting the assistance of a moving company can make a big difference. They can assist with packing, transport arrangements and import\/export handling. Below we have compiled a list of Uganda based removal companies that are members of the International Association of [&hellip;]<\/p>\n","protected":false},"author":4,"featured_media":10144,"parent":190,"menu_order":0,"comment_status":"closed","ping_status":"closed","template":"","meta":{"_genesis_hide_title":false,"_genesis_hide_breadcrumbs":false,"_genesis_hide_singular_image":false,"_genesis_hide_footer_widgets":false,"_genesis_custom_body_class":"","_genesis_custom_post_class":"","_genesis_layout":"","footnotes":""},"class_list":{"0":"post-10242","1":"page","2":"type-page","3":"status-publish","4":"has-post-thumbnail","6":"entry"},"_links":{"self":[{"href":"https:\/\/moverdb.com\/it\/wp-json\/wp\/v2\/pages\/10242","targetHints":{"allow":["GET"]}}],"collection":[{"href":"https:\/\/moverdb.com\/it\/wp-json\/wp\/v2\/pages"}],"about":[{"href":"https:\/\/moverdb.com\/it\/wp-json\/wp\/v2\/types\/page"}],"author":[{"embeddable":true,"href":"https:\/\/moverdb.com\/it\/wp-json\/wp\/v2\/users\/4"}],"replies":[{"embeddable":true,"href":"https:\/\/moverdb.com\/it\/wp-json\/wp\/v2\/comments?post=10242"}],"version-history":[{"count":1,"href":"https:\/\/moverdb.com\/it\/wp-json\/wp\/v2\/pages\/10242\/revisions"}],"predecessor-version":[{"id":10243,"href":"https:\/\/moverdb.com\/it\/wp-json\/wp\/v2\/pages\/10242\/revisions\/10243"}],"up":[{"embeddable":true,"href":"https:\/\/moverdb.com\/it\/wp-json\/wp\/v2\/pages\/190"}],"wp:featuredmedia":[{"embeddable":true,"href":"https:\/\/moverdb.com\/it\/wp-json\/wp\/v2\/media\/10144"}],"wp:attachment":[{"href":"https:\/\/moverdb.com\/it\/wp-json\/wp\/v2\/media?parent=10242"}],"curies":[{"name":"wp","href":"https:\/\/api.w.org\/{rel}","templated":true}]}}