{"id":10219,"date":"2023-06-22T15:52:47","date_gmt":"2023-06-22T15:52:47","guid":{"rendered":"https:\/\/moverdb.com\/?page_id=10219"},"modified":"2026-01-08T15:29:38","modified_gmt":"2026-01-08T15:29:38","slug":"moving-companies-sweden","status":"publish","type":"page","link":"https:\/\/moverdb.com\/it\/moving-companies\/moving-companies-sweden\/","title":{"rendered":"Le 8 migliori imprese di traslochi internazionali in Svezia"},"content":{"rendered":"<p>Vi state muovendo all'interno, verso o da <a href=\"https:\/\/moverdb.com\/it\/moving-to-sweden\/\" data-internallinksmanager029f6b8e52c=\"326\" title=\"Trasferirsi in Svezia? 2026 Costi di vita e consigli per il trasferimento\">Svezia<\/a>? Allora potreste voler ricorrere ai servizi di una ditta di traslochi che vi aiuti a pianificare il vostro trasloco, compresi l'imballaggio, il trasporto e la gestione delle procedure doganali per i traslochi internazionali. Di seguito abbiamo compilato un elenco di aziende svedesi <a href=\"https:\/\/moverdb.com\/it\/moving-companies\/\" data-internallinksmanager029f6b8e52c=\"79\" title=\"Le 25 migliori aziende di traslochi internazionali online\">aziende di traslochi<\/a> che sono membri dell'associazione <a href=\"https:\/\/moverdb.com\/it\/iam\/\" data-internallinksmanager029f6b8e52c=\"23\" title=\"Spiegazione dell&#039;Associazione Internazionale dei Traslocatori (IAM)\">Associazione internazionale dei traslocatori<\/a> (IAM) e\/o <a href=\"https:\/\/moverdb.com\/it\/fidi-faim\/\" data-internallinksmanager029f6b8e52c=\"16\" title=\"FIDI e FAIM (FIDI Accredited International Mover) spiegati\">FIDI<\/a> Traslocatori internazionali accreditati (FAIM) che possono assistervi nel vostro trasloco.<\/p>\n<div id=\"ez-toc-container\" class=\"ez-toc-v2_0_82_2 ez-toc-wrap-left counter-hierarchy ez-toc-counter ez-toc-transparent ez-toc-container-direction\">\n<div class=\"ez-toc-title-container\">\n<p class=\"ez-toc-title\" style=\"cursor:inherit\">Sezioni<\/p>\n<span class=\"ez-toc-title-toggle\"><a href=\"#\" class=\"ez-toc-pull-right ez-toc-btn ez-toc-btn-xs ez-toc-btn-default ez-toc-toggle\" aria-label=\"Allinea la tabella dei contenuti\"><span class=\"ez-toc-js-icon-con\"><span class=\"\"><span class=\"eztoc-hide\" style=\"display:none;\">Toggle<\/span><span class=\"ez-toc-icon-toggle-span\"><svg style=\"fill: #999;color:#999\" xmlns=\"http:\/\/www.w3.org\/2000\/svg\" class=\"list-377408\" width=\"20px\" height=\"20px\" viewbox=\"0 0 24 24\" fill=\"none\"><path d=\"M6 6H4v2h2V6zm14 0H8v2h12V6zM4 11h2v2H4v-2zm16 0H8v2h12v-2zM4 16h2v2H4v-2zm16 0H8v2h12v-2z\" fill=\"currentColor\"><\/path><\/svg><svg style=\"fill: #999;color:#999\" class=\"arrow-unsorted-368013\" xmlns=\"http:\/\/www.w3.org\/2000\/svg\" width=\"10px\" height=\"10px\" viewbox=\"0 0 24 24\" version=\"1.2\" baseprofile=\"tiny\"><path d=\"M18.2 9.3l-6.2-6.3-6.2 6.3c-.2.2-.3.4-.3.7s.1.5.3.7c.2.2.4.3.7.3h11c.3 0 .5-.1.7-.3.2-.2.3-.5.3-.7s-.1-.5-.3-.7zM5.8 14.7l6.2 6.3 6.2-6.3c.2-.2.3-.5.3-.7s-.1-.5-.3-.7c-.2-.2-.4-.3-.7-.3h-11c-.3 0-.5.1-.7.3-.2.2-.3.5-.3.7s.1.5.3.7z\"\/><\/svg><\/span><\/span><\/span><\/a><\/span><\/div>\n<nav><ul class='ez-toc-list ez-toc-list-level-1 eztoc-toggle-hide-by-default' ><li class='ez-toc-page-1 ez-toc-heading-level-2'><a class=\"ez-toc-link ez-toc-heading-1\" href=\"https:\/\/moverdb.com\/it\/moving-companies\/moving-companies-sweden\/#1_Alfa_Moving\" >1. Alfa Moving<\/a><\/li><li class='ez-toc-page-1 ez-toc-heading-level-2'><a class=\"ez-toc-link ez-toc-heading-2\" href=\"https:\/\/moverdb.com\/it\/moving-companies\/moving-companies-sweden\/#2_Aspire_Mobility\" >2. Aspirare la mobilit\u00e0<\/a><\/li><li class='ez-toc-page-1 ez-toc-heading-level-2'><a class=\"ez-toc-link ez-toc-heading-3\" href=\"https:\/\/moverdb.com\/it\/moving-companies\/moving-companies-sweden\/#3_Freys_Express\" >3. Freys Express<\/a><\/li><li class='ez-toc-page-1 ez-toc-heading-level-2'><a class=\"ez-toc-link ez-toc-heading-4\" href=\"https:\/\/moverdb.com\/it\/moving-companies\/moving-companies-sweden\/#4_Future_Mobility\" >4. Mobilit\u00e0 futura<\/a><\/li><li class='ez-toc-page-1 ez-toc-heading-level-2'><a class=\"ez-toc-link ez-toc-heading-5\" href=\"https:\/\/moverdb.com\/it\/moving-companies\/moving-companies-sweden\/#5_GLC_Flytt\" >5. GLC Flytt<\/a><\/li><li class='ez-toc-page-1 ez-toc-heading-level-2'><a class=\"ez-toc-link ez-toc-heading-6\" href=\"https:\/\/moverdb.com\/it\/moving-companies\/moving-companies-sweden\/#6_Mirkka_International_Moving\" >6. Mirkka International Moving<\/a><\/li><li class='ez-toc-page-1 ez-toc-heading-level-2'><a class=\"ez-toc-link ez-toc-heading-7\" href=\"https:\/\/moverdb.com\/it\/moving-companies\/moving-companies-sweden\/#7_Stadsbudkontoret\" >7. Castello di Stato<\/a><\/li><li class='ez-toc-page-1 ez-toc-heading-level-2'><a class=\"ez-toc-link ez-toc-heading-8\" href=\"https:\/\/moverdb.com\/it\/moving-companies\/moving-companies-sweden\/#8_TBA_Transporter\" >8. Trasportatore TBA<\/a><\/li><li class='ez-toc-page-1 ez-toc-heading-level-2'><a class=\"ez-toc-link ez-toc-heading-9\" href=\"https:\/\/moverdb.com\/it\/moving-companies\/moving-companies-sweden\/#Other_Useful_Guides_to_Sweden\" >Altre guide utili sulla Svezia<\/a><\/li><\/ul><\/nav><\/div>\n<h2><span class=\"ez-toc-section\" id=\"1_Alfa_Moving\"><\/span><strong>1. Alfa Moving<\/strong><span class=\"ez-toc-section-end\"><\/span><\/h2>\n<p><img loading=\"lazy\" decoding=\"async\" class=\"alignnone size-full wp-image-10073\" src=\"https:\/\/moverdb.com\/wp-content\/uploads\/Alfa-Moving-international-moving-company.png\" alt=\"Alfa Moving azienda di traslochi internazionali\" width=\"1440\" height=\"681\" data-wp-pid=\"10073\" srcset=\"https:\/\/moverdb.com\/wp-content\/uploads\/Alfa-Moving-international-moving-company.png 1440w, https:\/\/moverdb.com\/wp-content\/uploads\/Alfa-Moving-international-moving-company-300x142.png 300w, https:\/\/moverdb.com\/wp-content\/uploads\/Alfa-Moving-international-moving-company-1024x484.png 1024w, https:\/\/moverdb.com\/wp-content\/uploads\/Alfa-Moving-international-moving-company-18x9.png 18w, https:\/\/moverdb.com\/wp-content\/uploads\/Alfa-Moving-international-moving-company-600x284.png 600w\" sizes=\"auto, (max-width: 1440px) 100vw, 1440px\" \/><\/p>\n<ul>\n<li>Movimenti nazionali<\/li>\n<li>Spostamenti internazionali<\/li>\n<li>Spostamenti residenziali<\/li>\n<li>Movimenti aziendali<\/li>\n<li>Servizi di trasferimento<\/li>\n<li>Servizio porta a porta<\/li>\n<li>Organizzazione del trasporto<\/li>\n<li>Immigrazione e visti<\/li>\n<li>Assicurazione<\/li>\n<li>Strutture di stoccaggio<\/li>\n<\/ul>\n<p>Alfa Moving \u00e8 un fornitore scandinavo di servizi di mobilit\u00e0 e assegnazione, fondato nel 1995 e con 10 uffici in tutta la Svezia, <a href=\"https:\/\/moverdb.com\/it\/moving-to-norway\/\" data-internallinksmanager029f6b8e52c=\"325\" title=\"Trasferirsi in Norvegia? 2026 Costi di vita e consigli per il trasferimento\">Norvegia<\/a>, <a href=\"https:\/\/moverdb.com\/it\/moving-to-denmark\/\" data-internallinksmanager029f6b8e52c=\"335\" title=\"Trasferirsi in Danimarca? 2026 Costi di vita e consigli per il trasferimento\">Danimarca<\/a> e <a href=\"https:\/\/moverdb.com\/it\/moving-to-finland\/\" data-internallinksmanager029f6b8e52c=\"345\" title=\"Trasferirsi in Finlandia? 2026 Costi di vita e consigli per il trasferimento\">Finlandia<\/a>. Offrono servizi di trasloco in 150 paesi attraverso le loro reti internazionali. Sono membri della IAM con 28 anni di servizio e sono accreditati dalla FIDI.<\/p>\n<p>Alfa Moving offre un servizio door-to-door che comprende tutta la pianificazione e l'amministrazione del trasloco. Selezioneranno l'opzione migliore per il vostro trasloco in base alle dimensioni, al contenuto e alla destinazione del trasloco. Offre inoltre servizi di trasferimento che comprendono la ricerca di una casa e di una scuola, la sistemazione temporanea, l'orientamento, i servizi di ambientamento, la formazione culturale e linguistica.<\/p>\n<p>Sito web: <a href=\"http:\/\/www.alfamoving.com\" target=\"_blank\" rel=\"noopener\">http:\/\/www.alfamoving.com<\/a><\/p>\n<h2><span class=\"ez-toc-section\" id=\"2_Aspire_Mobility\"><\/span><strong>2. Aspirare la mobilit\u00e0<\/strong><span class=\"ez-toc-section-end\"><\/span><\/h2>\n<p><img loading=\"lazy\" decoding=\"async\" class=\"alignnone size-full wp-image-10081\" src=\"https:\/\/moverdb.com\/wp-content\/uploads\/Aspire-Mobility-international-moving-company.png\" alt=\"Aspire Mobility, azienda di traslochi internazionali\" width=\"1440\" height=\"683\" data-wp-pid=\"10081\" srcset=\"https:\/\/moverdb.com\/wp-content\/uploads\/Aspire-Mobility-international-moving-company.png 1440w, https:\/\/moverdb.com\/wp-content\/uploads\/Aspire-Mobility-international-moving-company-300x142.png 300w, https:\/\/moverdb.com\/wp-content\/uploads\/Aspire-Mobility-international-moving-company-1024x486.png 1024w, https:\/\/moverdb.com\/wp-content\/uploads\/Aspire-Mobility-international-moving-company-18x9.png 18w, https:\/\/moverdb.com\/wp-content\/uploads\/Aspire-Mobility-international-moving-company-600x285.png 600w\" sizes=\"auto, (max-width: 1440px) 100vw, 1440px\" \/><\/p>\n<ul>\n<li>Spostamenti internazionali<\/li>\n<li>Traslochi domestici<\/li>\n<li>Servizi di trasferimento<\/li>\n<li>Consulente di movimento<\/li>\n<li>Servizio di imballaggio<\/li>\n<li>Trasporto marittimo e aereo<\/li>\n<li>Supporto alla documentazione<\/li>\n<li>Immigrazione<\/li>\n<li>Assicurazione<\/li>\n<li>Strutture di stoccaggio<\/li>\n<\/ul>\n<p>Aspire Mobility \u00e8 la divisione traslochi internazionali di Mobeltransport Danmark, fondata nel 1879 con sedi a Copenaghen, Stoccolma, Aarhus, Odense, Aalborg e Hillerod. Dispone di una rete di partner mondiali selezionati per supportarli in oltre 100 Paesi. \u00c8 membro di IAM con 12 anni di servizio.<\/p>\n<p>Aspire Mobility mette a disposizione un consulente per i traslochi che effettuer\u00e0 un sopralluogo prima del trasloco per determinare le dimensioni e i requisiti di imballaggio. Si occuper\u00e0 dell'imballaggio dei vostri beni, dell'organizzazione del trasporto internazionale via mare o via aerea, del disimballaggio e della sistemazione dei mobili. Offrono servizi di trasferimento che comprendono la ricerca della casa e della scuola, i visti e l'immigrazione, l'insediamento e la partenza.<\/p>\n<p>Sito web: <a href=\"http:\/\/www.aspiremobility.com\" target=\"_blank\" rel=\"noopener\">http:\/\/www.aspiremobility.com<\/a><\/p>\n<h2><span class=\"ez-toc-section\" id=\"3_Freys_Express\"><\/span><strong>3. Freys Express<\/strong><span class=\"ez-toc-section-end\"><\/span><\/h2>\n<p><img loading=\"lazy\" decoding=\"async\" class=\"alignnone size-full wp-image-10119\" src=\"https:\/\/moverdb.com\/wp-content\/uploads\/Freys-Express-international-moving-company.png\" alt=\"Azienda di traslochi internazionali Freys Express\" width=\"1440\" height=\"674\" data-wp-pid=\"10119\" srcset=\"https:\/\/moverdb.com\/wp-content\/uploads\/Freys-Express-international-moving-company.png 1440w, https:\/\/moverdb.com\/wp-content\/uploads\/Freys-Express-international-moving-company-300x140.png 300w, https:\/\/moverdb.com\/wp-content\/uploads\/Freys-Express-international-moving-company-1024x479.png 1024w, https:\/\/moverdb.com\/wp-content\/uploads\/Freys-Express-international-moving-company-18x8.png 18w, https:\/\/moverdb.com\/wp-content\/uploads\/Freys-Express-international-moving-company-600x281.png 600w\" sizes=\"auto, (max-width: 1440px) 100vw, 1440px\" \/><\/p>\n<ul>\n<li>Movimenti nazionali<\/li>\n<li>Spostamenti internazionali<\/li>\n<li>Traslochi domestici<\/li>\n<li>Trasferimenti aziendali<\/li>\n<li>Servizio porta a porta<\/li>\n<li>Gestione degli spostamenti<\/li>\n<li>Trasporto stradale, marittimo e aereo<\/li>\n<li>Sdoganamento<\/li>\n<li>Assicurazione<\/li>\n<li>Stoccaggio a breve e lungo termine<\/li>\n<\/ul>\n<p>Freys Express \u00e8 un'azienda di logistica dei traslochi fondata nel 1896 con sette uffici a G\u00f6teborg, Karlstad, Linkoping, Malmo, Stoccolma, Uppsala e Orebro. Ha stabilito contatti con partner internazionali che la assistono nei traslochi al di fuori della Svezia. \u00c8 membro della IAM con 20 anni di servizio ed \u00e8 accreditata dalla FIDI.<\/p>\n<p>Freys Express offre traslochi porta a porta con una catena ininterrotta dalla pianificazione del trasloco fino al disimballaggio a destinazione. Eseguono un inventario dei vostri beni per valutare le vostre esigenze. Fornisce un servizio di imballaggio, etichettatura e trasporto che garantir\u00e0 che i vostri beni arrivino sani e salvi, completi di sdoganamento e disimballaggio.<\/p>\n<p>Sito web: <a href=\"http:\/\/gmoving.se\" target=\"_blank\" rel=\"noopener\">http:\/\/gmoving.se<\/a><\/p>\n<h2><span class=\"ez-toc-section\" id=\"4_Future_Mobility\"><\/span><strong>4. Mobilit\u00e0 futura<\/strong><span class=\"ez-toc-section-end\"><\/span><\/h2>\n<p><img loading=\"lazy\" decoding=\"async\" class=\"alignnone size-full wp-image-10122\" src=\"https:\/\/moverdb.com\/wp-content\/uploads\/Future-Mobility-international-moving-company.png\" alt=\"Futura Mobilit\u00e0 societ\u00e0 di traslochi internazionali\" width=\"1440\" height=\"683\" data-wp-pid=\"10122\" srcset=\"https:\/\/moverdb.com\/wp-content\/uploads\/Future-Mobility-international-moving-company.png 1440w, https:\/\/moverdb.com\/wp-content\/uploads\/Future-Mobility-international-moving-company-300x142.png 300w, https:\/\/moverdb.com\/wp-content\/uploads\/Future-Mobility-international-moving-company-1024x486.png 1024w, https:\/\/moverdb.com\/wp-content\/uploads\/Future-Mobility-international-moving-company-18x9.png 18w, https:\/\/moverdb.com\/wp-content\/uploads\/Future-Mobility-international-moving-company-600x285.png 600w\" sizes=\"auto, (max-width: 1440px) 100vw, 1440px\" \/><\/p>\n<ul>\n<li>Traslochi nazionali<\/li>\n<li><a href=\"https:\/\/moverdb.com\/it\/international-removals\/\" data-internallinksmanager029f6b8e52c=\"27\" title=\"36 Migliori aziende di traslochi internazionali del Regno Unito\">Traslochi internazionali<\/a><\/li>\n<li>Traslochi di abitazioni<\/li>\n<li>Traslochi aziendali<\/li>\n<li>Mobilit\u00e0 dei dipendenti<\/li>\n<li>Spedizione espressa<\/li>\n<li>Ispezione gratuita<\/li>\n<li>Servizio di imballaggio<\/li>\n<li>Organizzazione del trasporto<\/li>\n<li>Strutture di stoccaggio<\/li>\n<\/ul>\n<p>Future Mobility \u00e8 un'azienda di traslochi internazionali con sede a Stoccolma. \u00c8 membro di IAM da quattro anni e dispone di una rete internazionale di agenti di trasloco in grado di supportare i suoi servizi di trasloco all'estero.<\/p>\n<p>Future Mobility offre traslochi da e verso la Svezia e fornisce un sopralluogo gratuito per creare un preventivo su misura in base ai vostri volumi e alle vostre esigenze. Gestiscono ogni fase del trasloco per agevolare il vostro spostamento. Offrono servizi di imballaggio e montaggio per farvi risparmiare tempo e proteggere i vostri beni durante il trasporto. Offrono inoltre assistenza per la mobilit\u00e0 dei dipendenti e aiutano i datori di lavoro a gestire i trasferimenti dei dipendenti.<\/p>\n<p>Sito web: <a href=\"http:\/\/www.futuremobility.nu\" target=\"_blank\" rel=\"noopener\">http:\/\/www.futuremobility.nu<\/a><\/p>\n<h2><span class=\"ez-toc-section\" id=\"5_GLC_Flytt\"><\/span><strong>5. GLC Flytt<\/strong><span class=\"ez-toc-section-end\"><\/span><\/h2>\n<p><img loading=\"lazy\" decoding=\"async\" class=\"alignnone size-full wp-image-10127\" src=\"https:\/\/moverdb.com\/wp-content\/uploads\/GLC-Flytt-international-moving-company.png\" alt=\"GLC Flytt azienda di traslochi internazionali\" width=\"1440\" height=\"680\" data-wp-pid=\"10127\" srcset=\"https:\/\/moverdb.com\/wp-content\/uploads\/GLC-Flytt-international-moving-company.png 1440w, https:\/\/moverdb.com\/wp-content\/uploads\/GLC-Flytt-international-moving-company-300x142.png 300w, https:\/\/moverdb.com\/wp-content\/uploads\/GLC-Flytt-international-moving-company-1024x484.png 1024w, https:\/\/moverdb.com\/wp-content\/uploads\/GLC-Flytt-international-moving-company-18x9.png 18w, https:\/\/moverdb.com\/wp-content\/uploads\/GLC-Flytt-international-moving-company-600x283.png 600w\" sizes=\"auto, (max-width: 1440px) 100vw, 1440px\" \/><\/p>\n<ul>\n<li>Movimenti nazionali<\/li>\n<li>Spostamenti internazionali<\/li>\n<li>Traslochi domestici<\/li>\n<li>Traslochi di uffici e industriali<\/li>\n<li>Soluzioni porta a porta<\/li>\n<li>Servizi di imballaggio<\/li>\n<li>Modalit\u00e0 di trasporto<\/li>\n<li>Sdoganamento<\/li>\n<li>Assicurazione<\/li>\n<li>Strutture di stoccaggio<\/li>\n<\/ul>\n<p>GLC Flytt \u00e8 un'azienda di traslochi che offre servizi di trasloco e di magazzino ad aziende e privati, con sede a G\u00f6teborg e radici all'inizio degli anni Ottanta. Si avvale di una rete internazionale di agenti di trasloco che la assistono nei traslochi in tutto il mondo. \u00c8 membro di IAM con 26 anni di servizio.<\/p>\n<p>GLC Flytt offre traslochi nazionali e internazionali porta a porta per privati e aziende. Offre opzioni di imballaggio che comprendono l'autoimballaggio o un servizio di imballaggio completo che utilizza materiali di imballaggio di qualit\u00e0 e una cura speciale per le merci sensibili. Pianificano il trasporto e gestiscono la dogana, oltre a offrire servizi di pulizia e altri servizi accessori.<\/p>\n<p>Sito web: <a href=\"http:\/\/www.glcflytt.se\" target=\"_blank\" rel=\"noopener\">http:\/\/www.glcflytt.se<\/a><\/p>\n<h2><span class=\"ez-toc-section\" id=\"6_Mirkka_International_Moving\"><\/span><strong>6. Mirkka International Moving<\/strong><span class=\"ez-toc-section-end\"><\/span><\/h2>\n<p><img loading=\"lazy\" decoding=\"async\" class=\"alignnone size-full wp-image-10156\" src=\"https:\/\/moverdb.com\/wp-content\/uploads\/Mirkka-International-Moving-company.png\" alt=\"Azienda di traslochi internazionali Mirkka\" width=\"1440\" height=\"680\" data-wp-pid=\"10156\" srcset=\"https:\/\/moverdb.com\/wp-content\/uploads\/Mirkka-International-Moving-company.png 1440w, https:\/\/moverdb.com\/wp-content\/uploads\/Mirkka-International-Moving-company-300x142.png 300w, https:\/\/moverdb.com\/wp-content\/uploads\/Mirkka-International-Moving-company-1024x484.png 1024w, https:\/\/moverdb.com\/wp-content\/uploads\/Mirkka-International-Moving-company-18x9.png 18w, https:\/\/moverdb.com\/wp-content\/uploads\/Mirkka-International-Moving-company-600x283.png 600w\" sizes=\"auto, (max-width: 1440px) 100vw, 1440px\" \/><\/p>\n<ul>\n<li>Traslochi locali e nazionali<\/li>\n<li>Traslochi internazionali<\/li>\n<li>Traslochi di abitazioni<\/li>\n<li>Traslochi di uffici<\/li>\n<li>Soluzioni su misura<\/li>\n<li>Da piccoli oggetti a traslochi completi<\/li>\n<li>Squadra di traslocatori professionisti<\/li>\n<li>Trasporto stradale, aereo e marittimo<\/li>\n<li>Pulizia della casa<\/li>\n<li>Strutture di stoccaggio a breve e lungo termine<\/li>\n<\/ul>\n<p>Mirkka International Moving \u00e8 un'azienda di traslochi nazionali e internazionali con oltre 40 anni di esperienza e sede a Jonkoping. \u00c8 membro della IAM con otto anni di servizio, il che le d\u00e0 accesso a una rete internazionale di agenti di trasloco per fornire servizi in tutto il mondo.<\/p>\n<p>Mirkka International Moving offre servizi di trasloco su misura per un piccolo numero di articoli e per traslochi completi a livello locale, nazionale e internazionale. Fornisce servizi di trasloco con un team di professionisti che organizzer\u00e0 il vostro trasloco su strada, per via aerea e via mare. Offrono anche servizi aggiuntivi che includono servizi di pulizia della casa.<\/p>\n<p>Sito web: <a href=\"http:\/\/www.mirkkainternationalmoving.se\" target=\"_blank\" rel=\"noopener\">http:\/\/www.mirkkainternationalmoving.se<\/a><\/p>\n<h2><span class=\"ez-toc-section\" id=\"7_Stadsbudkontoret\"><\/span><strong>7. Castello di Stato<\/strong><span class=\"ez-toc-section-end\"><\/span><\/h2>\n<p><img loading=\"lazy\" decoding=\"async\" class=\"alignnone size-full wp-image-10187\" src=\"https:\/\/moverdb.com\/wp-content\/uploads\/Stadsbudkontoret-international-moving-company.png\" alt=\"Azienda di traslochi internazionali Stadsbudkontoret\" width=\"1440\" height=\"677\" data-wp-pid=\"10187\" srcset=\"https:\/\/moverdb.com\/wp-content\/uploads\/Stadsbudkontoret-international-moving-company.png 1440w, https:\/\/moverdb.com\/wp-content\/uploads\/Stadsbudkontoret-international-moving-company-300x141.png 300w, https:\/\/moverdb.com\/wp-content\/uploads\/Stadsbudkontoret-international-moving-company-1024x481.png 1024w, https:\/\/moverdb.com\/wp-content\/uploads\/Stadsbudkontoret-international-moving-company-18x8.png 18w, https:\/\/moverdb.com\/wp-content\/uploads\/Stadsbudkontoret-international-moving-company-600x282.png 600w\" sizes=\"auto, (max-width: 1440px) 100vw, 1440px\" \/><\/p>\n<ul>\n<li>Movimenti nazionali<\/li>\n<li>Spostamenti internazionali<\/li>\n<li>Traslochi domestici<\/li>\n<li>Trasferte dell'azienda<\/li>\n<li>Servizio porta a porta<\/li>\n<li>Servizio di imballaggio<\/li>\n<li>Trasporto aereo, marittimo e su camion<\/li>\n<li>Documentazione di spostamento<\/li>\n<li>Assicurazione<\/li>\n<li>Stoccaggio temporaneo<\/li>\n<\/ul>\n<p>Stadsbudkontoret \u00e8 un servizio di traslochi che assiste aziende e privati ed \u00e8 stato fondato nel 1888. Ha uffici a Stoccolma, Ornskoldsvik, Malmo, G\u00f6teborg, Harnosand e Cannes. Dispone di un'ampia rete di aziende di traslochi professionali per fornire i propri servizi al di fuori della Svezia. \u00c8 membro della IAM con 135 anni di servizio ed \u00e8 accreditata dalla FIDI.<\/p>\n<p>Il coordinatore dei traslochi di Stadsbudkontoret si occuper\u00e0 di tutti gli aspetti del vostro trasloco all'interno della Svezia, da e per la Svezia, e si assicurer\u00e0 che i suoi partner forniscano i servizi. Il loro servizio porta a porta comprende la ricerca del metodo di trasloco pi\u00f9 conveniente e tempestivo per le vostre esigenze. Si occuperanno di tutta la documentazione necessaria per il trasloco per l'importazione e l'esportazione.<\/p>\n<p>Sito web: <a href=\"http:\/\/www.sbkmoving.com\" target=\"_blank\" rel=\"noopener\">http:\/\/www.sbkmoving.com<\/a><\/p>\n<h2><span class=\"ez-toc-section\" id=\"8_TBA_Transporter\"><\/span><strong>8. Trasportatore TBA<\/strong><span class=\"ez-toc-section-end\"><\/span><\/h2>\n<p><img loading=\"lazy\" decoding=\"async\" class=\"alignnone size-full wp-image-10192\" src=\"https:\/\/moverdb.com\/wp-content\/uploads\/TBA-Transporter-international-moving-company.png\" alt=\"TBA Transporter azienda di traslochi internazionali\" width=\"1440\" height=\"628\" data-wp-pid=\"10192\" srcset=\"https:\/\/moverdb.com\/wp-content\/uploads\/TBA-Transporter-international-moving-company.png 1440w, https:\/\/moverdb.com\/wp-content\/uploads\/TBA-Transporter-international-moving-company-300x131.png 300w, https:\/\/moverdb.com\/wp-content\/uploads\/TBA-Transporter-international-moving-company-1024x447.png 1024w, https:\/\/moverdb.com\/wp-content\/uploads\/TBA-Transporter-international-moving-company-18x8.png 18w, https:\/\/moverdb.com\/wp-content\/uploads\/TBA-Transporter-international-moving-company-600x262.png 600w\" sizes=\"auto, (max-width: 1440px) 100vw, 1440px\" \/><\/p>\n<ul>\n<li>Traslochi locali e nazionali<\/li>\n<li>Spostamenti internazionali<\/li>\n<li>Traslochi domestici<\/li>\n<li>Trasferimenti aziendali<\/li>\n<li>Servizio su misura<\/li>\n<li>Opzioni di imballaggio<\/li>\n<li>Spedizioni stradali, marittime e aeree<\/li>\n<li>Opzioni di disimballaggio<\/li>\n<li>Assicurazione<\/li>\n<li>Soluzioni di stoccaggio<\/li>\n<\/ul>\n<p>TBA Transporter \u00e8 un'azienda di traslochi fondata nel 1995 con sede a Stoccolma. \u00c8 membro di IAM con 28 anni di servizio e ha accesso a una rete internazionale di agenti di trasloco che la supportano.<\/p>\n<p>TBA Transporter offre un servizio di trasloco porta a porta su misura per progetti di trasloco di piccole e grandi dimensioni. Offre una scelta di opzioni per l'imballaggio e il disimballaggio che vi permettono di fare quanto o poco volete. Offre un servizio di imballaggio per l'esportazione specializzato in spedizioni aeree e marittime e, se necessario, pu\u00f2 smontare e montare i mobili.<\/p>\n<p>Sito web: <a href=\"http:\/\/www.tbatransporter.com\" target=\"_blank\" rel=\"noopener\">http:\/\/www.tbatransporter.com<\/a><\/p>\n<h2><span class=\"ez-toc-section\" id=\"Other_Useful_Guides_to_Sweden\"><\/span>Altre guide utili sulla Svezia<span class=\"ez-toc-section-end\"><\/span><\/h2>\n<ul>\n<li> <a href=\"https:\/\/moverdb.com\/it\/container-shipping\/svezia\/\">2024 Tariffe di spedizione via mare per container da e per la Svezia<\/a><\/li>\n<li> <a href=\"https:\/\/moverdb.com\/it\/moving-to-sweden\/\">Trasferirsi in Svezia? 2026 Costi di vita e consigli per il trasferimento<\/a><\/li>\n<li> <a href=\"https:\/\/moverdb.com\/it\/moving-to-sweden\/best-places-to-live-sweden\/\">I 13 migliori posti dove vivere in Svezia<\/a><\/li>\n<li> <a href=\"https:\/\/moverdb.com\/it\/moving-to-sweden\/living-in-sweden\/\">21 segreti sulla vita in Svezia da conoscere prima di trasferirsi<\/a><\/li>\n<\/ul>","protected":false},"excerpt":{"rendered":"<p>Are you moving within, to or from Sweden? Then you may want to enlist the services of a moving company that can help you plan your move including packing, transportation and handling customs procedures for international moves. Below we have compiled a list of Swedish moving companies that are members of the International Association of [&hellip;]<\/p>\n","protected":false},"author":4,"featured_media":10073,"parent":190,"menu_order":0,"comment_status":"closed","ping_status":"closed","template":"","meta":{"_genesis_hide_title":false,"_genesis_hide_breadcrumbs":false,"_genesis_hide_singular_image":false,"_genesis_hide_footer_widgets":false,"_genesis_custom_body_class":"","_genesis_custom_post_class":"","_genesis_layout":"","footnotes":""},"class_list":{"0":"post-10219","1":"page","2":"type-page","3":"status-publish","4":"has-post-thumbnail","6":"entry"},"_links":{"self":[{"href":"https:\/\/moverdb.com\/it\/wp-json\/wp\/v2\/pages\/10219","targetHints":{"allow":["GET"]}}],"collection":[{"href":"https:\/\/moverdb.com\/it\/wp-json\/wp\/v2\/pages"}],"about":[{"href":"https:\/\/moverdb.com\/it\/wp-json\/wp\/v2\/types\/page"}],"author":[{"embeddable":true,"href":"https:\/\/moverdb.com\/it\/wp-json\/wp\/v2\/users\/4"}],"replies":[{"embeddable":true,"href":"https:\/\/moverdb.com\/it\/wp-json\/wp\/v2\/comments?post=10219"}],"version-history":[{"count":3,"href":"https:\/\/moverdb.com\/it\/wp-json\/wp\/v2\/pages\/10219\/revisions"}],"predecessor-version":[{"id":17110,"href":"https:\/\/moverdb.com\/it\/wp-json\/wp\/v2\/pages\/10219\/revisions\/17110"}],"up":[{"embeddable":true,"href":"https:\/\/moverdb.com\/it\/wp-json\/wp\/v2\/pages\/190"}],"wp:featuredmedia":[{"embeddable":true,"href":"https:\/\/moverdb.com\/it\/wp-json\/wp\/v2\/media\/10073"}],"wp:attachment":[{"href":"https:\/\/moverdb.com\/it\/wp-json\/wp\/v2\/media?parent=10219"}],"curies":[{"name":"wp","href":"https:\/\/api.w.org\/{rel}","templated":true}]}}