{"id":10217,"date":"2023-06-22T15:53:33","date_gmt":"2023-06-22T15:53:33","guid":{"rendered":"https:\/\/moverdb.com\/?page_id=10217"},"modified":"2026-01-08T15:30:16","modified_gmt":"2026-01-08T15:30:16","slug":"moving-companies-sudan","status":"publish","type":"page","link":"https:\/\/moverdb.com\/it\/moving-companies\/moving-companies-sudan\/","title":{"rendered":"Le migliori imprese di traslochi internazionali in Sudan"},"content":{"rendered":"<p>Il trasloco pu\u00f2 essere un momento stressante, perch\u00e9 c'\u00e8 molto da fare e da organizzare, soprattutto se si sta emigrando. Per questo motivo, il servizio di un <a href=\"https:\/\/moverdb.com\/it\/moving-companies\/\" data-internallinksmanager029f6b8e52c=\"79\" title=\"Le 25 migliori aziende di traslochi internazionali online\">azienda di traslochi<\/a> pu\u00f2 aiutarvi a rendere il tutto molto pi\u00f9 semplice. Qui di seguito abbiamo compilato un elenco di siti del Sudan <a href=\"https:\/\/moverdb.com\/it\/international-removals\/\" data-internallinksmanager029f6b8e52c=\"27\" title=\"36 Migliori aziende di traslochi internazionali del Regno Unito\">aziende di trasloco<\/a> che sono membri dell'associazione <a href=\"https:\/\/moverdb.com\/it\/iam\/\" data-internallinksmanager029f6b8e52c=\"23\" title=\"Spiegazione dell&#039;Associazione Internazionale dei Traslocatori (IAM)\">Associazione internazionale dei traslocatori<\/a> (IAM) e\/o <a href=\"https:\/\/moverdb.com\/it\/fidi-faim\/\" data-internallinksmanager029f6b8e52c=\"16\" title=\"FIDI e FAIM (FIDI Accredited International Mover) spiegati\">FIDI<\/a> Traslocatore internazionale accreditato (FAIM) che pu\u00f2 aiutarvi con il vostro trasloco.<\/p>\n<h2><strong>Trasferimento Ganbert<\/strong><\/h2>\n<p><img loading=\"lazy\" decoding=\"async\" class=\"alignnone size-full wp-image-10124\" src=\"https:\/\/moverdb.com\/wp-content\/uploads\/Ganbert-Relocation-international-moving-company.png\" alt=\"Ganbert Relocation azienda di traslochi internazionali\" width=\"1440\" height=\"679\" data-wp-pid=\"10124\" srcset=\"https:\/\/moverdb.com\/wp-content\/uploads\/Ganbert-Relocation-international-moving-company.png 1440w, https:\/\/moverdb.com\/wp-content\/uploads\/Ganbert-Relocation-international-moving-company-300x141.png 300w, https:\/\/moverdb.com\/wp-content\/uploads\/Ganbert-Relocation-international-moving-company-1024x483.png 1024w, https:\/\/moverdb.com\/wp-content\/uploads\/Ganbert-Relocation-international-moving-company-18x8.png 18w, https:\/\/moverdb.com\/wp-content\/uploads\/Ganbert-Relocation-international-moving-company-600x283.png 600w\" sizes=\"auto, (max-width: 1440px) 100vw, 1440px\" \/><\/p>\n<ul>\n<li>Movimenti nazionali<\/li>\n<li>Trasferimenti internazionali<\/li>\n<li>Traslochi domestici<\/li>\n<li>Trasporto stradale, aereo e marittimo<\/li>\n<li>Sdoganamento<\/li>\n<li>Trasporto di animali e veicoli<\/li>\n<li>Supporto all'immigrazione<\/li>\n<li>Servizi aeroportuali<\/li>\n<li>Assicurazione<\/li>\n<li>Strutture di stoccaggio<\/li>\n<\/ul>\n<p>Ganbert Relocation \u00e8 un'azienda di traslochi fondata nel 1926 a <a href=\"https:\/\/moverdb.com\/it\/top-49-container-ports\/\" data-internallinksmanager029f6b8e52c=\"80\" title=\"I 49 porti container pi\u00f9 grandi e trafficati nel 2025\">Porto<\/a> Sudan. Sono membri della IAM con 39 anni di servizio, il che consente loro di accedere a una rete internazionale di agenti di trasloco che li assiste nei traslochi in altri Paesi.<\/p>\n<p>Ganbert Relocation offre servizi di trasloco e trasferimento a livello nazionale e internazionale di effetti personali, oggetti d'arte, animali domestici e veicoli. Organizza il trasporto su strada, per via aerea o marittima fino a destinazione e fornisce assistenza per lo sdoganamento. Offre inoltre servizi aggiuntivi quali assicurazione, deposito, assistenza all'immigrazione e servizi aeroportuali.<\/p>\n<p>Sito web: <a href=\"http:\/\/www.ganbert.com\" target=\"_blank\" rel=\"noopener\">http:\/\/www.ganbert.com<\/a><\/p>","protected":false},"excerpt":{"rendered":"<p>Moving can be a stressful time as there is so much to do and organise especially if you are emigrating. Therefore employing the service of a moving company can assist you in making it much easier. Below we have compiled a list of Sudan based removal companies that are members of the International Association of [&hellip;]<\/p>\n","protected":false},"author":4,"featured_media":10124,"parent":190,"menu_order":0,"comment_status":"closed","ping_status":"closed","template":"","meta":{"_genesis_hide_title":false,"_genesis_hide_breadcrumbs":false,"_genesis_hide_singular_image":false,"_genesis_hide_footer_widgets":false,"_genesis_custom_body_class":"","_genesis_custom_post_class":"","_genesis_layout":"","footnotes":""},"class_list":{"0":"post-10217","1":"page","2":"type-page","3":"status-publish","4":"has-post-thumbnail","6":"entry"},"_links":{"self":[{"href":"https:\/\/moverdb.com\/it\/wp-json\/wp\/v2\/pages\/10217","targetHints":{"allow":["GET"]}}],"collection":[{"href":"https:\/\/moverdb.com\/it\/wp-json\/wp\/v2\/pages"}],"about":[{"href":"https:\/\/moverdb.com\/it\/wp-json\/wp\/v2\/types\/page"}],"author":[{"embeddable":true,"href":"https:\/\/moverdb.com\/it\/wp-json\/wp\/v2\/users\/4"}],"replies":[{"embeddable":true,"href":"https:\/\/moverdb.com\/it\/wp-json\/wp\/v2\/comments?post=10217"}],"version-history":[{"count":1,"href":"https:\/\/moverdb.com\/it\/wp-json\/wp\/v2\/pages\/10217\/revisions"}],"predecessor-version":[{"id":10218,"href":"https:\/\/moverdb.com\/it\/wp-json\/wp\/v2\/pages\/10217\/revisions\/10218"}],"up":[{"embeddable":true,"href":"https:\/\/moverdb.com\/it\/wp-json\/wp\/v2\/pages\/190"}],"wp:featuredmedia":[{"embeddable":true,"href":"https:\/\/moverdb.com\/it\/wp-json\/wp\/v2\/media\/10124"}],"wp:attachment":[{"href":"https:\/\/moverdb.com\/it\/wp-json\/wp\/v2\/media?parent=10217"}],"curies":[{"name":"wp","href":"https:\/\/api.w.org\/{rel}","templated":true}]}}