{"id":10215,"date":"2023-06-22T15:54:43","date_gmt":"2023-06-22T15:54:43","guid":{"rendered":"https:\/\/moverdb.com\/?page_id=10215"},"modified":"2026-01-08T15:29:29","modified_gmt":"2026-01-08T15:29:29","slug":"moving-companies-sri-lanka","status":"publish","type":"page","link":"https:\/\/moverdb.com\/it\/moving-companies\/moving-companies-sri-lanka\/","title":{"rendered":"Le 7 migliori aziende di traslochi internazionali in Sri Lanka"},"content":{"rendered":"<p>Avete intenzione di traslocare? Allora potreste voler ricorrere ai servizi di un <a href=\"https:\/\/moverdb.com\/it\/moving-companies\/\" data-internallinksmanager029f6b8e52c=\"79\" title=\"Le 25 migliori aziende di traslochi internazionali online\">azienda di traslochi<\/a> perch\u00e9 possono assistervi nell'imballaggio, nel trasporto e nella gestione della dogana quando vi trasferite all'estero. Di seguito abbiamo stilato un elenco di agenzie di trasloco con sede in Sri Lanka. <a href=\"https:\/\/moverdb.com\/it\/international-removals\/\" data-internallinksmanager029f6b8e52c=\"27\" title=\"36 Migliori aziende di traslochi internazionali del Regno Unito\">aziende di trasloco<\/a> che sono membri dell'associazione <a href=\"https:\/\/moverdb.com\/it\/iam\/\" data-internallinksmanager029f6b8e52c=\"23\" title=\"Spiegazione dell&#039;Associazione Internazionale dei Traslocatori (IAM)\">Associazione internazionale dei traslocatori<\/a> (IAM) e\/o <a href=\"https:\/\/moverdb.com\/it\/fidi-faim\/\" data-internallinksmanager029f6b8e52c=\"16\" title=\"FIDI e FAIM (FIDI Accredited International Mover) spiegati\">FIDI<\/a> Traslocatore internazionale accreditato (FAIM) che pu\u00f2 aiutarvi con il vostro trasloco.<\/p>\n<div id=\"ez-toc-container\" class=\"ez-toc-v2_0_82_2 ez-toc-wrap-left counter-hierarchy ez-toc-counter ez-toc-transparent ez-toc-container-direction\">\n<div class=\"ez-toc-title-container\">\n<p class=\"ez-toc-title\" style=\"cursor:inherit\">Sezioni<\/p>\n<span class=\"ez-toc-title-toggle\"><a href=\"#\" class=\"ez-toc-pull-right ez-toc-btn ez-toc-btn-xs ez-toc-btn-default ez-toc-toggle\" aria-label=\"Allinea la tabella dei contenuti\"><span class=\"ez-toc-js-icon-con\"><span class=\"\"><span class=\"eztoc-hide\" style=\"display:none;\">Toggle<\/span><span class=\"ez-toc-icon-toggle-span\"><svg style=\"fill: #999;color:#999\" xmlns=\"http:\/\/www.w3.org\/2000\/svg\" class=\"list-377408\" width=\"20px\" height=\"20px\" viewbox=\"0 0 24 24\" fill=\"none\"><path d=\"M6 6H4v2h2V6zm14 0H8v2h12V6zM4 11h2v2H4v-2zm16 0H8v2h12v-2zM4 16h2v2H4v-2zm16 0H8v2h12v-2z\" fill=\"currentColor\"><\/path><\/svg><svg style=\"fill: #999;color:#999\" class=\"arrow-unsorted-368013\" xmlns=\"http:\/\/www.w3.org\/2000\/svg\" width=\"10px\" height=\"10px\" viewbox=\"0 0 24 24\" version=\"1.2\" baseprofile=\"tiny\"><path d=\"M18.2 9.3l-6.2-6.3-6.2 6.3c-.2.2-.3.4-.3.7s.1.5.3.7c.2.2.4.3.7.3h11c.3 0 .5-.1.7-.3.2-.2.3-.5.3-.7s-.1-.5-.3-.7zM5.8 14.7l6.2 6.3 6.2-6.3c.2-.2.3-.5.3-.7s-.1-.5-.3-.7c-.2-.2-.4-.3-.7-.3h-11c-.3 0-.5.1-.7.3-.2.2-.3.5-.3.7s.1.5.3.7z\"\/><\/svg><\/span><\/span><\/span><\/a><\/span><\/div>\n<nav><ul class='ez-toc-list ez-toc-list-level-1 eztoc-toggle-hide-by-default' ><li class='ez-toc-page-1 ez-toc-heading-level-2'><a class=\"ez-toc-link ez-toc-heading-1\" href=\"https:\/\/moverdb.com\/it\/moving-companies\/moving-companies-sri-lanka\/#1_Aitken_Spence\" >1. Aitken Spence<\/a><\/li><li class='ez-toc-page-1 ez-toc-heading-level-2'><a class=\"ez-toc-link ez-toc-heading-2\" href=\"https:\/\/moverdb.com\/it\/moving-companies\/moving-companies-sri-lanka\/#2_Asian_Movers\" >2. Movimenti asiatici<\/a><\/li><li class='ez-toc-page-1 ez-toc-heading-level-2'><a class=\"ez-toc-link ez-toc-heading-3\" href=\"https:\/\/moverdb.com\/it\/moving-companies\/moving-companies-sri-lanka\/#3_Don_Carolis_Sons\" >3. Don Carolis e figli<\/a><\/li><li class='ez-toc-page-1 ez-toc-heading-level-2'><a class=\"ez-toc-link ez-toc-heading-4\" href=\"https:\/\/moverdb.com\/it\/moving-companies\/moving-companies-sri-lanka\/#4_Horizon_Relocations\" >4. Trasferimenti all'orizzonte<\/a><\/li><li class='ez-toc-page-1 ez-toc-heading-level-2'><a class=\"ez-toc-link ez-toc-heading-5\" href=\"https:\/\/moverdb.com\/it\/moving-companies\/moving-companies-sri-lanka\/#5_Trans_World_Movers\" >5. Traslochi transnazionali<\/a><\/li><li class='ez-toc-page-1 ez-toc-heading-level-2'><a class=\"ez-toc-link ez-toc-heading-6\" href=\"https:\/\/moverdb.com\/it\/moving-companies\/moving-companies-sri-lanka\/#6_Trans-Global_Relocations\" >6. Trasferimenti trans-globali<\/a><\/li><li class='ez-toc-page-1 ez-toc-heading-level-2'><a class=\"ez-toc-link ez-toc-heading-7\" href=\"https:\/\/moverdb.com\/it\/moving-companies\/moving-companies-sri-lanka\/#7_Worldwide_Movers\" >7. Traslochi in tutto il mondo<\/a><\/li><\/ul><\/nav><\/div>\n<h2><span class=\"ez-toc-section\" id=\"1_Aitken_Spence\"><\/span><strong>1. Aitken Spence<\/strong><span class=\"ez-toc-section-end\"><\/span><\/h2>\n<p><img loading=\"lazy\" decoding=\"async\" class=\"alignnone size-full wp-image-10071\" src=\"https:\/\/moverdb.com\/wp-content\/uploads\/Aitken-Spence-international-moving-company.png\" alt=\"Azienda di traslochi internazionali Aitken Spence\" width=\"1440\" height=\"676\" data-wp-pid=\"10071\" srcset=\"https:\/\/moverdb.com\/wp-content\/uploads\/Aitken-Spence-international-moving-company.png 1440w, https:\/\/moverdb.com\/wp-content\/uploads\/Aitken-Spence-international-moving-company-300x141.png 300w, https:\/\/moverdb.com\/wp-content\/uploads\/Aitken-Spence-international-moving-company-1024x481.png 1024w, https:\/\/moverdb.com\/wp-content\/uploads\/Aitken-Spence-international-moving-company-18x8.png 18w, https:\/\/moverdb.com\/wp-content\/uploads\/Aitken-Spence-international-moving-company-600x282.png 600w\" sizes=\"auto, (max-width: 1440px) 100vw, 1440px\" \/><\/p>\n<ul>\n<li>Movimenti nazionali<\/li>\n<li>Spostamenti internazionali<\/li>\n<li>Traslochi domestici<\/li>\n<li>Logistica aziendale<\/li>\n<li>Servizi di esposizione<\/li>\n<li>Soluzioni end-to-end<\/li>\n<li>Trasporto aereo, marittimo e terrestre<\/li>\n<li>Sdoganamento<\/li>\n<li>Trasferimenti di animali domestici<\/li>\n<li>Strutture di stoccaggio<\/li>\n<\/ul>\n<p>Aitken Spence \u00e8 un'azienda multisettoriale che opera dal 1868 ed \u00e8 presente in otto Paesi, tra cui Colombo, Sri Lanka. Le sue attivit\u00e0 di spedizione merci comprendono traslochi e trasferimenti. Si avvale di proprie filiali e di una rete globale di aziende commerciali e logistiche a supporto. \u00c8 membro della IAM con 44 anni di servizio.<\/p>\n<p>Aitken Spence offre soluzioni integrate end-to-end grazie alla sua presenza globale. Fornisce servizi di trasloco e trasferimento senza problemi per le famiglie che si trasferiscono in tutto il mondo. Possono traslocare i vostri beni e i vostri animali domestici nella vostra nuova casa. Organizzano il trasporto e lo sdoganamento.<\/p>\n<p>Sito web: <a href=\"http:\/\/www.acecargo.lk\" target=\"_blank\" rel=\"noopener\">http:\/\/www.acecargo.lk<\/a><\/p>\n<h2><span class=\"ez-toc-section\" id=\"2_Asian_Movers\"><\/span><strong>2. Movimenti asiatici<\/strong><span class=\"ez-toc-section-end\"><\/span><\/h2>\n<p><img loading=\"lazy\" decoding=\"async\" class=\"alignnone size-full wp-image-10079\" src=\"https:\/\/moverdb.com\/wp-content\/uploads\/Asian-Movers-international-moving-company.png\" alt=\"Asian Movers, azienda di traslochi internazionali\" width=\"1440\" height=\"681\" data-wp-pid=\"10079\" srcset=\"https:\/\/moverdb.com\/wp-content\/uploads\/Asian-Movers-international-moving-company.png 1440w, https:\/\/moverdb.com\/wp-content\/uploads\/Asian-Movers-international-moving-company-300x142.png 300w, https:\/\/moverdb.com\/wp-content\/uploads\/Asian-Movers-international-moving-company-1024x484.png 1024w, https:\/\/moverdb.com\/wp-content\/uploads\/Asian-Movers-international-moving-company-18x9.png 18w, https:\/\/moverdb.com\/wp-content\/uploads\/Asian-Movers-international-moving-company-600x284.png 600w\" sizes=\"auto, (max-width: 1440px) 100vw, 1440px\" \/><\/p>\n<ul>\n<li>Traslochi locali e nazionali<\/li>\n<li>Spostamenti internazionali<\/li>\n<li>Traslochi domestici<\/li>\n<li>Traslochi aziendali e di uffici<\/li>\n<li>Servizio porta a porta<\/li>\n<li>Servizio di imballaggio<\/li>\n<li>Trasporto stradale, marittimo e aereo<\/li>\n<li>Sdoganamento<\/li>\n<li>Assicurazione<\/li>\n<li>Soluzioni di stoccaggio<\/li>\n<\/ul>\n<p>Asian Movers \u00e8 un'azienda di traslochi personalizzati fondata nello Sri Lanka e nel Regno Unito. <a href=\"https:\/\/moverdb.com\/it\/moving-to-the-maldives\/\" data-internallinksmanager029f6b8e52c=\"387\" title=\"Trasferirsi alle Maldive? 2026 Costi di vita e consigli per il trasferimento\">Maldive<\/a> nel 2013. I loro servizi hanno una portata globale grazie all'appartenenza ad associazioni internazionali di traslochi. Sono membri di IAM con 10 anni di servizio.<\/p>\n<p>Asian Movers offre un servizio di trasloco su misura, sia che abbiate bisogno di un servizio di trasloco completo o solo di un camion e di un traslocatore. Il loro servizio porta a porta pu\u00f2 includere l'imballaggio sicuro di tutti i vostri beni e la creazione di un inventario, il carico, il trasporto a destinazione e lo scarico. Forniscono assistenza per la documentazione relativa al carico e allo sdoganamento, nonch\u00e9 per l'assicurazione.<\/p>\n<p>Sito web: <a href=\"http:\/\/www.asianmovers.com\/\" target=\"_blank\" rel=\"noopener\">http:\/\/www.asianmovers.com\/<\/a><\/p>\n<h2><span class=\"ez-toc-section\" id=\"3_Don_Carolis_Sons\"><\/span><strong>3. Don Carolis e figli<\/strong><span class=\"ez-toc-section-end\"><\/span><\/h2>\n<p><em><img loading=\"lazy\" decoding=\"async\" class=\"alignnone size-full wp-image-10102\" src=\"https:\/\/moverdb.com\/wp-content\/uploads\/Don-Carolis-Sons-international-moving-company.png\" alt=\"Don Carolis &amp; Sons azienda di traslochi internazionali\" width=\"1440\" height=\"679\" data-wp-pid=\"10102\" srcset=\"https:\/\/moverdb.com\/wp-content\/uploads\/Don-Carolis-Sons-international-moving-company.png 1440w, https:\/\/moverdb.com\/wp-content\/uploads\/Don-Carolis-Sons-international-moving-company-300x141.png 300w, https:\/\/moverdb.com\/wp-content\/uploads\/Don-Carolis-Sons-international-moving-company-1024x483.png 1024w, https:\/\/moverdb.com\/wp-content\/uploads\/Don-Carolis-Sons-international-moving-company-18x8.png 18w, https:\/\/moverdb.com\/wp-content\/uploads\/Don-Carolis-Sons-international-moving-company-600x283.png 600w\" sizes=\"auto, (max-width: 1440px) 100vw, 1440px\" \/><\/em><\/p>\n<ul>\n<li>Movimenti nazionali<\/li>\n<li>Spostamenti internazionali<\/li>\n<li>Traslochi domestici<\/li>\n<li>Spostamenti organizzativi<\/li>\n<li>Servizio su misura<\/li>\n<li>Coordinatore del movimento<\/li>\n<li>Servizio di imballaggio<\/li>\n<li>Organizzazione del trasporto<\/li>\n<li>Opzioni di disimballaggio<\/li>\n<li>Protezione a valore pieno<\/li>\n<\/ul>\n<p>Don Carolis &amp; Sons \u00e8 un produttore, rivenditore ed esportatore di mobili che opera da oltre 150 anni con sede a Colombo. \u00c8 membro della IAM, che le d\u00e0 accesso a una rete internazionale di agenti di trasloco che la supportano nei traslochi internazionali.<\/p>\n<p>Don Carolis &amp; Sons offre un servizio di imballaggio su misura per soddisfare le vostre esigenze in termini di tempistica, budget e beni, oltre a fornire un coordinatore del trasloco per assistervi durante tutto il trasloco. Si occuperanno dei vostri effetti personali, compresi il carico, il trasporto e lo scarico in tutti i loro piani. I loro piani comprendono il disimballaggio, il disimballaggio parziale e la sistemazione dei mobili e il disimballaggio completo.<\/p>\n<p>Sito web: <a href=\"http:\/\/www.doncarolis.com\" target=\"_blank\" rel=\"noopener\">http:\/\/www.doncarolis.com<\/a><\/p>\n<h2><span class=\"ez-toc-section\" id=\"4_Horizon_Relocations\"><\/span><strong>4. Trasferimenti all'orizzonte<\/strong><span class=\"ez-toc-section-end\"><\/span><\/h2>\n<p><img loading=\"lazy\" decoding=\"async\" class=\"alignnone size-full wp-image-10136\" src=\"https:\/\/moverdb.com\/wp-content\/uploads\/Horizon-Relocations-international-moving-company.png\" alt=\"Horizon Relocations, societ\u00e0 di traslochi internazionali\" width=\"1440\" height=\"626\" data-wp-pid=\"10136\" srcset=\"https:\/\/moverdb.com\/wp-content\/uploads\/Horizon-Relocations-international-moving-company.png 1440w, https:\/\/moverdb.com\/wp-content\/uploads\/Horizon-Relocations-international-moving-company-300x130.png 300w, https:\/\/moverdb.com\/wp-content\/uploads\/Horizon-Relocations-international-moving-company-1024x445.png 1024w, https:\/\/moverdb.com\/wp-content\/uploads\/Horizon-Relocations-international-moving-company-18x8.png 18w, https:\/\/moverdb.com\/wp-content\/uploads\/Horizon-Relocations-international-moving-company-600x261.png 600w\" sizes=\"auto, (max-width: 1440px) 100vw, 1440px\" \/><\/p>\n<ul>\n<li>Traslochi locali e nazionali<\/li>\n<li>Trasferimenti internazionali<\/li>\n<li>Traslochi domestici<\/li>\n<li>Consegna di effetti personali<\/li>\n<li>Servizio porta a porta<\/li>\n<li>Imballaggio<\/li>\n<li>Disposizioni sul trasporto<\/li>\n<li>Sdoganamento<\/li>\n<li>Assicurazione<\/li>\n<li>Strutture di stoccaggio<\/li>\n<\/ul>\n<p>Horizon Relocations \u00e8 un'azienda di traslochi nazionali e internazionali con sede a Colombo. \u00c8 membro della IAM, che le d\u00e0 accesso a una rete internazionale di agenti di trasloco in grado di assisterla nella fornitura di servizi internazionali.<\/p>\n<p>Horizon Relocations offre servizi di trasloco porta a porta per traslochi locali, nazionali e internazionali di effetti personali e domestici. Fornisce servizi per piccoli e grandi volumi di articoli che possono includere l'imballaggio e l'involucro per proteggere gli articoli in transito in modo che arrivino sani e salvi. Organizzeranno il transito dei vostri beni tramite trasporto o spedizione a destinazione con sdoganamento.<\/p>\n<p>Sito web: <a href=\"http:\/\/www.horizonrelocations.lk\" target=\"_blank\" rel=\"noopener\">http:\/\/www.horizonrelocations.lk<\/a><\/p>\n<h2><span class=\"ez-toc-section\" id=\"5_Trans_World_Movers\"><\/span><strong>5. Traslochi transnazionali<\/strong><span class=\"ez-toc-section-end\"><\/span><\/h2>\n<p><img loading=\"lazy\" decoding=\"async\" class=\"alignnone size-full wp-image-10196\" src=\"https:\/\/moverdb.com\/wp-content\/uploads\/Trans-World-Movers-international-moving-company.png\" alt=\"Trans World Movers, azienda di traslochi internazionali\" width=\"1440\" height=\"675\" data-wp-pid=\"10196\" srcset=\"https:\/\/moverdb.com\/wp-content\/uploads\/Trans-World-Movers-international-moving-company.png 1440w, https:\/\/moverdb.com\/wp-content\/uploads\/Trans-World-Movers-international-moving-company-300x141.png 300w, https:\/\/moverdb.com\/wp-content\/uploads\/Trans-World-Movers-international-moving-company-1024x480.png 1024w, https:\/\/moverdb.com\/wp-content\/uploads\/Trans-World-Movers-international-moving-company-18x8.png 18w, https:\/\/moverdb.com\/wp-content\/uploads\/Trans-World-Movers-international-moving-company-600x281.png 600w\" sizes=\"auto, (max-width: 1440px) 100vw, 1440px\" \/><\/p>\n<ul>\n<li>Spostamenti locali<\/li>\n<li>Spostamenti internazionali<\/li>\n<li>Traslochi domestici<\/li>\n<li>Movimenti aziendali<\/li>\n<li>Soluzioni porta a porta<\/li>\n<li>Servizio di imballaggio<\/li>\n<li>Trasporto aereo, marittimo e stradale<\/li>\n<li>Sdoganamento<\/li>\n<li>Trasporto di veicoli e animali domestici<\/li>\n<li>Strutture di stoccaggio<\/li>\n<\/ul>\n<p>Trans World Movers \u00e8 un'azienda di traslochi fondata nel 1973 con sede a Colombo che fornisce servizi a privati, diplomatici e aziende. Dispone di una rete consolidata di rappresentanti e agenti in tutto il mondo che la supportano nei traslochi internazionali. \u00c8 membro della IAM con 50 anni di servizio.<\/p>\n<p>Trans World Movers offre servizi di trasloco porta a porta a livello locale e internazionale. Fornisce un servizio di imballaggio conforme agli standard internazionali per proteggere gli oggetti in transito. Organizzano il transito dei vostri beni su strada, per via aerea e marittima con sdoganamento. Offrono servizi aggiuntivi che includono la gestione degli animali domestici, <a href=\"https:\/\/moverdb.com\/it\/car-transport-shipping\/\" data-internallinksmanager029f6b8e52c=\"2\" title=\"2026 Preventivi per il trasporto internazionale di auto e veicoli\">spedizione di veicoli<\/a> e soluzioni di archiviazione.<\/p>\n<p>Sito web: <a href=\"http:\/\/www.transworldmovers.com\" target=\"_blank\" rel=\"noopener\">http:\/\/www.transworldmovers.com<\/a><\/p>\n<h2><span class=\"ez-toc-section\" id=\"6_Trans-Global_Relocations\"><\/span><strong>6. Trasferimenti trans-globali<\/strong><span class=\"ez-toc-section-end\"><\/span><\/h2>\n<p><img loading=\"lazy\" decoding=\"async\" class=\"alignnone size-full wp-image-10197\" src=\"https:\/\/moverdb.com\/wp-content\/uploads\/Trans-Global-Relocations-international-moving-company.png\" alt=\"Societ\u00e0 di traslochi internazionali Trans-Global Relocations\" width=\"1440\" height=\"681\" data-wp-pid=\"10197\" srcset=\"https:\/\/moverdb.com\/wp-content\/uploads\/Trans-Global-Relocations-international-moving-company.png 1440w, https:\/\/moverdb.com\/wp-content\/uploads\/Trans-Global-Relocations-international-moving-company-300x142.png 300w, https:\/\/moverdb.com\/wp-content\/uploads\/Trans-Global-Relocations-international-moving-company-1024x484.png 1024w, https:\/\/moverdb.com\/wp-content\/uploads\/Trans-Global-Relocations-international-moving-company-18x9.png 18w, https:\/\/moverdb.com\/wp-content\/uploads\/Trans-Global-Relocations-international-moving-company-600x284.png 600w\" sizes=\"auto, (max-width: 1440px) 100vw, 1440px\" \/><\/p>\n<ul>\n<li>Traslochi locali e nazionali<\/li>\n<li>Spostamenti internazionali<\/li>\n<li>Traslochi domestici<\/li>\n<li>Servizio porta a porta<\/li>\n<li>Imballaggio professionale<\/li>\n<li>Spedizioni via mare e via aerea<\/li>\n<li>Sdoganamento<\/li>\n<li>Trasferimento di animali domestici<\/li>\n<li>Manipolazione dell'auto<\/li>\n<li>Stoccaggio sicuro<\/li>\n<\/ul>\n<p>Trans-Global Relocations \u00e8 una societ\u00e0 di traslochi con sede a Colombo. \u00c8 membro della IAM, che le mette a disposizione una rete internazionale di agenti di trasloco per lavorare sui traslochi all'estero.<\/p>\n<p>Trans-Global Relocations offre un sopralluogo per valutare le vostre esigenze di trasloco e creer\u00e0 un piano di trasloco basato sulle vostre necessit\u00e0, che includer\u00e0 consigli sulla preparazione e sul metodo di trasloco pi\u00f9 conveniente. Forniscono un servizio porta a porta che include l'imballaggio professionale dei vostri beni per garantire che viaggino in sicurezza a livello internazionale via mare o via aerea, con tanto di sdoganamento. Offrono inoltre servizi aggiuntivi che comprendono il trasferimento di animali domestici, la movimentazione e il deposito di auto.<\/p>\n<p>Sito web: <a href=\"http:\/\/www.t-grelo.com\" target=\"_blank\" rel=\"noopener\">http:\/\/www.t-grelo.com<\/a><\/p>\n<h2><span class=\"ez-toc-section\" id=\"7_Worldwide_Movers\"><\/span><strong>7. Traslochi in tutto il mondo<\/strong><span class=\"ez-toc-section-end\"><\/span><\/h2>\n<p><img loading=\"lazy\" decoding=\"async\" class=\"alignnone size-full wp-image-10209\" src=\"https:\/\/moverdb.com\/wp-content\/uploads\/Worldwide-Movers-international-moving-company.png\" alt=\"Worldwide Movers - Societ\u00e0 di traslochi internazionali\" width=\"1440\" height=\"674\" data-wp-pid=\"10209\" srcset=\"https:\/\/moverdb.com\/wp-content\/uploads\/Worldwide-Movers-international-moving-company.png 1440w, https:\/\/moverdb.com\/wp-content\/uploads\/Worldwide-Movers-international-moving-company-300x140.png 300w, https:\/\/moverdb.com\/wp-content\/uploads\/Worldwide-Movers-international-moving-company-1024x479.png 1024w, https:\/\/moverdb.com\/wp-content\/uploads\/Worldwide-Movers-international-moving-company-18x8.png 18w, https:\/\/moverdb.com\/wp-content\/uploads\/Worldwide-Movers-international-moving-company-600x281.png 600w\" sizes=\"auto, (max-width: 1440px) 100vw, 1440px\" \/><\/p>\n<ul>\n<li>Movimenti nazionali<\/li>\n<li>Spostamenti internazionali<\/li>\n<li>Traslochi domestici<\/li>\n<li>Servizi di trasferimento<\/li>\n<li>Porta a porta o porta a porta<a href=\"https:\/\/moverdb.com\/it\/top-49-container-ports\/\" data-internallinksmanager029f6b8e52c=\"80\" title=\"I 49 porti container pi\u00f9 grandi e trafficati nel 2025\">porto<\/a> servizio<\/li>\n<li>Servizio di imballaggio<\/li>\n<li>Trasporto via terra, aria o mare<\/li>\n<li>Brokeraggio doganale<\/li>\n<li>Manipolazione degli animali domestici<\/li>\n<li>Trasporto di veicoli<\/li>\n<\/ul>\n<p>Worldwide Movers \u00e8 un'azienda di imballaggio e trasloco fondata nel 2009 con sede a Colombo. \u00c8 membro dell'IAM con 15 anni di servizio ed \u00e8 anche membro dell'Asian Relocation Association, che le consente di fornire servizi di trasloco in tutto il mondo.<\/p>\n<p>Worldwide Movers offre traslochi porta a porta o porta a porta a livello nazionale e internazionale. Fornisce un servizio di imballaggio che comprende l'imballaggio sicuro dei vostri oggetti, lo smontaggio e il rimontaggio di mobili e arredi. Possono anche aiutarvi a traslocare i vostri veicoli e animali domestici. Offrono servizi di trasloco che comprendono la ricerca di una casa e di una scuola, l'orientamento, i tour della zona e i servizi di pulizia.<\/p>\n<p>Sito web: <a href=\"https:\/\/w-movers.com\/\" target=\"_blank\" rel=\"noopener\">https:\/\/w-movers.com\/<\/a><\/p>","protected":false},"excerpt":{"rendered":"<p>Are you planning on moving? Then you may want to enlist the services of a moving company as they can assist you with packing, transportation and handling customs when moving abroad. Below we have compiled a list of Sri Lanka based removal companies that are members of the International Association of Movers (IAM) and\/or FIDI [&hellip;]<\/p>\n","protected":false},"author":4,"featured_media":10071,"parent":190,"menu_order":0,"comment_status":"closed","ping_status":"closed","template":"","meta":{"_genesis_hide_title":false,"_genesis_hide_breadcrumbs":false,"_genesis_hide_singular_image":false,"_genesis_hide_footer_widgets":false,"_genesis_custom_body_class":"","_genesis_custom_post_class":"","_genesis_layout":"","footnotes":""},"class_list":{"0":"post-10215","1":"page","2":"type-page","3":"status-publish","4":"has-post-thumbnail","6":"entry"},"_links":{"self":[{"href":"https:\/\/moverdb.com\/it\/wp-json\/wp\/v2\/pages\/10215","targetHints":{"allow":["GET"]}}],"collection":[{"href":"https:\/\/moverdb.com\/it\/wp-json\/wp\/v2\/pages"}],"about":[{"href":"https:\/\/moverdb.com\/it\/wp-json\/wp\/v2\/types\/page"}],"author":[{"embeddable":true,"href":"https:\/\/moverdb.com\/it\/wp-json\/wp\/v2\/users\/4"}],"replies":[{"embeddable":true,"href":"https:\/\/moverdb.com\/it\/wp-json\/wp\/v2\/comments?post=10215"}],"version-history":[{"count":1,"href":"https:\/\/moverdb.com\/it\/wp-json\/wp\/v2\/pages\/10215\/revisions"}],"predecessor-version":[{"id":10216,"href":"https:\/\/moverdb.com\/it\/wp-json\/wp\/v2\/pages\/10215\/revisions\/10216"}],"up":[{"embeddable":true,"href":"https:\/\/moverdb.com\/it\/wp-json\/wp\/v2\/pages\/190"}],"wp:featuredmedia":[{"embeddable":true,"href":"https:\/\/moverdb.com\/it\/wp-json\/wp\/v2\/media\/10071"}],"wp:attachment":[{"href":"https:\/\/moverdb.com\/it\/wp-json\/wp\/v2\/media?parent=10215"}],"curies":[{"name":"wp","href":"https:\/\/api.w.org\/{rel}","templated":true}]}}