{"id":906,"date":"2018-01-30T05:37:29","date_gmt":"2018-01-30T05:37:29","guid":{"rendered":"http:\/\/moverdb.com\/?page_id=906"},"modified":"2026-01-08T14:48:24","modified_gmt":"2026-01-08T14:48:24","slug":"rubah-bergerak","status":"publish","type":"page","link":"https:\/\/moverdb.com\/id\/fox-moving\/","title":{"rendered":"Fox Moving &amp; Storage: Ulasan Pemindahan Internasional"},"content":{"rendered":"<p>Fox Moving &amp; Storage berbasis di Cwmbran, Wales. Di bawah ini Anda akan menemukan daftar layanan mereka baik internasional maupun lokal, bersama dengan profil perusahaan dan ulasan.<\/p>\n<p><strong>Pindah ke Luar Negeri - Perusahaan dan Perorangan<\/strong><\/p>\n<ul>\n<li> Pribadi <a href=\"https:\/\/moverdb.com\/id\/international-removals\/\" data-internallinksmanager029f6b8e52c=\"27\" title=\"36 Perusahaan Pemindahan Internasional Terbaik Di Inggris\">pemindahan internasional<\/a> agen<\/li>\n<li> Kutipan yang komprehensif, jadwal pemindahan, dan skala waktu<\/li>\n<li> Tim pengepakan ahli<\/li>\n<li> Menyediakan dokumentasi bea dan cukai<\/li>\n<li> Agen lokal siap membantu di negara tujuan<\/li>\n<\/ul>\n<p><strong>Pindah ke Eropa - Perusahaan dan Perorangan<\/strong><\/p>\n<ul>\n<li> Tim pemindahan pribadi Eropa<\/li>\n<li> Penawaran harga dan jadwal pindahan yang komprehensif<\/li>\n<li> Tim pengepakan ahli<\/li>\n<li> Beban kecil diterima <\/li>\n<li> Pengiriman ke daratan Eropa melalui jalan darat<\/li>\n<li> Pengiriman ke pulau-pulau lepas pantai dengan feri atau kontainer laut<\/li>\n<li> Pengiriman ke Eropa Timur dengan kontainer laut dan\/atau darat<\/li>\n<li> Informasi impor dan bea cukai jika berlaku<\/li>\n<\/ul>\n<p><strong>Spesialis Pemindahan Kantor dan Komersial Internasional dan Lokal<\/strong><\/p>\n<ul>\n<li> Seorang perwakilan komersial senior dialokasikan<\/li>\n<li> Penawaran terperinci dan jadwal pekerjaan<\/li>\n<li> Peti yang dirancang khusus untuk dokumen dan pemindahan barang kecil<\/li>\n<li> Rangkaian lengkap peti (disegel dan berpenutup), bahan pengemas, troli, penutup pelindung, dan troli<\/li>\n<li> Peralatan TI sepenuhnya terlindungi<\/li>\n<li> Staf TI siap untuk membongkar dan memasang kembali komputer<\/li>\n<li> Fasilitas penyimpanan arsip dan dokumen<\/li>\n<li> Pembongkaran dan pemasangan kembali meja, stasiun kerja, dan rak<\/li>\n<li> Layanan pengiriman lengkap ke seluruh dunia dan Eropa ditambah layanan TI dan komunikasi<\/li>\n<\/ul>\n<p><strong>Bergerak di dalam <a href=\"https:\/\/moverdb.com\/id\/moving-to-the-uk\/\" data-internallinksmanager029f6b8e52c=\"93\" title=\"Pindah ke Inggris? 2026 Biaya Hidup &amp; Kiat Relokasi\">INGGRIS<\/a><\/strong><\/p>\n<ul>\n<li> Mengalokasikan agen pemindahan Inggris pribadi<\/li>\n<li> Kutipan tertulis terperinci disediakan<\/li>\n<li> Layanan dari pintu ke pintu<\/li>\n<li> Pengemas ahli<\/li>\n<li> Bahan kemasan dapat disediakan<\/li>\n<li> Asuransi yang diatur<\/li>\n<li> Penyimpanan diatur<\/li>\n<\/ul>\n<p><strong>Solusi Penyimpanan<\/strong><\/p>\n<ul>\n<li> Unit penyimpanan mandiri untuk bisnis, komersial, dan pribadi<\/li>\n<li> Penyimpanan kontainer<\/li>\n<li> Penyimpanan siswa<\/li>\n<li> Penyimpanan bisnis<\/li>\n<li> Penyimpanan arsip<\/li>\n<li> Pengawasan CCTV 24 jam<\/li>\n<li> Akses selama jam kerja<\/li>\n<\/ul>\n<p>Mereka juga <a href=\"https:\/\/moverdb.com\/id\/atlas-van-lines-internasional\/\" rel=\"noopener\" target=\"_blank\">Atlas Van Lines<\/a> agen di Inggris.<\/p>\n<h2>Pemindahan &amp; Penyimpanan Fox<\/h2>\n<p>Fox Moving &amp; Storage didirikan oleh Roy Fox pada tahun 1971. Keluarganya telah berkecimpung dalam bisnis pindahan dan penyimpanan sejak tahun 1920-an. Sejak didirikan, perusahaan ini telah berkembang dari bisnis keluarga kecil yang melayani South Wales menjadi perusahaan yang kini memenuhi kebutuhan klien korporat dan pribadi internasional dan lokal. Perusahaan ini sekarang dijalankan oleh putra dan dua cucu Roy Fox. <\/p>\n<p>Fox Moving &amp; Storage berjanji untuk menjalankan bisnis mereka dengan cara yang menunjukkan rasa hormat penuh terhadap lingkungan, karyawan, dan yang terpenting, klien mereka. Mereka juga berjanji untuk menyediakan lingkungan kerja yang aman dan efisien yang tidak hanya menguntungkan staf mereka tetapi juga klien mereka.<\/p>\n<p>Afiliasi dan akreditasi Fox Moving:<\/p>\n<ul>\n<li> <a href=\"https:\/\/moverdb.com\/id\/asosiasi-penghilang-penghilang-inggris\/\">Asosiasi Penghapus Inggris<\/a> (<a href=\"https:\/\/moverdb.com\/id\/british-association-of-removers\/\" data-internallinksmanager029f6b8e52c=\"9\" title=\"Penjelasan Asosiasi Penghilang Inggris (BAR)\">BAR<\/a>)<\/li>\n<li> Institut Standar Perdagangan (TSI)<\/li>\n<li> <a href=\"https:\/\/moverdb.com\/id\/bar-luar-negeri\/\">Grup Luar Negeri Asosiasi Pemindahan Inggris<\/a><\/li>\n<li> <a href=\"https:\/\/moverdb.com\/id\/fidi-faim\/\">F\u00e9d\u00e9ration Internationale des D\u00e9m\u00e9nageurs Internationaux<\/a> (<a href=\"https:\/\/moverdb.com\/id\/fidi-faim\/\" data-internallinksmanager029f6b8e52c=\"16\" title=\"Penjelasan FIDI &amp; FAIM (Penggerak Internasional Terakreditasi FIDI)\">FIDI<\/a>)<\/li>\n<li> <a href=\"https:\/\/moverdb.com\/id\/fidi-faim\/\">Penggerak Internasional Terakreditasi FIDI<\/a> (FAIM)<\/li>\n<li> Standar Layanan Terjamin Kualitas - Pindahan Komersial<\/li>\n<li> Standar Layanan Terjamin Mutu - Sistem Manajemen Mutu<\/li>\n<li> Standar Layanan Terjamin Mutu - Sistem Manajemen Lingkungan<\/li>\n<\/ul>\n<h2>Ulasan Pemindahan &amp; Penyimpanan Fox<\/h2>\n<p><strong>Positif<\/strong><\/p>\n<ul>\n<li> <em>\"Kru pindahan yang ramah dan efisien.\"<\/em> - Mr Hamer melalui <a href=\"http:\/\/www.fox-moving.com\/reviews\/\" target=\"_blank\" rel=\"noopener\">Halaman ulasan Fox Moving<\/a><\/li>\n<li> <em>\"Layanan yang sangat baik, profesional dan sopan. Tidak ada keluhan sama sekali; semua berjalan sesuai rencana yang efisien. Rubah bukanlah 'yang termurah'; tetapi Anda mendapatkan apa yang Anda bayar - kualitas!\"<\/em> - Patricia via <a href=\"http:\/\/ww2.feefo.com\/en-us\/reviews\/fox-moving\/571f3e07498e08d16aafb163\/customer-review-top-notch-service\" target=\"_blank\" rel=\"noopener\">Feefo<\/a><\/li>\n<li> <em>\"Layanan yang saya terima dari Fox tidak ada duanya - mulai dari pertanyaan awal hingga selesai. Saya juga harus mengucapkan terima kasih secara khusus kepada para petugas pemindahan saya pada hari itu.\"<\/em> - Beverley via <a href=\"http:\/\/trustedtraders.which.co.uk\/businesses\/fox-moving-storage-cwmbran\/\" target=\"_blank\" rel=\"noopener\">Pedagang Tepercaya<\/a><\/li>\n<li> <em>\"Kami telah berpindah negara sebanyak 6 kali dalam beberapa tahun ini. Perpindahan terakhir kami adalah dari Wina ke <a href=\"https:\/\/moverdb.com\/id\/moving-to-london\/\">London<\/a> dan itu adalah langkah terbaik yang pernah kami alami dan kami sangat berterima kasih kepada Fox.\"<\/em> - Sarah melalui Facebook.<\/li>\n<\/ul>\n<p><strong>Negatif<\/strong><\/p>\n<ul>\n<li> <em>\"Saya dan istri saya terkejut melihat betapa buruknya layanan yang kami terima. Kru kapal ceroboh dengan barang-barang kami, tidak melakukan apa pun untuk melindungi dari cuaca buruk pada hari-hari yang bersangkutan.\"<\/em> - Anthony via  <a href=\"http:\/\/ww2.feefo.com\/en-us\/reviews\/fox-moving\/571f3e07498e08d16aafb1a9\/customer-review-a-shockingly-bad-service\" target=\"_blank\" rel=\"noopener\">Feefo<\/a><\/li>\n<li> <em>\"Banyak kerusakan yang disebabkan oleh barang yang dilepas. Tidak banyak perawatan yang dilakukan. Barang-barang ditinggalkan di mana-mana, termasuk barang yang ditinggalkan di luar\"<\/em> - Paul via <a href=\"http:\/\/trustedtraders.which.co.uk\/businesses\/fox-moving-storage-cwmbran\/\" target=\"_blank\" rel=\"noopener\">Pedagang Tepercaya<\/a><\/li>\n<li> <em>\"Perusahaan yang mengejutkan. Orang-orang yang dipindahkan berdebat sepanjang hari, bertengkar dan saling mengumpat satu sama lain sehingga membuat seluruh proses pemindahan yang sudah membuat stres menjadi mimpi buruk\"<\/em> - Mike via <a href=\"https:\/\/www.yell.com\/biz\/fox-moving-and-storage-ltd-cwmbran-6113370\/\" target=\"_blank\" rel=\"noopener\">Yell<\/a><\/li>\n<\/ul>\n<div itemprop=\"review\" itemscope itemtype=\"http:\/\/schema.org\/Review\">\n<span itemprop=\"author\" itemscope=\"\" itemtype=\"http:\/\/schema.org\/Organization\"><span itemprop=\"name\">MoverDB.com<\/span><\/span> Ulasan Situs Web Online untuk <span itemprop=\"itemreviewed\" itemscope=\"\" itemtype=\"http:\/\/schema.org\/Brand\"><span itemprop=\"name\">Pemindahan &amp; Penyimpanan Fox<\/span><\/span>:<\/p>\n<ol>\n<li> Cantumkan detail kontak yang jelas di situs web (termasuk nomor telepon): <strong>Ya.<\/strong><\/li>\n<li> Mudah didapat <a href=\"https:\/\/moverdb.com\/id\/kutipan\/\">kutipan pemindahan internasional<\/a>? (Formulir permintaan estimasi online): <strong>Ya.<\/strong><\/li>\n<li> Informasi yang jelas di situs web: <strong>Ya.<\/strong>Situs web ini penuh dengan informasi yang berguna dan memiliki blog yang informatif.<\/li>\n<li> Keanggotaan dalam organisasi pergerakan yang diakui secara internasional: <strong>Ya.<\/strong>, lihat di atas<\/li>\n<li> Daftar klien dan\/atau testimoni pelanggan sebelumnya: <strong>Ya.<\/strong>Ada halaman yang didedikasikan untuk testimoni pelanggan di situs dan ulasan dari seluruh web umumnya sangat positif dengan hanya beberapa ulasan negatif.<\/li>\n<\/ol>\n<div itemprop=\"reviewRating\" itemscope itemtype=\"http:\/\/schema.org\/Rating\"><meta itemprop=\"worstRating\" content = \"0\" \/><meta itemprop=\"bestRating\" content=\"5\" \/><meta itemprop=\"ratingValue\" content=\"5\"><\/div>\n<p><strong>Skor keseluruhan: 5\/5<\/strong><br \/>\n<strong>Tanggal Peninjauan:<\/strong> <span itemprop=\"datePublished\" content=\"2018-01-30\">30\/01\/18<\/span>\n<\/div>\n<p>Baca lebih lanjut tentang <a href=\"https:\/\/moverdb.com\/id\/pemindahan-internasional\/\">pemindahan internasional<\/a> dan kami <a href=\"https:\/\/moverdb.com\/id\/ulasan\/\">proses peninjauan<\/a>.<\/p>\n<p><strong>Situs web:<\/strong> <a href=\"http:\/\/www.fox-moving.com\/\" target=\"_blank\" rel=\"noopener\">http:\/\/www.fox-moving.com\/<\/a><\/p>","protected":false},"excerpt":{"rendered":"<p>Fox Moving &#038; Storage is based in Cwmbran, Wales. Below you will find a list of their services both internationally and locally, together with a company profile and reviews. Moving Internationally &#8211; Corporate and Individual Personal international removals agent Comprehensive quotation, moving schedule and timescale Expert packing team Provides customs and excise documentation Local agents [&hellip;]<\/p>\n","protected":false},"author":1,"featured_media":0,"parent":0,"menu_order":0,"comment_status":"closed","ping_status":"closed","template":"","meta":{"_genesis_hide_title":false,"_genesis_hide_breadcrumbs":false,"_genesis_hide_singular_image":false,"_genesis_hide_footer_widgets":false,"_genesis_custom_body_class":"","_genesis_custom_post_class":"","_genesis_layout":"","footnotes":""},"class_list":{"0":"post-906","1":"page","2":"type-page","3":"status-publish","5":"entry"},"_links":{"self":[{"href":"https:\/\/moverdb.com\/id\/wp-json\/wp\/v2\/pages\/906","targetHints":{"allow":["GET"]}}],"collection":[{"href":"https:\/\/moverdb.com\/id\/wp-json\/wp\/v2\/pages"}],"about":[{"href":"https:\/\/moverdb.com\/id\/wp-json\/wp\/v2\/types\/page"}],"author":[{"embeddable":true,"href":"https:\/\/moverdb.com\/id\/wp-json\/wp\/v2\/users\/1"}],"replies":[{"embeddable":true,"href":"https:\/\/moverdb.com\/id\/wp-json\/wp\/v2\/comments?post=906"}],"version-history":[{"count":9,"href":"https:\/\/moverdb.com\/id\/wp-json\/wp\/v2\/pages\/906\/revisions"}],"predecessor-version":[{"id":6211,"href":"https:\/\/moverdb.com\/id\/wp-json\/wp\/v2\/pages\/906\/revisions\/6211"}],"wp:attachment":[{"href":"https:\/\/moverdb.com\/id\/wp-json\/wp\/v2\/media?parent=906"}],"curies":[{"name":"wp","href":"https:\/\/api.w.org\/{rel}","templated":true}]}}