{"id":366,"date":"2016-05-22T20:25:26","date_gmt":"2016-05-22T20:25:26","guid":{"rendered":"http:\/\/moverdb.com\/?page_id=366"},"modified":"2026-01-08T14:47:18","modified_gmt":"2026-01-08T14:47:18","slug":"organisasi-organisasi","status":"publish","type":"page","link":"https:\/\/moverdb.com\/id\/organizations-associations\/","title":{"rendered":"28 Organisasi &amp; Asosiasi Pemindahan &amp; Pengiriman Internasional"},"content":{"rendered":"<p><img loading=\"lazy\" decoding=\"async\" width=\"720\" height=\"486\" src=\"https:\/\/moverdb.com\/wp-content\/uploads\/number-buttons.jpg\" alt=\"Organisasi &amp; Asosiasi Pemindahan &amp; Pengiriman Internasional\" class=\"aligncenter size-full wp-image-367\" srcset=\"https:\/\/moverdb.com\/wp-content\/uploads\/number-buttons.jpg 720w, https:\/\/moverdb.com\/wp-content\/uploads\/number-buttons-300x203.jpg 300w, https:\/\/moverdb.com\/wp-content\/uploads\/number-buttons-600x405.jpg 600w\" sizes=\"auto, (max-width: 720px) 100vw, 720px\" \/><\/p>\n<p>Di bawah ini adalah daftar yang tidak lengkap dari organisasi pemindahan &amp; pengiriman internasional yang paling penting, asosiasi, skema, serikat, dewan, dll.   <\/p>\n<ol>\n<li> <a href=\"https:\/\/moverdb.com\/id\/aku\/\">Asosiasi Penggerak Internasional<\/a> (IAM) - The <a href=\"https:\/\/moverdb.com\/id\/iam\/\" data-internallinksmanager029f6b8e52c=\"23\" title=\"Penjelasan Asosiasi Penggerak Internasional (IAM)\">Asosiasi Penggerak Internasional<\/a> (IAM) adalah badan perdagangan global yang beranggotakan para anggota yang menyediakan jasa pemindahan, ekspedisi, pengiriman, logistik, dan layanan terkait.<\/li>\n<li> <a href=\"https:\/\/moverdb.com\/id\/fidi-faim\/\">Penggerak Internasional Terakreditasi FIDI &amp; FIDI<\/a> (<a href=\"https:\/\/moverdb.com\/id\/fidi-faim\/\" data-internallinksmanager029f6b8e52c=\"16\" title=\"Penjelasan FIDI &amp; FAIM (Penggerak Internasional Terakreditasi FIDI)\">FAIM<\/a>) - FIDI (F\u00e9d\u00e9ration Internationale des D\u00e9m\u00e9nageurs Internationaux; Federasi Pemindahan Internasional) adalah organisasi payung global untuk bisnis pemindahan dan relokasi internasional.<\/li>\n<li> <a href=\"https:\/\/moverdb.com\/id\/amsa\/\">Asosiasi Pemindahan &amp; Penyimpanan Amerika<\/a> (AMSA) - The <a href=\"https:\/\/moverdb.com\/id\/amsa\/\" data-internallinksmanager029f6b8e52c=\"5\" title=\"Penjelasan American Moving &amp; Storage Association (AMSA)\">Asosiasi Pemindahan &amp; Penyimpanan Amerika<\/a> (AMSA) adalah asosiasi perdagangan nasional untuk industri pindahan di Amerika.<\/li>\n<li> <a href=\"https:\/\/moverdb.com\/id\/pelek-promotor\/\">Penggerak Internasional Terdaftar (RIM) \/ Penggerak Internasional<\/a> - Internasional <a href=\"https:\/\/moverdb.com\/id\/rim-promover\/\" data-internallinksmanager029f6b8e52c=\"76\" title=\"Penjelasan Sertifikasi ProMover Internasional RIM\">ProMover<\/a> Sertifikasi ini merupakan bagian dari program Registered International Mover (RIM) yang dibuat oleh American Moving &amp; Storage Association (AMSA).<\/li>\n<li> <a href=\"https:\/\/moverdb.com\/id\/asosiasi-penghilang-penghilang-inggris\/\">Asosiasi Penghilang Inggris<\/a> (BAR) - The <a href=\"https:\/\/moverdb.com\/id\/british-association-of-removers\/\" data-internallinksmanager029f6b8e52c=\"9\" title=\"Penjelasan Asosiasi Penghilang Inggris (BAR)\">Asosiasi Penghilang Inggris<\/a> (BAR) menggambarkan dirinya sebagai \"suara yang diakui dalam industri pemindahan profesional\" dan merupakan badan utama dalam <a href=\"https:\/\/moverdb.com\/id\/moving-to-the-uk\/\" data-internallinksmanager029f6b8e52c=\"93\" title=\"Pindah ke Inggris? 2026 Biaya Hidup &amp; Kiat Relokasi\">INGGRIS<\/a> industri yang bergerak.<\/li>\n<li> <a href=\"https:\/\/moverdb.com\/id\/bar-luar-negeri\/\">BAR Grup Luar Negeri<\/a> - <a href=\"https:\/\/moverdb.com\/id\/bar-overseas\/\" data-internallinksmanager029f6b8e52c=\"10\" title=\"Penjelasan Grup Luar Negeri Asosiasi Pemindah Barang Inggris (BAR)\">BAR Luar Negeri<\/a> Grup ini merupakan bagian dari British Association of Removers (BAR), yang didedikasikan untuk mempromosikan keunggulan profesional dalam industri pemindahan barang.<\/li>\n<li> <a href=\"https:\/\/moverdb.com\/id\/mtc\/\">Klub Perdagangan Penggerak<\/a> (<a href=\"https:\/\/moverdb.com\/id\/mtc\/\" data-internallinksmanager029f6b8e52c=\"30\" title=\"Penjelasan Movers Trading Club (MTC)\">MTC<\/a>) - Untuk perusahaan anggota BAR Overseas Group, untuk membantu mengurangi <a href=\"https:\/\/moverdb.com\/id\/biaya-pindahan\/\">biaya pemindahan<\/a> ke <a href=\"https:\/\/moverdb.com\/id\/moving-to-the-united-states\/\" data-internallinksmanager029f6b8e52c=\"94\" title=\"Pindah ke Amerika Serikat? 2026 Biaya Hidup &amp; Kiat Relokasi\">AS<\/a> dari Inggris.<\/li>\n<li> <a href=\"https:\/\/moverdb.com\/id\/asosiasi-penggerak-kanada\/\">Asosiasi Penggerak Kanada<\/a> (CAM) - The <a href=\"https:\/\/moverdb.com\/id\/canadian-association-of-movers\/\" data-internallinksmanager029f6b8e52c=\"11\" title=\"Penjelasan Asosiasi Penggerak Kanada (CAM)\">Asosiasi Penggerak Kanada<\/a> adalah <a href=\"https:\/\/moverdb.com\/id\/moving-to-canada\/\" data-internallinksmanager029f6b8e52c=\"265\" title=\"Pindah ke Kanada? 2026 Biaya Hidup &amp; Kiat Relokasi\">Kanada<\/a>asosiasi perdagangan yang mewakili perusahaan pindahan dan penyimpanan. <\/li>\n<li> <a href=\"https:\/\/moverdb.com\/id\/aima\/\">Asosiasi Pemindah Internasional Australia<\/a> (AIMA) - The <a href=\"https:\/\/moverdb.com\/id\/aima\/\" data-internallinksmanager029f6b8e52c=\"8\" title=\"Penjelasan Asosiasi Pindah Internasional Australia (AIMA)\">Asosiasi Pemindah Internasional Australia<\/a> (AIMA) menggambarkan dirinya sebagai forum profesional untuk <a href=\"https:\/\/moverdb.com\/id\/international-removals\/\" data-internallinksmanager029f6b8e52c=\"27\" title=\"36 Perusahaan Pemindahan Internasional Terbaik Di Inggris\">pemindahan internasional<\/a> industri.<\/li>\n<li> <a href=\"https:\/\/moverdb.com\/id\/afra\/\">Asosiasi Penghapus Furnitur Australia<\/a> (AFRA) - The <a href=\"https:\/\/moverdb.com\/id\/afra\/\" data-internallinksmanager029f6b8e52c=\"7\" title=\"Penjelasan Asosiasi Penghapus Furnitur Australia (AFRA)\">Asosiasi Penghapus Furnitur Australia<\/a> (AFRA) menggambarkan dirinya sebagai perwakilan, dan regulator, industri pemindahan barang di <a href=\"https:\/\/moverdb.com\/id\/moving-to-australia\/living-in-australia\/\" data-internallinksmanager029f6b8e52c=\"240\" title=\"21 Rahasia Tentang Tinggal di Australia yang Perlu Diketahui Sebelum Pindah\">Australia<\/a>.<\/li>\n<li> <a href=\"https:\/\/moverdb.com\/id\/hgfaa\/\">Asosiasi Pengirim Barang Rumah Tangga Amerika<\/a> (HGFAA) - The <a href=\"https:\/\/moverdb.com\/id\/hgfaa\/\" data-internallinksmanager029f6b8e52c=\"21\" title=\"Penjelasan Asosiasi Pengirim Barang Rumah Tangga Amerika (HGFAA)\">Asosiasi Pengirim Barang Rumah Tangga Amerika<\/a> (HGFAA) mendeskripsikan dirinya sebagai asosiasi global para pindahan yang berkomitmen untuk memastikan bahwa pelanggan menerima layanan terbaik selama kepindahan mereka.<\/li>\n<li> <a href=\"https:\/\/moverdb.com\/id\/ncbfaa\/\">Asosiasi Pialang Pabean &amp; Forwarder Nasional Amerika<\/a> (NCBFAA) - The <a href=\"https:\/\/moverdb.com\/id\/ncbfaa\/\" data-internallinksmanager029f6b8e52c=\"73\" title=\"Asosiasi Pialang Pabean &amp; Forwarder Nasional Amerika (NCBFAA)\">Asosiasi Pialang Pabean &amp; Forwarder Nasional Amerika<\/a> (NCBFAA) dipandang sebagai suara industri logistik transportasi di Amerika.<\/li>\n<li> <a href=\"https:\/\/moverdb.com\/id\/lacma\/\">Asosiasi Penggerak Internasional Amerika Latin dan Karibia<\/a> (LACMA) - The <a href=\"https:\/\/moverdb.com\/id\/lacma\/\" data-internallinksmanager029f6b8e52c=\"28\" title=\"Asosiasi Penggerak Internasional Amerika Latin dan Karibia (LACMA)\">Asosiasi Penggerak Internasional Amerika Latin dan Karibia<\/a> (LACIMA) mewakili kumpulan perusahaan pemindahan dan relokasi dengan tujuan untuk mendorong integrasi bisnis yang berbasis di dalam negeri, dan juga bisnis lainnya di seluruh dunia.<\/li>\n<li> <a href=\"https:\/\/moverdb.com\/id\/iata\/\">Asosiasi Transportasi Udara Internasional<\/a> (IATA) - The <a href=\"https:\/\/moverdb.com\/id\/iata\/\" data-internallinksmanager029f6b8e52c=\"22\" title=\"Penjelasan Asosiasi Transportasi Udara Internasional (IATA)\">Asosiasi Transportasi Udara Internasional<\/a> (IATA) adalah asosiasi perdagangan global untuk maskapai penerbangan dunia. Misinya adalah memimpin dan melayani anggotanya, serta mewakili kepentingan mereka dengan cara yang mendorong industri transportasi bandara.<\/li>\n<li> <a href=\"https:\/\/moverdb.com\/id\/euromovers\/\">Kemitraan Penggerak Eropa (EUROMOVERS International)<\/a> - <a href=\"https:\/\/moverdb.com\/id\/euromovers\/\" data-internallinksmanager029f6b8e52c=\"12\" title=\"Penjelasan Kemitraan Penggerak Eropa (EUROMOVERS International)\">Euromovers<\/a> berbasis di <a href=\"https:\/\/moverdb.com\/id\/moving-to-luxembourg\/\" data-internallinksmanager029f6b8e52c=\"349\" title=\"Pindah ke Luksemburg? 2026 Biaya Hidup &amp; Kiat Relokasi\">Luksemburg<\/a> dan terdiri dari sejumlah perusahaan terkemuka <a href=\"https:\/\/moverdb.com\/id\/moving-companies\/\" data-internallinksmanager029f6b8e52c=\"79\" title=\"25 Perusahaan Pindahan Internasional Teratas Secara Online\">perusahaan pindahan internasional<\/a> yang telah membentuk jaringan atas dasar standar, visi dan arah yang sama.<\/li>\n<li> <a href=\"https:\/\/moverdb.com\/id\/dewan-relokasi-karyawan\/\">ERC di seluruh dunia<\/a> (Dewan Relokasi Karyawan) - The <a href=\"https:\/\/moverdb.com\/id\/employee-relocation-council\/\" data-internallinksmanager029f6b8e52c=\"83\" title=\"Penjelasan tentang Dewan Relokasi Karyawan di Seluruh Dunia (ERC)\">Dewan Relokasi Karyawan di Seluruh Dunia<\/a> (ERC) mendeskripsikan dirinya sebagai asosiasi mobilitas tenaga kerja bagi para profesional yang mengawasi, mengelola, atau mendukung perpindahan karyawan domestik dan internasional di Amerika Serikat.<\/li>\n<li> <a href=\"https:\/\/moverdb.com\/id\/harmoni-relokasi-jaringan\/\">Jaringan Relokasi Harmoni<\/a> - The <a href=\"https:\/\/moverdb.com\/id\/harmony-relocation-network\/\" data-internallinksmanager029f6b8e52c=\"20\" title=\"Penjelasan tentang Harmony Relocation Network (HRN)\">Jaringan Relokasi Harmoni<\/a> (HRN) adalah sekelompok perusahaan mitra yang dibentuk untuk membangun jaringan pan-Eropa untuk relokasi global.<\/li>\n<li> <a href=\"https:\/\/moverdb.com\/id\/eura\/\">Asosiasi Relokasi Eropa<\/a> (EuRA) - The <a href=\"https:\/\/moverdb.com\/id\/eura\/\" data-internallinksmanager029f6b8e52c=\"13\" title=\"Penjelasan Asosiasi Relokasi Eropa (EuRA)\">Asosiasi Relokasi Eropa<\/a> (EuRA) mempromosikan manfaat layanan relokasi dan mobilitas yang dikelola secara profesional kepada perusahaan yang memiliki karyawan yang berpindah-pindah secara global.<\/li>\n<li> <a href=\"https:\/\/moverdb.com\/id\/asosiasi-relokasi-profesional\/\">Asosiasi Profesional Relokasi<\/a> (ARP) - The <a href=\"https:\/\/moverdb.com\/id\/association-relocation-professionals\/\" data-internallinksmanager029f6b8e52c=\"6\" title=\"Penjelasan Asosiasi Profesional Relokasi (ARP)\">Asosiasi Profesional Relokasi<\/a> (ARP) adalah badan profesional untuk industri relokasi di Inggris.<\/li>\n<li> <a href=\"https:\/\/moverdb.com\/id\/rios\/\">Skema Ombudsman Industri Pemindahan Barang<\/a> (<a href=\"https:\/\/moverdb.com\/id\/rios\/\" data-internallinksmanager029f6b8e52c=\"75\" title=\"Penjelasan Skema Ombudsman Industri Pemindahan Barang (RIOS)\">RIOS<\/a>) - Skema Ombudsman Industri Pemindahan (RIOS) menangani keluhan yang dibuat tentang bisnis industri pemindahan di Inggris.<\/li>\n<li> <a href=\"https:\/\/moverdb.com\/id\/fedemac\/\">Federasi Asosiasi Penggerak Eropa<\/a> (FEDEMAC) - The <a href=\"https:\/\/moverdb.com\/id\/fedemac\/\" data-internallinksmanager029f6b8e52c=\"15\" title=\"Penjelasan Federasi Asosiasi Penggerak Eropa (FEDEMAC)\">Federasi Asosiasi Penggerak Eropa<\/a> (FEDEMAC) adalah sebuah badan di Eropa yang didirikan untuk mempromosikan industri pemindahan barang di tingkat Eropa.<\/li>\n<li> <a href=\"https:\/\/moverdb.com\/id\/asosiasi-angkutan-barang\/\">Asosiasi Angkutan Barang<\/a> (FTA) - The <a href=\"https:\/\/moverdb.com\/id\/freight-transport-association\/\" data-internallinksmanager029f6b8e52c=\"18\" title=\"Penjelasan Asosiasi Angkutan Barang (FTA)\">Asosiasi Angkutan Barang<\/a> (FTA) dibentuk untuk mewakili kepentingan perusahaan logistik, baik yang memindahkan barang melalui laut, udara, jalan raya, maupun kereta api.<\/li>\n<li> <a href=\"https:\/\/moverdb.com\/id\/penggerak-eurovan\/\">Jaringan Penggerak Internasional Eurovan<\/a> - <a href=\"https:\/\/moverdb.com\/id\/eurovan-movers\/\" data-internallinksmanager029f6b8e52c=\"14\" title=\"Penjelasan Jaringan Penggerak Internasional Eurovan (EM)\">Jaringan Penggerak Internasional Eurovan<\/a> (EM) adalah jaringan penggerak lokal independen yang berbasis di <a href=\"https:\/\/moverdb.com\/id\/moving-to-germany\/\" data-internallinksmanager029f6b8e52c=\"321\" title=\"Pindah ke Jerman? 2026 Biaya Hidup &amp; Kiat-kiat Relokasi\">Jerman<\/a>. Jaringan ini dirancang untuk menjawab kebutuhan untuk dapat memberikan tingkat layanan yang konsisten untuk perpindahan internasional yang mungkin melintasi beberapa negara.<\/li>\n<li> <a href=\"https:\/\/moverdb.com\/id\/ngrs\/\">Serikat Pekerja dan Penyimpan Nasional<\/a> (NGRS) - The <a href=\"https:\/\/moverdb.com\/id\/ngrs\/\" data-internallinksmanager029f6b8e52c=\"74\" title=\"Penjelasan Serikat Pekerja dan Penyimpan Nasional (NGRS)\">Serikat Pekerja dan Penyimpan Nasional<\/a> (NGRS) telah dibentuk untuk menyediakan beberapa peraturan untuk industri pemindahan dan penyimpanan di Inggris.<\/li>\n<li> <a href=\"https:\/\/moverdb.com\/id\/organisasi-maritim-internasional\/\">Organisasi Maritim Internasional<\/a> (IMO) - The <a href=\"https:\/\/moverdb.com\/id\/international-maritime-organisation\/\" data-internallinksmanager029f6b8e52c=\"24\" title=\"Penjelasan Organisasi Maritim Internasional (IMO)\">Organisasi Maritim Internasional<\/a> (IMO) adalah badan PBB yang berbasis di Inggris, yang bertanggung jawab untuk mengatur pelayaran.<\/li>\n<li> <a href=\"https:\/\/moverdb.com\/id\/dewan-pengiriman-dunia-world-shipping-council\/\">Dewan Pelayaran Dunia<\/a> (WSC) - The <a href=\"https:\/\/moverdb.com\/id\/world-shipping-council\/\" data-internallinksmanager029f6b8e52c=\"82\" title=\"Penjelasan Dewan Pelayaran Dunia (WSC)\">Dewan Pelayaran Dunia<\/a> (WSC) memberikan suara untuk industri pelayaran kapal.<\/li>\n<li> <a href=\"https:\/\/moverdb.com\/id\/organisasi-pabean-dunia\/\">Organisasi Kepabeanan Dunia<\/a> (<a href=\"https:\/\/moverdb.com\/id\/world-customs-organization\/\" data-internallinksmanager029f6b8e52c=\"81\" title=\"Penjelasan Organisasi Kepabeanan Dunia (WCO)\">WCO<\/a>) - Organisasi Kepabeanan Dunia (World Customs Organisation\/WCO) adalah badan antarpemerintah independen yang berfungsi sebagai suara komunitas kepabeanan. <\/li>\n<li> <a href=\"https:\/\/moverdb.com\/id\/pengapalan-ruang-internasional\/\">Kamar Dagang dan Industri Pelayaran Internasional (International Chamber of Shipping)<\/a> (ICS) -  <a href=\"https:\/\/moverdb.com\/id\/international-chamber-shipping\/\" data-internallinksmanager029f6b8e52c=\"78\" title=\"Penjelasan dari International Chamber of Shipping (ICS)\">Kamar Dagang dan Industri Pelayaran Internasional (International Chamber of Shipping)<\/a> (ICS) adalah asosiasi perdagangan yang mewakili pemilik kapal dan operator kapal melalui asosiasi pemilik kapal nasional. <\/li>\n<\/ol>","protected":false},"excerpt":{"rendered":"<p>Below is a non-exhaustive list of the most important international moving &#038; shipping organizations, associations, schemes, guilds, councils etc. International Association of Movers (IAM) &#8211; The International Association of Movers (IAM) is a global trade body with members who provide moving, forwarding, shipping, logistics, and related services. FIDI &#038; FIDI Accredited International Mover (FAIM) &#8211; [&hellip;]<\/p>\n","protected":false},"author":1,"featured_media":367,"parent":0,"menu_order":0,"comment_status":"closed","ping_status":"closed","template":"","meta":{"_genesis_hide_title":false,"_genesis_hide_breadcrumbs":false,"_genesis_hide_singular_image":false,"_genesis_hide_footer_widgets":false,"_genesis_custom_body_class":"","_genesis_custom_post_class":"","_genesis_layout":"","footnotes":""},"class_list":{"0":"post-366","1":"page","2":"type-page","3":"status-publish","4":"has-post-thumbnail","6":"entry"},"_links":{"self":[{"href":"https:\/\/moverdb.com\/id\/wp-json\/wp\/v2\/pages\/366","targetHints":{"allow":["GET"]}}],"collection":[{"href":"https:\/\/moverdb.com\/id\/wp-json\/wp\/v2\/pages"}],"about":[{"href":"https:\/\/moverdb.com\/id\/wp-json\/wp\/v2\/types\/page"}],"author":[{"embeddable":true,"href":"https:\/\/moverdb.com\/id\/wp-json\/wp\/v2\/users\/1"}],"replies":[{"embeddable":true,"href":"https:\/\/moverdb.com\/id\/wp-json\/wp\/v2\/comments?post=366"}],"version-history":[{"count":29,"href":"https:\/\/moverdb.com\/id\/wp-json\/wp\/v2\/pages\/366\/revisions"}],"predecessor-version":[{"id":1342,"href":"https:\/\/moverdb.com\/id\/wp-json\/wp\/v2\/pages\/366\/revisions\/1342"}],"wp:featuredmedia":[{"embeddable":true,"href":"https:\/\/moverdb.com\/id\/wp-json\/wp\/v2\/media\/367"}],"wp:attachment":[{"href":"https:\/\/moverdb.com\/id\/wp-json\/wp\/v2\/media?parent=366"}],"curies":[{"name":"wp","href":"https:\/\/api.w.org\/{rel}","templated":true}]}}