{"id":1570,"date":"2017-02-24T09:05:40","date_gmt":"2017-02-24T09:05:40","guid":{"rendered":"http:\/\/moverdb.com\/?page_id=1570"},"modified":"2026-01-08T15:20:24","modified_gmt":"2026-01-08T15:20:24","slug":"mudanzas-gou","status":"publish","type":"page","link":"https:\/\/moverdb.com\/id\/mudanzas-gou\/","title":{"rendered":"Mudanzas Gou - Ulasan Pemindahan Internasional"},"content":{"rendered":"<p>Mudanzas Gou adalah orang Meksiko <a href=\"https:\/\/moverdb.com\/id\/moving-companies\/\" data-internallinksmanager029f6b8e52c=\"79\" title=\"25 Perusahaan Pindahan Internasional Teratas Secara Online\">perusahaan yang bergerak<\/a> yang menawarkan berbagai layanan kepada kliennya yang tercantum di bawah ini, bersama dengan profil dan ulasan perusahaan.<\/p>\n<p><strong>Perpindahan Internasional<\/strong><\/p>\n<ul>\n<li> Dari pintu ke pintu<\/li>\n<li> Layanan pengepakan penuh, pengepakan rapuh atau pengepakan DIY<\/li>\n<li> Pembongkaran dan pemasangan kembali furnitur<\/li>\n<li> Pengurusan bea cukai dan bantuan dokumentasi<\/li>\n<li> Asuransi yang diatur<\/li>\n<li> Tersedia layanan pembongkaran barang<\/li>\n<li> Tersedia penyimpanan jangka pendek dan panjang<\/li>\n<\/ul>\n<p><strong>Perpindahan Domestik dan Jarak Jauh<\/strong><\/p>\n<ul>\n<li> Dari pintu ke pintu<\/li>\n<li> Layanan pengepakan penuh, pengepakan rapuh atau pengepakan DIY<\/li>\n<li> Pembongkaran dan pemasangan kembali furnitur<\/li>\n<li> Asuransi yang diatur<\/li>\n<li> Tersedia layanan pembongkaran barang<\/li>\n<li> Tersedia penyimpanan jangka panjang dan pendek<\/li>\n<\/ul>\n<p><strong>Gerakan Komersial<\/strong><\/p>\n<ul>\n<li> Setelah jam kerja bergerak<\/li>\n<li> Rencana logistik<\/li>\n<li> IT bergerak<\/li>\n<li> Pembongkaran dan pemasangan kembali semua furnitur<\/li>\n<\/ul>\n<p><strong>Transportasi dan Pengiriman Khusus<\/strong><\/p>\n<ul>\n<li> <a href=\"https:\/\/moverdb.com\/id\/pengiriman-mobil-transportasi-pengiriman\/\">Mobil<\/a><\/li>\n<li> Vans<\/li>\n<li> Sepeda motor<\/li>\n<li> Kendaraan lapis baja<\/li>\n<li> Kendaraan pengumpul<\/li>\n<li> Mesin yang bervariasi<\/li>\n<li> Perahu listrik<\/li>\n<li> Perahu layar<\/li>\n<li> Persediaan medis dan rumah sakit<\/li>\n<li> Institusi pendidikan<\/li>\n<li> Seni dan barang antik<\/li>\n<li> Peralatan khusus<\/li>\n<\/ul>\n<p><strong>Penyimpanan<\/strong><\/p>\n<ul>\n<li> Jangka panjang dan pendek<\/li>\n<li> Keamanan 24\/7<\/li>\n<li> Sistem inventaris<\/li>\n<li> Tersedia pengatur suhu yang terkendali<\/li>\n<li> Pengendalian hama<\/li>\n<li> Sistem kebakaran<\/li>\n<li> Penyimpanan arsip<\/li>\n<\/ul>\n<h2>Profil Perusahaan Mudanzas Gou<\/h2>\n<p>Mudanzas Gou adalah salah satu yang tertua <a href=\"https:\/\/moverdb.com\/id\/moving-companies\/moving-companies-mexico\/\" data-internallinksmanager029f6b8e52c=\"288\" title=\"18 Perusahaan Pindahan Internasional Terbaik di Meksiko\">perusahaan yang bergerak di Meksiko<\/a>yang dimulai pada tahun 1900. Saat ini, Gou memiliki 10 kantor di Meksiko dan terhubung dengan agen-agen di seluruh dunia. Gou adalah anggota pendiri dari <a href=\"https:\/\/moverdb.com\/id\/fidi-faim\/\" data-internallinksmanager029f6b8e52c=\"16\" title=\"Penjelasan FIDI &amp; FAIM (Penggerak Internasional Terakreditasi FIDI)\">FIDI<\/a>OMNI, <a href=\"https:\/\/moverdb.com\/id\/lacma\/\" data-internallinksmanager029f6b8e52c=\"28\" title=\"Asosiasi Penggerak Internasional Amerika Latin dan Karibia (LACMA)\">LACMA<\/a>, AMI dan <a href=\"https:\/\/moverdb.com\/id\/amsa\/\" data-internallinksmanager029f6b8e52c=\"5\" title=\"Penjelasan American Moving &amp; Storage Association (AMSA)\">AMSA<\/a>.<\/p>\n<p>Gou membanggakan layanan pribadinya dan bersikeras untuk berbicara dengan setiap pelanggan secara tatap muka untuk memberikan layanan terbaik kepada mereka. Semua kendaraannya memiliki pelacakan satelit dan dimuat serta dikemudikan oleh personilnya sendiri.<\/p>\n<p>Mudanzas Gou memiliki akreditasi dan afiliasi sebagai berikut:<\/p>\n<ul>\n<li> <a href=\"https:\/\/moverdb.com\/id\/fidi-faim\/\">F\u00e9d\u00e9ration Internationale des D\u00e9m\u00e9nageurs Internationaux<\/a> (FIDI)<\/li>\n<li> Overseas Moving Network International (OMNI)<\/li>\n<li> <a href=\"https:\/\/moverdb.com\/id\/lacma\/\">Asosiasi Penggerak Internasional Amerika Latin dan Karibia<\/a> (LACMA)<\/li>\n<li> <a href=\"https:\/\/moverdb.com\/id\/hgfaa\/\">Asosiasi Pengirim Barang Rumah Tangga Amerika<\/a> (HHGFA)<\/li>\n<li> <a href=\"https:\/\/moverdb.com\/id\/amsa\/\" target=\"_blank\" rel=\"noopener\">Asosiasi Pemindahan dan Penyimpanan Amerika<\/a> (AMSA)<\/li>\n<li> Pan American International Movers Association (PAIMA)<\/li>\n<li> <a href=\"https:\/\/moverdb.com\/id\/fidi-faim\/\">FAIM<\/a><\/li>\n<li> Kemitraan Kepabeanan dan Perdagangan Melawan Terorisme (C-PAT)<\/li>\n<\/ul>\n<h2>Ulasan Mudanzas Gou<\/h2>\n<p>Kami tidak dapat menemukan ulasan berbahasa Inggris untuk Mudanzas Gou secara online, dan mereka juga tampaknya tidak memiliki testimoni pelanggan di situs.<\/p>\n<div itemprop=\"review\" itemscope itemtype=\"http:\/\/schema.org\/Review\">\n<span itemprop=\"author\" itemscope=\"\" itemtype=\"http:\/\/schema.org\/Organization\"><span itemprop=\"name\">MoverDB.com<\/span><\/span> Ulasan Situs Web Online untuk <span itemprop=\"itemreviewed\" itemscope=\"\" itemtype=\"http:\/\/schema.org\/Brand\"><span itemprop=\"name\">Mudanzas Gou<\/span><\/span>:<\/p>\n<ol>\n<li> Cantumkan detail kontak yang jelas di situs web (termasuk nomor telepon): <strong>Ya.<\/strong><\/li>\n<li> Mudah didapat <a href=\"https:\/\/moverdb.com\/id\/kutipan\/\">kutipan bergerak<\/a>? (Formulir permintaan estimasi online): <strong>Ya.<\/strong><\/li>\n<li> Informasi yang jelas di situs web: <strong>Ya,<\/strong> meskipun pada dasarnya memang menguraikan layanan mereka dalam bahasa Inggris dan Spanyol.<\/li>\n<li> Keanggotaan dalam organisasi pergerakan yang diakui secara internasional: <strong>Ya.<\/strong>(banyak yang lihat di atas)<\/li>\n<li> Daftar klien dan\/atau testimoni pelanggan sebelumnya: <strong>Tidak,<\/strong> kami tidak dapat menemukan ulasan atau testimoni pelanggan.<\/li>\n<\/ol>\n<div itemprop=\"reviewRating\" itemscope itemtype=\"http:\/\/schema.org\/Rating\"><meta itemprop=\"worstRating\" content = \"0\" \/><meta itemprop=\"bestRating\" content=\"5\" \/><meta itemprop=\"ratingValue\" content=\"4\"><\/div>\n<p><strong>Skor keseluruhan: 4\/5<\/strong><br \/>\n<strong>Tanggal Peninjauan:<\/strong> <span itemprop=\"datePublished\" content=\"2017-02-24\">24\/02\/2017<\/span>\n<\/div>\n<p>Baca lebih lanjut tentang <a href=\"https:\/\/moverdb.com\/id\/perusahaan-yang-bergerak\/\">perusahaan pindahan internasional<\/a> dan kami <a href=\"https:\/\/moverdb.com\/id\/ulasan\/\">proses peninjauan<\/a>.<\/p>\n<p><strong>Situs web:<\/strong> Spanyol: <a href=\"http:\/\/www.mudanzasgou.com.mx\/\" target=\"_blank\" rel=\"noopener\">http:\/\/www.mudanzasgou.com.mx\/<\/a> Bahasa Inggris: <a href=\"http:\/\/www.mudanzasgou.com\/\" target=\"_blank\" rel=\"noopener\">http:\/\/www.mudanzasgou.com\/<\/a><\/p>","protected":false},"excerpt":{"rendered":"<p>Mudanzas Gou is a Mexican moving company which offers its clients a wide range of services which are listed below, together with a company profile and reviews. International Moves Door to door Full packing service, fragile packing or DIY packing Disassembly and reassembly of furniture Customs clearance and assistance with documentation Insurance arranged Unpacking service [&hellip;]<\/p>\n","protected":false},"author":1,"featured_media":0,"parent":0,"menu_order":0,"comment_status":"closed","ping_status":"closed","template":"","meta":{"_genesis_hide_title":false,"_genesis_hide_breadcrumbs":false,"_genesis_hide_singular_image":false,"_genesis_hide_footer_widgets":false,"_genesis_custom_body_class":"","_genesis_custom_post_class":"","_genesis_layout":"","footnotes":""},"class_list":{"0":"post-1570","1":"page","2":"type-page","3":"status-publish","5":"entry"},"_links":{"self":[{"href":"https:\/\/moverdb.com\/id\/wp-json\/wp\/v2\/pages\/1570","targetHints":{"allow":["GET"]}}],"collection":[{"href":"https:\/\/moverdb.com\/id\/wp-json\/wp\/v2\/pages"}],"about":[{"href":"https:\/\/moverdb.com\/id\/wp-json\/wp\/v2\/types\/page"}],"author":[{"embeddable":true,"href":"https:\/\/moverdb.com\/id\/wp-json\/wp\/v2\/users\/1"}],"replies":[{"embeddable":true,"href":"https:\/\/moverdb.com\/id\/wp-json\/wp\/v2\/comments?post=1570"}],"version-history":[{"count":4,"href":"https:\/\/moverdb.com\/id\/wp-json\/wp\/v2\/pages\/1570\/revisions"}],"predecessor-version":[{"id":6222,"href":"https:\/\/moverdb.com\/id\/wp-json\/wp\/v2\/pages\/1570\/revisions\/6222"}],"wp:attachment":[{"href":"https:\/\/moverdb.com\/id\/wp-json\/wp\/v2\/media?parent=1570"}],"curies":[{"name":"wp","href":"https:\/\/api.w.org\/{rel}","templated":true}]}}