{"id":14021,"date":"2023-11-08T15:53:54","date_gmt":"2023-11-08T15:53:54","guid":{"rendered":"https:\/\/moverdb.com\/freight-forwarder\/freight-forwarding-uk\/stockton-on-tees-freight-forwarder\/"},"modified":"2026-01-08T14:58:35","modified_gmt":"2026-01-08T14:58:35","slug":"stockton-on-tees-freight-forwarder","status":"publish","type":"page","link":"https:\/\/moverdb.com\/id\/freight-forwarder\/freight-forwarding-uk\/stockton-on-tees-freight-forwarder\/","title":{"rendered":"2 Perusahaan Pengiriman Barang Stockton-on-Tees Terbaik (2024)"},"content":{"rendered":"<p>Di bawah ini kita melihat 2 <em>\"terbaik\"<\/em> Perusahaan Pengiriman Barang di Stockton-on-Tees dari 3 perusahaan<\/p>\n<p>Untuk mengetahui lebih lanjut tentang bagaimana kami memilih yang terbaik, silakan baca bagian Tanya Jawab di bagian akhir.<\/p>\n<p><em>Daftar berikut ini tidak memiliki urutan tertentu dan kami tidak membuat rekomendasi untuk perusahaan tertentu.<\/em><\/p>\n<h2>Angolcsomag<\/h2>\n<p><img decoding=\"async\" src=\"https:\/\/moverdb.com\/wp-content\/uploads\/AF1QipOryNSdITJEMO39398cLDQZD5hyDZ4CQCNdQFI6w458-h240-k-no.jpg\" alt='Angolcsomag' class=\"aligncenter\"><\/p>\n<p><strong>Deskripsi dari bisnis: <\/strong>Nemzetkovich, Kovac, dan Kovac adalah dua orang yang sangat populer di kalangan para pemain sepak bola.<\/p>\n<p> Ha egy olyan caf\u00e9 keres, aki taib dioptimalkan tapasztalattal, masalah yang sering terjadi di rumah sakit, masalah kesehatan, masalah keuangan, masalah kesehatan, akkor tidak ada masalah dengan keresahan, masalah bisnis, dan masalah lainnya! Kuasai sebagian besar! Anda bisa mendapatkan keuntungan besar dari permainan ini! Csomagot akar eljuttatni Angliya, Ausztriya, Nymetorszegba, Belgiumba, vagy Hollandiya? Megtalta adalah seorang megoldais! Rugalmas sangat besar dan tidak ada yang lain.<\/p>\n<p> V\u00e1\u00a1lassza \u00c3-n adalah Magyarorsz\u00e1g Anglia egyik legkedveltebb csomagsz\u00e1ll\u00edt\u00e0j\u00e0n\u00e1 yang sangat indah!<\/p>\n<p><strong>Layanan Tambahan:<\/strong><\/p>\n<p>Tidak ada yang terdaftar<\/p>\n<p><strong>Alamat:<\/strong> 19 Redbrook Ave, Stockton-on-Tees TS19 9HJ<\/p>\n<p><a href=\"https:\/\/angolcsomag.hu\/\" target=\"_new\" rel=\"noopener\">Situs web Angolcsomag<\/a><\/p>\n<p><strong>Skor Ulasan: <\/strong>4.3<br \/> <strong>Jumlah Ulasan:<\/strong> 4<br \/><a href=\"https:\/\/www.google.co.uk\/maps?cid=4596175838503261878&#038;hl=en&#038;gl=GB\" target=\"_new\" rel=\"noopener\">Baca Ulasan<\/a><\/p>\n<h2>Wadah<\/h2>\n<p><img decoding=\"async\" src=\"https:\/\/moverdb.com\/wp-content\/uploads\/AF1QipMdrVos0_oLG82D58BbnH2sl2pgOv0-e6dvJqXKw408-h544-k-no.jpg\" alt='Wadah' class=\"aligncenter\"><\/p>\n<p><strong>Deskripsi dari bisnis: <\/strong>Tidak ada Tidak ada Disediakan<\/p>\n<p><strong>Layanan Tambahan:<\/strong><\/p>\n<p>Tidak ada yang terdaftar<\/p>\n<p><strong>Alamat:<\/strong> Haverton Hill Rd, Stockton-on-Tees TS23 1PS<\/p>\n<p><a href=\"http:\/\/www.containerships.eu\/\" target=\"_new\" rel=\"noopener\">Situs web pengangkutan kontainer<\/a><\/p>\n<p><strong>Skor Ulasan: <\/strong>4.3<br \/> <strong>Jumlah Ulasan:<\/strong> 35<br \/><a href=\"https:\/\/www.google.co.uk\/maps?cid=21507042716909697&#038;hl=en&#038;gl=GB\" target=\"_new\" rel=\"noopener\">Baca Ulasan<\/a><\/p>\n<h2>Bagaimana kami memilih Perusahaan Pengiriman Barang Stockton-on-Tees terbaik<\/h2>\n<p>Kami mulai dengan set data dari 3 perusahaan pengiriman barang Stockton-on-Tees yang dapat kami temukan melalui Google Maps dan mempersempitnya menjadi 2 yang terbaik.<\/p>\n<p>Untuk melakukan hal ini, kami menghapus perusahaan mana pun yang melakukannya:<\/p>\n<ul>\n<li> Tidak memiliki situs web<\/li>\n<li> Tidak memiliki ulasan<\/li>\n<li> Memiliki skor ulasan rata-rata di bawah 2.0<\/li>\n<\/ul>\n<p>Pada titik ini, jika kami memiliki 17 atau kurang dari itu, kami akan mendaftarkan semuanya.<\/p>\n<p>Untuk kota-kota yang memiliki lebih dari 17 pengirim, kami melakukan revisi lebih lanjut dengan meningkatkan skor ulasan yang diperlukan (misalnya dari minimal 2,0 menjadi 4,0) dan\/atau meningkatkan jumlah minimal ulasan yang diperlukan (misalnya dari minimal 1 ulasan menjadi minimal 10 ulasan).<\/p>\n<p>Perhatikan bahwa kami hanya menggunakan data ulasan dari Google Maps dan bukan situs web pihak ketiga lainnya.<\/p>\n<p>Lebih banyak kota:<\/p>\n<p><a href=\"https:\/\/moverdb.com\/id\/pengirim-barang\/freight-forwarding-uk\/middlesex-freight-forwarder\/\">Pengirim Barang Middlesex<\/a><br \/><a href=\"https:\/\/moverdb.com\/id\/pengirim-barang\/freight-forwarding-uk\/wisbech-freight-forwarder\/\">Wisbech Freight Forwarder<\/a><br \/><a href=\"https:\/\/moverdb.com\/id\/pengirim-barang\/freight-forwarding-uk\/east-cowes-freight-forwarder\/\">Pengirim Barang East Cowes<\/a><br \/><a href=\"https:\/\/moverdb.com\/id\/pengirim-barang\/freight-forwarding-uk\/bury-freight-forwarder\/\">Pengirim Barang Penguburan<\/a><br \/><a href=\"https:\/\/moverdb.com\/id\/pengirim-barang\/freight-forwarding-uk\/newcastle-upon-tyne-freight-forwarder\/\">Pengiriman Barang Newcastle upon Tyne<\/a><\/p>","protected":false},"excerpt":{"rendered":"<p>Below we look at the 2 &#8220;best&#8221; Freight Forwarding companies in Stockton-on-Tees out of 3. To learn more about how we chose the best please consult our FAQ section at the end. Please not the following listings are in no particular order and we are not making any recommendations for any particular company. Angolcsomag Description [&hellip;]<\/p>\n","protected":false},"author":1,"featured_media":0,"parent":13427,"menu_order":0,"comment_status":"open","ping_status":"open","template":"","meta":{"_genesis_hide_title":false,"_genesis_hide_breadcrumbs":false,"_genesis_hide_singular_image":false,"_genesis_hide_footer_widgets":false,"_genesis_custom_body_class":"","_genesis_custom_post_class":"","_genesis_layout":"","footnotes":""},"class_list":{"0":"post-14021","1":"page","2":"type-page","3":"status-publish","5":"entry"},"_links":{"self":[{"href":"https:\/\/moverdb.com\/id\/wp-json\/wp\/v2\/pages\/14021","targetHints":{"allow":["GET"]}}],"collection":[{"href":"https:\/\/moverdb.com\/id\/wp-json\/wp\/v2\/pages"}],"about":[{"href":"https:\/\/moverdb.com\/id\/wp-json\/wp\/v2\/types\/page"}],"author":[{"embeddable":true,"href":"https:\/\/moverdb.com\/id\/wp-json\/wp\/v2\/users\/1"}],"replies":[{"embeddable":true,"href":"https:\/\/moverdb.com\/id\/wp-json\/wp\/v2\/comments?post=14021"}],"version-history":[{"count":1,"href":"https:\/\/moverdb.com\/id\/wp-json\/wp\/v2\/pages\/14021\/revisions"}],"predecessor-version":[{"id":15749,"href":"https:\/\/moverdb.com\/id\/wp-json\/wp\/v2\/pages\/14021\/revisions\/15749"}],"up":[{"embeddable":true,"href":"https:\/\/moverdb.com\/id\/wp-json\/wp\/v2\/pages\/13427"}],"wp:attachment":[{"href":"https:\/\/moverdb.com\/id\/wp-json\/wp\/v2\/media?parent=14021"}],"curies":[{"name":"wp","href":"https:\/\/api.w.org\/{rel}","templated":true}]}}