{"id":13902,"date":"2023-11-08T15:53:26","date_gmt":"2023-11-08T15:53:26","guid":{"rendered":"https:\/\/moverdb.com\/freight-forwarder\/freight-forwarding-uk\/crawley-freight-forwarder\/"},"modified":"2026-01-08T13:17:49","modified_gmt":"2026-01-08T13:17:49","slug":"crawley-freight-forwarder","status":"publish","type":"page","link":"https:\/\/moverdb.com\/id\/freight-forwarder\/freight-forwarding-uk\/crawley-freight-forwarder\/","title":{"rendered":"4 Perusahaan Pengiriman Barang Crawley Terbaik (2024)"},"content":{"rendered":"<p>Di bawah ini kita melihat 4 <em>\"terbaik\"<\/em> Perusahaan Pengiriman Barang di Crawley dari 9 perusahaan<\/p>\n<p>Untuk mengetahui lebih lanjut tentang bagaimana kami memilih yang terbaik, silakan baca bagian Tanya Jawab di bagian akhir.<\/p>\n<p><em>Daftar berikut ini tidak memiliki urutan tertentu dan kami tidak membuat rekomendasi untuk perusahaan tertentu.<\/em><\/p>\n<div id=\"ez-toc-container\" class=\"ez-toc-v2_0_82_2 ez-toc-wrap-left counter-hierarchy ez-toc-counter ez-toc-transparent ez-toc-container-direction\">\n<div class=\"ez-toc-title-container\">\n<p class=\"ez-toc-title\" style=\"cursor:inherit\">Bagian<\/p>\n<span class=\"ez-toc-title-toggle\"><a href=\"#\" class=\"ez-toc-pull-right ez-toc-btn ez-toc-btn-xs ez-toc-btn-default ez-toc-toggle\" aria-label=\"Beralih Daftar Isi\"><span class=\"ez-toc-js-icon-con\"><span class=\"\"><span class=\"eztoc-hide\" style=\"display:none;\">Beralih<\/span><span class=\"ez-toc-icon-toggle-span\"><svg style=\"fill: #999;color:#999\" xmlns=\"http:\/\/www.w3.org\/2000\/svg\" class=\"list-377408\" width=\"20px\" height=\"20px\" viewbox=\"0 0 24 24\" fill=\"none\"><path d=\"M6 6H4v2h2V6zm14 0H8v2h12V6zM4 11h2v2H4v-2zm16 0H8v2h12v-2zM4 16h2v2H4v-2zm16 0H8v2h12v-2z\" fill=\"currentColor\"><\/path><\/svg><svg style=\"fill: #999;color:#999\" class=\"arrow-unsorted-368013\" xmlns=\"http:\/\/www.w3.org\/2000\/svg\" width=\"10px\" height=\"10px\" viewbox=\"0 0 24 24\" version=\"1.2\" baseprofile=\"tiny\"><path d=\"M18.2 9.3l-6.2-6.3-6.2 6.3c-.2.2-.3.4-.3.7s.1.5.3.7c.2.2.4.3.7.3h11c.3 0 .5-.1.7-.3.2-.2.3-.5.3-.7s-.1-.5-.3-.7zM5.8 14.7l6.2 6.3 6.2-6.3c.2-.2.3-.5.3-.7s-.1-.5-.3-.7c-.2-.2-.4-.3-.7-.3h-11c-.3 0-.5.1-.7.3-.2.2-.3.5-.3.7s.1.5.3.7z\"\/><\/svg><\/span><\/span><\/span><\/a><\/span><\/div>\n<nav><ul class='ez-toc-list ez-toc-list-level-1 eztoc-toggle-hide-by-default' ><li class='ez-toc-page-1 ez-toc-heading-level-2'><a class=\"ez-toc-link ez-toc-heading-1\" href=\"https:\/\/moverdb.com\/id\/freight-forwarder\/freight-forwarding-uk\/crawley-freight-forwarder\/#MED_Freight_Services\" >Layanan Pengangkutan MED<\/a><\/li><li class='ez-toc-page-1 ez-toc-heading-level-2'><a class=\"ez-toc-link ez-toc-heading-2\" href=\"https:\/\/moverdb.com\/id\/freight-forwarder\/freight-forwarding-uk\/crawley-freight-forwarder\/#PBS_International_Freight_Limited\" >PBS International Freight Limited<\/a><\/li><li class='ez-toc-page-1 ez-toc-heading-level-2'><a class=\"ez-toc-link ez-toc-heading-3\" href=\"https:\/\/moverdb.com\/id\/freight-forwarder\/freight-forwarding-uk\/crawley-freight-forwarder\/#Send2ChinaeEYeEa%C2%B8a%E2%80%BA%C2%BD\" >Send2China\u00e9\u0178\u00e9\u20ac'\u00e4\u00b8\u00e5'\u00bd<\/a><\/li><li class='ez-toc-page-1 ez-toc-heading-level-2'><a class=\"ez-toc-link ez-toc-heading-4\" href=\"https:\/\/moverdb.com\/id\/freight-forwarder\/freight-forwarding-uk\/crawley-freight-forwarder\/#Glenn_Freight_Services\" >Jasa Pengiriman Barang Glenn<\/a><\/li><li class='ez-toc-page-1 ez-toc-heading-level-2'><a class=\"ez-toc-link ez-toc-heading-5\" href=\"https:\/\/moverdb.com\/id\/freight-forwarder\/freight-forwarding-uk\/crawley-freight-forwarder\/#How_we_picked_the_best_Crawley_Freight_Forwarding_Companies\" >Bagaimana kami memilih Perusahaan Jasa Pengiriman Barang Crawley terbaik<\/a><\/li><\/ul><\/nav><\/div>\n<h2><span class=\"ez-toc-section\" id=\"MED_Freight_Services\"><\/span>Layanan Pengangkutan MED<span class=\"ez-toc-section-end\"><\/span><\/h2>\n<p><img decoding=\"async\" src=\"https:\/\/moverdb.com\/wp-content\/uploads\/thumbnailpanoidSf2kEENNHZqnKWQ4fg1YHQcb_clientsearch.gws-prod.gpsw408h240yaw331.jpg\" alt='Layanan Pengangkutan MED' class=\"aligncenter\"><\/p>\n<p><strong>Deskripsi dari bisnis: <\/strong>Tidak ada Tidak ada Disediakan<\/p>\n<p><strong>Layanan Tambahan:<\/strong><\/p>\n<p>Tidak ada yang terdaftar<\/p>\n<p><strong>Alamat:<\/strong> 12, Kawasan Industri Forge Wood, Gatwick Rd, Crawley RH10 9PG<\/p>\n<p><a href=\"https:\/\/find-and-update.company-information.service.gov.uk\/company\/08096138\" target=\"_new\" rel=\"noopener\">Situs web Layanan Pengangkutan MED<\/a><\/p>\n<p><strong>Skor Ulasan: <\/strong>5<br \/> <strong>Jumlah Ulasan:<\/strong> 1<br \/><a href=\"https:\/\/www.google.co.uk\/maps?cid=18237951817802486207&#038;hl=en&#038;gl=GB\" target=\"_new\" rel=\"noopener\">Baca Ulasan<\/a><\/p>\n<h2><span class=\"ez-toc-section\" id=\"PBS_International_Freight_Limited\"><\/span>PBS International Freight Limited<span class=\"ez-toc-section-end\"><\/span><\/h2>\n<p><img decoding=\"async\" src=\"https:\/\/moverdb.com\/wp-content\/uploads\/AF1QipM70-ouQwJ7HIhjVIa_c5G281_Ui5KVbZWI2zMTw408-h254-k-no.jpg\" alt='PBS International Freight Limited' class=\"aligncenter\"><\/p>\n<p><strong>Deskripsi dari bisnis: <\/strong>PBS International adalah perusahaan pengiriman barang global yang mengkhususkan diri pada angkutan udara, angkutan laut, angkutan darat, dan layanan angkutan khusus.<\/p>\n<p>Kami menawarkan rangkaian lengkap layanan pengiriman barang dan logistik yang sesuai dengan semua anggaran dan kerangka waktu.<\/p>\n<p>Selain itu, kami menyediakan fasilitas dan layanan pergudangan termasuk pengepakan, pengambilan dan pengemasan distribusi, serta penyediaan bahan pengepakan.<\/p>\n<p>PBS International Freight juga dapat membantu dengan perizinan impor dan ekspor, pengiriman barang berbahaya, dan pengiriman barang pribadi dan rumah tangga.<\/p>\n<p>Hubungi kami untuk mengetahui lebih lanjut.<\/p>\n<p><strong>Layanan Tambahan:<\/strong><\/p>\n<p>Perusahaan Ekspor Impor<\/p>\n<p>Layanan logistik<\/p>\n<p>Perusahaan Pengiriman<\/p>\n<p>Layanan transportasi<\/p>\n<p><strong>Alamat:<\/strong> PBS House, Charlwood Rd, Lowfield Heath, Crawley RH11 0PT<\/p>\n<p><a href=\"https:\/\/www.pbs-int.co.uk\/\" target=\"_new\" rel=\"noopener\">Situs web PBS International Freight Limited<\/a><\/p>\n<p><strong>Skor Ulasan: <\/strong>4.5<br \/> <strong>Jumlah Ulasan:<\/strong> 11<br \/><a href=\"https:\/\/www.google.co.uk\/maps?cid=9986257421367286698&#038;hl=en&#038;gl=GB\" target=\"_new\" rel=\"noopener\">Baca Ulasan<\/a><\/p>\n<h2><span class=\"ez-toc-section\" id=\"Send2ChinaeEYeEa%C2%B8a%E2%80%BA%C2%BD\"><\/span>Send2China\u00e9\u0178\u00e9\u20ac'\u00e4\u00b8\u00e5'\u00bd<span class=\"ez-toc-section-end\"><\/span><\/h2>\n<p><img decoding=\"async\" src=\"https:\/\/moverdb.com\/wp-content\/uploads\/AF1QipN40isg5X7TM3yIj-q8UgIXbwVSBOmyw2EPzGAJw408-h306-k-no.jpg\" alt='Send2China\u00e9\u0178\u00e9\u20ac&#039;\u00e4\u00b8\u00e5&#039;\u00bd' class=\"aligncenter\"><\/p>\n<p><strong>Deskripsi dari bisnis: <\/strong>Send2China\u00e6\u02dc\u00af\u00e5... \u00a8\u00e8'\u00b1\u00e9\u00a2\u2020\u00e5... \u02c6\u00e7\u0161 \"\u00e8-\u00a8\u00e5\u00a2\u0192\u00e7\u2030\u00a9\u00e6\u00b5\u00e9\"\u02dc\u00e7\u00a7'\u00e6\u0160\u20ac\u00e5... \u00ac\u00e5\u00b8\u00ef\u00bc\u0152\u00e5... \u00ac\u00e5\u00b8\u00e4\u00ba\u017d2013\u00e5\u00b9\u00b4\u00e7\"\u00b1\u00e7\u00be\u017d\u00e5'\u00bd\u00e7\u00a1... \u00e8\u00b0-\u00e6\u0160-\u00e8\u00b5 \"\u00ef\u00bc\u0152\u00e6\u02c6\u00e7\"'\u00e4\u00ba\u017d\u00e8'\u00b1\u00e5'\u00bd\u00ef\u00bc\u0152\u00e4\u00b8\"\u00e6\u00b3\u00a8\u00e4\u00b8\u00ba\u00e6\u00b5-\u00e5\u2020... \u00e5\u00a4-\u00e5\u00ae\u00a2\u00e6\u02c6-\u00e6\u00e4\u00be'\u00e5\u00ae\u2030\u00e5... \u00a8\u00ef\u00bc\u0152\u00e5\u00bf\"\u00e6- \u00ef\u00bc\u0152\u00e6-\u00b9\u00e4\u00be\u00bf\u00e7\u0161 \"\u00e7\u2030\u00a9\u00e6\u00b5\u00e8\u00a7\u00a3\u00e5\u2020\u00b3\u00e6-\u00b9\u00e6\u00a1\u02c6\u00e3\u20ac'<\/p>\n<p><strong>Layanan Tambahan:<\/strong><\/p>\n<p>Layanan kurir<\/p>\n<p>Fasilitas penyimpanan bagasi<\/p>\n<p><strong>Alamat:<\/strong> Unit 7, Gatwick Distribution Point, Church Rd, Lowfield Heath, Crawley RH11 0PJ<\/p>\n<p><a href=\"http:\/\/send2china.co.uk\/\" target=\"_new\" rel=\"noopener\">Situs web Send2China\u00e9\u0178\u00e9\u20ac'\u00e4\u00b8\u00e5'\u00bd<\/a><\/p>\n<p><strong>Skor Ulasan: <\/strong>4.4<br \/> <strong>Jumlah Ulasan:<\/strong> 52<br \/><a href=\"https:\/\/www.google.co.uk\/maps?cid=15445262590040213531&#038;hl=en&#038;gl=GB\" target=\"_new\" rel=\"noopener\">Baca Ulasan<\/a><\/p>\n<h2><span class=\"ez-toc-section\" id=\"Glenn_Freight_Services\"><\/span>Jasa Pengiriman Barang Glenn<span class=\"ez-toc-section-end\"><\/span><\/h2>\n<p><img decoding=\"async\" src=\"https:\/\/moverdb.com\/wp-content\/uploads\/thumbnailpanoidv-l43pYF8MNtWTpqKVj2Swcb_clientsearch.gws-prod.gpsw408h240yaw195.jpg\" alt='Jasa Pengiriman Barang Glenn' class=\"aligncenter\"><\/p>\n<p><strong>Deskripsi dari bisnis: <\/strong>Tidak ada Tidak ada Disediakan<\/p>\n<p><strong>Layanan Tambahan:<\/strong><\/p>\n<p>Tidak ada yang terdaftar<\/p>\n<p><strong>Alamat:<\/strong> Global House, Manor court, Manor Royal, Crawley RH10 9PY<\/p>\n<p><a href=\"http:\/\/www.glennfreight.co.uk\/\" target=\"_new\" rel=\"noopener\">Situs web Glenn Freight Services<\/a><\/p>\n<p><strong>Skor Ulasan: <\/strong>3<br \/> <strong>Jumlah Ulasan:<\/strong> 2<br \/><a href=\"https:\/\/www.google.co.uk\/maps?cid=2598308117992633691&#038;hl=en&#038;gl=GB\" target=\"_new\" rel=\"noopener\">Baca Ulasan<\/a><\/p>\n<h2><span class=\"ez-toc-section\" id=\"How_we_picked_the_best_Crawley_Freight_Forwarding_Companies\"><\/span>Bagaimana kami memilih Perusahaan Jasa Pengiriman Barang Crawley terbaik<span class=\"ez-toc-section-end\"><\/span><\/h2>\n<p>Kami mulai dengan kumpulan data dari 9 perusahaan pengiriman barang Crawley yang dapat kami temukan melalui Google Maps dan mempersempitnya menjadi 4 yang terbaik.<\/p>\n<p>Untuk melakukan hal ini, kami menghapus perusahaan mana pun yang melakukannya:<\/p>\n<ul>\n<li> Tidak memiliki situs web<\/li>\n<li> Tidak memiliki ulasan<\/li>\n<li> Memiliki skor ulasan rata-rata di bawah 2.0<\/li>\n<\/ul>\n<p>Pada titik ini, jika kami memiliki 17 atau kurang dari itu, kami akan mendaftarkan semuanya.<\/p>\n<p>Untuk kota-kota yang memiliki lebih dari 17 pengirim, kami melakukan revisi lebih lanjut dengan meningkatkan skor ulasan yang diperlukan (misalnya dari minimal 2,0 menjadi 4,0) dan\/atau meningkatkan jumlah minimal ulasan yang diperlukan (misalnya dari minimal 1 ulasan menjadi minimal 10 ulasan).<\/p>\n<p>Perhatikan bahwa kami hanya menggunakan data ulasan dari Google Maps dan bukan situs web pihak ketiga lainnya.<\/p>\n<p>Lebih banyak kota:<\/p>\n<p><a href=\"https:\/\/moverdb.com\/id\/pengirim-barang\/freight-forwarding-uk\/warrington-freight-forwarder\/\">Pengirim Barang Warrington<\/a><br \/><a href=\"https:\/\/moverdb.com\/id\/pengirim-barang\/freight-forwarding-uk\/grimsby-freight-forwarder\/\">Pengirim Barang Grimsby<\/a><br \/><a href=\"https:\/\/moverdb.com\/id\/pengirim-barang\/freight-forwarding-uk\/cardiff-freight-forwarder\/\">Jasa Pengiriman Barang Cardiff<\/a><br \/><a href=\"https:\/\/moverdb.com\/id\/pengirim-barang\/freight-forwarding-uk\/luton-freight-forwarder\/\">Luton Freight Forwarder<\/a><br \/><a href=\"https:\/\/moverdb.com\/id\/pengirim-barang\/freight-forwarding-uk\/milton-keynes-freight-forwarder\/\">Jasa Pengiriman Barang Milton Keynes<\/a><\/p>","protected":false},"excerpt":{"rendered":"<p>Below we look at the 4 &#8220;best&#8221; Freight Forwarding companies in Crawley out of 9. To learn more about how we chose the best please consult our FAQ section at the end. Please not the following listings are in no particular order and we are not making any recommendations for any particular company. MED Freight [&hellip;]<\/p>\n","protected":false},"author":1,"featured_media":0,"parent":13427,"menu_order":0,"comment_status":"open","ping_status":"open","template":"","meta":{"_genesis_hide_title":false,"_genesis_hide_breadcrumbs":false,"_genesis_hide_singular_image":false,"_genesis_hide_footer_widgets":false,"_genesis_custom_body_class":"","_genesis_custom_post_class":"","_genesis_layout":"","footnotes":""},"class_list":{"0":"post-13902","1":"page","2":"type-page","3":"status-publish","5":"entry"},"_links":{"self":[{"href":"https:\/\/moverdb.com\/id\/wp-json\/wp\/v2\/pages\/13902","targetHints":{"allow":["GET"]}}],"collection":[{"href":"https:\/\/moverdb.com\/id\/wp-json\/wp\/v2\/pages"}],"about":[{"href":"https:\/\/moverdb.com\/id\/wp-json\/wp\/v2\/types\/page"}],"author":[{"embeddable":true,"href":"https:\/\/moverdb.com\/id\/wp-json\/wp\/v2\/users\/1"}],"replies":[{"embeddable":true,"href":"https:\/\/moverdb.com\/id\/wp-json\/wp\/v2\/comments?post=13902"}],"version-history":[{"count":1,"href":"https:\/\/moverdb.com\/id\/wp-json\/wp\/v2\/pages\/13902\/revisions"}],"predecessor-version":[{"id":15782,"href":"https:\/\/moverdb.com\/id\/wp-json\/wp\/v2\/pages\/13902\/revisions\/15782"}],"up":[{"embeddable":true,"href":"https:\/\/moverdb.com\/id\/wp-json\/wp\/v2\/pages\/13427"}],"wp:attachment":[{"href":"https:\/\/moverdb.com\/id\/wp-json\/wp\/v2\/media?parent=13902"}],"curies":[{"name":"wp","href":"https:\/\/api.w.org\/{rel}","templated":true}]}}