{"id":955,"date":"2016-07-24T19:52:53","date_gmt":"2016-07-24T19:52:53","guid":{"rendered":"http:\/\/moverdb.com\/?page_id=955"},"modified":"2026-01-08T15:21:02","modified_gmt":"2026-01-08T15:21:02","slug":"us-canada-movers","status":"publish","type":"page","link":"https:\/\/moverdb.com\/hu\/us-canada-movers\/","title":{"rendered":"Top 100 belf\u00f6ldi \u00e9s nemzetk\u00f6zi k\u00f6lt\u00f6ztet\u0151 az USA-ban \u00e9s Kanad\u00e1ban"},"content":{"rendered":"<p>Az al\u00e1bbiakban a 100 legnagyobb hazai \u00e9s k\u00fclf\u00f6ldi c\u00e9g list\u00e1j\u00e1t tal\u00e1lja. <a href=\"https:\/\/moverdb.com\/hu\/koltozteto-cegek\/\">nemzetk\u00f6zi k\u00f6lt\u00f6ztet\u0151 c\u00e9gek<\/a> a <a href=\"https:\/\/moverdb.com\/hu\/moving-to-the-united-states\/\" data-internallinksmanager029f6b8e52c=\"94\" title=\"Az Egyes\u00fclt \u00c1llamokba k\u00f6lt\u00f6zik? 2022 Meg\u00e9lhet\u00e9si k\u00f6lts\u00e9gek \u00e9s k\u00f6lt\u00f6z\u00e9si tippek\">Egyes\u00fclt \u00c1llamok<\/a> \u00e9s <a href=\"https:\/\/moverdb.com\/hu\/moving-to-canada\/\" data-internallinksmanager029f6b8e52c=\"265\" title=\"K\u00f6lt\u00f6z\u00e9s Kanad\u00e1ba? 2023 \u00c9letk\u00f6lts\u00e9gek \u00e9s k\u00f6lt\u00f6z\u00e9si tippek\">Kanada<\/a> a flott\u00e1jukban nyilv\u00e1ntartott teherg\u00e9pkocsik sz\u00e1ma alapj\u00e1n. <\/p>\n<p>Val\u00f3sz\u00edn\u0171leg e c\u00e9gek egyike lesz a megfelel\u0151 az \u00d6n nemzetk\u00f6zi, t\u00e1vols\u00e1gi \u00e9s\/vagy \u00e1llamk\u00f6zi k\u00f6lt\u00f6z\u00e9s\u00e9re.<\/p>\n<p><img loading=\"lazy\" decoding=\"async\" width=\"720\" height=\"480\" src=\"https:\/\/moverdb.com\/wp-content\/uploads\/Moving-truck.jpeg\" alt=\"K\u00f6lt\u00f6ztet\u0151 teheraut\u00f3\" class=\"aligncenter size-full wp-image-1083\" srcset=\"https:\/\/moverdb.com\/wp-content\/uploads\/Moving-truck.jpeg 720w, https:\/\/moverdb.com\/wp-content\/uploads\/Moving-truck-300x200.jpeg 300w, https:\/\/moverdb.com\/wp-content\/uploads\/Moving-truck-600x400.jpeg 600w\" sizes=\"auto, (max-width: 720px) 100vw, 720px\" \/><\/p>\n<p>Az adatok a k\u00f6vetkez\u0151 forr\u00e1sb\u00f3l sz\u00e1rmaznak <a href=\"http:\/\/www.movingcompanyreviews.com\/100-largest-moving-companies-of-the-us-and-canada\" target=\"_blank\" rel=\"noopener\">MovingCompanyReviews.com<\/a> amely megmutatja a legfrissebb flottam\u00e9reteket \u00e9s az egyes v\u00e1llalatok sz\u00e9khely\u00e9t is.<\/p>\n<p>Az al\u00e1bbiakban az egyes v\u00e1llalatok profilj\u00e1t olvashatja: <\/p>\n<ol>\n<li> <a href=\"https:\/\/moverdb.com\/hu\/united-van-lines\/\"><strong>United Van Lines<\/strong><\/a> - K\u00edn\u00e1l mind a hazai mozog az Egyes\u00fclt \u00c1llamokban \u00e9s Kanad\u00e1ban, valamint a nemzetk\u00f6zi mozog a vil\u00e1g minden t\u00e1j\u00e1r\u00f3l.<\/li>\n<li> <a href=\"https:\/\/moverdb.com\/hu\/u-pack-moving\/\"><strong>U-Pack k\u00f6lt\u00f6ztet\u00e9s<\/strong><\/a> - Az ABF U-Pack Moving sz\u00e1mos szolg\u00e1ltat\u00e1st k\u00edn\u00e1l \u00fcgyfeleinek a k\u00f6lt\u00f6ztet\u00e9shez, valamint a saj\u00e1t csomagol\u00e1shoz \u00e9s kicsomagol\u00e1shoz az Egyes\u00fclt \u00c1llamokban, Kanad\u00e1ban \u00e9s Puerto Ric\u00f3ban. <\/li>\n<li> <a href=\"https:\/\/moverdb.com\/hu\/atlas-van-lines-international\/\"><strong>Atlas Van Lines<\/strong><\/a> - Az Atlas Van Lines m\u00e1rkan\u00e9v alatt belf\u00f6ldi k\u00f6lt\u00f6z\u00e9seket \u00e9s az Atlas Van Lines International alatt nemzetk\u00f6zi k\u00f6lt\u00f6z\u00e9seket k\u00edn\u00e1l. Mindkett\u0151 az Atlas World Group tulajdon\u00e1ban van.<\/li>\n<li> <a href=\"https:\/\/moverdb.com\/hu\/mayflower-transit\/\"><strong>Mayflower Transit<\/strong><\/a> - A Mayflower Transit a szolg\u00e1ltat\u00e1sok sz\u00e9les sk\u00e1l\u00e1j\u00e1t k\u00edn\u00e1lja a k\u00f6lt\u00f6ztet\u00e9st\u0151l \u00e9s t\u00e1rol\u00e1st\u00f3l kezdve a szem\u00e9lyre szabott, teljes k\u00f6r\u0171 nemzetk\u00f6zi szolg\u00e1ltat\u00e1sig. <\/li>\n<li> <a href=\"https:\/\/moverdb.com\/hu\/allied-van-lines\/\"><strong>Allied Van Lines<\/strong><\/a> - Az Allied Van Lines Inc Fort Wayne-ben, IN-ben tal\u00e1lhat\u00f3, \u00e9s a v\u00e1llalat sz\u00e1mos szolg\u00e1ltat\u00e1st k\u00edn\u00e1l \u00fcgyfeleinek, bele\u00e9rtve a 24\/7-es sz\u00e1ll\u00edtm\u00e1nyk\u00f6vet\u00e9st, v\u00e1mkezel\u00e9si seg\u00edts\u00e9get, angolul besz\u00e9l\u0151 szem\u00e9lyzetet a k\u00f6lt\u00f6z\u00e9s mindk\u00e9t v\u00e9g\u00e9n \u00e9s a csomagol\u00f3anyagok elt\u00e1vol\u00edt\u00e1s\u00e1t.<\/li>\n<li> <a href=\"https:\/\/moverdb.com\/hu\/north-american-van-lines\/\"><strong>North American Van Lines<\/strong><\/a> - A North American Van Lines nemzetk\u00f6zi, v\u00e1llalati \u00e9s belf\u00f6ldi k\u00f6lt\u00f6z\u00e9sekhez ny\u00fajt szolg\u00e1ltat\u00e1sokat \u00fcgyfeleinek.<\/li>\n<li> <a href=\"https:\/\/moverdb.com\/hu\/wheaton\/\"><strong>Wheaton World Wide Moving<\/strong><\/a> - A Wheaton World Wide Moving (kor\u00e1bban Wheaton Van Lines) a nemzetk\u00f6zi k\u00f6lt\u00f6z\u00e9st\u0151l a helyi k\u00f6lt\u00f6z\u00e9sekig sz\u00e1mos szolg\u00e1ltat\u00e1st k\u00edn\u00e1l \u00fcgyfeleinek.<\/li>\n<li> <a href=\"https:\/\/moverdb.com\/hu\/bekins-van-lines\/\"><strong>Bekins Van Lines<\/strong><\/a> - A Bekins Van Lines sz\u00e9khelye Indianapolis IN. \u00dcgyfeleiknek k\u00fcl\u00f6nf\u00e9le k\u00f6lt\u00f6z\u00e9si szolg\u00e1ltat\u00e1sokat k\u00edn\u00e1lnak, bele\u00e9rtve a nemzetk\u00f6zi k\u00f6lt\u00f6z\u00e9seket \u00e9s a nagy \u00e9rt\u00e9k\u0171 k\u00f6lt\u00f6z\u00e9seket.<\/li>\n<li> <a href=\"https:\/\/moverdb.com\/hu\/graebel-van-lines\/\"><strong>Graebel Van Lines<\/strong><\/a> - A Graebel Van Lines sz\u00e9khelye Aurora, CO, \u00e9s \u00fcgyfelei k\u00f6z\u00e9 tartoznak a Fortune 500 v\u00e1llalatai, valamint a DEA, az FBI, az IRS \u00e9s a CDC.<\/li>\n<li> <a href=\"https:\/\/moverdb.com\/hu\/arpin-van-lines\/\"><strong>Arpin Van Lines<\/strong><\/a> - Az Arpin Van Lines sz\u00e9khelye West Warwick, RI, \u00e9s katonai \u00e9s h\u00e1ztart\u00e1si k\u00f6lt\u00f6z\u00e9seket v\u00e9gez belf\u00f6ld\u00f6n \u00e9s nemzetk\u00f6zi szinten egyar\u00e1nt. Rakt\u00e1roz\u00e1si szolg\u00e1ltat\u00e1sokat is k\u00edn\u00e1lnak, p\u00e9ld\u00e1ul kl\u00edmavez\u00e9relt t\u00e1rol\u00e1st \u00e9s kont\u00e9neres t\u00e1rol\u00e1st.<\/li>\n<li> <a href=\"https:\/\/moverdb.com\/hu\/stevens-worldwide-van-lines\/\">Stevens Worldwide Van Lines<\/a> - Stevens Worldwide Van Lines sz\u00e9khelye Saginaw MI k\u00edn\u00e1lnak helyi, Out of state, t\u00e1vols\u00e1gi \u00e9s nemzetk\u00f6zi mozog a h\u00e1ztart\u00e1sok, v\u00e1llalkoz\u00e1sok, a hadsereg \u00e9s a paps\u00e1g.<\/li>\n<li> <a href=\"https:\/\/moverdb.com\/hu\/amj-campbell-van-lines\/\">AMJ Campbell Van Lines<\/a> - Az AMJ Campbell Van Lines sz\u00e9khelye <a href=\"https:\/\/moverdb.com\/hu\/koltozes-toronto\/\">Toronto<\/a>, Kanada \u00e9s Kanada egyik legnagyobb <a href=\"https:\/\/moverdb.com\/hu\/moving-companies\/\" data-internallinksmanager029f6b8e52c=\"79\" title=\"Top 25 nemzetk\u00f6zi k\u00f6lt\u00f6ztet\u0151 c\u00e9gek online\">k\u00f6lt\u00f6ztet\u0151 c\u00e9gek<\/a> belf\u00f6ldi \u00e9s nemzetk\u00f6zi k\u00f6lt\u00f6z\u00e9sek eset\u00e9n egyar\u00e1nt.<\/li>\n<li> <a href=\"https:\/\/moverdb.com\/hu\/suddath\/\">Suddath<\/a> - C\u00e9gcsal\u00e1d, amely sz\u00e1mos belf\u00f6ldi \u00e9s nemzetk\u00f6zi k\u00f6lt\u00f6ztet\u00e9si szolg\u00e1ltat\u00e1st k\u00edn\u00e1l, bele\u00e9rtve a lakoss\u00e1gi, v\u00e1llalati \u00e9s korm\u00e1nyzati k\u00f6lt\u00f6ztet\u00e9st.<\/li>\n<li> <a href=\"https:\/\/moverdb.com\/hu\/covan-world-wide\/\">Covan WorldWide Moving<\/a> - A Covan t\u00f6bb mint 200 \u00e1llamk\u00f6zi \u00e9s 600 helyi mozgat\u00e1ssal foglalkoz\u00f3 egys\u00e9ggel rendelkezik. K\u00fcldet\u00e9se, hogy vezet\u0151 szerepet t\u00f6lts\u00f6n be a nemzetk\u00f6zi sz\u00e1ll\u00edt\u00e1si szolg\u00e1ltat\u00e1sok ter\u00e9n.<\/li>\n<li> <a href=\"https:\/\/moverdb.com\/hu\/armstrong-relocation\/\">Armstrong \u00e1thelyez\u00e9s<\/a> - Az Armstrong Relocation ma a United Van Lines legnagyobb \u00e1rufuvaroz\u00f3ja, \u00e9s 22 irod\u00e1val rendelkezik az Egyes\u00fclt \u00c1llamokban.<\/li>\n<li> <a href=\"https:\/\/moverdb.com\/hu\/williams-moving-storage\/\">Williams K\u00f6lt\u00f6ztet\u00e9s \u00e9s rakt\u00e1roz\u00e1s<\/a> - A Williams Moving and Storage egy kanadai k\u00f6lt\u00f6ztet\u0151 c\u00e9g, amely mag\u00e1nszem\u00e9lyeket \u00e9s v\u00e1llalatokat k\u00f6lt\u00f6ztet helyi \u00e9s nemzetk\u00f6zi szinten egyar\u00e1nt.<\/li>\n<li> <a href=\"https:\/\/moverdb.com\/hu\/beltmann-relocation\/\">Beltmann Relocation Group<\/a> - A Battina csal\u00e1d \u00e1ltal 1955-ben alap\u00edtott, \u00e9s m\u00e9g mindig csal\u00e1di tulajdonban l\u00e9v\u0151 \u00e9s m\u0171k\u00f6dtetett v\u00e1llalkoz\u00e1s. A North American Van Lines egyik legnagyobb \u00e9s legr\u00e9gebbi \u00fcgyn\u00f6ke.<\/li>\n<li> <a href=\"https:\/\/moverdb.com\/hu\/national-van-lines\/\">National Van Lines<\/a> - A v\u00e1llalat mott\u00f3ja \"Moving Your Memories\", amely a szem\u00e9lyzet \u00e9s az \u00fcgyfelek sz\u00e1m\u00e1ra egyar\u00e1nt eml\u00e9keztet arra, hogy a szem\u00e9lyes t\u00e1rgyak \u00e9rt\u00e9kesnek sz\u00e1m\u00edtanak, \u00e9s mindig gondosan kezelik \u0151ket.<\/li>\n<li> <a href=\"https:\/\/moverdb.com\/hu\/berger-szovetseges\/\">Berger Allied (Transzfer \u00e9s rakt\u00e1roz\u00e1s)<\/a> - A Berger Transfer and Storage 1910 \u00f3ta m\u0171k\u00f6dik. Mag\u00e1nszem\u00e9lyekkel, v\u00e1llalatokkal \u00e9s korm\u00e1nyzati szervekkel dolgoznak. <\/li>\n<li> Lawrence Transportation Systems<\/li>\n<li> <a href=\"https:\/\/moverdb.com\/hu\/mccollisters-moving\/\">McCollister K\u00f6zleked\u00e9si Csoport<\/a> - A McCollister's egy mag\u00e1nc\u00e9g, \u00e9s az UniGroup Inc. \u00fcgyn\u00f6ke, amelyhez a United Van Lines \u00e9s a Mayflower Transit tartozik. (l\u00e1sd fent)<\/li>\n<li> <a href=\"https:\/\/moverdb.com\/hu\/coleman-worldwide-moving\/\">Coleman Worldwide Moving<\/a> - Coleman Worldwide Moving m\u00e1s n\u00e9ven Coleman American Moving Services &amp; Coleman Allied k\u00edn\u00e1l mind a hazai amerikai \u00e9s nemzetk\u00f6zi mozg\u00e1sok.<\/li>\n<li> <a href=\"https:\/\/moverdb.com\/hu\/hilldrup-moving-storage\/\">Hilldrup K\u00f6lt\u00f6ztet\u00e9s \u00e9s rakt\u00e1roz\u00e1s<\/a> - Olyan szolg\u00e1ltat\u00e1sokat k\u00edn\u00e1l, mint p\u00e9ld\u00e1ul k\u00f6lt\u00f6z\u00e9si seg\u00edts\u00e9gny\u00fajt\u00e1s, k\u00f6lt\u00f6z\u00e9sszervez\u00e9s, rakt\u00e1roz\u00e1s, indul\u00e1si szolg\u00e1ltat\u00e1sok, c\u00e9l\u00e1llom\u00e1s-szolg\u00e1ltat\u00e1sok \u00e9s egy\u00e9b szolg\u00e1ltat\u00e1sok.<\/li>\n<li> <a href=\"https:\/\/moverdb.com\/hu\/american-red-ball-transit\/\">American Red Ball Transit Company<\/a> - Indianapolisban tal\u00e1lhat\u00f3, \u00e9s az Egyes\u00fclt \u00c1llamokon bel\u00fcli belf\u00f6ldi szolg\u00e1ltat\u00e1sokra \u00f6sszpontos\u00edt.<\/li>\n<li> New World Van Lines<\/li>\n<li> Palmer K\u00f6lt\u00f6ztet\u00e9s \u00e9s rakt\u00e1roz\u00e1s<\/li>\n<li> Mergenthaler Transzfer \u00e9s rakt\u00e1roz\u00e1s<\/li>\n<li> Scobey K\u00f6lt\u00f6ztet\u00e9s \u00e9s Rakt\u00e1roz\u00e1s LTD<\/li>\n<li> Corrigan Mozg\u00f3rendszerek<\/li>\n<li> Tri Star Freight System<\/li>\n<li> \u00c9hez\u0151 di\u00e1kok<\/li>\n<li> A-1 Freeman K\u00f6lt\u00f6ztet\u0151 c\u00e9gek<\/li>\n<li> Daryl Flood K\u00f6lt\u00f6ztet\u00e9s \u00e9s logisztika<\/li>\n<li> JK K\u00f6lt\u00f6ztet\u00e9s \u00e9s rakt\u00e1roz\u00e1s<\/li>\n<li> Ace Relocation Systems<\/li>\n<li> Ford Storage &amp; Moving Company<\/li>\n<li> Budd Van Lines<\/li>\n<li> Rep\u00fcl\u0151g\u00e9pek K\u00f6lt\u00f6ztet\u00e9s \u00e9s rakt\u00e1roz\u00e1s<\/li>\n<li> Szel\u00edd \u00f3ri\u00e1s k\u00f6lt\u00f6ztet\u0151 c\u00e9g<\/li>\n<li> <a href=\"https:\/\/moverdb.com\/hu\/island-movers\/\">Sziget k\u00f6lt\u00f6ztet\u0151k<\/a> - K\u00f6lt\u00f6ztet\u00e9si szolg\u00e1ltat\u00e1sokat k\u00edn\u00e1l a Hawaii-szigetekre \u00e9s a Hawaii-szigetekr\u0151l mind az Egyes\u00fclt \u00c1llamokb\u00f3l, mind nemzetk\u00f6zi szinten.<\/li>\n<li> Mesa k\u00f6lt\u00f6ztet\u00e9s \u00e9s rakt\u00e1roz\u00e1s<\/li>\n<li> Amerikai nemzetk\u00f6zi k\u00f6lt\u00f6ztet\u0151k<\/li>\n<li> Amerikai k\u00f6lt\u00f6ztet\u0151k<\/li>\n<li> Arnoff K\u00f6lt\u00f6ztet\u00e9s \u00e9s rakt\u00e1roz\u00e1s,<\/li>\n<li> Fidelity K\u00f6lt\u00f6ztet\u0151 \u00e9s T\u00e1rol\u00f3 T\u00e1rsas\u00e1g<\/li>\n<li> Lile International v\u00e1llalatok<\/li>\n<li> Carlyle Van Lines<\/li>\n<li> A megfelel\u0151 sz\u00e1ll\u00edt\u00f3<\/li>\n<li> Andrews Van Lines<\/li>\n<li> Sherwood Van Lines<\/li>\n<li> Bisson K\u00f6lt\u00f6ztet\u00e9s \u00e9s rakt\u00e1roz\u00e1s<\/li>\n<li> Bohren's Moving &amp; Storage,<\/li>\n<li> Select Van &amp; Storage<\/li>\n<li> Broadway Express<\/li>\n<li> FlatRate Moving<\/li>\n<li> Smith Dray Line &amp; Storage<\/li>\n<li> Sourdough Express<\/li>\n<li> South Hills K\u00f6lt\u00f6ztet\u0151k<\/li>\n<li> Fisher \u00c9szak-Amerika<\/li>\n<li> Interstate Van Lines\/Interstate Worldwide<\/li>\n<li> Ward North American<\/li>\n<li> Kelet <a href=\"https:\/\/moverdb.com\/hu\/moving-to-the-united-states\/moving-to-tennessee\/\" data-internallinksmanager029f6b8e52c=\"406\" title=\"Tennessee-be k\u00f6lt\u00f6zik? 2023 Lakhat\u00e1si k\u00f6lts\u00e9gek \u00e9s k\u00f6lt\u00f6z\u00e9si tippek\">Tennessee<\/a> K\u00f6lt\u00f6z\u00e9s\/K\u00e9t f\u00e9rfi \u00e9s egy teheraut\u00f3<\/li>\n<li> Imlach csoport<\/li>\n<li> Air Van Moving<\/li>\n<li> Legacy sz\u00e1ll\u00edt\u00e1si szolg\u00e1ltat\u00e1sok<\/li>\n<li> Tippet-Richardson<\/li>\n<li> Atlantic Relocation Systems<\/li>\n<li> Carey K\u00f6lt\u00f6ztet\u00e9s \u00e9s rakt\u00e1roz\u00e1s<\/li>\n<li> A Arnold vil\u00e1gsz\u00ednvonal\u00fa \u00e1thelyez\u00e9s<\/li>\n<li> William B. Meyer<\/li>\n<li> Horizon Moving Systems<\/li>\n<li> Parks K\u00f6lt\u00f6ztet\u00e9s \u00e9s rakt\u00e1roz\u00e1s<\/li>\n<li> Highland K\u00f6lt\u00f6ztet\u00e9s \u00e9s rakt\u00e1roz\u00e1s<\/li>\n<li> Delancey Street Moving &amp; Transportation<\/li>\n<li> Armstrong \u00e1thelyez\u00e9s<\/li>\n<li> Sz\u00f6vets\u00e9gi v\u00e1llalatok<\/li>\n<li> Hoyt k\u00f6lt\u00f6ztet\u00e9s \u00e9s t\u00e1rol\u00e1s<\/li>\n<li> Johnson Rakt\u00e1roz\u00e1s \u00e9s k\u00f6lt\u00f6ztet\u00e9s<\/li>\n<li> Nor-Cal k\u00f6lt\u00f6ztet\u0151 szolg\u00e1ltat\u00e1sok<\/li>\n<li> <a href=\"https:\/\/moverdb.com\/hu\/royal-hawaiian-movers\/\">Royal Hawaiian Movers<\/a> - A Royal Hawaiian Movers a DeWitt c\u00e9gcsoport tagja, amely k\u00fcl\u00f6nb\u00f6z\u0151 helyi, szigetk\u00f6zi, sz\u00e1razf\u00f6ldi \u00e9s nemzetk\u00f6zi k\u00f6lt\u00f6z\u00e9seket k\u00edn\u00e1l \u00fcgyfeleinek.<\/li>\n<li> Central Van &amp; Storage,<\/li>\n<li> <a href=\"https:\/\/moverdb.com\/hu\/koronamozgato\/\">Crown Moving Co<\/a> - Most z\u00e1rva, sz\u00e9khelye <a href=\"https:\/\/moverdb.com\/hu\/moving-to-seattle\/\" data-internallinksmanager029f6b8e52c=\"65\" title=\"Seattle-be k\u00f6lt\u00f6zik? 2022 Lakhat\u00e1si k\u00f6lts\u00e9gek \u00e9s k\u00f6lt\u00f6z\u00e9si tippek\">Seattle<\/a>.<\/li>\n<li> Fry-Wagner K\u00f6lt\u00f6ztet\u00e9s \u00e9s rakt\u00e1roz\u00e1s Co.<\/li>\n<li> B. Von <a href=\"https:\/\/moverdb.com\/hu\/moving-to-france\/moving-to-paris\/\" data-internallinksmanager029f6b8e52c=\"407\" title=\"P\u00e1rizsba k\u00f6lt\u00f6zik? 2023 Lakhat\u00e1si k\u00f6lts\u00e9gek \u00e9s k\u00f6lt\u00f6z\u00e9si tippek\">P\u00e1rizs<\/a> K\u00f6lt\u00f6ztet\u00e9s \u00e9s rakt\u00e1roz\u00e1s<\/li>\n<li> O'Brien K\u00f6lt\u00f6ztet\u00e9s \u00e9s rakt\u00e1roz\u00e1s<\/li>\n<li> Piqua Transzfer \u00e9s Rakt\u00e1roz\u00e1si T\u00e1rsas\u00e1g<\/li>\n<li> Joyce Van Lines,<\/li>\n<li> Plycon Transportation Group<\/li>\n<li> AAA K\u00f6lt\u00f6ztet\u00e9s \u00e9s rakt\u00e1roz\u00e1s<\/li>\n<li> Aaction K\u00f6lt\u00f6ztet\u00e9s \u00e9s rakt\u00e1roz\u00e1s<\/li>\n<li> Alero K\u00f6lt\u00f6ztet\u00e9s \u00e9s rakt\u00e1roz\u00e1s<\/li>\n<li> DMS Moving Systems<\/li>\n<li> George K\u00f6lt\u00f6ztet\u00e9s \u00e9s rakt\u00e1roz\u00e1s<\/li>\n<li> Glen Ellyn Storage Corporation<\/li>\n<li> Piepho K\u00f6lt\u00f6ztet\u00e9s \u00e9s rakt\u00e1roz\u00e1s<\/li>\n<li> Eagle Van Lines<\/li>\n<li> Roadrunner K\u00f6lt\u00f6ztet\u00e9s \u00e9s rakt\u00e1roz\u00e1s<\/li>\n<li> Lint Van Lines<\/li>\n<li> Pacific Transfer<\/li>\n<li> Paxton Van Lines<\/li>\n<\/ol>","protected":false},"excerpt":{"rendered":"<p>Below you will find a list of the top 100 largest domestic and international moving companies the United States and Canada based on the number of registered trucks in their fleet. One of these companies is likely to be the right one for your international, long distance and\/or interstate move. The data comes from MovingCompanyReviews.com [&hellip;]<\/p>\n","protected":false},"author":1,"featured_media":1083,"parent":0,"menu_order":0,"comment_status":"closed","ping_status":"closed","template":"","meta":{"_genesis_hide_title":false,"_genesis_hide_breadcrumbs":false,"_genesis_hide_singular_image":false,"_genesis_hide_footer_widgets":false,"_genesis_custom_body_class":"","_genesis_custom_post_class":"","_genesis_layout":"","footnotes":""},"class_list":{"0":"post-955","1":"page","2":"type-page","3":"status-publish","4":"has-post-thumbnail","6":"entry"},"_links":{"self":[{"href":"https:\/\/moverdb.com\/hu\/wp-json\/wp\/v2\/pages\/955","targetHints":{"allow":["GET"]}}],"collection":[{"href":"https:\/\/moverdb.com\/hu\/wp-json\/wp\/v2\/pages"}],"about":[{"href":"https:\/\/moverdb.com\/hu\/wp-json\/wp\/v2\/types\/page"}],"author":[{"embeddable":true,"href":"https:\/\/moverdb.com\/hu\/wp-json\/wp\/v2\/users\/1"}],"replies":[{"embeddable":true,"href":"https:\/\/moverdb.com\/hu\/wp-json\/wp\/v2\/comments?post=955"}],"version-history":[{"count":40,"href":"https:\/\/moverdb.com\/hu\/wp-json\/wp\/v2\/pages\/955\/revisions"}],"predecessor-version":[{"id":6247,"href":"https:\/\/moverdb.com\/hu\/wp-json\/wp\/v2\/pages\/955\/revisions\/6247"}],"wp:featuredmedia":[{"embeddable":true,"href":"https:\/\/moverdb.com\/hu\/wp-json\/wp\/v2\/media\/1083"}],"wp:attachment":[{"href":"https:\/\/moverdb.com\/hu\/wp-json\/wp\/v2\/media?parent=955"}],"curies":[{"name":"wp","href":"https:\/\/api.w.org\/{rel}","templated":true}]}}