{"id":9523,"date":"2023-06-08T12:38:02","date_gmt":"2023-06-08T12:38:02","guid":{"rendered":"https:\/\/moverdb.com\/?page_id=9523"},"modified":"2026-01-08T15:30:15","modified_gmt":"2026-01-08T15:30:15","slug":"moving-companies-slovakia","status":"publish","type":"page","link":"https:\/\/moverdb.com\/hu\/moving-companies\/moving-companies-slovakia\/","title":{"rendered":"A legjobb nemzetk\u00f6zi k\u00f6lt\u00f6ztet\u0151 c\u00e9gek Szlov\u00e1ki\u00e1ban"},"content":{"rendered":"<p>Otthon\u00e1nak vagy v\u00e1llalkoz\u00e1s\u00e1nak k\u00f6lt\u00f6ztet\u00e9s\u00e9n gondolkodik a k\u00f6vetkez\u0151 helyekre vagy helyr\u0151l? <a href=\"https:\/\/moverdb.com\/hu\/moving-to-slovakia\/\" data-internallinksmanager029f6b8e52c=\"338\" title=\"Szlov\u00e1ki\u00e1ba k\u00f6lt\u00f6zik? 2023 Meg\u00e9lhet\u00e9si k\u00f6lts\u00e9gek \u00e9s k\u00f6lt\u00f6z\u00e9si tippek\">Szlov\u00e1kia<\/a>? Ha igen, akkor \u00e9rdemes egy k\u00f6lt\u00f6ztet\u0151 \u00fcgyn\u00f6k szolg\u00e1ltat\u00e1sait ig\u00e9nybe vennie, hogy cs\u00f6kkentse a munk\u00e1t \u00e9s a stresszt. Az al\u00e1bbiakban \u00f6ssze\u00e1ll\u00edtottunk egy list\u00e1t a szlov\u00e1kiai <a href=\"https:\/\/moverdb.com\/hu\/international-removals\/\" data-internallinksmanager029f6b8e52c=\"27\" title=\"36 legjobb nemzetk\u00f6zi k\u00f6lt\u00f6ztet\u0151 c\u00e9gek az Egyes\u00fclt Kir\u00e1lys\u00e1gban\">k\u00f6lt\u00f6ztet\u0151 c\u00e9gek<\/a> amelyek tagjai a <a href=\"https:\/\/moverdb.com\/hu\/iam\/\" data-internallinksmanager029f6b8e52c=\"23\" title=\"A K\u00f6lt\u00f6ztet\u0151k Nemzetk\u00f6zi Sz\u00f6vets\u00e9ge (IAM) magyar\u00e1zata\">K\u00f6lt\u00f6ztet\u0151k Nemzetk\u00f6zi Sz\u00f6vets\u00e9ge<\/a> (IAM) \u00e9s\/vagy <a href=\"https:\/\/moverdb.com\/hu\/fidi-faim\/\" data-internallinksmanager029f6b8e52c=\"16\" title=\"FIDI &amp; FAIM (FIDI akkredit\u00e1lt nemzetk\u00f6zi fuvaroz\u00f3) magyar\u00e1zata\">FIDI<\/a> Akkredit\u00e1lt nemzetk\u00f6zi k\u00f6lt\u00f6ztet\u0151 (FAIM), aki seg\u00edthet \u00d6nnek a k\u00f6lt\u00f6z\u00e9sben.<\/p>\n<h2><strong>Santa Fe \u00e1thelyez\u00e9s<\/strong><\/h2>\n<p><img loading=\"lazy\" decoding=\"async\" class=\"alignnone size-full wp-image-9422\" src=\"https:\/\/moverdb.com\/wp-content\/uploads\/Santa-Fe-Relocation-Slovakia-international-moving-company.png\" alt=\"Santa Fe Relocation Szlov\u00e1kia nemzetk\u00f6zi k\u00f6lt\u00f6ztet\u0151 c\u00e9g\" width=\"1440\" height=\"677\" data-wp-pid=\"9422\" srcset=\"https:\/\/moverdb.com\/wp-content\/uploads\/Santa-Fe-Relocation-Slovakia-international-moving-company.png 1440w, https:\/\/moverdb.com\/wp-content\/uploads\/Santa-Fe-Relocation-Slovakia-international-moving-company-300x141.png 300w, https:\/\/moverdb.com\/wp-content\/uploads\/Santa-Fe-Relocation-Slovakia-international-moving-company-1024x481.png 1024w, https:\/\/moverdb.com\/wp-content\/uploads\/Santa-Fe-Relocation-Slovakia-international-moving-company-18x8.png 18w, https:\/\/moverdb.com\/wp-content\/uploads\/Santa-Fe-Relocation-Slovakia-international-moving-company-600x282.png 600w\" sizes=\"auto, (max-width: 1440px) 100vw, 1440px\" \/><\/p>\n<ul>\n<li>Nemzeti l\u00e9p\u00e9s<\/li>\n<li>Nemzetk\u00f6zi \u00e1thelyez\u00e9sek<\/li>\n<li>H\u00e1ztart\u00e1s \u00e1thelyez\u00e9se<\/li>\n<li>V\u00e1llalati \u00e1thelyez\u00e9sek<\/li>\n<li>Csomagol\u00e1si szolg\u00e1ltat\u00e1s<\/li>\n<li>L\u00e9gi, tengeri \u00e9s k\u00f6z\u00fati sz\u00e1ll\u00edt\u00e1s<\/li>\n<li>V\u00e1mkezel\u00e9s<\/li>\n<li>H\u00e1zi\u00e1llat \u00e1thelyez\u00e9s<\/li>\n<li>V\u00edzum \u00e9s bev\u00e1ndorl\u00e1s<\/li>\n<li>R\u00f6vid \u00e9s hossz\u00fa t\u00e1v\u00fa t\u00e1rol\u00e1s<\/li>\n<\/ul>\n<p>A Santa Fe Relocation egy nemzetk\u00f6zi k\u00f6lt\u00f6ztet\u0151 c\u00e9g, amely 38 orsz\u00e1gban 64 irod\u00e1val rendelkezik. Szlov\u00e1kiai irod\u00e1jukat 2002-ben nyitott\u00e1k meg Pozsonyban. Az IAM tagja 21 \u00e9ves szolg\u00e1lati id\u0151vel, \u00e9s a FIDI \u00e1ltal akkredit\u00e1ltak.<\/p>\n<p>A Santa Fe Relocation h\u00e1zon bel\u00fcli vagy vide\u00f3s felm\u00e9r\u00e9st \u00e9s k\u00f6lt\u00f6z\u00e9s el\u0151tti konzult\u00e1ci\u00f3t k\u00edn\u00e1l az \u00d6n ig\u00e9nyeinek meghat\u00e1roz\u00e1s\u00e1hoz. Csomagol\u00e1si szolg\u00e1ltat\u00e1st ny\u00fajtanak az \u00d6n t\u00e1rgyai \u00e9s b\u00fatorai sz\u00e1m\u00e1ra, \u00e9s megszervezik a l\u00e9gi, tengeri vagy k\u00f6z\u00fati sz\u00e1ll\u00edt\u00e1st v\u00e1mkezel\u00e9ssel egy\u00fctt.  Sz\u00e1mos kieg\u00e9sz\u00edt\u0151 szolg\u00e1ltat\u00e1st k\u00edn\u00e1lnak, bele\u00e9rtve a sz\u00e1ll\u00edtm\u00e1ny v\u00e9delm\u00e9t, t\u00e1rol\u00e1st, lak\u00e1s- \u00e9s iskolakeres\u00e9st, beilleszked\u00e9si szolg\u00e1ltat\u00e1sokat, t\u00e1voz\u00e1si t\u00e1mogat\u00e1st, h\u00e1zi\u00e1llatok \u00e1thelyez\u00e9s\u00e9t, <a href=\"https:\/\/moverdb.com\/hu\/car-transport-shipping\/\" data-internallinksmanager029f6b8e52c=\"2\" title=\"2026 Nemzetk\u00f6zi aut\u00f3sz\u00e1ll\u00edt\u00e1s \u00e9s j\u00e1rm\u0171sz\u00e1ll\u00edt\u00e1s \u00e1raj\u00e1nlatok\">j\u00e1rm\u0171sz\u00e1ll\u00edt\u00e1s<\/a>, valamint v\u00edzum- \u00e9s bev\u00e1ndorl\u00e1si seg\u00edts\u00e9gny\u00fajt\u00e1s.<\/p>\n<p>Weboldal: <a href=\"https:\/\/www.santaferelo.com\/en\/contact\/our-offices\/slovakia-bratislava\/\" target=\"_blank\" rel=\"noopener\">https:\/\/www.santaferelo.com\/en\/contact\/our-offices\/slovakia-bratislava\/<\/a><\/p>\n<h2>Egy\u00e9b hasznos \u00fatmutat\u00f3k Szlov\u00e1ki\u00e1hoz<\/h2>\n<ul>\n<li> <a href=\"https:\/\/moverdb.com\/hu\/moving-to-slovakia\/moving-to-slovakia-from-the-uk\/\">Szlov\u00e1ki\u00e1ba k\u00f6lt\u00f6z\u00e9s az Egyes\u00fclt Kir\u00e1lys\u00e1gb\u00f3l<\/a><\/li>\n<li> <a href=\"https:\/\/moverdb.com\/hu\/moving-to-slovakia\/\">Szlov\u00e1ki\u00e1ba k\u00f6lt\u00f6zik? 2024 Lakhat\u00e1si k\u00f6lts\u00e9gek \u00e9s k\u00f6lt\u00f6z\u00e9si tippek<\/a><\/li>\n<\/ul>","protected":false},"excerpt":{"rendered":"<p>Are you thinking of moving home or your business within, to or from Slovakia? If you are then you may want to enlist the services of a moving agent to reduce the work involved and the stress. Below we have compiled a list of Slovakian removal companies that are members of the International Association of [&hellip;]<\/p>\n","protected":false},"author":4,"featured_media":9422,"parent":190,"menu_order":0,"comment_status":"closed","ping_status":"closed","template":"","meta":{"_genesis_hide_title":false,"_genesis_hide_breadcrumbs":false,"_genesis_hide_singular_image":false,"_genesis_hide_footer_widgets":false,"_genesis_custom_body_class":"","_genesis_custom_post_class":"","_genesis_layout":"","footnotes":""},"class_list":{"0":"post-9523","1":"page","2":"type-page","3":"status-publish","4":"has-post-thumbnail","6":"entry"},"_links":{"self":[{"href":"https:\/\/moverdb.com\/hu\/wp-json\/wp\/v2\/pages\/9523","targetHints":{"allow":["GET"]}}],"collection":[{"href":"https:\/\/moverdb.com\/hu\/wp-json\/wp\/v2\/pages"}],"about":[{"href":"https:\/\/moverdb.com\/hu\/wp-json\/wp\/v2\/types\/page"}],"author":[{"embeddable":true,"href":"https:\/\/moverdb.com\/hu\/wp-json\/wp\/v2\/users\/4"}],"replies":[{"embeddable":true,"href":"https:\/\/moverdb.com\/hu\/wp-json\/wp\/v2\/comments?post=9523"}],"version-history":[{"count":3,"href":"https:\/\/moverdb.com\/hu\/wp-json\/wp\/v2\/pages\/9523\/revisions"}],"predecessor-version":[{"id":17867,"href":"https:\/\/moverdb.com\/hu\/wp-json\/wp\/v2\/pages\/9523\/revisions\/17867"}],"up":[{"embeddable":true,"href":"https:\/\/moverdb.com\/hu\/wp-json\/wp\/v2\/pages\/190"}],"wp:featuredmedia":[{"embeddable":true,"href":"https:\/\/moverdb.com\/hu\/wp-json\/wp\/v2\/media\/9422"}],"wp:attachment":[{"href":"https:\/\/moverdb.com\/hu\/wp-json\/wp\/v2\/media?parent=9523"}],"curies":[{"name":"wp","href":"https:\/\/api.w.org\/{rel}","templated":true}]}}