{"id":9518,"date":"2023-06-08T12:39:44","date_gmt":"2023-06-08T12:39:44","guid":{"rendered":"https:\/\/moverdb.com\/?page_id=9518"},"modified":"2026-01-08T15:24:25","modified_gmt":"2026-01-08T15:24:25","slug":"moving-companies-serbia","status":"publish","type":"page","link":"https:\/\/moverdb.com\/hu\/moving-companies\/moving-companies-serbia\/","title":{"rendered":"3 legjobb nemzetk\u00f6zi k\u00f6lt\u00f6ztet\u0151 c\u00e9g Szerbi\u00e1ban"},"content":{"rendered":"<p>Ha Szerbi\u00e1n bel\u00fcl, Szerbi\u00e1ba vagy Szerbi\u00e1b\u00f3l tervezi a k\u00f6lt\u00f6z\u00e9st, akkor lehet, hogy fontol\u00f3ra veszi egy Szerbi\u00e1n bel\u00fcli, Szerbi\u00e1ba ir\u00e1nyul\u00f3 vagy onnan kiindul\u00f3 k\u00f6lt\u00f6ztet\u0151 szolg\u00e1ltat\u00e1sainak ig\u00e9nybev\u00e9tel\u00e9t. <a href=\"https:\/\/moverdb.com\/hu\/moving-companies\/\" data-internallinksmanager029f6b8e52c=\"79\" title=\"Top 25 nemzetk\u00f6zi k\u00f6lt\u00f6ztet\u0151 c\u00e9gek online\">k\u00f6lt\u00f6ztet\u0151 c\u00e9g<\/a> hogy seg\u00edtsen \u00d6nnek a csomagol\u00e1sban, sz\u00e1ll\u00edt\u00e1sban \u00e9s dokument\u00e1l\u00e1sban. Az al\u00e1bbiakban \u00f6ssze\u00e1ll\u00edtottunk egy list\u00e1t a szerbiai <a href=\"https:\/\/moverdb.com\/hu\/international-removals\/\" data-internallinksmanager029f6b8e52c=\"27\" title=\"36 legjobb nemzetk\u00f6zi k\u00f6lt\u00f6ztet\u0151 c\u00e9gek az Egyes\u00fclt Kir\u00e1lys\u00e1gban\">k\u00f6lt\u00f6ztet\u0151 c\u00e9gek<\/a> amelyek tagjai a <a href=\"https:\/\/moverdb.com\/hu\/iam\/\" data-internallinksmanager029f6b8e52c=\"23\" title=\"A K\u00f6lt\u00f6ztet\u0151k Nemzetk\u00f6zi Sz\u00f6vets\u00e9ge (IAM) magyar\u00e1zata\">K\u00f6lt\u00f6ztet\u0151k Nemzetk\u00f6zi Sz\u00f6vets\u00e9ge<\/a> (IAM) \u00e9s\/vagy <a href=\"https:\/\/moverdb.com\/hu\/fidi-faim\/\" data-internallinksmanager029f6b8e52c=\"16\" title=\"FIDI &amp; FAIM (FIDI akkredit\u00e1lt nemzetk\u00f6zi fuvaroz\u00f3) magyar\u00e1zata\">FIDI<\/a> Akkredit\u00e1lt nemzetk\u00f6zi k\u00f6lt\u00f6ztet\u0151 (FAIM), aki seg\u00edthet \u00d6nnek a k\u00f6lt\u00f6z\u00e9sben.<\/p>\n<h2><strong>1. Balk\u00e1ni \u00e1ttelep\u00fcl\u00e9sek<\/strong><\/h2>\n<p><img loading=\"lazy\" decoding=\"async\" class=\"alignnone size-full wp-image-9337\" src=\"https:\/\/moverdb.com\/wp-content\/uploads\/Balkan-Relocations-international-moving-company.png\" alt=\"Balkan Relocations nemzetk\u00f6zi k\u00f6lt\u00f6ztet\u0151 c\u00e9g\" width=\"1440\" height=\"677\" data-wp-pid=\"9337\" srcset=\"https:\/\/moverdb.com\/wp-content\/uploads\/Balkan-Relocations-international-moving-company.png 1440w, https:\/\/moverdb.com\/wp-content\/uploads\/Balkan-Relocations-international-moving-company-300x141.png 300w, https:\/\/moverdb.com\/wp-content\/uploads\/Balkan-Relocations-international-moving-company-1024x481.png 1024w, https:\/\/moverdb.com\/wp-content\/uploads\/Balkan-Relocations-international-moving-company-18x8.png 18w, https:\/\/moverdb.com\/wp-content\/uploads\/Balkan-Relocations-international-moving-company-600x282.png 600w\" sizes=\"auto, (max-width: 1440px) 100vw, 1440px\" \/><\/p>\n<ul>\n<li>Helyi k\u00f6lt\u00f6z\u00e9sek<\/li>\n<li>Nemzetk\u00f6zi k\u00f6lt\u00f6z\u00e9sek<\/li>\n<li>H\u00e1ztart\u00e1si k\u00f6lt\u00f6z\u00e9sek<\/li>\n<li>V\u00e1llalati k\u00f6lt\u00f6z\u00e9sek<\/li>\n<li>Csomagol\u00e1si lehet\u0151s\u00e9gek<\/li>\n<li>F\u00f6ldi, tengeri \u00e9s l\u00e9gi sz\u00e1ll\u00edt\u00e1s<\/li>\n<li>V\u00e1mszolg\u00e1ltat\u00e1sok<\/li>\n<li>H\u00e1zi\u00e1llat mozog<\/li>\n<li>Biztos\u00edt\u00e1s<\/li>\n<li>Rakt\u00e1roz\u00e1si lehet\u0151s\u00e9gek<\/li>\n<\/ul>\n<p>A Balkan Relocations egy k\u00f6lt\u00f6ztet\u0151, logisztikai \u00e9s sz\u00e1ll\u00edt\u00e1si szolg\u00e1ltat\u00e1s, amely Belgr\u00e1db\u00f3l m\u0171k\u00f6dik. Egy glob\u00e1lis k\u00f6lt\u00f6ztet\u0151i \u00e9s szolg\u00e1ltat\u00e1si partnerh\u00e1l\u00f3zat r\u00e9szei, amely seg\u00edti \u0151ket a Szerbi\u00e1n k\u00edv\u00fcli szolg\u00e1ltat\u00e1sok ny\u00fajt\u00e1s\u00e1ban. Az IAM tagjak\u00e9nt hat\u00e9ves szolg\u00e1lati id\u0151vel rendelkeznek.<\/p>\n<p>A Balkan Relocations h\u00e1zt\u00f3l-h\u00e1zig tart\u00f3 k\u00f6lt\u00f6ztet\u00e9si szolg\u00e1ltat\u00e1st k\u00edn\u00e1l, a csomagol\u00e1si lehet\u0151s\u00e9gek k\u00f6z\u00fcl v\u00e1laszthat: csak t\u00f6r\u00e9keny csomagol\u00e1st, saj\u00e1t csomagol\u00e1st csomagol\u00f3anyagokkal \u00e9s teljes csomagol\u00e1si szolg\u00e1ltat\u00e1st. A vil\u00e1g minden t\u00e1j\u00e1ra sz\u00e1ll\u00edtanak f\u00f6ldi, tengeri vagy l\u00e9gi \u00faton, v\u00e1mseg\u00edts\u00e9ggel \u00e9s biztos\u00edt\u00e1ssal. Emellett telep\u00edt\u00e9si \u00e9s \u00f6sszeszerel\u00e9si szolg\u00e1ltat\u00e1sokat, h\u00e1zi\u00e1llat k\u00f6lt\u00f6ztet\u00e9st, k\u00f6lt\u00f6ztet\u00e9si szolg\u00e1ltat\u00e1sokat \u00e9s bev\u00e1ndorl\u00e1si seg\u00edts\u00e9get is k\u00edn\u00e1lnak.<\/p>\n<p>Weboldal: <a href=\"http:\/\/www.balkanrelocations.com\" target=\"_blank\" rel=\"noopener\">http:\/\/www.balkanrelocations.com<\/a><\/p>\n<h2><strong>2. Orphee Beinoglou<\/strong><\/h2>\n<p><img loading=\"lazy\" decoding=\"async\" class=\"alignnone size-full wp-image-9408\" src=\"https:\/\/moverdb.com\/wp-content\/uploads\/Orphee-Beinoglou-Serbia-international-moving-company.png\" alt=\"Orphee Beinoglou Szerbia nemzetk\u00f6zi k\u00f6lt\u00f6ztet\u0151 c\u00e9g\" width=\"1440\" height=\"680\" data-wp-pid=\"9408\" srcset=\"https:\/\/moverdb.com\/wp-content\/uploads\/Orphee-Beinoglou-Serbia-international-moving-company.png 1440w, https:\/\/moverdb.com\/wp-content\/uploads\/Orphee-Beinoglou-Serbia-international-moving-company-300x142.png 300w, https:\/\/moverdb.com\/wp-content\/uploads\/Orphee-Beinoglou-Serbia-international-moving-company-1024x484.png 1024w, https:\/\/moverdb.com\/wp-content\/uploads\/Orphee-Beinoglou-Serbia-international-moving-company-18x9.png 18w, https:\/\/moverdb.com\/wp-content\/uploads\/Orphee-Beinoglou-Serbia-international-moving-company-600x283.png 600w\" sizes=\"auto, (max-width: 1440px) 100vw, 1440px\" \/><\/p>\n<ul>\n<li>Helyi \u00e9s orsz\u00e1gos k\u00f6lt\u00f6z\u00e9sek<\/li>\n<li>Nemzetk\u00f6zi k\u00f6lt\u00f6z\u00e9sek<\/li>\n<li>H\u00e1ztart\u00e1si k\u00f6lt\u00f6z\u00e9sek<\/li>\n<li>Irodai k\u00f6lt\u00f6z\u00e9sek<\/li>\n<li>H\u00e1zt\u00f3l-h\u00e1zig szolg\u00e1ltat\u00e1s<\/li>\n<li>Csomagol\u00e1si szolg\u00e1ltat\u00e1s<\/li>\n<li>Tengeri, l\u00e9gi \u00e9s sz\u00e1razf\u00f6ldi sz\u00e1ll\u00edt\u00e1s<\/li>\n<li>V\u00e1mkezel\u00e9s<\/li>\n<li>Biztos\u00edt\u00e1s<\/li>\n<li>T\u00e1rol\u00e1si szolg\u00e1ltat\u00e1sok<\/li>\n<\/ul>\n<p>Az Orphee Beinoglou egy 1923-ban alap\u00edtott \u00e1rusz\u00e1ll\u00edt\u00e1si \u00e9s logisztikai szolg\u00e1ltat\u00f3. <a href=\"https:\/\/moverdb.com\/hu\/moving-to-greece\/\" data-internallinksmanager029f6b8e52c=\"353\" title=\"G\u00f6r\u00f6gorsz\u00e1gba k\u00f6lt\u00f6zik? 2023 Meg\u00e9lhet\u00e9si k\u00f6lts\u00e9gek \u00e9s k\u00f6lt\u00f6z\u00e9si tippek\">G\u00f6r\u00f6gorsz\u00e1g<\/a> le\u00e1nyv\u00e1llalatokkal a Balk\u00e1non \u00e9s a F\u00f6ldk\u00f6zi-tenger keleti r\u00e9sz\u00e9n. Szerbiai irod\u00e1juk Belgr\u00e1dban tal\u00e1lhat\u00f3. Glob\u00e1lis h\u00e1l\u00f3zattal t\u00e1mogatj\u00e1k \u0151ket abban, hogy m\u00e1s orsz\u00e1gokban is ny\u00fajthassanak szolg\u00e1ltat\u00e1sokat. Az IAM tagjak\u00e9nt m\u00e1r n\u00e9gy \u00e9ve m\u0171k\u00f6dnek.<\/p>\n<p>Az Orphee Beinglou szem\u00e9lyes, h\u00e1zt\u00f3l-h\u00e1zig tart\u00f3 k\u00f6lt\u00f6ztet\u00e9si szolg\u00e1ltat\u00e1st k\u00edn\u00e1l, a k\u00f6lt\u00f6z\u00e9st megel\u0151z\u0151 felm\u00e9r\u00e9ssel, amely seg\u00edt megtervezni a k\u00f6lt\u00f6z\u00e9st. Csomagol\u00e1si szolg\u00e1ltat\u00e1st ny\u00fajtanak speci\u00e1lis csomagol\u00f3anyagokkal \u00e9s k\u00e9pzett csapatokkal. Tengeren, l\u00e9gi \u00faton vagy sz\u00e1razf\u00f6ld\u00f6n sz\u00e1ll\u00edtj\u00e1k a holmij\u00e1t, \u00e9s seg\u00edtenek a v\u00e1mkezel\u00e9sben, miel\u0151tt lesz\u00e1ll\u00edtj\u00e1k a holmij\u00e1t, \u00e9s seg\u00edtenek kicsomagolni azt.<\/p>\n<p>Weboldal: <a href=\"https:\/\/orbit.rs\" target=\"_blank\" rel=\"noopener\">https:\/\/orbit.rs<\/a><\/p>\n<h2><strong>3. V\u00edzi\u00f3 4 Logisztika<\/strong><\/h2>\n<p><img loading=\"lazy\" decoding=\"async\" class=\"alignnone size-full wp-image-9444\" src=\"https:\/\/moverdb.com\/wp-content\/uploads\/Vision-4-Logistics-international-moving-company.png\" alt=\"Vision 4 Logistics nemzetk\u00f6zi k\u00f6lt\u00f6ztet\u0151 c\u00e9g\" width=\"1440\" height=\"678\" data-wp-pid=\"9444\" srcset=\"https:\/\/moverdb.com\/wp-content\/uploads\/Vision-4-Logistics-international-moving-company.png 1440w, https:\/\/moverdb.com\/wp-content\/uploads\/Vision-4-Logistics-international-moving-company-300x141.png 300w, https:\/\/moverdb.com\/wp-content\/uploads\/Vision-4-Logistics-international-moving-company-1024x482.png 1024w, https:\/\/moverdb.com\/wp-content\/uploads\/Vision-4-Logistics-international-moving-company-18x8.png 18w, https:\/\/moverdb.com\/wp-content\/uploads\/Vision-4-Logistics-international-moving-company-600x283.png 600w\" sizes=\"auto, (max-width: 1440px) 100vw, 1440px\" \/><\/p>\n<ul>\n<li>Helyi k\u00f6lt\u00f6z\u00e9sek<\/li>\n<li>Nemzetk\u00f6zi k\u00f6lt\u00f6z\u00e9sek<\/li>\n<li>H\u00e1ztart\u00e1si k\u00f6lt\u00f6z\u00e9sek<\/li>\n<li>V\u00e1llalati k\u00f6lt\u00f6z\u00e9sek<\/li>\n<li>H\u00e1zt\u00f3l-h\u00e1zig szolg\u00e1ltat\u00e1s<\/li>\n<li>Tengeri, k\u00f6z\u00fati, vas\u00fati \u00e9s l\u00e9gi \u00e1rusz\u00e1ll\u00edt\u00e1s<\/li>\n<li>Terhel\u00e9si lehet\u0151s\u00e9gek kiv\u00e1laszt\u00e1sa<\/li>\n<li>V\u00e1m\u00fcgyn\u00f6ki tev\u00e9kenys\u00e9g<\/li>\n<li>Minden kock\u00e1zatra kiterjed\u0151 biztos\u00edt\u00e1s<\/li>\n<li>Rakt\u00e1roz\u00e1si lehet\u0151s\u00e9gek<\/li>\n<\/ul>\n<p>A Vision 4 Logistics egy 2018-ban alap\u00edtott, belgr\u00e1di sz\u00e9khely\u0171 sz\u00e1ll\u00edtm\u00e1nyoz\u00e1si v\u00e1llalat. Nemzetk\u00f6zi k\u00f6lt\u00f6z\u00e9seket biztos\u00edtanak a vil\u00e1gszerte kiv\u00e1lasztott \u00fcgyn\u00f6k\u00f6k h\u00e1l\u00f3zat\u00e1n kereszt\u00fcl. Az IAM tagjak\u00e9nt m\u00e1r \u00f6t \u00e9ve m\u0171k\u00f6dnek.<\/p>\n<p>A Vision 4 Logistics h\u00e1zt\u00f3l-h\u00e1zig tart\u00f3 k\u00f6lt\u00f6ztet\u00e9si szolg\u00e1ltat\u00e1sokat ny\u00fajt helyi \u00e9s nemzetk\u00f6zi k\u00f6lt\u00f6z\u00e9sekhez. Professzion\u00e1lis szem\u00e9lyzettel \u00e9s berendez\u00e9sekkel rendelkeznek, amelyek c\u00e9lja, hogy seg\u00edts\u00e9k \u0151ket a h\u00e1ztart\u00e1sok \u00e9s a v\u00e1llalati \u00fcgyfelek k\u00f6lt\u00f6ztet\u00e9s\u00e9ben. Vas\u00fati, l\u00e9gi, k\u00f6z\u00fati \u00e9s tengeri sz\u00e1ll\u00edt\u00e1st k\u00edn\u00e1lnak, amely mag\u00e1ban foglalja a teljes kont\u00e9nerrakom\u00e1nyokat, a kont\u00e9nerrakom\u00e1nyokn\u00e1l kevesebbet, a teljes teheraut\u00f3rakom\u00e1nyokat \u00e9s a teheraut\u00f3rakom\u00e1nyokn\u00e1l kevesebbet. Megel\u0151z\u0151 int\u00e9zked\u00e9sk\u00e9nt minden kock\u00e1zatra kiterjed\u0151 biztos\u00edt\u00e1st ny\u00fajtanak.<\/p>\n<p>Weboldal: <a href=\"http:\/\/www.v4l.rs\" target=\"_blank\" rel=\"noopener\">http:\/\/www.v4l.rs<\/a><\/p>","protected":false},"excerpt":{"rendered":"<p>If you are planning a move within, to or from Serbia, you may be considering employing the services of a moving company to assist you with packing, transportation and documentation. Below we have compiled a list of Serbian removal companies that are members of the International Association of Movers (IAM) and\/or FIDI Accredited International Mover [&hellip;]<\/p>\n","protected":false},"author":4,"featured_media":9337,"parent":190,"menu_order":0,"comment_status":"closed","ping_status":"closed","template":"","meta":{"_genesis_hide_title":false,"_genesis_hide_breadcrumbs":false,"_genesis_hide_singular_image":false,"_genesis_hide_footer_widgets":false,"_genesis_custom_body_class":"","_genesis_custom_post_class":"","_genesis_layout":"","footnotes":""},"class_list":{"0":"post-9518","1":"page","2":"type-page","3":"status-publish","4":"has-post-thumbnail","6":"entry"},"_links":{"self":[{"href":"https:\/\/moverdb.com\/hu\/wp-json\/wp\/v2\/pages\/9518","targetHints":{"allow":["GET"]}}],"collection":[{"href":"https:\/\/moverdb.com\/hu\/wp-json\/wp\/v2\/pages"}],"about":[{"href":"https:\/\/moverdb.com\/hu\/wp-json\/wp\/v2\/types\/page"}],"author":[{"embeddable":true,"href":"https:\/\/moverdb.com\/hu\/wp-json\/wp\/v2\/users\/4"}],"replies":[{"embeddable":true,"href":"https:\/\/moverdb.com\/hu\/wp-json\/wp\/v2\/comments?post=9518"}],"version-history":[{"count":1,"href":"https:\/\/moverdb.com\/hu\/wp-json\/wp\/v2\/pages\/9518\/revisions"}],"predecessor-version":[{"id":9519,"href":"https:\/\/moverdb.com\/hu\/wp-json\/wp\/v2\/pages\/9518\/revisions\/9519"}],"up":[{"embeddable":true,"href":"https:\/\/moverdb.com\/hu\/wp-json\/wp\/v2\/pages\/190"}],"wp:featuredmedia":[{"embeddable":true,"href":"https:\/\/moverdb.com\/hu\/wp-json\/wp\/v2\/media\/9337"}],"wp:attachment":[{"href":"https:\/\/moverdb.com\/hu\/wp-json\/wp\/v2\/media?parent=9518"}],"curies":[{"name":"wp","href":"https:\/\/api.w.org\/{rel}","templated":true}]}}