{"id":944,"date":"2016-09-04T13:58:08","date_gmt":"2016-09-04T13:58:08","guid":{"rendered":"http:\/\/moverdb.com\/?page_id=944"},"modified":"2026-01-08T14:48:19","modified_gmt":"2026-01-08T14:48:19","slug":"excess-international-movers","status":"publish","type":"page","link":"https:\/\/moverdb.com\/hu\/excess-international-movers\/","title":{"rendered":"T\u00falzott nemzetk\u00f6zi k\u00f6lt\u00f6ztet\u0151k: Nemzetk\u00f6zi K\u00f6lt\u00f6ztet\u00e9sek V\u00e9lem\u00e9nyek"},"content":{"rendered":"<p>Az Excess International Movers v\u00e1llalati \u00fcgyfeleknek, mag\u00e1nszem\u00e9lyeknek \u00e9s csal\u00e1doknak az al\u00e1bbiakban felsorolt szolg\u00e1ltat\u00e1sok sz\u00e9les sk\u00e1l\u00e1j\u00e1t k\u00edn\u00e1lja. K\u00f6vetkezik egy c\u00e9gprofil \u00e9s \u00e9rt\u00e9kel\u00e9sek is.<\/p>\n<p><strong><a href=\"https:\/\/moverdb.com\/hu\/international-removals\/\" data-internallinksmanager029f6b8e52c=\"27\" title=\"36 legjobb nemzetk\u00f6zi k\u00f6lt\u00f6ztet\u0151 c\u00e9gek az Egyes\u00fclt Kir\u00e1lys\u00e1gban\">Nemzetk\u00f6zi k\u00f6lt\u00f6ztet\u00e9s<\/a><\/strong><\/p>\n<ul>\n<li> L\u00e9gi, tengeri vagy k\u00f6z\u00fati sz\u00e1ll\u00edt\u00e1s<\/li>\n<li> H\u00e1zhoz men\u0151 szolg\u00e1ltat\u00e1s<\/li>\n<li> Dedik\u00e1lt szolg\u00e1ltat\u00e1s nemzetk\u00f6zi k\u00f6lt\u00f6z\u00e9sekhez<\/li>\n<li> Egy k\u00f6lt\u00f6z\u00e9si koordin\u00e1tor, aki megszervezi a k\u00f6lt\u00f6ztet\u00e9st a kezdetekt\u0151l a v\u00e9g\u00e9ig, \u00e9s v\u00e1laszol minden k\u00e9rd\u00e9sre.<\/li>\n<li> Csomagol\u00f3k \u00e9s k\u00f6lt\u00f6ztet\u0151k, akik a legjobb, az ipar\u00e1g \u00e1ltal j\u00f3v\u00e1hagyott csomagol\u00f3anyagokkal csomagolj\u00e1k be a holmikat - szint\u00e9n az Excess International Movers \u00e1ltal biztos\u00edtott csomagol\u00f3anyagokkal.<\/li>\n<li> K\u00f6lt\u00f6ztet\u00e9sek a <a href=\"https:\/\/moverdb.com\/hu\/kontenerszallitas\/\">haj\u00f3z\u00e1si kont\u00e9ner<\/a> vagy l\u00e9gi j\u00e1rm\u0171re t\u00f6rt\u00e9n\u0151 berakod\u00e1s c\u00e9lj\u00e1b\u00f3l<\/li>\n<li> Az \u00e1ruk v\u00e1mkezel\u00e9se, kisz\u00e1ll\u00edt\u00e1sa \u00e9s kirakod\u00e1sa az \u00d6n \u00faj otthon\u00e1ban, irod\u00e1j\u00e1ban, sz\u00e1llod\u00e1j\u00e1ban vagy m\u00e1s v\u00e9g\u00e1llom\u00e1son - vagy a kiv\u00e1lasztott rep\u00fcl\u0151t\u00e9ren t\u00f6rt\u00e9n\u0151 \u00e1tv\u00e9telre t\u00f6rt\u00e9n\u0151 rendelkez\u00e9sre bocs\u00e1t\u00e1sa<\/li>\n<li> Nemzetk\u00f6zi k\u00f6lt\u00f6ztet\u00e9si d\u00edjak, v\u00e1mkezel\u00e9s \u00e9s termin\u00e1ld\u00edjak<\/li>\n<\/ul>\n<p><strong>Eur\u00f3pai k\u00f6lt\u00f6ztet\u00e9sek<\/strong><\/p>\n<ul>\n<li> H\u00e1zhoz men\u0151 szolg\u00e1ltat\u00e1s<\/li>\n<li> Dedik\u00e1lt k\u00f6zvetlen szolg\u00e1ltat\u00e1s. Az \u00d6n otthon\u00e1ban csomagoljuk \u00f6ssze a holmij\u00e1t, majd k\u00f6zvetlen\u00fcl az \u00d6n \u00faj eur\u00f3pai otthon\u00e1ba sz\u00e1ll\u00edtjuk. \u00d6n v\u00e1lasztja ki a sz\u00e1ll\u00edt\u00e1si id\u0151pontot az \u00d6n ig\u00e9nyeinek megfelel\u0151en. <\/li>\n<li> Megosztott terhel\u00e9s. Alkalmas, ha kisebb sz\u00e1ll\u00edtm\u00e1nyokban szeretne \u00e1rut sz\u00e1ll\u00edtani, ahol a hat\u00e1rid\u0151k kev\u00e9sb\u00e9 fontosak. Mik\u00f6zben tov\u00e1bbra is fix id\u0151pontot k\u00edn\u00e1l az \u00fcgyfeleknek a begy\u0171jt\u00e9sre, a begy\u0171jt\u00e9st megel\u0151z\u0151en egy id\u0151ablakot biztos\u00edtunk a sz\u00e1ll\u00edt\u00e1sra, \u00e9s a sz\u00e1ll\u00edt\u00e1si id\u0151pontot a megosztott rakom\u00e1ny \u00fctemterv\u00e9nek v\u00e9gleges\u00edt\u00e9se ut\u00e1n er\u0151s\u00edtj\u00fck meg.<\/li>\n<li> Egy dedik\u00e1lt k\u00f6lt\u00f6z\u00e9si koordin\u00e1tor, aki v\u00e1laszol a k\u00e9rd\u00e9sekre \u00e9s megszervezi az EU k\u00f6lt\u00f6ztet\u00e9st az elej\u00e9t\u0151l a v\u00e9g\u00e9ig.<\/li>\n<li> Eur\u00f3pai k\u00f6lt\u00f6ztet\u00e9s, bele\u00e9rtve a professzion\u00e1lis csomagol\u00e1si szolg\u00e1ltat\u00e1st, az ipar \u00e1ltal j\u00f3v\u00e1hagyott csomagol\u00f3anyagokkal, hogy biztos\u00edtsa a vagyont\u00e1rgyak biztons\u00e1gos sz\u00e1ll\u00edt\u00e1s\u00e1t.<\/li>\n<li> A k\u00f6lt\u00f6ztet\u00e9s \u00f6sszegy\u0171jti, kisz\u00e1ll\u00edtja, majd kicsomagolja az \u00faj otthon\u00e1ba, \u00e9s az \u00f6sszes tartalmat a k\u00edv\u00e1nt helyre helyezi.<\/li>\n<\/ul>\n<p><strong>T\u00e1rol\u00e1si szolg\u00e1ltat\u00e1sok<\/strong><\/p>\n<ul>\n<li> 24 \u00f3r\u00e1s biztons\u00e1g<\/li>\n<li> Az \u00e1rukhoz val\u00f3 hozz\u00e1f\u00e9r\u00e9s el\u0151zetes bejelent\u00e9st ig\u00e9nyel, \u00e9s tov\u00e1bbi d\u00edjat vonhat maga ut\u00e1n.<\/li>\n<li> Hallgat\u00f3i t\u00e1rol\u00e1si kedvezm\u00e9nyek<\/li>\n<li> Kont\u00e9neres t\u00e1rol\u00e1s<\/li>\n<\/ul>\n<p><strong>Hallgat\u00f3i szolg\u00e1ltat\u00e1sok<\/strong><\/p>\n<ul>\n<li> K\u00fcl\u00f6nleges kedvezm\u00e9nyes mini mozdulatok<\/li>\n<li> K\u00fcl\u00f6nleges kedvezm\u00e9nyes 5 dobozos t\u00e1rol\u00e1si lehet\u0151s\u00e9g<\/li>\n<li> Di\u00e1k <a href=\"https:\/\/moverdb.com\/hu\/hajozasi-tarsasagok\/\">nemzetk\u00f6zi sz\u00e1ll\u00edt\u00e1s<\/a><\/li>\n<\/ul>\n<p><strong>Tov\u00e1bbi szolg\u00e1ltat\u00e1sok<\/strong><\/p>\n<ul>\n<li> Poggy\u00e1szsz\u00e1ll\u00edt\u00e1s<\/li>\n<li> K\u00eds\u00e9r\u0151 n\u00e9lk\u00fcli poggy\u00e1sz<\/li>\n<li> T\u00fals\u00falyos poggy\u00e1sz<\/li>\n<li> <a href=\"https:\/\/moverdb.com\/hu\/autoszallitas-szallitas-szallitas\/\">J\u00e1rm\u0171sz\u00e1ll\u00edt\u00e1s<\/a><\/li>\n<li> V\u00e1llalati k\u00f6lt\u00f6ztet\u00e9s<\/li>\n<li> K\u00e9pz\u0151m\u0171v\u00e9szeti sz\u00e1ll\u00edt\u00e1s<\/li>\n<li> Import<\/li>\n<\/ul>\n<h2>Excess International Movers C\u00e9gprofil<\/h2>\n<p>Az Excess International Movers t\u00f6bb mint 30 \u00e9ve l\u00e9tezik, \u00e9s \u00e9vente t\u00f6bb mint 50 000 sz\u00e1ll\u00edtm\u00e1nyt bonyol\u00edt le nemzetk\u00f6zi \u00e9s helyi szinten egyar\u00e1nt. Azt mondj\u00e1k, hogy b\u00e1rmilyen m\u00e9ret\u0171 k\u00f6lt\u00f6z\u00e9st k\u00e9pesek kezelni, \u00e9s ezt minden \u00e9sszer\u0171 id\u0151kereten bel\u00fcl meg is teszik. Az Excess International Movers azt \u00e1ll\u00edtja, hogy t\u00f6bb mint 25 000 c\u00e9l\u00e1llom\u00e1sra sz\u00e1ll\u00edt vil\u00e1gszerte.<\/p>\n<p>A v\u00e1llalat a k\u00fclf\u00f6ldre k\u00f6lt\u00f6z\u00e9s minden aspektus\u00e1ra kiterjed, az els\u0151 \u00e1raj\u00e1nlatt\u00f3l a c\u00e9lorsz\u00e1gban t\u00f6rt\u00e9n\u0151 leteleped\u00e9si szolg\u00e1ltat\u00e1sokig. Sz\u00e1ll\u00edtm\u00e1nyoz\u00e1si megold\u00e1sokat k\u00edn\u00e1lnak mag\u00e1nszem\u00e9lyek, csal\u00e1dok \u00e9s v\u00e1llalatok sz\u00e1m\u00e1ra, bele\u00e9rtve sz\u00e1mos nagynev\u0171 blue chip v\u00e1llalatot is.<\/p>\n<p>Excess International Movers akkredit\u00e1ci\u00f3k \u00e9s csatlakoz\u00e1sok:<\/p>\n<ul>\n<li> <a href=\"https:\/\/moverdb.com\/hu\/british-association-of-removers\/\">A Brit K\u00f6lt\u00f6ztet\u0151k Sz\u00f6vets\u00e9ge<\/a> (<a href=\"https:\/\/moverdb.com\/hu\/british-association-of-removers\/\" data-internallinksmanager029f6b8e52c=\"9\" title=\"A Brit K\u00f6lt\u00f6ztet\u0151k Sz\u00f6vets\u00e9ge (BAR) magyar\u00e1zata\">BAR<\/a>)<\/li>\n<li> <a href=\"https:\/\/moverdb.com\/hu\/fidi-faim\/\">A Nemzetk\u00f6zi B\u00fatorsz\u00e1ll\u00edt\u00f3k Sz\u00f6vets\u00e9ge<\/a> (<a href=\"https:\/\/moverdb.com\/hu\/fidi-faim\/\" data-internallinksmanager029f6b8e52c=\"16\" title=\"FIDI &amp; FAIM (FIDI akkredit\u00e1lt nemzetk\u00f6zi fuvaroz\u00f3) magyar\u00e1zata\">FIDI<\/a>)<\/li>\n<li> <a href=\"https:\/\/moverdb.com\/hu\/hgfaa\/\">Amerikai H\u00e1ztart\u00e1si \u00c1ruk Sz\u00e1ll\u00edtm\u00e1nyoz\u00f3k Egyes\u00fclete<\/a> (HHGFAA)<\/li>\n<li> <a href=\"https:\/\/moverdb.com\/hu\/fidi-faim\/\">FAIM Plus<\/a><\/li>\n<li> <a href=\"https:\/\/moverdb.com\/hu\/mtc\/\">A Movers Trading Club<\/a> (<a href=\"https:\/\/moverdb.com\/hu\/mtc\/\" data-internallinksmanager029f6b8e52c=\"30\" title=\"Movers Trading Club (MTC) magyar\u00e1zata\">MTC<\/a>)<\/li>\n<li> A <a href=\"https:\/\/moverdb.com\/hu\/en-vagyok\/\">K\u00f6lt\u00f6ztet\u0151k Nemzetk\u00f6zi Sz\u00f6vets\u00e9ge<\/a> (<a href=\"https:\/\/moverdb.com\/hu\/iam\/\" data-internallinksmanager029f6b8e52c=\"23\" title=\"A K\u00f6lt\u00f6ztet\u0151k Nemzetk\u00f6zi Sz\u00f6vets\u00e9ge (IAM) magyar\u00e1zata\">IAM<\/a>)<\/li>\n<li> ISO 9001<\/li>\n<\/ul>\n<h2>Excess International Movers V\u00e9lem\u00e9nyek<\/h2>\n<p><strong>Pozit\u00edv<\/strong><\/p>\n<ul>\n<li> <em>\"Kezdett\u0151l fogva \u00f6r\u00f6m volt az Excess Internationl Movers-szel \u00fczletelni. Nagyon kedvez\u0151 \u00e1rakat k\u00edn\u00e1lnak, \u00e9s v\u00e9gigvezetnek a folyamaton. Az \u00e1tv\u00e9tel \u00e9s a sz\u00e1ll\u00edt\u00e1s z\u00f6kken\u0151mentes volt, \u00e9s nem is lehetn\u00e9k el\u00e9gedettebb a szolg\u00e1ltat\u00e1ssal. Nagyon aj\u00e1nlom.\"<\/em> - Mrs. Sophie Hay via <a href=\"http:\/\/www.excess-international.com\/reviews\" target=\"_blank\" rel=\"noopener\">c\u00e9g\u00e9rt\u00e9kel\u0151 oldal<\/a><\/li>\n<li> <em>\"Ragyog\u00f3 szolg\u00e1ltat\u00e1s az id\u00e9zett\u0151l a haj\u00f3ig. Nagyon aj\u00e1nljuk ezt a c\u00e9get.\"<\/em> - Lisa via <a href=\"https:\/\/uk.trustpilot.com\/reviews\/57bc88a00000ff00097f3cfc\" target=\"_blank\" rel=\"noopener\">Trustpilot<\/a>.<\/li>\n<li> <em>\"Nemr\u00e9g k\u00f6lt\u00f6zt\u00fcnk \u00e1t a <a href=\"https:\/\/moverdb.com\/hu\/moving-to-the-uk\/\" data-internallinksmanager029f6b8e52c=\"93\" title=\"Az Egyes\u00fclt Kir\u00e1lys\u00e1gba k\u00f6lt\u00f6zik? 2022 Meg\u00e9lhet\u00e9si k\u00f6lts\u00e9gek \u00e9s k\u00f6lt\u00f6z\u00e9si tippek\">UK<\/a> a  c\u00edmre. <a href=\"https:\/\/moverdb.com\/hu\/moving-to-canada\/\" data-internallinksmanager029f6b8e52c=\"265\" title=\"K\u00f6lt\u00f6z\u00e9s Kanad\u00e1ba? 2023 \u00c9letk\u00f6lts\u00e9gek \u00e9s k\u00f6lt\u00f6z\u00e9si tippek\">Kanada<\/a>, \u00e9s az Excess International az eg\u00e9sz folyamatot nagyon f\u00e1jdalommentess\u00e9 tette. Az \u00e1raj\u00e1nlat el\u00e9g pontos (a v\u00e9gs\u0151 k\u00f6lts\u00e9g val\u00f3j\u00e1ban valamivel kevesebb lett, mint az eredeti \u00e1raj\u00e1nlat, ami j\u00f3 volt - nem \u00e9rt kellemetlen meglepet\u00e9s az utols\u00f3 pillanatban), a csomagol\u00f3k nagyszer\u0171 munk\u00e1t v\u00e9geztek, \u00e9s Attila sz\u00edvesen v\u00e1laszolt minden k\u00e9rd\u00e9s\u00fcnkre.\"<\/em> - a <a href=\"http:\/\/www.reviewcentre.com\/Removal-Companies\/Excess-International-Movers-www-excess-international-com-review_2391382\" target=\"_blank\" rel=\"noopener\">Fel\u00fclvizsg\u00e1lati k\u00f6zpont<\/a><\/li>\n<li> <em>\"A f\u00e9rfiak, akik a h\u00e1ztart\u00e1si k\u00f6lt\u00f6z\u00e9st \u00e9s a csomagol\u00e1st v\u00e9gezt\u00e9k, abszol\u00fat #1 - els\u0151 oszt\u00e1ly\u00faak voltak mindenben, elk\u00f6telezett kem\u00e9ny munk\u00e1sok \u00e9s nagyon udvariasak.\"<\/em> - Anton via <a href=\"http:\/\/www.shipping-international.com\/companies\/excess-international-movers.html\" target=\"_blank\" rel=\"noopener\">Shipping-International.com<\/a><\/li>\n<\/ul>\n<p><strong>Negat\u00edv<\/strong><\/p>\n<ul>\n<li> <em>\"\u00dagy \u00e9rezt\u00fck, hogy j\u00f3 d\u00f6nt\u00e9st hoztunk, miut\u00e1n beszerezt\u00fcnk n\u00e9h\u00e1ny \u00e1raj\u00e1nlatot, de sajnos a dolgok nem \u00fagy alakultak, ahogy v\u00e1rtuk.\"<\/em> - Lee\/Mrs Alexandria via <a href=\"https:\/\/uk.trustpilot.com\/reviews\/57b38afd0000ff00097cab0e\" target=\"_blank\" rel=\"noopener\">Trustpilot<\/a><\/li>\n<li> <em>\"M\u00e9g mindig van egy probl\u00e9m\u00e1nk az \u00e9v elej\u00e9re (2015) visszamen\u0151leg az EIM-mel, amikor a kont\u00e9ner\u00fcnk meg\u00e9rkezett NZ-be az Egyes\u00fclt Kir\u00e1lys\u00e1gb\u00f3l. Az EIM munkat\u00e1rsai az Egyes\u00fclt Kir\u00e1lys\u00e1gban a saj\u00e1t csomagol\u00f3szalagjukkal ragasztottak le egy lyukat a kont\u00e9ner tetej\u00e9n.\"<\/em> - Robert Snijders via <a href=\"http:\/\/www.removalreviews.co.uk\/movingreviews\/move-from-uk-to-nz-10229\" target=\"_blank\" rel=\"noopener\">Elt\u00e1vol\u00edt\u00e1s V\u00e9lem\u00e9nyek<\/a><\/li>\n<li> <em>\"Sz\u00e1nalmas kiszolg\u00e1l\u00e1s \u00e9s megfelel\u0151 kommunik\u00e1ci\u00f3 n\u00e9lk\u00fcl. Egy\u00e1ltal\u00e1n nem aj\u00e1nlom, hogy ezeket a sr\u00e1cokat haszn\u00e1ljam. Az interakci\u00f3m rendk\u00edv\u00fcl ki\u00e1br\u00e1nd\u00edt\u00f3 \u00e9s frusztr\u00e1l\u00f3 volt.\"<\/em> - a <a href=\"http:\/\/www.reviewcentre.com\/Removal-Companies\/Excess-International-Movers-www-excess-international-com-review_3918175\" target=\"_blank\" rel=\"noopener\">Fel\u00fclvizsg\u00e1lati k\u00f6zpont<\/a><\/li>\n<li> <em>\"Teljesen sz\u00f6rny\u0171 c\u00e9g, akivel foglalkozni kell, olyan \u00e9rz\u00e9s volt, mintha egy behajt\u00f3val besz\u00e9lgetn\u00e9k vel\u00fck telefonon.\" -<br \/>\nWill B. via <a href=\"https:\/\/www.yelp.co.uk\/biz\/excess-international-movers-london-2?hrid=gh9RC6mlebc__fP5wR0Q8g&#038;utm_campaign=www_review_share_popup&#038;utm_medium=copy_link&#038;utm_source=(direct)\" target=\"_blank\" rel=\"noopener\">Yelp<\/a><\/em><\/li>\n<\/ul>\n<div itemprop=\"review\" itemscope itemtype=\"http:\/\/schema.org\/Review\">\n<span itemprop=\"author\" itemscope=\"\" itemtype=\"http:\/\/schema.org\/Organization\"><span itemprop=\"name\">MoverDB.com<\/span><\/span> Online weboldal-fel\u00fclvizsg\u00e1lat a <span itemprop=\"itemreviewed\" itemscope=\"\" itemtype=\"http:\/\/schema.org\/Brand\"><span itemprop=\"name\">T\u00fals\u00falyos nemzetk\u00f6zi k\u00f6lt\u00f6ztet\u0151k<\/span><\/span>:<\/p>\n<ol>\n<li> Egy\u00e9rtelm\u0171 el\u00e9rhet\u0151s\u00e9gek a weboldalon (bele\u00e9rtve a telefonsz\u00e1mot is): <strong>Igen<\/strong><\/li>\n<li> K\u00f6nnyen beszerezhet\u0151 <a href=\"https:\/\/moverdb.com\/hu\/idezi\/\">nemzetk\u00f6zi k\u00f6lt\u00f6ztet\u00e9si \u00e1raj\u00e1nlatok<\/a>? (Online \u00e1raj\u00e1nlatk\u00e9r\u0151 \u0171rlap): <strong>Igen<\/strong><\/li>\n<li> Egy\u00e9rtelm\u0171 inform\u00e1ci\u00f3k a honlapon: <strong>Igen,<\/strong> A weboldalon tal\u00e1lhat\u00f3 inform\u00e1ci\u00f3k meglehet\u0151sen r\u00e9szletesek, \u00e9s a potenci\u00e1lis \u00fcgyfelek sz\u00e1m\u00e1ra j\u00f3 k\u00e9pet adnak a k\u00edn\u00e1latr\u00f3l.<\/li>\n<li> Tags\u00e1g nemzetk\u00f6zi elismert mozgat\u00f3 szervezetekben: <strong>Igen<\/strong>l\u00e1sd fentebb.<\/li>\n<li> \u00dcgyfelek list\u00e1ja \u00e9s\/vagy kor\u00e1bbi v\u00e1s\u00e1rl\u00f3i aj\u00e1nl\u00e1sok: <strong>Igen,<\/strong> Sz\u00e1mos pozit\u00edv \u00fcgyf\u00e9lv\u00e9lem\u00e9ny tal\u00e1lhat\u00f3 a weboldalukon, b\u00e1r a m\u00e1shol tal\u00e1lhat\u00f3 v\u00e9lem\u00e9nyek kicsit vegyesebbek.<\/li>\n<\/ol>\n<div itemprop=\"reviewRating\" itemscope itemtype=\"http:\/\/schema.org\/Rating\"><meta itemprop=\"worstRating\" content = \"0\" \/><meta itemprop=\"bestRating\" content=\"5\" \/><meta itemprop=\"ratingValue\" content=\"4\"><\/div>\n<p><strong>\u00c1ltal\u00e1nos pontsz\u00e1m: 4\/5<\/strong><br \/>\n<strong>Fel\u00fclvizsg\u00e1lat d\u00e1tuma:<\/strong> <span itemprop=\"datePublished\" content=\"2016-09-04\">04\/09\/2016<\/span>\n<\/div>\n<p>Tudjon meg t\u00f6bbet <a href=\"https:\/\/moverdb.com\/hu\/nemzetkozi-koltoztetes\/\">nemzetk\u00f6zi k\u00f6lt\u00f6ztet\u00e9sek<\/a> \u00e9s a mi <a href=\"https:\/\/moverdb.com\/hu\/ertekelesek\/\">fel\u00fclvizsg\u00e1lati folyamat<\/a>.<\/p>\n<p><strong>Weboldal:<\/strong> <a href=\"http:\/\/www.excess-international.com\/\" target=\"_blank\" rel=\"noopener\">http:\/\/www.excess-international.com<\/a><\/p>","protected":false},"excerpt":{"rendered":"<p>Excess International Movers offer corporate clients, individuals and families a wide range of services which are listed below. There also follows a company profile and reviews. International Removals Air, sea or road Door to door service Dedicated service for international relocations A move co-ordinator to organise removals from start to finish and answer any queries [&hellip;]<\/p>\n","protected":false},"author":1,"featured_media":0,"parent":0,"menu_order":0,"comment_status":"closed","ping_status":"closed","template":"","meta":{"_genesis_hide_title":false,"_genesis_hide_breadcrumbs":false,"_genesis_hide_singular_image":false,"_genesis_hide_footer_widgets":false,"_genesis_custom_body_class":"","_genesis_custom_post_class":"","_genesis_layout":"","footnotes":""},"class_list":{"0":"post-944","1":"page","2":"type-page","3":"status-publish","5":"entry"},"_links":{"self":[{"href":"https:\/\/moverdb.com\/hu\/wp-json\/wp\/v2\/pages\/944","targetHints":{"allow":["GET"]}}],"collection":[{"href":"https:\/\/moverdb.com\/hu\/wp-json\/wp\/v2\/pages"}],"about":[{"href":"https:\/\/moverdb.com\/hu\/wp-json\/wp\/v2\/types\/page"}],"author":[{"embeddable":true,"href":"https:\/\/moverdb.com\/hu\/wp-json\/wp\/v2\/users\/1"}],"replies":[{"embeddable":true,"href":"https:\/\/moverdb.com\/hu\/wp-json\/wp\/v2\/comments?post=944"}],"version-history":[{"count":8,"href":"https:\/\/moverdb.com\/hu\/wp-json\/wp\/v2\/pages\/944\/revisions"}],"predecessor-version":[{"id":6207,"href":"https:\/\/moverdb.com\/hu\/wp-json\/wp\/v2\/pages\/944\/revisions\/6207"}],"wp:attachment":[{"href":"https:\/\/moverdb.com\/hu\/wp-json\/wp\/v2\/media?parent=944"}],"curies":[{"name":"wp","href":"https:\/\/api.w.org\/{rel}","templated":true}]}}