{"id":943,"date":"2016-09-03T18:19:36","date_gmt":"2016-09-03T18:19:36","guid":{"rendered":"http:\/\/moverdb.com\/?page_id=943"},"modified":"2026-01-08T15:20:36","modified_gmt":"2026-01-08T15:20:36","slug":"robinsons","status":"publish","type":"page","link":"https:\/\/moverdb.com\/hu\/robinsons\/","title":{"rendered":"Robinsons Relocation: Nemzetk\u00f6zi k\u00f6lt\u00f6ztet\u00e9s \u00e9s k\u00f6lt\u00f6ztet\u00e9s V\u00e9lem\u00e9nyek"},"content":{"rendered":"<p>Robinsons Relocation egy nemzetk\u00f6zi <a href=\"https:\/\/moverdb.com\/hu\/international-removals\/\" data-internallinksmanager029f6b8e52c=\"27\" title=\"36 legjobb nemzetk\u00f6zi k\u00f6lt\u00f6ztet\u0151 c\u00e9gek az Egyes\u00fclt Kir\u00e1lys\u00e1gban\">k\u00f6lt\u00f6ztet\u0151 c\u00e9g<\/a> amelyek sz\u00e1mos szolg\u00e1ltat\u00e1st ny\u00fajtanak \u00fcgyfeleiknek, hogy seg\u00edts\u00e9k \u0151ket a k\u00fclf\u00f6ldre k\u00f6lt\u00f6z\u00e9s\u00fckben. A szolg\u00e1ltat\u00e1sokat az al\u00e1bbiakban felsoroljuk a c\u00e9g profilj\u00e1val \u00e9s \u00e9rt\u00e9kel\u00e9s\u00e9vel egy\u00fctt.<\/p>\n<p><strong>Nemzetk\u00f6zi k\u00f6lt\u00f6ztet\u00e9s<\/strong><\/p>\n<ul>\n<li> Dedik\u00e1lt k\u00f6lt\u00f6z\u00e9si menedzser<\/li>\n<li> Ajt\u00f3t\u00f3l ajt\u00f3ig<\/li>\n<li> \u00d6n\u00e1ll\u00f3an vagy szakszer\u0171en csomagolva<\/li>\n<li> L\u00e9gi vagy tengeri sz\u00e1ll\u00edt\u00e1s <a href=\"https:\/\/moverdb.com\/hu\/kontenerszallitas\/\">nemzetk\u00f6zi kont\u00e9neres sz\u00e1ll\u00edt\u00e1s<\/a><\/li>\n<li> teljes \u00e9s r\u00e9szleges terhel\u00e9s\u0171 opci\u00f3k<\/li>\n<li> Kicsomagol\u00e1s \u00e9s \u00f6sszeszerel\u00e9s<\/li>\n<li> V\u00e1m\u00fcgyi seg\u00edts\u00e9gny\u00fajt\u00e1s<\/li>\n<li> Megszervezett biztos\u00edt\u00e1s<\/li>\n<li> Aut\u00f3sz\u00e1ll\u00edt\u00e1s<\/li>\n<li> H\u00e1zi\u00e1llat-sz\u00e1ll\u00edt\u00e1s<\/li>\n<li> K\u00e9pz\u0151m\u0171v\u00e9szeti \u00e9s r\u00e9gis\u00e9gsz\u00e1ll\u00edt\u00e1s<\/li>\n<li> \u00dczleti \u00e1thelyez\u00e9s<\/li>\n<\/ul>\n<p><strong>K\u00f6lt\u00f6ztet\u00e9si szolg\u00e1ltat\u00e1sok<\/strong><\/p>\n<ul>\n<li> Ter\u00fcletorient\u00e1ci\u00f3<\/li>\n<li> Keres\u00e9s otthon<\/li>\n<li> Iskolai keres\u00e9s<\/li>\n<li> Beilleszked\u00e9si szolg\u00e1ltat\u00e1sok<\/li>\n<li> Folyamatos t\u00e1mogat\u00e1s \u00e9s b\u00e9rleti jogkezel\u00e9s<\/li>\n<li> Indul\u00e1si szolg\u00e1ltat\u00e1sok<\/li>\n<li> V\u00edzum \u00e9s bev\u00e1ndorl\u00e1s<\/li>\n<li> Interkultur\u00e1lis \u00e9s nyelvi<\/li>\n<li> H\u00e1zast\u00e1rsi t\u00e1mogat\u00e1s<\/li>\n<\/ul>\n<p><strong>T\u00e1rol\u00e1s<\/strong><\/p>\n<ul>\n<li> Hossz\u00fa \u00e9s r\u00f6vid t\u00e1v\u00fa<\/li>\n<li> B\u00fator t\u00e1rol\u00e1s<\/li>\n<li> J\u00e1rm\u0171t\u00e1rol\u00e1s<\/li>\n<li> Kereskedelmi t\u00e1rol\u00e1s<\/li>\n<li> Dokumentumok t\u00e1rol\u00e1sa<\/li>\n<li> 8 \u00e1g k\u00f6z\u00fcl v\u00e1laszthat<\/li>\n<li> Professzion\u00e1lisan csomagolva<\/li>\n<li> Automatikus biztos\u00edt\u00e1s<\/li>\n<li> 24 \u00f3r\u00e1s CCTV<\/li>\n<\/ul>\n<p><strong><a href=\"https:\/\/moverdb.com\/hu\/moving-to-the-uk\/\" data-internallinksmanager029f6b8e52c=\"93\" title=\"Az Egyes\u00fclt Kir\u00e1lys\u00e1gba k\u00f6lt\u00f6zik? 2022 Meg\u00e9lhet\u00e9si k\u00f6lts\u00e9gek \u00e9s k\u00f6lt\u00f6z\u00e9si tippek\">UK<\/a> K\u00f6lt\u00f6ztet\u00e9s<\/strong><\/p>\n<ul>\n<li> Ajt\u00f3t\u00f3l ajt\u00f3ig<\/li>\n<li> Teljes k\u00f6r\u0171 szolg\u00e1ltat\u00e1s<\/li>\n<li> \u00dczleti \u00e1thelyez\u00e9s<\/li>\n<\/ul>\n<h2>Robinsons Relocation C\u00e9gprofil<\/h2>\n<p>A Robinsons c\u00e9get 1895-ben alap\u00edtotta Alfred Robinson, \u00e9s a v\u00e1llalat sz\u00e9nsz\u00e1ll\u00edt\u00e1ssal kezdte meg m\u0171k\u00f6d\u00e9s\u00e9t. A verseny nagy volt, ez\u00e9rt Alfred Robinson \u00fagy d\u00f6nt\u00f6tt, hogy \u00e1tt\u00e9r a k\u00f6lt\u00f6ztet\u00e9si \u00fczlet\u00e1gra. <\/p>\n<p>A v\u00e1llalat az 1960-as \u00e9vekben, a t\u00f6meges kiv\u00e1ndorl\u00e1s megjelen\u00e9s\u00e9vel a nemzetk\u00f6zi k\u00f6lt\u00f6ztet\u00e9si tev\u00e9kenys\u00e9gre is kiterjedt. <a href=\"https:\/\/moverdb.com\/hu\/moving-to-australia\/living-in-australia\/\" data-internallinksmanager029f6b8e52c=\"240\" title=\"21 Titkok az Ausztr\u00e1li\u00e1ban \u00e9l\u0151kr\u0151l, hogy tudd, miel\u0151tt elk\u00f6lt\u00f6z\u00f6l\">Ausztr\u00e1lia<\/a>. Alfred Robinson unok\u00e1ja ma a v\u00e1llalat eln\u00f6ke.<\/p>\n<p>A Robinsons az Egyes\u00fclt Kir\u00e1lys\u00e1gban a szem\u00e9lyes cikkek \u00f6t legnagyobb export\u0151re k\u00f6z\u00e9 tartozik. C\u00e9ljuk, hogy \u00fcgyfeleiknek - mag\u00e1n- \u00e9s v\u00e1llalati \u00fcgyfeleknek egyar\u00e1nt - szem\u00e9lyre szabott tervet adjanak, hogy a k\u00f6lt\u00f6z\u00e9s\u00fck k\u00f6nnyed\u00e9n menjen, \u00e9s ne legyenek rejtett k\u00f6lts\u00e9geik. <\/p>\n<p>A v\u00e1llalatnak hat, kifejezetten erre a c\u00e9lra \u00e9p\u00edtett rakt\u00e1ra van az Egyes\u00fclt Kir\u00e1lys\u00e1g f\u0151bb k\u00f6zpontjaiban. Emellett 60 j\u00e1rm\u0171b\u0151l \u00e1ll\u00f3 flott\u00e1val \u00e9s t\u00f6bb mint 150 magasan k\u00e9pzett alkalmazottal rendelkezik.<\/p>\n<p>A Robinsons tags\u00e1gok \u00e9s akkredit\u00e1ci\u00f3k list\u00e1ja:<\/p>\n<ul>\n<li> <a href=\"https:\/\/moverdb.com\/hu\/british-association-of-removers\/\">A Brit K\u00f6lt\u00f6ztet\u0151k Sz\u00f6vets\u00e9ge<\/a> (<a href=\"https:\/\/moverdb.com\/hu\/british-association-of-removers\/\" data-internallinksmanager029f6b8e52c=\"9\" title=\"A Brit K\u00f6lt\u00f6ztet\u0151k Sz\u00f6vets\u00e9ge (BAR) magyar\u00e1zata\">BAR<\/a>)<\/li>\n<li> <a href=\"https:\/\/moverdb.com\/hu\/bar-overseas\/\">A tengerent\u00fali k\u00f6lt\u00f6ztet\u0151k brit sz\u00f6vets\u00e9ge<\/a><\/li>\n<li> Brit Nemzetk\u00f6zi Tehersz\u00e1ll\u00edt\u00e1si Sz\u00f6vets\u00e9g (BIFA)<\/li>\n<li> Vil\u00e1g Megnyugtat\u00e1s<\/li>\n<li> <a href=\"https:\/\/moverdb.com\/hu\/fidi-faim\/\">Nemzetk\u00f6zi B\u00fatorsz\u00e1ll\u00edt\u00f3k Nemzetk\u00f6zi Sz\u00f6vets\u00e9ge<\/a> (<a href=\"https:\/\/moverdb.com\/hu\/fidi-faim\/\" data-internallinksmanager029f6b8e52c=\"16\" title=\"FIDI &amp; FAIM (FIDI akkredit\u00e1lt nemzetk\u00f6zi fuvaroz\u00f3) magyar\u00e1zata\">FIDI<\/a>)<\/li>\n<li> Overseas Moving Network Incorporated (OMNI)<\/li>\n<li> FAIM Plus<\/li>\n<li> <a href=\"https:\/\/moverdb.com\/hu\/eura\/\">EuRA<\/a><\/li>\n<li> ISO 9901:2008<\/li>\n<li> ISO 14001 :2004<\/li>\n<li> A M\u0171v\u00e9szeti \u00e9s Antik Keresked\u0151k Sz\u00f6vets\u00e9ge (LAPADA)<\/li>\n<li> Brit B\u00fatorgy\u00e1rt\u00f3k (BFM)<\/li>\n<\/ul>\n<h2>Robinsons Relocation V\u00e9lem\u00e9nyek<\/h2>\n<p><strong>Pozit\u00edv:<\/strong><\/p>\n<ul>\n<li> <em>\"A Robinsons nagyon t\u00fcrelmes volt az id\u0151nk\u00e9nt \"neh\u00e9z\" utunkon, hogy eljussunk a t\u00e9nyleges k\u00f6lt\u00f6z\u00e9si id\u0151pontig, \u00e9s boldogan egyeztetett velem. Az irodai szem\u00e9lyzet seg\u00edt\u0151k\u00e9sz, szimpatikus \u00e9s bar\u00e1ts\u00e1gos volt. Azt\u00e1n amikor elj\u00f6tt a nap, a fick\u00f3k, akik elj\u00f6ttek, hogy \u00f6sszepakolj\u00e1k a h\u00e1zat a <a href=\"https:\/\/moverdb.com\/hu\/moving-to-the-united-states\/\" data-internallinksmanager029f6b8e52c=\"94\" title=\"Az Egyes\u00fclt \u00c1llamokba k\u00f6lt\u00f6zik? 2022 Meg\u00e9lhet\u00e9si k\u00f6lts\u00e9gek \u00e9s k\u00f6lt\u00f6z\u00e9si tippek\">us<\/a> bar\u00e1ts\u00e1gosak, professzion\u00e1lisak, de mindenekel\u0151tt lelkiismeretesek voltak.\"<\/em> - Charlie K Brisker via <a href=\"https:\/\/uk.trustpilot.com\/reviews\/57c6b04b0000ff000982140f\" target=\"_blank\" rel=\"noopener\">Trustpilot<\/a><\/li>\n<li> <em>\"Kiv\u00e1l\u00f3 tapasztalatunk volt a Robinsons-szal, \u00e9s ez\u00e9rt el\u00e9gg\u00e9 meglep\u0151dtem, amikor l\u00e1ttam egy kor\u00e1bbi v\u00e9lem\u00e9nyt, amely ennek ellenkez\u0151j\u00e9t \u00e1ll\u00edtotta. Saj\u00e1t tapasztalataink szerint m\u00e1r t\u00f6bbsz\u00f6r k\u00f6lt\u00f6zt\u00fcnk a vil\u00e1g k\u00fcl\u00f6nb\u00f6z\u0151 r\u00e9szeire, \u00e9s minden alkalommal a Robinsonsra b\u00edztuk a k\u00f6lt\u00f6ztet\u00e9s\u00fcnket, mi\u00f3ta el\u0151sz\u00f6r haszn\u00e1ltuk \u0151ket m\u00e9g a 90-es \u00e9vekben.\"<\/em> - Aiden Roberts kereszt\u00fcl <a href=\"http:\/\/www.removalreviews.co.uk\/movingreviews\/really-great-service-thank-you-robinsons-6974\" target=\"_blank\" rel=\"noopener\">Elt\u00e1vol\u00edt\u00e1s V\u00e9lem\u00e9nyek<\/a> <\/li>\n<\/ul>\n<p><strong>Negat\u00edv:<\/strong><\/p>\n<ul>\n<li> <em>\"Az els\u0151 k\u00e9t sr\u00e1c, aki meg\u00e9rkezett, fantasztikus volt. Azt\u00e1n m\u00e9g h\u00e1rman \u00e9rkeztek! Bedugt\u00e1k a mobiltelefonjaikat a konnektorainkba, hogy zen\u00e9t b\u00f6mb\u00f6ltessenek!!!! A kisebb t\u00e1rgyak \u00f6sszepakol\u00e1sa nagyszer\u0171 volt! Nem t\u00f6rt el semmi! Azonban a nagyobb t\u00e1rgyakkal kapcsolatos gondoskod\u00e1s \u00e9s tisztelet hi\u00e1nya megd\u00f6bbent\u0151 volt! \"<\/em> - Sharon Card kereszt\u00fcl <a href=\"https:\/\/www.trustpilot.com\/users\/55ed817e0000ff0001d9df65\" target=\"_blank\" rel=\"noopener\">Trustpilot<\/a> <\/li>\n<li> \"<em>N\u00e9mi kutat\u00e1s ut\u00e1n \u00fagy gondoltam, hogy egy j\u00f3 h\u00edr\u0171 c\u00e9get v\u00e1lasztottam a nemzetk\u00f6zi k\u00f6lt\u00f6z\u00e9sem lebonyol\u00edt\u00e1s\u00e1ra. Enn\u00e9l nagyobbat nem is t\u00e9vedhettem volna.\" <\/em>Eric kereszt\u00fcl <a href=\"http:\/\/www.removalreviews.co.uk\/movingreviews\/absolute-disgrace-2741\" target=\"_blank\" rel=\"noopener\">Elt\u00e1vol\u00edt\u00e1s V\u00e9lem\u00e9nyek<\/a> <\/li>\n<\/ul>\n<div itemprop=\"review\" itemscope itemtype=\"http:\/\/schema.org\/Review\">\n<span itemprop=\"author\" itemscope=\"\" itemtype=\"http:\/\/schema.org\/Organization\"><span itemprop=\"name\">MoverDB.com<\/span><\/span> Online weboldal-fel\u00fclvizsg\u00e1lat a <span itemprop=\"itemreviewed\" itemscope=\"\" itemtype=\"http:\/\/schema.org\/Brand\"><span itemprop=\"name\">Robinsons \u00e1thelyez\u00e9s<\/span><\/span>:<\/p>\n<ol>\n<li> Egy\u00e9rtelm\u0171 el\u00e9rhet\u0151s\u00e9gek a weboldalon (bele\u00e9rtve a telefonsz\u00e1mot is): <strong>Igen<\/strong><\/li>\n<li> K\u00f6nnyen beszerezhet\u0151 <a href=\"https:\/\/moverdb.com\/hu\/idezi\/\">nemzetk\u00f6zi k\u00f6lt\u00f6ztet\u00e9si \u00e1raj\u00e1nlatok<\/a>? (Online \u00e1raj\u00e1nlatk\u00e9r\u0151 \u0171rlap): <strong>Igen<\/strong><\/li>\n<li> Egy\u00e9rtelm\u0171 inform\u00e1ci\u00f3k a honlapon: <strong>Igen,<\/strong> j\u00f3 mennyis\u00e9g\u0171 inform\u00e1ci\u00f3 az \u00e1ltaluk k\u00edn\u00e1lt \u00f6sszes szolg\u00e1ltat\u00e1sr\u00f3l.<\/li>\n<li> Tags\u00e1g nemzetk\u00f6zi elismert mozgat\u00f3 szervezetekben: <strong>Igen<\/strong>, sokan l\u00e1sd fentebb.<\/li>\n<li> \u00dcgyfelek list\u00e1ja \u00e9s\/vagy kor\u00e1bbi v\u00e1s\u00e1rl\u00f3i aj\u00e1nl\u00e1sok: <strong>Igen,<\/strong> de nem a honlapjukon, hanem az \u00fcgyfelek hagynak v\u00e9lem\u00e9nyeket a TrustPiloton, ahol nagyon pozit\u00edv \u00e9rt\u00e9kel\u00e9ssel rendelkeznek.<\/li>\n<\/ol>\n<div itemprop=\"reviewRating\" itemscope itemtype=\"http:\/\/schema.org\/Rating\"><meta itemprop=\"worstRating\" content = \"0\" \/><meta itemprop=\"bestRating\" content=\"5\" \/><meta itemprop=\"ratingValue\" content=\"5\"><\/div>\n<p><strong>\u00c1ltal\u00e1nos pontsz\u00e1m: 5\/5<\/strong><br \/>\n<strong>Fel\u00fclvizsg\u00e1lat d\u00e1tuma:<\/strong> <span itemprop=\"datePublished\" content=\"2016-09-03\">03\/09\/2016<\/span>\n<\/div>\n<p>Tudjon meg t\u00f6bbet <a href=\"https:\/\/moverdb.com\/hu\/nemzetkozi-koltoztetes\/\">nemzetk\u00f6zi k\u00f6lt\u00f6ztet\u0151 c\u00e9gek<\/a> \u00e9s a mi <a href=\"https:\/\/moverdb.com\/hu\/ertekelesek\/\">fel\u00fclvizsg\u00e1lati folyamat<\/a>.<\/p>\n<p><strong>Weboldal:<\/strong> <a href=\"http:\/\/www.robinsonsrelo.com\" target=\"_blank\" rel=\"noopener\">http:\/\/www.robinsonsrelo.com<\/a><\/p>","protected":false},"excerpt":{"rendered":"<p>Robinsons Relocation are an international removal company which offer their clients many services to assist them in relocating abroad. The services are listed below together with a company profile and reviews. International Removals Dedicated move manager Door to door Self-packing or professionally packed Air freight or sea freight international container shipping full load and part [&hellip;]<\/p>\n","protected":false},"author":1,"featured_media":0,"parent":0,"menu_order":0,"comment_status":"closed","ping_status":"closed","template":"","meta":{"_genesis_hide_title":false,"_genesis_hide_breadcrumbs":false,"_genesis_hide_singular_image":false,"_genesis_hide_footer_widgets":false,"_genesis_custom_body_class":"","_genesis_custom_post_class":"","_genesis_layout":"","footnotes":""},"class_list":{"0":"post-943","1":"page","2":"type-page","3":"status-publish","5":"entry"},"_links":{"self":[{"href":"https:\/\/moverdb.com\/hu\/wp-json\/wp\/v2\/pages\/943","targetHints":{"allow":["GET"]}}],"collection":[{"href":"https:\/\/moverdb.com\/hu\/wp-json\/wp\/v2\/pages"}],"about":[{"href":"https:\/\/moverdb.com\/hu\/wp-json\/wp\/v2\/types\/page"}],"author":[{"embeddable":true,"href":"https:\/\/moverdb.com\/hu\/wp-json\/wp\/v2\/users\/1"}],"replies":[{"embeddable":true,"href":"https:\/\/moverdb.com\/hu\/wp-json\/wp\/v2\/comments?post=943"}],"version-history":[{"count":5,"href":"https:\/\/moverdb.com\/hu\/wp-json\/wp\/v2\/pages\/943\/revisions"}],"predecessor-version":[{"id":6233,"href":"https:\/\/moverdb.com\/hu\/wp-json\/wp\/v2\/pages\/943\/revisions\/6233"}],"wp:attachment":[{"href":"https:\/\/moverdb.com\/hu\/wp-json\/wp\/v2\/media?parent=943"}],"curies":[{"name":"wp","href":"https:\/\/api.w.org\/{rel}","templated":true}]}}