{"id":942,"date":"2016-09-04T17:22:17","date_gmt":"2016-09-04T17:22:17","guid":{"rendered":"http:\/\/moverdb.com\/?page_id=942"},"modified":"2026-01-08T14:47:57","modified_gmt":"2026-01-08T14:47:57","slug":"city-moving-storage","status":"publish","type":"page","link":"https:\/\/moverdb.com\/hu\/city-moving-storage\/","title":{"rendered":"V\u00e1rosi k\u00f6lt\u00f6ztet\u00e9s \u00e9s rakt\u00e1roz\u00e1s: Nemzetk\u00f6zi K\u00f6lt\u00f6ztet\u00e9sek V\u00e9lem\u00e9nyek"},"content":{"rendered":"<p>A City Moving and Storage mind a tengerent\u00fali, mind a helyi k\u00f6lt\u00f6ztet\u00e9st k\u00edn\u00e1lja mind az \u00fczleti, mind a mag\u00e1n\u00fcgyfelek sz\u00e1m\u00e1ra. A k\u00f6vetkez\u0151kben e szolg\u00e1ltat\u00e1sok list\u00e1ja k\u00f6vetkezik, a c\u00e9g profilj\u00e1val \u00e9s \u00e9rt\u00e9kel\u00e9s\u00e9vel egy\u00fctt.<\/p>\n<p><strong>Megjegyz\u00e9s:<\/strong> A City Moving and Storage nem t\u00e9vesztend\u0151 \u00f6ssze a City Removals-szal, amely egy k\u00fcl\u00f6n\u00e1ll\u00f3 c\u00e9g, amely szint\u00e9n zavar\u00f3 m\u00f3don k\u00edn\u00e1l <a href=\"https:\/\/moverdb.com\/hu\/nemzetkozi-koltoztetes\/\">nemzetk\u00f6zi k\u00f6lt\u00f6ztet\u00e9sek<\/a>.<\/p>\n<p><strong>K\u00f6lt\u00f6ztet\u0151 szolg\u00e1ltat\u00e1sok<\/strong><\/p>\n<ul>\n<li> Kicsomagol\u00e1s \u00e9s t\u00f6rmel\u00e9k elt\u00e1vol\u00edt\u00e1sa Teljes csomagol\u00e1si szolg\u00e1ltat\u00e1s<\/li>\n<li> R\u00e9gis\u00e9gek \u00e9s k\u00e9pz\u0151m\u0171v\u00e9szeti t\u00e1rgyak csomagol\u00e1sa<\/li>\n<li> Tengeri \u00e1rusz\u00e1ll\u00edt\u00e1si szolg\u00e1ltat\u00e1sok LCL (kevesebb, mint kont\u00e9nerrakom\u00e1ny) vagy FCL (teljes kont\u00e9nerrakom\u00e1ny) szerint. <a href=\"https:\/\/moverdb.com\/hu\/kontenerszallitas\/\">kont\u00e9neres sz\u00e1ll\u00edt\u00e1s<\/a>.<\/li>\n<li> Heti k\u00f6lt\u00f6ztet\u0151 teheraut\u00f3 szolg\u00e1ltat\u00e1s Eur\u00f3p\u00e1ba<\/li>\n<li> V\u00e1mkezel\u00e9s \u00e9s alaki k\u00f6vetelm\u00e9nyek<\/li>\n<li> Kicsomagol\u00e1s \u00e9s t\u00f6rmel\u00e9k elt\u00e1vol\u00edt\u00e1sa<\/li>\n<\/ul>\n<p><strong>T\u00e1rol\u00e1si szolg\u00e1ltat\u00e1sok<\/strong><\/p>\n<ul>\n<li> Kont\u00e9nerek rakod\u00e1sa<\/li>\n<li> Csomagol\u00f3tart\u00e1lyok<\/li>\n<li> Kont\u00e9nerek lez\u00e1r\u00e1sa<\/li>\n<li> Kont\u00e9nerek t\u00e1rol\u00e1sa<\/li>\n<\/ul>\n<h2>City Moving and Storage c\u00e9gprofil<\/h2>\n<p>A City Moving and Storage egy korl\u00e1tolt felel\u0151ss\u00e9g\u0171 t\u00e1rsas\u00e1g, amely 1986-ban kezdte meg m\u0171k\u00f6d\u00e9s\u00e9t. Sz\u00e9khelye a <a href=\"https:\/\/moverdb.com\/hu\/moving-to-london\/\">London<\/a> glob\u00e1lis \u00fczleti partnerekkel a vil\u00e1g minden t\u00e1j\u00e1n. A v\u00e1llalat szem\u00e9lyes \u00e9s \u00fczleti t\u00e1rgyakat sz\u00e1ll\u00edt a vil\u00e1g minden t\u00e1j\u00e1ra, \u00e9s b\u00fcszke arra, hogy professzion\u00e1lis, j\u00f3l k\u00e9pzett munkat\u00e1rsai v\u00e9gigk\u00eds\u00e9rik a folyamatot h\u00e1zt\u00f3l h\u00e1zig.<\/p>\n<p>A v\u00e1llalat antikvit\u00e1sok, m\u0171t\u00e1rgyak, zongor\u00e1k \u00e9s aut\u00f3k sz\u00e1ll\u00edt\u00e1s\u00e1ra szakosodott a vil\u00e1g minden t\u00e1j\u00e1ra. Skandin\u00e1vi\u00e1ra szakosodott r\u00e9szleg\u00fck van, heti rendszeress\u00e9ggel indulnak Londonb\u00f3l. Az \u00fcgyfeleket folyamatosan t\u00e1j\u00e9koztatj\u00e1k a k\u00fcldem\u00e9nyekr\u0151l, \u00e9s az \u00fat minden szakasz\u00e1ban \u00e9rtes\u00edtik \u0151ket. <\/p>\n<p>A City Moving and Storage akkredit\u00e1ci\u00f3val rendelkezik:<\/p>\n<ul>\n<li> <a href=\"https:\/\/moverdb.com\/hu\/british-association-of-removers\/\">A Brit K\u00f6lt\u00f6ztet\u0151k Sz\u00f6vets\u00e9ge<\/a> (<a href=\"https:\/\/moverdb.com\/hu\/british-association-of-removers\/\" data-internallinksmanager029f6b8e52c=\"9\" title=\"A Brit K\u00f6lt\u00f6ztet\u0151k Sz\u00f6vets\u00e9ge (BAR) magyar\u00e1zata\">BAR<\/a>)<\/li>\n<li> <a href=\"https:\/\/moverdb.com\/hu\/fidi-faim\/\">A Nemzetk\u00f6zi K\u00f6lt\u00f6ztet\u0151k Sz\u00f6vets\u00e9ge<\/a> (<a href=\"https:\/\/moverdb.com\/hu\/fidi-faim\/\" data-internallinksmanager029f6b8e52c=\"16\" title=\"FIDI &amp; FAIM (FIDI akkredit\u00e1lt nemzetk\u00f6zi fuvaroz\u00f3) magyar\u00e1zata\">FIDI<\/a>)<\/li>\n<li> Min\u0151s\u00e9gbiztos\u00edtott szolg\u00e1ltat\u00e1si szabv\u00e1ny - BS EN 12522<\/li>\n<\/ul>\n<p><strong>V\u00e1rosi k\u00f6lt\u00f6ztet\u00e9s \u00e9s t\u00e1rol\u00e1s V\u00e9lem\u00e9nyek<\/strong><\/p>\n<p>Nem tal\u00e1ltunk sem pozit\u00edv, sem negat\u00edv \u00e9rt\u00e9kel\u00e9st az interneten a City Moving and Storage v\u00e1llalatr\u00f3l.<\/p>\n<div itemprop=\"review\" itemscope itemtype=\"http:\/\/schema.org\/Review\">\n<span itemprop=\"author\" itemscope=\"\" itemtype=\"http:\/\/schema.org\/Organization\"><span itemprop=\"name\">MoverDB.com<\/span><\/span> Online weboldal-fel\u00fclvizsg\u00e1lat a <span itemprop=\"itemreviewed\" itemscope=\"\" itemtype=\"http:\/\/schema.org\/Brand\"><span itemprop=\"name\">V\u00e1rosi k\u00f6lt\u00f6ztet\u00e9s \u00e9s rakt\u00e1roz\u00e1s<\/span><\/span>:<\/p>\n<ol>\n<li> Egy\u00e9rtelm\u0171 el\u00e9rhet\u0151s\u00e9gek a weboldalon (bele\u00e9rtve a telefonsz\u00e1mot is): <strong>Igen<\/strong><\/li>\n<li> K\u00f6nnyen beszerezhet\u0151 <a href=\"https:\/\/moverdb.com\/hu\/idezi\/\">nemzetk\u00f6zi mozg\u00f3 \u00e1raj\u00e1nlatok<\/a>? (Online \u00e1raj\u00e1nlatk\u00e9r\u0151 \u0171rlap): <strong>Alapvet\u0151<\/strong>, van egy kapcsolatfelv\u00e9teli \u0171rlapjuk a honlapjukon, de nem adj\u00e1k meg, hogy k\u00edn\u00e1lnak-e \u00e1raj\u00e1nlatokat.<\/li>\n<li> Egy\u00e9rtelm\u0171 inform\u00e1ci\u00f3k a honlapon: <strong>Nem,<\/strong> A honlapot 2008-ban hozt\u00e1k l\u00e9tre, \u00e9s nagyon keveset \u00e1rul el a v\u00e1llalatr\u00f3l vagy az \u00e1ltaluk k\u00edn\u00e1lt mozg\u00e1sokr\u00f3l.<\/li>\n<li> Tags\u00e1g nemzetk\u00f6zi elismert mozgat\u00f3 szervezetekben: <strong>Igen<\/strong>l\u00e1sd fentebb.<\/li>\n<li> \u00dcgyfelek list\u00e1ja \u00e9s\/vagy kor\u00e1bbi v\u00e1s\u00e1rl\u00f3i aj\u00e1nl\u00e1sok: <strong>Nem,<\/strong> A weboldal tartalma ism\u00e9t minim\u00e1lis, \u00e9s nem tartalmaz semmilyen \u00fcgyf\u00e9lv\u00e9lem\u00e9nyt vagy \u00fcgyf\u00e9llist\u00e1t, tov\u00e1bb\u00e1 \u00fagy t\u0171nik, hogy nem l\u00e9teznek online \u00e9rt\u00e9kel\u00e9sek.<\/li>\n<\/ol>\n<div itemprop=\"reviewRating\" itemscope itemtype=\"http:\/\/schema.org\/Rating\"><meta itemprop=\"worstRating\" content = \"0\" \/><meta itemprop=\"bestRating\" content=\"5\" \/><meta itemprop=\"ratingValue\" content=\"2.5\"><\/div>\n<p><strong>\u00c1ltal\u00e1nos pontsz\u00e1m: 2.5\/5<\/strong><br \/>\n<strong>Fel\u00fclvizsg\u00e1lat d\u00e1tuma:<\/strong> <span itemprop=\"datePublished\" content=\"2016-09-04\">04\/09\/2016<\/span>\n<\/div>\n<p>Tov\u00e1bbi inform\u00e1ci\u00f3 <a href=\"https:\/\/moverdb.com\/hu\/koltozteto-cegek\/\">nemzetk\u00f6zi k\u00f6lt\u00f6ztet\u0151 c\u00e9gek<\/a> \u00e9s a mi <a href=\"https:\/\/moverdb.com\/hu\/ertekelesek\/\">fel\u00fclvizsg\u00e1lati folyamat<\/a>.<\/p>\n<p><strong>Weboldal:<\/strong> <a href=\"http:\/\/www.citymoving.co.uk\" target=\"_blank\" rel=\"noopener\">http:\/\/www.citymoving.co.uk<\/a><\/p>","protected":false},"excerpt":{"rendered":"<p>City Moving and Storage offer both overseas and local moves to both business and private clients. There follows a list of these services, together with a company profile and reviews. Note: City Moving and Storage, should not be confused with City Removals, which is a separate company that also confusingly offers international removals. Moving Services [&hellip;]<\/p>\n","protected":false},"author":1,"featured_media":0,"parent":0,"menu_order":0,"comment_status":"closed","ping_status":"closed","template":"","meta":{"_genesis_hide_title":false,"_genesis_hide_breadcrumbs":false,"_genesis_hide_singular_image":false,"_genesis_hide_footer_widgets":false,"_genesis_custom_body_class":"","_genesis_custom_post_class":"","_genesis_layout":"","footnotes":""},"class_list":{"0":"post-942","1":"page","2":"type-page","3":"status-publish","5":"entry"},"_links":{"self":[{"href":"https:\/\/moverdb.com\/hu\/wp-json\/wp\/v2\/pages\/942","targetHints":{"allow":["GET"]}}],"collection":[{"href":"https:\/\/moverdb.com\/hu\/wp-json\/wp\/v2\/pages"}],"about":[{"href":"https:\/\/moverdb.com\/hu\/wp-json\/wp\/v2\/types\/page"}],"author":[{"embeddable":true,"href":"https:\/\/moverdb.com\/hu\/wp-json\/wp\/v2\/users\/1"}],"replies":[{"embeddable":true,"href":"https:\/\/moverdb.com\/hu\/wp-json\/wp\/v2\/comments?post=942"}],"version-history":[{"count":5,"href":"https:\/\/moverdb.com\/hu\/wp-json\/wp\/v2\/pages\/942\/revisions"}],"predecessor-version":[{"id":6191,"href":"https:\/\/moverdb.com\/hu\/wp-json\/wp\/v2\/pages\/942\/revisions\/6191"}],"wp:attachment":[{"href":"https:\/\/moverdb.com\/hu\/wp-json\/wp\/v2\/media?parent=942"}],"curies":[{"name":"wp","href":"https:\/\/api.w.org\/{rel}","templated":true}]}}