{"id":941,"date":"2016-07-25T11:02:02","date_gmt":"2016-07-25T11:02:02","guid":{"rendered":"http:\/\/moverdb.com\/?page_id=941"},"modified":"2026-01-08T15:30:36","modified_gmt":"2026-01-08T15:30:36","slug":"united-van-lines","status":"publish","type":"page","link":"https:\/\/moverdb.com\/hu\/united-van-lines\/","title":{"rendered":"United Van Lines: V\u00e9lem\u00e9nyek: International Moving Services &amp; Reviews"},"content":{"rendered":"<p>A United Van Lines sz\u00e1mos k\u00f6lt\u00f6ztet\u00e9si szolg\u00e1ltat\u00e1st k\u00edn\u00e1l \u00fcgyfeleinek mind nemzetk\u00f6zi, mind az orsz\u00e1gon bel\u00fcli k\u00f6lt\u00f6ztet\u00e9sek sor\u00e1n. <a href=\"https:\/\/moverdb.com\/hu\/moving-to-the-united-states\/\" data-internallinksmanager029f6b8e52c=\"94\" title=\"Az Egyes\u00fclt \u00c1llamokba k\u00f6lt\u00f6zik? 2022 Meg\u00e9lhet\u00e9si k\u00f6lts\u00e9gek \u00e9s k\u00f6lt\u00f6z\u00e9si tippek\">US<\/a>. Az al\u00e1bbiakban felsoroljuk ezeket a szolg\u00e1ltat\u00e1sokat, valamint a c\u00e9g profilj\u00e1t \u00e9s \u00e9rt\u00e9kel\u00e9seit.<\/p>\n<p><strong>Nemzetk\u00f6zi k\u00f6lt\u00f6z\u00e9sek<\/strong><\/p>\n<ul>\n<li> K\u00f6lt\u00f6z\u00e9s tervez\u00e9se \u00e9s el\u0151k\u00e9sz\u00edt\u00e9se<\/li>\n<li> Sz\u00fcks\u00e9gletfelm\u00e9r\u00e9s \u00e9s becsl\u00e9s<\/li>\n<li> \u00datic\u00e9l el\u0151n\u00e9zeti utaz\u00e1s<\/li>\n<li> Nyelvi k\u00e9pz\u00e9s \u00e9s kultur\u00e1lis orient\u00e1ci\u00f3<\/li>\n<li> Mozg\u00e1sir\u00e1ny\u00edt\u00e1s<\/li>\n<li> Tervez\u00e9si szolg\u00e1ltat\u00e1sok<\/li>\n<li> Nemzetk\u00f6zi tranzit<\/li>\n<li> Nyomon k\u00f6vet\u00e9s \u00e9s sz\u00e1ll\u00edt\u00e1s<\/li>\n<li> Beilleszked\u00e9si szolg\u00e1ltat\u00e1sok - bankok, orvosok stb.<\/li>\n<li> V\u00edzum- \u00e9s bev\u00e1ndorl\u00e1si szolg\u00e1ltat\u00e1sok<\/li>\n<li> \u00dczleti bev\u00e1ndorl\u00e1si elj\u00e1r\u00e1sok<\/li>\n<li> Egy\u00e9ni bev\u00e1ndorl\u00e1si elj\u00e1r\u00e1sok<\/li>\n<li> Lakhat\u00e1si t\u00e1mogat\u00e1s - ideiglenes vagy \u00e1lland\u00f3<\/li>\n<li> H\u00e1zkeres\u0151 szolg\u00e1ltat\u00e1sok<\/li>\n<li> Ideiglenes sz\u00e1ll\u00e1s<\/li>\n<li> Ingatlan- \u00e9s b\u00e9rlem\u00e9nykezel\u00e9s<\/li>\n<li> Csal\u00e1di k\u00f6lt\u00f6z\u00e9si t\u00e1mogat\u00e1s<\/li>\n<li> V\u00edzum- \u00e9s \u00fatlev\u00e9lkezel\u00e9s<\/li>\n<li> Partner\/h\u00e1zast\u00e1rs t\u00e1mogat\u00e1sa<\/li>\n<li> Iskolai seg\u00edts\u00e9gny\u00fajt\u00e1s<\/li>\n<li> Kultur\u00e1lis \u00e9s nyelvi k\u00e9pz\u00e9s<\/li>\n<li> H\u00e1zi\u00e1llat \u00e1thelyez\u00e9s<\/li>\n<li> Biztos\u00edt\u00e1s<\/li>\n<\/ul>\n<p><strong>K\u00f6lt\u00f6zz\u00f6n a Uniteddel<\/strong><\/p>\n<ul>\n<li> Helyi k\u00f6lt\u00f6z\u00e9sek<\/li>\n<li> Nemzetk\u00f6zi k\u00f6lt\u00f6z\u00e9sek<\/li>\n<li> Hossz\u00fa t\u00e1v\u00fa k\u00f6lt\u00f6z\u00e9sek<\/li>\n<li> V\u00e1llalati k\u00f6lt\u00f6z\u00e9sek<\/li>\n<li> Katonai \u00e9s korm\u00e1nyzati l\u00e9p\u00e9sek<\/li>\n<li> Aut\u00f3ipari mozg\u00e1sok<\/li>\n<\/ul>\n<p><strong>Csomagol\u00e1s \u00e9s t\u00e1rol\u00e1s<\/strong><\/p>\n<ul>\n<li> \u00d6ncsomagol\u00f3<\/li>\n<li> Szem\u00e9lyre szabott csomagol\u00e1s<\/li>\n<li> Teljes k\u00f6r\u0171 csomagol\u00e1s<\/li>\n<li> Csomagold ki magad<\/li>\n<li> Szem\u00e9lyre szabott kicsomagol\u00e1s<\/li>\n<li> Teljes kicsomagol\u00e1s<\/li>\n<li> 90 napos tranzitt\u00e1rol\u00e1s<\/li>\n<li> Sz\u00e9f t\u00e1rol\u00e1s<\/li>\n<li> R\u00f6vid \u00e9s hossz\u00fa t\u00e1v\u00fa t\u00e1rol\u00e1s \u00e9s rakt\u00e1roz\u00e1s<\/li>\n<\/ul>\n<h2>United Van Lines c\u00e9gprofil<\/h2>\n<p>A United Van Lines 1928-ban nyitotta meg kapuit Clevelandben Return Loads Service n\u00e9ven, <a href=\"https:\/\/moverdb.com\/hu\/moving-to-the-united-states\/moving-to-ohio\/\" data-internallinksmanager029f6b8e52c=\"409\" title=\"Ohioba k\u00f6lt\u00f6zik? 2023 Lakhat\u00e1si k\u00f6lts\u00e9gek \u00e9s k\u00f6lt\u00f6z\u00e9si tippek\">Ohio<\/a>. A v\u00e1llalat egyre er\u0151sebb\u00e9 v\u00e1lt, \u00e9s a nemzetk\u00f6zi piacra is terjeszkedett. 1995-ben volt az els\u0151 milli\u00e1rd doll\u00e1ros bev\u00e9telt hoz\u00f3 \u00e9ve. <\/p>\n<p>A United Van Lines az #1 a k\u00f6lt\u00f6ztet\u0151k piaci r\u00e9szesed\u00e9se alapj\u00e1n az orsz\u00e1gban.<\/p>\n<p>A Unitednek 340 helyi \u00fcgyn\u00f6ke van orsz\u00e1gszerte, akik k\u00f6lt\u00f6z\u00e9si \u00e9s t\u00e1rol\u00e1si lehet\u0151s\u00e9geket biztos\u00edtanak. A v\u00e1llalat t\u00f6bb mint 1000 profi \u00fcgyn\u00f6k\u00f6t alkalmaz 128 orsz\u00e1gban a nemzetk\u00f6zi k\u00f6lt\u00f6z\u00e9sekhez.<\/p>\n<p>A United Van Lines a k\u00f6vetkez\u0151 akkredit\u00e1ci\u00f3kkal \u00e9s tags\u00e1ggal rendelkezik:<\/p>\n<ul>\n<li> <a href=\"https:\/\/moverdb.com\/hu\/amsa\/\">Amerikai K\u00f6lt\u00f6ztet\u0151 \u00e9s Rakt\u00e1roz\u00e1si Sz\u00f6vets\u00e9g<\/a> (<a href=\"https:\/\/moverdb.com\/hu\/amsa\/\" data-internallinksmanager029f6b8e52c=\"5\" title=\"Az Amerikai K\u00f6lt\u00f6ztet\u0151 \u00e9s T\u00e1rol\u00f3 Sz\u00f6vets\u00e9g (AMSA) magyar\u00e1zata\">AMSA<\/a>)<\/li>\n<li> <a href=\"https:\/\/moverdb.com\/hu\/felni-elorejelzo\/\">ProMover<\/a> (AMSA)<\/li>\n<li> Nemzeti min\u0151s\u00e9gbiztos\u00edt\u00e1s USA ISO 9001 2008<\/li>\n<li> <a href=\"https:\/\/moverdb.com\/hu\/canadian-association-of-movers\/\">Kanadai K\u00f6lt\u00f6ztet\u0151k Sz\u00f6vets\u00e9ge<\/a> (<a href=\"https:\/\/moverdb.com\/hu\/canadian-association-of-movers\/\" data-internallinksmanager029f6b8e52c=\"11\" title=\"A Kanadai K\u00f6lt\u00f6ztet\u0151k Sz\u00f6vets\u00e9ge (CAM) magyar\u00e1zata\">CAM<\/a>)<\/li>\n<\/ul>\n<h2>United Van Lines V\u00e9lem\u00e9nyek<\/h2>\n<p><strong>Pozit\u00edv:<\/strong><\/p>\n<ul>\n<li> \"<em>A United Van Lines \u00e9s helyi partnereik csod\u00e1latosak voltak.\"<\/em> - Julia via <a href=\"http:\/\/www.yelp.com\/user_details?userid=nPUhNLstAOJEWjHLAb1rpA\" target=\"_blank\" rel=\"noopener\">Yelp<\/a><\/li>\n<li> \"<em>Ha Omah\u00e1ba k\u00f6lt\u00f6zik, tartozik mag\u00e1nak annyival, hogy ezt a c\u00e9get haszn\u00e1lja.\"<\/em> - Dean S kereszt\u00fcl <a href=\"http:\/\/www.movingcompanyreviews.com\/MO\/Fenton\/united-van-lines-llc-61144\" target=\"_blank\" rel=\"noopener\">MovingCompanyReviews.com<\/a><\/li>\n<\/ul>\n<p><strong>Negat\u00edv:<\/strong><\/p>\n<ul>\n<li> \"<em>Sz\u00f6rny\u0171 \u00fcgyf\u00e9lszolg\u00e1lat.\"<\/em> - Ally kereszt\u00fcl <a href=\"http:\/\/www.yelp.com\/user_details?userid=ab4N7Z9Che1cq3g-QrONUw\" target=\"_blank\" rel=\"noopener\">Yelp<\/a> <\/li>\n<li> \"<em>R\u00e9m\u00e1lom. John Silvernail-lal dolgoztunk a Corrigan United-t\u0151l, hogy a csal\u00e1dunkat \u00e1tk\u00f6lt\u00f6ztess\u00fck a <a href=\"https:\/\/moverdb.com\/hu\/moving-to-the-united-states\/moving-to-colorado\/\" data-internallinksmanager029f6b8e52c=\"399\" title=\"Colorad\u00f3ba k\u00f6lt\u00f6zik? 2023 Lakhat\u00e1si k\u00f6lts\u00e9gek \u00e9s k\u00f6lt\u00f6z\u00e9si tippek\">Colorado<\/a> a  c\u00edmre. <a href=\"https:\/\/moverdb.com\/hu\/moving-to-the-united-states\/moving-to-california\/\" data-internallinksmanager029f6b8e52c=\"330\" title=\"Kaliforni\u00e1ba k\u00f6lt\u00f6zik? 2023 \u00c9letk\u00f6lts\u00e9gek \u00e9s k\u00f6lt\u00f6z\u00e9si tippek\">Kalifornia<\/a> 2014 j\u00fanius\u00e1ban.\"<\/em> - Gaea M kereszt\u00fcl <a href=\"http:\/\/www.movingcompanyreviews.com\/MO\/Fenton\/united-van-lines-llc-61144\" target=\"_blank\" rel=\"noopener\">MovingCompanyReviews.com<\/a><\/li>\n<\/ul>\n<div itemprop=\"review\" itemscope itemtype=\"http:\/\/schema.org\/Review\">\n<span itemprop=\"author\" itemscope=\"\" itemtype=\"http:\/\/schema.org\/Organization\"><span itemprop=\"name\">MoverDB.com<\/span><\/span> Online weboldal-fel\u00fclvizsg\u00e1lat a <span itemprop=\"itemreviewed\" itemscope=\"\" itemtype=\"http:\/\/schema.org\/Brand\"><span itemprop=\"name\">United Van Lines<\/span><\/span>:<\/p>\n<ol>\n<li> Egy\u00e9rtelm\u0171 el\u00e9rhet\u0151s\u00e9gek a weboldalon (bele\u00e9rtve a telefonsz\u00e1mot is): <strong>Igen<\/strong><\/li>\n<li> K\u00f6nnyen beszerezhet\u0151 <a href=\"https:\/\/moverdb.com\/hu\/idezi\/\">nemzetk\u00f6zi mozg\u00f3 \u00e1raj\u00e1nlatok<\/a>? (Online \u00e1raj\u00e1nlatk\u00e9r\u0151 \u0171rlap): <strong>Igen<\/strong><\/li>\n<li> Egy\u00e9rtelm\u0171 inform\u00e1ci\u00f3k a honlapon: <strong>Igen.<\/strong> A honlapon vil\u00e1gosan szerepel a v\u00e1llalat \u00e1ltal k\u00edn\u00e1lt \u00f6sszes szolg\u00e1ltat\u00e1s.<\/li>\n<li> Tags\u00e1g nemzetk\u00f6zi elismert mozgat\u00f3 szervezetekben: <strong>Igen<\/strong>, (l\u00e1sd fent)<\/li>\n<li> \u00dcgyfelek list\u00e1ja \u00e9s\/vagy kor\u00e1bbi v\u00e1s\u00e1rl\u00f3i aj\u00e1nl\u00e1sok. <strong>Igen,<\/strong> A Burke Inc. f\u00fcggetlen\u00fcl ellen\u0151rizte a v\u00e1llalat \u00fcgyf\u00e9l-el\u00e9gedetts\u00e9gi lapjait, \u00e9s ezek alapj\u00e1n a v\u00e1llalat \u00fcgyf\u00e9l-el\u00e9gedetts\u00e9gi mutat\u00f3ja az 5-b\u0151l 4,22.<\/li>\n<\/ol>\n<div itemprop=\"reviewRating\" itemscope itemtype=\"http:\/\/schema.org\/Rating\"><meta itemprop=\"worstRating\" content = \"0\" \/><meta itemprop=\"bestRating\" content=\"5\" \/><meta itemprop=\"ratingValue\" content=\"5\"><\/div>\n<p><strong>\u00c1ltal\u00e1nos pontsz\u00e1m: 5\/5<\/strong><br \/>\n<strong>Fel\u00fclvizsg\u00e1lat d\u00e1tuma:<\/strong> <span itemprop=\"datePublished\" content=\"2016-07-25\">25\/07\/2016<\/span>\n<\/div>\n<p>Tov\u00e1bbi inform\u00e1ci\u00f3 <a href=\"https:\/\/moverdb.com\/hu\/koltozteto-cegek\/\">nemzetk\u00f6zi k\u00f6lt\u00f6ztet\u0151 c\u00e9gek<\/a>, <a href=\"https:\/\/moverdb.com\/hu\/us-canada-movers\/\">hazai k\u00f6lt\u00f6ztet\u0151 c\u00e9gek<\/a> \u00e9s a mi <a href=\"https:\/\/moverdb.com\/hu\/ertekelesek\/\">a fel\u00fclvizsg\u00e1lati folyamat magyar\u00e1zata<\/a>.<\/p>\n<p><strong>Weboldalak:<\/strong> USA: <a href=\"http:\/\/www.unitedvanlines.com\/\" target=\"_blank\" rel=\"noopener\">http:\/\/www.unitedvanlines.com\/<\/a>; <a href=\"https:\/\/moverdb.com\/hu\/moving-to-canada\/\" data-internallinksmanager029f6b8e52c=\"265\" title=\"K\u00f6lt\u00f6z\u00e9s Kanad\u00e1ba? 2023 \u00c9letk\u00f6lts\u00e9gek \u00e9s k\u00f6lt\u00f6z\u00e9si tippek\">Kanada<\/a>: <a href=\"http:\/\/www.uvl.ca\/\" target=\"_blank\" rel=\"noopener\">http:\/\/www.uvl.ca\/<\/a> <\/p>","protected":false},"excerpt":{"rendered":"<p>United Van Lines offers its clients many moving services both international and within the US. Below is a list of these services, plus a company profile and reviews. International Moves Move planning and preparation Needs assessment and estimate Destination preview trip Language training and cultural orientation Move management Planning services International transit Tracking and delivery [&hellip;]<\/p>\n","protected":false},"author":1,"featured_media":0,"parent":0,"menu_order":0,"comment_status":"closed","ping_status":"closed","template":"","meta":{"_genesis_hide_title":false,"_genesis_hide_breadcrumbs":false,"_genesis_hide_singular_image":false,"_genesis_hide_footer_widgets":false,"_genesis_custom_body_class":"","_genesis_custom_post_class":"","_genesis_layout":"","footnotes":""},"class_list":{"0":"post-941","1":"page","2":"type-page","3":"status-publish","5":"entry"},"_links":{"self":[{"href":"https:\/\/moverdb.com\/hu\/wp-json\/wp\/v2\/pages\/941","targetHints":{"allow":["GET"]}}],"collection":[{"href":"https:\/\/moverdb.com\/hu\/wp-json\/wp\/v2\/pages"}],"about":[{"href":"https:\/\/moverdb.com\/hu\/wp-json\/wp\/v2\/types\/page"}],"author":[{"embeddable":true,"href":"https:\/\/moverdb.com\/hu\/wp-json\/wp\/v2\/users\/1"}],"replies":[{"embeddable":true,"href":"https:\/\/moverdb.com\/hu\/wp-json\/wp\/v2\/comments?post=941"}],"version-history":[{"count":10,"href":"https:\/\/moverdb.com\/hu\/wp-json\/wp\/v2\/pages\/941\/revisions"}],"predecessor-version":[{"id":6249,"href":"https:\/\/moverdb.com\/hu\/wp-json\/wp\/v2\/pages\/941\/revisions\/6249"}],"wp:attachment":[{"href":"https:\/\/moverdb.com\/hu\/wp-json\/wp\/v2\/media?parent=941"}],"curies":[{"name":"wp","href":"https:\/\/api.w.org\/{rel}","templated":true}]}}