{"id":940,"date":"2016-09-04T19:16:26","date_gmt":"2016-09-04T19:16:26","guid":{"rendered":"http:\/\/moverdb.com\/?page_id=940"},"modified":"2026-01-08T14:47:53","modified_gmt":"2026-01-08T14:47:53","slug":"btr-international","status":"publish","type":"page","link":"https:\/\/moverdb.com\/hu\/btr-international\/","title":{"rendered":"BTR International: Munkaer\u0151 mobilit\u00e1s: Relocation &amp; Removals V\u00e9lem\u00e9nyek"},"content":{"rendered":"<p>A BTR International sz\u00e1mos szolg\u00e1ltat\u00e1st k\u00edn\u00e1l a v\u00e1llalati vil\u00e1gnak, hogy k\u00fclf\u00f6ldre helyezhess\u00e9k \u00e1t alkalmazottaikat vagy v\u00e1llalkoz\u00e1sukat.<\/p>\n<p><strong>Nemzetk\u00f6zi k\u00f6lt\u00f6ztet\u0151 szolg\u00e1ltat\u00e1sok<\/strong><\/p>\n<ul type=\"circle\">\n<li class=\"m_7262227758002368167MsoListParagraph\"><b>Tan\u00e1csad\u00f3i szolg\u00e1ltat\u00e1sok<\/b><u><\/u><u><\/u>\n<ul type=\"square\">\n<li class=\"m_7262227758002368167MsoListParagraph\">Szakpolitikai tervez\u00e9s \u00e9s fejleszt\u00e9s<u><\/u><u><\/u><\/li>\n<li class=\"m_7262227758002368167MsoListParagraph\">Benchmarking<u><\/u><u><\/u><\/li>\n<li class=\"m_7262227758002368167MsoListParagraph\">Tan\u00e1csad\u00e1s<u><\/u><u><\/u><\/li>\n<\/ul>\n<\/li>\n<li class=\"m_7262227758002368167MsoListParagraph\"><b>Feladatmegad\u00e1s el\u0151tti szolg\u00e1ltat\u00e1sok<u><\/u><u><\/u><\/b>\n<ul type=\"square\">\n<li class=\"m_7262227758002368167MsoListParagraph\">Feladat el\u0151tti tan\u00e1csad\u00e1s<u><\/u><u><\/u><\/li>\n<li class=\"m_7262227758002368167MsoListParagraph\">Kompenz\u00e1ci\u00f3s tervez\u00e9s<u><\/u><u><\/u><\/li>\n<li class=\"m_7262227758002368167MsoListParagraph\">Megb\u00edz\u00e1si k\u00f6lts\u00e9gel\u0151rejelz\u00e9sek<u><\/u><u><\/u><\/li>\n<li class=\"m_7262227758002368167MsoListParagraph\">Megb\u00edz\u00e1si lev\u00e9l el\u0151k\u00e9sz\u00edt\u00e9se<u><\/u><u><\/u><\/li>\n<li class=\"m_7262227758002368167MsoListParagraph\">Ad\u00f3tervez\u00e9s \u00e9s strat\u00e9gia<u><\/u><u><\/u><\/li>\n<li class=\"m_7262227758002368167MsoListParagraph\">Kezdeti kompenz\u00e1ci\u00f3s munkalap sz\u00e1m\u00edt\u00e1sa<u><\/u><u><\/u><\/li>\n<li class=\"m_7262227758002368167MsoListParagraph\">V\u00edzum\/bev\u00e1ndorl\u00e1si koordin\u00e1ci\u00f3<u><\/u><u><\/u><\/li>\n<li class=\"m_7262227758002368167MsoListParagraph\">\u00c9letsz\u00ednvonal-n\u00f6vel\u0151 juttat\u00e1sok jelent\u00e9se<u><\/u><u><\/u><\/li>\n<li class=\"m_7262227758002368167MsoListParagraph\">Kultur\u00e1lis \u00e9s nyelvi k\u00e9pz\u00e9s<u><\/u><u><\/u><\/li>\n<li class=\"m_7262227758002368167MsoListParagraph\">Oktat\u00e1si tan\u00e1csad\u00e1s \u00e9s elhelyez\u00e9s<u><\/u><u><\/u><\/li>\n<li class=\"m_7262227758002368167MsoListParagraph\">Home Marketing t\u00e1mogat\u00e1s<u><\/u><u><\/u><\/li>\n<\/ul>\n<\/li>\n<li class=\"m_7262227758002368167MsoListParagraph\"><b>K\u00f6lts\u00e9gkezel\u00e9s<\/b><u><\/u><u><\/u>\n<ul type=\"square\">\n<li class=\"m_7262227758002368167MsoListParagraph\">K\u00f6lts\u00e9gek ellen\u0151rz\u00e9se \u00e9s kifizet\u00e9se<u><\/u><u><\/u><\/li>\n<li class=\"m_7262227758002368167MsoListParagraph\">K\u00f6zvetlen k\u00f6lts\u00e9gt\u00e9r\u00edt\u00e9s<u><\/u><u><\/u><\/li>\n<li class=\"m_7262227758002368167MsoListParagraph\">R\u00e9szletes egyeztet\u00e9s \u00e9s jelent\u00e9st\u00e9tel<u><\/u><u><\/u><\/li>\n<li class=\"m_7262227758002368167MsoListParagraph\">Glob\u00e1lis mobilit\u00e1si ir\u00e1nyelvek betart\u00e1sa<u><\/u><u><\/u><\/li>\n<li class=\"m_7262227758002368167MsoListParagraph\">Kiv\u00e9tel a politikai k\u00f6lts\u00e9gjelent\u00e9sek al\u00f3l<u><\/u><u><\/u><\/li>\n<\/ul>\n<\/li>\n<li class=\"m_7262227758002368167MsoListParagraph\"><b>Move Management<\/b><u><\/u><u><\/u>\n<ul type=\"square\">\n<li class=\"m_7262227758002368167MsoListParagraph\">Csoportos k\u00f6lt\u00f6z\u00e9s menedzsment<u><\/u><u><\/u><\/li>\n<li class=\"m_7262227758002368167MsoListParagraph\">Egy\u00f6sszeg\u0171 megold\u00e1s<u><\/u><u><\/u><\/li>\n<li class=\"m_7262227758002368167MsoListParagraph\">T\u00e1rol\u00e1si szolg\u00e1ltat\u00e1sok<u><\/u><u><\/u><\/li>\n<li class=\"m_7262227758002368167MsoListParagraph\">Glob\u00e1lis mobilit\u00e1si program<u><\/u><u><\/u><\/li>\n<li class=\"m_7262227758002368167MsoListParagraph\">Nemzetk\u00f6zi sz\u00e1ll\u00edtm\u00e1nyoz\u00e1s<u><\/u><u><\/u><\/li>\n<li class=\"m_7262227758002368167MsoListParagraph\">Biztos\u00edt\u00e1si program<u><\/u><u><\/u><\/li>\n<li class=\"m_7262227758002368167MsoListParagraph\">VIP szolg\u00e1ltat\u00e1sok<u><\/u><u><\/u><\/li>\n<li class=\"m_7262227758002368167MsoListParagraph\">K\u00e9szletgazd\u00e1lkod\u00e1s<u><\/u><u><\/u><\/li>\n<li class=\"m_7262227758002368167MsoListParagraph\">Kereskedelmi k\u00f6lt\u00f6ztet\u00e9s<u><\/u><u><\/u><\/li>\n<li class=\"m_7262227758002368167MsoListParagraph\">H\u00e1zi\u00e1llat k\u00f6lt\u00f6ztet\u00e9si szolg\u00e1ltat\u00e1sok<u><\/u><u><\/u><\/li>\n<\/ul>\n<\/li>\n<li class=\"m_7262227758002368167MsoListParagraph\"><b>C\u00e9l\u00e1llom\u00e1s szolg\u00e1ltat\u00e1sok<\/b><u><\/u><u><\/u>\n<ul type=\"square\">\n<li class=\"m_7262227758002368167MsoListParagraph\">Otthoni keres\u00e9si t\u00e1mogat\u00e1s<u><\/u><u><\/u><\/li>\n<li class=\"m_7262227758002368167MsoListParagraph\">B\u00e9rletkeres\u00e9si t\u00e1mogat\u00e1s<u><\/u><u><\/u><\/li>\n<li class=\"m_7262227758002368167MsoListParagraph\">Iskolakeres\u00e9si t\u00e1mogat\u00e1s<u><\/u><u><\/u><\/li>\n<li class=\"m_7262227758002368167MsoListParagraph\">Ideiglenes \u00e9letvitel<u><\/u><u><\/u><\/li>\n<li class=\"m_7262227758002368167MsoListParagraph\">H\u00e1zast\u00e1rsi karrier-tan\u00e1csad\u00e1s<u><\/u><u><\/u><\/li>\n<li class=\"m_7262227758002368167MsoListParagraph\">B\u00e9rletkezel\u00e9s<u><\/u><u><\/u><\/li>\n<li class=\"m_7262227758002368167MsoListParagraph\">Ingatlankezel\u00e9s<u><\/u><u><\/u><\/li>\n<li class=\"m_7262227758002368167MsoListParagraph\">Beilleszked\u00e9si szolg\u00e1ltat\u00e1sok<u><\/u><u><\/u><\/li>\n<\/ul>\n<\/li>\n<li class=\"m_7262227758002368167MsoListParagraph\"><b>Jelent\u00e9si szolg\u00e1ltat\u00e1sok<\/b><u><\/u><u><\/u>\n<ul type=\"square\">\n<li class=\"m_7262227758002368167MsoListParagraph\">Testreszabott megb\u00edz\u00e1si jelent\u00e9s<u><\/u><u><\/u><\/li>\n<li class=\"m_7262227758002368167MsoListParagraph\">K\u00f6lts\u00e9ggazd\u00e1lkod\u00e1s \u00e9s p\u00e9nz\u00fcgyi \u00e9v v\u00e9gi ad\u00f3<u><\/u><u><\/u><\/li>\n<li class=\"m_7262227758002368167MsoListParagraph\">Kiv\u00e9tel a politika nyomon k\u00f6vet\u00e9se al\u00f3l<u><\/u><u><\/u><\/li>\n<li class=\"m_7262227758002368167MsoListParagraph\">\u00dczleti utasok nyomon k\u00f6vet\u00e9se \u00e9s jelent\u00e9se<u><\/u><u><\/u><\/li>\n<li class=\"m_7262227758002368167MsoListParagraph\">Negyed\u00e9ves \u00e9s \u00e9v v\u00e9gi \u00fcgyf\u00e9l\u00e9rt\u00e9kel\u00e9sek<\/li>\n<\/ul>\n<\/li>\n<\/ul>\n<h2>BTR International C\u00e9gprofil<\/h2>\n<p>A BTR International egy d\u00edjnyertes nemzetk\u00f6zi k\u00f6lt\u00f6ztet\u00e9sszervez\u0151 v\u00e1llalat, amely t\u00f6bb mint 35 \u00e9ves tapasztalattal rendelkezik a munkaer\u0151 mobilit\u00e1sa ter\u00e9n. A BTR International c\u00e9lja, hogy tehermentes\u00edtse a v\u00e1llalat HR oszt\u00e1ly\u00e1t az\u00e1ltal, hogy a k\u00f6lt\u00f6z\u00e9s lehet\u0151 legnagyobb r\u00e9sz\u00e9t megszervezi, \u00e9s t\u00e1mogatja mind a v\u00e1llalatot, mind a k\u00f6lt\u00f6z\u0151 szem\u00e9lyzetet.<\/p>\n<p>A BTR-t 2019-ben felv\u00e1s\u00e1rolta a Writer Corporation, egy glob\u00e1lis szervezet, amely t\u00f6bb mint 60 \u00e9ves k\u00f6lt\u00f6ztet\u00e9si ipar\u00e1gi tapasztalattal rendelkezik. A k\u00f6z\u00f6s munka meger\u0151s\u00edtette glob\u00e1lis h\u00e1l\u00f3zatukat \u00e9s a szolg\u00e1ltat\u00e1s min\u0151s\u00e9g\u00e9t.<\/p>\n<p>Itt tal\u00e1lhat\u00f3 a BTR International akkredit\u00e1ci\u00f3inak \u00e9s tags\u00e1g\u00e1nak list\u00e1ja:<\/p>\n<ul>\n<li><a href=\"https:\/\/moverdb.com\/hu\/british-association-of-removers\/\">A Brit K\u00f6lt\u00f6ztet\u0151k Sz\u00f6vets\u00e9ge<\/a> (<a href=\"https:\/\/moverdb.com\/hu\/british-association-of-removers\/\" data-internallinksmanager029f6b8e52c=\"9\" title=\"A Brit K\u00f6lt\u00f6ztet\u0151k Sz\u00f6vets\u00e9ge (BAR) magyar\u00e1zata\">BAR<\/a>)<\/li>\n<li><a href=\"https:\/\/moverdb.com\/hu\/bar-overseas\/\">A tengerent\u00fali k\u00f6lt\u00f6ztet\u0151k brit sz\u00f6vets\u00e9ge<\/a><\/li>\n<li><a href=\"https:\/\/moverdb.com\/hu\/fidi-faim\/\">Nemzetk\u00f6zi K\u00f6lt\u00f6ztet\u0151k Sz\u00f6vets\u00e9ge<\/a> (<a href=\"https:\/\/moverdb.com\/hu\/fidi-faim\/\" data-internallinksmanager029f6b8e52c=\"16\" title=\"FIDI &amp; FAIM (FIDI akkredit\u00e1lt nemzetk\u00f6zi fuvaroz\u00f3) magyar\u00e1zata\">FIDI<\/a>)<\/li>\n<li><a href=\"https:\/\/moverdb.com\/hu\/fidi-faim\/\">FAIM Plus<\/a><\/li>\n<li><a href=\"https:\/\/moverdb.com\/hu\/en-vagyok\/\">K\u00f6lt\u00f6ztet\u0151k Nemzetk\u00f6zi Sz\u00f6vets\u00e9ge<\/a> (<a href=\"https:\/\/moverdb.com\/hu\/iam\/\" data-internallinksmanager029f6b8e52c=\"23\" title=\"A K\u00f6lt\u00f6ztet\u0151k Nemzetk\u00f6zi Sz\u00f6vets\u00e9ge (IAM) magyar\u00e1zata\">IAM<\/a>)<\/li>\n<li><a href=\"https:\/\/moverdb.com\/hu\/fedemac\/\">FEDEMAC<\/a><\/li>\n<li><a href=\"https:\/\/moverdb.com\/hu\/lacma\/\">LACMA<\/a><\/li>\n<li><a href=\"https:\/\/moverdb.com\/hu\/mtc\/\">A Movers Trading Club<\/a> (<a href=\"https:\/\/moverdb.com\/hu\/mtc\/\" data-internallinksmanager029f6b8e52c=\"30\" title=\"Movers Trading Club (MTC) magyar\u00e1zata\">MTC<\/a>)<\/li>\n<li><a href=\"https:\/\/moverdb.com\/hu\/employee-relocation-council\/\">Vil\u00e1gszerte ERC<\/a><\/li>\n<li><a href=\"https:\/\/moverdb.com\/hu\/association-relocation-professionals\/\">A K\u00f6lt\u00f6ztet\u00e9si Szakemberek Sz\u00f6vets\u00e9ge<\/a> (<a href=\"https:\/\/moverdb.com\/hu\/association-relocation-professionals\/\" data-internallinksmanager029f6b8e52c=\"6\" title=\"A K\u00f6lt\u00f6ztet\u00e9si Szakemberek Sz\u00f6vets\u00e9ge (ARP) magyar\u00e1zata\">ARP<\/a>)<\/li>\n<li><a href=\"https:\/\/moverdb.com\/hu\/eura\/\">Eur\u00f3pai K\u00f6lt\u00f6ztet\u00e9si Sz\u00f6vets\u00e9g<\/a> (<a href=\"https:\/\/moverdb.com\/hu\/eura\/\" data-internallinksmanager029f6b8e52c=\"13\" title=\"Az Eur\u00f3pai K\u00f6lt\u00f6ztet\u00e9si Sz\u00f6vets\u00e9g (EuRA) magyar\u00e1zata\">EuRA<\/a>)<\/li>\n<li>A K\u00fclf\u00f6ldi vezet\u0151k f\u00f3ruma<\/li>\n<li>ISO 9001<\/li>\n<li>ISO 14001<\/li>\n<\/ul>\n<p><strong>BTR International V\u00e9lem\u00e9nyek<\/strong><\/p>\n<p>A v\u00e1llalat sz\u00e1mos pozit\u00edv fel\u00fclvizsg\u00e1latot kapott <a href=\"https:\/\/www.google.com\/search?q=btr+international&#038;rlz=1C1GCEU_en-GBGB955GB973&#038;oq=btr+international&#038;aqs=chrome.0.0i355i512j46i175i199i512j69i59l3j69i60l3.8906j0j7&#038;sourceid=chrome&#038;ie=UTF-8#lrd=0x48764eb31a41d6d7:0xb3d5c304f795d7ad,1,,,\" target=\"_blank\" rel=\"noopener\">itt l\u00e1thatja<\/a>.<\/p>\n<p><strong>Pozit\u00edv<\/strong><\/p>\n<p><em>\"Nem is k\u00e9rhett\u00fcnk volna jobb tapasztalatot a BTR-rel val\u00f3 nemzetk\u00f6zi k\u00f6lt\u00f6z\u00e9s\u00fcnkkel kapcsolatban. A k\u00f6lt\u00f6ztet\u0151 szakemberek mindk\u00e9t oldalon apr\u00f3l\u00e9kosak, kellemesek \u00e9s magasan k\u00e9pzettek voltak. Minden t\u00e1rgyat gondosan becsomagoltak, t\u00e1roltak, \u00e9s a c\u00e9l\u00e1llom\u00e1son az \u00edg\u00e9retnek megfelel\u0151en, hat\u00e1rid\u0151re kicsomagolt\u00e1k\/\u00f6sszeszerelt\u00e9k. A k\u00f6lt\u00f6z\u00e9si koordin\u00e1torunk, Sarah, rendk\u00edv\u00fcl proakt\u00edv, \u00e9rz\u00e9keny \u00e9s figyelmes volt. Kiemelten aj\u00e1nlom!\"<\/em> - Tina Cachules<\/p>\n<p><em>\"Az \u00e9vek sor\u00e1n mindk\u00e9t k\u00f6lt\u00f6z\u00e9s\u00fcnkh\u00f6z ezt a c\u00e9get haszn\u00e1ltuk. Kiv\u00e1l\u00f3nak tal\u00e1ltuk a szolg\u00e1ltat\u00e1sukat. Mindk\u00e9t alkalommal versenyk\u00e9pes \u00e1rk\u00e9pz\u00e9s. Az \u00fcgyf\u00e9lszolg\u00e1latuk nagyon el\u00e9rhet\u0151, a k\u00f6lt\u00f6ztet\u0151 szem\u00e9lyzet\u00fck pedig nagyon rugalmas \u00e9s hat\u00e9kony. Haboz\u00e1s n\u00e9lk\u00fcl aj\u00e1nlom a BTR-t.\"<\/em> - Geoff White<\/p>\n<p><em>\"Mivel a k\u00f6lt\u00f6z\u00e9sem el\u00e9g r\u00f6vid id\u0151re sz\u00f3lt, \u00e9s konkr\u00e9t id\u0151pontokat nem tudtam a BTR-n\u00e9l lefoglalni. De az \u00fcgyn\u00f6k nagyon seg\u00edt\u0151k\u00e9sz volt, \u00e9s tele volt inform\u00e1ci\u00f3kkal \u00e9s tan\u00e1csokkal. A j\u00f6v\u0151ben mindenk\u00e9ppen ig\u00e9nybe venn\u00e9m.\"<\/em> - Rachael<\/p>\n<p><strong>Negat\u00edv:<\/strong><\/p>\n<ul>\n<li><em>\"J\u00f3 els\u0151 tapasztalatunk volt a BTR-rel, mint a h\u00e1ztart\u00e1si \u00e1rusz\u00e1ll\u00edtm\u00e1nyunk k\u00e9zbes\u00edt\u0151j\u00e9vel a <a href=\"https:\/\/moverdb.com\/hu\/moving-to-the-united-states\/\" data-internallinksmanager029f6b8e52c=\"94\" title=\"Az Egyes\u00fclt \u00c1llamokba k\u00f6lt\u00f6zik? 2022 Meg\u00e9lhet\u00e9si k\u00f6lts\u00e9gek \u00e9s k\u00f6lt\u00f6z\u00e9si tippek\">US<\/a> 2011 m\u00e1jus\u00e1ban, de egy 2012 decemberi helyi k\u00f6lt\u00f6z\u00e9s sor\u00e1n egy r\u00e9m\u00e1lom volt.\"<\/em> - Tim Emrich via <a href=\"http:\/\/www.removalreviews.co.uk\/movingreviews\/avoid-these-movers-1874\" target=\"_blank\" rel=\"noopener\">Elt\u00e1vol\u00edt\u00e1s V\u00e9lem\u00e9nyek<\/a><\/li>\n<\/ul>\n<div>\n<p>MoverDB.com Online Weboldal-\u00e9rt\u00e9kel\u00e9s a BTR International sz\u00e1m\u00e1ra:<\/p>\n<ol>\n<li>Egy\u00e9rtelm\u0171 el\u00e9rhet\u0151s\u00e9gek a weboldalon (bele\u00e9rtve a telefonsz\u00e1mot is): <strong>Igen<\/strong><\/li>\n<li>K\u00f6nnyen beszerezhet\u0151 <a href=\"https:\/\/moverdb.com\/hu\/idezi\/\">nemzetk\u00f6zi k\u00f6lt\u00f6ztet\u00e9si \u00e1raj\u00e1nlatok<\/a>? (Online \u00e1raj\u00e1nlatk\u00e9r\u0151 \u0171rlap): <strong>Igen<\/strong><\/li>\n<li>Egy\u00e9rtelm\u0171 inform\u00e1ci\u00f3k a honlapon: <strong>N\u00e9h\u00e1nyan,<\/strong> A weboldal nem tartalmaz sok r\u00e9szletes inform\u00e1ci\u00f3t, \u00e9s kiss\u00e9 neh\u00e9zkes a navig\u00e1ci\u00f3, de az alapvet\u0151 r\u00e9szletek vil\u00e1gosan bemutat\u00e1sra ker\u00fclnek.<\/li>\n<li>Tags\u00e1g nemzetk\u00f6zi elismert mozgat\u00f3 szervezetekben: <strong>Igen<\/strong>l\u00e1sd fentebb.<\/li>\n<li>\u00dcgyfelek list\u00e1ja \u00e9s\/vagy kor\u00e1bbi v\u00e1s\u00e1rl\u00f3i aj\u00e1nl\u00e1sok: <strong>Igen,<\/strong> A honlapon aj\u00e1nl\u00e1sok tal\u00e1lhat\u00f3k<\/li>\n<\/ol>\n<div>&nbsp;<\/div>\n<p><strong>\u00c1ltal\u00e1nos pontsz\u00e1m: 4.5\/5<\/strong><br \/>\n<strong>Fel\u00fclvizsg\u00e1lat d\u00e1tuma:<\/strong>03\/04\/2023<\/p>\n<\/div>\n<p>Tov\u00e1bbi inform\u00e1ci\u00f3 <a href=\"https:\/\/moverdb.com\/hu\/nemzetkozi-koltoztetes\/\">nemzetk\u00f6zi k\u00f6lt\u00f6ztet\u0151 c\u00e9gek<\/a> \u00e9s a mi <a href=\"https:\/\/moverdb.com\/hu\/ertekelesek\/\">fel\u00fclvizsg\u00e1lati folyamat<\/a>.<\/p>\n<p><strong>Weboldal:<\/strong> <a href=\"https:\/\/www.btrinternational.com\/\" target=\"_blank\" rel=\"noopener\">https:\/\/www.btrinternational.com\/<\/a><\/p>","protected":false},"excerpt":{"rendered":"<p>BTR International offers the corporate world many services in order for them to relocate their staff or their business abroad. International Moving Services Consulting Services Policy Design &amp; Development Benchmarking Counselling Pre-Assignment Services Pre-Assignment Counselling Compensation Planning Assignment Cost Projections Assignment Letter Preparation Tax Planning &amp; Strategy Initial Compensation Worksheet Calculation Visa\/Immigration Co-ordination Cost Of [&hellip;]<\/p>\n","protected":false},"author":1,"featured_media":0,"parent":0,"menu_order":0,"comment_status":"closed","ping_status":"closed","template":"","meta":{"_genesis_hide_title":false,"_genesis_hide_breadcrumbs":false,"_genesis_hide_singular_image":false,"_genesis_hide_footer_widgets":false,"_genesis_custom_body_class":"","_genesis_custom_post_class":"","_genesis_layout":"","footnotes":""},"class_list":{"0":"post-940","1":"page","2":"type-page","3":"status-publish","5":"entry"},"_links":{"self":[{"href":"https:\/\/moverdb.com\/hu\/wp-json\/wp\/v2\/pages\/940","targetHints":{"allow":["GET"]}}],"collection":[{"href":"https:\/\/moverdb.com\/hu\/wp-json\/wp\/v2\/pages"}],"about":[{"href":"https:\/\/moverdb.com\/hu\/wp-json\/wp\/v2\/types\/page"}],"author":[{"embeddable":true,"href":"https:\/\/moverdb.com\/hu\/wp-json\/wp\/v2\/users\/1"}],"replies":[{"embeddable":true,"href":"https:\/\/moverdb.com\/hu\/wp-json\/wp\/v2\/comments?post=940"}],"version-history":[{"count":8,"href":"https:\/\/moverdb.com\/hu\/wp-json\/wp\/v2\/pages\/940\/revisions"}],"predecessor-version":[{"id":8598,"href":"https:\/\/moverdb.com\/hu\/wp-json\/wp\/v2\/pages\/940\/revisions\/8598"}],"wp:attachment":[{"href":"https:\/\/moverdb.com\/hu\/wp-json\/wp\/v2\/media?parent=940"}],"curies":[{"name":"wp","href":"https:\/\/api.w.org\/{rel}","templated":true}]}}