{"id":939,"date":"2016-09-23T06:49:42","date_gmt":"2016-09-23T06:49:42","guid":{"rendered":"http:\/\/moverdb.com\/?page_id=939"},"modified":"2026-01-08T13:18:21","modified_gmt":"2026-01-08T13:18:21","slug":"gerson-relocation","status":"publish","type":"page","link":"https:\/\/moverdb.com\/hu\/gerson-relocation\/","title":{"rendered":"Gerson \u00e1thelyez\u00e9s: Gerson International Moving &amp; Removals Reviews"},"content":{"rendered":"<p>A Gerson Relocation sz\u00e1mos szolg\u00e1ltat\u00e1st k\u00edn\u00e1l \u00fcgyfeleinek, ak\u00e1r k\u00fclf\u00f6ldre, ak\u00e1r helyben k\u00f6lt\u00f6znek. A k\u00edn\u00e1lt szolg\u00e1ltat\u00e1sok list\u00e1j\u00e1t a c\u00e9g profilja \u00e9s az \u00e9rt\u00e9kel\u00e9sek k\u00f6vetik.<\/p>\n<p><strong>V\u00e1llalati szolg\u00e1ltat\u00e1sok\/t\u00e1mogat\u00e1s<\/strong><\/p>\n<ul>\n<li> Dedik\u00e1lt k\u00f6lt\u00f6z\u00e9si menedzser a k\u00f6lt\u00f6z\u00e9s koordin\u00e1l\u00e1s\u00e1ra<\/li>\n<li> Szakmai felm\u00e9r\u00e9s<\/li>\n<li> Csomagol\u00e1s<\/li>\n<li> <a href=\"https:\/\/moverdb.com\/hu\/kontenerszallitas\/\">Tengeri, l\u00e9gi vagy k\u00f6z\u00fati sz\u00e1ll\u00edt\u00e1s<\/a><\/li>\n<li> Kicsomagol\u00e1s, ha sz\u00fcks\u00e9ges<\/li>\n<li> Takar\u00edtsa el a csomagol\u00f3anyagot \u00fajrahasznos\u00edt\u00e1s c\u00e9lj\u00e1b\u00f3l<\/li>\n<li> Sz\u00fcks\u00e9g eset\u00e9n t\u00e1rol\u00e1s<\/li>\n<li> Biztos\u00edt\u00e1s<\/li>\n<\/ul>\n<p><strong>Szem\u00e9lyre szabott k\u00f6lt\u00f6z\u00e9si megold\u00e1sok<\/strong><\/p>\n<ul>\n<li> Inform\u00e1ci\u00f3s csomagok<\/li>\n<li> Kultur\u00e1lis k\u00e9pz\u00e9s<\/li>\n<li> T\u00e1j\u00e9koz\u00f3d\u00e1s\/n\u00e9z\u00e9s L\u00e1togat\u00e1sok<\/li>\n<li> Oktat\u00e1si tan\u00e1csad\u00e1s<\/li>\n<li> Ideiglenes sz\u00e1ll\u00e1s<\/li>\n<li> Keres\u00e9s otthon<\/li>\n<li> B\u00e9rleti t\u00e1rgyal\u00e1sok<\/li>\n<li> Bejelentkez\u00e9s \/ kijelentkez\u00e9s az ingatlanokb\u00f3l<\/li>\n<li> B\u00fatorb\u00e9rl\u00e9s<\/li>\n<li> Beilleszked\u00e9s<\/li>\n<li> Partneri seg\u00edts\u00e9gny\u00fajt\u00e1s<\/li>\n<li> Nyelvi k\u00e9pz\u00e9s<\/li>\n<\/ul>\n<p><strong>Mag\u00e1n k\u00f6lt\u00f6z\u00e9s<\/strong><\/p>\n<ul>\n<li> Dedik\u00e1lt k\u00f6lt\u00f6z\u00e9si menedzser<\/li>\n<li> Felm\u00e9r\u00e9s<\/li>\n<li> Professzion\u00e1lis csomagol\u00e1s<\/li>\n<li> Ing\u00f3s\u00e1gok tengeri, l\u00e9gi vagy k\u00f6z\u00fati sz\u00e1ll\u00edt\u00e1sa<\/li>\n<li> V\u00e1mkezel\u00e9s<\/li>\n<li> A holmik kipakol\u00e1sa<\/li>\n<li> A csomagol\u00f3anyagok \u00fajrahasznos\u00edt\u00e1sa<\/li>\n<li> T\u00e1rol\u00e1s, ha sz\u00fcks\u00e9ges<\/li>\n<li> Megszervezett biztos\u00edt\u00e1s<\/li>\n<\/ul>\n<p><strong>T\u00e1rol\u00e1si szolg\u00e1ltat\u00e1sok<\/strong><\/p>\n<ul>\n<li> Teljes k\u00f6r\u0171 t\u00e1rol\u00e1si szolg\u00e1ltat\u00e1s<\/li>\n<li> Self-storage<\/li>\n<li> T\u00e1rol\u00e1s a di\u00e1kok sz\u00e1m\u00e1ra<\/li>\n<li> Kereskedelmi t\u00e1rol\u00e1s<\/li>\n<li> R\u00f6vid vagy hossz\u00fa t\u00e1v\u00fa<\/li>\n<li> 24 \u00f3r\u00e1s CCTV<\/li>\n<\/ul>\n<h2>Gerson Relocation C\u00e9gprofil<\/h2>\n<p>A Gerson Relocation 1961-ben alakult, \u00e9s c\u00e9lja, hogy olyan szem\u00e9lyre szabott szolg\u00e1ltat\u00e1st ny\u00fajtson \u00fcgyfeleinek, amely m\u00e1s szervezetekn\u00e9l nem tal\u00e1lhat\u00f3 meg. A v\u00e1llalat ezt szigor\u00fa min\u0151s\u00e9gellen\u0151rz\u00e9ssel \u00e9s professzion\u00e1lis, j\u00f3l k\u00e9pzett munkat\u00e1rsakkal \u00e9ri el, akik k\u00f6z\u00fcl n\u00e9h\u00e1nyan m\u00e1r \u00e9vtizedek \u00f3ta a v\u00e1llalatn\u00e1l dolgoznak.<\/p>\n<p>A Gerson Relocation arra is t\u00f6rekszik, hogy v\u00e1llalkoz\u00e1s\u00e1t tiszta \u00e9s k\u00f6rnyezettudatos m\u00f3don m\u0171k\u00f6dtesse. H\u00e1rom j\u00f3t\u00e9konys\u00e1gi szervezetet t\u00e1mogatnak, \u00e9s k\u00e9t nap fizetett szabads\u00e1got adnak alkalmazottaiknak, hogy \u0151k is hozz\u00e1j\u00e1rulhassanak ezekhez az \u00fcgyekhez.<\/p>\n<p>Ma a Gerson Relocation a Gerson Relocation le\u00e1nyv\u00e1llalata. <a href=\"https:\/\/moverdb.com\/hu\/abels-removals\/\">Abels K\u00f6lt\u00f6ztet\u0151 szolg\u00e1ltat\u00e1sok<\/a> Ltd, amely egy rendk\u00edv\u00fcl sikeres csal\u00e1di v\u00e1llalkoz\u00e1s, amely 1988-ban elnyerte a kir\u00e1lyn\u0151 kir\u00e1lyi enged\u00e9ly\u00e9t. Az \u00fcgyfeleknek kik\u00fcld\u00f6tt k\u00e9rd\u0151\u00edvek alapj\u00e1n a v\u00e1llalat 2015-ben \u00e9s 2016-ban 98% \u00fcgyf\u00e9l-el\u00e9gedetts\u00e9gi min\u0151s\u00edt\u00e9st \u00e9rt el.<\/p>\n<p>Gerson Relocation akkredit\u00e1ci\u00f3k \u00e9s csatlakoz\u00e1sok: <\/p>\n<ul>\n<li> <a href=\"https:\/\/moverdb.com\/hu\/british-association-of-removers\/\">A Brit K\u00f6lt\u00f6ztet\u0151k Sz\u00f6vets\u00e9ge<\/a> (<a href=\"https:\/\/moverdb.com\/hu\/british-association-of-removers\/\" data-internallinksmanager029f6b8e52c=\"9\" title=\"A Brit K\u00f6lt\u00f6ztet\u0151k Sz\u00f6vets\u00e9ge (BAR) magyar\u00e1zata\">BAR<\/a>)<\/li>\n<li> <a href=\"https:\/\/moverdb.com\/hu\/harmony-relocation-network\/\">Harmony Relocation Network<\/a> (<a href=\"https:\/\/moverdb.com\/hu\/harmony-relocation-network\/\" data-internallinksmanager029f6b8e52c=\"20\" title=\"A Harmony Relocation Network (HRN) magyar\u00e1zata\">HRN<\/a>)<\/li>\n<li> <a href=\"https:\/\/moverdb.com\/hu\/eura\/\">Eur\u00f3pai K\u00f6lt\u00f6ztet\u00e9si Sz\u00f6vets\u00e9g<\/a> (<a href=\"https:\/\/moverdb.com\/hu\/eura\/\" data-internallinksmanager029f6b8e52c=\"13\" title=\"Az Eur\u00f3pai K\u00f6lt\u00f6ztet\u00e9si Sz\u00f6vets\u00e9g (EuRA) magyar\u00e1zata\">EuRA<\/a>)<\/li>\n<li> <a href=\"https:\/\/moverdb.com\/hu\/fidi-faim\/\">FIDI<\/a><\/li>\n<li> <a href=\"https:\/\/moverdb.com\/hu\/fidi-faim\/\" data-internallinksmanager029f6b8e52c=\"16\" title=\"FIDI &amp; FAIM (FIDI akkredit\u00e1lt nemzetk\u00f6zi fuvaroz\u00f3) magyar\u00e1zata\">FAIM<\/a><\/li>\n<li> <a href=\"https:\/\/moverdb.com\/hu\/mtc\/\">A Movers Trading Club<\/a> (<a href=\"https:\/\/moverdb.com\/hu\/mtc\/\" data-internallinksmanager029f6b8e52c=\"30\" title=\"Movers Trading Club (MTC) magyar\u00e1zata\">MTC<\/a>)<\/li>\n<\/ul>\n<h2>Gerson Relocation V\u00e9lem\u00e9nyek<\/h2>\n<p><strong>Pozit\u00edv<\/strong><\/p>\n<ul>\n<li>  \"<em>Nem is k\u00e9rhett\u00fcnk volna jobb szolg\u00e1ltat\u00e1st a k\u00f6lt\u00f6ztet\u0151 csapatt\u00f3l.\"<\/em> - Mrs K. L. via <a href=\"http:\/\/www.gersonrelocation.com\/voice-of-the-customer\/\" target=\"_blank\" rel=\"noopener\">Boldog \u00fcgyfelek oldal<\/a> <\/li>\n<\/ul>\n<p><strong>Negat\u00edv<\/strong><\/p>\n<p>Nem tal\u00e1ltunk negat\u00edv \u00e9rt\u00e9kel\u00e9st a Gerson Relocation online.<\/p>\n<div itemprop=\"review\" itemscope itemtype=\"http:\/\/schema.org\/Review\">\n<span itemprop=\"author\" itemscope=\"\" itemtype=\"http:\/\/schema.org\/Organization\"><span itemprop=\"name\">MoverDB.com<\/span><\/span> Online weboldal-fel\u00fclvizsg\u00e1lat a <span itemprop=\"itemreviewed\" itemscope=\"\" itemtype=\"http:\/\/schema.org\/Brand\"><span itemprop=\"name\">Gerson \u00e1thelyez\u00e9s<\/span><\/span>:<\/p>\n<ol>\n<li> Egy\u00e9rtelm\u0171 el\u00e9rhet\u0151s\u00e9gek a weboldalon (bele\u00e9rtve a telefonsz\u00e1mot is): <strong>Igen<\/strong><\/li>\n<li> K\u00f6nnyen beszerezhet\u0151 <a href=\"https:\/\/moverdb.com\/hu\/idezi\/\">nemzetk\u00f6zi k\u00f6lt\u00f6ztet\u00e9si \u00e1raj\u00e1nlatok<\/a>? (Online \u00e1raj\u00e1nlatk\u00e9r\u0151 \u0171rlap): <strong>Igen<\/strong><\/li>\n<li> Egy\u00e9rtelm\u0171 inform\u00e1ci\u00f3k a honlapon: <strong>Igen,<\/strong> A weboldal meglehet\u0151sen r\u00e9szletes, \u00e9s a leend\u0151 \u00fcgyfelek sz\u00e1m\u00e1ra j\u00f3 k\u00e9pet ad arr\u00f3l, hogy milyen szolg\u00e1ltat\u00e1sokra sz\u00e1m\u00edthatnak.<\/li>\n<li> Tags\u00e1g nemzetk\u00f6zi elismert mozgat\u00f3 szervezetekben: <strong>Igen<\/strong><\/li>\n<li> \u00dcgyfelek list\u00e1ja \u00e9s\/vagy kor\u00e1bbi v\u00e1s\u00e1rl\u00f3i aj\u00e1nl\u00e1sok: <strong>Igen<\/strong>, A weboldalon sz\u00e1mos pozit\u00edv \u00fcgyf\u00e9lv\u00e9lem\u00e9ny tal\u00e1lhat\u00f3.<\/li>\n<\/ol>\n<div itemprop=\"reviewRating\" itemscope itemtype=\"http:\/\/schema.org\/Rating\"><meta itemprop=\"worstRating\" content = \"0\" \/><meta itemprop=\"bestRating\" content=\"5\" \/><meta itemprop=\"ratingValue\" content=\"5\"><\/div>\n<p><strong>\u00c1ltal\u00e1nos pontsz\u00e1m: 5\/5<\/strong><br \/>\n<strong>Fel\u00fclvizsg\u00e1lat d\u00e1tuma:<\/strong> <span itemprop=\"datePublished\" content=\"2016-09-23\">23\/09\/16<\/span>\n<\/div>\n<p>Tov\u00e1bbi inform\u00e1ci\u00f3 <a href=\"https:\/\/moverdb.com\/hu\/nemzetkozi-koltoztetes\/\">nemzetk\u00f6zi k\u00f6lt\u00f6ztet\u00e9sek<\/a> \u00e9s a mi <a href=\"https:\/\/moverdb.com\/hu\/ertekelesek\/\">a fel\u00fclvizsg\u00e1lati folyamat magyar\u00e1zata<\/a>.<\/p>\n<p><strong>Weboldal:<\/strong> <a href=\"http:\/\/www.gersonrelocation.com\" target=\"_blank\" rel=\"noopener\">http:\/\/www.gersonrelocation.com<\/a><\/p>","protected":false},"excerpt":{"rendered":"<p>Gerson Relocation offer their clients a variety of services, whether they are relocating abroad or locally. A company profile and reviews follow the list of services on offer. Corporate Services\/Support Dedicated move manager to coordinate the move Professional survey Packing Shipping by sea, air or road Unpacking if required Clear away packing material for recycling [&hellip;]<\/p>\n","protected":false},"author":1,"featured_media":0,"parent":0,"menu_order":0,"comment_status":"closed","ping_status":"closed","template":"","meta":{"_genesis_hide_title":false,"_genesis_hide_breadcrumbs":false,"_genesis_hide_singular_image":false,"_genesis_hide_footer_widgets":false,"_genesis_custom_body_class":"","_genesis_custom_post_class":"","_genesis_layout":"","footnotes":""},"class_list":{"0":"post-939","1":"page","2":"type-page","3":"status-publish","5":"entry"},"_links":{"self":[{"href":"https:\/\/moverdb.com\/hu\/wp-json\/wp\/v2\/pages\/939","targetHints":{"allow":["GET"]}}],"collection":[{"href":"https:\/\/moverdb.com\/hu\/wp-json\/wp\/v2\/pages"}],"about":[{"href":"https:\/\/moverdb.com\/hu\/wp-json\/wp\/v2\/types\/page"}],"author":[{"embeddable":true,"href":"https:\/\/moverdb.com\/hu\/wp-json\/wp\/v2\/users\/1"}],"replies":[{"embeddable":true,"href":"https:\/\/moverdb.com\/hu\/wp-json\/wp\/v2\/comments?post=939"}],"version-history":[{"count":3,"href":"https:\/\/moverdb.com\/hu\/wp-json\/wp\/v2\/pages\/939\/revisions"}],"predecessor-version":[{"id":6214,"href":"https:\/\/moverdb.com\/hu\/wp-json\/wp\/v2\/pages\/939\/revisions\/6214"}],"wp:attachment":[{"href":"https:\/\/moverdb.com\/hu\/wp-json\/wp\/v2\/media?parent=939"}],"curies":[{"name":"wp","href":"https:\/\/api.w.org\/{rel}","templated":true}]}}