{"id":938,"date":"2016-09-23T07:14:51","date_gmt":"2016-09-23T07:14:51","guid":{"rendered":"http:\/\/moverdb.com\/?page_id=938"},"modified":"2026-01-08T14:40:14","modified_gmt":"2026-01-08T14:40:14","slug":"pillanatnyi-athelyezes","status":"publish","type":"page","link":"https:\/\/moverdb.com\/hu\/momentous-relocation\/","title":{"rendered":"L\u00e9nyeges \u00e1thelyez\u00e9s: Nemzetk\u00f6zi k\u00f6lt\u00f6ztet\u00e9s \u00e9s k\u00f6lt\u00f6ztet\u00e9s V\u00e9lem\u00e9nyek"},"content":{"rendered":"<p>A Momentous Relocation egy nemzetk\u00f6zi k\u00f6lt\u00f6ztet\u00e9sre \u00e9s k\u00f6lt\u00f6ztet\u00e9sre specializ\u00e1l\u00f3dott c\u00e9g, melynek sz\u00e9khelye a k\u00f6vetkez\u0151 v\u00e1rosokban tal\u00e1lhat\u00f3 <a href=\"https:\/\/moverdb.com\/hu\/moving-to-london\/\">London<\/a>. Sz\u00e1mos szolg\u00e1ltat\u00e1st k\u00edn\u00e1l \u00fcgyfeleinek, amelyeket az al\u00e1bbiakban felsorolunk, a v\u00e1llalati profillal \u00e9s az \u00e9rt\u00e9kel\u00e9sekkel egy\u00fctt.<\/p>\n<p><strong>K\u00f6lt\u00f6ztet\u0151 szolg\u00e1ltat\u00e1sok<\/strong><\/p>\n<ul>\n<li> K\u00f6lt\u00f6z\u00e9s el\u0151tti felm\u00e9r\u00e9s<\/li>\n<li> <a href=\"https:\/\/moverdb.com\/hu\/kontenerszallitas\/\">Sz\u00e1ll\u00edt\u00e1s \u00e9s l\u00e9gi sz\u00e1ll\u00edt\u00e1s<\/a><\/li>\n<li> C\u00e9l\u00e1llom\u00e1si szolg\u00e1ltat\u00e1sok<\/li>\n<li> Biztos\u00edt\u00e1si szolg\u00e1ltat\u00e1sok<\/li>\n<li> Belf\u00f6ldi k\u00f6lt\u00f6z\u00e9s<\/li>\n<li> K\u00e9pz\u0151m\u0171v\u00e9szeti sz\u00e1ll\u00edt\u00e1s<\/li>\n<li> H\u00e1zi\u00e1llat k\u00f6lt\u00f6ztet\u0151 szolg\u00e1ltat\u00e1s<\/li>\n<li> Hazak\u00f6lt\u00f6z\u00e9s orsz\u00e1g \u00fatmutat\u00f3<\/li>\n<\/ul>\n<p><strong>K\u00f6lt\u00f6ztet\u00e9si szolg\u00e1ltat\u00e1sok<\/strong><\/p>\n<ul>\n<li> Glob\u00e1lis k\u00f6lt\u00f6ztet\u00e9s \u00e9s t\u00e1rol\u00e1s<\/li>\n<li> V\u00edzum \u00e9s bev\u00e1ndorl\u00e1s<\/li>\n<li> Nyelvi \u00e9s kultur\u00e1lis t\u00e1mogat\u00e1s<\/li>\n<li> <a href=\"https:\/\/moverdb.com\/hu\/koltozesi-koltsegek\/\">Meg\u00e9lhet\u00e9si k\u00f6lts\u00e9gek<\/a> elemz\u00e9s<\/li>\n<li> A partnerek \u00e1thelyez\u00e9s\u00e9nek t\u00e1mogat\u00e1sa<\/li>\n<li> Ter\u00fcletorient\u00e1ci\u00f3<\/li>\n<li> Iskolai keres\u00e9s<\/li>\n<li> Ideiglenes lakhat\u00e1s<\/li>\n<li> Seg\u00e9lyvonal<\/li>\n<li> Otthoni meg\u00e1llap\u00edt\u00e1s<\/li>\n<li> Beilleszked\u00e9si t\u00e1mogat\u00e1s<\/li>\n<li> \u00c1thelyez\u00e9s menedzsment<\/li>\n<li> Indul\u00e1si szolg\u00e1ltat\u00e1sok<\/li>\n<\/ul>\n<p><strong>T\u00e1rol\u00e1si szolg\u00e1ltat\u00e1sok<\/strong><\/p>\n<ul>\n<li> R\u00f6vid \u00e9s hossz\u00fa t\u00e1v\u00fa t\u00e1rol\u00e1s<\/li>\n<li> Nemzetk\u00f6zi t\u00e1rol\u00e1s<\/li>\n<li> T\u00e1rol\u00e1s a <a href=\"https:\/\/moverdb.com\/hu\/moving-to-the-uk\/\" data-internallinksmanager029f6b8e52c=\"93\" title=\"Az Egyes\u00fclt Kir\u00e1lys\u00e1gba k\u00f6lt\u00f6zik? 2022 Meg\u00e9lhet\u00e9si k\u00f6lts\u00e9gek \u00e9s k\u00f6lt\u00f6z\u00e9si tippek\">UK<\/a><\/li>\n<li> \u00dczleti t\u00e1rol\u00e1s<\/li>\n<li> 24 \u00f3r\u00e1s CCTV<\/li>\n<\/ul>\n<p><strong>Irodai k\u00f6lt\u00f6ztet\u00e9s \u00e9s k\u00f6lt\u00f6ztet\u00e9s<\/strong><\/p>\n<ul>\n<li> Projektmenedzsment<\/li>\n<li> L\u00e1dab\u00e9rl\u00e9s<\/li>\n<li> Portaszolg\u00e1lat<\/li>\n<li> Tervez\u00e9s \u00e9s logisztika<\/li>\n<li> Szem\u00e9lyre szabott biztos\u00edt\u00e1si csomagok<\/li>\n<li> Irodab\u00fatorok t\u00e1rol\u00e1sa<\/li>\n<li> Dokumentumok t\u00e1rol\u00e1sa<\/li>\n<li> Arch\u00edvum t\u00e1rol\u00e1s<\/li>\n<li> Speci\u00e1lis t\u00e1rol\u00e1s<\/li>\n<li> V\u00e1llalati t\u00e1rsadalmi felel\u0151ss\u00e9gv\u00e1llal\u00e1s<\/li>\n<li> Elt\u00e1vol\u00edt\u00e1si szolg\u00e1ltat\u00e1sok<\/li>\n<li> Biztons\u00e1gos apr\u00edt\u00e1s<\/li>\n<li> Takar\u00edt\u00e1si szolg\u00e1ltat\u00e1sok<\/li>\n<li> Irodai enged\u00e9lyek<\/li>\n<\/ul>\n<p><strong>K\u00e9pz\u0151m\u0171v\u00e9szeti csomagol\u00e1si \u00e9s sz\u00e1ll\u00edt\u00e1si szolg\u00e1ltat\u00e1s<\/strong><\/p>\n<ul>\n<li> K\u00e9sz\u00edt\u00e9s \u00e9s csomagol\u00e1s<\/li>\n<li> K\u00f6z\u00fati, l\u00e9gi vagy tengeri sz\u00e1ll\u00edt\u00e1s<\/li>\n<li> T\u00e1rol\u00e1s<\/li>\n<li> Feh\u00e9r keszty\u0171s csomagol\u00e1s<\/li>\n<li> Ki\u00e1ll\u00edt\u00e1si szolg\u00e1ltat\u00e1sok<\/li>\n<\/ul>\n<p><strong>K\u00fcl\u00f6nleges projektek<\/strong><\/p>\n<ul>\n<li> Szerver sz\u00e1ll\u00edt\u00e1s<\/li>\n<li> Nemzetk\u00f6zi iroda \u00e1thelyez\u00e9se<\/li>\n<li> Speci\u00e1lis mozg\u00e1sok<\/li>\n<li> Szem\u00e9lyre szabott biztos\u00edt\u00e1s<\/li>\n<\/ul>\n<h2>Momentous Relocation C\u00e9gprofil<\/h2>\n<p>A Momentous Relocation 1978-ban kezdte meg nemzetk\u00f6zi tev\u00e9kenys\u00e9g\u00e9t. Bejegyzett sz\u00e9khelye a londoni Baker Street-en tal\u00e1lhat\u00f3, \u00e9s k\u00e9t rakt\u00e1r- \u00e9s irodahelyis\u00e9ggel rendelkezik \u00c9szaknyugat-Londonban (sz\u00e9khely) \u00e9s Aylesburyben. <\/p>\n<p>A c\u00e9g \u00e9s munkat\u00e1rsai azt mondj\u00e1k, hogy mindig az \u00fcgyfeleket helyezik el\u0151t\u00e9rbe, \u00e9s arra t\u00f6rekszenek, hogy minden egyes l\u00e9p\u00e9s gyorsan \u00e9s f\u00e1jdalommentesen m\u0171k\u00f6dj\u00f6n az \u00fcgyf\u00e9l sz\u00e1m\u00e1ra.<\/p>\n<p>A Momentous Relocation kiterjedt t\u00e1rsadalmi felel\u0151ss\u00e9gv\u00e1llal\u00e1si programmal rendelkezik, amely kiterjed a munkat\u00e1rsakra, az \u00fcgyfelekre, a k\u00f6rnyezetre \u00e9s a k\u00f6z\u00f6ss\u00e9gre.<\/p>\n<p>A Momentous Relocation tags\u00e1gai \u00e9s akkredit\u00e1ci\u00f3i:<\/p>\n<ul>\n<li> <a href=\"https:\/\/moverdb.com\/hu\/fidi-faim\/\">FIDI<\/a><\/li>\n<li> <a href=\"https:\/\/moverdb.com\/hu\/fidi-faim\/\">FAIM Plus<\/a><\/li>\n<li> <a href=\"https:\/\/moverdb.com\/hu\/british-association-of-removers\/\">A Brit K\u00f6lt\u00f6ztet\u0151k Sz\u00f6vets\u00e9ge<\/a> (<a href=\"https:\/\/moverdb.com\/hu\/british-association-of-removers\/\" data-internallinksmanager029f6b8e52c=\"9\" title=\"A Brit K\u00f6lt\u00f6ztet\u0151k Sz\u00f6vets\u00e9ge (BAR) magyar\u00e1zata\">BAR<\/a>)<\/li>\n<li> <a href=\"https:\/\/moverdb.com\/hu\/bar-overseas\/\">A Brit K\u00f6lt\u00f6ztet\u0151k Sz\u00f6vets\u00e9g\u00e9nek tengerent\u00fali csoportja<\/a><\/li>\n<li> <a href=\"https:\/\/moverdb.com\/hu\/mtc\/\">A Movers Trading Club<\/a> (<a href=\"https:\/\/moverdb.com\/hu\/mtc\/\" data-internallinksmanager029f6b8e52c=\"30\" title=\"Movers Trading Club (MTC) magyar\u00e1zata\">MTC<\/a>)<\/li>\n<li> <a href=\"https:\/\/moverdb.com\/hu\/eura\/\">EuRA<\/a><\/li>\n<li> ISO akkredit\u00e1ci\u00f3k<\/li>\n<\/ul>\n<h2>Momentous Relocation V\u00e9lem\u00e9nyek<\/h2>\n<p><strong>Pozit\u00edv:<\/strong><\/p>\n<ul>\n<li> \"<em>Minden szempontb\u00f3l kiemelked\u0151 l\u00e9p\u00e9s, nem tudok el\u00e9gg\u00e9 elismer\u0151en besz\u00e9lni a szolg\u00e1ltat\u00e1sr\u00f3l. Mindenkinek aj\u00e1nlom, aki a j\u00f6v\u0151ben k\u00e9rdezi. Cikis \u00e9s Scott brili\u00e1nsak voltak!\"<\/em> via <a href=\"http:\/\/www.momentousrelocation.com\/about-us\/what-our-customers-say-momentous-relocation-reviews\/\" target=\"_blank\" rel=\"noopener\">Lend\u00fcletes Mit mondanak \u00fcgyfeleink oldal<\/a><\/li>\n<li> <em>\"M\u00e1sodik alkalom, hogy a Momentous \u00e1tk\u00f6lt\u00f6ztetett, nem tudn\u00e1m el\u00e9gg\u00e9 aj\u00e1nlani \u0151ket.\"<\/em> - a <a href=\"http:\/\/moveaide.com\/movers\/momentous-relocation-london-uk-mover-review\" target=\"_blank\" rel=\"noopener\">MoveAid.com<\/a><\/li>\n<li> <em>\"Az Egyes\u00fclt Kir\u00e1lys\u00e1gb\u00f3l k\u00f6lt\u00f6ztem <a href=\"https:\/\/moverdb.com\/hu\/moving-to-germany\/\" data-internallinksmanager029f6b8e52c=\"321\" title=\"N\u00e9metorsz\u00e1gba k\u00f6lt\u00f6zik? 2023 Meg\u00e9lhet\u00e9si k\u00f6lts\u00e9gek \u00e9s k\u00f6lt\u00f6z\u00e9si tippek\">N\u00e9metorsz\u00e1g<\/a>. A szolg\u00e1ltat\u00e1s nagyon professzion\u00e1lis volt, a szervez\u0151 csapat az Egyes\u00fclt Kir\u00e1lys\u00e1gban el\u0151z\u00e9keny \u00e9s rugalmas volt.\"<\/em> - Ursula via <a href=\"https:\/\/www.facebook.com\/pg\/momentousltd\/reviews\/\" target=\"_blank\" rel=\"noopener\">Facebook<\/a><\/li>\n<li> <em>\"Fantasztikus szolg\u00e1ltat\u00e1s! A szem\u00e9lyzet, Scott \u00e9s Darren udvariasak \u00e9s nagyon profik voltak, mindent nagyon hat\u00e9konyan pakoltak \u00f6ssze, m\u00e9g padl\u00f3v\u00e9d\u0151t is haszn\u00e1ltak, \u00edgy a sz\u0151nyegeim teljesen v\u00e9dve voltak.\"<\/em> - Evelynn kereszt\u00fcl <a href=\"http:\/\/www.removalreviews.co.uk\/movers\/momentous-relocation-215#8293\" target=\"_blank\" rel=\"noopener\">RemovalReviews.com<\/a><\/li>\n<\/ul>\n<p><strong>Negat\u00edv<\/strong><\/p>\n<ul>\n<li> <em>\"Volt egy borzalmas tapasztalat ezzel a v\u00e1llalkoz\u00e1ssal, akik elvett\u00e9k a p\u00e9nzemet, majd sz\u00f6rny\u0171 szolg\u00e1ltat\u00e1st ny\u00fajtottak (amelynek egy r\u00e9sze a partnereik hib\u00e1ja volt), de nem voltak hajland\u00f3ak felel\u0151ss\u00e9get v\u00e1llalni, vagy tulajdonosi vagy esem\u00e9nyeket, amelyek k\u00f6z\u00e9 tartozik egy s\u00falyos baleset, amely egy csal\u00e1dtagnak a helytelen\u00fcl telep\u00edtett b\u00fatorokb\u00f3l sz\u00e1rmazik. \"<\/em> - James via <a href=\"http:\/\/moveaide.com\/movers\/momentous-relocation-london-uk-mover-review\" target=\"_blank\" rel=\"noopener\">MoveAid.com<\/a><\/li>\n<li> <em>A pillanatnyi elt\u00e1vol\u00edt\u00e1sok a legrosszabbak <a href=\"https:\/\/moverdb.com\/hu\/international-removals\/\" data-internallinksmanager029f6b8e52c=\"27\" title=\"36 legjobb nemzetk\u00f6zi k\u00f6lt\u00f6ztet\u0151 c\u00e9gek az Egyes\u00fclt Kir\u00e1lys\u00e1gban\">k\u00f6lt\u00f6ztet\u0151 c\u00e9g<\/a> ebben az orsz\u00e1gban. Kevesebb mint 8 \u00e9v alatt 6 alkalommal k\u00f6lt\u00f6ztem, \u00fagyhogy azt hiszem, m\u00e1r tapasztalt vagyok ebben.<\/em> via <a href=\"http:\/\/www.removalreviews.co.uk\/movers\/momentous-relocation-215#714\" target=\"_blank\" rel=\"noopener\">RemovalReviews.com<\/a><\/li>\n<\/ul>\n<div itemprop=\"review\" itemscope itemtype=\"http:\/\/schema.org\/Review\">\n<span itemprop=\"author\" itemscope=\"\" itemtype=\"http:\/\/schema.org\/Organization\"><span itemprop=\"name\">MoverDB.com<\/span><\/span> Online weboldal-fel\u00fclvizsg\u00e1lat a <span itemprop=\"itemreviewed\" itemscope=\"\" itemtype=\"http:\/\/schema.org\/Brand\"><span itemprop=\"name\">L\u00e9nyeges \u00e1thelyez\u00e9s<\/span><\/span>:<\/p>\n<ol>\n<li> Egy\u00e9rtelm\u0171 el\u00e9rhet\u0151s\u00e9gek a weboldalon (bele\u00e9rtve a telefonsz\u00e1mot is): <strong>Igen<\/strong><\/li>\n<li> K\u00f6nnyen beszerezhet\u0151 <a href=\"https:\/\/moverdb.com\/hu\/idezi\/\">nemzetk\u00f6zi k\u00f6lt\u00f6ztet\u00e9si \u00e1raj\u00e1nlatok<\/a>? (Online \u00e1raj\u00e1nlatk\u00e9r\u0151 \u0171rlap): <strong>Igen<\/strong><\/li>\n<li> Egy\u00e9rtelm\u0171 inform\u00e1ci\u00f3k a honlapon: <strong>Igen<\/strong>, A weboldal felv\u00e1zolja a k\u00edn\u00e1lt szolg\u00e1ltat\u00e1sokat, de nem ad sok r\u00e9szletes inform\u00e1ci\u00f3t.<\/li>\n<li> Tags\u00e1g nemzetk\u00f6zi elismert mozgat\u00f3 szervezetekben: <strong>Igen<\/strong><\/li>\n<li> \u00dcgyfelek list\u00e1ja \u00e9s\/vagy kor\u00e1bbi v\u00e1s\u00e1rl\u00f3i aj\u00e1nl\u00e1sok: <strong>Igen,<\/strong> Sz\u00e1mos pozit\u00edv \u00fcgyf\u00e9lv\u00e9lem\u00e9ny van, de nincs \u00fcgyf\u00e9llista. A c\u00e9g \u00e1ltal\u00e1ban az interneten is t\u00f6bbnyire pozit\u00edv \u00e9rt\u00e9kel\u00e9seket kap.<\/li>\n<\/ol>\n<div itemprop=\"reviewRating\" itemscope itemtype=\"http:\/\/schema.org\/Rating\"><meta itemprop=\"worstRating\" content = \"0\" \/><meta itemprop=\"bestRating\" content=\"5\" \/><meta itemprop=\"ratingValue\" content=\"4.5\"><\/div>\n<p><strong>\u00c1ltal\u00e1nos pontsz\u00e1m: 4.5\/5<\/strong><br \/>\n<strong>Fel\u00fclvizsg\u00e1lat d\u00e1tuma:<\/strong> <span itemprop=\"datePublished\" content=\"2016-09-23\">23\/09\/16<\/span>\n<\/div>\n<p>Tov\u00e1bbi inform\u00e1ci\u00f3 <a href=\"https:\/\/moverdb.com\/hu\/nemzetkozi-koltoztetes\/\">k\u00f6lt\u00f6ztet\u0151 c\u00e9gek<\/a> \u00e9s a mi <a href=\"https:\/\/moverdb.com\/hu\/ertekelesek\/\">fel\u00fclvizsg\u00e1lati folyamat<\/a>.<\/p>\n<p><strong>Weboldal:<\/strong> <a href=\"http:\/\/www.momentousrelocation.com\/\" target=\"_blank\" rel=\"noopener\">http:\/\/www.momentousrelocation.com<\/a><\/p>","protected":false},"excerpt":{"rendered":"<p>Momentous Relocation is an international removal and relocation specialist company based in London. It offers its clients many services which are listed below, together with a company profile and reviews. Moving Services Pre move survey Shipping and airfreight Destination services Insurance services Domestic moving Fine art shipping Pet moving service Moving home country guides Relocation [&hellip;]<\/p>\n","protected":false},"author":1,"featured_media":0,"parent":0,"menu_order":0,"comment_status":"closed","ping_status":"closed","template":"","meta":{"_genesis_hide_title":false,"_genesis_hide_breadcrumbs":false,"_genesis_hide_singular_image":false,"_genesis_hide_footer_widgets":false,"_genesis_custom_body_class":"","_genesis_custom_post_class":"","_genesis_layout":"","footnotes":""},"class_list":{"0":"post-938","1":"page","2":"type-page","3":"status-publish","5":"entry"},"_links":{"self":[{"href":"https:\/\/moverdb.com\/hu\/wp-json\/wp\/v2\/pages\/938","targetHints":{"allow":["GET"]}}],"collection":[{"href":"https:\/\/moverdb.com\/hu\/wp-json\/wp\/v2\/pages"}],"about":[{"href":"https:\/\/moverdb.com\/hu\/wp-json\/wp\/v2\/types\/page"}],"author":[{"embeddable":true,"href":"https:\/\/moverdb.com\/hu\/wp-json\/wp\/v2\/users\/1"}],"replies":[{"embeddable":true,"href":"https:\/\/moverdb.com\/hu\/wp-json\/wp\/v2\/comments?post=938"}],"version-history":[{"count":6,"href":"https:\/\/moverdb.com\/hu\/wp-json\/wp\/v2\/pages\/938\/revisions"}],"predecessor-version":[{"id":13178,"href":"https:\/\/moverdb.com\/hu\/wp-json\/wp\/v2\/pages\/938\/revisions\/13178"}],"wp:attachment":[{"href":"https:\/\/moverdb.com\/hu\/wp-json\/wp\/v2\/media?parent=938"}],"curies":[{"name":"wp","href":"https:\/\/api.w.org\/{rel}","templated":true}]}}