{"id":927,"date":"2016-09-23T21:57:09","date_gmt":"2016-09-23T21:57:09","guid":{"rendered":"http:\/\/moverdb.com\/?page_id=927"},"modified":"2026-01-08T13:19:00","modified_gmt":"2026-01-08T13:19:00","slug":"imove-international","status":"publish","type":"page","link":"https:\/\/moverdb.com\/hu\/imove-international\/","title":{"rendered":"IMove International: Moving &amp; Removals Reviews"},"content":{"rendered":"<p>Az IMove International sz\u00e9khelye Surreyben tal\u00e1lhat\u00f3. \u00dcgyfeleinek sz\u00e1mos szolg\u00e1ltat\u00e1st k\u00edn\u00e1l a k\u00fclf\u00f6ldre k\u00f6lt\u00f6z\u00e9s\u00fckh\u00f6z. Ezeket az al\u00e1bbiakban felsoroljuk, a v\u00e1llalati profillal \u00e9s az \u00e9rt\u00e9kel\u00e9sekkel egy\u00fctt.<\/p>\n<p><strong><a href=\"https:\/\/moverdb.com\/hu\/international-removals\/\" data-internallinksmanager029f6b8e52c=\"27\" title=\"36 legjobb nemzetk\u00f6zi k\u00f6lt\u00f6ztet\u0151 c\u00e9gek az Egyes\u00fclt Kir\u00e1lys\u00e1gban\">Nemzetk\u00f6zi k\u00f6lt\u00f6ztet\u00e9s<\/a><\/strong><\/p>\n<ul>\n<li> Szem\u00e9lyes k\u00f6lt\u00f6z\u00e9si koordin\u00e1tor<\/li>\n<li> Ajt\u00f3t\u00f3l ajt\u00f3ig<\/li>\n<li> Ajt\u00f3 a <a href=\"https:\/\/moverdb.com\/hu\/top-49-container-ports\/\" data-internallinksmanager029f6b8e52c=\"80\" title=\"Top 49 legnagyobb \u00e9s legforgalmasabb kont\u00e9nerkik\u00f6t\u0151 2025-ben\">port<\/a><\/li>\n<li> L\u00e9gi, tengeri vagy k\u00f6z\u00fati sz\u00e1ll\u00edt\u00e1s<\/li>\n<li> V\u00e1llalat \u00e1thelyez\u00e9sek<\/li>\n<li> <a href=\"https:\/\/moverdb.com\/hu\/autoszallitas-szallitas-szallitas\/\">G\u00e9pj\u00e1rm\u0171vek<\/a><\/li>\n<li> Teljes k\u00f6r\u0171 csomagol\u00e1si szolg\u00e1ltat\u00e1s<\/li>\n<li> \u00d6ncsomagol\u00f3<\/li>\n<li> T\u00f6r\u00e9keny csomagol\u00e1s<\/li>\n<li> Ingyenes kartondobozok, szalag \u00e9s csomagol\u00e1s biztos\u00edt\u00e1sa<\/li>\n<li> Kicsomagol\u00e1si szolg\u00e1ltat\u00e1s<\/li>\n<li> Hossz\u00fa \u00e9s r\u00f6vid t\u00e1v\u00fa t\u00e1rol\u00e1s <\/li>\n<li> <a href=\"https:\/\/moverdb.com\/hu\/kontenerszallitas\/\">Kont\u00e9neres sz\u00e1ll\u00edt\u00e1s<\/a><\/li>\n<li> T\u00fals\u00falyos poggy\u00e1szsz\u00e1ll\u00edt\u00e1s<\/li>\n<li> Biztos\u00edt\u00e1s<\/li>\n<li> Seg\u00edts\u00e9g a v\u00e1mokkal \u00e9s a dokument\u00e1ci\u00f3val kapcsolatban<\/li>\n<\/ul>\n<p><strong>Egy\u00e9b szolg\u00e1ltat\u00e1sok<\/strong><\/p>\n<ul>\n<li> Hossz\u00fa \u00e9s r\u00f6vid t\u00e1v\u00fa t\u00e1rol\u00e1s<\/li>\n<li> Di\u00e1ksz\u00e1ll\u00edt\u00e1s \u00e9s t\u00e1rol\u00e1s<\/li>\n<li> <a href=\"https:\/\/moverdb.com\/hu\/car-transport-shipping\/\" data-internallinksmanager029f6b8e52c=\"2\" title=\"2026 Nemzetk\u00f6zi aut\u00f3sz\u00e1ll\u00edt\u00e1s \u00e9s j\u00e1rm\u0171sz\u00e1ll\u00edt\u00e1s \u00e1raj\u00e1nlatok\">Aut\u00f3sz\u00e1ll\u00edt\u00e1s<\/a><\/li>\n<li> Megosztott kont\u00e9ner<\/li>\n<li> Export csomagol\u00e1si szolg\u00e1ltat\u00e1s<\/li>\n<li> Dobozol\u00e1s \u00e9s l\u00e1dak\u00e9sz\u00edt\u00e9s<\/li>\n<\/ul>\n<h2>IMove International C\u00e9gprofil<\/h2>\n<p>Az IMove International egy fiatal, mag\u00e1ntulajdonban l\u00e9v\u0151 v\u00e1llalat, amelyet 2011 m\u00e1jus\u00e1ban alap\u00edtottak. Ez egy specialista <a href=\"https:\/\/moverdb.com\/hu\/nemzetkozi-koltoztetes\/\">nemzetk\u00f6zi k\u00f6lt\u00f6ztet\u00e9s<\/a>, haj\u00f3z\u00e1si \u00e9s k\u00f6lt\u00f6ztet\u00e9si v\u00e1llalat. <\/p>\n<p>Az IMove csal\u00e1dok, v\u00e1llalati \u00fcgyfelek \u00e9s mag\u00e1nszem\u00e9lyek sz\u00e1m\u00e1ra szervez k\u00f6lt\u00f6z\u00e9seket a k\u00f6vetkez\u0151 ter\u00fcletekr\u0151l <a href=\"https:\/\/moverdb.com\/hu\/moving-to-the-uk\/\" data-internallinksmanager029f6b8e52c=\"93\" title=\"Az Egyes\u00fclt Kir\u00e1lys\u00e1gba k\u00f6lt\u00f6zik? 2022 Meg\u00e9lhet\u00e9si k\u00f6lts\u00e9gek \u00e9s k\u00f6lt\u00f6z\u00e9si tippek\">UK<\/a> a vil\u00e1g legt\u00f6bb c\u00e9l\u00e1llom\u00e1s\u00e1ra.<\/p>\n<p>Az IMove a legkisebb csomagt\u00f3l a h\u00e1ztart\u00e1si b\u00fatorokig b\u00e1rmit sz\u00e1ll\u00edt. A v\u00e1llalat minden egyes \u00fcgyf\u00e9l sz\u00e1m\u00e1ra szem\u00e9lyes k\u00f6lt\u00f6z\u00e9si koordin\u00e1tort biztos\u00edt, aki a teljes k\u00f6lt\u00f6z\u00e9si folyamat sor\u00e1n a kapcsolattart\u00f3juk.<\/p>\n<p>Az IMove International a k\u00f6vetkez\u0151 akkredit\u00e1ci\u00f3kkal \u00e9s kapcsolatokkal rendelkezik:<\/p>\n<ul>\n<li> ISO 9001<\/li>\n<\/ul>\n<h2>IMove International V\u00e9lem\u00e9nyek<\/h2>\n<p><strong>Pozit\u00edv:<\/strong><\/p>\n<ul>\n<li> <em>\"A dolgok z\u00f6kken\u0151mentesen \u00e9s hat\u00e9konyan zajlottak. Mindenk\u00e9ppen aj\u00e1nlan\u00e1m a c\u00e9get a szolg\u00e1ltat\u00e1s \u00e9s az \u00e1r-\u00e9rt\u00e9k ar\u00e1ny miatt.\"<\/em> - H Fowler kereszt\u00fcl <a href=\"http:\/\/www.imoveintl.com\/testimonials.htm\" target=\"_blank\" rel=\"noopener\">\u00dcgyfelek v\u00e9lem\u00e9nye oldal<\/a><\/li>\n<li> \"<em>Szeretn\u00e9k gratul\u00e1lni az IMove-nak a pontoss\u00e1g\u00e9rt, a gyorsas\u00e1g\u00e9rt \u00e9s a professzionalizmus\u00e9rt, amellyel a k\u00f6lt\u00f6z\u00e9semet Orland\u00f3b\u00f3l <a href=\"https:\/\/moverdb.com\/hu\/moving-to-the-united-states\/moving-to-florida\/\" data-internallinksmanager029f6b8e52c=\"331\" title=\"K\u00f6lt\u00f6z\u00e9s Florid\u00e1ba? 2023 \u00c9letk\u00f6lts\u00e9gek \u00e9s k\u00f6lt\u00f6z\u00e9si tippek\">Florida<\/a> Kentbe, v\u00e9grehajtott\u00e1k.<\/em> - Annette <a href=\"http:\/\/www.removalreviews.co.uk\/movers\/imove-international-191#11473\" target=\"_blank\" rel=\"noopener\">RemovalReviews.com<\/a> <\/li>\n<li> \"<em>Alaposan aj\u00e1nlom ezt a c\u00e9get - nagyon \u00e9sszer\u0171 k\u00f6lts\u00e9gek, rendk\u00edv\u00fcl gyors k\u00f6lt\u00f6z\u00e9s \u00e9s nagyszer\u0171 szolg\u00e1ltat\u00e1s\"<\/em> - Johathan kereszt\u00fcl <a href=\"http:\/\/www.reviews.co.uk\/company-reviews\/store\/imove-international-removals-ltd\" target=\"_blank\" rel=\"noopener\">Reviews.co.uk<\/a> <\/li>\n<\/ul>\n<p><strong>Negat\u00edv<\/strong><\/p>\n<ul>\n<li> \"<em>B\u00e1r a sz\u00e1ll\u00edt\u00e1si id\u0151 a <a href=\"https:\/\/moverdb.com\/hu\/moving-to-london\/\">London<\/a> a  c\u00edmre. <a href=\"https:\/\/moverdb.com\/hu\/moving-to-switzerland\/\" data-internallinksmanager029f6b8e52c=\"327\" title=\"Sv\u00e1jcba k\u00f6lt\u00f6zik? 2023 Meg\u00e9lhet\u00e9si k\u00f6lts\u00e9gek \u00e9s k\u00f6lt\u00f6z\u00e9si tippek\">Sv\u00e1jc<\/a> gyors volt, er\u0151sen lebesz\u00e9ln\u00e9k mindenkit arr\u00f3l, hogy ezt a c\u00e9get haszn\u00e1lja, mivel az egyik \u00e9rt\u00e9kesebb t\u00e1rgyat soha nem sz\u00e1ll\u00edtott\u00e1k le \u00e9s \"elveszett\". \u00dagy t\u0171nt, hogy nem volt val\u00f3di meglepet\u00e9s, aggodalom vagy bocs\u00e1natk\u00e9r\u00e9s a t\u00e1rgy elveszt\u00e9s\u00e9t illet\u0151en.\"<\/em> - Ms Laurens via <a href=\"http:\/\/www.removalreviews.co.uk\/movingreviews\/stolen-item-1264\" target=\"_blank\" rel=\"noopener\">RemovalReviews.co.uk<\/a> <\/li>\n<li> \"<em>A t\u00e1rgyainkat a gy\u0171jt\u00e9si id\u0151pontban (2015.11.02.) gy\u0171jt\u00f6tt\u00e9k \u00f6ssze, ami nagyszer\u0171 volt, azonban most m\u00e1rcius van, \u00e9s m\u00e9g mindig nem kaptuk meg a dobozainkat.\"<\/em> - Samantha via <a href=\"http:\/\/www.reviews.co.uk\/company-reviews\/store\/imove-international-removals-ltd\" target=\"_blank\" rel=\"noopener\">Reviews.co.uk<\/a> <\/li>\n<\/ul>\n<div itemprop=\"review\" itemscope itemtype=\"http:\/\/schema.org\/Review\">\n<span itemprop=\"author\" itemscope=\"\" itemtype=\"http:\/\/schema.org\/Organization\"><span itemprop=\"name\">MoverDB.com<\/span><\/span> Online weboldal-fel\u00fclvizsg\u00e1lat a <span itemprop=\"itemreviewed\" itemscope=\"\" itemtype=\"http:\/\/schema.org\/Brand\"><span itemprop=\"name\">IMove International<\/span><\/span>:<\/p>\n<ol>\n<li> Egy\u00e9rtelm\u0171 el\u00e9rhet\u0151s\u00e9gek a weboldalon (bele\u00e9rtve a telefonsz\u00e1mot is): <strong>Igen<\/strong><\/li>\n<li> K\u00f6nnyen beszerezhet\u0151 <a href=\"https:\/\/moverdb.com\/hu\/idezi\/\">nemzetk\u00f6zi k\u00f6lt\u00f6ztet\u00e9si \u00e1raj\u00e1nlatok<\/a>? (Online \u00e1raj\u00e1nlatk\u00e9r\u0151 \u0171rlap): <strong>Igen<\/strong><\/li>\n<li> Egy\u00e9rtelm\u0171 inform\u00e1ci\u00f3k a honlapon: <strong>Igen<\/strong>, A weboldal sz\u00e1mos inform\u00e1ci\u00f3t tartalmaz a vil\u00e1g k\u00fcl\u00f6nb\u00f6z\u0151 orsz\u00e1gaiba t\u00f6rt\u00e9n\u0151 k\u00f6lt\u00f6z\u00e9ssel kapcsolatban, bele\u00e9rtve a sz\u00fcks\u00e9ges dokumentumokat is.<\/li>\n<li> Tags\u00e1g nemzetk\u00f6zi elismert mozgat\u00f3 szervezetekben: <strong>R\u00e9szleges<\/strong>, b\u00e1r rendelkeznek ISO-nyilv\u00e1ntart\u00e1ssal, \u00fagy t\u0171nik, hogy m\u00e1s akkredit\u00e1ci\u00f3val nem rendelkeznek.<\/li>\n<li> \u00dcgyfelek list\u00e1ja \u00e9s\/vagy kor\u00e1bbi v\u00e1s\u00e1rl\u00f3i aj\u00e1nl\u00e1sok: <strong>Igen,<\/strong> Rengeteg pozit\u00edv v\u00e1s\u00e1rl\u00f3i v\u00e9lem\u00e9ny tal\u00e1lhat\u00f3 az oldalon.<\/li>\n<\/ol>\n<div itemprop=\"reviewRating\" itemscope itemtype=\"http:\/\/schema.org\/Rating\"><meta itemprop=\"worstRating\" content = \"0\" \/><meta itemprop=\"bestRating\" content=\"5\" \/><meta itemprop=\"ratingValue\" content=\"4\"><\/div>\n<p><strong>\u00c1ltal\u00e1nos pontsz\u00e1m: 4\/5<\/strong><br \/>\n<strong>Fel\u00fclvizsg\u00e1lat d\u00e1tuma:<\/strong> <span itemprop=\"datePublished\" content=\"2016-09-23\">23\/09\/16<\/span>\n<\/div>\n<p>Tov\u00e1bbi inform\u00e1ci\u00f3 <a href=\"https:\/\/moverdb.com\/hu\/nemzetkozi-koltoztetes\/\">k\u00f6lt\u00f6ztet\u0151 c\u00e9gek<\/a> \u00e9s a mi <a href=\"https:\/\/moverdb.com\/hu\/ertekelesek\/\">fel\u00fclvizsg\u00e1lati folyamat<\/a>.<\/p>\n<p><strong>Weboldal:<\/strong> <a href=\"http:\/\/www.imoveintl.com\/\" target=\"_blank\" rel=\"noopener\">http:\/\/www.imoveintl.com\/<\/a><\/p>","protected":false},"excerpt":{"rendered":"<p>IMove International is based in Surrey. It offers its customers a range of services to assist with their move abroad. These are listed below, together with a company profile and reviews. International Removals Personal move coordinator Door to door Door to port Air, sea or road Company relocations Motor vehicles Full packing service Self-packing Fragile [&hellip;]<\/p>\n","protected":false},"author":1,"featured_media":0,"parent":0,"menu_order":0,"comment_status":"closed","ping_status":"closed","template":"","meta":{"_genesis_hide_title":false,"_genesis_hide_breadcrumbs":false,"_genesis_hide_singular_image":false,"_genesis_hide_footer_widgets":false,"_genesis_custom_body_class":"","_genesis_custom_post_class":"","_genesis_layout":"","footnotes":""},"class_list":{"0":"post-927","1":"page","2":"type-page","3":"status-publish","5":"entry"},"_links":{"self":[{"href":"https:\/\/moverdb.com\/hu\/wp-json\/wp\/v2\/pages\/927","targetHints":{"allow":["GET"]}}],"collection":[{"href":"https:\/\/moverdb.com\/hu\/wp-json\/wp\/v2\/pages"}],"about":[{"href":"https:\/\/moverdb.com\/hu\/wp-json\/wp\/v2\/types\/page"}],"author":[{"embeddable":true,"href":"https:\/\/moverdb.com\/hu\/wp-json\/wp\/v2\/users\/1"}],"replies":[{"embeddable":true,"href":"https:\/\/moverdb.com\/hu\/wp-json\/wp\/v2\/comments?post=927"}],"version-history":[{"count":6,"href":"https:\/\/moverdb.com\/hu\/wp-json\/wp\/v2\/pages\/927\/revisions"}],"predecessor-version":[{"id":13160,"href":"https:\/\/moverdb.com\/hu\/wp-json\/wp\/v2\/pages\/927\/revisions\/13160"}],"wp:attachment":[{"href":"https:\/\/moverdb.com\/hu\/wp-json\/wp\/v2\/media?parent=927"}],"curies":[{"name":"wp","href":"https:\/\/api.w.org\/{rel}","templated":true}]}}